{"id":1260065459,"date":"2024-12-02T08:43:58","date_gmt":"2024-12-02T08:43:58","guid":{"rendered":"https:\/\/dev.myindustrial.eu\/shop\/be-kategorijos\/bolted-joint-monitoring-system\/"},"modified":"2025-02-04T15:36:00","modified_gmt":"2025-02-04T15:36:00","slug":"bolted-joint-monitoring-system","status":"publish","type":"product","link":"https:\/\/dev.myindustrial.eu\/lt\/shop\/varztiniu-jungciu-stebejimo-sistema\/bolted-joint-monitoring-system\/","title":{"rendered":"Srieginio sujungimo steb\u0117jimo sistema"},"content":{"rendered":"<p><span style=\"font-weight: 400;\"><b>APRA\u0160YMAS<\/b><\/span><\/p>\n<p><b>Problemos su var\u017etais<\/b><\/p>\n<p><span style=\"font-weight: 400;\">Var\u017etai gali sukelti \u012fvairi\u0173 problem\u0173, kurias steb\u0117jimo sistema gali aptikti ir apie jas prane\u0161ti.<\/span><\/p>\n<ul>\n<li style=\"font-weight: 400;\" aria-level=\"1\"><b>Per didelis priver\u017eimas<\/b><span style=\"font-weight: 400;\"><br \/>\n<\/span><span style=\"font-weight: 400;\">Var\u017etas yra per daug apkrautas ir gali l\u016b\u017eti.<\/span><\/li>\n<li style=\"font-weight: 400;\" aria-level=\"1\"><b>Nepakankamas priver\u017eimas<\/b><span style=\"font-weight: 400;\"><br \/>\n<\/span><span style=\"font-weight: 400;\">Var\u017etas per laisvai pritvirtintas ir negali atlaikyti numatytos apkrovos.<\/span><\/li>\n<li style=\"font-weight: 400;\" aria-level=\"1\"><b>Korozija<\/b><span style=\"font-weight: 400;\"><br \/>\n<\/span><span style=\"font-weight: 400;\">Sukelia mikroskopinius \u012ftr\u016bkimus, kurie galiausiai sukelia l\u016b\u017eim\u0105.<\/span><\/li>\n<li style=\"font-weight: 400;\" aria-level=\"1\"><b>Praleid\u017eiantys tarpikliai<\/b><span style=\"font-weight: 400;\"><br \/>\n<\/span><span style=\"font-weight: 400;\">Jei var\u017etai, laikantys tarpikl\u012f, n\u0117ra tolygiai apkrauti, tarpiklis prad\u0117s leisti skys\u010dius.<\/span><\/li>\n<li style=\"font-weight: 400;\" aria-level=\"1\"><b>Nuovargis<\/b><span style=\"font-weight: 400;\"><br \/>\n<\/span><span style=\"font-weight: 400;\">Per didel\u0117s ciklin\u0117s apkrovos sukelia nuovarg\u012f ir var\u017etas l\u016b\u017eta.<\/span><\/li>\n<li style=\"font-weight: 400;\" aria-level=\"1\"><b>Vibracijos<\/b><span style=\"font-weight: 400;\"><br \/>\n<\/span><span style=\"font-weight: 400;\">Palaipsniui atlaisvina var\u017et\u0105, o tai sukelia gedim\u0105.<\/span><\/li>\n<li style=\"font-weight: 400;\" aria-level=\"1\"><b>Temperat\u016bros poveikis<\/b><span style=\"font-weight: 400;\"><br \/>\n<\/span><span style=\"font-weight: 400;\">Temperat\u016bros svyravimai sukelia med\u017eiag\u0173 pl\u0117tim\u0105si ir susitraukim\u0105, kas veikia var\u017et\u0173 veikim\u0105.<\/span><\/li>\n<li style=\"font-weight: 400;\" aria-level=\"1\"><b>Nesuderinamumas<\/b><span style=\"font-weight: 400;\"><br \/>\n<\/span><span style=\"font-weight: 400;\">Nelygiai priver\u017eti var\u017etai gali sukelti nesuderinamum\u0105 ir (arba) \u012ftampos koncentracij\u0105 komponentuose.<\/span><\/li>\n<li style=\"font-weight: 400;\" aria-level=\"1\"><b>Sriegio pa\u017eeidimai<\/b><span style=\"font-weight: 400;\"><br \/>\n<\/span><span style=\"font-weight: 400;\">Suma\u017eina var\u017eto laikom\u0105j\u0105 gali\u0105, tod\u0117l jis negali atlaikyti numatytos apkrovos.<\/span><\/li>\n<li style=\"font-weight: 400;\" aria-level=\"1\"><b>Nepakankama i\u0161ankstin\u0117 apkrova<\/b><span style=\"font-weight: 400;\"><br \/>\n<\/span><span style=\"font-weight: 400;\">Var\u017etas nesugeba atlaikyti darbo apkrovos, kuriai jis skirtas, ir sulau\u017eyti.<\/span><\/li>\n<\/ul>\n<p><iframe title=\"YouTube video player\" src=\"https:\/\/www.youtube.com\/embed\/DtMaWPHOU8Q?si=6B1N4op0o3gBOpO8\" width=\"560\" height=\"315\" frameborder=\"0\" allowfullscreen=\"allowfullscreen\"><\/iframe><\/p>\n","protected":false},"excerpt":{"rendered":"<p><b>Srieginio sujungimo steb\u0117jimo sistema<\/b><\/p>\n<p><b>Veikimo principas<\/b><span style=\"font-weight: 400;\"><br \/>\n<\/span><span style=\"font-weight: 400;\">I\u0161manieji var\u017etai arba jutikli\u0173 var\u017etai (sraigtai) su \u012fmontuotais LED optoelektroniniais jutikliais, kurie per mar\u0161rutizatori\u0173 bendrauja su analiz\u0117s programine \u012franga. Sistema leid\u017eia steb\u0117ti realiuoju laiku ir gauti \u012fsp\u0117jimus, kad b\u016bt\u0173 i\u0161vengta netik\u0117t\u0173 gamybos sustabdym\u0173 ir u\u017etikrintas veikimo patikimumas.<\/span><\/p>\n<p><b>Nuotolinis \u012ftempimo steb\u0117jimas<\/b><span style=\"font-weight: 400;\"><br \/>\n<\/span><span style=\"font-weight: 400;\">Atrodo paprasta priver\u017eti var\u017et\u0105 tam tikru sukimo momentu, kad b\u016bt\u0173 pasiektas reikiamas \u012ftempimas. Ta\u010diau yra keli veiksniai, galintys paveikti rezultat\u0105. K\u0105 \u0161i ne\u017einomyb\u0117 rei\u0161kia saugumui ir patikimumui, ir kaip \u017einoti, kad var\u017etas pakankamai priver\u017etas? Srieginio sujungimo steb\u0117jimo sistema padeda rasti atsakymus \u012f \u0161iuos klausimus.<\/span><\/p>\n<p><b>Srieginio sujungimo steb\u0117jimo sistema susideda i\u0161 3 element\u0173:<\/b><\/p>\n<ul>\n<li style=\"font-weight: 400;\" aria-level=\"1\"><span style=\"font-weight: 400;\">var\u017etas su LED jutikliais (fotodiodai, temperat\u016bros\/magnetiniai jutikliai)\u00a0<\/span><\/li>\n<li style=\"font-weight: 400;\" aria-level=\"1\"><span style=\"font-weight: 400;\">mar\u0161rutizatorius\u00a0<\/span><\/li>\n<li style=\"font-weight: 400;\" aria-level=\"1\"><span style=\"font-weight: 400;\">analiz\u0117s programin\u0117 \u012franga<\/span><\/li>\n<\/ul>\n<p><b>I\u0161manioji steb\u0117jimo sistema gali b\u016bti taikoma daugelyje pramon\u0117s sri\u010di\u0173<\/b><span style=\"font-weight: 400;\"><br \/>\n<\/span><span style=\"font-weight: 400;\">Tokiose kaip gamyba, energetika, transportas ar statyba, \u0161i technologija skirta pagerinti operacij\u0173 efektyvum\u0105 ir patikimum\u0105.<\/span><\/p>\n<ul>\n<li style=\"font-weight: 400;\" aria-level=\"1\"><span style=\"font-weight: 400;\">Naftos ir duj\u0173 pramon\u0117<\/span><\/li>\n<li style=\"font-weight: 400;\" aria-level=\"1\"><span style=\"font-weight: 400;\">Elektros energijos gamyba\u00a0<\/span><\/li>\n<li style=\"font-weight: 400;\" aria-level=\"1\"><span style=\"font-weight: 400;\">Statyba ir infrastrukt\u016bra\u00a0<\/span><\/li>\n<li style=\"font-weight: 400;\" aria-level=\"1\"><span style=\"font-weight: 400;\">Kasyba \/ med\u017eiag\u0173 tvarkymas\u00a0<\/span><\/li>\n<li style=\"font-weight: 400;\" aria-level=\"1\"><span style=\"font-weight: 400;\">Gamyba ir sunki pramon\u0117\u00a0<\/span><\/li>\n<li style=\"font-weight: 400;\" aria-level=\"1\"><span style=\"font-weight: 400;\">Metalo pramon\u0117\u00a0<\/span><\/li>\n<li style=\"font-weight: 400;\" aria-level=\"1\"><span style=\"font-weight: 400;\">Gele\u017einkelio technologijos\u00a0<\/span><\/li>\n<li style=\"font-weight: 400;\" aria-level=\"1\"><span style=\"font-weight: 400;\">J\u016br\u0173 pramon\u0117 \/ laivyba<\/span><\/li>\n<\/ul>\n<p><b>Sukurta standartiniams var\u017etams<\/b><span style=\"font-weight: 400;\">\u00a0<\/span><\/p>\n<ul>\n<li style=\"font-weight: 400;\" aria-level=\"1\"><span style=\"font-weight: 400;\">Var\u017et\u0173 dyd\u017eiai nuo M10 iki M27\u00a0<\/span><\/li>\n<li style=\"font-weight: 400;\" aria-level=\"1\"><span style=\"font-weight: 400;\">Standartiniai ISO 4014 \/ 4017 var\u017etai\u00a0<\/span><\/li>\n<li style=\"font-weight: 400;\" aria-level=\"1\"><span style=\"font-weight: 400;\">8.8, 10.9 ir 12.9 stiprumo klas\u0117s\u00a0<\/span><\/li>\n<li style=\"font-weight: 400;\" aria-level=\"1\"><span style=\"font-weight: 400;\">88 ir 109 klas\u0117s Bumax\u00ae, A4-70 ir A4-80\u00a0<\/span><\/li>\n<li style=\"font-weight: 400;\" aria-level=\"1\"><span style=\"font-weight: 400;\">Ner\u016bdijantis plienas, anglinis plienas, egzotiniai lydiniai<\/span><\/li>\n<\/ul>\n<p><b>Mar\u0161rutizatoriai ir koncentratori\u0173 kortel\u0117s<\/b><\/p>\n<ul>\n<li style=\"font-weight: 400;\" aria-level=\"1\"><span style=\"font-weight: 400;\">Stabilus ry\u0161ys iki 90 metr\u0173<\/span><span style=\"font-weight: 400;\"><br \/>\n<\/span><span style=\"font-weight: 400;\">Tarp var\u017eto ir mar\u0161rutizatoriaus atviroje erdv\u0117je<\/span><span style=\"font-weight: 400;\"><br \/>\n<\/span><span style=\"font-weight: 400;\">(iki 500 m su antenomis ir stiprintuvais, priklausomai nuo betono konfig\u016bracijos)\u00a0<\/span><\/li>\n<li style=\"font-weight: 400;\" aria-level=\"1\"><span style=\"font-weight: 400;\">\u012evairios ry\u0161io galimyb\u0117s<\/span><span style=\"font-weight: 400;\"><br \/>\n<\/span><span style=\"font-weight: 400;\">Ethernet\/LAN, Wi-Fi, 4G LTE arba IoT skirtos SIM kortel\u0117s<\/span><\/li>\n<\/ul>\n<p><span style=\"font-weight: 400;\">MAA Intelengineering SIA atstovauja Strainlabs AB interesams Estijos, Latvijos ir Lietuvos rinkose.<\/span><\/p>\n<p>&nbsp;<\/p>\n","protected":false},"featured_media":1260064672,"template":"","meta":[],"product_brand":[],"product_cat":[1672],"product_tag":[],"class_list":{"0":"post-1260065459","1":"product","2":"type-product","3":"status-publish","4":"has-post-thumbnail","6":"product_cat-varztiniu-jungciu-stebejimo-sistema","8":"first","9":"instock","10":"shipping-taxable","11":"product-type-simple"},"yoast_head":"<!-- This site is optimized with the Yoast SEO plugin v27.1.1 - https:\/\/yoast.com\/product\/yoast-seo-wordpress\/ -->\n<title>Srieginio sujungimo steb\u0117jimo sistema - My industrial<\/title>\n<meta name=\"robots\" content=\"noindex, follow, max-snippet:-1, max-image-preview:large, max-video-preview:-1\" \/>\n<meta property=\"og:locale\" content=\"lt_LT\" \/>\n<meta property=\"og:type\" content=\"article\" \/>\n<meta property=\"og:title\" content=\"Srieginio sujungimo steb\u0117jimo sistema - My industrial\" \/>\n<meta property=\"og:description\" content=\"Srieginio sujungimo steb\u0117jimo sistema  Veikimo principas I\u0161manieji var\u017etai arba jutikli\u0173 var\u017etai (sraigtai) su \u012fmontuotais LED optoelektroniniais jutikliais, kurie per mar\u0161rutizatori\u0173 bendrauja su analiz\u0117s programine \u012franga. Sistema leid\u017eia steb\u0117ti realiuoju laiku ir gauti \u012fsp\u0117jimus, kad b\u016bt\u0173 i\u0161vengta netik\u0117t\u0173 gamybos sustabdym\u0173 ir u\u017etikrintas veikimo patikimumas.  Nuotolinis \u012ftempimo steb\u0117jimas Atrodo paprasta priver\u017eti var\u017et\u0105 tam tikru sukimo momentu, kad b\u016bt\u0173 pasiektas reikiamas \u012ftempimas. Ta\u010diau yra keli veiksniai, galintys paveikti rezultat\u0105. K\u0105 \u0161i ne\u017einomyb\u0117 rei\u0161kia saugumui ir patikimumui, ir kaip \u017einoti, kad var\u017etas pakankamai priver\u017etas? Srieginio sujungimo steb\u0117jimo sistema padeda rasti atsakymus \u012f \u0161iuos klausimus.  Srieginio sujungimo steb\u0117jimo sistema susideda i\u0161 3 element\u0173:   var\u017etas su LED jutikliais (fotodiodai, temperat\u016bros\/magnetiniai jutikliai)\u00a0  mar\u0161rutizatorius\u00a0  analiz\u0117s programin\u0117 \u012franga  I\u0161manioji steb\u0117jimo sistema gali b\u016bti taikoma daugelyje pramon\u0117s sri\u010di\u0173 Tokiose kaip gamyba, energetika, transportas ar statyba, \u0161i technologija skirta pagerinti operacij\u0173 efektyvum\u0105 ir patikimum\u0105.   Naftos ir duj\u0173 pramon\u0117  Elektros energijos gamyba\u00a0  Statyba ir infrastrukt\u016bra\u00a0  Kasyba \/ med\u017eiag\u0173 tvarkymas\u00a0  Gamyba ir sunki pramon\u0117\u00a0  Metalo pramon\u0117\u00a0  Gele\u017einkelio technologijos\u00a0  J\u016br\u0173 pramon\u0117 \/ laivyba  Sukurta standartiniams var\u017etams\u00a0   Var\u017et\u0173 dyd\u017eiai nuo M10 iki M27\u00a0  Standartiniai ISO 4014 \/ 4017 var\u017etai\u00a0  8.8, 10.9 ir 12.9 stiprumo klas\u0117s\u00a0  88 ir 109 klas\u0117s Bumax\u00ae, A4-70 ir A4-80\u00a0  Ner\u016bdijantis plienas, anglinis plienas, egzotiniai lydiniai  Mar\u0161rutizatoriai ir koncentratori\u0173 kortel\u0117s   Stabilus ry\u0161ys iki 90 metr\u0173 Tarp var\u017eto ir mar\u0161rutizatoriaus atviroje erdv\u0117je (iki 500 m su antenomis ir stiprintuvais, priklausomai nuo betono konfig\u016bracijos)\u00a0  \u012evairios ry\u0161io galimyb\u0117s Ethernet\/LAN, Wi-Fi, 4G LTE arba IoT skirtos SIM kortel\u0117s  MAA Intelengineering SIA atstovauja Strainlabs AB interesams Estijos, Latvijos ir Lietuvos rinkose.  &nbsp;\" \/>\n<meta property=\"og:url\" content=\"https:\/\/dev.myindustrial.eu\/lt\/shop\/varztiniu-jungciu-stebejimo-sistema\/bolted-joint-monitoring-system\/\" \/>\n<meta property=\"og:site_name\" content=\"My industrial\" \/>\n<meta property=\"article:modified_time\" content=\"2025-02-04T15:36:00+00:00\" \/>\n<meta property=\"og:image\" content=\"https:\/\/dev.myindustrial.eu\/wp-content\/uploads\/2024\/12\/3d-skruv-cut-see-throuhg.webp\" \/>\n\t<meta property=\"og:image:width\" content=\"800\" \/>\n\t<meta property=\"og:image:height\" content=\"500\" \/>\n\t<meta property=\"og:image:type\" content=\"image\/webp\" \/>\n<meta name=\"twitter:card\" content=\"summary_large_image\" \/>\n<script type=\"application\/ld+json\" class=\"yoast-schema-graph\">{\"@context\":\"https:\/\/schema.org\",\"@graph\":[{\"@type\":\"WebPage\",\"@id\":\"https:\/\/dev.myindustrial.eu\/lt\/shop\/varztiniu-jungciu-stebejimo-sistema\/bolted-joint-monitoring-system\/\",\"url\":\"https:\/\/dev.myindustrial.eu\/lt\/shop\/varztiniu-jungciu-stebejimo-sistema\/bolted-joint-monitoring-system\/\",\"name\":\"Srieginio sujungimo steb\u0117jimo sistema - My industrial\",\"isPartOf\":{\"@id\":\"https:\/\/dev.myindustrial.eu\/lt\/#website\"},\"primaryImageOfPage\":{\"@id\":\"https:\/\/dev.myindustrial.eu\/lt\/shop\/varztiniu-jungciu-stebejimo-sistema\/bolted-joint-monitoring-system\/#primaryimage\"},\"image\":{\"@id\":\"https:\/\/dev.myindustrial.eu\/lt\/shop\/varztiniu-jungciu-stebejimo-sistema\/bolted-joint-monitoring-system\/#primaryimage\"},\"thumbnailUrl\":\"https:\/\/dev.myindustrial.eu\/wp-content\/uploads\/2024\/12\/3d-skruv-cut-see-throuhg.webp\",\"datePublished\":\"2024-12-02T08:43:58+00:00\",\"dateModified\":\"2025-02-04T15:36:00+00:00\",\"breadcrumb\":{\"@id\":\"https:\/\/dev.myindustrial.eu\/lt\/shop\/varztiniu-jungciu-stebejimo-sistema\/bolted-joint-monitoring-system\/#breadcrumb\"},\"inLanguage\":\"lt-LT\",\"potentialAction\":[{\"@type\":\"ReadAction\",\"target\":[\"https:\/\/dev.myindustrial.eu\/lt\/shop\/varztiniu-jungciu-stebejimo-sistema\/bolted-joint-monitoring-system\/\"]}]},{\"@type\":\"ImageObject\",\"inLanguage\":\"lt-LT\",\"@id\":\"https:\/\/dev.myindustrial.eu\/lt\/shop\/varztiniu-jungciu-stebejimo-sistema\/bolted-joint-monitoring-system\/#primaryimage\",\"url\":\"https:\/\/dev.myindustrial.eu\/wp-content\/uploads\/2024\/12\/3d-skruv-cut-see-throuhg.webp\",\"contentUrl\":\"https:\/\/dev.myindustrial.eu\/wp-content\/uploads\/2024\/12\/3d-skruv-cut-see-throuhg.webp\",\"width\":800,\"height\":500},{\"@type\":\"BreadcrumbList\",\"@id\":\"https:\/\/dev.myindustrial.eu\/lt\/shop\/varztiniu-jungciu-stebejimo-sistema\/bolted-joint-monitoring-system\/#breadcrumb\",\"itemListElement\":[{\"@type\":\"ListItem\",\"position\":1,\"name\":\"Home\",\"item\":\"https:\/\/dev.myindustrial.eu\/lt\/\"},{\"@type\":\"ListItem\",\"position\":2,\"name\":\"Products\",\"item\":\"https:\/\/dev.myindustrial.eu\/lt\/products\/\"},{\"@type\":\"ListItem\",\"position\":3,\"name\":\"Srieginio sujungimo steb\u0117jimo sistema\"}]},{\"@type\":\"WebSite\",\"@id\":\"https:\/\/dev.myindustrial.eu\/lt\/#website\",\"url\":\"https:\/\/dev.myindustrial.eu\/lt\/\",\"name\":\"My industrial\",\"description\":\"\",\"potentialAction\":[{\"@type\":\"SearchAction\",\"target\":{\"@type\":\"EntryPoint\",\"urlTemplate\":\"https:\/\/dev.myindustrial.eu\/lt\/?s={search_term_string}\"},\"query-input\":{\"@type\":\"PropertyValueSpecification\",\"valueRequired\":true,\"valueName\":\"search_term_string\"}}],\"inLanguage\":\"lt-LT\"}]}<\/script>\n<!-- \/ Yoast SEO plugin. -->","yoast_head_json":{"title":"Srieginio sujungimo steb\u0117jimo sistema - My industrial","robots":{"index":"noindex","follow":"follow","max-snippet":"max-snippet:-1","max-image-preview":"max-image-preview:large","max-video-preview":"max-video-preview:-1"},"og_locale":"lt_LT","og_type":"article","og_title":"Srieginio sujungimo steb\u0117jimo sistema - My industrial","og_description":"Srieginio sujungimo steb\u0117jimo sistema  Veikimo principas I\u0161manieji var\u017etai arba jutikli\u0173 var\u017etai (sraigtai) su \u012fmontuotais LED optoelektroniniais jutikliais, kurie per mar\u0161rutizatori\u0173 bendrauja su analiz\u0117s programine \u012franga. Sistema leid\u017eia steb\u0117ti realiuoju laiku ir gauti \u012fsp\u0117jimus, kad b\u016bt\u0173 i\u0161vengta netik\u0117t\u0173 gamybos sustabdym\u0173 ir u\u017etikrintas veikimo patikimumas.  Nuotolinis \u012ftempimo steb\u0117jimas Atrodo paprasta priver\u017eti var\u017et\u0105 tam tikru sukimo momentu, kad b\u016bt\u0173 pasiektas reikiamas \u012ftempimas. Ta\u010diau yra keli veiksniai, galintys paveikti rezultat\u0105. K\u0105 \u0161i ne\u017einomyb\u0117 rei\u0161kia saugumui ir patikimumui, ir kaip \u017einoti, kad var\u017etas pakankamai priver\u017etas? Srieginio sujungimo steb\u0117jimo sistema padeda rasti atsakymus \u012f \u0161iuos klausimus.  Srieginio sujungimo steb\u0117jimo sistema susideda i\u0161 3 element\u0173:   var\u017etas su LED jutikliais (fotodiodai, temperat\u016bros\/magnetiniai jutikliai)\u00a0  mar\u0161rutizatorius\u00a0  analiz\u0117s programin\u0117 \u012franga  I\u0161manioji steb\u0117jimo sistema gali b\u016bti taikoma daugelyje pramon\u0117s sri\u010di\u0173 Tokiose kaip gamyba, energetika, transportas ar statyba, \u0161i technologija skirta pagerinti operacij\u0173 efektyvum\u0105 ir patikimum\u0105.   Naftos ir duj\u0173 pramon\u0117  Elektros energijos gamyba\u00a0  Statyba ir infrastrukt\u016bra\u00a0  Kasyba \/ med\u017eiag\u0173 tvarkymas\u00a0  Gamyba ir sunki pramon\u0117\u00a0  Metalo pramon\u0117\u00a0  Gele\u017einkelio technologijos\u00a0  J\u016br\u0173 pramon\u0117 \/ laivyba  Sukurta standartiniams var\u017etams\u00a0   Var\u017et\u0173 dyd\u017eiai nuo M10 iki M27\u00a0  Standartiniai ISO 4014 \/ 4017 var\u017etai\u00a0  8.8, 10.9 ir 12.9 stiprumo klas\u0117s\u00a0  88 ir 109 klas\u0117s Bumax\u00ae, A4-70 ir A4-80\u00a0  Ner\u016bdijantis plienas, anglinis plienas, egzotiniai lydiniai  Mar\u0161rutizatoriai ir koncentratori\u0173 kortel\u0117s   Stabilus ry\u0161ys iki 90 metr\u0173 Tarp var\u017eto ir mar\u0161rutizatoriaus atviroje erdv\u0117je (iki 500 m su antenomis ir stiprintuvais, priklausomai nuo betono konfig\u016bracijos)\u00a0  \u012evairios ry\u0161io galimyb\u0117s Ethernet\/LAN, Wi-Fi, 4G LTE arba IoT skirtos SIM kortel\u0117s  MAA Intelengineering SIA atstovauja Strainlabs AB interesams Estijos, Latvijos ir Lietuvos rinkose.  &nbsp;","og_url":"https:\/\/dev.myindustrial.eu\/lt\/shop\/varztiniu-jungciu-stebejimo-sistema\/bolted-joint-monitoring-system\/","og_site_name":"My industrial","article_modified_time":"2025-02-04T15:36:00+00:00","og_image":[{"width":800,"height":500,"url":"https:\/\/dev.myindustrial.eu\/wp-content\/uploads\/2024\/12\/3d-skruv-cut-see-throuhg.webp","type":"image\/webp"}],"twitter_card":"summary_large_image","schema":{"@context":"https:\/\/schema.org","@graph":[{"@type":"WebPage","@id":"https:\/\/dev.myindustrial.eu\/lt\/shop\/varztiniu-jungciu-stebejimo-sistema\/bolted-joint-monitoring-system\/","url":"https:\/\/dev.myindustrial.eu\/lt\/shop\/varztiniu-jungciu-stebejimo-sistema\/bolted-joint-monitoring-system\/","name":"Srieginio sujungimo steb\u0117jimo sistema - My industrial","isPartOf":{"@id":"https:\/\/dev.myindustrial.eu\/lt\/#website"},"primaryImageOfPage":{"@id":"https:\/\/dev.myindustrial.eu\/lt\/shop\/varztiniu-jungciu-stebejimo-sistema\/bolted-joint-monitoring-system\/#primaryimage"},"image":{"@id":"https:\/\/dev.myindustrial.eu\/lt\/shop\/varztiniu-jungciu-stebejimo-sistema\/bolted-joint-monitoring-system\/#primaryimage"},"thumbnailUrl":"https:\/\/dev.myindustrial.eu\/wp-content\/uploads\/2024\/12\/3d-skruv-cut-see-throuhg.webp","datePublished":"2024-12-02T08:43:58+00:00","dateModified":"2025-02-04T15:36:00+00:00","breadcrumb":{"@id":"https:\/\/dev.myindustrial.eu\/lt\/shop\/varztiniu-jungciu-stebejimo-sistema\/bolted-joint-monitoring-system\/#breadcrumb"},"inLanguage":"lt-LT","potentialAction":[{"@type":"ReadAction","target":["https:\/\/dev.myindustrial.eu\/lt\/shop\/varztiniu-jungciu-stebejimo-sistema\/bolted-joint-monitoring-system\/"]}]},{"@type":"ImageObject","inLanguage":"lt-LT","@id":"https:\/\/dev.myindustrial.eu\/lt\/shop\/varztiniu-jungciu-stebejimo-sistema\/bolted-joint-monitoring-system\/#primaryimage","url":"https:\/\/dev.myindustrial.eu\/wp-content\/uploads\/2024\/12\/3d-skruv-cut-see-throuhg.webp","contentUrl":"https:\/\/dev.myindustrial.eu\/wp-content\/uploads\/2024\/12\/3d-skruv-cut-see-throuhg.webp","width":800,"height":500},{"@type":"BreadcrumbList","@id":"https:\/\/dev.myindustrial.eu\/lt\/shop\/varztiniu-jungciu-stebejimo-sistema\/bolted-joint-monitoring-system\/#breadcrumb","itemListElement":[{"@type":"ListItem","position":1,"name":"Home","item":"https:\/\/dev.myindustrial.eu\/lt\/"},{"@type":"ListItem","position":2,"name":"Products","item":"https:\/\/dev.myindustrial.eu\/lt\/products\/"},{"@type":"ListItem","position":3,"name":"Srieginio sujungimo steb\u0117jimo sistema"}]},{"@type":"WebSite","@id":"https:\/\/dev.myindustrial.eu\/lt\/#website","url":"https:\/\/dev.myindustrial.eu\/lt\/","name":"My industrial","description":"","potentialAction":[{"@type":"SearchAction","target":{"@type":"EntryPoint","urlTemplate":"https:\/\/dev.myindustrial.eu\/lt\/?s={search_term_string}"},"query-input":{"@type":"PropertyValueSpecification","valueRequired":true,"valueName":"search_term_string"}}],"inLanguage":"lt-LT"}]}},"_links":{"self":[{"href":"https:\/\/dev.myindustrial.eu\/lt\/wp-json\/wp\/v2\/product\/1260065459","targetHints":{"allow":["GET"]}}],"collection":[{"href":"https:\/\/dev.myindustrial.eu\/lt\/wp-json\/wp\/v2\/product"}],"about":[{"href":"https:\/\/dev.myindustrial.eu\/lt\/wp-json\/wp\/v2\/types\/product"}],"version-history":[{"count":1,"href":"https:\/\/dev.myindustrial.eu\/lt\/wp-json\/wp\/v2\/product\/1260065459\/revisions"}],"predecessor-version":[{"id":1260065460,"href":"https:\/\/dev.myindustrial.eu\/lt\/wp-json\/wp\/v2\/product\/1260065459\/revisions\/1260065460"}],"wp:featuredmedia":[{"embeddable":true,"href":"https:\/\/dev.myindustrial.eu\/lt\/wp-json\/wp\/v2\/media\/1260064672"}],"wp:attachment":[{"href":"https:\/\/dev.myindustrial.eu\/lt\/wp-json\/wp\/v2\/media?parent=1260065459"}],"wp:term":[{"taxonomy":"product_brand","embeddable":true,"href":"https:\/\/dev.myindustrial.eu\/lt\/wp-json\/wp\/v2\/product_brand?post=1260065459"},{"taxonomy":"product_cat","embeddable":true,"href":"https:\/\/dev.myindustrial.eu\/lt\/wp-json\/wp\/v2\/product_cat?post=1260065459"},{"taxonomy":"product_tag","embeddable":true,"href":"https:\/\/dev.myindustrial.eu\/lt\/wp-json\/wp\/v2\/product_tag?post=1260065459"}],"curies":[{"name":"wp","href":"https:\/\/api.w.org\/{rel}","templated":true}]}}