{"id":1260065467,"date":"2024-12-02T09:28:50","date_gmt":"2024-12-02T09:28:50","guid":{"rendered":"https:\/\/dev.myindustrial.eu\/shop\/be-kategorijos\/bogie-systems-technology\/"},"modified":"2024-12-23T21:07:20","modified_gmt":"2024-12-23T21:07:20","slug":"bogie-systems-technology","status":"publish","type":"product","link":"https:\/\/dev.myindustrial.eu\/lt\/shop\/pramonines-stabdziu-sistemos-ir-pavaru-sustabdymo-komponentai\/vaziuokles-sistemu-technologija\/bogie-systems-technology\/","title":{"rendered":"Va\u017eiuokl\u0117s sistem\u0173 technologija"},"content":{"rendered":"","protected":false},"excerpt":{"rendered":"<p><b>Krano ve\u017eim\u0117liai<\/b><\/p>\n<p><b>MAA intelengineering SIA<\/b><span style=\"font-weight: 400;\"> projektuoja ir gamina individualias konstrukcijas, skirtas rat\u0173 atramoms, atsi\u017evelgiant \u012f klient\u0173 poreikius. Techninio biuro \u017einios ir efektyvumas leid\u017eia nuolat tobulinti atsparum\u0105 ir gerinti konstrukcines savybes, u\u017etikrinant auk\u0161t\u0105 produkto na\u0161um\u0105 ir ilgaam\u017ei\u0161kum\u0105.<\/span><\/p>\n<p><b>GAMYBOS PROCESAS<\/b><span style=\"font-weight: 400;\">\u00a0<\/span><\/p>\n<ul>\n<li style=\"font-weight: 400;\" aria-level=\"1\"><span style=\"font-weight: 400;\">\u017daliav\u0173 \u012fsigijimas\u00a0<\/span><\/li>\n<li style=\"font-weight: 400;\" aria-level=\"1\"><span style=\"font-weight: 400;\">Preliminarus apdirbimas\u00a0<\/span><\/li>\n<li style=\"font-weight: 400;\" aria-level=\"1\"><span style=\"font-weight: 400;\">Terminis apdorojimas\u00a0<\/span><\/li>\n<li style=\"font-weight: 400;\" aria-level=\"1\"><span style=\"font-weight: 400;\">Galutinis \u0161lifavimas\u00a0<\/span><\/li>\n<li style=\"font-weight: 400;\" aria-level=\"1\"><span style=\"font-weight: 400;\">Kokyb\u0117s patikra<\/span><\/li>\n<\/ul>\n<p><b>Savyb\u0117s<\/b><span style=\"font-weight: 400;\">\u00a0<\/span><\/p>\n<p><span style=\"font-weight: 400;\">Nuolatiniai med\u017eiag\u0173 ir technologij\u0173 tyrimai, siekiant u\u017etikrinti ilgalaik\u012f gr\u016bdinim\u0105.\u00a0<\/span><\/p>\n<ul>\n<li style=\"font-weight: 400;\" aria-level=\"1\"><span style=\"font-weight: 400;\">Bendradarbiaujant su tyrim\u0173 centru, va\u017eiuokl\u0117s sistemos ir ratai yra vieninteliai, sertifikuoti pagal specifin\u0119 gr\u016bdinimo analiz\u0119.\u00a0<\/span><\/li>\n<li style=\"font-weight: 400;\" aria-level=\"1\"><span style=\"font-weight: 400;\">Va\u017eiuokl\u0117s sistemos ir ratai atitinka standartus, u\u017etikrinan\u010dius auk\u0161t\u0105 na\u0161um\u0105 ilgu laikotarpiu. Gr\u016bdinimas gali b\u016bti toliau pritaikytas pagal bet kokius kliento poreikius.\u00a0<\/span><\/li>\n<li style=\"font-weight: 400;\" aria-level=\"1\"><span style=\"font-weight: 400;\">Visos va\u017eiuokl\u0117s sistemos ir ratai pateikiami su sertifikuota gamyklos patikros ataskaita, metalo gr\u016bdinimo sertifikatu (net ir kiekvienam atskiram ratui) ir matmen\u0173 rezultat\u0173 ataskaita.<\/span><\/li>\n<\/ul>\n<p><b>Technin\u0117 nauda<\/b><span style=\"font-weight: 400;\"><br \/>\n<\/span><b>GR\u016aDINIMAS<\/b><span style=\"font-weight: 400;\"><br \/>\n<\/span><span style=\"font-weight: 400;\">Kiekvienos va\u017eiuokl\u0117s sistemos ir kiekvieno rato metalo ir gr\u016bdinimo procesas gali b\u016bti sertifikuotas naudojant neardom\u0105j\u012f bandymo metod\u0105, leid\u017eiant\u012f matuoti gr\u016bdinto sluoksnio gyl\u012f nepjaunant rato.<\/span><\/p>\n","protected":false},"featured_media":1260064729,"template":"","meta":[],"product_brand":[],"product_cat":[1677],"product_tag":[],"class_list":{"0":"post-1260065467","1":"product","2":"type-product","3":"status-publish","4":"has-post-thumbnail","6":"product_cat-vaziuokles-sistemu-technologija","8":"first","9":"instock","10":"shipping-taxable","11":"product-type-simple"},"yoast_head":"<!-- This site is optimized with the Yoast SEO plugin v27.1.1 - https:\/\/yoast.com\/product\/yoast-seo-wordpress\/ -->\n<title>Va\u017eiuokl\u0117s sistem\u0173 technologija - My industrial<\/title>\n<meta name=\"robots\" content=\"noindex, follow, max-snippet:-1, max-image-preview:large, max-video-preview:-1\" \/>\n<meta property=\"og:locale\" content=\"lt_LT\" \/>\n<meta property=\"og:type\" content=\"article\" \/>\n<meta property=\"og:title\" content=\"Va\u017eiuokl\u0117s sistem\u0173 technologija - My industrial\" \/>\n<meta property=\"og:description\" content=\"Krano ve\u017eim\u0117liai  MAA intelengineering SIA projektuoja ir gamina individualias konstrukcijas, skirtas rat\u0173 atramoms, atsi\u017evelgiant \u012f klient\u0173 poreikius. Techninio biuro \u017einios ir efektyvumas leid\u017eia nuolat tobulinti atsparum\u0105 ir gerinti konstrukcines savybes, u\u017etikrinant auk\u0161t\u0105 produkto na\u0161um\u0105 ir ilgaam\u017ei\u0161kum\u0105.  GAMYBOS PROCESAS\u00a0   \u017daliav\u0173 \u012fsigijimas\u00a0  Preliminarus apdirbimas\u00a0  Terminis apdorojimas\u00a0  Galutinis \u0161lifavimas\u00a0  Kokyb\u0117s patikra  Savyb\u0117s\u00a0  Nuolatiniai med\u017eiag\u0173 ir technologij\u0173 tyrimai, siekiant u\u017etikrinti ilgalaik\u012f gr\u016bdinim\u0105.\u00a0   Bendradarbiaujant su tyrim\u0173 centru, va\u017eiuokl\u0117s sistemos ir ratai yra vieninteliai, sertifikuoti pagal specifin\u0119 gr\u016bdinimo analiz\u0119.\u00a0  Va\u017eiuokl\u0117s sistemos ir ratai atitinka standartus, u\u017etikrinan\u010dius auk\u0161t\u0105 na\u0161um\u0105 ilgu laikotarpiu. Gr\u016bdinimas gali b\u016bti toliau pritaikytas pagal bet kokius kliento poreikius.\u00a0  Visos va\u017eiuokl\u0117s sistemos ir ratai pateikiami su sertifikuota gamyklos patikros ataskaita, metalo gr\u016bdinimo sertifikatu (net ir kiekvienam atskiram ratui) ir matmen\u0173 rezultat\u0173 ataskaita.  Technin\u0117 nauda GR\u016aDINIMAS Kiekvienos va\u017eiuokl\u0117s sistemos ir kiekvieno rato metalo ir gr\u016bdinimo procesas gali b\u016bti sertifikuotas naudojant neardom\u0105j\u012f bandymo metod\u0105, leid\u017eiant\u012f matuoti gr\u016bdinto sluoksnio gyl\u012f nepjaunant rato.\" \/>\n<meta property=\"og:url\" content=\"https:\/\/dev.myindustrial.eu\/lt\/shop\/pramonines-stabdziu-sistemos-ir-pavaru-sustabdymo-komponentai\/vaziuokles-sistemu-technologija\/bogie-systems-technology\/\" \/>\n<meta property=\"og:site_name\" content=\"My industrial\" \/>\n<meta property=\"article:modified_time\" content=\"2024-12-23T21:07:20+00:00\" \/>\n<meta property=\"og:image\" content=\"https:\/\/dev.myindustrial.eu\/wp-content\/uploads\/2024\/12\/boogie-rosso.webp\" \/>\n\t<meta property=\"og:image:width\" content=\"800\" \/>\n\t<meta property=\"og:image:height\" content=\"800\" \/>\n\t<meta property=\"og:image:type\" content=\"image\/webp\" \/>\n<meta name=\"twitter:card\" content=\"summary_large_image\" \/>\n<script type=\"application\/ld+json\" class=\"yoast-schema-graph\">{\"@context\":\"https:\/\/schema.org\",\"@graph\":[{\"@type\":\"WebPage\",\"@id\":\"https:\/\/dev.myindustrial.eu\/lt\/shop\/pramonines-stabdziu-sistemos-ir-pavaru-sustabdymo-komponentai\/vaziuokles-sistemu-technologija\/bogie-systems-technology\/\",\"url\":\"https:\/\/dev.myindustrial.eu\/lt\/shop\/pramonines-stabdziu-sistemos-ir-pavaru-sustabdymo-komponentai\/vaziuokles-sistemu-technologija\/bogie-systems-technology\/\",\"name\":\"Va\u017eiuokl\u0117s sistem\u0173 technologija - My industrial\",\"isPartOf\":{\"@id\":\"https:\/\/dev.myindustrial.eu\/lt\/#website\"},\"primaryImageOfPage\":{\"@id\":\"https:\/\/dev.myindustrial.eu\/lt\/shop\/pramonines-stabdziu-sistemos-ir-pavaru-sustabdymo-komponentai\/vaziuokles-sistemu-technologija\/bogie-systems-technology\/#primaryimage\"},\"image\":{\"@id\":\"https:\/\/dev.myindustrial.eu\/lt\/shop\/pramonines-stabdziu-sistemos-ir-pavaru-sustabdymo-komponentai\/vaziuokles-sistemu-technologija\/bogie-systems-technology\/#primaryimage\"},\"thumbnailUrl\":\"https:\/\/dev.myindustrial.eu\/wp-content\/uploads\/2024\/12\/boogie-rosso.webp\",\"datePublished\":\"2024-12-02T09:28:50+00:00\",\"dateModified\":\"2024-12-23T21:07:20+00:00\",\"breadcrumb\":{\"@id\":\"https:\/\/dev.myindustrial.eu\/lt\/shop\/pramonines-stabdziu-sistemos-ir-pavaru-sustabdymo-komponentai\/vaziuokles-sistemu-technologija\/bogie-systems-technology\/#breadcrumb\"},\"inLanguage\":\"lt-LT\",\"potentialAction\":[{\"@type\":\"ReadAction\",\"target\":[\"https:\/\/dev.myindustrial.eu\/lt\/shop\/pramonines-stabdziu-sistemos-ir-pavaru-sustabdymo-komponentai\/vaziuokles-sistemu-technologija\/bogie-systems-technology\/\"]}]},{\"@type\":\"ImageObject\",\"inLanguage\":\"lt-LT\",\"@id\":\"https:\/\/dev.myindustrial.eu\/lt\/shop\/pramonines-stabdziu-sistemos-ir-pavaru-sustabdymo-komponentai\/vaziuokles-sistemu-technologija\/bogie-systems-technology\/#primaryimage\",\"url\":\"https:\/\/dev.myindustrial.eu\/wp-content\/uploads\/2024\/12\/boogie-rosso.webp\",\"contentUrl\":\"https:\/\/dev.myindustrial.eu\/wp-content\/uploads\/2024\/12\/boogie-rosso.webp\",\"width\":800,\"height\":800},{\"@type\":\"BreadcrumbList\",\"@id\":\"https:\/\/dev.myindustrial.eu\/lt\/shop\/pramonines-stabdziu-sistemos-ir-pavaru-sustabdymo-komponentai\/vaziuokles-sistemu-technologija\/bogie-systems-technology\/#breadcrumb\",\"itemListElement\":[{\"@type\":\"ListItem\",\"position\":1,\"name\":\"Home\",\"item\":\"https:\/\/dev.myindustrial.eu\/lt\/\"},{\"@type\":\"ListItem\",\"position\":2,\"name\":\"Products\",\"item\":\"https:\/\/dev.myindustrial.eu\/lt\/products\/\"},{\"@type\":\"ListItem\",\"position\":3,\"name\":\"Va\u017eiuokl\u0117s sistem\u0173 technologija\"}]},{\"@type\":\"WebSite\",\"@id\":\"https:\/\/dev.myindustrial.eu\/lt\/#website\",\"url\":\"https:\/\/dev.myindustrial.eu\/lt\/\",\"name\":\"My industrial\",\"description\":\"\",\"potentialAction\":[{\"@type\":\"SearchAction\",\"target\":{\"@type\":\"EntryPoint\",\"urlTemplate\":\"https:\/\/dev.myindustrial.eu\/lt\/?s={search_term_string}\"},\"query-input\":{\"@type\":\"PropertyValueSpecification\",\"valueRequired\":true,\"valueName\":\"search_term_string\"}}],\"inLanguage\":\"lt-LT\"}]}<\/script>\n<!-- \/ Yoast SEO plugin. -->","yoast_head_json":{"title":"Va\u017eiuokl\u0117s sistem\u0173 technologija - My industrial","robots":{"index":"noindex","follow":"follow","max-snippet":"max-snippet:-1","max-image-preview":"max-image-preview:large","max-video-preview":"max-video-preview:-1"},"og_locale":"lt_LT","og_type":"article","og_title":"Va\u017eiuokl\u0117s sistem\u0173 technologija - My industrial","og_description":"Krano ve\u017eim\u0117liai  MAA intelengineering SIA projektuoja ir gamina individualias konstrukcijas, skirtas rat\u0173 atramoms, atsi\u017evelgiant \u012f klient\u0173 poreikius. Techninio biuro \u017einios ir efektyvumas leid\u017eia nuolat tobulinti atsparum\u0105 ir gerinti konstrukcines savybes, u\u017etikrinant auk\u0161t\u0105 produkto na\u0161um\u0105 ir ilgaam\u017ei\u0161kum\u0105.  GAMYBOS PROCESAS\u00a0   \u017daliav\u0173 \u012fsigijimas\u00a0  Preliminarus apdirbimas\u00a0  Terminis apdorojimas\u00a0  Galutinis \u0161lifavimas\u00a0  Kokyb\u0117s patikra  Savyb\u0117s\u00a0  Nuolatiniai med\u017eiag\u0173 ir technologij\u0173 tyrimai, siekiant u\u017etikrinti ilgalaik\u012f gr\u016bdinim\u0105.\u00a0   Bendradarbiaujant su tyrim\u0173 centru, va\u017eiuokl\u0117s sistemos ir ratai yra vieninteliai, sertifikuoti pagal specifin\u0119 gr\u016bdinimo analiz\u0119.\u00a0  Va\u017eiuokl\u0117s sistemos ir ratai atitinka standartus, u\u017etikrinan\u010dius auk\u0161t\u0105 na\u0161um\u0105 ilgu laikotarpiu. Gr\u016bdinimas gali b\u016bti toliau pritaikytas pagal bet kokius kliento poreikius.\u00a0  Visos va\u017eiuokl\u0117s sistemos ir ratai pateikiami su sertifikuota gamyklos patikros ataskaita, metalo gr\u016bdinimo sertifikatu (net ir kiekvienam atskiram ratui) ir matmen\u0173 rezultat\u0173 ataskaita.  Technin\u0117 nauda GR\u016aDINIMAS Kiekvienos va\u017eiuokl\u0117s sistemos ir kiekvieno rato metalo ir gr\u016bdinimo procesas gali b\u016bti sertifikuotas naudojant neardom\u0105j\u012f bandymo metod\u0105, leid\u017eiant\u012f matuoti gr\u016bdinto sluoksnio gyl\u012f nepjaunant rato.","og_url":"https:\/\/dev.myindustrial.eu\/lt\/shop\/pramonines-stabdziu-sistemos-ir-pavaru-sustabdymo-komponentai\/vaziuokles-sistemu-technologija\/bogie-systems-technology\/","og_site_name":"My industrial","article_modified_time":"2024-12-23T21:07:20+00:00","og_image":[{"width":800,"height":800,"url":"https:\/\/dev.myindustrial.eu\/wp-content\/uploads\/2024\/12\/boogie-rosso.webp","type":"image\/webp"}],"twitter_card":"summary_large_image","schema":{"@context":"https:\/\/schema.org","@graph":[{"@type":"WebPage","@id":"https:\/\/dev.myindustrial.eu\/lt\/shop\/pramonines-stabdziu-sistemos-ir-pavaru-sustabdymo-komponentai\/vaziuokles-sistemu-technologija\/bogie-systems-technology\/","url":"https:\/\/dev.myindustrial.eu\/lt\/shop\/pramonines-stabdziu-sistemos-ir-pavaru-sustabdymo-komponentai\/vaziuokles-sistemu-technologija\/bogie-systems-technology\/","name":"Va\u017eiuokl\u0117s sistem\u0173 technologija - My industrial","isPartOf":{"@id":"https:\/\/dev.myindustrial.eu\/lt\/#website"},"primaryImageOfPage":{"@id":"https:\/\/dev.myindustrial.eu\/lt\/shop\/pramonines-stabdziu-sistemos-ir-pavaru-sustabdymo-komponentai\/vaziuokles-sistemu-technologija\/bogie-systems-technology\/#primaryimage"},"image":{"@id":"https:\/\/dev.myindustrial.eu\/lt\/shop\/pramonines-stabdziu-sistemos-ir-pavaru-sustabdymo-komponentai\/vaziuokles-sistemu-technologija\/bogie-systems-technology\/#primaryimage"},"thumbnailUrl":"https:\/\/dev.myindustrial.eu\/wp-content\/uploads\/2024\/12\/boogie-rosso.webp","datePublished":"2024-12-02T09:28:50+00:00","dateModified":"2024-12-23T21:07:20+00:00","breadcrumb":{"@id":"https:\/\/dev.myindustrial.eu\/lt\/shop\/pramonines-stabdziu-sistemos-ir-pavaru-sustabdymo-komponentai\/vaziuokles-sistemu-technologija\/bogie-systems-technology\/#breadcrumb"},"inLanguage":"lt-LT","potentialAction":[{"@type":"ReadAction","target":["https:\/\/dev.myindustrial.eu\/lt\/shop\/pramonines-stabdziu-sistemos-ir-pavaru-sustabdymo-komponentai\/vaziuokles-sistemu-technologija\/bogie-systems-technology\/"]}]},{"@type":"ImageObject","inLanguage":"lt-LT","@id":"https:\/\/dev.myindustrial.eu\/lt\/shop\/pramonines-stabdziu-sistemos-ir-pavaru-sustabdymo-komponentai\/vaziuokles-sistemu-technologija\/bogie-systems-technology\/#primaryimage","url":"https:\/\/dev.myindustrial.eu\/wp-content\/uploads\/2024\/12\/boogie-rosso.webp","contentUrl":"https:\/\/dev.myindustrial.eu\/wp-content\/uploads\/2024\/12\/boogie-rosso.webp","width":800,"height":800},{"@type":"BreadcrumbList","@id":"https:\/\/dev.myindustrial.eu\/lt\/shop\/pramonines-stabdziu-sistemos-ir-pavaru-sustabdymo-komponentai\/vaziuokles-sistemu-technologija\/bogie-systems-technology\/#breadcrumb","itemListElement":[{"@type":"ListItem","position":1,"name":"Home","item":"https:\/\/dev.myindustrial.eu\/lt\/"},{"@type":"ListItem","position":2,"name":"Products","item":"https:\/\/dev.myindustrial.eu\/lt\/products\/"},{"@type":"ListItem","position":3,"name":"Va\u017eiuokl\u0117s sistem\u0173 technologija"}]},{"@type":"WebSite","@id":"https:\/\/dev.myindustrial.eu\/lt\/#website","url":"https:\/\/dev.myindustrial.eu\/lt\/","name":"My industrial","description":"","potentialAction":[{"@type":"SearchAction","target":{"@type":"EntryPoint","urlTemplate":"https:\/\/dev.myindustrial.eu\/lt\/?s={search_term_string}"},"query-input":{"@type":"PropertyValueSpecification","valueRequired":true,"valueName":"search_term_string"}}],"inLanguage":"lt-LT"}]}},"_links":{"self":[{"href":"https:\/\/dev.myindustrial.eu\/lt\/wp-json\/wp\/v2\/product\/1260065467","targetHints":{"allow":["GET"]}}],"collection":[{"href":"https:\/\/dev.myindustrial.eu\/lt\/wp-json\/wp\/v2\/product"}],"about":[{"href":"https:\/\/dev.myindustrial.eu\/lt\/wp-json\/wp\/v2\/types\/product"}],"version-history":[{"count":0,"href":"https:\/\/dev.myindustrial.eu\/lt\/wp-json\/wp\/v2\/product\/1260065467\/revisions"}],"wp:featuredmedia":[{"embeddable":true,"href":"https:\/\/dev.myindustrial.eu\/lt\/wp-json\/wp\/v2\/media\/1260064729"}],"wp:attachment":[{"href":"https:\/\/dev.myindustrial.eu\/lt\/wp-json\/wp\/v2\/media?parent=1260065467"}],"wp:term":[{"taxonomy":"product_brand","embeddable":true,"href":"https:\/\/dev.myindustrial.eu\/lt\/wp-json\/wp\/v2\/product_brand?post=1260065467"},{"taxonomy":"product_cat","embeddable":true,"href":"https:\/\/dev.myindustrial.eu\/lt\/wp-json\/wp\/v2\/product_cat?post=1260065467"},{"taxonomy":"product_tag","embeddable":true,"href":"https:\/\/dev.myindustrial.eu\/lt\/wp-json\/wp\/v2\/product_tag?post=1260065467"}],"curies":[{"name":"wp","href":"https:\/\/api.w.org\/{rel}","templated":true}]}}