{"id":1260065474,"date":"2024-12-02T09:35:05","date_gmt":"2024-12-02T09:35:05","guid":{"rendered":"https:\/\/dev.myindustrial.eu\/shop\/be-kategorijos\/industrial-brake-drum-with-hub\/"},"modified":"2024-12-23T21:22:06","modified_gmt":"2024-12-23T21:22:06","slug":"industrial-brake-drum-with-hub","status":"publish","type":"product","link":"https:\/\/dev.myindustrial.eu\/lt\/shop\/pramonines-stabdziu-sistemos-ir-pavaru-sustabdymo-komponentai\/stabdziu-priedai\/industrial-brake-drum-with-hub\/","title":{"rendered":"Pramoninis stabd\u017ei\u0173 b\u016bgnas su stebule"},"content":{"rendered":"","protected":false},"excerpt":{"rendered":"<p><span style=\"font-weight: 400;\">Pagamintas i\u0161 tvirto med\u017eiagos (rutulinis ketaus GGG 40 arba plienas)<\/span><span style=\"font-weight: 400;\"><br \/>\n<\/span><span style=\"font-weight: 400;\">Be disbalanso, kokyb\u0117 geresn\u0117 nei 6.3<\/span><span style=\"font-weight: 400;\"><br \/>\n<\/span><span style=\"font-weight: 400;\">Be susitraukimo por\u0173<\/span><span style=\"font-weight: 400;\"><br \/>\n<\/span><span style=\"font-weight: 400;\">Standartiniai dyd\u017eiai:<\/span><\/p>\n<ul>\n<li style=\"font-weight: 400;\" aria-level=\"1\"><span style=\"font-weight: 400;\">\u00d8 160 mm<\/span><\/li>\n<li style=\"font-weight: 400;\" aria-level=\"1\"><span style=\"font-weight: 400;\">\u00d8 200 mm<\/span><\/li>\n<li style=\"font-weight: 400;\" aria-level=\"1\"><span style=\"font-weight: 400;\">\u00d8 250 mm<\/span><\/li>\n<li style=\"font-weight: 400;\" aria-level=\"1\"><span style=\"font-weight: 400;\">\u00d8 315 mm<\/span><\/li>\n<li style=\"font-weight: 400;\" aria-level=\"1\"><span style=\"font-weight: 400;\">\u00d8 400 mm<\/span><\/li>\n<li style=\"font-weight: 400;\" aria-level=\"1\"><span style=\"font-weight: 400;\">\u00d8 500 mm<\/span><\/li>\n<li style=\"font-weight: 400;\" aria-level=\"1\"><span style=\"font-weight: 400;\">\u00d8 630 mm<\/span><\/li>\n<li style=\"font-weight: 400;\" aria-level=\"1\"><span style=\"font-weight: 400;\">\u00d8 710 mm<\/span><\/li>\n<li style=\"font-weight: 400;\" aria-level=\"1\"><span style=\"font-weight: 400;\">\u00d8 800 mm<\/span><\/li>\n<\/ul>\n<p><b>Savyb\u0117s:<\/b><\/p>\n<ul>\n<li style=\"font-weight: 400;\" aria-level=\"1\"><span style=\"font-weight: 400;\">Stipresnis stabd\u017ei\u0173 b\u016bgno ratlankis \/ i\u0161orinis pavir\u0161ius (standartas)<\/span><\/li>\n<li style=\"font-weight: 400;\" aria-level=\"1\"><span style=\"font-weight: 400;\">Avarinio stabdymo atveju b\u016bgnas gali sugerti daugiau energijos d\u0117l storesnio ratlankio<\/span><\/li>\n<\/ul>\n<p><b>Techniniai privalumai:<\/b><\/p>\n<ul>\n<li style=\"font-weight: 400;\" aria-level=\"1\"><span style=\"font-weight: 400;\">Stipresnis stabd\u017ei\u0173 b\u016bgno ratlankis \/ i\u0161orinis pavir\u0161ius<\/span><\/li>\n<li style=\"font-weight: 400;\" aria-level=\"1\"><span style=\"font-weight: 400;\">Suma\u017eintas veikimo triuk\u0161mas \/ girg\u017ed\u0117jimas<\/span><\/li>\n<li style=\"font-weight: 400;\" aria-level=\"1\"><span style=\"font-weight: 400;\">Be disbalanso, kokyb\u0117 geresn\u0117 nei 6.3<\/span><\/li>\n<\/ul>\n","protected":false},"featured_media":1260064751,"template":"","meta":[],"product_brand":[],"product_cat":[1680],"product_tag":[],"class_list":{"0":"post-1260065474","1":"product","2":"type-product","3":"status-publish","4":"has-post-thumbnail","6":"product_cat-stabdziu-priedai","8":"first","9":"instock","10":"shipping-taxable","11":"product-type-simple"},"yoast_head":"<!-- This site is optimized with the Yoast SEO plugin v27.1.1 - https:\/\/yoast.com\/product\/yoast-seo-wordpress\/ -->\n<title>Pramoninis stabd\u017ei\u0173 b\u016bgnas su stebule - My industrial<\/title>\n<meta name=\"robots\" content=\"noindex, follow, max-snippet:-1, max-image-preview:large, max-video-preview:-1\" \/>\n<meta property=\"og:locale\" content=\"lt_LT\" \/>\n<meta property=\"og:type\" content=\"article\" \/>\n<meta property=\"og:title\" content=\"Pramoninis stabd\u017ei\u0173 b\u016bgnas su stebule - My industrial\" \/>\n<meta property=\"og:description\" content=\"Pagamintas i\u0161 tvirto med\u017eiagos (rutulinis ketaus GGG 40 arba plienas) Be disbalanso, kokyb\u0117 geresn\u0117 nei 6.3 Be susitraukimo por\u0173 Standartiniai dyd\u017eiai:   \u00d8 160 mm  \u00d8 200 mm  \u00d8 250 mm  \u00d8 315 mm  \u00d8 400 mm  \u00d8 500 mm  \u00d8 630 mm  \u00d8 710 mm  \u00d8 800 mm  Savyb\u0117s:   Stipresnis stabd\u017ei\u0173 b\u016bgno ratlankis \/ i\u0161orinis pavir\u0161ius (standartas)  Avarinio stabdymo atveju b\u016bgnas gali sugerti daugiau energijos d\u0117l storesnio ratlankio  Techniniai privalumai:   Stipresnis stabd\u017ei\u0173 b\u016bgno ratlankis \/ i\u0161orinis pavir\u0161ius  Suma\u017eintas veikimo triuk\u0161mas \/ girg\u017ed\u0117jimas  Be disbalanso, kokyb\u0117 geresn\u0117 nei 6.3\" \/>\n<meta property=\"og:url\" content=\"https:\/\/dev.myindustrial.eu\/lt\/shop\/pramonines-stabdziu-sistemos-ir-pavaru-sustabdymo-komponentai\/stabdziu-priedai\/industrial-brake-drum-with-hub\/\" \/>\n<meta property=\"og:site_name\" content=\"My industrial\" \/>\n<meta property=\"article:modified_time\" content=\"2024-12-23T21:22:06+00:00\" \/>\n<meta property=\"og:image\" content=\"https:\/\/dev.myindustrial.eu\/wp-content\/uploads\/2024\/12\/bremstrommel-nabe.webp\" \/>\n\t<meta property=\"og:image:width\" content=\"464\" \/>\n\t<meta property=\"og:image:height\" content=\"481\" \/>\n\t<meta property=\"og:image:type\" content=\"image\/webp\" \/>\n<meta name=\"twitter:card\" content=\"summary_large_image\" \/>\n<script type=\"application\/ld+json\" class=\"yoast-schema-graph\">{\"@context\":\"https:\/\/schema.org\",\"@graph\":[{\"@type\":\"WebPage\",\"@id\":\"https:\/\/dev.myindustrial.eu\/lt\/shop\/pramonines-stabdziu-sistemos-ir-pavaru-sustabdymo-komponentai\/stabdziu-priedai\/industrial-brake-drum-with-hub\/\",\"url\":\"https:\/\/dev.myindustrial.eu\/lt\/shop\/pramonines-stabdziu-sistemos-ir-pavaru-sustabdymo-komponentai\/stabdziu-priedai\/industrial-brake-drum-with-hub\/\",\"name\":\"Pramoninis stabd\u017ei\u0173 b\u016bgnas su stebule - My industrial\",\"isPartOf\":{\"@id\":\"https:\/\/dev.myindustrial.eu\/lt\/#website\"},\"primaryImageOfPage\":{\"@id\":\"https:\/\/dev.myindustrial.eu\/lt\/shop\/pramonines-stabdziu-sistemos-ir-pavaru-sustabdymo-komponentai\/stabdziu-priedai\/industrial-brake-drum-with-hub\/#primaryimage\"},\"image\":{\"@id\":\"https:\/\/dev.myindustrial.eu\/lt\/shop\/pramonines-stabdziu-sistemos-ir-pavaru-sustabdymo-komponentai\/stabdziu-priedai\/industrial-brake-drum-with-hub\/#primaryimage\"},\"thumbnailUrl\":\"https:\/\/dev.myindustrial.eu\/wp-content\/uploads\/2024\/12\/bremstrommel-nabe.webp\",\"datePublished\":\"2024-12-02T09:35:05+00:00\",\"dateModified\":\"2024-12-23T21:22:06+00:00\",\"breadcrumb\":{\"@id\":\"https:\/\/dev.myindustrial.eu\/lt\/shop\/pramonines-stabdziu-sistemos-ir-pavaru-sustabdymo-komponentai\/stabdziu-priedai\/industrial-brake-drum-with-hub\/#breadcrumb\"},\"inLanguage\":\"lt-LT\",\"potentialAction\":[{\"@type\":\"ReadAction\",\"target\":[\"https:\/\/dev.myindustrial.eu\/lt\/shop\/pramonines-stabdziu-sistemos-ir-pavaru-sustabdymo-komponentai\/stabdziu-priedai\/industrial-brake-drum-with-hub\/\"]}]},{\"@type\":\"ImageObject\",\"inLanguage\":\"lt-LT\",\"@id\":\"https:\/\/dev.myindustrial.eu\/lt\/shop\/pramonines-stabdziu-sistemos-ir-pavaru-sustabdymo-komponentai\/stabdziu-priedai\/industrial-brake-drum-with-hub\/#primaryimage\",\"url\":\"https:\/\/dev.myindustrial.eu\/wp-content\/uploads\/2024\/12\/bremstrommel-nabe.webp\",\"contentUrl\":\"https:\/\/dev.myindustrial.eu\/wp-content\/uploads\/2024\/12\/bremstrommel-nabe.webp\",\"width\":464,\"height\":481},{\"@type\":\"BreadcrumbList\",\"@id\":\"https:\/\/dev.myindustrial.eu\/lt\/shop\/pramonines-stabdziu-sistemos-ir-pavaru-sustabdymo-komponentai\/stabdziu-priedai\/industrial-brake-drum-with-hub\/#breadcrumb\",\"itemListElement\":[{\"@type\":\"ListItem\",\"position\":1,\"name\":\"Home\",\"item\":\"https:\/\/dev.myindustrial.eu\/lt\/\"},{\"@type\":\"ListItem\",\"position\":2,\"name\":\"Products\",\"item\":\"https:\/\/dev.myindustrial.eu\/lt\/products\/\"},{\"@type\":\"ListItem\",\"position\":3,\"name\":\"Pramoninis stabd\u017ei\u0173 b\u016bgnas su stebule\"}]},{\"@type\":\"WebSite\",\"@id\":\"https:\/\/dev.myindustrial.eu\/lt\/#website\",\"url\":\"https:\/\/dev.myindustrial.eu\/lt\/\",\"name\":\"My industrial\",\"description\":\"\",\"potentialAction\":[{\"@type\":\"SearchAction\",\"target\":{\"@type\":\"EntryPoint\",\"urlTemplate\":\"https:\/\/dev.myindustrial.eu\/lt\/?s={search_term_string}\"},\"query-input\":{\"@type\":\"PropertyValueSpecification\",\"valueRequired\":true,\"valueName\":\"search_term_string\"}}],\"inLanguage\":\"lt-LT\"}]}<\/script>\n<!-- \/ Yoast SEO plugin. -->","yoast_head_json":{"title":"Pramoninis stabd\u017ei\u0173 b\u016bgnas su stebule - My industrial","robots":{"index":"noindex","follow":"follow","max-snippet":"max-snippet:-1","max-image-preview":"max-image-preview:large","max-video-preview":"max-video-preview:-1"},"og_locale":"lt_LT","og_type":"article","og_title":"Pramoninis stabd\u017ei\u0173 b\u016bgnas su stebule - My industrial","og_description":"Pagamintas i\u0161 tvirto med\u017eiagos (rutulinis ketaus GGG 40 arba plienas) Be disbalanso, kokyb\u0117 geresn\u0117 nei 6.3 Be susitraukimo por\u0173 Standartiniai dyd\u017eiai:   \u00d8 160 mm  \u00d8 200 mm  \u00d8 250 mm  \u00d8 315 mm  \u00d8 400 mm  \u00d8 500 mm  \u00d8 630 mm  \u00d8 710 mm  \u00d8 800 mm  Savyb\u0117s:   Stipresnis stabd\u017ei\u0173 b\u016bgno ratlankis \/ i\u0161orinis pavir\u0161ius (standartas)  Avarinio stabdymo atveju b\u016bgnas gali sugerti daugiau energijos d\u0117l storesnio ratlankio  Techniniai privalumai:   Stipresnis stabd\u017ei\u0173 b\u016bgno ratlankis \/ i\u0161orinis pavir\u0161ius  Suma\u017eintas veikimo triuk\u0161mas \/ girg\u017ed\u0117jimas  Be disbalanso, kokyb\u0117 geresn\u0117 nei 6.3","og_url":"https:\/\/dev.myindustrial.eu\/lt\/shop\/pramonines-stabdziu-sistemos-ir-pavaru-sustabdymo-komponentai\/stabdziu-priedai\/industrial-brake-drum-with-hub\/","og_site_name":"My industrial","article_modified_time":"2024-12-23T21:22:06+00:00","og_image":[{"width":464,"height":481,"url":"https:\/\/dev.myindustrial.eu\/wp-content\/uploads\/2024\/12\/bremstrommel-nabe.webp","type":"image\/webp"}],"twitter_card":"summary_large_image","schema":{"@context":"https:\/\/schema.org","@graph":[{"@type":"WebPage","@id":"https:\/\/dev.myindustrial.eu\/lt\/shop\/pramonines-stabdziu-sistemos-ir-pavaru-sustabdymo-komponentai\/stabdziu-priedai\/industrial-brake-drum-with-hub\/","url":"https:\/\/dev.myindustrial.eu\/lt\/shop\/pramonines-stabdziu-sistemos-ir-pavaru-sustabdymo-komponentai\/stabdziu-priedai\/industrial-brake-drum-with-hub\/","name":"Pramoninis stabd\u017ei\u0173 b\u016bgnas su stebule - My industrial","isPartOf":{"@id":"https:\/\/dev.myindustrial.eu\/lt\/#website"},"primaryImageOfPage":{"@id":"https:\/\/dev.myindustrial.eu\/lt\/shop\/pramonines-stabdziu-sistemos-ir-pavaru-sustabdymo-komponentai\/stabdziu-priedai\/industrial-brake-drum-with-hub\/#primaryimage"},"image":{"@id":"https:\/\/dev.myindustrial.eu\/lt\/shop\/pramonines-stabdziu-sistemos-ir-pavaru-sustabdymo-komponentai\/stabdziu-priedai\/industrial-brake-drum-with-hub\/#primaryimage"},"thumbnailUrl":"https:\/\/dev.myindustrial.eu\/wp-content\/uploads\/2024\/12\/bremstrommel-nabe.webp","datePublished":"2024-12-02T09:35:05+00:00","dateModified":"2024-12-23T21:22:06+00:00","breadcrumb":{"@id":"https:\/\/dev.myindustrial.eu\/lt\/shop\/pramonines-stabdziu-sistemos-ir-pavaru-sustabdymo-komponentai\/stabdziu-priedai\/industrial-brake-drum-with-hub\/#breadcrumb"},"inLanguage":"lt-LT","potentialAction":[{"@type":"ReadAction","target":["https:\/\/dev.myindustrial.eu\/lt\/shop\/pramonines-stabdziu-sistemos-ir-pavaru-sustabdymo-komponentai\/stabdziu-priedai\/industrial-brake-drum-with-hub\/"]}]},{"@type":"ImageObject","inLanguage":"lt-LT","@id":"https:\/\/dev.myindustrial.eu\/lt\/shop\/pramonines-stabdziu-sistemos-ir-pavaru-sustabdymo-komponentai\/stabdziu-priedai\/industrial-brake-drum-with-hub\/#primaryimage","url":"https:\/\/dev.myindustrial.eu\/wp-content\/uploads\/2024\/12\/bremstrommel-nabe.webp","contentUrl":"https:\/\/dev.myindustrial.eu\/wp-content\/uploads\/2024\/12\/bremstrommel-nabe.webp","width":464,"height":481},{"@type":"BreadcrumbList","@id":"https:\/\/dev.myindustrial.eu\/lt\/shop\/pramonines-stabdziu-sistemos-ir-pavaru-sustabdymo-komponentai\/stabdziu-priedai\/industrial-brake-drum-with-hub\/#breadcrumb","itemListElement":[{"@type":"ListItem","position":1,"name":"Home","item":"https:\/\/dev.myindustrial.eu\/lt\/"},{"@type":"ListItem","position":2,"name":"Products","item":"https:\/\/dev.myindustrial.eu\/lt\/products\/"},{"@type":"ListItem","position":3,"name":"Pramoninis stabd\u017ei\u0173 b\u016bgnas su stebule"}]},{"@type":"WebSite","@id":"https:\/\/dev.myindustrial.eu\/lt\/#website","url":"https:\/\/dev.myindustrial.eu\/lt\/","name":"My industrial","description":"","potentialAction":[{"@type":"SearchAction","target":{"@type":"EntryPoint","urlTemplate":"https:\/\/dev.myindustrial.eu\/lt\/?s={search_term_string}"},"query-input":{"@type":"PropertyValueSpecification","valueRequired":true,"valueName":"search_term_string"}}],"inLanguage":"lt-LT"}]}},"_links":{"self":[{"href":"https:\/\/dev.myindustrial.eu\/lt\/wp-json\/wp\/v2\/product\/1260065474","targetHints":{"allow":["GET"]}}],"collection":[{"href":"https:\/\/dev.myindustrial.eu\/lt\/wp-json\/wp\/v2\/product"}],"about":[{"href":"https:\/\/dev.myindustrial.eu\/lt\/wp-json\/wp\/v2\/types\/product"}],"version-history":[{"count":0,"href":"https:\/\/dev.myindustrial.eu\/lt\/wp-json\/wp\/v2\/product\/1260065474\/revisions"}],"wp:featuredmedia":[{"embeddable":true,"href":"https:\/\/dev.myindustrial.eu\/lt\/wp-json\/wp\/v2\/media\/1260064751"}],"wp:attachment":[{"href":"https:\/\/dev.myindustrial.eu\/lt\/wp-json\/wp\/v2\/media?parent=1260065474"}],"wp:term":[{"taxonomy":"product_brand","embeddable":true,"href":"https:\/\/dev.myindustrial.eu\/lt\/wp-json\/wp\/v2\/product_brand?post=1260065474"},{"taxonomy":"product_cat","embeddable":true,"href":"https:\/\/dev.myindustrial.eu\/lt\/wp-json\/wp\/v2\/product_cat?post=1260065474"},{"taxonomy":"product_tag","embeddable":true,"href":"https:\/\/dev.myindustrial.eu\/lt\/wp-json\/wp\/v2\/product_tag?post=1260065474"}],"curies":[{"name":"wp","href":"https:\/\/api.w.org\/{rel}","templated":true}]}}