{"id":1260065478,"date":"2024-12-02T09:37:35","date_gmt":"2024-12-02T09:37:35","guid":{"rendered":"https:\/\/dev.myindustrial.eu\/shop\/be-kategorijos\/brake-shoes-pads-and-brake-linings\/"},"modified":"2024-12-23T21:38:54","modified_gmt":"2024-12-23T21:38:54","slug":"brake-shoes-pads-and-brake-linings","status":"publish","type":"product","link":"https:\/\/dev.myindustrial.eu\/lt\/shop\/pramonines-stabdziu-sistemos-ir-pavaru-sustabdymo-komponentai\/stabdziu-priedai\/brake-shoes-pads-and-brake-linings\/","title":{"rendered":"Pramonin\u0117s stabd\u017ei\u0173 kalad\u0117l\u0117s ir stabd\u017ei\u0173 \u012fd\u0117klai"},"content":{"rendered":"","protected":false},"excerpt":{"rendered":"<p><span style=\"font-weight: 400;\">Aliuminio stabd\u017ei\u0173 kalad\u0117l\u0117s pramoniniams b\u016bgniniams stabd\u017eiams pagal DIN 15435 arba sinteruotos stabd\u017ei\u0173 kalad\u0117l\u0117s pramoniniams diskiniai stabd\u017eiams<\/span><\/p>\n<p><b>B\u016bgnini\u0173 stabd\u017ei\u0173 dyd\u017eiai:<\/b><\/p>\n<ul>\n<li style=\"font-weight: 400;\" aria-level=\"1\"><span style=\"font-weight: 400;\">\u00d8 200<\/span><\/li>\n<li style=\"font-weight: 400;\" aria-level=\"1\"><span style=\"font-weight: 400;\">\u00d8 250<\/span><\/li>\n<li style=\"font-weight: 400;\" aria-level=\"1\"><span style=\"font-weight: 400;\">\u00d8 315<\/span><\/li>\n<li style=\"font-weight: 400;\" aria-level=\"1\"><span style=\"font-weight: 400;\">\u00d8 400<\/span><\/li>\n<li style=\"font-weight: 400;\" aria-level=\"1\"><span style=\"font-weight: 400;\">\u00d8 500<\/span><\/li>\n<li style=\"font-weight: 400;\" aria-level=\"1\"><span style=\"font-weight: 400;\">\u00d8 630<\/span><\/li>\n<li style=\"font-weight: 400;\" aria-level=\"1\"><span style=\"font-weight: 400;\">\u00d8 710<\/span><\/li>\n<\/ul>\n<p><b>Aliuminio stabd\u017ei\u0173 kalad\u0117l\u0117s<\/b><\/p>\n<ul>\n<li style=\"font-weight: 400;\" aria-level=\"1\"><span style=\"font-weight: 400;\">Organiniai stabd\u017ei\u0173 \u012fd\u0117klai, trinties koeficientas \u00b5 = 0,4<\/span><\/li>\n<li style=\"font-weight: 400;\" aria-level=\"1\"><span style=\"font-weight: 400;\">Stabd\u017ei\u0173 kalad\u0117li\u0173 \u012fd\u0117klai pritvirtinti klijais<\/span><\/li>\n<\/ul>\n","protected":false},"featured_media":1260064757,"template":"","meta":[],"product_brand":[],"product_cat":[1680],"product_tag":[],"class_list":{"0":"post-1260065478","1":"product","2":"type-product","3":"status-publish","4":"has-post-thumbnail","6":"product_cat-stabdziu-priedai","8":"first","9":"instock","10":"shipping-taxable","11":"product-type-simple"},"yoast_head":"<!-- This site is optimized with the Yoast SEO plugin v27.1.1 - https:\/\/yoast.com\/product\/yoast-seo-wordpress\/ -->\n<title>Pramonin\u0117s stabd\u017ei\u0173 kalad\u0117l\u0117s ir stabd\u017ei\u0173 \u012fd\u0117klai - My industrial<\/title>\n<meta name=\"robots\" content=\"noindex, follow, max-snippet:-1, max-image-preview:large, max-video-preview:-1\" \/>\n<meta property=\"og:locale\" content=\"lt_LT\" \/>\n<meta property=\"og:type\" content=\"article\" \/>\n<meta property=\"og:title\" content=\"Pramonin\u0117s stabd\u017ei\u0173 kalad\u0117l\u0117s ir stabd\u017ei\u0173 \u012fd\u0117klai - My industrial\" \/>\n<meta property=\"og:description\" content=\"Aliuminio stabd\u017ei\u0173 kalad\u0117l\u0117s pramoniniams b\u016bgniniams stabd\u017eiams pagal DIN 15435 arba sinteruotos stabd\u017ei\u0173 kalad\u0117l\u0117s pramoniniams diskiniai stabd\u017eiams  B\u016bgnini\u0173 stabd\u017ei\u0173 dyd\u017eiai:   \u00d8 200  \u00d8 250  \u00d8 315  \u00d8 400  \u00d8 500  \u00d8 630  \u00d8 710  Aliuminio stabd\u017ei\u0173 kalad\u0117l\u0117s   Organiniai stabd\u017ei\u0173 \u012fd\u0117klai, trinties koeficientas \u00b5 = 0,4  Stabd\u017ei\u0173 kalad\u0117li\u0173 \u012fd\u0117klai pritvirtinti klijais\" \/>\n<meta property=\"og:url\" content=\"https:\/\/dev.myindustrial.eu\/lt\/shop\/pramonines-stabdziu-sistemos-ir-pavaru-sustabdymo-komponentai\/stabdziu-priedai\/brake-shoes-pads-and-brake-linings\/\" \/>\n<meta property=\"og:site_name\" content=\"My industrial\" \/>\n<meta property=\"article:modified_time\" content=\"2024-12-23T21:38:54+00:00\" \/>\n<meta property=\"og:image\" content=\"https:\/\/dev.myindustrial.eu\/wp-content\/uploads\/2024\/12\/bremsbacken-1.webp\" \/>\n\t<meta property=\"og:image:width\" content=\"736\" \/>\n\t<meta property=\"og:image:height\" content=\"544\" \/>\n\t<meta property=\"og:image:type\" content=\"image\/webp\" \/>\n<meta name=\"twitter:card\" content=\"summary_large_image\" \/>\n<script type=\"application\/ld+json\" class=\"yoast-schema-graph\">{\"@context\":\"https:\/\/schema.org\",\"@graph\":[{\"@type\":\"WebPage\",\"@id\":\"https:\/\/dev.myindustrial.eu\/lt\/shop\/pramonines-stabdziu-sistemos-ir-pavaru-sustabdymo-komponentai\/stabdziu-priedai\/brake-shoes-pads-and-brake-linings\/\",\"url\":\"https:\/\/dev.myindustrial.eu\/lt\/shop\/pramonines-stabdziu-sistemos-ir-pavaru-sustabdymo-komponentai\/stabdziu-priedai\/brake-shoes-pads-and-brake-linings\/\",\"name\":\"Pramonin\u0117s stabd\u017ei\u0173 kalad\u0117l\u0117s ir stabd\u017ei\u0173 \u012fd\u0117klai - My industrial\",\"isPartOf\":{\"@id\":\"https:\/\/dev.myindustrial.eu\/lt\/#website\"},\"primaryImageOfPage\":{\"@id\":\"https:\/\/dev.myindustrial.eu\/lt\/shop\/pramonines-stabdziu-sistemos-ir-pavaru-sustabdymo-komponentai\/stabdziu-priedai\/brake-shoes-pads-and-brake-linings\/#primaryimage\"},\"image\":{\"@id\":\"https:\/\/dev.myindustrial.eu\/lt\/shop\/pramonines-stabdziu-sistemos-ir-pavaru-sustabdymo-komponentai\/stabdziu-priedai\/brake-shoes-pads-and-brake-linings\/#primaryimage\"},\"thumbnailUrl\":\"https:\/\/dev.myindustrial.eu\/wp-content\/uploads\/2024\/12\/bremsbacken-1.webp\",\"datePublished\":\"2024-12-02T09:37:35+00:00\",\"dateModified\":\"2024-12-23T21:38:54+00:00\",\"breadcrumb\":{\"@id\":\"https:\/\/dev.myindustrial.eu\/lt\/shop\/pramonines-stabdziu-sistemos-ir-pavaru-sustabdymo-komponentai\/stabdziu-priedai\/brake-shoes-pads-and-brake-linings\/#breadcrumb\"},\"inLanguage\":\"lt-LT\",\"potentialAction\":[{\"@type\":\"ReadAction\",\"target\":[\"https:\/\/dev.myindustrial.eu\/lt\/shop\/pramonines-stabdziu-sistemos-ir-pavaru-sustabdymo-komponentai\/stabdziu-priedai\/brake-shoes-pads-and-brake-linings\/\"]}]},{\"@type\":\"ImageObject\",\"inLanguage\":\"lt-LT\",\"@id\":\"https:\/\/dev.myindustrial.eu\/lt\/shop\/pramonines-stabdziu-sistemos-ir-pavaru-sustabdymo-komponentai\/stabdziu-priedai\/brake-shoes-pads-and-brake-linings\/#primaryimage\",\"url\":\"https:\/\/dev.myindustrial.eu\/wp-content\/uploads\/2024\/12\/bremsbacken-1.webp\",\"contentUrl\":\"https:\/\/dev.myindustrial.eu\/wp-content\/uploads\/2024\/12\/bremsbacken-1.webp\",\"width\":736,\"height\":544},{\"@type\":\"BreadcrumbList\",\"@id\":\"https:\/\/dev.myindustrial.eu\/lt\/shop\/pramonines-stabdziu-sistemos-ir-pavaru-sustabdymo-komponentai\/stabdziu-priedai\/brake-shoes-pads-and-brake-linings\/#breadcrumb\",\"itemListElement\":[{\"@type\":\"ListItem\",\"position\":1,\"name\":\"Home\",\"item\":\"https:\/\/dev.myindustrial.eu\/lt\/\"},{\"@type\":\"ListItem\",\"position\":2,\"name\":\"Products\",\"item\":\"https:\/\/dev.myindustrial.eu\/lt\/products\/\"},{\"@type\":\"ListItem\",\"position\":3,\"name\":\"Pramonin\u0117s stabd\u017ei\u0173 kalad\u0117l\u0117s ir stabd\u017ei\u0173 \u012fd\u0117klai\"}]},{\"@type\":\"WebSite\",\"@id\":\"https:\/\/dev.myindustrial.eu\/lt\/#website\",\"url\":\"https:\/\/dev.myindustrial.eu\/lt\/\",\"name\":\"My industrial\",\"description\":\"\",\"potentialAction\":[{\"@type\":\"SearchAction\",\"target\":{\"@type\":\"EntryPoint\",\"urlTemplate\":\"https:\/\/dev.myindustrial.eu\/lt\/?s={search_term_string}\"},\"query-input\":{\"@type\":\"PropertyValueSpecification\",\"valueRequired\":true,\"valueName\":\"search_term_string\"}}],\"inLanguage\":\"lt-LT\"}]}<\/script>\n<!-- \/ Yoast SEO plugin. -->","yoast_head_json":{"title":"Pramonin\u0117s stabd\u017ei\u0173 kalad\u0117l\u0117s ir stabd\u017ei\u0173 \u012fd\u0117klai - My industrial","robots":{"index":"noindex","follow":"follow","max-snippet":"max-snippet:-1","max-image-preview":"max-image-preview:large","max-video-preview":"max-video-preview:-1"},"og_locale":"lt_LT","og_type":"article","og_title":"Pramonin\u0117s stabd\u017ei\u0173 kalad\u0117l\u0117s ir stabd\u017ei\u0173 \u012fd\u0117klai - My industrial","og_description":"Aliuminio stabd\u017ei\u0173 kalad\u0117l\u0117s pramoniniams b\u016bgniniams stabd\u017eiams pagal DIN 15435 arba sinteruotos stabd\u017ei\u0173 kalad\u0117l\u0117s pramoniniams diskiniai stabd\u017eiams  B\u016bgnini\u0173 stabd\u017ei\u0173 dyd\u017eiai:   \u00d8 200  \u00d8 250  \u00d8 315  \u00d8 400  \u00d8 500  \u00d8 630  \u00d8 710  Aliuminio stabd\u017ei\u0173 kalad\u0117l\u0117s   Organiniai stabd\u017ei\u0173 \u012fd\u0117klai, trinties koeficientas \u00b5 = 0,4  Stabd\u017ei\u0173 kalad\u0117li\u0173 \u012fd\u0117klai pritvirtinti klijais","og_url":"https:\/\/dev.myindustrial.eu\/lt\/shop\/pramonines-stabdziu-sistemos-ir-pavaru-sustabdymo-komponentai\/stabdziu-priedai\/brake-shoes-pads-and-brake-linings\/","og_site_name":"My industrial","article_modified_time":"2024-12-23T21:38:54+00:00","og_image":[{"width":736,"height":544,"url":"https:\/\/dev.myindustrial.eu\/wp-content\/uploads\/2024\/12\/bremsbacken-1.webp","type":"image\/webp"}],"twitter_card":"summary_large_image","schema":{"@context":"https:\/\/schema.org","@graph":[{"@type":"WebPage","@id":"https:\/\/dev.myindustrial.eu\/lt\/shop\/pramonines-stabdziu-sistemos-ir-pavaru-sustabdymo-komponentai\/stabdziu-priedai\/brake-shoes-pads-and-brake-linings\/","url":"https:\/\/dev.myindustrial.eu\/lt\/shop\/pramonines-stabdziu-sistemos-ir-pavaru-sustabdymo-komponentai\/stabdziu-priedai\/brake-shoes-pads-and-brake-linings\/","name":"Pramonin\u0117s stabd\u017ei\u0173 kalad\u0117l\u0117s ir stabd\u017ei\u0173 \u012fd\u0117klai - My industrial","isPartOf":{"@id":"https:\/\/dev.myindustrial.eu\/lt\/#website"},"primaryImageOfPage":{"@id":"https:\/\/dev.myindustrial.eu\/lt\/shop\/pramonines-stabdziu-sistemos-ir-pavaru-sustabdymo-komponentai\/stabdziu-priedai\/brake-shoes-pads-and-brake-linings\/#primaryimage"},"image":{"@id":"https:\/\/dev.myindustrial.eu\/lt\/shop\/pramonines-stabdziu-sistemos-ir-pavaru-sustabdymo-komponentai\/stabdziu-priedai\/brake-shoes-pads-and-brake-linings\/#primaryimage"},"thumbnailUrl":"https:\/\/dev.myindustrial.eu\/wp-content\/uploads\/2024\/12\/bremsbacken-1.webp","datePublished":"2024-12-02T09:37:35+00:00","dateModified":"2024-12-23T21:38:54+00:00","breadcrumb":{"@id":"https:\/\/dev.myindustrial.eu\/lt\/shop\/pramonines-stabdziu-sistemos-ir-pavaru-sustabdymo-komponentai\/stabdziu-priedai\/brake-shoes-pads-and-brake-linings\/#breadcrumb"},"inLanguage":"lt-LT","potentialAction":[{"@type":"ReadAction","target":["https:\/\/dev.myindustrial.eu\/lt\/shop\/pramonines-stabdziu-sistemos-ir-pavaru-sustabdymo-komponentai\/stabdziu-priedai\/brake-shoes-pads-and-brake-linings\/"]}]},{"@type":"ImageObject","inLanguage":"lt-LT","@id":"https:\/\/dev.myindustrial.eu\/lt\/shop\/pramonines-stabdziu-sistemos-ir-pavaru-sustabdymo-komponentai\/stabdziu-priedai\/brake-shoes-pads-and-brake-linings\/#primaryimage","url":"https:\/\/dev.myindustrial.eu\/wp-content\/uploads\/2024\/12\/bremsbacken-1.webp","contentUrl":"https:\/\/dev.myindustrial.eu\/wp-content\/uploads\/2024\/12\/bremsbacken-1.webp","width":736,"height":544},{"@type":"BreadcrumbList","@id":"https:\/\/dev.myindustrial.eu\/lt\/shop\/pramonines-stabdziu-sistemos-ir-pavaru-sustabdymo-komponentai\/stabdziu-priedai\/brake-shoes-pads-and-brake-linings\/#breadcrumb","itemListElement":[{"@type":"ListItem","position":1,"name":"Home","item":"https:\/\/dev.myindustrial.eu\/lt\/"},{"@type":"ListItem","position":2,"name":"Products","item":"https:\/\/dev.myindustrial.eu\/lt\/products\/"},{"@type":"ListItem","position":3,"name":"Pramonin\u0117s stabd\u017ei\u0173 kalad\u0117l\u0117s ir stabd\u017ei\u0173 \u012fd\u0117klai"}]},{"@type":"WebSite","@id":"https:\/\/dev.myindustrial.eu\/lt\/#website","url":"https:\/\/dev.myindustrial.eu\/lt\/","name":"My industrial","description":"","potentialAction":[{"@type":"SearchAction","target":{"@type":"EntryPoint","urlTemplate":"https:\/\/dev.myindustrial.eu\/lt\/?s={search_term_string}"},"query-input":{"@type":"PropertyValueSpecification","valueRequired":true,"valueName":"search_term_string"}}],"inLanguage":"lt-LT"}]}},"_links":{"self":[{"href":"https:\/\/dev.myindustrial.eu\/lt\/wp-json\/wp\/v2\/product\/1260065478","targetHints":{"allow":["GET"]}}],"collection":[{"href":"https:\/\/dev.myindustrial.eu\/lt\/wp-json\/wp\/v2\/product"}],"about":[{"href":"https:\/\/dev.myindustrial.eu\/lt\/wp-json\/wp\/v2\/types\/product"}],"version-history":[{"count":0,"href":"https:\/\/dev.myindustrial.eu\/lt\/wp-json\/wp\/v2\/product\/1260065478\/revisions"}],"wp:featuredmedia":[{"embeddable":true,"href":"https:\/\/dev.myindustrial.eu\/lt\/wp-json\/wp\/v2\/media\/1260064757"}],"wp:attachment":[{"href":"https:\/\/dev.myindustrial.eu\/lt\/wp-json\/wp\/v2\/media?parent=1260065478"}],"wp:term":[{"taxonomy":"product_brand","embeddable":true,"href":"https:\/\/dev.myindustrial.eu\/lt\/wp-json\/wp\/v2\/product_brand?post=1260065478"},{"taxonomy":"product_cat","embeddable":true,"href":"https:\/\/dev.myindustrial.eu\/lt\/wp-json\/wp\/v2\/product_cat?post=1260065478"},{"taxonomy":"product_tag","embeddable":true,"href":"https:\/\/dev.myindustrial.eu\/lt\/wp-json\/wp\/v2\/product_tag?post=1260065478"}],"curies":[{"name":"wp","href":"https:\/\/api.w.org\/{rel}","templated":true}]}}