{"id":1260065504,"date":"2024-12-02T10:12:36","date_gmt":"2024-12-02T10:12:36","guid":{"rendered":"https:\/\/dev.myindustrial.eu\/shop\/be-kategorijos\/intelligent-hydraulic-buffer-system-type-ips\/"},"modified":"2024-12-26T17:21:09","modified_gmt":"2024-12-26T17:21:09","slug":"intelligent-hydraulic-buffer-system-type-ips","status":"publish","type":"product","link":"https:\/\/dev.myindustrial.eu\/lt\/shop\/pramonines-stabdziu-sistemos-ir-pavaru-sustabdymo-komponentai\/buferis-slopintuvas\/intelligent-hydraulic-buffer-system-type-ips\/","title":{"rendered":"Intelektuali hidraulin\u0117 buferi\u0173 sistema IPS tipo"},"content":{"rendered":"<p><b>Charakteristikos<\/b><\/p>\n<ul>\n<li style=\"font-weight: 400;\" aria-level=\"1\"><span style=\"font-weight: 400;\">St\u016bmoklio dyd\u017eiai: \u00d8 40 mm iki \u00d8 63 mm<\/span><\/li>\n<li style=\"font-weight: 400;\" aria-level=\"1\"><span style=\"font-weight: 400;\">Eigos ilgis: nuo 100 mm iki 1600 mm<\/span><\/li>\n<li style=\"font-weight: 400;\" aria-level=\"1\"><span style=\"font-weight: 400;\">Energijos sug\u0117rimas: iki 145 kJ\/eiga<\/span><\/li>\n<li style=\"font-weight: 400;\" aria-level=\"1\"><span style=\"font-weight: 400;\">Buferio j\u0117ga: iki 220 kN<\/span><\/li>\n<li style=\"font-weight: 400;\" aria-level=\"1\"><span style=\"font-weight: 400;\">Flan\u0161o tvirtinimo versijos:<\/span>\n<ul>\n<li style=\"font-weight: 400;\" aria-level=\"2\"><span style=\"font-weight: 400;\">Priekinis flan\u0161as \u201eEF\u201c<\/span><\/li>\n<li style=\"font-weight: 400;\" aria-level=\"2\"><span style=\"font-weight: 400;\">Apatinis flan\u0161as \u201eFF\u201c<\/span><\/li>\n<li style=\"font-weight: 400;\" aria-level=\"2\"><span style=\"font-weight: 400;\">Pagrindo flan\u0161as \u201eSF\u201c<\/span><\/li>\n<\/ul>\n<\/li>\n<\/ul>\n<p><b>Techniniai privalumai<\/b><\/p>\n<ul>\n<li style=\"font-weight: 400;\" aria-level=\"1\"><span style=\"font-weight: 400;\">Ypa\u010d tinkama ma\u0161inoms, kurios operatyviai priart\u0117ja prie buferio<\/span><\/li>\n<li style=\"font-weight: 400;\" aria-level=\"1\"><span style=\"font-weight: 400;\">Ypa\u010d tinkama \u017eemai temperat\u016brai<\/span><\/li>\n<li style=\"font-weight: 400;\" aria-level=\"1\"><span style=\"font-weight: 400;\">Integruotas automatinis perjungimo vo\u017etuvas<\/span><\/li>\n<\/ul>\n","protected":false},"excerpt":{"rendered":"<ul>\n<li style=\"font-weight: 400;\" aria-level=\"1\"><span style=\"font-weight: 400;\">Naudojimas sand\u0117liavimo ir i\u0161traukimo ma\u0161inose \/ automatin\u0117se auk\u0161t\u0173j\u0173 sand\u0117li\u0173 sistemose<\/span><\/li>\n<li style=\"font-weight: 400;\" aria-level=\"1\"><span style=\"font-weight: 400;\">Su integruotu automatiniu perjungimo vo\u017etuvu<\/span><\/li>\n<li style=\"font-weight: 400;\" aria-level=\"1\"><span style=\"font-weight: 400;\">Hidraulinis buferis avarinio stabdymo situacijoms<\/span><\/li>\n<li style=\"font-weight: 400;\" aria-level=\"1\"><span style=\"font-weight: 400;\">Speciali versija darbui \u0161aldytuvuose iki -50\u00b0C<\/span><\/li>\n<li style=\"font-weight: 400;\" aria-level=\"1\"><span style=\"font-weight: 400;\">Ypa\u010d tinkama ma\u0161inoms, kurios operatyviai priart\u0117ja prie buferio<\/span><\/li>\n<li style=\"font-weight: 400;\" aria-level=\"1\"><span style=\"font-weight: 400;\">Integruotas st\u016bmoklinis akumuliatorius su azotu u\u017etikrina nuosaikiai did\u0117jan\u010di\u0105 atstatom\u0105j\u0105 j\u0117g\u0105 l\u0117tai stumiant st\u016bmoklio stryp\u0105<\/span><\/li>\n<\/ul>\n","protected":false},"featured_media":1260064810,"template":"","meta":[],"product_brand":[],"product_cat":[1684],"product_tag":[],"class_list":{"0":"post-1260065504","1":"product","2":"type-product","3":"status-publish","4":"has-post-thumbnail","6":"product_cat-buferis-slopintuvas","8":"first","9":"instock","10":"shipping-taxable","11":"product-type-simple"},"yoast_head":"<!-- This site is optimized with the Yoast SEO plugin v27.1.1 - https:\/\/yoast.com\/product\/yoast-seo-wordpress\/ -->\n<title>Intelektuali hidraulin\u0117 buferi\u0173 sistema IPS tipo - My industrial<\/title>\n<meta name=\"robots\" content=\"noindex, follow, max-snippet:-1, max-image-preview:large, max-video-preview:-1\" \/>\n<meta property=\"og:locale\" content=\"lt_LT\" \/>\n<meta property=\"og:type\" content=\"article\" \/>\n<meta property=\"og:title\" content=\"Intelektuali hidraulin\u0117 buferi\u0173 sistema IPS tipo - My industrial\" \/>\n<meta property=\"og:description\" content=\"Naudojimas sand\u0117liavimo ir i\u0161traukimo ma\u0161inose \/ automatin\u0117se auk\u0161t\u0173j\u0173 sand\u0117li\u0173 sistemose  Su integruotu automatiniu perjungimo vo\u017etuvu  Hidraulinis buferis avarinio stabdymo situacijoms  Speciali versija darbui \u0161aldytuvuose iki -50\u00b0C  Ypa\u010d tinkama ma\u0161inoms, kurios operatyviai priart\u0117ja prie buferio  Integruotas st\u016bmoklinis akumuliatorius su azotu u\u017etikrina nuosaikiai did\u0117jan\u010di\u0105 atstatom\u0105j\u0105 j\u0117g\u0105 l\u0117tai stumiant st\u016bmoklio stryp\u0105\" \/>\n<meta property=\"og:url\" content=\"https:\/\/dev.myindustrial.eu\/lt\/shop\/pramonines-stabdziu-sistemos-ir-pavaru-sustabdymo-komponentai\/buferis-slopintuvas\/intelligent-hydraulic-buffer-system-type-ips\/\" \/>\n<meta property=\"og:site_name\" content=\"My industrial\" \/>\n<meta property=\"article:modified_time\" content=\"2024-12-26T17:21:09+00:00\" \/>\n<meta property=\"og:image\" content=\"https:\/\/dev.myindustrial.eu\/wp-content\/uploads\/2024\/12\/ips.webp\" \/>\n\t<meta property=\"og:image:width\" content=\"800\" \/>\n\t<meta property=\"og:image:height\" content=\"800\" \/>\n\t<meta property=\"og:image:type\" content=\"image\/webp\" \/>\n<meta name=\"twitter:card\" content=\"summary_large_image\" \/>\n<script type=\"application\/ld+json\" class=\"yoast-schema-graph\">{\"@context\":\"https:\/\/schema.org\",\"@graph\":[{\"@type\":\"WebPage\",\"@id\":\"https:\/\/dev.myindustrial.eu\/lt\/shop\/pramonines-stabdziu-sistemos-ir-pavaru-sustabdymo-komponentai\/buferis-slopintuvas\/intelligent-hydraulic-buffer-system-type-ips\/\",\"url\":\"https:\/\/dev.myindustrial.eu\/lt\/shop\/pramonines-stabdziu-sistemos-ir-pavaru-sustabdymo-komponentai\/buferis-slopintuvas\/intelligent-hydraulic-buffer-system-type-ips\/\",\"name\":\"Intelektuali hidraulin\u0117 buferi\u0173 sistema IPS tipo - My industrial\",\"isPartOf\":{\"@id\":\"https:\/\/dev.myindustrial.eu\/lt\/#website\"},\"primaryImageOfPage\":{\"@id\":\"https:\/\/dev.myindustrial.eu\/lt\/shop\/pramonines-stabdziu-sistemos-ir-pavaru-sustabdymo-komponentai\/buferis-slopintuvas\/intelligent-hydraulic-buffer-system-type-ips\/#primaryimage\"},\"image\":{\"@id\":\"https:\/\/dev.myindustrial.eu\/lt\/shop\/pramonines-stabdziu-sistemos-ir-pavaru-sustabdymo-komponentai\/buferis-slopintuvas\/intelligent-hydraulic-buffer-system-type-ips\/#primaryimage\"},\"thumbnailUrl\":\"https:\/\/dev.myindustrial.eu\/wp-content\/uploads\/2024\/12\/ips.webp\",\"datePublished\":\"2024-12-02T10:12:36+00:00\",\"dateModified\":\"2024-12-26T17:21:09+00:00\",\"breadcrumb\":{\"@id\":\"https:\/\/dev.myindustrial.eu\/lt\/shop\/pramonines-stabdziu-sistemos-ir-pavaru-sustabdymo-komponentai\/buferis-slopintuvas\/intelligent-hydraulic-buffer-system-type-ips\/#breadcrumb\"},\"inLanguage\":\"lt-LT\",\"potentialAction\":[{\"@type\":\"ReadAction\",\"target\":[\"https:\/\/dev.myindustrial.eu\/lt\/shop\/pramonines-stabdziu-sistemos-ir-pavaru-sustabdymo-komponentai\/buferis-slopintuvas\/intelligent-hydraulic-buffer-system-type-ips\/\"]}]},{\"@type\":\"ImageObject\",\"inLanguage\":\"lt-LT\",\"@id\":\"https:\/\/dev.myindustrial.eu\/lt\/shop\/pramonines-stabdziu-sistemos-ir-pavaru-sustabdymo-komponentai\/buferis-slopintuvas\/intelligent-hydraulic-buffer-system-type-ips\/#primaryimage\",\"url\":\"https:\/\/dev.myindustrial.eu\/wp-content\/uploads\/2024\/12\/ips.webp\",\"contentUrl\":\"https:\/\/dev.myindustrial.eu\/wp-content\/uploads\/2024\/12\/ips.webp\",\"width\":800,\"height\":800},{\"@type\":\"BreadcrumbList\",\"@id\":\"https:\/\/dev.myindustrial.eu\/lt\/shop\/pramonines-stabdziu-sistemos-ir-pavaru-sustabdymo-komponentai\/buferis-slopintuvas\/intelligent-hydraulic-buffer-system-type-ips\/#breadcrumb\",\"itemListElement\":[{\"@type\":\"ListItem\",\"position\":1,\"name\":\"Home\",\"item\":\"https:\/\/dev.myindustrial.eu\/lt\/\"},{\"@type\":\"ListItem\",\"position\":2,\"name\":\"Products\",\"item\":\"https:\/\/dev.myindustrial.eu\/lt\/products\/\"},{\"@type\":\"ListItem\",\"position\":3,\"name\":\"Intelektuali hidraulin\u0117 buferi\u0173 sistema IPS tipo\"}]},{\"@type\":\"WebSite\",\"@id\":\"https:\/\/dev.myindustrial.eu\/lt\/#website\",\"url\":\"https:\/\/dev.myindustrial.eu\/lt\/\",\"name\":\"My industrial\",\"description\":\"\",\"potentialAction\":[{\"@type\":\"SearchAction\",\"target\":{\"@type\":\"EntryPoint\",\"urlTemplate\":\"https:\/\/dev.myindustrial.eu\/lt\/?s={search_term_string}\"},\"query-input\":{\"@type\":\"PropertyValueSpecification\",\"valueRequired\":true,\"valueName\":\"search_term_string\"}}],\"inLanguage\":\"lt-LT\"}]}<\/script>\n<!-- \/ Yoast SEO plugin. -->","yoast_head_json":{"title":"Intelektuali hidraulin\u0117 buferi\u0173 sistema IPS tipo - My industrial","robots":{"index":"noindex","follow":"follow","max-snippet":"max-snippet:-1","max-image-preview":"max-image-preview:large","max-video-preview":"max-video-preview:-1"},"og_locale":"lt_LT","og_type":"article","og_title":"Intelektuali hidraulin\u0117 buferi\u0173 sistema IPS tipo - My industrial","og_description":"Naudojimas sand\u0117liavimo ir i\u0161traukimo ma\u0161inose \/ automatin\u0117se auk\u0161t\u0173j\u0173 sand\u0117li\u0173 sistemose  Su integruotu automatiniu perjungimo vo\u017etuvu  Hidraulinis buferis avarinio stabdymo situacijoms  Speciali versija darbui \u0161aldytuvuose iki -50\u00b0C  Ypa\u010d tinkama ma\u0161inoms, kurios operatyviai priart\u0117ja prie buferio  Integruotas st\u016bmoklinis akumuliatorius su azotu u\u017etikrina nuosaikiai did\u0117jan\u010di\u0105 atstatom\u0105j\u0105 j\u0117g\u0105 l\u0117tai stumiant st\u016bmoklio stryp\u0105","og_url":"https:\/\/dev.myindustrial.eu\/lt\/shop\/pramonines-stabdziu-sistemos-ir-pavaru-sustabdymo-komponentai\/buferis-slopintuvas\/intelligent-hydraulic-buffer-system-type-ips\/","og_site_name":"My industrial","article_modified_time":"2024-12-26T17:21:09+00:00","og_image":[{"width":800,"height":800,"url":"https:\/\/dev.myindustrial.eu\/wp-content\/uploads\/2024\/12\/ips.webp","type":"image\/webp"}],"twitter_card":"summary_large_image","schema":{"@context":"https:\/\/schema.org","@graph":[{"@type":"WebPage","@id":"https:\/\/dev.myindustrial.eu\/lt\/shop\/pramonines-stabdziu-sistemos-ir-pavaru-sustabdymo-komponentai\/buferis-slopintuvas\/intelligent-hydraulic-buffer-system-type-ips\/","url":"https:\/\/dev.myindustrial.eu\/lt\/shop\/pramonines-stabdziu-sistemos-ir-pavaru-sustabdymo-komponentai\/buferis-slopintuvas\/intelligent-hydraulic-buffer-system-type-ips\/","name":"Intelektuali hidraulin\u0117 buferi\u0173 sistema IPS tipo - My industrial","isPartOf":{"@id":"https:\/\/dev.myindustrial.eu\/lt\/#website"},"primaryImageOfPage":{"@id":"https:\/\/dev.myindustrial.eu\/lt\/shop\/pramonines-stabdziu-sistemos-ir-pavaru-sustabdymo-komponentai\/buferis-slopintuvas\/intelligent-hydraulic-buffer-system-type-ips\/#primaryimage"},"image":{"@id":"https:\/\/dev.myindustrial.eu\/lt\/shop\/pramonines-stabdziu-sistemos-ir-pavaru-sustabdymo-komponentai\/buferis-slopintuvas\/intelligent-hydraulic-buffer-system-type-ips\/#primaryimage"},"thumbnailUrl":"https:\/\/dev.myindustrial.eu\/wp-content\/uploads\/2024\/12\/ips.webp","datePublished":"2024-12-02T10:12:36+00:00","dateModified":"2024-12-26T17:21:09+00:00","breadcrumb":{"@id":"https:\/\/dev.myindustrial.eu\/lt\/shop\/pramonines-stabdziu-sistemos-ir-pavaru-sustabdymo-komponentai\/buferis-slopintuvas\/intelligent-hydraulic-buffer-system-type-ips\/#breadcrumb"},"inLanguage":"lt-LT","potentialAction":[{"@type":"ReadAction","target":["https:\/\/dev.myindustrial.eu\/lt\/shop\/pramonines-stabdziu-sistemos-ir-pavaru-sustabdymo-komponentai\/buferis-slopintuvas\/intelligent-hydraulic-buffer-system-type-ips\/"]}]},{"@type":"ImageObject","inLanguage":"lt-LT","@id":"https:\/\/dev.myindustrial.eu\/lt\/shop\/pramonines-stabdziu-sistemos-ir-pavaru-sustabdymo-komponentai\/buferis-slopintuvas\/intelligent-hydraulic-buffer-system-type-ips\/#primaryimage","url":"https:\/\/dev.myindustrial.eu\/wp-content\/uploads\/2024\/12\/ips.webp","contentUrl":"https:\/\/dev.myindustrial.eu\/wp-content\/uploads\/2024\/12\/ips.webp","width":800,"height":800},{"@type":"BreadcrumbList","@id":"https:\/\/dev.myindustrial.eu\/lt\/shop\/pramonines-stabdziu-sistemos-ir-pavaru-sustabdymo-komponentai\/buferis-slopintuvas\/intelligent-hydraulic-buffer-system-type-ips\/#breadcrumb","itemListElement":[{"@type":"ListItem","position":1,"name":"Home","item":"https:\/\/dev.myindustrial.eu\/lt\/"},{"@type":"ListItem","position":2,"name":"Products","item":"https:\/\/dev.myindustrial.eu\/lt\/products\/"},{"@type":"ListItem","position":3,"name":"Intelektuali hidraulin\u0117 buferi\u0173 sistema IPS tipo"}]},{"@type":"WebSite","@id":"https:\/\/dev.myindustrial.eu\/lt\/#website","url":"https:\/\/dev.myindustrial.eu\/lt\/","name":"My industrial","description":"","potentialAction":[{"@type":"SearchAction","target":{"@type":"EntryPoint","urlTemplate":"https:\/\/dev.myindustrial.eu\/lt\/?s={search_term_string}"},"query-input":{"@type":"PropertyValueSpecification","valueRequired":true,"valueName":"search_term_string"}}],"inLanguage":"lt-LT"}]}},"_links":{"self":[{"href":"https:\/\/dev.myindustrial.eu\/lt\/wp-json\/wp\/v2\/product\/1260065504","targetHints":{"allow":["GET"]}}],"collection":[{"href":"https:\/\/dev.myindustrial.eu\/lt\/wp-json\/wp\/v2\/product"}],"about":[{"href":"https:\/\/dev.myindustrial.eu\/lt\/wp-json\/wp\/v2\/types\/product"}],"version-history":[{"count":1,"href":"https:\/\/dev.myindustrial.eu\/lt\/wp-json\/wp\/v2\/product\/1260065504\/revisions"}],"predecessor-version":[{"id":1260065505,"href":"https:\/\/dev.myindustrial.eu\/lt\/wp-json\/wp\/v2\/product\/1260065504\/revisions\/1260065505"}],"wp:featuredmedia":[{"embeddable":true,"href":"https:\/\/dev.myindustrial.eu\/lt\/wp-json\/wp\/v2\/media\/1260064810"}],"wp:attachment":[{"href":"https:\/\/dev.myindustrial.eu\/lt\/wp-json\/wp\/v2\/media?parent=1260065504"}],"wp:term":[{"taxonomy":"product_brand","embeddable":true,"href":"https:\/\/dev.myindustrial.eu\/lt\/wp-json\/wp\/v2\/product_brand?post=1260065504"},{"taxonomy":"product_cat","embeddable":true,"href":"https:\/\/dev.myindustrial.eu\/lt\/wp-json\/wp\/v2\/product_cat?post=1260065504"},{"taxonomy":"product_tag","embeddable":true,"href":"https:\/\/dev.myindustrial.eu\/lt\/wp-json\/wp\/v2\/product_tag?post=1260065504"}],"curies":[{"name":"wp","href":"https:\/\/api.w.org\/{rel}","templated":true}]}}