{"id":1260065511,"date":"2024-12-02T10:15:26","date_gmt":"2024-12-02T10:15:26","guid":{"rendered":"https:\/\/dev.myindustrial.eu\/shop\/be-kategorijos\/rope-rocker-damper-type-swd\/"},"modified":"2024-12-26T17:31:24","modified_gmt":"2024-12-26T17:31:24","slug":"rope-rocker-damper-type-swd","status":"publish","type":"product","link":"https:\/\/dev.myindustrial.eu\/lt\/shop\/pramonines-stabdziu-sistemos-ir-pavaru-sustabdymo-komponentai\/buferis-slopintuvas\/rope-rocker-damper-type-swd\/","title":{"rendered":"Virvi\u0173 svyravim\u0173 slopintuvas SWD tipo"},"content":{"rendered":"<p><b>Savyb\u0117s<\/b><\/p>\n<ul>\n<li style=\"font-weight: 400;\" aria-level=\"1\"><span style=\"font-weight: 400;\">Virvi\u0173 svyravim\u0173 slopintuvai montuojami lygiagre\u010diai abiem virv\u0117ms. \u0160ie slopintuvai jungiami su balansavimo sistema ir atramine konstrukcija per \u0161arnyrus.<\/span><\/li>\n<li style=\"font-weight: 400;\" aria-level=\"1\"><span style=\"font-weight: 400;\">Integruotas automatinis vo\u017etuvas u\u017etikrina greit\u0105 reakcijos laik\u0105 ir labai ma\u017eas atstatymo j\u0117gas \u012fprasto veikimo metu. Nutr\u016bkus virvei, slopintuvai akimirksniu pradeda veikti, kad b\u016bt\u0173 i\u0161vengta krovinio laisvo kritimo.<\/span><\/li>\n<\/ul>\n<p><b>Technin\u0117 nauda<\/b><\/p>\n<ul>\n<li style=\"font-weight: 400;\" aria-level=\"1\"><span style=\"font-weight: 400;\">Auk\u0161tas saugumo lygis nutr\u016bkus virvei<\/span><\/li>\n<li style=\"font-weight: 400;\" aria-level=\"1\"><span style=\"font-weight: 400;\">Krovinio kritimo apsauga<\/span><\/li>\n<\/ul>\n","protected":false},"excerpt":{"rendered":"<p><span style=\"font-weight: 400;\">SWD \u2013 Virvi\u0173 svyravim\u0173 slopintuvas. Momentinis j\u0117gos perdavimas nutr\u016bkus virvei.<\/span><\/p>\n<ul>\n<li style=\"font-weight: 400;\" aria-level=\"1\"><span style=\"font-weight: 400;\">Integracija \u012f virvi\u0173 balansavimo sistem\u0105<\/span><\/li>\n<li style=\"font-weight: 400;\" aria-level=\"1\"><span style=\"font-weight: 400;\">Ypa\u010d tinka atomini\u0173 elektrini\u0173 kranams (KTA) ir konteineri\u0173 tvarkymui<\/span><\/li>\n<li style=\"font-weight: 400;\" aria-level=\"1\"><span style=\"font-weight: 400;\">Integruotas automatinis vo\u017etuvas u\u017etikrina greit\u0105 reakcijos laik\u0105 ir labai ma\u017eas atstatymo j\u0117gas<\/span><\/li>\n<li style=\"font-weight: 400;\" aria-level=\"1\"><span style=\"font-weight: 400;\">Ma\u017eas apkrovos poslinkio impulsas<\/span><\/li>\n<li style=\"font-weight: 400;\" aria-level=\"1\"><span style=\"font-weight: 400;\">Apsauga nuo krovinio kritimo nutr\u016bkus virvei<\/span><\/li>\n<li style=\"font-weight: 400;\" aria-level=\"1\"><span style=\"font-weight: 400;\">Momentinis slopinimas nutr\u016bkus virvei<\/span><\/li>\n<li style=\"font-weight: 400;\" aria-level=\"1\"><span style=\"font-weight: 400;\">Virvi\u0173 ilgio ir j\u0117gos balansas balansavimo sistemose<\/span><\/li>\n<\/ul>\n","protected":false},"featured_media":1260064816,"template":"","meta":[],"product_brand":[],"product_cat":[1684],"product_tag":[],"class_list":{"0":"post-1260065511","1":"product","2":"type-product","3":"status-publish","4":"has-post-thumbnail","6":"product_cat-buferis-slopintuvas","8":"first","9":"instock","10":"shipping-taxable","11":"product-type-simple"},"yoast_head":"<!-- This site is optimized with the Yoast SEO plugin v27.1.1 - https:\/\/yoast.com\/product\/yoast-seo-wordpress\/ -->\n<title>Virvi\u0173 svyravim\u0173 slopintuvas SWD tipo - My industrial<\/title>\n<meta name=\"robots\" content=\"noindex, follow, max-snippet:-1, max-image-preview:large, max-video-preview:-1\" \/>\n<meta property=\"og:locale\" content=\"lt_LT\" \/>\n<meta property=\"og:type\" content=\"article\" \/>\n<meta property=\"og:title\" content=\"Virvi\u0173 svyravim\u0173 slopintuvas SWD tipo - My industrial\" \/>\n<meta property=\"og:description\" content=\"SWD \u2013 Virvi\u0173 svyravim\u0173 slopintuvas. Momentinis j\u0117gos perdavimas nutr\u016bkus virvei.   Integracija \u012f virvi\u0173 balansavimo sistem\u0105  Ypa\u010d tinka atomini\u0173 elektrini\u0173 kranams (KTA) ir konteineri\u0173 tvarkymui  Integruotas automatinis vo\u017etuvas u\u017etikrina greit\u0105 reakcijos laik\u0105 ir labai ma\u017eas atstatymo j\u0117gas  Ma\u017eas apkrovos poslinkio impulsas  Apsauga nuo krovinio kritimo nutr\u016bkus virvei  Momentinis slopinimas nutr\u016bkus virvei  Virvi\u0173 ilgio ir j\u0117gos balansas balansavimo sistemose\" \/>\n<meta property=\"og:url\" content=\"https:\/\/dev.myindustrial.eu\/lt\/shop\/pramonines-stabdziu-sistemos-ir-pavaru-sustabdymo-komponentai\/buferis-slopintuvas\/rope-rocker-damper-type-swd\/\" \/>\n<meta property=\"og:site_name\" content=\"My industrial\" \/>\n<meta property=\"article:modified_time\" content=\"2024-12-26T17:31:24+00:00\" \/>\n<meta property=\"og:image\" content=\"https:\/\/dev.myindustrial.eu\/wp-content\/uploads\/2024\/12\/seilwippendaempfer.webp\" \/>\n\t<meta property=\"og:image:width\" content=\"800\" \/>\n\t<meta property=\"og:image:height\" content=\"800\" \/>\n\t<meta property=\"og:image:type\" content=\"image\/webp\" \/>\n<meta name=\"twitter:card\" content=\"summary_large_image\" \/>\n<script type=\"application\/ld+json\" class=\"yoast-schema-graph\">{\"@context\":\"https:\/\/schema.org\",\"@graph\":[{\"@type\":\"WebPage\",\"@id\":\"https:\/\/dev.myindustrial.eu\/lt\/shop\/pramonines-stabdziu-sistemos-ir-pavaru-sustabdymo-komponentai\/buferis-slopintuvas\/rope-rocker-damper-type-swd\/\",\"url\":\"https:\/\/dev.myindustrial.eu\/lt\/shop\/pramonines-stabdziu-sistemos-ir-pavaru-sustabdymo-komponentai\/buferis-slopintuvas\/rope-rocker-damper-type-swd\/\",\"name\":\"Virvi\u0173 svyravim\u0173 slopintuvas SWD tipo - My industrial\",\"isPartOf\":{\"@id\":\"https:\/\/dev.myindustrial.eu\/lt\/#website\"},\"primaryImageOfPage\":{\"@id\":\"https:\/\/dev.myindustrial.eu\/lt\/shop\/pramonines-stabdziu-sistemos-ir-pavaru-sustabdymo-komponentai\/buferis-slopintuvas\/rope-rocker-damper-type-swd\/#primaryimage\"},\"image\":{\"@id\":\"https:\/\/dev.myindustrial.eu\/lt\/shop\/pramonines-stabdziu-sistemos-ir-pavaru-sustabdymo-komponentai\/buferis-slopintuvas\/rope-rocker-damper-type-swd\/#primaryimage\"},\"thumbnailUrl\":\"https:\/\/dev.myindustrial.eu\/wp-content\/uploads\/2024\/12\/seilwippendaempfer.webp\",\"datePublished\":\"2024-12-02T10:15:26+00:00\",\"dateModified\":\"2024-12-26T17:31:24+00:00\",\"breadcrumb\":{\"@id\":\"https:\/\/dev.myindustrial.eu\/lt\/shop\/pramonines-stabdziu-sistemos-ir-pavaru-sustabdymo-komponentai\/buferis-slopintuvas\/rope-rocker-damper-type-swd\/#breadcrumb\"},\"inLanguage\":\"lt-LT\",\"potentialAction\":[{\"@type\":\"ReadAction\",\"target\":[\"https:\/\/dev.myindustrial.eu\/lt\/shop\/pramonines-stabdziu-sistemos-ir-pavaru-sustabdymo-komponentai\/buferis-slopintuvas\/rope-rocker-damper-type-swd\/\"]}]},{\"@type\":\"ImageObject\",\"inLanguage\":\"lt-LT\",\"@id\":\"https:\/\/dev.myindustrial.eu\/lt\/shop\/pramonines-stabdziu-sistemos-ir-pavaru-sustabdymo-komponentai\/buferis-slopintuvas\/rope-rocker-damper-type-swd\/#primaryimage\",\"url\":\"https:\/\/dev.myindustrial.eu\/wp-content\/uploads\/2024\/12\/seilwippendaempfer.webp\",\"contentUrl\":\"https:\/\/dev.myindustrial.eu\/wp-content\/uploads\/2024\/12\/seilwippendaempfer.webp\",\"width\":800,\"height\":800},{\"@type\":\"BreadcrumbList\",\"@id\":\"https:\/\/dev.myindustrial.eu\/lt\/shop\/pramonines-stabdziu-sistemos-ir-pavaru-sustabdymo-komponentai\/buferis-slopintuvas\/rope-rocker-damper-type-swd\/#breadcrumb\",\"itemListElement\":[{\"@type\":\"ListItem\",\"position\":1,\"name\":\"Home\",\"item\":\"https:\/\/dev.myindustrial.eu\/lt\/\"},{\"@type\":\"ListItem\",\"position\":2,\"name\":\"Products\",\"item\":\"https:\/\/dev.myindustrial.eu\/lt\/products\/\"},{\"@type\":\"ListItem\",\"position\":3,\"name\":\"Virvi\u0173 svyravim\u0173 slopintuvas SWD tipo\"}]},{\"@type\":\"WebSite\",\"@id\":\"https:\/\/dev.myindustrial.eu\/lt\/#website\",\"url\":\"https:\/\/dev.myindustrial.eu\/lt\/\",\"name\":\"My industrial\",\"description\":\"\",\"potentialAction\":[{\"@type\":\"SearchAction\",\"target\":{\"@type\":\"EntryPoint\",\"urlTemplate\":\"https:\/\/dev.myindustrial.eu\/lt\/?s={search_term_string}\"},\"query-input\":{\"@type\":\"PropertyValueSpecification\",\"valueRequired\":true,\"valueName\":\"search_term_string\"}}],\"inLanguage\":\"lt-LT\"}]}<\/script>\n<!-- \/ Yoast SEO plugin. -->","yoast_head_json":{"title":"Virvi\u0173 svyravim\u0173 slopintuvas SWD tipo - My industrial","robots":{"index":"noindex","follow":"follow","max-snippet":"max-snippet:-1","max-image-preview":"max-image-preview:large","max-video-preview":"max-video-preview:-1"},"og_locale":"lt_LT","og_type":"article","og_title":"Virvi\u0173 svyravim\u0173 slopintuvas SWD tipo - My industrial","og_description":"SWD \u2013 Virvi\u0173 svyravim\u0173 slopintuvas. Momentinis j\u0117gos perdavimas nutr\u016bkus virvei.   Integracija \u012f virvi\u0173 balansavimo sistem\u0105  Ypa\u010d tinka atomini\u0173 elektrini\u0173 kranams (KTA) ir konteineri\u0173 tvarkymui  Integruotas automatinis vo\u017etuvas u\u017etikrina greit\u0105 reakcijos laik\u0105 ir labai ma\u017eas atstatymo j\u0117gas  Ma\u017eas apkrovos poslinkio impulsas  Apsauga nuo krovinio kritimo nutr\u016bkus virvei  Momentinis slopinimas nutr\u016bkus virvei  Virvi\u0173 ilgio ir j\u0117gos balansas balansavimo sistemose","og_url":"https:\/\/dev.myindustrial.eu\/lt\/shop\/pramonines-stabdziu-sistemos-ir-pavaru-sustabdymo-komponentai\/buferis-slopintuvas\/rope-rocker-damper-type-swd\/","og_site_name":"My industrial","article_modified_time":"2024-12-26T17:31:24+00:00","og_image":[{"width":800,"height":800,"url":"https:\/\/dev.myindustrial.eu\/wp-content\/uploads\/2024\/12\/seilwippendaempfer.webp","type":"image\/webp"}],"twitter_card":"summary_large_image","schema":{"@context":"https:\/\/schema.org","@graph":[{"@type":"WebPage","@id":"https:\/\/dev.myindustrial.eu\/lt\/shop\/pramonines-stabdziu-sistemos-ir-pavaru-sustabdymo-komponentai\/buferis-slopintuvas\/rope-rocker-damper-type-swd\/","url":"https:\/\/dev.myindustrial.eu\/lt\/shop\/pramonines-stabdziu-sistemos-ir-pavaru-sustabdymo-komponentai\/buferis-slopintuvas\/rope-rocker-damper-type-swd\/","name":"Virvi\u0173 svyravim\u0173 slopintuvas SWD tipo - My industrial","isPartOf":{"@id":"https:\/\/dev.myindustrial.eu\/lt\/#website"},"primaryImageOfPage":{"@id":"https:\/\/dev.myindustrial.eu\/lt\/shop\/pramonines-stabdziu-sistemos-ir-pavaru-sustabdymo-komponentai\/buferis-slopintuvas\/rope-rocker-damper-type-swd\/#primaryimage"},"image":{"@id":"https:\/\/dev.myindustrial.eu\/lt\/shop\/pramonines-stabdziu-sistemos-ir-pavaru-sustabdymo-komponentai\/buferis-slopintuvas\/rope-rocker-damper-type-swd\/#primaryimage"},"thumbnailUrl":"https:\/\/dev.myindustrial.eu\/wp-content\/uploads\/2024\/12\/seilwippendaempfer.webp","datePublished":"2024-12-02T10:15:26+00:00","dateModified":"2024-12-26T17:31:24+00:00","breadcrumb":{"@id":"https:\/\/dev.myindustrial.eu\/lt\/shop\/pramonines-stabdziu-sistemos-ir-pavaru-sustabdymo-komponentai\/buferis-slopintuvas\/rope-rocker-damper-type-swd\/#breadcrumb"},"inLanguage":"lt-LT","potentialAction":[{"@type":"ReadAction","target":["https:\/\/dev.myindustrial.eu\/lt\/shop\/pramonines-stabdziu-sistemos-ir-pavaru-sustabdymo-komponentai\/buferis-slopintuvas\/rope-rocker-damper-type-swd\/"]}]},{"@type":"ImageObject","inLanguage":"lt-LT","@id":"https:\/\/dev.myindustrial.eu\/lt\/shop\/pramonines-stabdziu-sistemos-ir-pavaru-sustabdymo-komponentai\/buferis-slopintuvas\/rope-rocker-damper-type-swd\/#primaryimage","url":"https:\/\/dev.myindustrial.eu\/wp-content\/uploads\/2024\/12\/seilwippendaempfer.webp","contentUrl":"https:\/\/dev.myindustrial.eu\/wp-content\/uploads\/2024\/12\/seilwippendaempfer.webp","width":800,"height":800},{"@type":"BreadcrumbList","@id":"https:\/\/dev.myindustrial.eu\/lt\/shop\/pramonines-stabdziu-sistemos-ir-pavaru-sustabdymo-komponentai\/buferis-slopintuvas\/rope-rocker-damper-type-swd\/#breadcrumb","itemListElement":[{"@type":"ListItem","position":1,"name":"Home","item":"https:\/\/dev.myindustrial.eu\/lt\/"},{"@type":"ListItem","position":2,"name":"Products","item":"https:\/\/dev.myindustrial.eu\/lt\/products\/"},{"@type":"ListItem","position":3,"name":"Virvi\u0173 svyravim\u0173 slopintuvas SWD tipo"}]},{"@type":"WebSite","@id":"https:\/\/dev.myindustrial.eu\/lt\/#website","url":"https:\/\/dev.myindustrial.eu\/lt\/","name":"My industrial","description":"","potentialAction":[{"@type":"SearchAction","target":{"@type":"EntryPoint","urlTemplate":"https:\/\/dev.myindustrial.eu\/lt\/?s={search_term_string}"},"query-input":{"@type":"PropertyValueSpecification","valueRequired":true,"valueName":"search_term_string"}}],"inLanguage":"lt-LT"}]}},"_links":{"self":[{"href":"https:\/\/dev.myindustrial.eu\/lt\/wp-json\/wp\/v2\/product\/1260065511","targetHints":{"allow":["GET"]}}],"collection":[{"href":"https:\/\/dev.myindustrial.eu\/lt\/wp-json\/wp\/v2\/product"}],"about":[{"href":"https:\/\/dev.myindustrial.eu\/lt\/wp-json\/wp\/v2\/types\/product"}],"version-history":[{"count":1,"href":"https:\/\/dev.myindustrial.eu\/lt\/wp-json\/wp\/v2\/product\/1260065511\/revisions"}],"predecessor-version":[{"id":1260065512,"href":"https:\/\/dev.myindustrial.eu\/lt\/wp-json\/wp\/v2\/product\/1260065511\/revisions\/1260065512"}],"wp:featuredmedia":[{"embeddable":true,"href":"https:\/\/dev.myindustrial.eu\/lt\/wp-json\/wp\/v2\/media\/1260064816"}],"wp:attachment":[{"href":"https:\/\/dev.myindustrial.eu\/lt\/wp-json\/wp\/v2\/media?parent=1260065511"}],"wp:term":[{"taxonomy":"product_brand","embeddable":true,"href":"https:\/\/dev.myindustrial.eu\/lt\/wp-json\/wp\/v2\/product_brand?post=1260065511"},{"taxonomy":"product_cat","embeddable":true,"href":"https:\/\/dev.myindustrial.eu\/lt\/wp-json\/wp\/v2\/product_cat?post=1260065511"},{"taxonomy":"product_tag","embeddable":true,"href":"https:\/\/dev.myindustrial.eu\/lt\/wp-json\/wp\/v2\/product_tag?post=1260065511"}],"curies":[{"name":"wp","href":"https:\/\/api.w.org\/{rel}","templated":true}]}}