{"id":1260065518,"date":"2024-12-02T10:24:12","date_gmt":"2024-12-02T10:24:12","guid":{"rendered":"https:\/\/dev.myindustrial.eu\/shop\/be-kategorijos\/buffer-stops-for-track-and-railway-systems\/"},"modified":"2024-12-26T17:41:33","modified_gmt":"2024-12-26T17:41:33","slug":"buffer-stops-for-track-and-railway-systems","status":"publish","type":"product","link":"https:\/\/dev.myindustrial.eu\/lt\/shop\/pramonines-stabdziu-sistemos-ir-pavaru-sustabdymo-komponentai\/buferiniai-atitvarai\/buffer-stops-for-track-and-railway-systems\/","title":{"rendered":"Buferiniai sustojimai b\u0117gi\u0173 ir gele\u017einkeli\u0173 sistemoms"},"content":{"rendered":"<p><iframe title=\"YouTube video player\" src=\"https:\/\/www.youtube.com\/embed\/-hEjYF0KZfA?si=yRdPQBtqmFdWWFja\" width=\"560\" height=\"315\" frameborder=\"0\" allowfullscreen=\"allowfullscreen\"><\/iframe><\/p>\n","protected":false},"excerpt":{"rendered":"<p><span style=\"font-weight: 400;\">Buferinis sustojimas b\u0117gi\u0173 tvirtinimo sprendimui. Tvirtinimas atliekamas specialiais gr\u016bdintais tvirtinimo elementais.<\/span><\/p>\n<ul>\n<li style=\"font-weight: 400;\" aria-level=\"1\"><span style=\"font-weight: 400;\">Lengvas montavimas ir derinimas<\/span><\/li>\n<li style=\"font-weight: 400;\" aria-level=\"1\"><span style=\"font-weight: 400;\">Susicentruojantis<\/span><\/li>\n<li style=\"font-weight: 400;\" aria-level=\"1\"><span style=\"font-weight: 400;\">Tinka vis\u0173 tip\u0173 standartiniams b\u0117giams<\/span><\/li>\n<li style=\"font-weight: 400;\" aria-level=\"1\"><span style=\"font-weight: 400;\">Kaip dinaminis buferis su integruotu amortizatoriumi<\/span><\/li>\n<li style=\"font-weight: 400;\" aria-level=\"1\"><span style=\"font-weight: 400;\">Kaip statinis galinis amortizatorius<\/span><\/li>\n<\/ul>\n<p><b>Savyb\u0117s<\/b><\/p>\n<ul>\n<li style=\"font-weight: 400;\" aria-level=\"1\"><span style=\"font-weight: 400;\">Buferiniai sustojimai su integruotais amortizatoriais arba be j\u0173<\/span><\/li>\n<li style=\"font-weight: 400;\" aria-level=\"1\"><span style=\"font-weight: 400;\">Tvirtinimas var\u017etais arba tvirtinimas su \u012f\u017eemintais inkarais<\/span><\/li>\n<li style=\"font-weight: 400;\" aria-level=\"1\"><span style=\"font-weight: 400;\">Tvirtinimo veiksmingumas d\u0117l speciali\u0173 tvirtinimo element<\/span><\/li>\n<li style=\"font-weight: 400;\" aria-level=\"1\"><span style=\"font-weight: 400;\">Tvirta konstrukcija<\/span><\/li>\n<li style=\"font-weight: 400;\" aria-level=\"1\"><span style=\"font-weight: 400;\">Lankstus ir lengvas montavimas<\/span><\/li>\n<li style=\"font-weight: 400;\" aria-level=\"1\"><span style=\"font-weight: 400;\">Prispaudimo elementai b\u0117giams su \u012fstri\u017eais galais, pritaikyti pagal klient\u0173 reikalavimus<\/span><\/li>\n<li style=\"font-weight: 400;\" aria-level=\"1\"><span style=\"font-weight: 400;\">Special\u016bs dizainai montavimui kanal\u0173 viduje<\/span><\/li>\n<\/ul>\n<p><b>Techniniai privalumai<\/b><\/p>\n<ul>\n<li style=\"font-weight: 400;\" aria-level=\"1\"><span style=\"font-weight: 400;\">Buferiai, integruoti \u012f buferinius sustojimus, lengvai kei\u010diami d\u0117l naujos vir\u0161utin\u0117s dalies atidarymo funkcijos.<\/span><\/li>\n<\/ul>\n","protected":false},"featured_media":1260064847,"template":"","meta":[],"product_brand":[],"product_cat":[1688],"product_tag":[],"class_list":{"0":"post-1260065518","1":"product","2":"type-product","3":"status-publish","4":"has-post-thumbnail","6":"product_cat-buferiniai-atitvarai","8":"first","9":"instock","10":"shipping-taxable","11":"product-type-simple"},"yoast_head":"<!-- This site is optimized with the Yoast SEO plugin v27.1.1 - https:\/\/yoast.com\/product\/yoast-seo-wordpress\/ -->\n<title>Buferiniai sustojimai b\u0117gi\u0173 ir gele\u017einkeli\u0173 sistemoms - My industrial<\/title>\n<meta name=\"robots\" content=\"noindex, follow, max-snippet:-1, max-image-preview:large, max-video-preview:-1\" \/>\n<meta property=\"og:locale\" content=\"lt_LT\" \/>\n<meta property=\"og:type\" content=\"article\" \/>\n<meta property=\"og:title\" content=\"Buferiniai sustojimai b\u0117gi\u0173 ir gele\u017einkeli\u0173 sistemoms - My industrial\" \/>\n<meta property=\"og:description\" content=\"Buferinis sustojimas b\u0117gi\u0173 tvirtinimo sprendimui. Tvirtinimas atliekamas specialiais gr\u016bdintais tvirtinimo elementais.   Lengvas montavimas ir derinimas  Susicentruojantis  Tinka vis\u0173 tip\u0173 standartiniams b\u0117giams  Kaip dinaminis buferis su integruotu amortizatoriumi  Kaip statinis galinis amortizatorius  Savyb\u0117s   Buferiniai sustojimai su integruotais amortizatoriais arba be j\u0173  Tvirtinimas var\u017etais arba tvirtinimas su \u012f\u017eemintais inkarais  Tvirtinimo veiksmingumas d\u0117l speciali\u0173 tvirtinimo element  Tvirta konstrukcija  Lankstus ir lengvas montavimas  Prispaudimo elementai b\u0117giams su \u012fstri\u017eais galais, pritaikyti pagal klient\u0173 reikalavimus  Special\u016bs dizainai montavimui kanal\u0173 viduje  Techniniai privalumai   Buferiai, integruoti \u012f buferinius sustojimus, lengvai kei\u010diami d\u0117l naujos vir\u0161utin\u0117s dalies atidarymo funkcijos.\" \/>\n<meta property=\"og:url\" content=\"https:\/\/dev.myindustrial.eu\/lt\/shop\/pramonines-stabdziu-sistemos-ir-pavaru-sustabdymo-komponentai\/buferiniai-atitvarai\/buffer-stops-for-track-and-railway-systems\/\" \/>\n<meta property=\"og:site_name\" content=\"My industrial\" \/>\n<meta property=\"article:modified_time\" content=\"2024-12-26T17:41:33+00:00\" \/>\n<meta property=\"og:image\" content=\"https:\/\/dev.myindustrial.eu\/wp-content\/uploads\/2024\/12\/rft_bufferstops.webp\" \/>\n\t<meta property=\"og:image:width\" content=\"800\" \/>\n\t<meta property=\"og:image:height\" content=\"800\" \/>\n\t<meta property=\"og:image:type\" content=\"image\/webp\" \/>\n<meta name=\"twitter:card\" content=\"summary_large_image\" \/>\n<script type=\"application\/ld+json\" class=\"yoast-schema-graph\">{\"@context\":\"https:\/\/schema.org\",\"@graph\":[{\"@type\":\"WebPage\",\"@id\":\"https:\/\/dev.myindustrial.eu\/lt\/shop\/pramonines-stabdziu-sistemos-ir-pavaru-sustabdymo-komponentai\/buferiniai-atitvarai\/buffer-stops-for-track-and-railway-systems\/\",\"url\":\"https:\/\/dev.myindustrial.eu\/lt\/shop\/pramonines-stabdziu-sistemos-ir-pavaru-sustabdymo-komponentai\/buferiniai-atitvarai\/buffer-stops-for-track-and-railway-systems\/\",\"name\":\"Buferiniai sustojimai b\u0117gi\u0173 ir gele\u017einkeli\u0173 sistemoms - My industrial\",\"isPartOf\":{\"@id\":\"https:\/\/dev.myindustrial.eu\/lt\/#website\"},\"primaryImageOfPage\":{\"@id\":\"https:\/\/dev.myindustrial.eu\/lt\/shop\/pramonines-stabdziu-sistemos-ir-pavaru-sustabdymo-komponentai\/buferiniai-atitvarai\/buffer-stops-for-track-and-railway-systems\/#primaryimage\"},\"image\":{\"@id\":\"https:\/\/dev.myindustrial.eu\/lt\/shop\/pramonines-stabdziu-sistemos-ir-pavaru-sustabdymo-komponentai\/buferiniai-atitvarai\/buffer-stops-for-track-and-railway-systems\/#primaryimage\"},\"thumbnailUrl\":\"https:\/\/dev.myindustrial.eu\/wp-content\/uploads\/2024\/12\/rft_bufferstops.webp\",\"datePublished\":\"2024-12-02T10:24:12+00:00\",\"dateModified\":\"2024-12-26T17:41:33+00:00\",\"breadcrumb\":{\"@id\":\"https:\/\/dev.myindustrial.eu\/lt\/shop\/pramonines-stabdziu-sistemos-ir-pavaru-sustabdymo-komponentai\/buferiniai-atitvarai\/buffer-stops-for-track-and-railway-systems\/#breadcrumb\"},\"inLanguage\":\"lt-LT\",\"potentialAction\":[{\"@type\":\"ReadAction\",\"target\":[\"https:\/\/dev.myindustrial.eu\/lt\/shop\/pramonines-stabdziu-sistemos-ir-pavaru-sustabdymo-komponentai\/buferiniai-atitvarai\/buffer-stops-for-track-and-railway-systems\/\"]}]},{\"@type\":\"ImageObject\",\"inLanguage\":\"lt-LT\",\"@id\":\"https:\/\/dev.myindustrial.eu\/lt\/shop\/pramonines-stabdziu-sistemos-ir-pavaru-sustabdymo-komponentai\/buferiniai-atitvarai\/buffer-stops-for-track-and-railway-systems\/#primaryimage\",\"url\":\"https:\/\/dev.myindustrial.eu\/wp-content\/uploads\/2024\/12\/rft_bufferstops.webp\",\"contentUrl\":\"https:\/\/dev.myindustrial.eu\/wp-content\/uploads\/2024\/12\/rft_bufferstops.webp\",\"width\":800,\"height\":800},{\"@type\":\"BreadcrumbList\",\"@id\":\"https:\/\/dev.myindustrial.eu\/lt\/shop\/pramonines-stabdziu-sistemos-ir-pavaru-sustabdymo-komponentai\/buferiniai-atitvarai\/buffer-stops-for-track-and-railway-systems\/#breadcrumb\",\"itemListElement\":[{\"@type\":\"ListItem\",\"position\":1,\"name\":\"Home\",\"item\":\"https:\/\/dev.myindustrial.eu\/lt\/\"},{\"@type\":\"ListItem\",\"position\":2,\"name\":\"Products\",\"item\":\"https:\/\/dev.myindustrial.eu\/lt\/products\/\"},{\"@type\":\"ListItem\",\"position\":3,\"name\":\"Buferiniai sustojimai b\u0117gi\u0173 ir gele\u017einkeli\u0173 sistemoms\"}]},{\"@type\":\"WebSite\",\"@id\":\"https:\/\/dev.myindustrial.eu\/lt\/#website\",\"url\":\"https:\/\/dev.myindustrial.eu\/lt\/\",\"name\":\"My industrial\",\"description\":\"\",\"potentialAction\":[{\"@type\":\"SearchAction\",\"target\":{\"@type\":\"EntryPoint\",\"urlTemplate\":\"https:\/\/dev.myindustrial.eu\/lt\/?s={search_term_string}\"},\"query-input\":{\"@type\":\"PropertyValueSpecification\",\"valueRequired\":true,\"valueName\":\"search_term_string\"}}],\"inLanguage\":\"lt-LT\"}]}<\/script>\n<!-- \/ Yoast SEO plugin. -->","yoast_head_json":{"title":"Buferiniai sustojimai b\u0117gi\u0173 ir gele\u017einkeli\u0173 sistemoms - My industrial","robots":{"index":"noindex","follow":"follow","max-snippet":"max-snippet:-1","max-image-preview":"max-image-preview:large","max-video-preview":"max-video-preview:-1"},"og_locale":"lt_LT","og_type":"article","og_title":"Buferiniai sustojimai b\u0117gi\u0173 ir gele\u017einkeli\u0173 sistemoms - My industrial","og_description":"Buferinis sustojimas b\u0117gi\u0173 tvirtinimo sprendimui. Tvirtinimas atliekamas specialiais gr\u016bdintais tvirtinimo elementais.   Lengvas montavimas ir derinimas  Susicentruojantis  Tinka vis\u0173 tip\u0173 standartiniams b\u0117giams  Kaip dinaminis buferis su integruotu amortizatoriumi  Kaip statinis galinis amortizatorius  Savyb\u0117s   Buferiniai sustojimai su integruotais amortizatoriais arba be j\u0173  Tvirtinimas var\u017etais arba tvirtinimas su \u012f\u017eemintais inkarais  Tvirtinimo veiksmingumas d\u0117l speciali\u0173 tvirtinimo element  Tvirta konstrukcija  Lankstus ir lengvas montavimas  Prispaudimo elementai b\u0117giams su \u012fstri\u017eais galais, pritaikyti pagal klient\u0173 reikalavimus  Special\u016bs dizainai montavimui kanal\u0173 viduje  Techniniai privalumai   Buferiai, integruoti \u012f buferinius sustojimus, lengvai kei\u010diami d\u0117l naujos vir\u0161utin\u0117s dalies atidarymo funkcijos.","og_url":"https:\/\/dev.myindustrial.eu\/lt\/shop\/pramonines-stabdziu-sistemos-ir-pavaru-sustabdymo-komponentai\/buferiniai-atitvarai\/buffer-stops-for-track-and-railway-systems\/","og_site_name":"My industrial","article_modified_time":"2024-12-26T17:41:33+00:00","og_image":[{"width":800,"height":800,"url":"https:\/\/dev.myindustrial.eu\/wp-content\/uploads\/2024\/12\/rft_bufferstops.webp","type":"image\/webp"}],"twitter_card":"summary_large_image","schema":{"@context":"https:\/\/schema.org","@graph":[{"@type":"WebPage","@id":"https:\/\/dev.myindustrial.eu\/lt\/shop\/pramonines-stabdziu-sistemos-ir-pavaru-sustabdymo-komponentai\/buferiniai-atitvarai\/buffer-stops-for-track-and-railway-systems\/","url":"https:\/\/dev.myindustrial.eu\/lt\/shop\/pramonines-stabdziu-sistemos-ir-pavaru-sustabdymo-komponentai\/buferiniai-atitvarai\/buffer-stops-for-track-and-railway-systems\/","name":"Buferiniai sustojimai b\u0117gi\u0173 ir gele\u017einkeli\u0173 sistemoms - My industrial","isPartOf":{"@id":"https:\/\/dev.myindustrial.eu\/lt\/#website"},"primaryImageOfPage":{"@id":"https:\/\/dev.myindustrial.eu\/lt\/shop\/pramonines-stabdziu-sistemos-ir-pavaru-sustabdymo-komponentai\/buferiniai-atitvarai\/buffer-stops-for-track-and-railway-systems\/#primaryimage"},"image":{"@id":"https:\/\/dev.myindustrial.eu\/lt\/shop\/pramonines-stabdziu-sistemos-ir-pavaru-sustabdymo-komponentai\/buferiniai-atitvarai\/buffer-stops-for-track-and-railway-systems\/#primaryimage"},"thumbnailUrl":"https:\/\/dev.myindustrial.eu\/wp-content\/uploads\/2024\/12\/rft_bufferstops.webp","datePublished":"2024-12-02T10:24:12+00:00","dateModified":"2024-12-26T17:41:33+00:00","breadcrumb":{"@id":"https:\/\/dev.myindustrial.eu\/lt\/shop\/pramonines-stabdziu-sistemos-ir-pavaru-sustabdymo-komponentai\/buferiniai-atitvarai\/buffer-stops-for-track-and-railway-systems\/#breadcrumb"},"inLanguage":"lt-LT","potentialAction":[{"@type":"ReadAction","target":["https:\/\/dev.myindustrial.eu\/lt\/shop\/pramonines-stabdziu-sistemos-ir-pavaru-sustabdymo-komponentai\/buferiniai-atitvarai\/buffer-stops-for-track-and-railway-systems\/"]}]},{"@type":"ImageObject","inLanguage":"lt-LT","@id":"https:\/\/dev.myindustrial.eu\/lt\/shop\/pramonines-stabdziu-sistemos-ir-pavaru-sustabdymo-komponentai\/buferiniai-atitvarai\/buffer-stops-for-track-and-railway-systems\/#primaryimage","url":"https:\/\/dev.myindustrial.eu\/wp-content\/uploads\/2024\/12\/rft_bufferstops.webp","contentUrl":"https:\/\/dev.myindustrial.eu\/wp-content\/uploads\/2024\/12\/rft_bufferstops.webp","width":800,"height":800},{"@type":"BreadcrumbList","@id":"https:\/\/dev.myindustrial.eu\/lt\/shop\/pramonines-stabdziu-sistemos-ir-pavaru-sustabdymo-komponentai\/buferiniai-atitvarai\/buffer-stops-for-track-and-railway-systems\/#breadcrumb","itemListElement":[{"@type":"ListItem","position":1,"name":"Home","item":"https:\/\/dev.myindustrial.eu\/lt\/"},{"@type":"ListItem","position":2,"name":"Products","item":"https:\/\/dev.myindustrial.eu\/lt\/products\/"},{"@type":"ListItem","position":3,"name":"Buferiniai sustojimai b\u0117gi\u0173 ir gele\u017einkeli\u0173 sistemoms"}]},{"@type":"WebSite","@id":"https:\/\/dev.myindustrial.eu\/lt\/#website","url":"https:\/\/dev.myindustrial.eu\/lt\/","name":"My industrial","description":"","potentialAction":[{"@type":"SearchAction","target":{"@type":"EntryPoint","urlTemplate":"https:\/\/dev.myindustrial.eu\/lt\/?s={search_term_string}"},"query-input":{"@type":"PropertyValueSpecification","valueRequired":true,"valueName":"search_term_string"}}],"inLanguage":"lt-LT"}]}},"_links":{"self":[{"href":"https:\/\/dev.myindustrial.eu\/lt\/wp-json\/wp\/v2\/product\/1260065518","targetHints":{"allow":["GET"]}}],"collection":[{"href":"https:\/\/dev.myindustrial.eu\/lt\/wp-json\/wp\/v2\/product"}],"about":[{"href":"https:\/\/dev.myindustrial.eu\/lt\/wp-json\/wp\/v2\/types\/product"}],"version-history":[{"count":0,"href":"https:\/\/dev.myindustrial.eu\/lt\/wp-json\/wp\/v2\/product\/1260065518\/revisions"}],"wp:featuredmedia":[{"embeddable":true,"href":"https:\/\/dev.myindustrial.eu\/lt\/wp-json\/wp\/v2\/media\/1260064847"}],"wp:attachment":[{"href":"https:\/\/dev.myindustrial.eu\/lt\/wp-json\/wp\/v2\/media?parent=1260065518"}],"wp:term":[{"taxonomy":"product_brand","embeddable":true,"href":"https:\/\/dev.myindustrial.eu\/lt\/wp-json\/wp\/v2\/product_brand?post=1260065518"},{"taxonomy":"product_cat","embeddable":true,"href":"https:\/\/dev.myindustrial.eu\/lt\/wp-json\/wp\/v2\/product_cat?post=1260065518"},{"taxonomy":"product_tag","embeddable":true,"href":"https:\/\/dev.myindustrial.eu\/lt\/wp-json\/wp\/v2\/product_tag?post=1260065518"}],"curies":[{"name":"wp","href":"https:\/\/api.w.org\/{rel}","templated":true}]}}