{"id":1260065523,"date":"2024-12-02T10:32:32","date_gmt":"2024-12-02T10:32:32","guid":{"rendered":"https:\/\/dev.myindustrial.eu\/shop\/be-kategorijos\/caliper-safety-disc-brake-type-scfh\/"},"modified":"2024-12-26T17:51:54","modified_gmt":"2024-12-26T17:51:54","slug":"caliper-safety-disc-brake-type-scfh","status":"publish","type":"product","link":"https:\/\/dev.myindustrial.eu\/lt\/shop\/pramonines-stabdziu-sistemos-ir-pavaru-sustabdymo-komponentai\/avarinis-suportinis-diskinis-stabdys\/caliper-safety-disc-brake-type-scfh\/","title":{"rendered":"Avarinis suportinis diskinis stabdys SCFH tipo"},"content":{"rendered":"<p><b>Ypatyb\u0117s<\/b><\/p>\n<ul>\n<li style=\"font-weight: 400;\" aria-level=\"1\"><span style=\"font-weight: 400;\">Stabdymas naudojant spyruokl\u0117s j\u0117g\u0105. Spyruokl\u0117s sukuriama stabdymo j\u0117ga<\/span><\/li>\n<li style=\"font-weight: 400;\" aria-level=\"1\"><span style=\"font-weight: 400;\">Pak\u0117limas naudojant hidraulin\u012f cilindr\u0105. Hidraulinis atleidimas<\/span><\/li>\n<li style=\"font-weight: 400;\" aria-level=\"1\"><span style=\"font-weight: 400;\">Automatinis veikimas nutr\u016bkus energijos tiekimui. Avarinis saugumas (\u201eFail Safe\u201c) (dingus energijai stabdys automati\u0161kai \u012fsijungia)<\/span><\/li>\n<\/ul>\n<p><b>Techniniai privalumai<\/b><\/p>\n<ul>\n<li style=\"font-weight: 400;\" aria-level=\"1\"><span style=\"font-weight: 400;\">Labai auk\u0161ta kokyb\u0117 ir saugos lygis<\/span><\/li>\n<li style=\"font-weight: 400;\" aria-level=\"1\"><span style=\"font-weight: 400;\">Tiesioginis veikimas be tarpini\u0173 mechanizm\u0173<\/span><\/li>\n<li style=\"font-weight: 400;\" aria-level=\"1\"><span style=\"font-weight: 400;\">Fiksuota, nejudanti konstrukcija<\/span><\/li>\n<li style=\"font-weight: 400;\" aria-level=\"1\"><span style=\"font-weight: 400;\">Ilgas tarnavimo laikas \/ Suma\u017eintos prie\u017ei\u016bros ir eksploatacijos i\u0161laidos<\/span><\/li>\n<\/ul>\n","protected":false},"excerpt":{"rendered":"<p><span style=\"font-weight: 400;\">\u201e\u017demo grei\u010dio\u201c stabdys.<\/span><span style=\"font-weight: 400;\"><br \/>\n<\/span><span style=\"font-weight: 400;\">Suportinis diskinis stabdys, veikiantis tiesiogiai ant lyno b\u016bgno disko. U\u017etikrina apsaug\u0105 nuo apkrovos kritimo ir papildom\u0105 saugum\u0105 (taip pat reaguoja pavaros veleno l\u016b\u017eimo atveju).<\/span><\/p>\n<ul>\n<li style=\"font-weight: 400;\" aria-level=\"1\"><span style=\"font-weight: 400;\">Tiesioginio veikimo \/ Be svirties perdavimo<\/span><\/li>\n<li style=\"font-weight: 400;\" aria-level=\"1\"><span style=\"font-weight: 400;\">Trinties kalad\u0117li\u0173 j\u0117ga iki 400 kN vienai u\u017espaudimo sistemai<\/span><\/li>\n<li style=\"font-weight: 400;\" aria-level=\"1\"><span style=\"font-weight: 400;\">U\u017espaudimo variantai ant vieno stabd\u017ei\u0173 disko (pvz.: 4 x SCFH-4 = 1600 kN trinties kalad\u0117li\u0173 j\u0117ga)<\/span><\/li>\n<li style=\"font-weight: 400;\" aria-level=\"1\"><span style=\"font-weight: 400;\">Auk\u0161tas ir nepriklausomas stabdymo momentas abiem sukimosi kryptimis<\/span><\/li>\n<li style=\"font-weight: 400;\" aria-level=\"1\"><span style=\"font-weight: 400;\">Dvi identi\u0161kos u\u017espaudimo pus\u0117s<\/span><\/li>\n<li style=\"font-weight: 400;\" aria-level=\"1\"><span style=\"font-weight: 400;\">Rankinis stabd\u017ei\u0173 kalad\u0117li\u0173 nusid\u0117v\u0117jimo reguliavimas<\/span><\/li>\n<li style=\"font-weight: 400;\" aria-level=\"1\"><span style=\"font-weight: 400;\">Pak\u0117limo tarpas reguliuojamas nuo 1 mm iki 3 mm<\/span><\/li>\n<li style=\"font-weight: 400;\" aria-level=\"1\"><span style=\"font-weight: 400;\">Hidraulin\u0117 sistema visi\u0161kai u\u017edara<\/span><\/li>\n<li style=\"font-weight: 400;\" aria-level=\"1\"><span style=\"font-weight: 400;\">Standarti\u0161kai naudojamos ma\u017eai d\u0117vimos sukepintos stabd\u017ei\u0173 kalad\u0117l\u0117s<\/span><\/li>\n<\/ul>\n","protected":false},"featured_media":1260064853,"template":"","meta":[],"product_brand":[],"product_cat":[1692],"product_tag":[],"class_list":{"0":"post-1260065523","1":"product","2":"type-product","3":"status-publish","4":"has-post-thumbnail","6":"product_cat-avarinis-suportinis-diskinis-stabdys","8":"first","9":"instock","10":"shipping-taxable","11":"product-type-simple"},"yoast_head":"<!-- This site is optimized with the Yoast SEO plugin v27.1.1 - https:\/\/yoast.com\/product\/yoast-seo-wordpress\/ -->\n<title>Avarinis suportinis diskinis stabdys SCFH tipo - My industrial<\/title>\n<meta name=\"robots\" content=\"noindex, follow, max-snippet:-1, max-image-preview:large, max-video-preview:-1\" \/>\n<meta property=\"og:locale\" content=\"lt_LT\" \/>\n<meta property=\"og:type\" content=\"article\" \/>\n<meta property=\"og:title\" content=\"Avarinis suportinis diskinis stabdys SCFH tipo - My industrial\" \/>\n<meta property=\"og:description\" content=\"\u201e\u017demo grei\u010dio\u201c stabdys. Suportinis diskinis stabdys, veikiantis tiesiogiai ant lyno b\u016bgno disko. U\u017etikrina apsaug\u0105 nuo apkrovos kritimo ir papildom\u0105 saugum\u0105 (taip pat reaguoja pavaros veleno l\u016b\u017eimo atveju).   Tiesioginio veikimo \/ Be svirties perdavimo  Trinties kalad\u0117li\u0173 j\u0117ga iki 400 kN vienai u\u017espaudimo sistemai  U\u017espaudimo variantai ant vieno stabd\u017ei\u0173 disko (pvz.: 4 x SCFH-4 = 1600 kN trinties kalad\u0117li\u0173 j\u0117ga)  Auk\u0161tas ir nepriklausomas stabdymo momentas abiem sukimosi kryptimis  Dvi identi\u0161kos u\u017espaudimo pus\u0117s  Rankinis stabd\u017ei\u0173 kalad\u0117li\u0173 nusid\u0117v\u0117jimo reguliavimas  Pak\u0117limo tarpas reguliuojamas nuo 1 mm iki 3 mm  Hidraulin\u0117 sistema visi\u0161kai u\u017edara  Standarti\u0161kai naudojamos ma\u017eai d\u0117vimos sukepintos stabd\u017ei\u0173 kalad\u0117l\u0117s\" \/>\n<meta property=\"og:url\" content=\"https:\/\/dev.myindustrial.eu\/lt\/shop\/pramonines-stabdziu-sistemos-ir-pavaru-sustabdymo-komponentai\/avarinis-suportinis-diskinis-stabdys\/caliper-safety-disc-brake-type-scfh\/\" \/>\n<meta property=\"og:site_name\" content=\"My industrial\" \/>\n<meta property=\"article:modified_time\" content=\"2024-12-26T17:51:54+00:00\" \/>\n<meta property=\"og:image\" content=\"https:\/\/dev.myindustrial.eu\/wp-content\/uploads\/2024\/12\/rft_calipersafetybrake-type-scfh.webp\" \/>\n\t<meta property=\"og:image:width\" content=\"800\" \/>\n\t<meta property=\"og:image:height\" content=\"800\" \/>\n\t<meta property=\"og:image:type\" content=\"image\/webp\" \/>\n<meta name=\"twitter:card\" content=\"summary_large_image\" \/>\n<script type=\"application\/ld+json\" class=\"yoast-schema-graph\">{\"@context\":\"https:\/\/schema.org\",\"@graph\":[{\"@type\":\"WebPage\",\"@id\":\"https:\/\/dev.myindustrial.eu\/lt\/shop\/pramonines-stabdziu-sistemos-ir-pavaru-sustabdymo-komponentai\/avarinis-suportinis-diskinis-stabdys\/caliper-safety-disc-brake-type-scfh\/\",\"url\":\"https:\/\/dev.myindustrial.eu\/lt\/shop\/pramonines-stabdziu-sistemos-ir-pavaru-sustabdymo-komponentai\/avarinis-suportinis-diskinis-stabdys\/caliper-safety-disc-brake-type-scfh\/\",\"name\":\"Avarinis suportinis diskinis stabdys SCFH tipo - My industrial\",\"isPartOf\":{\"@id\":\"https:\/\/dev.myindustrial.eu\/lt\/#website\"},\"primaryImageOfPage\":{\"@id\":\"https:\/\/dev.myindustrial.eu\/lt\/shop\/pramonines-stabdziu-sistemos-ir-pavaru-sustabdymo-komponentai\/avarinis-suportinis-diskinis-stabdys\/caliper-safety-disc-brake-type-scfh\/#primaryimage\"},\"image\":{\"@id\":\"https:\/\/dev.myindustrial.eu\/lt\/shop\/pramonines-stabdziu-sistemos-ir-pavaru-sustabdymo-komponentai\/avarinis-suportinis-diskinis-stabdys\/caliper-safety-disc-brake-type-scfh\/#primaryimage\"},\"thumbnailUrl\":\"https:\/\/dev.myindustrial.eu\/wp-content\/uploads\/2024\/12\/rft_calipersafetybrake-type-scfh.webp\",\"datePublished\":\"2024-12-02T10:32:32+00:00\",\"dateModified\":\"2024-12-26T17:51:54+00:00\",\"breadcrumb\":{\"@id\":\"https:\/\/dev.myindustrial.eu\/lt\/shop\/pramonines-stabdziu-sistemos-ir-pavaru-sustabdymo-komponentai\/avarinis-suportinis-diskinis-stabdys\/caliper-safety-disc-brake-type-scfh\/#breadcrumb\"},\"inLanguage\":\"lt-LT\",\"potentialAction\":[{\"@type\":\"ReadAction\",\"target\":[\"https:\/\/dev.myindustrial.eu\/lt\/shop\/pramonines-stabdziu-sistemos-ir-pavaru-sustabdymo-komponentai\/avarinis-suportinis-diskinis-stabdys\/caliper-safety-disc-brake-type-scfh\/\"]}]},{\"@type\":\"ImageObject\",\"inLanguage\":\"lt-LT\",\"@id\":\"https:\/\/dev.myindustrial.eu\/lt\/shop\/pramonines-stabdziu-sistemos-ir-pavaru-sustabdymo-komponentai\/avarinis-suportinis-diskinis-stabdys\/caliper-safety-disc-brake-type-scfh\/#primaryimage\",\"url\":\"https:\/\/dev.myindustrial.eu\/wp-content\/uploads\/2024\/12\/rft_calipersafetybrake-type-scfh.webp\",\"contentUrl\":\"https:\/\/dev.myindustrial.eu\/wp-content\/uploads\/2024\/12\/rft_calipersafetybrake-type-scfh.webp\",\"width\":800,\"height\":800},{\"@type\":\"BreadcrumbList\",\"@id\":\"https:\/\/dev.myindustrial.eu\/lt\/shop\/pramonines-stabdziu-sistemos-ir-pavaru-sustabdymo-komponentai\/avarinis-suportinis-diskinis-stabdys\/caliper-safety-disc-brake-type-scfh\/#breadcrumb\",\"itemListElement\":[{\"@type\":\"ListItem\",\"position\":1,\"name\":\"Home\",\"item\":\"https:\/\/dev.myindustrial.eu\/lt\/\"},{\"@type\":\"ListItem\",\"position\":2,\"name\":\"Products\",\"item\":\"https:\/\/dev.myindustrial.eu\/lt\/products\/\"},{\"@type\":\"ListItem\",\"position\":3,\"name\":\"Avarinis suportinis diskinis stabdys SCFH tipo\"}]},{\"@type\":\"WebSite\",\"@id\":\"https:\/\/dev.myindustrial.eu\/lt\/#website\",\"url\":\"https:\/\/dev.myindustrial.eu\/lt\/\",\"name\":\"My industrial\",\"description\":\"\",\"potentialAction\":[{\"@type\":\"SearchAction\",\"target\":{\"@type\":\"EntryPoint\",\"urlTemplate\":\"https:\/\/dev.myindustrial.eu\/lt\/?s={search_term_string}\"},\"query-input\":{\"@type\":\"PropertyValueSpecification\",\"valueRequired\":true,\"valueName\":\"search_term_string\"}}],\"inLanguage\":\"lt-LT\"}]}<\/script>\n<!-- \/ Yoast SEO plugin. -->","yoast_head_json":{"title":"Avarinis suportinis diskinis stabdys SCFH tipo - My industrial","robots":{"index":"noindex","follow":"follow","max-snippet":"max-snippet:-1","max-image-preview":"max-image-preview:large","max-video-preview":"max-video-preview:-1"},"og_locale":"lt_LT","og_type":"article","og_title":"Avarinis suportinis diskinis stabdys SCFH tipo - My industrial","og_description":"\u201e\u017demo grei\u010dio\u201c stabdys. Suportinis diskinis stabdys, veikiantis tiesiogiai ant lyno b\u016bgno disko. U\u017etikrina apsaug\u0105 nuo apkrovos kritimo ir papildom\u0105 saugum\u0105 (taip pat reaguoja pavaros veleno l\u016b\u017eimo atveju).   Tiesioginio veikimo \/ Be svirties perdavimo  Trinties kalad\u0117li\u0173 j\u0117ga iki 400 kN vienai u\u017espaudimo sistemai  U\u017espaudimo variantai ant vieno stabd\u017ei\u0173 disko (pvz.: 4 x SCFH-4 = 1600 kN trinties kalad\u0117li\u0173 j\u0117ga)  Auk\u0161tas ir nepriklausomas stabdymo momentas abiem sukimosi kryptimis  Dvi identi\u0161kos u\u017espaudimo pus\u0117s  Rankinis stabd\u017ei\u0173 kalad\u0117li\u0173 nusid\u0117v\u0117jimo reguliavimas  Pak\u0117limo tarpas reguliuojamas nuo 1 mm iki 3 mm  Hidraulin\u0117 sistema visi\u0161kai u\u017edara  Standarti\u0161kai naudojamos ma\u017eai d\u0117vimos sukepintos stabd\u017ei\u0173 kalad\u0117l\u0117s","og_url":"https:\/\/dev.myindustrial.eu\/lt\/shop\/pramonines-stabdziu-sistemos-ir-pavaru-sustabdymo-komponentai\/avarinis-suportinis-diskinis-stabdys\/caliper-safety-disc-brake-type-scfh\/","og_site_name":"My industrial","article_modified_time":"2024-12-26T17:51:54+00:00","og_image":[{"width":800,"height":800,"url":"https:\/\/dev.myindustrial.eu\/wp-content\/uploads\/2024\/12\/rft_calipersafetybrake-type-scfh.webp","type":"image\/webp"}],"twitter_card":"summary_large_image","schema":{"@context":"https:\/\/schema.org","@graph":[{"@type":"WebPage","@id":"https:\/\/dev.myindustrial.eu\/lt\/shop\/pramonines-stabdziu-sistemos-ir-pavaru-sustabdymo-komponentai\/avarinis-suportinis-diskinis-stabdys\/caliper-safety-disc-brake-type-scfh\/","url":"https:\/\/dev.myindustrial.eu\/lt\/shop\/pramonines-stabdziu-sistemos-ir-pavaru-sustabdymo-komponentai\/avarinis-suportinis-diskinis-stabdys\/caliper-safety-disc-brake-type-scfh\/","name":"Avarinis suportinis diskinis stabdys SCFH tipo - My industrial","isPartOf":{"@id":"https:\/\/dev.myindustrial.eu\/lt\/#website"},"primaryImageOfPage":{"@id":"https:\/\/dev.myindustrial.eu\/lt\/shop\/pramonines-stabdziu-sistemos-ir-pavaru-sustabdymo-komponentai\/avarinis-suportinis-diskinis-stabdys\/caliper-safety-disc-brake-type-scfh\/#primaryimage"},"image":{"@id":"https:\/\/dev.myindustrial.eu\/lt\/shop\/pramonines-stabdziu-sistemos-ir-pavaru-sustabdymo-komponentai\/avarinis-suportinis-diskinis-stabdys\/caliper-safety-disc-brake-type-scfh\/#primaryimage"},"thumbnailUrl":"https:\/\/dev.myindustrial.eu\/wp-content\/uploads\/2024\/12\/rft_calipersafetybrake-type-scfh.webp","datePublished":"2024-12-02T10:32:32+00:00","dateModified":"2024-12-26T17:51:54+00:00","breadcrumb":{"@id":"https:\/\/dev.myindustrial.eu\/lt\/shop\/pramonines-stabdziu-sistemos-ir-pavaru-sustabdymo-komponentai\/avarinis-suportinis-diskinis-stabdys\/caliper-safety-disc-brake-type-scfh\/#breadcrumb"},"inLanguage":"lt-LT","potentialAction":[{"@type":"ReadAction","target":["https:\/\/dev.myindustrial.eu\/lt\/shop\/pramonines-stabdziu-sistemos-ir-pavaru-sustabdymo-komponentai\/avarinis-suportinis-diskinis-stabdys\/caliper-safety-disc-brake-type-scfh\/"]}]},{"@type":"ImageObject","inLanguage":"lt-LT","@id":"https:\/\/dev.myindustrial.eu\/lt\/shop\/pramonines-stabdziu-sistemos-ir-pavaru-sustabdymo-komponentai\/avarinis-suportinis-diskinis-stabdys\/caliper-safety-disc-brake-type-scfh\/#primaryimage","url":"https:\/\/dev.myindustrial.eu\/wp-content\/uploads\/2024\/12\/rft_calipersafetybrake-type-scfh.webp","contentUrl":"https:\/\/dev.myindustrial.eu\/wp-content\/uploads\/2024\/12\/rft_calipersafetybrake-type-scfh.webp","width":800,"height":800},{"@type":"BreadcrumbList","@id":"https:\/\/dev.myindustrial.eu\/lt\/shop\/pramonines-stabdziu-sistemos-ir-pavaru-sustabdymo-komponentai\/avarinis-suportinis-diskinis-stabdys\/caliper-safety-disc-brake-type-scfh\/#breadcrumb","itemListElement":[{"@type":"ListItem","position":1,"name":"Home","item":"https:\/\/dev.myindustrial.eu\/lt\/"},{"@type":"ListItem","position":2,"name":"Products","item":"https:\/\/dev.myindustrial.eu\/lt\/products\/"},{"@type":"ListItem","position":3,"name":"Avarinis suportinis diskinis stabdys SCFH tipo"}]},{"@type":"WebSite","@id":"https:\/\/dev.myindustrial.eu\/lt\/#website","url":"https:\/\/dev.myindustrial.eu\/lt\/","name":"My industrial","description":"","potentialAction":[{"@type":"SearchAction","target":{"@type":"EntryPoint","urlTemplate":"https:\/\/dev.myindustrial.eu\/lt\/?s={search_term_string}"},"query-input":{"@type":"PropertyValueSpecification","valueRequired":true,"valueName":"search_term_string"}}],"inLanguage":"lt-LT"}]}},"_links":{"self":[{"href":"https:\/\/dev.myindustrial.eu\/lt\/wp-json\/wp\/v2\/product\/1260065523","targetHints":{"allow":["GET"]}}],"collection":[{"href":"https:\/\/dev.myindustrial.eu\/lt\/wp-json\/wp\/v2\/product"}],"about":[{"href":"https:\/\/dev.myindustrial.eu\/lt\/wp-json\/wp\/v2\/types\/product"}],"version-history":[{"count":0,"href":"https:\/\/dev.myindustrial.eu\/lt\/wp-json\/wp\/v2\/product\/1260065523\/revisions"}],"wp:featuredmedia":[{"embeddable":true,"href":"https:\/\/dev.myindustrial.eu\/lt\/wp-json\/wp\/v2\/media\/1260064853"}],"wp:attachment":[{"href":"https:\/\/dev.myindustrial.eu\/lt\/wp-json\/wp\/v2\/media?parent=1260065523"}],"wp:term":[{"taxonomy":"product_brand","embeddable":true,"href":"https:\/\/dev.myindustrial.eu\/lt\/wp-json\/wp\/v2\/product_brand?post=1260065523"},{"taxonomy":"product_cat","embeddable":true,"href":"https:\/\/dev.myindustrial.eu\/lt\/wp-json\/wp\/v2\/product_cat?post=1260065523"},{"taxonomy":"product_tag","embeddable":true,"href":"https:\/\/dev.myindustrial.eu\/lt\/wp-json\/wp\/v2\/product_tag?post=1260065523"}],"curies":[{"name":"wp","href":"https:\/\/api.w.org\/{rel}","templated":true}]}}