{"id":1260065528,"date":"2024-12-02T10:35:38","date_gmt":"2024-12-02T10:35:38","guid":{"rendered":"https:\/\/dev.myindustrial.eu\/shop\/be-kategorijos\/industrial-brake-disk-coupling-with-brake-disk-for-disk-brake\/"},"modified":"2024-12-26T19:47:54","modified_gmt":"2024-12-26T19:47:54","slug":"industrial-brake-disk-coupling-with-brake-disk-for-disk-brake","status":"publish","type":"product","link":"https:\/\/dev.myindustrial.eu\/lt\/shop\/pramonines-stabdziu-sistemos-ir-pavaru-sustabdymo-komponentai\/movos\/industrial-brake-disk-coupling-with-brake-disk-for-disk-brake\/","title":{"rendered":"Pramoninis stabd\u017ei\u0173 disko mova (sukabinimas) su stabd\u017ei\u0173 disku diskin\u0117ms stabd\u017eiams"},"content":{"rendered":"<p><span style=\"font-weight: 400;\">Pramonin\u0117s torsin\u0117s elastingos \u017enyplin\u0117s movos kompensuoja a\u0161ines, radialines ir kampines neatitiktis. Tod\u0117l jos gali kompensuoti velen\u0173 neatitiktis, atsirandan\u010dias d\u0117l netikslios montavimo, pamat\u0173 nus\u0117dimo arba eksploatacijos metu atsirandan\u010di\u0173 auk\u0161\u010dio ir ilgio poky\u010di\u0173.<\/span><\/p>\n<p><span style=\"font-weight: 400;\">\u017dnyplin\u0117s movos veikia su \u012ftemptais gumos perdavimo elementais, u\u017etikrinan\u010diais stand\u0173 sujungim\u0105 ir apsaug\u0105 nuo pradurimo. Elastingi perdavimo elementai paprastai gaminami i\u0161 gumos med\u017eiagos (NR-SBR 75 &#8211; 80\u00b0 Shore = element\u0173 dizainas SN), tinkamos temperat\u016broms nuo -40\u00b0C iki +80\u00b0C. Pagal u\u017esakym\u0105 gali b\u016bti tiekiamos ir kitos gumos arba silikono med\u017eiagos, pasi\u017eymin\u010dios skirtingu kietumu ir tinkamos auk\u0161tesn\u0117ms temperat\u016broms.<\/span><\/p>\n<p><span style=\"font-weight: 400;\">Movos pasi\u017eymi progresyviomis torsin\u0117mis charakteristikomis ir geromis vibracij\u0173 bei sm\u016bgini\u0173 apkrov\u0173 slopinimo savyb\u0117mis. Vis\u0173 mov\u0173 ypatyb\u0117 yra atskiras var\u017et\u0173 fiksavimo dangtelis, kuris leid\u017eia radialiai montuoti ir i\u0161montuoti elastingus elementus, nereikalaujant a\u0161inio movos stebul\u0117s poslinkio.<\/span><\/p>\n<p><span style=\"font-weight: 400;\">Elastingi elementai, nepriklausomai nuo dyd\u017eio, yra suprojektuoti kaip pusiau tunelis, kuriame du guminiai \u012fd\u0117klai sujungti su i\u0161oriniu dir\u017eu.<\/span><\/p>\n<p><b>Savyb\u0117s<\/b><\/p>\n<p><span style=\"font-weight: 400;\">RKK pramonin\u0117s movos, jungiamasis elementas su dideliu lankstumu:<\/span><\/p>\n<ul>\n<li style=\"font-weight: 400;\" aria-level=\"1\"><span style=\"font-weight: 400;\">Torsinis lankstumas<\/span><\/li>\n<li style=\"font-weight: 400;\" aria-level=\"1\"><span style=\"font-weight: 400;\">Kompensuoja a\u0161ines neatitiktis<\/span><\/li>\n<li style=\"font-weight: 400;\" aria-level=\"1\"><span style=\"font-weight: 400;\">Kompensuoja radialines neatitiktis<\/span><\/li>\n<li style=\"font-weight: 400;\" aria-level=\"1\"><span style=\"font-weight: 400;\">Kompensuoja kampines neatitiktis<\/span><\/li>\n<\/ul>\n<p><b>Greitas ir paprastas nusid\u0117v\u0117jusi\u0173 movos element\u0173 pakeitimas:<\/b><\/p>\n<ol>\n<li style=\"font-weight: 400;\" aria-level=\"1\"><span style=\"font-weight: 400;\">Atlaisvinkite ir atitraukite fiksavimo dangtel\u012f.<\/span><\/li>\n<li style=\"font-weight: 400;\" aria-level=\"1\"><span style=\"font-weight: 400;\">Pa\u0161alinkite nusid\u0117v\u0117jusius movos elementus ir \u012fd\u0117kite naujus.<\/span><\/li>\n<li style=\"font-weight: 400;\" aria-level=\"1\"><span style=\"font-weight: 400;\">Gr\u0105\u017einkite fiksavimo dangtel\u012f \u012f viet\u0105 ir tvirtai priver\u017ekite.<\/span><\/li>\n<\/ol>\n<p><b>Techniniai privalumai<\/b><\/p>\n<ul>\n<li style=\"font-weight: 400;\" aria-level=\"1\"><span style=\"font-weight: 400;\">Stabd\u017ei\u0173 diskas pagamintas i\u0161 vientisos med\u017eiagos (C45).<\/span><\/li>\n<li style=\"font-weight: 400;\" aria-level=\"1\"><span style=\"font-weight: 400;\">Nusid\u0117v\u0117jusius guminius elementus \/ movos elementus lengva pakeisti, nereikalaujant i\u0161ardyti movos ar variklio.<\/span><\/li>\n<li style=\"font-weight: 400;\" aria-level=\"1\"><span style=\"font-weight: 400;\">Movos \u017enypl\u0117s yra bendraa\u0161\u0117s velenui (be pasvirimo kamp\u0173, tod\u0117l ma\u017eesn\u0117s a\u0161in\u0117s j\u0117gos).<\/span><\/li>\n<li style=\"font-weight: 400;\" aria-level=\"1\"><span style=\"font-weight: 400;\">Ilgas tarnavimo laikas ir ma\u017eesn\u0117s prie\u017ei\u016bros bei eksploatacijos i\u0161laidos.<\/span><\/li>\n<\/ul>\n","protected":false},"excerpt":{"rendered":"<p><span style=\"font-weight: 400;\">Elastingus elementus galima lengvai sumontuoti ir nuimti radialiai, nereikalaujant a\u0161inio sujungt\u0173 ma\u0161in\u0173 jud\u0117jimo, kai tik nuimamas ir atitraukiamas fiksavimo dangtelis. Alternatyvios stabd\u017ei\u0173 b\u016bgno montavimo galimyb\u0117s u\u017etikrina i\u0161orin\u012f matmen\u012f.<\/span><\/p>\n<ul>\n<li style=\"font-weight: 400;\" aria-level=\"1\"><span style=\"font-weight: 400;\">Elastinga veleno mova, \u017enyplin\u0117 mova (sukabinimas) su stabd\u017ei\u0173 disku diskin\u0117ms stabd\u017eiams<\/span><\/li>\n<li style=\"font-weight: 400;\" aria-level=\"1\"><span style=\"font-weight: 400;\">Mova yra patvari ir atspari gedimams<\/span><\/li>\n<li style=\"font-weight: 400;\" aria-level=\"1\"><span style=\"font-weight: 400;\">Pagaminta i\u0161 vientisos med\u017eiagos (C45), o ne i\u0161 liejimo konstrukcijos<\/span><\/li>\n<li style=\"font-weight: 400;\" aria-level=\"1\"><span style=\"font-weight: 400;\">Dviej\u0173 komponent\u0173 da\u017eymas, RAL 7024<\/span><\/li>\n<li style=\"font-weight: 400;\" aria-level=\"1\"><span style=\"font-weight: 400;\">Auk\u0161tas kokyb\u0117s lygis \/ ilgas tarnavimo laikas<\/span><\/li>\n<li style=\"font-weight: 400;\" aria-level=\"1\"><span style=\"font-weight: 400;\">Variklio pus\u0117s veleno skersmuo nuo 20 mm iki 170 mm<\/span><\/li>\n<li style=\"font-weight: 400;\" aria-level=\"1\"><span style=\"font-weight: 400;\">Pavar\u0173 pus\u0117s veleno skersmuo nuo 20 mm iki 170 mm<\/span><\/li>\n<\/ul>\n","protected":false},"featured_media":1260064859,"template":"","meta":[],"product_brand":[],"product_cat":[1649],"product_tag":[],"class_list":{"0":"post-1260065528","1":"product","2":"type-product","3":"status-publish","4":"has-post-thumbnail","6":"product_cat-movos","8":"first","9":"instock","10":"shipping-taxable","11":"product-type-simple"},"yoast_head":"<!-- This site is optimized with the Yoast SEO plugin v27.1.1 - https:\/\/yoast.com\/product\/yoast-seo-wordpress\/ -->\n<title>Pramoninis stabd\u017ei\u0173 disko mova (sukabinimas) su stabd\u017ei\u0173 disku diskin\u0117ms stabd\u017eiams - My industrial<\/title>\n<meta name=\"robots\" content=\"noindex, follow, max-snippet:-1, max-image-preview:large, max-video-preview:-1\" \/>\n<meta property=\"og:locale\" content=\"lt_LT\" \/>\n<meta property=\"og:type\" content=\"article\" \/>\n<meta property=\"og:title\" content=\"Pramoninis stabd\u017ei\u0173 disko mova (sukabinimas) su stabd\u017ei\u0173 disku diskin\u0117ms stabd\u017eiams - My industrial\" \/>\n<meta property=\"og:description\" content=\"Elastingus elementus galima lengvai sumontuoti ir nuimti radialiai, nereikalaujant a\u0161inio sujungt\u0173 ma\u0161in\u0173 jud\u0117jimo, kai tik nuimamas ir atitraukiamas fiksavimo dangtelis. Alternatyvios stabd\u017ei\u0173 b\u016bgno montavimo galimyb\u0117s u\u017etikrina i\u0161orin\u012f matmen\u012f.   Elastinga veleno mova, \u017enyplin\u0117 mova (sukabinimas) su stabd\u017ei\u0173 disku diskin\u0117ms stabd\u017eiams  Mova yra patvari ir atspari gedimams  Pagaminta i\u0161 vientisos med\u017eiagos (C45), o ne i\u0161 liejimo konstrukcijos  Dviej\u0173 komponent\u0173 da\u017eymas, RAL 7024  Auk\u0161tas kokyb\u0117s lygis \/ ilgas tarnavimo laikas  Variklio pus\u0117s veleno skersmuo nuo 20 mm iki 170 mm  Pavar\u0173 pus\u0117s veleno skersmuo nuo 20 mm iki 170 mm\" \/>\n<meta property=\"og:url\" content=\"https:\/\/dev.myindustrial.eu\/lt\/shop\/pramonines-stabdziu-sistemos-ir-pavaru-sustabdymo-komponentai\/movos\/industrial-brake-disk-coupling-with-brake-disk-for-disk-brake\/\" \/>\n<meta property=\"og:site_name\" content=\"My industrial\" \/>\n<meta property=\"article:modified_time\" content=\"2024-12-26T19:47:54+00:00\" \/>\n<meta property=\"og:image\" content=\"https:\/\/dev.myindustrial.eu\/wp-content\/uploads\/2024\/12\/rft_clawcoupling-type_rkk-wbs.webp\" \/>\n\t<meta property=\"og:image:width\" content=\"800\" \/>\n\t<meta property=\"og:image:height\" content=\"800\" \/>\n\t<meta property=\"og:image:type\" content=\"image\/webp\" \/>\n<meta name=\"twitter:card\" content=\"summary_large_image\" \/>\n<script type=\"application\/ld+json\" class=\"yoast-schema-graph\">{\"@context\":\"https:\/\/schema.org\",\"@graph\":[{\"@type\":\"WebPage\",\"@id\":\"https:\/\/dev.myindustrial.eu\/lt\/shop\/pramonines-stabdziu-sistemos-ir-pavaru-sustabdymo-komponentai\/movos\/industrial-brake-disk-coupling-with-brake-disk-for-disk-brake\/\",\"url\":\"https:\/\/dev.myindustrial.eu\/lt\/shop\/pramonines-stabdziu-sistemos-ir-pavaru-sustabdymo-komponentai\/movos\/industrial-brake-disk-coupling-with-brake-disk-for-disk-brake\/\",\"name\":\"Pramoninis stabd\u017ei\u0173 disko mova (sukabinimas) su stabd\u017ei\u0173 disku diskin\u0117ms stabd\u017eiams - My industrial\",\"isPartOf\":{\"@id\":\"https:\/\/dev.myindustrial.eu\/lt\/#website\"},\"primaryImageOfPage\":{\"@id\":\"https:\/\/dev.myindustrial.eu\/lt\/shop\/pramonines-stabdziu-sistemos-ir-pavaru-sustabdymo-komponentai\/movos\/industrial-brake-disk-coupling-with-brake-disk-for-disk-brake\/#primaryimage\"},\"image\":{\"@id\":\"https:\/\/dev.myindustrial.eu\/lt\/shop\/pramonines-stabdziu-sistemos-ir-pavaru-sustabdymo-komponentai\/movos\/industrial-brake-disk-coupling-with-brake-disk-for-disk-brake\/#primaryimage\"},\"thumbnailUrl\":\"https:\/\/dev.myindustrial.eu\/wp-content\/uploads\/2024\/12\/rft_clawcoupling-type_rkk-wbs.webp\",\"datePublished\":\"2024-12-02T10:35:38+00:00\",\"dateModified\":\"2024-12-26T19:47:54+00:00\",\"breadcrumb\":{\"@id\":\"https:\/\/dev.myindustrial.eu\/lt\/shop\/pramonines-stabdziu-sistemos-ir-pavaru-sustabdymo-komponentai\/movos\/industrial-brake-disk-coupling-with-brake-disk-for-disk-brake\/#breadcrumb\"},\"inLanguage\":\"lt-LT\",\"potentialAction\":[{\"@type\":\"ReadAction\",\"target\":[\"https:\/\/dev.myindustrial.eu\/lt\/shop\/pramonines-stabdziu-sistemos-ir-pavaru-sustabdymo-komponentai\/movos\/industrial-brake-disk-coupling-with-brake-disk-for-disk-brake\/\"]}]},{\"@type\":\"ImageObject\",\"inLanguage\":\"lt-LT\",\"@id\":\"https:\/\/dev.myindustrial.eu\/lt\/shop\/pramonines-stabdziu-sistemos-ir-pavaru-sustabdymo-komponentai\/movos\/industrial-brake-disk-coupling-with-brake-disk-for-disk-brake\/#primaryimage\",\"url\":\"https:\/\/dev.myindustrial.eu\/wp-content\/uploads\/2024\/12\/rft_clawcoupling-type_rkk-wbs.webp\",\"contentUrl\":\"https:\/\/dev.myindustrial.eu\/wp-content\/uploads\/2024\/12\/rft_clawcoupling-type_rkk-wbs.webp\",\"width\":800,\"height\":800},{\"@type\":\"BreadcrumbList\",\"@id\":\"https:\/\/dev.myindustrial.eu\/lt\/shop\/pramonines-stabdziu-sistemos-ir-pavaru-sustabdymo-komponentai\/movos\/industrial-brake-disk-coupling-with-brake-disk-for-disk-brake\/#breadcrumb\",\"itemListElement\":[{\"@type\":\"ListItem\",\"position\":1,\"name\":\"Home\",\"item\":\"https:\/\/dev.myindustrial.eu\/lt\/\"},{\"@type\":\"ListItem\",\"position\":2,\"name\":\"Products\",\"item\":\"https:\/\/dev.myindustrial.eu\/lt\/products\/\"},{\"@type\":\"ListItem\",\"position\":3,\"name\":\"Pramoninis stabd\u017ei\u0173 disko mova (sukabinimas) su stabd\u017ei\u0173 disku diskin\u0117ms stabd\u017eiams\"}]},{\"@type\":\"WebSite\",\"@id\":\"https:\/\/dev.myindustrial.eu\/lt\/#website\",\"url\":\"https:\/\/dev.myindustrial.eu\/lt\/\",\"name\":\"My industrial\",\"description\":\"\",\"potentialAction\":[{\"@type\":\"SearchAction\",\"target\":{\"@type\":\"EntryPoint\",\"urlTemplate\":\"https:\/\/dev.myindustrial.eu\/lt\/?s={search_term_string}\"},\"query-input\":{\"@type\":\"PropertyValueSpecification\",\"valueRequired\":true,\"valueName\":\"search_term_string\"}}],\"inLanguage\":\"lt-LT\"}]}<\/script>\n<!-- \/ Yoast SEO plugin. -->","yoast_head_json":{"title":"Pramoninis stabd\u017ei\u0173 disko mova (sukabinimas) su stabd\u017ei\u0173 disku diskin\u0117ms stabd\u017eiams - My industrial","robots":{"index":"noindex","follow":"follow","max-snippet":"max-snippet:-1","max-image-preview":"max-image-preview:large","max-video-preview":"max-video-preview:-1"},"og_locale":"lt_LT","og_type":"article","og_title":"Pramoninis stabd\u017ei\u0173 disko mova (sukabinimas) su stabd\u017ei\u0173 disku diskin\u0117ms stabd\u017eiams - My industrial","og_description":"Elastingus elementus galima lengvai sumontuoti ir nuimti radialiai, nereikalaujant a\u0161inio sujungt\u0173 ma\u0161in\u0173 jud\u0117jimo, kai tik nuimamas ir atitraukiamas fiksavimo dangtelis. Alternatyvios stabd\u017ei\u0173 b\u016bgno montavimo galimyb\u0117s u\u017etikrina i\u0161orin\u012f matmen\u012f.   Elastinga veleno mova, \u017enyplin\u0117 mova (sukabinimas) su stabd\u017ei\u0173 disku diskin\u0117ms stabd\u017eiams  Mova yra patvari ir atspari gedimams  Pagaminta i\u0161 vientisos med\u017eiagos (C45), o ne i\u0161 liejimo konstrukcijos  Dviej\u0173 komponent\u0173 da\u017eymas, RAL 7024  Auk\u0161tas kokyb\u0117s lygis \/ ilgas tarnavimo laikas  Variklio pus\u0117s veleno skersmuo nuo 20 mm iki 170 mm  Pavar\u0173 pus\u0117s veleno skersmuo nuo 20 mm iki 170 mm","og_url":"https:\/\/dev.myindustrial.eu\/lt\/shop\/pramonines-stabdziu-sistemos-ir-pavaru-sustabdymo-komponentai\/movos\/industrial-brake-disk-coupling-with-brake-disk-for-disk-brake\/","og_site_name":"My industrial","article_modified_time":"2024-12-26T19:47:54+00:00","og_image":[{"width":800,"height":800,"url":"https:\/\/dev.myindustrial.eu\/wp-content\/uploads\/2024\/12\/rft_clawcoupling-type_rkk-wbs.webp","type":"image\/webp"}],"twitter_card":"summary_large_image","schema":{"@context":"https:\/\/schema.org","@graph":[{"@type":"WebPage","@id":"https:\/\/dev.myindustrial.eu\/lt\/shop\/pramonines-stabdziu-sistemos-ir-pavaru-sustabdymo-komponentai\/movos\/industrial-brake-disk-coupling-with-brake-disk-for-disk-brake\/","url":"https:\/\/dev.myindustrial.eu\/lt\/shop\/pramonines-stabdziu-sistemos-ir-pavaru-sustabdymo-komponentai\/movos\/industrial-brake-disk-coupling-with-brake-disk-for-disk-brake\/","name":"Pramoninis stabd\u017ei\u0173 disko mova (sukabinimas) su stabd\u017ei\u0173 disku diskin\u0117ms stabd\u017eiams - My industrial","isPartOf":{"@id":"https:\/\/dev.myindustrial.eu\/lt\/#website"},"primaryImageOfPage":{"@id":"https:\/\/dev.myindustrial.eu\/lt\/shop\/pramonines-stabdziu-sistemos-ir-pavaru-sustabdymo-komponentai\/movos\/industrial-brake-disk-coupling-with-brake-disk-for-disk-brake\/#primaryimage"},"image":{"@id":"https:\/\/dev.myindustrial.eu\/lt\/shop\/pramonines-stabdziu-sistemos-ir-pavaru-sustabdymo-komponentai\/movos\/industrial-brake-disk-coupling-with-brake-disk-for-disk-brake\/#primaryimage"},"thumbnailUrl":"https:\/\/dev.myindustrial.eu\/wp-content\/uploads\/2024\/12\/rft_clawcoupling-type_rkk-wbs.webp","datePublished":"2024-12-02T10:35:38+00:00","dateModified":"2024-12-26T19:47:54+00:00","breadcrumb":{"@id":"https:\/\/dev.myindustrial.eu\/lt\/shop\/pramonines-stabdziu-sistemos-ir-pavaru-sustabdymo-komponentai\/movos\/industrial-brake-disk-coupling-with-brake-disk-for-disk-brake\/#breadcrumb"},"inLanguage":"lt-LT","potentialAction":[{"@type":"ReadAction","target":["https:\/\/dev.myindustrial.eu\/lt\/shop\/pramonines-stabdziu-sistemos-ir-pavaru-sustabdymo-komponentai\/movos\/industrial-brake-disk-coupling-with-brake-disk-for-disk-brake\/"]}]},{"@type":"ImageObject","inLanguage":"lt-LT","@id":"https:\/\/dev.myindustrial.eu\/lt\/shop\/pramonines-stabdziu-sistemos-ir-pavaru-sustabdymo-komponentai\/movos\/industrial-brake-disk-coupling-with-brake-disk-for-disk-brake\/#primaryimage","url":"https:\/\/dev.myindustrial.eu\/wp-content\/uploads\/2024\/12\/rft_clawcoupling-type_rkk-wbs.webp","contentUrl":"https:\/\/dev.myindustrial.eu\/wp-content\/uploads\/2024\/12\/rft_clawcoupling-type_rkk-wbs.webp","width":800,"height":800},{"@type":"BreadcrumbList","@id":"https:\/\/dev.myindustrial.eu\/lt\/shop\/pramonines-stabdziu-sistemos-ir-pavaru-sustabdymo-komponentai\/movos\/industrial-brake-disk-coupling-with-brake-disk-for-disk-brake\/#breadcrumb","itemListElement":[{"@type":"ListItem","position":1,"name":"Home","item":"https:\/\/dev.myindustrial.eu\/lt\/"},{"@type":"ListItem","position":2,"name":"Products","item":"https:\/\/dev.myindustrial.eu\/lt\/products\/"},{"@type":"ListItem","position":3,"name":"Pramoninis stabd\u017ei\u0173 disko mova (sukabinimas) su stabd\u017ei\u0173 disku diskin\u0117ms stabd\u017eiams"}]},{"@type":"WebSite","@id":"https:\/\/dev.myindustrial.eu\/lt\/#website","url":"https:\/\/dev.myindustrial.eu\/lt\/","name":"My industrial","description":"","potentialAction":[{"@type":"SearchAction","target":{"@type":"EntryPoint","urlTemplate":"https:\/\/dev.myindustrial.eu\/lt\/?s={search_term_string}"},"query-input":{"@type":"PropertyValueSpecification","valueRequired":true,"valueName":"search_term_string"}}],"inLanguage":"lt-LT"}]}},"_links":{"self":[{"href":"https:\/\/dev.myindustrial.eu\/lt\/wp-json\/wp\/v2\/product\/1260065528","targetHints":{"allow":["GET"]}}],"collection":[{"href":"https:\/\/dev.myindustrial.eu\/lt\/wp-json\/wp\/v2\/product"}],"about":[{"href":"https:\/\/dev.myindustrial.eu\/lt\/wp-json\/wp\/v2\/types\/product"}],"version-history":[{"count":1,"href":"https:\/\/dev.myindustrial.eu\/lt\/wp-json\/wp\/v2\/product\/1260065528\/revisions"}],"predecessor-version":[{"id":1260065529,"href":"https:\/\/dev.myindustrial.eu\/lt\/wp-json\/wp\/v2\/product\/1260065528\/revisions\/1260065529"}],"wp:featuredmedia":[{"embeddable":true,"href":"https:\/\/dev.myindustrial.eu\/lt\/wp-json\/wp\/v2\/media\/1260064859"}],"wp:attachment":[{"href":"https:\/\/dev.myindustrial.eu\/lt\/wp-json\/wp\/v2\/media?parent=1260065528"}],"wp:term":[{"taxonomy":"product_brand","embeddable":true,"href":"https:\/\/dev.myindustrial.eu\/lt\/wp-json\/wp\/v2\/product_brand?post=1260065528"},{"taxonomy":"product_cat","embeddable":true,"href":"https:\/\/dev.myindustrial.eu\/lt\/wp-json\/wp\/v2\/product_cat?post=1260065528"},{"taxonomy":"product_tag","embeddable":true,"href":"https:\/\/dev.myindustrial.eu\/lt\/wp-json\/wp\/v2\/product_tag?post=1260065528"}],"curies":[{"name":"wp","href":"https:\/\/api.w.org\/{rel}","templated":true}]}}