{"id":1260065546,"date":"2024-12-02T11:47:37","date_gmt":"2024-12-02T11:47:37","guid":{"rendered":"https:\/\/dev.myindustrial.eu\/shop\/be-kategorijos\/gear-box\/"},"modified":"2024-12-27T17:56:28","modified_gmt":"2024-12-27T17:56:28","slug":"gear-box","status":"publish","type":"product","link":"https:\/\/dev.myindustrial.eu\/lt\/shop\/pramonines-stabdziu-sistemos-ir-pavaru-sustabdymo-komponentai\/pavaru-dezes\/gear-box\/","title":{"rendered":"Pavar\u0173 d\u0117\u017e\u0117"},"content":{"rendered":"<p><b>Lygiagre\u010di\u0173 velen\u0173 pavar\u0173 d\u0117\u017e\u0117s<\/b><span style=\"font-weight: 400;\"><br \/>\n<\/span><span style=\"font-weight: 400;\">Pramonin\u0117s pavar\u0173 d\u0117\u017e\u0117s projektuojamos ir gaminamos sujungti da\u017eniausiai su elektros varikliais, ir paprastai yra pagrindin\u0117s k\u0117limo gervi\u0173 sudedamosios dalys.<\/span><span style=\"font-weight: 400;\"><br \/>\n<\/span><span style=\"font-weight: 400;\">Pavar\u0173 d\u0117\u017e\u0117s gali b\u016bti gaminamos \u012fvairiomis konfig\u016bracijomis, kad atitikt\u0173 skirtingus veikimo poreikius. Projektavimo etape si\u016blome daugyb\u0119 pried\u0173, \u012fvairias konstrukcines konfig\u016bracijas ir surinkimo variantus, kurie u\u017etikrina sprendimus pla\u010diam galios perdavimo pritaikym\u0173 spektrui.<\/span><\/p>\n<p><b>Charakteristikos<\/b><\/p>\n<p><b>Pavar\u0173 santykiai trigubam reduktoriui:<\/b><\/p>\n<ul>\n<li style=\"font-weight: 400;\" aria-level=\"1\"><span style=\"font-weight: 400;\">Pavar\u0173 santykiai: 40, 45, 50, 56, 63, 71, 80, 90, 100<\/span><\/li>\n<li style=\"font-weight: 400;\" aria-level=\"1\"><span style=\"font-weight: 400;\">Nominalus sukimo momentas (daNm): 290, 320, 350, 400, 450<\/span><\/li>\n<li style=\"font-weight: 400;\" aria-level=\"1\"><span style=\"font-weight: 400;\">Pavar\u0173 santykiai: 40, 45, 50, 56, 63, 71, 80, 90, 100<\/span><\/li>\n<li style=\"font-weight: 400;\" aria-level=\"1\"><span style=\"font-weight: 400;\">Nominalus sukimo momentas (daNm): 360, 400, 450<\/span><\/li>\n<\/ul>\n<p><b>Pavar\u0173 santykiai keturgubam reduktoriui:<\/b><\/p>\n<ul>\n<li style=\"font-weight: 400;\" aria-level=\"1\"><span style=\"font-weight: 400;\">Pavar\u0173 santykiai: 112, 125, 140, 170<\/span><\/li>\n<li style=\"font-weight: 400;\" aria-level=\"1\"><span style=\"font-weight: 400;\">Nominalus sukimo momentas (daNm): 280, 320, 360, 400, 450<\/span><\/li>\n<\/ul>\n<p><span style=\"font-weight: 400;\">Galima tiekti pavar\u0173 d\u0117\u017ees su pavar\u0173 santykiais, kurie skiriasi nuo auk\u0161\u010diau pateikt\u0173 standartini\u0173 reik\u0161mi\u0173.<\/span><\/p>\n<p><b>I\u0161vesties veleno matmenys<\/b><\/p>\n<ul>\n<li style=\"font-weight: 400;\" aria-level=\"1\"><span style=\"font-weight: 400;\">Standartinis i\u0161vesties jungtis k\u0117limo pavar\u0173 d\u0117\u017e\u0117ms yra velenas su grioveliu (UNI 6604), skirtas perduoti nominal\u0173 sukimo moment\u0105, atitinkant\u012f pasirinkt\u0105 dyd\u012f.<\/span><\/li>\n<\/ul>\n<p><b>\u012evesties veleno matmenys<\/b><\/p>\n<ul>\n<li style=\"font-weight: 400;\" aria-level=\"1\"><span style=\"font-weight: 400;\">\u012evesties velenas turi standartin\u012f ilg\u012f, kuris u\u017etikrina atsparum\u0105 nuovargiui ir lenkimo apkrovoms sukantis.<\/span><\/li>\n<\/ul>\n<p><b>B\u016bgno flan\u0161as<\/b><\/p>\n<ul>\n<li style=\"font-weight: 400;\" aria-level=\"1\"><span style=\"font-weight: 400;\">Tais atvejais, kai i\u0161vesties velenas gaminamas su grioveliu pagal DIN 5480, jungtis tarp pavar\u0173 d\u0117\u017e\u0117s veleno ir flan\u0161o yra prieinama pavar\u0173 d\u0117\u017e\u0117ms iki 360 dyd\u017eio.<\/span><\/li>\n<\/ul>\n<p><b>Technin\u0117s naudos<\/b><\/p>\n<p><b>Vidutinis garso sl\u0117gis<\/b><span style=\"font-weight: 400;\"><br \/>\n<\/span><span style=\"font-weight: 400;\">Visos pavar\u0173 d\u0117\u017e\u0117s, kurias tiekia MAA intelengineering SIA, yra projektuojamos ir gaminamos laikantis kokyb\u0117s standart\u0173, u\u017etikrinan\u010di\u0173 \u017eem\u0105 akustini\u0173 emisij\u0173 lyg\u012f. Garso sl\u0117gis, i\u0161matuotas esant tu\u0161\u010diajai eigai vieno metro (1 m) atstumu nuo pavar\u0173 d\u0117\u017e\u0117s ir be aid\u0117jimo, visais atvejais buvo ma\u017eesnis nei 85 dB(A).<\/span><\/p>\n","protected":false},"excerpt":{"rendered":"<p><span style=\"font-weight: 400;\">Pramonin\u0117 pavar\u0173 d\u0117\u017e\u0117 pagal kliento specifikacijas. D\u0117ka pa\u017eangi\u0173 technologij\u0173 ir sukaupt\u0173 \u012fg\u016bd\u017ei\u0173, \u012fmon\u0117 gali projektuoti ir gaminti specialias pavar\u0173 d\u0117\u017ees, atitinkan\u010dias klient\u0173 reikalavimus.<\/span><span style=\"font-weight: 400;\"><br \/>\n<\/span><span style=\"font-weight: 400;\">Pramonin\u0117s pavar\u0173 d\u0117\u017e\u0117s paprastai gaminamos i\u0161 plieninio korpuso, kuris po to yra apdorojamas, siekiant suma\u017einti vidin\u0119 \u012ftamp\u0105, ir mechani\u0161kai apdirbamas i\u0161 vidaus. Krumpliara\u010diai yra cementuojami, gr\u016bdinami ir galiausiai \u0161lifuojami. Pavar\u0173 d\u0117\u017e\u0117s komplektuojamos su pirmaujan\u010di\u0173 gamintoj\u0173 guoliais ir sandarikliais, v\u0117liau surenkamos ir testuojamos, kad b\u016bt\u0173 u\u017etikrintas nepriekai\u0161tingas komponent\u0173 veikimas ir kokyb\u0117.<\/span><\/p>\n","protected":false},"featured_media":1260064967,"template":"","meta":[],"product_brand":[],"product_cat":[1696],"product_tag":[],"class_list":{"0":"post-1260065546","1":"product","2":"type-product","3":"status-publish","4":"has-post-thumbnail","6":"product_cat-pavaru-dezes","8":"first","9":"instock","10":"shipping-taxable","11":"product-type-simple"},"yoast_head":"<!-- This site is optimized with the Yoast SEO plugin v27.1.1 - https:\/\/yoast.com\/product\/yoast-seo-wordpress\/ -->\n<title>Pavar\u0173 d\u0117\u017e\u0117 - My industrial<\/title>\n<meta name=\"robots\" content=\"noindex, follow, max-snippet:-1, max-image-preview:large, max-video-preview:-1\" \/>\n<meta property=\"og:locale\" content=\"lt_LT\" \/>\n<meta property=\"og:type\" content=\"article\" \/>\n<meta property=\"og:title\" content=\"Pavar\u0173 d\u0117\u017e\u0117 - My industrial\" \/>\n<meta property=\"og:description\" content=\"Pramonin\u0117 pavar\u0173 d\u0117\u017e\u0117 pagal kliento specifikacijas. D\u0117ka pa\u017eangi\u0173 technologij\u0173 ir sukaupt\u0173 \u012fg\u016bd\u017ei\u0173, \u012fmon\u0117 gali projektuoti ir gaminti specialias pavar\u0173 d\u0117\u017ees, atitinkan\u010dias klient\u0173 reikalavimus. Pramonin\u0117s pavar\u0173 d\u0117\u017e\u0117s paprastai gaminamos i\u0161 plieninio korpuso, kuris po to yra apdorojamas, siekiant suma\u017einti vidin\u0119 \u012ftamp\u0105, ir mechani\u0161kai apdirbamas i\u0161 vidaus. Krumpliara\u010diai yra cementuojami, gr\u016bdinami ir galiausiai \u0161lifuojami. Pavar\u0173 d\u0117\u017e\u0117s komplektuojamos su pirmaujan\u010di\u0173 gamintoj\u0173 guoliais ir sandarikliais, v\u0117liau surenkamos ir testuojamos, kad b\u016bt\u0173 u\u017etikrintas nepriekai\u0161tingas komponent\u0173 veikimas ir kokyb\u0117.\" \/>\n<meta property=\"og:url\" content=\"https:\/\/dev.myindustrial.eu\/lt\/shop\/pramonines-stabdziu-sistemos-ir-pavaru-sustabdymo-komponentai\/pavaru-dezes\/gear-box\/\" \/>\n<meta property=\"og:site_name\" content=\"My industrial\" \/>\n<meta property=\"article:modified_time\" content=\"2024-12-27T17:56:28+00:00\" \/>\n<meta property=\"og:image\" content=\"https:\/\/dev.myindustrial.eu\/wp-content\/uploads\/2024\/12\/riduttore-prewiev.webp\" \/>\n\t<meta property=\"og:image:width\" content=\"800\" \/>\n\t<meta property=\"og:image:height\" content=\"800\" \/>\n\t<meta property=\"og:image:type\" content=\"image\/webp\" \/>\n<meta name=\"twitter:card\" content=\"summary_large_image\" \/>\n<script type=\"application\/ld+json\" class=\"yoast-schema-graph\">{\"@context\":\"https:\/\/schema.org\",\"@graph\":[{\"@type\":\"WebPage\",\"@id\":\"https:\/\/dev.myindustrial.eu\/lt\/shop\/pramonines-stabdziu-sistemos-ir-pavaru-sustabdymo-komponentai\/pavaru-dezes\/gear-box\/\",\"url\":\"https:\/\/dev.myindustrial.eu\/lt\/shop\/pramonines-stabdziu-sistemos-ir-pavaru-sustabdymo-komponentai\/pavaru-dezes\/gear-box\/\",\"name\":\"Pavar\u0173 d\u0117\u017e\u0117 - My industrial\",\"isPartOf\":{\"@id\":\"https:\/\/dev.myindustrial.eu\/lt\/#website\"},\"primaryImageOfPage\":{\"@id\":\"https:\/\/dev.myindustrial.eu\/lt\/shop\/pramonines-stabdziu-sistemos-ir-pavaru-sustabdymo-komponentai\/pavaru-dezes\/gear-box\/#primaryimage\"},\"image\":{\"@id\":\"https:\/\/dev.myindustrial.eu\/lt\/shop\/pramonines-stabdziu-sistemos-ir-pavaru-sustabdymo-komponentai\/pavaru-dezes\/gear-box\/#primaryimage\"},\"thumbnailUrl\":\"https:\/\/dev.myindustrial.eu\/wp-content\/uploads\/2024\/12\/riduttore-prewiev.webp\",\"datePublished\":\"2024-12-02T11:47:37+00:00\",\"dateModified\":\"2024-12-27T17:56:28+00:00\",\"breadcrumb\":{\"@id\":\"https:\/\/dev.myindustrial.eu\/lt\/shop\/pramonines-stabdziu-sistemos-ir-pavaru-sustabdymo-komponentai\/pavaru-dezes\/gear-box\/#breadcrumb\"},\"inLanguage\":\"lt-LT\",\"potentialAction\":[{\"@type\":\"ReadAction\",\"target\":[\"https:\/\/dev.myindustrial.eu\/lt\/shop\/pramonines-stabdziu-sistemos-ir-pavaru-sustabdymo-komponentai\/pavaru-dezes\/gear-box\/\"]}]},{\"@type\":\"ImageObject\",\"inLanguage\":\"lt-LT\",\"@id\":\"https:\/\/dev.myindustrial.eu\/lt\/shop\/pramonines-stabdziu-sistemos-ir-pavaru-sustabdymo-komponentai\/pavaru-dezes\/gear-box\/#primaryimage\",\"url\":\"https:\/\/dev.myindustrial.eu\/wp-content\/uploads\/2024\/12\/riduttore-prewiev.webp\",\"contentUrl\":\"https:\/\/dev.myindustrial.eu\/wp-content\/uploads\/2024\/12\/riduttore-prewiev.webp\",\"width\":800,\"height\":800},{\"@type\":\"BreadcrumbList\",\"@id\":\"https:\/\/dev.myindustrial.eu\/lt\/shop\/pramonines-stabdziu-sistemos-ir-pavaru-sustabdymo-komponentai\/pavaru-dezes\/gear-box\/#breadcrumb\",\"itemListElement\":[{\"@type\":\"ListItem\",\"position\":1,\"name\":\"Home\",\"item\":\"https:\/\/dev.myindustrial.eu\/lt\/\"},{\"@type\":\"ListItem\",\"position\":2,\"name\":\"Products\",\"item\":\"https:\/\/dev.myindustrial.eu\/lt\/products\/\"},{\"@type\":\"ListItem\",\"position\":3,\"name\":\"Pavar\u0173 d\u0117\u017e\u0117\"}]},{\"@type\":\"WebSite\",\"@id\":\"https:\/\/dev.myindustrial.eu\/lt\/#website\",\"url\":\"https:\/\/dev.myindustrial.eu\/lt\/\",\"name\":\"My industrial\",\"description\":\"\",\"potentialAction\":[{\"@type\":\"SearchAction\",\"target\":{\"@type\":\"EntryPoint\",\"urlTemplate\":\"https:\/\/dev.myindustrial.eu\/lt\/?s={search_term_string}\"},\"query-input\":{\"@type\":\"PropertyValueSpecification\",\"valueRequired\":true,\"valueName\":\"search_term_string\"}}],\"inLanguage\":\"lt-LT\"}]}<\/script>\n<!-- \/ Yoast SEO plugin. -->","yoast_head_json":{"title":"Pavar\u0173 d\u0117\u017e\u0117 - My industrial","robots":{"index":"noindex","follow":"follow","max-snippet":"max-snippet:-1","max-image-preview":"max-image-preview:large","max-video-preview":"max-video-preview:-1"},"og_locale":"lt_LT","og_type":"article","og_title":"Pavar\u0173 d\u0117\u017e\u0117 - My industrial","og_description":"Pramonin\u0117 pavar\u0173 d\u0117\u017e\u0117 pagal kliento specifikacijas. D\u0117ka pa\u017eangi\u0173 technologij\u0173 ir sukaupt\u0173 \u012fg\u016bd\u017ei\u0173, \u012fmon\u0117 gali projektuoti ir gaminti specialias pavar\u0173 d\u0117\u017ees, atitinkan\u010dias klient\u0173 reikalavimus. Pramonin\u0117s pavar\u0173 d\u0117\u017e\u0117s paprastai gaminamos i\u0161 plieninio korpuso, kuris po to yra apdorojamas, siekiant suma\u017einti vidin\u0119 \u012ftamp\u0105, ir mechani\u0161kai apdirbamas i\u0161 vidaus. Krumpliara\u010diai yra cementuojami, gr\u016bdinami ir galiausiai \u0161lifuojami. Pavar\u0173 d\u0117\u017e\u0117s komplektuojamos su pirmaujan\u010di\u0173 gamintoj\u0173 guoliais ir sandarikliais, v\u0117liau surenkamos ir testuojamos, kad b\u016bt\u0173 u\u017etikrintas nepriekai\u0161tingas komponent\u0173 veikimas ir kokyb\u0117.","og_url":"https:\/\/dev.myindustrial.eu\/lt\/shop\/pramonines-stabdziu-sistemos-ir-pavaru-sustabdymo-komponentai\/pavaru-dezes\/gear-box\/","og_site_name":"My industrial","article_modified_time":"2024-12-27T17:56:28+00:00","og_image":[{"width":800,"height":800,"url":"https:\/\/dev.myindustrial.eu\/wp-content\/uploads\/2024\/12\/riduttore-prewiev.webp","type":"image\/webp"}],"twitter_card":"summary_large_image","schema":{"@context":"https:\/\/schema.org","@graph":[{"@type":"WebPage","@id":"https:\/\/dev.myindustrial.eu\/lt\/shop\/pramonines-stabdziu-sistemos-ir-pavaru-sustabdymo-komponentai\/pavaru-dezes\/gear-box\/","url":"https:\/\/dev.myindustrial.eu\/lt\/shop\/pramonines-stabdziu-sistemos-ir-pavaru-sustabdymo-komponentai\/pavaru-dezes\/gear-box\/","name":"Pavar\u0173 d\u0117\u017e\u0117 - My industrial","isPartOf":{"@id":"https:\/\/dev.myindustrial.eu\/lt\/#website"},"primaryImageOfPage":{"@id":"https:\/\/dev.myindustrial.eu\/lt\/shop\/pramonines-stabdziu-sistemos-ir-pavaru-sustabdymo-komponentai\/pavaru-dezes\/gear-box\/#primaryimage"},"image":{"@id":"https:\/\/dev.myindustrial.eu\/lt\/shop\/pramonines-stabdziu-sistemos-ir-pavaru-sustabdymo-komponentai\/pavaru-dezes\/gear-box\/#primaryimage"},"thumbnailUrl":"https:\/\/dev.myindustrial.eu\/wp-content\/uploads\/2024\/12\/riduttore-prewiev.webp","datePublished":"2024-12-02T11:47:37+00:00","dateModified":"2024-12-27T17:56:28+00:00","breadcrumb":{"@id":"https:\/\/dev.myindustrial.eu\/lt\/shop\/pramonines-stabdziu-sistemos-ir-pavaru-sustabdymo-komponentai\/pavaru-dezes\/gear-box\/#breadcrumb"},"inLanguage":"lt-LT","potentialAction":[{"@type":"ReadAction","target":["https:\/\/dev.myindustrial.eu\/lt\/shop\/pramonines-stabdziu-sistemos-ir-pavaru-sustabdymo-komponentai\/pavaru-dezes\/gear-box\/"]}]},{"@type":"ImageObject","inLanguage":"lt-LT","@id":"https:\/\/dev.myindustrial.eu\/lt\/shop\/pramonines-stabdziu-sistemos-ir-pavaru-sustabdymo-komponentai\/pavaru-dezes\/gear-box\/#primaryimage","url":"https:\/\/dev.myindustrial.eu\/wp-content\/uploads\/2024\/12\/riduttore-prewiev.webp","contentUrl":"https:\/\/dev.myindustrial.eu\/wp-content\/uploads\/2024\/12\/riduttore-prewiev.webp","width":800,"height":800},{"@type":"BreadcrumbList","@id":"https:\/\/dev.myindustrial.eu\/lt\/shop\/pramonines-stabdziu-sistemos-ir-pavaru-sustabdymo-komponentai\/pavaru-dezes\/gear-box\/#breadcrumb","itemListElement":[{"@type":"ListItem","position":1,"name":"Home","item":"https:\/\/dev.myindustrial.eu\/lt\/"},{"@type":"ListItem","position":2,"name":"Products","item":"https:\/\/dev.myindustrial.eu\/lt\/products\/"},{"@type":"ListItem","position":3,"name":"Pavar\u0173 d\u0117\u017e\u0117"}]},{"@type":"WebSite","@id":"https:\/\/dev.myindustrial.eu\/lt\/#website","url":"https:\/\/dev.myindustrial.eu\/lt\/","name":"My industrial","description":"","potentialAction":[{"@type":"SearchAction","target":{"@type":"EntryPoint","urlTemplate":"https:\/\/dev.myindustrial.eu\/lt\/?s={search_term_string}"},"query-input":{"@type":"PropertyValueSpecification","valueRequired":true,"valueName":"search_term_string"}}],"inLanguage":"lt-LT"}]}},"_links":{"self":[{"href":"https:\/\/dev.myindustrial.eu\/lt\/wp-json\/wp\/v2\/product\/1260065546","targetHints":{"allow":["GET"]}}],"collection":[{"href":"https:\/\/dev.myindustrial.eu\/lt\/wp-json\/wp\/v2\/product"}],"about":[{"href":"https:\/\/dev.myindustrial.eu\/lt\/wp-json\/wp\/v2\/types\/product"}],"version-history":[{"count":0,"href":"https:\/\/dev.myindustrial.eu\/lt\/wp-json\/wp\/v2\/product\/1260065546\/revisions"}],"wp:featuredmedia":[{"embeddable":true,"href":"https:\/\/dev.myindustrial.eu\/lt\/wp-json\/wp\/v2\/media\/1260064967"}],"wp:attachment":[{"href":"https:\/\/dev.myindustrial.eu\/lt\/wp-json\/wp\/v2\/media?parent=1260065546"}],"wp:term":[{"taxonomy":"product_brand","embeddable":true,"href":"https:\/\/dev.myindustrial.eu\/lt\/wp-json\/wp\/v2\/product_brand?post=1260065546"},{"taxonomy":"product_cat","embeddable":true,"href":"https:\/\/dev.myindustrial.eu\/lt\/wp-json\/wp\/v2\/product_cat?post=1260065546"},{"taxonomy":"product_tag","embeddable":true,"href":"https:\/\/dev.myindustrial.eu\/lt\/wp-json\/wp\/v2\/product_tag?post=1260065546"}],"curies":[{"name":"wp","href":"https:\/\/api.w.org\/{rel}","templated":true}]}}