{"id":1260065551,"date":"2024-12-02T11:51:34","date_gmt":"2024-12-02T11:51:34","guid":{"rendered":"https:\/\/dev.myindustrial.eu\/shop\/be-kategorijos\/guide-roller-system-with-integrated-damping-pads\/"},"modified":"2024-12-27T19:42:50","modified_gmt":"2024-12-27T19:42:50","slug":"guide-roller-system-with-integrated-damping-pads","status":"publish","type":"product","link":"https:\/\/dev.myindustrial.eu\/lt\/shop\/pramonines-stabdziu-sistemos-ir-pavaru-sustabdymo-komponentai\/voleliu-kreipianciuju-sistema\/guide-roller-system-with-integrated-damping-pads\/","title":{"rendered":"Kreipiam\u0173j\u0173 ratuk\u0173 sistema"},"content":{"rendered":"","protected":false},"excerpt":{"rendered":"<p><b>su integruotais amortizaciniais padeliais, tipas SFRS-DW-1 ir SFRS-DW-2<\/b><\/p>\n<ul>\n<li style=\"font-weight: 400;\" aria-level=\"1\"><span style=\"font-weight: 400;\">Patentinis amortizacijos blokas nepageidaujamiems sm\u016bgiams ma\u017einti<\/span><\/li>\n<li style=\"font-weight: 400;\" aria-level=\"1\"><span style=\"font-weight: 400;\">Dvigubo rato konstrukcija<\/span><\/li>\n<li style=\"font-weight: 400;\" aria-level=\"1\"><span style=\"font-weight: 400;\">Amortizacijos eiga 3 mm<\/span><\/li>\n<li style=\"font-weight: 400;\" aria-level=\"1\"><span style=\"font-weight: 400;\">Guoli\u0173 apsauga<\/span><\/li>\n<li style=\"font-weight: 400;\" aria-level=\"1\"><span style=\"font-weight: 400;\">D\u0117v\u0117jimosi reguliavimas naudojant kei\u010diamas tarpiklines plok\u0161teles<\/span><\/li>\n<li style=\"font-weight: 400;\" aria-level=\"1\"><span style=\"font-weight: 400;\">\u0160oninis reguliavimas<\/span><\/li>\n<li style=\"font-weight: 400;\" aria-level=\"1\"><span style=\"font-weight: 400;\">Vienos dalies kreipiamojo ratuko a\u0161is ir a\u0161ies pakaba<\/span><\/li>\n<li style=\"font-weight: 400;\" aria-level=\"1\"><span style=\"font-weight: 400;\">Integruotas auk\u0161tos kokyb\u0117s \/ premium guolis<\/span><\/li>\n<li style=\"font-weight: 400;\" aria-level=\"1\"><span style=\"font-weight: 400;\">Lengvas pertepimas<\/span><\/li>\n<li style=\"font-weight: 400;\" aria-level=\"1\"><span style=\"font-weight: 400;\">Paprastas kreipiam\u0173j\u0173 ratuk\u0173 keitimas<\/span><\/li>\n<\/ul>\n<p><b>Savyb\u0117s<\/b><\/p>\n<ul>\n<li style=\"font-weight: 400;\" aria-level=\"1\"><span style=\"font-weight: 400;\">Patentinis amortizacinis padelis suma\u017eina impulsines j\u0117gas<\/span><\/li>\n<li style=\"font-weight: 400;\" aria-level=\"1\"><span style=\"font-weight: 400;\">\u0160ios j\u0117gos atsiranda, pavyzd\u017eiui, d\u0117l b\u0117gi\u0173 nelygum\u0173<\/span><\/li>\n<li style=\"font-weight: 400;\" aria-level=\"1\"><span style=\"font-weight: 400;\">Kreipiam\u0173j\u0173 ratuk\u0173 sistema u\u017etikrina didel\u0119 apkrovos i\u0161tverm\u0119: dinamin\u0117 iki 160 kN ir statin\u0117 iki 300 kN<\/span><\/li>\n<li style=\"font-weight: 400;\" aria-level=\"1\"><span style=\"font-weight: 400;\">Tvirtinimo laikiklis pagal u\u017eklaus\u0105<\/span><\/li>\n<li style=\"font-weight: 400;\" aria-level=\"1\"><span style=\"font-weight: 400;\">Kreipiam\u0173j\u0173 ratuk\u0173 skersmuo \u00d8 156, \u00d8 180, \u00d8 200<\/span><\/li>\n<li style=\"font-weight: 400;\" aria-level=\"1\"><span style=\"font-weight: 400;\">B\u0117gi\u0173 plotis 38\u201372 mm, 73\u2013126 mm<\/span><\/li>\n<\/ul>\n<p><b>Techniniai privalumai<\/b><\/p>\n<ul>\n<li style=\"font-weight: 400;\" aria-level=\"1\"><span style=\"font-weight: 400;\">Integruotas amortizacijos blokas<\/span><\/li>\n<li style=\"font-weight: 400;\" aria-level=\"1\"><span style=\"font-weight: 400;\">Impuls\u0173 ir sm\u016bgi\u0173 suma\u017einimas<\/span><\/li>\n<li style=\"font-weight: 400;\" aria-level=\"1\"><span style=\"font-weight: 400;\">Optimalus sistemos kreipimas<\/span><\/li>\n<\/ul>\n<p>&nbsp;<\/p>\n","protected":false},"featured_media":1260064973,"template":"","meta":[],"product_brand":[],"product_cat":[1700],"product_tag":[],"class_list":{"0":"post-1260065551","1":"product","2":"type-product","3":"status-publish","4":"has-post-thumbnail","6":"product_cat-voleliu-kreipianciuju-sistema","8":"first","9":"instock","10":"shipping-taxable","11":"product-type-simple"},"yoast_head":"<!-- This site is optimized with the Yoast SEO plugin v27.1.1 - https:\/\/yoast.com\/product\/yoast-seo-wordpress\/ -->\n<title>Kreipiam\u0173j\u0173 ratuk\u0173 sistema - My industrial<\/title>\n<meta name=\"robots\" content=\"noindex, follow, max-snippet:-1, max-image-preview:large, max-video-preview:-1\" \/>\n<meta property=\"og:locale\" content=\"lt_LT\" \/>\n<meta property=\"og:type\" content=\"article\" \/>\n<meta property=\"og:title\" content=\"Kreipiam\u0173j\u0173 ratuk\u0173 sistema - My industrial\" \/>\n<meta property=\"og:description\" content=\"su integruotais amortizaciniais padeliais, tipas SFRS-DW-1 ir SFRS-DW-2   Patentinis amortizacijos blokas nepageidaujamiems sm\u016bgiams ma\u017einti  Dvigubo rato konstrukcija  Amortizacijos eiga 3 mm  Guoli\u0173 apsauga  D\u0117v\u0117jimosi reguliavimas naudojant kei\u010diamas tarpiklines plok\u0161teles  \u0160oninis reguliavimas  Vienos dalies kreipiamojo ratuko a\u0161is ir a\u0161ies pakaba  Integruotas auk\u0161tos kokyb\u0117s \/ premium guolis  Lengvas pertepimas  Paprastas kreipiam\u0173j\u0173 ratuk\u0173 keitimas  Savyb\u0117s   Patentinis amortizacinis padelis suma\u017eina impulsines j\u0117gas  \u0160ios j\u0117gos atsiranda, pavyzd\u017eiui, d\u0117l b\u0117gi\u0173 nelygum\u0173  Kreipiam\u0173j\u0173 ratuk\u0173 sistema u\u017etikrina didel\u0119 apkrovos i\u0161tverm\u0119: dinamin\u0117 iki 160 kN ir statin\u0117 iki 300 kN  Tvirtinimo laikiklis pagal u\u017eklaus\u0105  Kreipiam\u0173j\u0173 ratuk\u0173 skersmuo \u00d8 156, \u00d8 180, \u00d8 200  B\u0117gi\u0173 plotis 38\u201372 mm, 73\u2013126 mm  Techniniai privalumai   Integruotas amortizacijos blokas  Impuls\u0173 ir sm\u016bgi\u0173 suma\u017einimas  Optimalus sistemos kreipimas  &nbsp;\" \/>\n<meta property=\"og:url\" content=\"https:\/\/dev.myindustrial.eu\/lt\/shop\/pramonines-stabdziu-sistemos-ir-pavaru-sustabdymo-komponentai\/voleliu-kreipianciuju-sistema\/guide-roller-system-with-integrated-damping-pads\/\" \/>\n<meta property=\"og:site_name\" content=\"My industrial\" \/>\n<meta property=\"article:modified_time\" content=\"2024-12-27T19:42:50+00:00\" \/>\n<meta property=\"og:image\" content=\"https:\/\/dev.myindustrial.eu\/wp-content\/uploads\/2024\/12\/spurfuehrungsrollensystem_sfrs.webp\" \/>\n\t<meta property=\"og:image:width\" content=\"800\" \/>\n\t<meta property=\"og:image:height\" content=\"800\" \/>\n\t<meta property=\"og:image:type\" content=\"image\/webp\" \/>\n<meta name=\"twitter:card\" content=\"summary_large_image\" \/>\n<script type=\"application\/ld+json\" class=\"yoast-schema-graph\">{\"@context\":\"https:\/\/schema.org\",\"@graph\":[{\"@type\":\"WebPage\",\"@id\":\"https:\/\/dev.myindustrial.eu\/lt\/shop\/pramonines-stabdziu-sistemos-ir-pavaru-sustabdymo-komponentai\/voleliu-kreipianciuju-sistema\/guide-roller-system-with-integrated-damping-pads\/\",\"url\":\"https:\/\/dev.myindustrial.eu\/lt\/shop\/pramonines-stabdziu-sistemos-ir-pavaru-sustabdymo-komponentai\/voleliu-kreipianciuju-sistema\/guide-roller-system-with-integrated-damping-pads\/\",\"name\":\"Kreipiam\u0173j\u0173 ratuk\u0173 sistema - My industrial\",\"isPartOf\":{\"@id\":\"https:\/\/dev.myindustrial.eu\/lt\/#website\"},\"primaryImageOfPage\":{\"@id\":\"https:\/\/dev.myindustrial.eu\/lt\/shop\/pramonines-stabdziu-sistemos-ir-pavaru-sustabdymo-komponentai\/voleliu-kreipianciuju-sistema\/guide-roller-system-with-integrated-damping-pads\/#primaryimage\"},\"image\":{\"@id\":\"https:\/\/dev.myindustrial.eu\/lt\/shop\/pramonines-stabdziu-sistemos-ir-pavaru-sustabdymo-komponentai\/voleliu-kreipianciuju-sistema\/guide-roller-system-with-integrated-damping-pads\/#primaryimage\"},\"thumbnailUrl\":\"https:\/\/dev.myindustrial.eu\/wp-content\/uploads\/2024\/12\/spurfuehrungsrollensystem_sfrs.webp\",\"datePublished\":\"2024-12-02T11:51:34+00:00\",\"dateModified\":\"2024-12-27T19:42:50+00:00\",\"breadcrumb\":{\"@id\":\"https:\/\/dev.myindustrial.eu\/lt\/shop\/pramonines-stabdziu-sistemos-ir-pavaru-sustabdymo-komponentai\/voleliu-kreipianciuju-sistema\/guide-roller-system-with-integrated-damping-pads\/#breadcrumb\"},\"inLanguage\":\"lt-LT\",\"potentialAction\":[{\"@type\":\"ReadAction\",\"target\":[\"https:\/\/dev.myindustrial.eu\/lt\/shop\/pramonines-stabdziu-sistemos-ir-pavaru-sustabdymo-komponentai\/voleliu-kreipianciuju-sistema\/guide-roller-system-with-integrated-damping-pads\/\"]}]},{\"@type\":\"ImageObject\",\"inLanguage\":\"lt-LT\",\"@id\":\"https:\/\/dev.myindustrial.eu\/lt\/shop\/pramonines-stabdziu-sistemos-ir-pavaru-sustabdymo-komponentai\/voleliu-kreipianciuju-sistema\/guide-roller-system-with-integrated-damping-pads\/#primaryimage\",\"url\":\"https:\/\/dev.myindustrial.eu\/wp-content\/uploads\/2024\/12\/spurfuehrungsrollensystem_sfrs.webp\",\"contentUrl\":\"https:\/\/dev.myindustrial.eu\/wp-content\/uploads\/2024\/12\/spurfuehrungsrollensystem_sfrs.webp\",\"width\":800,\"height\":800},{\"@type\":\"BreadcrumbList\",\"@id\":\"https:\/\/dev.myindustrial.eu\/lt\/shop\/pramonines-stabdziu-sistemos-ir-pavaru-sustabdymo-komponentai\/voleliu-kreipianciuju-sistema\/guide-roller-system-with-integrated-damping-pads\/#breadcrumb\",\"itemListElement\":[{\"@type\":\"ListItem\",\"position\":1,\"name\":\"Home\",\"item\":\"https:\/\/dev.myindustrial.eu\/lt\/\"},{\"@type\":\"ListItem\",\"position\":2,\"name\":\"Products\",\"item\":\"https:\/\/dev.myindustrial.eu\/lt\/products\/\"},{\"@type\":\"ListItem\",\"position\":3,\"name\":\"Kreipiam\u0173j\u0173 ratuk\u0173 sistema\"}]},{\"@type\":\"WebSite\",\"@id\":\"https:\/\/dev.myindustrial.eu\/lt\/#website\",\"url\":\"https:\/\/dev.myindustrial.eu\/lt\/\",\"name\":\"My industrial\",\"description\":\"\",\"potentialAction\":[{\"@type\":\"SearchAction\",\"target\":{\"@type\":\"EntryPoint\",\"urlTemplate\":\"https:\/\/dev.myindustrial.eu\/lt\/?s={search_term_string}\"},\"query-input\":{\"@type\":\"PropertyValueSpecification\",\"valueRequired\":true,\"valueName\":\"search_term_string\"}}],\"inLanguage\":\"lt-LT\"}]}<\/script>\n<!-- \/ Yoast SEO plugin. -->","yoast_head_json":{"title":"Kreipiam\u0173j\u0173 ratuk\u0173 sistema - My industrial","robots":{"index":"noindex","follow":"follow","max-snippet":"max-snippet:-1","max-image-preview":"max-image-preview:large","max-video-preview":"max-video-preview:-1"},"og_locale":"lt_LT","og_type":"article","og_title":"Kreipiam\u0173j\u0173 ratuk\u0173 sistema - My industrial","og_description":"su integruotais amortizaciniais padeliais, tipas SFRS-DW-1 ir SFRS-DW-2   Patentinis amortizacijos blokas nepageidaujamiems sm\u016bgiams ma\u017einti  Dvigubo rato konstrukcija  Amortizacijos eiga 3 mm  Guoli\u0173 apsauga  D\u0117v\u0117jimosi reguliavimas naudojant kei\u010diamas tarpiklines plok\u0161teles  \u0160oninis reguliavimas  Vienos dalies kreipiamojo ratuko a\u0161is ir a\u0161ies pakaba  Integruotas auk\u0161tos kokyb\u0117s \/ premium guolis  Lengvas pertepimas  Paprastas kreipiam\u0173j\u0173 ratuk\u0173 keitimas  Savyb\u0117s   Patentinis amortizacinis padelis suma\u017eina impulsines j\u0117gas  \u0160ios j\u0117gos atsiranda, pavyzd\u017eiui, d\u0117l b\u0117gi\u0173 nelygum\u0173  Kreipiam\u0173j\u0173 ratuk\u0173 sistema u\u017etikrina didel\u0119 apkrovos i\u0161tverm\u0119: dinamin\u0117 iki 160 kN ir statin\u0117 iki 300 kN  Tvirtinimo laikiklis pagal u\u017eklaus\u0105  Kreipiam\u0173j\u0173 ratuk\u0173 skersmuo \u00d8 156, \u00d8 180, \u00d8 200  B\u0117gi\u0173 plotis 38\u201372 mm, 73\u2013126 mm  Techniniai privalumai   Integruotas amortizacijos blokas  Impuls\u0173 ir sm\u016bgi\u0173 suma\u017einimas  Optimalus sistemos kreipimas  &nbsp;","og_url":"https:\/\/dev.myindustrial.eu\/lt\/shop\/pramonines-stabdziu-sistemos-ir-pavaru-sustabdymo-komponentai\/voleliu-kreipianciuju-sistema\/guide-roller-system-with-integrated-damping-pads\/","og_site_name":"My industrial","article_modified_time":"2024-12-27T19:42:50+00:00","og_image":[{"width":800,"height":800,"url":"https:\/\/dev.myindustrial.eu\/wp-content\/uploads\/2024\/12\/spurfuehrungsrollensystem_sfrs.webp","type":"image\/webp"}],"twitter_card":"summary_large_image","schema":{"@context":"https:\/\/schema.org","@graph":[{"@type":"WebPage","@id":"https:\/\/dev.myindustrial.eu\/lt\/shop\/pramonines-stabdziu-sistemos-ir-pavaru-sustabdymo-komponentai\/voleliu-kreipianciuju-sistema\/guide-roller-system-with-integrated-damping-pads\/","url":"https:\/\/dev.myindustrial.eu\/lt\/shop\/pramonines-stabdziu-sistemos-ir-pavaru-sustabdymo-komponentai\/voleliu-kreipianciuju-sistema\/guide-roller-system-with-integrated-damping-pads\/","name":"Kreipiam\u0173j\u0173 ratuk\u0173 sistema - My industrial","isPartOf":{"@id":"https:\/\/dev.myindustrial.eu\/lt\/#website"},"primaryImageOfPage":{"@id":"https:\/\/dev.myindustrial.eu\/lt\/shop\/pramonines-stabdziu-sistemos-ir-pavaru-sustabdymo-komponentai\/voleliu-kreipianciuju-sistema\/guide-roller-system-with-integrated-damping-pads\/#primaryimage"},"image":{"@id":"https:\/\/dev.myindustrial.eu\/lt\/shop\/pramonines-stabdziu-sistemos-ir-pavaru-sustabdymo-komponentai\/voleliu-kreipianciuju-sistema\/guide-roller-system-with-integrated-damping-pads\/#primaryimage"},"thumbnailUrl":"https:\/\/dev.myindustrial.eu\/wp-content\/uploads\/2024\/12\/spurfuehrungsrollensystem_sfrs.webp","datePublished":"2024-12-02T11:51:34+00:00","dateModified":"2024-12-27T19:42:50+00:00","breadcrumb":{"@id":"https:\/\/dev.myindustrial.eu\/lt\/shop\/pramonines-stabdziu-sistemos-ir-pavaru-sustabdymo-komponentai\/voleliu-kreipianciuju-sistema\/guide-roller-system-with-integrated-damping-pads\/#breadcrumb"},"inLanguage":"lt-LT","potentialAction":[{"@type":"ReadAction","target":["https:\/\/dev.myindustrial.eu\/lt\/shop\/pramonines-stabdziu-sistemos-ir-pavaru-sustabdymo-komponentai\/voleliu-kreipianciuju-sistema\/guide-roller-system-with-integrated-damping-pads\/"]}]},{"@type":"ImageObject","inLanguage":"lt-LT","@id":"https:\/\/dev.myindustrial.eu\/lt\/shop\/pramonines-stabdziu-sistemos-ir-pavaru-sustabdymo-komponentai\/voleliu-kreipianciuju-sistema\/guide-roller-system-with-integrated-damping-pads\/#primaryimage","url":"https:\/\/dev.myindustrial.eu\/wp-content\/uploads\/2024\/12\/spurfuehrungsrollensystem_sfrs.webp","contentUrl":"https:\/\/dev.myindustrial.eu\/wp-content\/uploads\/2024\/12\/spurfuehrungsrollensystem_sfrs.webp","width":800,"height":800},{"@type":"BreadcrumbList","@id":"https:\/\/dev.myindustrial.eu\/lt\/shop\/pramonines-stabdziu-sistemos-ir-pavaru-sustabdymo-komponentai\/voleliu-kreipianciuju-sistema\/guide-roller-system-with-integrated-damping-pads\/#breadcrumb","itemListElement":[{"@type":"ListItem","position":1,"name":"Home","item":"https:\/\/dev.myindustrial.eu\/lt\/"},{"@type":"ListItem","position":2,"name":"Products","item":"https:\/\/dev.myindustrial.eu\/lt\/products\/"},{"@type":"ListItem","position":3,"name":"Kreipiam\u0173j\u0173 ratuk\u0173 sistema"}]},{"@type":"WebSite","@id":"https:\/\/dev.myindustrial.eu\/lt\/#website","url":"https:\/\/dev.myindustrial.eu\/lt\/","name":"My industrial","description":"","potentialAction":[{"@type":"SearchAction","target":{"@type":"EntryPoint","urlTemplate":"https:\/\/dev.myindustrial.eu\/lt\/?s={search_term_string}"},"query-input":{"@type":"PropertyValueSpecification","valueRequired":true,"valueName":"search_term_string"}}],"inLanguage":"lt-LT"}]}},"_links":{"self":[{"href":"https:\/\/dev.myindustrial.eu\/lt\/wp-json\/wp\/v2\/product\/1260065551","targetHints":{"allow":["GET"]}}],"collection":[{"href":"https:\/\/dev.myindustrial.eu\/lt\/wp-json\/wp\/v2\/product"}],"about":[{"href":"https:\/\/dev.myindustrial.eu\/lt\/wp-json\/wp\/v2\/types\/product"}],"version-history":[{"count":0,"href":"https:\/\/dev.myindustrial.eu\/lt\/wp-json\/wp\/v2\/product\/1260065551\/revisions"}],"wp:featuredmedia":[{"embeddable":true,"href":"https:\/\/dev.myindustrial.eu\/lt\/wp-json\/wp\/v2\/media\/1260064973"}],"wp:attachment":[{"href":"https:\/\/dev.myindustrial.eu\/lt\/wp-json\/wp\/v2\/media?parent=1260065551"}],"wp:term":[{"taxonomy":"product_brand","embeddable":true,"href":"https:\/\/dev.myindustrial.eu\/lt\/wp-json\/wp\/v2\/product_brand?post=1260065551"},{"taxonomy":"product_cat","embeddable":true,"href":"https:\/\/dev.myindustrial.eu\/lt\/wp-json\/wp\/v2\/product_cat?post=1260065551"},{"taxonomy":"product_tag","embeddable":true,"href":"https:\/\/dev.myindustrial.eu\/lt\/wp-json\/wp\/v2\/product_tag?post=1260065551"}],"curies":[{"name":"wp","href":"https:\/\/api.w.org\/{rel}","templated":true}]}}