{"id":1260065555,"date":"2024-12-02T11:55:56","date_gmt":"2024-12-02T11:55:56","guid":{"rendered":"https:\/\/dev.myindustrial.eu\/shop\/be-kategorijos\/guide-roller-system-with-integrated-damping-solution\/"},"modified":"2024-12-27T19:53:17","modified_gmt":"2024-12-27T19:53:17","slug":"guide-roller-system-with-integrated-damping-solution","status":"publish","type":"product","link":"https:\/\/dev.myindustrial.eu\/lt\/shop\/pramonines-stabdziu-sistemos-ir-pavaru-sustabdymo-komponentai\/voleliu-kreipianciuju-sistema\/guide-roller-system-with-integrated-damping-solution\/","title":{"rendered":"Voleli\u0173 kreipian\u010di\u0173j\u0173 sistema"},"content":{"rendered":"","protected":false},"excerpt":{"rendered":"<p><b>su integruotu amortizacijos sprendimu SFRS-DW-3 tipo<\/b><\/p>\n<p><b>Apra\u0161ymas<\/b><\/p>\n<p><span style=\"font-weight: 400;\">Voleli\u0173 kreipian\u010di\u0173j\u0173 sistema su integruotu amortizacijos moduliu dvigub\u0173 rat\u0173 konstrukcijoje:<\/span><\/p>\n<ul>\n<li style=\"font-weight: 400;\" aria-level=\"1\"><span style=\"font-weight: 400;\">Patentuotas amortizacijos modulis, skirtas suma\u017einti nepageidaujamus sm\u016bgius<\/span><\/li>\n<li style=\"font-weight: 400;\" aria-level=\"1\"><span style=\"font-weight: 400;\">Dvigub\u0173 rat\u0173 konstrukcija<\/span><\/li>\n<li style=\"font-weight: 400;\" aria-level=\"1\"><span style=\"font-weight: 400;\">Amortizacijos eiga: 3 mm<\/span><\/li>\n<li style=\"font-weight: 400;\" aria-level=\"1\"><span style=\"font-weight: 400;\">Guoli\u0173 apsauga<\/span><\/li>\n<li style=\"font-weight: 400;\" aria-level=\"1\"><span style=\"font-weight: 400;\">D\u0117v\u0117jimosi reguliavimas naudojant \u012fvairiai pozicionuojamas tarpin\u0117s plok\u0161teles<\/span><\/li>\n<li style=\"font-weight: 400;\" aria-level=\"1\"><span style=\"font-weight: 400;\">\u0160oninis reguliavimas<\/span><\/li>\n<li style=\"font-weight: 400;\" aria-level=\"1\"><span style=\"font-weight: 400;\">Vienos dalies voleli\u0173 kreipian\u010dioji a\u0161is ir jos pakaba<\/span><\/li>\n<li style=\"font-weight: 400;\" aria-level=\"1\"><span style=\"font-weight: 400;\">Integruoti auk\u0161tos kokyb\u0117s guoliai<\/span><\/li>\n<li style=\"font-weight: 400;\" aria-level=\"1\"><span style=\"font-weight: 400;\">Lengvas pertepimas. Lengvas tepimas<\/span><\/li>\n<li style=\"font-weight: 400;\" aria-level=\"1\"><span style=\"font-weight: 400;\">Galimyb\u0117 pakartotinai tepti linijin\u0119 kreipian\u010di\u0105j\u0105 (ne\u0161varum\u0173 \u0161alinimas)<\/span><\/li>\n<li style=\"font-weight: 400;\" aria-level=\"1\"><span style=\"font-weight: 400;\">Paprastas voleli\u0173 keitimas<\/span><\/li>\n<\/ul>\n<p><b>Savyb\u0117s<\/b><\/p>\n<ul>\n<li style=\"font-weight: 400;\" aria-level=\"1\"><span style=\"font-weight: 400;\">Did\u017eiausia apkrova iki 490 kN<\/span><\/li>\n<li style=\"font-weight: 400;\" aria-level=\"1\"><span style=\"font-weight: 400;\">Tvirtinimo laikiklis pagal u\u017eklaus\u0105<\/span><\/li>\n<li style=\"font-weight: 400;\" aria-level=\"1\"><span style=\"font-weight: 400;\">Volelio skersmuo: \u00d8 250<\/span><\/li>\n<li style=\"font-weight: 400;\" aria-level=\"1\"><span style=\"font-weight: 400;\">B\u0117gio plotis: 75\u2013120 mm<\/span><\/li>\n<\/ul>\n<p><b>Techniniai privalumai<\/b><\/p>\n<ul>\n<li style=\"font-weight: 400;\" aria-level=\"1\"><span style=\"font-weight: 400;\">Paprastas d\u0117v\u0117jimosi reguliavimas<\/span><\/li>\n<li style=\"font-weight: 400;\" aria-level=\"1\"><span style=\"font-weight: 400;\">Lengvas pertepimas. Lengvas tepimas<\/span><\/li>\n<li style=\"font-weight: 400;\" aria-level=\"1\"><span style=\"font-weight: 400;\">Tvirta konstrukcija<\/span><\/li>\n<li style=\"font-weight: 400;\" aria-level=\"1\"><span style=\"font-weight: 400;\">Guoli\u0173 apsauga<\/span><\/li>\n<li style=\"font-weight: 400;\" aria-level=\"1\"><span style=\"font-weight: 400;\">Pagaminta i\u0161 masyvios med\u017eiagos<\/span><\/li>\n<\/ul>\n","protected":false},"featured_media":1260064989,"template":"","meta":[],"product_brand":[],"product_cat":[1700],"product_tag":[],"class_list":{"0":"post-1260065555","1":"product","2":"type-product","3":"status-publish","4":"has-post-thumbnail","6":"product_cat-voleliu-kreipianciuju-sistema","8":"first","9":"instock","10":"shipping-taxable","11":"product-type-simple"},"yoast_head":"<!-- This site is optimized with the Yoast SEO plugin v27.1.1 - https:\/\/yoast.com\/product\/yoast-seo-wordpress\/ -->\n<title>Voleli\u0173 kreipian\u010di\u0173j\u0173 sistema - My industrial<\/title>\n<meta name=\"robots\" content=\"noindex, follow, max-snippet:-1, max-image-preview:large, max-video-preview:-1\" \/>\n<meta property=\"og:locale\" content=\"lt_LT\" \/>\n<meta property=\"og:type\" content=\"article\" \/>\n<meta property=\"og:title\" content=\"Voleli\u0173 kreipian\u010di\u0173j\u0173 sistema - My industrial\" \/>\n<meta property=\"og:description\" content=\"su integruotu amortizacijos sprendimu SFRS-DW-3 tipo  Apra\u0161ymas  Voleli\u0173 kreipian\u010di\u0173j\u0173 sistema su integruotu amortizacijos moduliu dvigub\u0173 rat\u0173 konstrukcijoje:   Patentuotas amortizacijos modulis, skirtas suma\u017einti nepageidaujamus sm\u016bgius  Dvigub\u0173 rat\u0173 konstrukcija  Amortizacijos eiga: 3 mm  Guoli\u0173 apsauga  D\u0117v\u0117jimosi reguliavimas naudojant \u012fvairiai pozicionuojamas tarpin\u0117s plok\u0161teles  \u0160oninis reguliavimas  Vienos dalies voleli\u0173 kreipian\u010dioji a\u0161is ir jos pakaba  Integruoti auk\u0161tos kokyb\u0117s guoliai  Lengvas pertepimas. Lengvas tepimas  Galimyb\u0117 pakartotinai tepti linijin\u0119 kreipian\u010di\u0105j\u0105 (ne\u0161varum\u0173 \u0161alinimas)  Paprastas voleli\u0173 keitimas  Savyb\u0117s   Did\u017eiausia apkrova iki 490 kN  Tvirtinimo laikiklis pagal u\u017eklaus\u0105  Volelio skersmuo: \u00d8 250  B\u0117gio plotis: 75\u2013120 mm  Techniniai privalumai   Paprastas d\u0117v\u0117jimosi reguliavimas  Lengvas pertepimas. Lengvas tepimas  Tvirta konstrukcija  Guoli\u0173 apsauga  Pagaminta i\u0161 masyvios med\u017eiagos\" \/>\n<meta property=\"og:url\" content=\"https:\/\/dev.myindustrial.eu\/lt\/shop\/pramonines-stabdziu-sistemos-ir-pavaru-sustabdymo-komponentai\/voleliu-kreipianciuju-sistema\/guide-roller-system-with-integrated-damping-solution\/\" \/>\n<meta property=\"og:site_name\" content=\"My industrial\" \/>\n<meta property=\"article:modified_time\" content=\"2024-12-27T19:53:17+00:00\" \/>\n<meta property=\"og:image\" content=\"https:\/\/dev.myindustrial.eu\/wp-content\/uploads\/2024\/12\/spurfuehrungsrollensystem_sfrs-sv.webp\" \/>\n\t<meta property=\"og:image:width\" content=\"800\" \/>\n\t<meta property=\"og:image:height\" content=\"800\" \/>\n\t<meta property=\"og:image:type\" content=\"image\/webp\" \/>\n<meta name=\"twitter:card\" content=\"summary_large_image\" \/>\n<script type=\"application\/ld+json\" class=\"yoast-schema-graph\">{\"@context\":\"https:\/\/schema.org\",\"@graph\":[{\"@type\":\"WebPage\",\"@id\":\"https:\/\/dev.myindustrial.eu\/lt\/shop\/pramonines-stabdziu-sistemos-ir-pavaru-sustabdymo-komponentai\/voleliu-kreipianciuju-sistema\/guide-roller-system-with-integrated-damping-solution\/\",\"url\":\"https:\/\/dev.myindustrial.eu\/lt\/shop\/pramonines-stabdziu-sistemos-ir-pavaru-sustabdymo-komponentai\/voleliu-kreipianciuju-sistema\/guide-roller-system-with-integrated-damping-solution\/\",\"name\":\"Voleli\u0173 kreipian\u010di\u0173j\u0173 sistema - My industrial\",\"isPartOf\":{\"@id\":\"https:\/\/dev.myindustrial.eu\/lt\/#website\"},\"primaryImageOfPage\":{\"@id\":\"https:\/\/dev.myindustrial.eu\/lt\/shop\/pramonines-stabdziu-sistemos-ir-pavaru-sustabdymo-komponentai\/voleliu-kreipianciuju-sistema\/guide-roller-system-with-integrated-damping-solution\/#primaryimage\"},\"image\":{\"@id\":\"https:\/\/dev.myindustrial.eu\/lt\/shop\/pramonines-stabdziu-sistemos-ir-pavaru-sustabdymo-komponentai\/voleliu-kreipianciuju-sistema\/guide-roller-system-with-integrated-damping-solution\/#primaryimage\"},\"thumbnailUrl\":\"https:\/\/dev.myindustrial.eu\/wp-content\/uploads\/2024\/12\/spurfuehrungsrollensystem_sfrs-sv.webp\",\"datePublished\":\"2024-12-02T11:55:56+00:00\",\"dateModified\":\"2024-12-27T19:53:17+00:00\",\"breadcrumb\":{\"@id\":\"https:\/\/dev.myindustrial.eu\/lt\/shop\/pramonines-stabdziu-sistemos-ir-pavaru-sustabdymo-komponentai\/voleliu-kreipianciuju-sistema\/guide-roller-system-with-integrated-damping-solution\/#breadcrumb\"},\"inLanguage\":\"lt-LT\",\"potentialAction\":[{\"@type\":\"ReadAction\",\"target\":[\"https:\/\/dev.myindustrial.eu\/lt\/shop\/pramonines-stabdziu-sistemos-ir-pavaru-sustabdymo-komponentai\/voleliu-kreipianciuju-sistema\/guide-roller-system-with-integrated-damping-solution\/\"]}]},{\"@type\":\"ImageObject\",\"inLanguage\":\"lt-LT\",\"@id\":\"https:\/\/dev.myindustrial.eu\/lt\/shop\/pramonines-stabdziu-sistemos-ir-pavaru-sustabdymo-komponentai\/voleliu-kreipianciuju-sistema\/guide-roller-system-with-integrated-damping-solution\/#primaryimage\",\"url\":\"https:\/\/dev.myindustrial.eu\/wp-content\/uploads\/2024\/12\/spurfuehrungsrollensystem_sfrs-sv.webp\",\"contentUrl\":\"https:\/\/dev.myindustrial.eu\/wp-content\/uploads\/2024\/12\/spurfuehrungsrollensystem_sfrs-sv.webp\",\"width\":800,\"height\":800},{\"@type\":\"BreadcrumbList\",\"@id\":\"https:\/\/dev.myindustrial.eu\/lt\/shop\/pramonines-stabdziu-sistemos-ir-pavaru-sustabdymo-komponentai\/voleliu-kreipianciuju-sistema\/guide-roller-system-with-integrated-damping-solution\/#breadcrumb\",\"itemListElement\":[{\"@type\":\"ListItem\",\"position\":1,\"name\":\"Home\",\"item\":\"https:\/\/dev.myindustrial.eu\/lt\/\"},{\"@type\":\"ListItem\",\"position\":2,\"name\":\"Products\",\"item\":\"https:\/\/dev.myindustrial.eu\/lt\/products\/\"},{\"@type\":\"ListItem\",\"position\":3,\"name\":\"Voleli\u0173 kreipian\u010di\u0173j\u0173 sistema\"}]},{\"@type\":\"WebSite\",\"@id\":\"https:\/\/dev.myindustrial.eu\/lt\/#website\",\"url\":\"https:\/\/dev.myindustrial.eu\/lt\/\",\"name\":\"My industrial\",\"description\":\"\",\"potentialAction\":[{\"@type\":\"SearchAction\",\"target\":{\"@type\":\"EntryPoint\",\"urlTemplate\":\"https:\/\/dev.myindustrial.eu\/lt\/?s={search_term_string}\"},\"query-input\":{\"@type\":\"PropertyValueSpecification\",\"valueRequired\":true,\"valueName\":\"search_term_string\"}}],\"inLanguage\":\"lt-LT\"}]}<\/script>\n<!-- \/ Yoast SEO plugin. -->","yoast_head_json":{"title":"Voleli\u0173 kreipian\u010di\u0173j\u0173 sistema - My industrial","robots":{"index":"noindex","follow":"follow","max-snippet":"max-snippet:-1","max-image-preview":"max-image-preview:large","max-video-preview":"max-video-preview:-1"},"og_locale":"lt_LT","og_type":"article","og_title":"Voleli\u0173 kreipian\u010di\u0173j\u0173 sistema - My industrial","og_description":"su integruotu amortizacijos sprendimu SFRS-DW-3 tipo  Apra\u0161ymas  Voleli\u0173 kreipian\u010di\u0173j\u0173 sistema su integruotu amortizacijos moduliu dvigub\u0173 rat\u0173 konstrukcijoje:   Patentuotas amortizacijos modulis, skirtas suma\u017einti nepageidaujamus sm\u016bgius  Dvigub\u0173 rat\u0173 konstrukcija  Amortizacijos eiga: 3 mm  Guoli\u0173 apsauga  D\u0117v\u0117jimosi reguliavimas naudojant \u012fvairiai pozicionuojamas tarpin\u0117s plok\u0161teles  \u0160oninis reguliavimas  Vienos dalies voleli\u0173 kreipian\u010dioji a\u0161is ir jos pakaba  Integruoti auk\u0161tos kokyb\u0117s guoliai  Lengvas pertepimas. Lengvas tepimas  Galimyb\u0117 pakartotinai tepti linijin\u0119 kreipian\u010di\u0105j\u0105 (ne\u0161varum\u0173 \u0161alinimas)  Paprastas voleli\u0173 keitimas  Savyb\u0117s   Did\u017eiausia apkrova iki 490 kN  Tvirtinimo laikiklis pagal u\u017eklaus\u0105  Volelio skersmuo: \u00d8 250  B\u0117gio plotis: 75\u2013120 mm  Techniniai privalumai   Paprastas d\u0117v\u0117jimosi reguliavimas  Lengvas pertepimas. Lengvas tepimas  Tvirta konstrukcija  Guoli\u0173 apsauga  Pagaminta i\u0161 masyvios med\u017eiagos","og_url":"https:\/\/dev.myindustrial.eu\/lt\/shop\/pramonines-stabdziu-sistemos-ir-pavaru-sustabdymo-komponentai\/voleliu-kreipianciuju-sistema\/guide-roller-system-with-integrated-damping-solution\/","og_site_name":"My industrial","article_modified_time":"2024-12-27T19:53:17+00:00","og_image":[{"width":800,"height":800,"url":"https:\/\/dev.myindustrial.eu\/wp-content\/uploads\/2024\/12\/spurfuehrungsrollensystem_sfrs-sv.webp","type":"image\/webp"}],"twitter_card":"summary_large_image","schema":{"@context":"https:\/\/schema.org","@graph":[{"@type":"WebPage","@id":"https:\/\/dev.myindustrial.eu\/lt\/shop\/pramonines-stabdziu-sistemos-ir-pavaru-sustabdymo-komponentai\/voleliu-kreipianciuju-sistema\/guide-roller-system-with-integrated-damping-solution\/","url":"https:\/\/dev.myindustrial.eu\/lt\/shop\/pramonines-stabdziu-sistemos-ir-pavaru-sustabdymo-komponentai\/voleliu-kreipianciuju-sistema\/guide-roller-system-with-integrated-damping-solution\/","name":"Voleli\u0173 kreipian\u010di\u0173j\u0173 sistema - My industrial","isPartOf":{"@id":"https:\/\/dev.myindustrial.eu\/lt\/#website"},"primaryImageOfPage":{"@id":"https:\/\/dev.myindustrial.eu\/lt\/shop\/pramonines-stabdziu-sistemos-ir-pavaru-sustabdymo-komponentai\/voleliu-kreipianciuju-sistema\/guide-roller-system-with-integrated-damping-solution\/#primaryimage"},"image":{"@id":"https:\/\/dev.myindustrial.eu\/lt\/shop\/pramonines-stabdziu-sistemos-ir-pavaru-sustabdymo-komponentai\/voleliu-kreipianciuju-sistema\/guide-roller-system-with-integrated-damping-solution\/#primaryimage"},"thumbnailUrl":"https:\/\/dev.myindustrial.eu\/wp-content\/uploads\/2024\/12\/spurfuehrungsrollensystem_sfrs-sv.webp","datePublished":"2024-12-02T11:55:56+00:00","dateModified":"2024-12-27T19:53:17+00:00","breadcrumb":{"@id":"https:\/\/dev.myindustrial.eu\/lt\/shop\/pramonines-stabdziu-sistemos-ir-pavaru-sustabdymo-komponentai\/voleliu-kreipianciuju-sistema\/guide-roller-system-with-integrated-damping-solution\/#breadcrumb"},"inLanguage":"lt-LT","potentialAction":[{"@type":"ReadAction","target":["https:\/\/dev.myindustrial.eu\/lt\/shop\/pramonines-stabdziu-sistemos-ir-pavaru-sustabdymo-komponentai\/voleliu-kreipianciuju-sistema\/guide-roller-system-with-integrated-damping-solution\/"]}]},{"@type":"ImageObject","inLanguage":"lt-LT","@id":"https:\/\/dev.myindustrial.eu\/lt\/shop\/pramonines-stabdziu-sistemos-ir-pavaru-sustabdymo-komponentai\/voleliu-kreipianciuju-sistema\/guide-roller-system-with-integrated-damping-solution\/#primaryimage","url":"https:\/\/dev.myindustrial.eu\/wp-content\/uploads\/2024\/12\/spurfuehrungsrollensystem_sfrs-sv.webp","contentUrl":"https:\/\/dev.myindustrial.eu\/wp-content\/uploads\/2024\/12\/spurfuehrungsrollensystem_sfrs-sv.webp","width":800,"height":800},{"@type":"BreadcrumbList","@id":"https:\/\/dev.myindustrial.eu\/lt\/shop\/pramonines-stabdziu-sistemos-ir-pavaru-sustabdymo-komponentai\/voleliu-kreipianciuju-sistema\/guide-roller-system-with-integrated-damping-solution\/#breadcrumb","itemListElement":[{"@type":"ListItem","position":1,"name":"Home","item":"https:\/\/dev.myindustrial.eu\/lt\/"},{"@type":"ListItem","position":2,"name":"Products","item":"https:\/\/dev.myindustrial.eu\/lt\/products\/"},{"@type":"ListItem","position":3,"name":"Voleli\u0173 kreipian\u010di\u0173j\u0173 sistema"}]},{"@type":"WebSite","@id":"https:\/\/dev.myindustrial.eu\/lt\/#website","url":"https:\/\/dev.myindustrial.eu\/lt\/","name":"My industrial","description":"","potentialAction":[{"@type":"SearchAction","target":{"@type":"EntryPoint","urlTemplate":"https:\/\/dev.myindustrial.eu\/lt\/?s={search_term_string}"},"query-input":{"@type":"PropertyValueSpecification","valueRequired":true,"valueName":"search_term_string"}}],"inLanguage":"lt-LT"}]}},"_links":{"self":[{"href":"https:\/\/dev.myindustrial.eu\/lt\/wp-json\/wp\/v2\/product\/1260065555","targetHints":{"allow":["GET"]}}],"collection":[{"href":"https:\/\/dev.myindustrial.eu\/lt\/wp-json\/wp\/v2\/product"}],"about":[{"href":"https:\/\/dev.myindustrial.eu\/lt\/wp-json\/wp\/v2\/types\/product"}],"version-history":[{"count":0,"href":"https:\/\/dev.myindustrial.eu\/lt\/wp-json\/wp\/v2\/product\/1260065555\/revisions"}],"wp:featuredmedia":[{"embeddable":true,"href":"https:\/\/dev.myindustrial.eu\/lt\/wp-json\/wp\/v2\/media\/1260064989"}],"wp:attachment":[{"href":"https:\/\/dev.myindustrial.eu\/lt\/wp-json\/wp\/v2\/media?parent=1260065555"}],"wp:term":[{"taxonomy":"product_brand","embeddable":true,"href":"https:\/\/dev.myindustrial.eu\/lt\/wp-json\/wp\/v2\/product_brand?post=1260065555"},{"taxonomy":"product_cat","embeddable":true,"href":"https:\/\/dev.myindustrial.eu\/lt\/wp-json\/wp\/v2\/product_cat?post=1260065555"},{"taxonomy":"product_tag","embeddable":true,"href":"https:\/\/dev.myindustrial.eu\/lt\/wp-json\/wp\/v2\/product_tag?post=1260065555"}],"curies":[{"name":"wp","href":"https:\/\/api.w.org\/{rel}","templated":true}]}}