{"id":1260065560,"date":"2024-12-02T12:03:19","date_gmt":"2024-12-02T12:03:19","guid":{"rendered":"https:\/\/dev.myindustrial.eu\/shop\/be-kategorijos\/load-hook-assemblies-crane-hook-blocks\/"},"modified":"2024-12-27T20:18:49","modified_gmt":"2024-12-27T20:18:49","slug":"load-hook-assemblies-crane-hook-blocks","status":"publish","type":"product","link":"https:\/\/dev.myindustrial.eu\/lt\/shop\/pramonines-stabdziu-sistemos-ir-pavaru-sustabdymo-komponentai\/kabliu-blokai\/load-hook-assemblies-crane-hook-blocks\/","title":{"rendered":"Kabli\u0173 mazgai ir kran\u0173 kabli\u0173 blokai"},"content":{"rendered":"<p><b>Parinktys \/ Special\u016bs dizainai:<\/b><\/p>\n<ul>\n<li style=\"font-weight: 400;\" aria-level=\"1\"><span style=\"font-weight: 400;\">Tikslinio pagreitinto sukimosi jud\u0117jimo inicijavimas naudojant da\u017enio keitikl\u012f.<\/span><\/li>\n<li style=\"font-weight: 400;\" aria-level=\"1\"><span style=\"font-weight: 400;\">\u0160ilumos apsauga skyst\u0173 degi\u0173j\u0173 med\u017eiag\u0173 transportavimui pagal EN 14492-2 (2006) \/ galimas saugos koeficientas DL 50.<\/span><\/li>\n<li style=\"font-weight: 400;\" aria-level=\"1\"><span style=\"font-weight: 400;\">Specialios konstrukcijos pagal u\u017esakym\u0105.<\/span><\/li>\n<li style=\"font-weight: 400;\" aria-level=\"1\"><span style=\"font-weight: 400;\">\u012evair\u016bs sukimosi fiksatoriai krovinio kablio u\u017etikrinimui.<\/span><\/li>\n<\/ul>\n<p><b>Apatiniai kabli\u0173 blokai<\/b><\/p>\n<ul>\n<li style=\"font-weight: 400;\" aria-level=\"1\"><span style=\"font-weight: 400;\">Pasukami \/ valdomi varikliu arba ne.<\/span><\/li>\n<li style=\"font-weight: 400;\" aria-level=\"1\"><span style=\"font-weight: 400;\">Skriemuliai \/ lyn\u0173 skriemuliai pagaminti i\u0161 vientisos med\u017eiagos (standartas St. 52.3).<\/span><\/li>\n<li style=\"font-weight: 400;\" aria-level=\"1\"><span style=\"font-weight: 400;\">Dvigubos eil\u0117s cilindriniai ritininiai guoliai, u\u017esandarinti i\u0161 abiej\u0173 pusi\u0173.<\/span><\/li>\n<li style=\"font-weight: 400;\" aria-level=\"1\"><span style=\"font-weight: 400;\">Galimyb\u0117 pakartotinai sutepti per guolio a\u0161\u012f.<\/span><\/li>\n<li style=\"font-weight: 400;\" aria-level=\"1\"><span style=\"font-weight: 400;\">Auk\u0161tos kokyb\u0117s dviej\u0173 komponent\u0173 danga, u\u017etikrinanti ilgalaik\u0119 apsaug\u0105 nuo korozijos.<\/span><\/li>\n<li style=\"font-weight: 400;\" aria-level=\"1\"><span style=\"font-weight: 400;\">Tvirtinimo elementai pagaminti i\u0161 ner\u016bdijan\u010dios med\u017eiagos.<\/span><\/li>\n<li style=\"font-weight: 400;\" aria-level=\"1\"><span style=\"font-weight: 400;\">Labai auk\u0161tas kokyb\u0117s lygis.<\/span><\/li>\n<\/ul>\n<p><b>Paskirtis:<\/b><span style=\"font-weight: 400;\"> k\u0117limo \u012frangos priedai kranams ir gerv\u0117ms.<\/span><span style=\"font-weight: 400;\"><br \/>\n<\/span><b>Keliamoji galia:<\/b><span style=\"font-weight: 400;\"> nuo 500 kg iki 380 000 kg.<\/span><span style=\"font-weight: 400;\"><br \/>\n<\/span><b>Kablio forma:<\/b><span style=\"font-weight: 400;\"> viengubas arba dvigubas.<\/span><span style=\"font-weight: 400;\"><br \/>\n<\/span><b>Atlikimas:<\/b><span style=\"font-weight: 400;\"> su pavara \/ be pavaros. \u012evairios sukimosi fiksavimo parinktys.<\/span><span style=\"font-weight: 400;\"><br \/>\n<\/span><b>Skriemuli\u0173 skai\u010dius:<\/b><span style=\"font-weight: 400;\"> nuo 1 iki 10.<\/span><span style=\"font-weight: 400;\"><br \/>\n<\/span><b>Konstrukcija taip pat pagal kliento u\u017esakym\u0105!<\/b><\/p>\n<p><b>Kabli\u0173 mazgai<\/b><\/p>\n<ul>\n<li style=\"font-weight: 400;\" aria-level=\"1\"><span style=\"font-weight: 400;\">Kabliai pagal DIN 15411.<\/span><\/li>\n<li style=\"font-weight: 400;\" aria-level=\"1\"><span style=\"font-weight: 400;\">Tvirtumo klas\u0117 P: med\u017eiaga S355.<\/span><\/li>\n<li style=\"font-weight: 400;\" aria-level=\"1\"><span style=\"font-weight: 400;\">Tvirtumo klas\u0117 V: med\u017eiaga 34CrNiMo6.<\/span><\/li>\n<\/ul>\n<p><b>Paskirtis:<\/b><span style=\"font-weight: 400;\"> atraminiai \u012ftaisai apatiniams blokams ir k\u0117limo sijoms.<\/span><span style=\"font-weight: 400;\"><br \/>\n<\/span><b>Kablio forma:<\/b><span style=\"font-weight: 400;\"> viengubas arba dvigubas.<\/span><span style=\"font-weight: 400;\"><br \/>\n<\/span><b>Med\u017eiaga:<\/b><span style=\"font-weight: 400;\"> S355 arba kitos tvirtumo klas\u0117s pagal DIN 15400.<\/span><span style=\"font-weight: 400;\"><br \/>\n<\/span><b>Tvirtumo klas\u0117s:<\/b><span style=\"font-weight: 400;\"> P arba V.<\/span><\/p>\n<p><b>Techniniai privalumai:<\/b><\/p>\n<ul>\n<li style=\"font-weight: 400;\" aria-level=\"1\"><span style=\"font-weight: 400;\">Auk\u0161tas kokyb\u0117s lygis.<\/span><\/li>\n<li style=\"font-weight: 400;\" aria-level=\"1\"><span style=\"font-weight: 400;\">Specialus dizainas.<\/span><\/li>\n<li style=\"font-weight: 400;\" aria-level=\"1\"><span style=\"font-weight: 400;\">Auk\u0161tas techninis lankstumas.<\/span><\/li>\n<li style=\"font-weight: 400;\" aria-level=\"1\"><span style=\"font-weight: 400;\">Skriemuliai i\u0161 vientisos med\u017eiagos.<\/span><\/li>\n<li style=\"font-weight: 400;\" aria-level=\"1\"><span style=\"font-weight: 400;\">Stabilus dizainas \u2013 ilgas tarnavimo laikas.<\/span><\/li>\n<li style=\"font-weight: 400;\" aria-level=\"1\"><span style=\"font-weight: 400;\">Tvirta ir stabili atramin\u0117 plok\u0161t\u0117 \/ plienin\u0117 konstrukcija.<\/span><\/li>\n<\/ul>\n","protected":false},"excerpt":{"rendered":"<p><b>Kabli\u0173 tvirtinimai ir blokai k\u0117limo \u012frangai<\/b><\/p>\n<p><span style=\"font-weight: 400;\">Blokai, skirti \u012fvairaus dyd\u017eio ir paj\u0117gumo k\u0117limo \u012frangai, si\u016blantys neribotas konfig\u016bracijos galimybes ir tipus, kad atitikt\u0173 visus klient\u0173 poreikius. Blokai gali b\u016bti gaminami su vienu skriemuliu iki a\u0161tuoni\u0173 skriemuli\u0173 versij\u0173, su paprastais arba dvigubais kabliais, taip suteikiant daugyb\u0119 klient\u0173 poreikiams pritaikyt\u0173 kombinacij\u0173.<\/span><\/p>\n","protected":false},"featured_media":1260065035,"template":"","meta":[],"product_brand":[],"product_cat":[1704],"product_tag":[],"class_list":{"0":"post-1260065560","1":"product","2":"type-product","3":"status-publish","4":"has-post-thumbnail","6":"product_cat-kabliu-blokai","8":"first","9":"instock","10":"shipping-taxable","11":"product-type-simple"},"yoast_head":"<!-- This site is optimized with the Yoast SEO plugin v27.1.1 - https:\/\/yoast.com\/product\/yoast-seo-wordpress\/ -->\n<title>Kabli\u0173 mazgai ir kran\u0173 kabli\u0173 blokai - My industrial<\/title>\n<meta name=\"robots\" content=\"noindex, follow, max-snippet:-1, max-image-preview:large, max-video-preview:-1\" \/>\n<meta property=\"og:locale\" content=\"lt_LT\" \/>\n<meta property=\"og:type\" content=\"article\" \/>\n<meta property=\"og:title\" content=\"Kabli\u0173 mazgai ir kran\u0173 kabli\u0173 blokai - My industrial\" \/>\n<meta property=\"og:description\" content=\"Kabli\u0173 tvirtinimai ir blokai k\u0117limo \u012frangai  Blokai, skirti \u012fvairaus dyd\u017eio ir paj\u0117gumo k\u0117limo \u012frangai, si\u016blantys neribotas konfig\u016bracijos galimybes ir tipus, kad atitikt\u0173 visus klient\u0173 poreikius. Blokai gali b\u016bti gaminami su vienu skriemuliu iki a\u0161tuoni\u0173 skriemuli\u0173 versij\u0173, su paprastais arba dvigubais kabliais, taip suteikiant daugyb\u0119 klient\u0173 poreikiams pritaikyt\u0173 kombinacij\u0173.\" \/>\n<meta property=\"og:url\" content=\"https:\/\/dev.myindustrial.eu\/lt\/shop\/pramonines-stabdziu-sistemos-ir-pavaru-sustabdymo-komponentai\/kabliu-blokai\/load-hook-assemblies-crane-hook-blocks\/\" \/>\n<meta property=\"og:site_name\" content=\"My industrial\" \/>\n<meta property=\"article:modified_time\" content=\"2024-12-27T20:18:49+00:00\" \/>\n<meta property=\"og:image\" content=\"https:\/\/dev.myindustrial.eu\/wp-content\/uploads\/2024\/12\/hook-blocks-preview-3.webp\" \/>\n\t<meta property=\"og:image:width\" content=\"800\" \/>\n\t<meta property=\"og:image:height\" content=\"800\" \/>\n\t<meta property=\"og:image:type\" content=\"image\/webp\" \/>\n<meta name=\"twitter:card\" content=\"summary_large_image\" \/>\n<script type=\"application\/ld+json\" class=\"yoast-schema-graph\">{\"@context\":\"https:\/\/schema.org\",\"@graph\":[{\"@type\":\"WebPage\",\"@id\":\"https:\/\/dev.myindustrial.eu\/lt\/shop\/pramonines-stabdziu-sistemos-ir-pavaru-sustabdymo-komponentai\/kabliu-blokai\/load-hook-assemblies-crane-hook-blocks\/\",\"url\":\"https:\/\/dev.myindustrial.eu\/lt\/shop\/pramonines-stabdziu-sistemos-ir-pavaru-sustabdymo-komponentai\/kabliu-blokai\/load-hook-assemblies-crane-hook-blocks\/\",\"name\":\"Kabli\u0173 mazgai ir kran\u0173 kabli\u0173 blokai - My industrial\",\"isPartOf\":{\"@id\":\"https:\/\/dev.myindustrial.eu\/lt\/#website\"},\"primaryImageOfPage\":{\"@id\":\"https:\/\/dev.myindustrial.eu\/lt\/shop\/pramonines-stabdziu-sistemos-ir-pavaru-sustabdymo-komponentai\/kabliu-blokai\/load-hook-assemblies-crane-hook-blocks\/#primaryimage\"},\"image\":{\"@id\":\"https:\/\/dev.myindustrial.eu\/lt\/shop\/pramonines-stabdziu-sistemos-ir-pavaru-sustabdymo-komponentai\/kabliu-blokai\/load-hook-assemblies-crane-hook-blocks\/#primaryimage\"},\"thumbnailUrl\":\"https:\/\/dev.myindustrial.eu\/wp-content\/uploads\/2024\/12\/hook-blocks-preview-3.webp\",\"datePublished\":\"2024-12-02T12:03:19+00:00\",\"dateModified\":\"2024-12-27T20:18:49+00:00\",\"breadcrumb\":{\"@id\":\"https:\/\/dev.myindustrial.eu\/lt\/shop\/pramonines-stabdziu-sistemos-ir-pavaru-sustabdymo-komponentai\/kabliu-blokai\/load-hook-assemblies-crane-hook-blocks\/#breadcrumb\"},\"inLanguage\":\"lt-LT\",\"potentialAction\":[{\"@type\":\"ReadAction\",\"target\":[\"https:\/\/dev.myindustrial.eu\/lt\/shop\/pramonines-stabdziu-sistemos-ir-pavaru-sustabdymo-komponentai\/kabliu-blokai\/load-hook-assemblies-crane-hook-blocks\/\"]}]},{\"@type\":\"ImageObject\",\"inLanguage\":\"lt-LT\",\"@id\":\"https:\/\/dev.myindustrial.eu\/lt\/shop\/pramonines-stabdziu-sistemos-ir-pavaru-sustabdymo-komponentai\/kabliu-blokai\/load-hook-assemblies-crane-hook-blocks\/#primaryimage\",\"url\":\"https:\/\/dev.myindustrial.eu\/wp-content\/uploads\/2024\/12\/hook-blocks-preview-3.webp\",\"contentUrl\":\"https:\/\/dev.myindustrial.eu\/wp-content\/uploads\/2024\/12\/hook-blocks-preview-3.webp\",\"width\":800,\"height\":800},{\"@type\":\"BreadcrumbList\",\"@id\":\"https:\/\/dev.myindustrial.eu\/lt\/shop\/pramonines-stabdziu-sistemos-ir-pavaru-sustabdymo-komponentai\/kabliu-blokai\/load-hook-assemblies-crane-hook-blocks\/#breadcrumb\",\"itemListElement\":[{\"@type\":\"ListItem\",\"position\":1,\"name\":\"Home\",\"item\":\"https:\/\/dev.myindustrial.eu\/lt\/\"},{\"@type\":\"ListItem\",\"position\":2,\"name\":\"Products\",\"item\":\"https:\/\/dev.myindustrial.eu\/lt\/products\/\"},{\"@type\":\"ListItem\",\"position\":3,\"name\":\"Kabli\u0173 mazgai ir kran\u0173 kabli\u0173 blokai\"}]},{\"@type\":\"WebSite\",\"@id\":\"https:\/\/dev.myindustrial.eu\/lt\/#website\",\"url\":\"https:\/\/dev.myindustrial.eu\/lt\/\",\"name\":\"My industrial\",\"description\":\"\",\"potentialAction\":[{\"@type\":\"SearchAction\",\"target\":{\"@type\":\"EntryPoint\",\"urlTemplate\":\"https:\/\/dev.myindustrial.eu\/lt\/?s={search_term_string}\"},\"query-input\":{\"@type\":\"PropertyValueSpecification\",\"valueRequired\":true,\"valueName\":\"search_term_string\"}}],\"inLanguage\":\"lt-LT\"}]}<\/script>\n<!-- \/ Yoast SEO plugin. -->","yoast_head_json":{"title":"Kabli\u0173 mazgai ir kran\u0173 kabli\u0173 blokai - My industrial","robots":{"index":"noindex","follow":"follow","max-snippet":"max-snippet:-1","max-image-preview":"max-image-preview:large","max-video-preview":"max-video-preview:-1"},"og_locale":"lt_LT","og_type":"article","og_title":"Kabli\u0173 mazgai ir kran\u0173 kabli\u0173 blokai - My industrial","og_description":"Kabli\u0173 tvirtinimai ir blokai k\u0117limo \u012frangai  Blokai, skirti \u012fvairaus dyd\u017eio ir paj\u0117gumo k\u0117limo \u012frangai, si\u016blantys neribotas konfig\u016bracijos galimybes ir tipus, kad atitikt\u0173 visus klient\u0173 poreikius. Blokai gali b\u016bti gaminami su vienu skriemuliu iki a\u0161tuoni\u0173 skriemuli\u0173 versij\u0173, su paprastais arba dvigubais kabliais, taip suteikiant daugyb\u0119 klient\u0173 poreikiams pritaikyt\u0173 kombinacij\u0173.","og_url":"https:\/\/dev.myindustrial.eu\/lt\/shop\/pramonines-stabdziu-sistemos-ir-pavaru-sustabdymo-komponentai\/kabliu-blokai\/load-hook-assemblies-crane-hook-blocks\/","og_site_name":"My industrial","article_modified_time":"2024-12-27T20:18:49+00:00","og_image":[{"width":800,"height":800,"url":"https:\/\/dev.myindustrial.eu\/wp-content\/uploads\/2024\/12\/hook-blocks-preview-3.webp","type":"image\/webp"}],"twitter_card":"summary_large_image","schema":{"@context":"https:\/\/schema.org","@graph":[{"@type":"WebPage","@id":"https:\/\/dev.myindustrial.eu\/lt\/shop\/pramonines-stabdziu-sistemos-ir-pavaru-sustabdymo-komponentai\/kabliu-blokai\/load-hook-assemblies-crane-hook-blocks\/","url":"https:\/\/dev.myindustrial.eu\/lt\/shop\/pramonines-stabdziu-sistemos-ir-pavaru-sustabdymo-komponentai\/kabliu-blokai\/load-hook-assemblies-crane-hook-blocks\/","name":"Kabli\u0173 mazgai ir kran\u0173 kabli\u0173 blokai - My industrial","isPartOf":{"@id":"https:\/\/dev.myindustrial.eu\/lt\/#website"},"primaryImageOfPage":{"@id":"https:\/\/dev.myindustrial.eu\/lt\/shop\/pramonines-stabdziu-sistemos-ir-pavaru-sustabdymo-komponentai\/kabliu-blokai\/load-hook-assemblies-crane-hook-blocks\/#primaryimage"},"image":{"@id":"https:\/\/dev.myindustrial.eu\/lt\/shop\/pramonines-stabdziu-sistemos-ir-pavaru-sustabdymo-komponentai\/kabliu-blokai\/load-hook-assemblies-crane-hook-blocks\/#primaryimage"},"thumbnailUrl":"https:\/\/dev.myindustrial.eu\/wp-content\/uploads\/2024\/12\/hook-blocks-preview-3.webp","datePublished":"2024-12-02T12:03:19+00:00","dateModified":"2024-12-27T20:18:49+00:00","breadcrumb":{"@id":"https:\/\/dev.myindustrial.eu\/lt\/shop\/pramonines-stabdziu-sistemos-ir-pavaru-sustabdymo-komponentai\/kabliu-blokai\/load-hook-assemblies-crane-hook-blocks\/#breadcrumb"},"inLanguage":"lt-LT","potentialAction":[{"@type":"ReadAction","target":["https:\/\/dev.myindustrial.eu\/lt\/shop\/pramonines-stabdziu-sistemos-ir-pavaru-sustabdymo-komponentai\/kabliu-blokai\/load-hook-assemblies-crane-hook-blocks\/"]}]},{"@type":"ImageObject","inLanguage":"lt-LT","@id":"https:\/\/dev.myindustrial.eu\/lt\/shop\/pramonines-stabdziu-sistemos-ir-pavaru-sustabdymo-komponentai\/kabliu-blokai\/load-hook-assemblies-crane-hook-blocks\/#primaryimage","url":"https:\/\/dev.myindustrial.eu\/wp-content\/uploads\/2024\/12\/hook-blocks-preview-3.webp","contentUrl":"https:\/\/dev.myindustrial.eu\/wp-content\/uploads\/2024\/12\/hook-blocks-preview-3.webp","width":800,"height":800},{"@type":"BreadcrumbList","@id":"https:\/\/dev.myindustrial.eu\/lt\/shop\/pramonines-stabdziu-sistemos-ir-pavaru-sustabdymo-komponentai\/kabliu-blokai\/load-hook-assemblies-crane-hook-blocks\/#breadcrumb","itemListElement":[{"@type":"ListItem","position":1,"name":"Home","item":"https:\/\/dev.myindustrial.eu\/lt\/"},{"@type":"ListItem","position":2,"name":"Products","item":"https:\/\/dev.myindustrial.eu\/lt\/products\/"},{"@type":"ListItem","position":3,"name":"Kabli\u0173 mazgai ir kran\u0173 kabli\u0173 blokai"}]},{"@type":"WebSite","@id":"https:\/\/dev.myindustrial.eu\/lt\/#website","url":"https:\/\/dev.myindustrial.eu\/lt\/","name":"My industrial","description":"","potentialAction":[{"@type":"SearchAction","target":{"@type":"EntryPoint","urlTemplate":"https:\/\/dev.myindustrial.eu\/lt\/?s={search_term_string}"},"query-input":{"@type":"PropertyValueSpecification","valueRequired":true,"valueName":"search_term_string"}}],"inLanguage":"lt-LT"}]}},"_links":{"self":[{"href":"https:\/\/dev.myindustrial.eu\/lt\/wp-json\/wp\/v2\/product\/1260065560","targetHints":{"allow":["GET"]}}],"collection":[{"href":"https:\/\/dev.myindustrial.eu\/lt\/wp-json\/wp\/v2\/product"}],"about":[{"href":"https:\/\/dev.myindustrial.eu\/lt\/wp-json\/wp\/v2\/types\/product"}],"version-history":[{"count":0,"href":"https:\/\/dev.myindustrial.eu\/lt\/wp-json\/wp\/v2\/product\/1260065560\/revisions"}],"wp:featuredmedia":[{"embeddable":true,"href":"https:\/\/dev.myindustrial.eu\/lt\/wp-json\/wp\/v2\/media\/1260065035"}],"wp:attachment":[{"href":"https:\/\/dev.myindustrial.eu\/lt\/wp-json\/wp\/v2\/media?parent=1260065560"}],"wp:term":[{"taxonomy":"product_brand","embeddable":true,"href":"https:\/\/dev.myindustrial.eu\/lt\/wp-json\/wp\/v2\/product_brand?post=1260065560"},{"taxonomy":"product_cat","embeddable":true,"href":"https:\/\/dev.myindustrial.eu\/lt\/wp-json\/wp\/v2\/product_cat?post=1260065560"},{"taxonomy":"product_tag","embeddable":true,"href":"https:\/\/dev.myindustrial.eu\/lt\/wp-json\/wp\/v2\/product_tag?post=1260065560"}],"curies":[{"name":"wp","href":"https:\/\/api.w.org\/{rel}","templated":true}]}}