{"id":1260065564,"date":"2024-12-02T12:07:49","date_gmt":"2024-12-02T12:07:49","guid":{"rendered":"https:\/\/dev.myindustrial.eu\/shop\/be-kategorijos\/rope-drums\/"},"modified":"2024-12-27T20:25:56","modified_gmt":"2024-12-27T20:25:56","slug":"rope-drums","status":"publish","type":"product","link":"https:\/\/dev.myindustrial.eu\/lt\/shop\/pramonines-stabdziu-sistemos-ir-pavaru-sustabdymo-komponentai\/virves-bugnai\/rope-drums\/","title":{"rendered":"Virv\u0117s b\u016bgnai"},"content":{"rendered":"","protected":false},"excerpt":{"rendered":"<p><b>Virv\u0117s vijimo b\u016bgnai<\/b><span style=\"font-weight: 400;\"><br \/>\n<\/span><b>B\u016bgnai, naudojami virv\u0117s vijimui<\/b><span style=\"font-weight: 400;\"><br \/>\n<\/span><b>Kran\u0173 b\u016bgnai tiltin\u0117ms kran\u0173 virv\u0117ms vynioti<\/b><\/p>\n<p><span style=\"font-weight: 400;\">Kran\u0173 b\u016bgnai skirti traukos virv\u0117ms vynioti ir tolygiai paskirstyti, naudojami kran\u0173 mechanizmuose. Kran\u0173 b\u016bgn\u0173 gamyba ir tiekimas atitinka standart\u0105 OST 24.191.36-77. Gaminame ir projektuojame virv\u0117s vijimo b\u016bgnus tiltiniams kranams, uosto kranams, ve\u017eim\u0117liams, specialiosioms ma\u0161inoms ir gele\u017einkelio transporto priemon\u0117ms su cilindru, pagamintu i\u0161 vamzd\u017eio arba apvalkalo.<\/span><\/p>\n<p><span style=\"font-weight: 400;\">Suvirinimo darbai atliekami u\u017etikrinant piln\u0105 si\u016bl\u0117s \u012flydim\u0105, juos atlieka kvalifikuoti suvirintojai, tikrina naudojant neardom\u0105j\u012f bandymo metod\u0105 (NDT) ir sertifikuoja. Tikslus apdirbimas ir matmen\u0173 kontrol\u0117 u\u017etikrina i\u0161skirtin\u0117s kokyb\u0117s komponentus.<\/span><\/p>\n","protected":false},"featured_media":1260065066,"template":"","meta":[],"product_brand":[],"product_cat":[1708],"product_tag":[],"class_list":{"0":"post-1260065564","1":"product","2":"type-product","3":"status-publish","4":"has-post-thumbnail","6":"product_cat-virves-bugnai","8":"first","9":"instock","10":"shipping-taxable","11":"product-type-simple"},"yoast_head":"<!-- This site is optimized with the Yoast SEO plugin v27.1.1 - https:\/\/yoast.com\/product\/yoast-seo-wordpress\/ -->\n<title>Virv\u0117s b\u016bgnai - My industrial<\/title>\n<meta name=\"robots\" content=\"noindex, follow, max-snippet:-1, max-image-preview:large, max-video-preview:-1\" \/>\n<meta property=\"og:locale\" content=\"lt_LT\" \/>\n<meta property=\"og:type\" content=\"article\" \/>\n<meta property=\"og:title\" content=\"Virv\u0117s b\u016bgnai - My industrial\" \/>\n<meta property=\"og:description\" content=\"Virv\u0117s vijimo b\u016bgnai B\u016bgnai, naudojami virv\u0117s vijimui Kran\u0173 b\u016bgnai tiltin\u0117ms kran\u0173 virv\u0117ms vynioti  Kran\u0173 b\u016bgnai skirti traukos virv\u0117ms vynioti ir tolygiai paskirstyti, naudojami kran\u0173 mechanizmuose. Kran\u0173 b\u016bgn\u0173 gamyba ir tiekimas atitinka standart\u0105 OST 24.191.36-77. Gaminame ir projektuojame virv\u0117s vijimo b\u016bgnus tiltiniams kranams, uosto kranams, ve\u017eim\u0117liams, specialiosioms ma\u0161inoms ir gele\u017einkelio transporto priemon\u0117ms su cilindru, pagamintu i\u0161 vamzd\u017eio arba apvalkalo.  Suvirinimo darbai atliekami u\u017etikrinant piln\u0105 si\u016bl\u0117s \u012flydim\u0105, juos atlieka kvalifikuoti suvirintojai, tikrina naudojant neardom\u0105j\u012f bandymo metod\u0105 (NDT) ir sertifikuoja. Tikslus apdirbimas ir matmen\u0173 kontrol\u0117 u\u017etikrina i\u0161skirtin\u0117s kokyb\u0117s komponentus.\" \/>\n<meta property=\"og:url\" content=\"https:\/\/dev.myindustrial.eu\/lt\/shop\/pramonines-stabdziu-sistemos-ir-pavaru-sustabdymo-komponentai\/virves-bugnai\/rope-drums\/\" \/>\n<meta property=\"og:site_name\" content=\"My industrial\" \/>\n<meta property=\"article:modified_time\" content=\"2024-12-27T20:25:56+00:00\" \/>\n<meta property=\"og:image\" content=\"https:\/\/dev.myindustrial.eu\/wp-content\/uploads\/2024\/12\/rope-drums-preview.webp\" \/>\n\t<meta property=\"og:image:width\" content=\"800\" \/>\n\t<meta property=\"og:image:height\" content=\"800\" \/>\n\t<meta property=\"og:image:type\" content=\"image\/webp\" \/>\n<meta name=\"twitter:card\" content=\"summary_large_image\" \/>\n<script type=\"application\/ld+json\" class=\"yoast-schema-graph\">{\"@context\":\"https:\/\/schema.org\",\"@graph\":[{\"@type\":\"WebPage\",\"@id\":\"https:\/\/dev.myindustrial.eu\/lt\/shop\/pramonines-stabdziu-sistemos-ir-pavaru-sustabdymo-komponentai\/virves-bugnai\/rope-drums\/\",\"url\":\"https:\/\/dev.myindustrial.eu\/lt\/shop\/pramonines-stabdziu-sistemos-ir-pavaru-sustabdymo-komponentai\/virves-bugnai\/rope-drums\/\",\"name\":\"Virv\u0117s b\u016bgnai - My industrial\",\"isPartOf\":{\"@id\":\"https:\/\/dev.myindustrial.eu\/lt\/#website\"},\"primaryImageOfPage\":{\"@id\":\"https:\/\/dev.myindustrial.eu\/lt\/shop\/pramonines-stabdziu-sistemos-ir-pavaru-sustabdymo-komponentai\/virves-bugnai\/rope-drums\/#primaryimage\"},\"image\":{\"@id\":\"https:\/\/dev.myindustrial.eu\/lt\/shop\/pramonines-stabdziu-sistemos-ir-pavaru-sustabdymo-komponentai\/virves-bugnai\/rope-drums\/#primaryimage\"},\"thumbnailUrl\":\"https:\/\/dev.myindustrial.eu\/wp-content\/uploads\/2024\/12\/rope-drums-preview.webp\",\"datePublished\":\"2024-12-02T12:07:49+00:00\",\"dateModified\":\"2024-12-27T20:25:56+00:00\",\"breadcrumb\":{\"@id\":\"https:\/\/dev.myindustrial.eu\/lt\/shop\/pramonines-stabdziu-sistemos-ir-pavaru-sustabdymo-komponentai\/virves-bugnai\/rope-drums\/#breadcrumb\"},\"inLanguage\":\"lt-LT\",\"potentialAction\":[{\"@type\":\"ReadAction\",\"target\":[\"https:\/\/dev.myindustrial.eu\/lt\/shop\/pramonines-stabdziu-sistemos-ir-pavaru-sustabdymo-komponentai\/virves-bugnai\/rope-drums\/\"]}]},{\"@type\":\"ImageObject\",\"inLanguage\":\"lt-LT\",\"@id\":\"https:\/\/dev.myindustrial.eu\/lt\/shop\/pramonines-stabdziu-sistemos-ir-pavaru-sustabdymo-komponentai\/virves-bugnai\/rope-drums\/#primaryimage\",\"url\":\"https:\/\/dev.myindustrial.eu\/wp-content\/uploads\/2024\/12\/rope-drums-preview.webp\",\"contentUrl\":\"https:\/\/dev.myindustrial.eu\/wp-content\/uploads\/2024\/12\/rope-drums-preview.webp\",\"width\":800,\"height\":800},{\"@type\":\"BreadcrumbList\",\"@id\":\"https:\/\/dev.myindustrial.eu\/lt\/shop\/pramonines-stabdziu-sistemos-ir-pavaru-sustabdymo-komponentai\/virves-bugnai\/rope-drums\/#breadcrumb\",\"itemListElement\":[{\"@type\":\"ListItem\",\"position\":1,\"name\":\"Home\",\"item\":\"https:\/\/dev.myindustrial.eu\/lt\/\"},{\"@type\":\"ListItem\",\"position\":2,\"name\":\"Products\",\"item\":\"https:\/\/dev.myindustrial.eu\/lt\/products\/\"},{\"@type\":\"ListItem\",\"position\":3,\"name\":\"Virv\u0117s b\u016bgnai\"}]},{\"@type\":\"WebSite\",\"@id\":\"https:\/\/dev.myindustrial.eu\/lt\/#website\",\"url\":\"https:\/\/dev.myindustrial.eu\/lt\/\",\"name\":\"My industrial\",\"description\":\"\",\"potentialAction\":[{\"@type\":\"SearchAction\",\"target\":{\"@type\":\"EntryPoint\",\"urlTemplate\":\"https:\/\/dev.myindustrial.eu\/lt\/?s={search_term_string}\"},\"query-input\":{\"@type\":\"PropertyValueSpecification\",\"valueRequired\":true,\"valueName\":\"search_term_string\"}}],\"inLanguage\":\"lt-LT\"}]}<\/script>\n<!-- \/ Yoast SEO plugin. -->","yoast_head_json":{"title":"Virv\u0117s b\u016bgnai - My industrial","robots":{"index":"noindex","follow":"follow","max-snippet":"max-snippet:-1","max-image-preview":"max-image-preview:large","max-video-preview":"max-video-preview:-1"},"og_locale":"lt_LT","og_type":"article","og_title":"Virv\u0117s b\u016bgnai - My industrial","og_description":"Virv\u0117s vijimo b\u016bgnai B\u016bgnai, naudojami virv\u0117s vijimui Kran\u0173 b\u016bgnai tiltin\u0117ms kran\u0173 virv\u0117ms vynioti  Kran\u0173 b\u016bgnai skirti traukos virv\u0117ms vynioti ir tolygiai paskirstyti, naudojami kran\u0173 mechanizmuose. Kran\u0173 b\u016bgn\u0173 gamyba ir tiekimas atitinka standart\u0105 OST 24.191.36-77. Gaminame ir projektuojame virv\u0117s vijimo b\u016bgnus tiltiniams kranams, uosto kranams, ve\u017eim\u0117liams, specialiosioms ma\u0161inoms ir gele\u017einkelio transporto priemon\u0117ms su cilindru, pagamintu i\u0161 vamzd\u017eio arba apvalkalo.  Suvirinimo darbai atliekami u\u017etikrinant piln\u0105 si\u016bl\u0117s \u012flydim\u0105, juos atlieka kvalifikuoti suvirintojai, tikrina naudojant neardom\u0105j\u012f bandymo metod\u0105 (NDT) ir sertifikuoja. Tikslus apdirbimas ir matmen\u0173 kontrol\u0117 u\u017etikrina i\u0161skirtin\u0117s kokyb\u0117s komponentus.","og_url":"https:\/\/dev.myindustrial.eu\/lt\/shop\/pramonines-stabdziu-sistemos-ir-pavaru-sustabdymo-komponentai\/virves-bugnai\/rope-drums\/","og_site_name":"My industrial","article_modified_time":"2024-12-27T20:25:56+00:00","og_image":[{"width":800,"height":800,"url":"https:\/\/dev.myindustrial.eu\/wp-content\/uploads\/2024\/12\/rope-drums-preview.webp","type":"image\/webp"}],"twitter_card":"summary_large_image","schema":{"@context":"https:\/\/schema.org","@graph":[{"@type":"WebPage","@id":"https:\/\/dev.myindustrial.eu\/lt\/shop\/pramonines-stabdziu-sistemos-ir-pavaru-sustabdymo-komponentai\/virves-bugnai\/rope-drums\/","url":"https:\/\/dev.myindustrial.eu\/lt\/shop\/pramonines-stabdziu-sistemos-ir-pavaru-sustabdymo-komponentai\/virves-bugnai\/rope-drums\/","name":"Virv\u0117s b\u016bgnai - My industrial","isPartOf":{"@id":"https:\/\/dev.myindustrial.eu\/lt\/#website"},"primaryImageOfPage":{"@id":"https:\/\/dev.myindustrial.eu\/lt\/shop\/pramonines-stabdziu-sistemos-ir-pavaru-sustabdymo-komponentai\/virves-bugnai\/rope-drums\/#primaryimage"},"image":{"@id":"https:\/\/dev.myindustrial.eu\/lt\/shop\/pramonines-stabdziu-sistemos-ir-pavaru-sustabdymo-komponentai\/virves-bugnai\/rope-drums\/#primaryimage"},"thumbnailUrl":"https:\/\/dev.myindustrial.eu\/wp-content\/uploads\/2024\/12\/rope-drums-preview.webp","datePublished":"2024-12-02T12:07:49+00:00","dateModified":"2024-12-27T20:25:56+00:00","breadcrumb":{"@id":"https:\/\/dev.myindustrial.eu\/lt\/shop\/pramonines-stabdziu-sistemos-ir-pavaru-sustabdymo-komponentai\/virves-bugnai\/rope-drums\/#breadcrumb"},"inLanguage":"lt-LT","potentialAction":[{"@type":"ReadAction","target":["https:\/\/dev.myindustrial.eu\/lt\/shop\/pramonines-stabdziu-sistemos-ir-pavaru-sustabdymo-komponentai\/virves-bugnai\/rope-drums\/"]}]},{"@type":"ImageObject","inLanguage":"lt-LT","@id":"https:\/\/dev.myindustrial.eu\/lt\/shop\/pramonines-stabdziu-sistemos-ir-pavaru-sustabdymo-komponentai\/virves-bugnai\/rope-drums\/#primaryimage","url":"https:\/\/dev.myindustrial.eu\/wp-content\/uploads\/2024\/12\/rope-drums-preview.webp","contentUrl":"https:\/\/dev.myindustrial.eu\/wp-content\/uploads\/2024\/12\/rope-drums-preview.webp","width":800,"height":800},{"@type":"BreadcrumbList","@id":"https:\/\/dev.myindustrial.eu\/lt\/shop\/pramonines-stabdziu-sistemos-ir-pavaru-sustabdymo-komponentai\/virves-bugnai\/rope-drums\/#breadcrumb","itemListElement":[{"@type":"ListItem","position":1,"name":"Home","item":"https:\/\/dev.myindustrial.eu\/lt\/"},{"@type":"ListItem","position":2,"name":"Products","item":"https:\/\/dev.myindustrial.eu\/lt\/products\/"},{"@type":"ListItem","position":3,"name":"Virv\u0117s b\u016bgnai"}]},{"@type":"WebSite","@id":"https:\/\/dev.myindustrial.eu\/lt\/#website","url":"https:\/\/dev.myindustrial.eu\/lt\/","name":"My industrial","description":"","potentialAction":[{"@type":"SearchAction","target":{"@type":"EntryPoint","urlTemplate":"https:\/\/dev.myindustrial.eu\/lt\/?s={search_term_string}"},"query-input":{"@type":"PropertyValueSpecification","valueRequired":true,"valueName":"search_term_string"}}],"inLanguage":"lt-LT"}]}},"_links":{"self":[{"href":"https:\/\/dev.myindustrial.eu\/lt\/wp-json\/wp\/v2\/product\/1260065564","targetHints":{"allow":["GET"]}}],"collection":[{"href":"https:\/\/dev.myindustrial.eu\/lt\/wp-json\/wp\/v2\/product"}],"about":[{"href":"https:\/\/dev.myindustrial.eu\/lt\/wp-json\/wp\/v2\/types\/product"}],"version-history":[{"count":0,"href":"https:\/\/dev.myindustrial.eu\/lt\/wp-json\/wp\/v2\/product\/1260065564\/revisions"}],"wp:featuredmedia":[{"embeddable":true,"href":"https:\/\/dev.myindustrial.eu\/lt\/wp-json\/wp\/v2\/media\/1260065066"}],"wp:attachment":[{"href":"https:\/\/dev.myindustrial.eu\/lt\/wp-json\/wp\/v2\/media?parent=1260065564"}],"wp:term":[{"taxonomy":"product_brand","embeddable":true,"href":"https:\/\/dev.myindustrial.eu\/lt\/wp-json\/wp\/v2\/product_brand?post=1260065564"},{"taxonomy":"product_cat","embeddable":true,"href":"https:\/\/dev.myindustrial.eu\/lt\/wp-json\/wp\/v2\/product_cat?post=1260065564"},{"taxonomy":"product_tag","embeddable":true,"href":"https:\/\/dev.myindustrial.eu\/lt\/wp-json\/wp\/v2\/product_tag?post=1260065564"}],"curies":[{"name":"wp","href":"https:\/\/api.w.org\/{rel}","templated":true}]}}