{"id":1260065578,"date":"2024-12-02T12:25:53","date_gmt":"2024-12-02T12:25:53","guid":{"rendered":"https:\/\/dev.myindustrial.eu\/shop\/be-kategorijos\/industrial-disc-brake-and-service-brake\/"},"modified":"2024-12-27T20:43:28","modified_gmt":"2024-12-27T20:43:28","slug":"industrial-disc-brake-and-service-brake","status":"publish","type":"product","link":"https:\/\/dev.myindustrial.eu\/lt\/shop\/pramonines-stabdziu-sistemos-ir-pavaru-sustabdymo-komponentai\/pramoniniai-diskiniai-ir-bugniniai-stabdziai\/industrial-disc-brake-and-service-brake\/","title":{"rendered":"Pramoninis diskinis stabdys ir aptarnavimo stabdys"},"content":{"rendered":"<p><b>Savyb\u0117s<\/b><\/p>\n<ul>\n<li style=\"font-weight: 400;\" aria-level=\"1\"><span style=\"font-weight: 400;\">Stabdymas vyksta spyruokl\u0117s j\u0117ga<\/span><\/li>\n<li style=\"font-weight: 400;\" aria-level=\"1\"><span style=\"font-weight: 400;\">K\u0117limas elektrohidrauliniu b\u016bdu (stumokliu) \u2013 standartin\u0117 versija<\/span><\/li>\n<li style=\"font-weight: 400;\" aria-level=\"1\"><span style=\"font-weight: 400;\">Tipai: RSTN-0, RSTN-0-L (horizontalus), RSTN-1, RSTN-2, RSTN-3<\/span><\/li>\n<li style=\"font-weight: 400;\" aria-level=\"1\"><span style=\"font-weight: 400;\">Sintetin\u0117s stabd\u017ei\u0173 trinkel\u0117s<\/span><\/li>\n<\/ul>\n<p><b>Techniniai privalumai<\/b><\/p>\n<ul>\n<li style=\"font-weight: 400;\" aria-level=\"1\"><span style=\"font-weight: 400;\">Geometri\u0161kai optimizuota sistema u\u017etikrina pastov\u0173 stabdymo moment\u0105 nepriklausomai nuo sukimosi krypties.<\/span><\/li>\n<li style=\"font-weight: 400;\" aria-level=\"1\"><span style=\"font-weight: 400;\">D\u0117l standartizuot\u0173 ir vietoje pagamint\u0173 komponent\u0173 specialios stabd\u017ei\u0173 disk\u0173 konstrukcijos gali b\u016bti pristatytos per trump\u0105 laik\u0105.<\/span><\/li>\n<\/ul>\n","protected":false},"excerpt":{"rendered":"<p><b>Tipai RSTN-0, RSTN-1, RSTN-2, RSTN-3<\/b><\/p>\n<p><b>Apra\u0161ymas<\/b><\/p>\n<p><span style=\"font-weight: 400;\">&#8222;Greito veikimo&#8221; stabdys. Geometri\u0161kai optimizuota sistema u\u017etikrina pastov\u0173 stabdymo moment\u0105, nepriklausomai nuo sukimosi krypties.<\/span><span style=\"font-weight: 400;\"><br \/>\n<\/span><span style=\"font-weight: 400;\">D\u0117l standartizuot\u0173 komponent\u0173 ir vietin\u0117s gamybos galima pagaminti plat\u0173 diskini\u0173 stabd\u017ei\u0173 versij\u0173 asortiment\u0105 per labai trump\u0105 laik\u0105.<\/span><span style=\"font-weight: 400;\"><br \/>\n<\/span><span style=\"font-weight: 400;\">RSTN tipo stabd\u017eiai nepraranda laikymo j\u0117gos leistino nusid\u0117v\u0117jimo metu.<\/span><\/p>\n<ul>\n<li style=\"font-weight: 400;\" aria-level=\"1\"><span style=\"font-weight: 400;\">Reguliuojamas sukimo momentas<\/span><\/li>\n<li style=\"font-weight: 400;\" aria-level=\"1\"><span style=\"font-weight: 400;\">Tinka stabd\u017ei\u0173 diskams, kuri\u0173 skersmuo: \u00f8 200, 225, 250, 280, 315, 355, 400, 450, 500, 560, 630, 710, 800, 900, 1000 mm iki \u00f8 1250 mm<\/span><\/li>\n<li style=\"font-weight: 400;\" aria-level=\"1\"><span style=\"font-weight: 400;\">Stabdymo momentai nuo 200 Nm iki 23 800 Nm vienam stabd\u017eiui<\/span><\/li>\n<li style=\"font-weight: 400;\" aria-level=\"1\"><span style=\"font-weight: 400;\">\u012erengtas &#8222;SLM&#8221; sinchroninis k\u0117limo mechanizmas (u\u017etikrina vienodus oro tarpus tarp stabd\u017ei\u0173 trinkeli\u0173 ir stabd\u017ei\u0173 disko)<\/span><\/li>\n<\/ul>\n","protected":false},"featured_media":1260065083,"template":"","meta":[],"product_brand":[],"product_cat":[1712],"product_tag":[],"class_list":{"0":"post-1260065578","1":"product","2":"type-product","3":"status-publish","4":"has-post-thumbnail","6":"product_cat-pramoniniai-diskiniai-ir-bugniniai-stabdziai","8":"first","9":"instock","10":"shipping-taxable","11":"product-type-simple"},"yoast_head":"<!-- This site is optimized with the Yoast SEO plugin v27.1.1 - https:\/\/yoast.com\/product\/yoast-seo-wordpress\/ -->\n<title>Pramoninis diskinis stabdys ir aptarnavimo stabdys - My industrial<\/title>\n<meta name=\"robots\" content=\"noindex, follow, max-snippet:-1, max-image-preview:large, max-video-preview:-1\" \/>\n<meta property=\"og:locale\" content=\"lt_LT\" \/>\n<meta property=\"og:type\" content=\"article\" \/>\n<meta property=\"og:title\" content=\"Pramoninis diskinis stabdys ir aptarnavimo stabdys - My industrial\" \/>\n<meta property=\"og:description\" content=\"Tipai RSTN-0, RSTN-1, RSTN-2, RSTN-3  Apra\u0161ymas  &quot;Greito veikimo&quot; stabdys. Geometri\u0161kai optimizuota sistema u\u017etikrina pastov\u0173 stabdymo moment\u0105, nepriklausomai nuo sukimosi krypties. D\u0117l standartizuot\u0173 komponent\u0173 ir vietin\u0117s gamybos galima pagaminti plat\u0173 diskini\u0173 stabd\u017ei\u0173 versij\u0173 asortiment\u0105 per labai trump\u0105 laik\u0105. RSTN tipo stabd\u017eiai nepraranda laikymo j\u0117gos leistino nusid\u0117v\u0117jimo metu.   Reguliuojamas sukimo momentas  Tinka stabd\u017ei\u0173 diskams, kuri\u0173 skersmuo: \u00f8 200, 225, 250, 280, 315, 355, 400, 450, 500, 560, 630, 710, 800, 900, 1000 mm iki \u00f8 1250 mm  Stabdymo momentai nuo 200 Nm iki 23 800 Nm vienam stabd\u017eiui  \u012erengtas &quot;SLM&quot; sinchroninis k\u0117limo mechanizmas (u\u017etikrina vienodus oro tarpus tarp stabd\u017ei\u0173 trinkeli\u0173 ir stabd\u017ei\u0173 disko)\" \/>\n<meta property=\"og:url\" content=\"https:\/\/dev.myindustrial.eu\/lt\/shop\/pramonines-stabdziu-sistemos-ir-pavaru-sustabdymo-komponentai\/pramoniniai-diskiniai-ir-bugniniai-stabdziai\/industrial-disc-brake-and-service-brake\/\" \/>\n<meta property=\"og:site_name\" content=\"My industrial\" \/>\n<meta property=\"article:modified_time\" content=\"2024-12-27T20:43:28+00:00\" \/>\n<meta property=\"og:image\" content=\"https:\/\/dev.myindustrial.eu\/wp-content\/uploads\/2024\/12\/rtf-disc-brake-preview.webp\" \/>\n\t<meta property=\"og:image:width\" content=\"800\" \/>\n\t<meta property=\"og:image:height\" content=\"800\" \/>\n\t<meta property=\"og:image:type\" content=\"image\/webp\" \/>\n<meta name=\"twitter:card\" content=\"summary_large_image\" \/>\n<script type=\"application\/ld+json\" class=\"yoast-schema-graph\">{\"@context\":\"https:\/\/schema.org\",\"@graph\":[{\"@type\":\"WebPage\",\"@id\":\"https:\/\/dev.myindustrial.eu\/lt\/shop\/pramonines-stabdziu-sistemos-ir-pavaru-sustabdymo-komponentai\/pramoniniai-diskiniai-ir-bugniniai-stabdziai\/industrial-disc-brake-and-service-brake\/\",\"url\":\"https:\/\/dev.myindustrial.eu\/lt\/shop\/pramonines-stabdziu-sistemos-ir-pavaru-sustabdymo-komponentai\/pramoniniai-diskiniai-ir-bugniniai-stabdziai\/industrial-disc-brake-and-service-brake\/\",\"name\":\"Pramoninis diskinis stabdys ir aptarnavimo stabdys - My industrial\",\"isPartOf\":{\"@id\":\"https:\/\/dev.myindustrial.eu\/lt\/#website\"},\"primaryImageOfPage\":{\"@id\":\"https:\/\/dev.myindustrial.eu\/lt\/shop\/pramonines-stabdziu-sistemos-ir-pavaru-sustabdymo-komponentai\/pramoniniai-diskiniai-ir-bugniniai-stabdziai\/industrial-disc-brake-and-service-brake\/#primaryimage\"},\"image\":{\"@id\":\"https:\/\/dev.myindustrial.eu\/lt\/shop\/pramonines-stabdziu-sistemos-ir-pavaru-sustabdymo-komponentai\/pramoniniai-diskiniai-ir-bugniniai-stabdziai\/industrial-disc-brake-and-service-brake\/#primaryimage\"},\"thumbnailUrl\":\"https:\/\/dev.myindustrial.eu\/wp-content\/uploads\/2024\/12\/rtf-disc-brake-preview.webp\",\"datePublished\":\"2024-12-02T12:25:53+00:00\",\"dateModified\":\"2024-12-27T20:43:28+00:00\",\"breadcrumb\":{\"@id\":\"https:\/\/dev.myindustrial.eu\/lt\/shop\/pramonines-stabdziu-sistemos-ir-pavaru-sustabdymo-komponentai\/pramoniniai-diskiniai-ir-bugniniai-stabdziai\/industrial-disc-brake-and-service-brake\/#breadcrumb\"},\"inLanguage\":\"lt-LT\",\"potentialAction\":[{\"@type\":\"ReadAction\",\"target\":[\"https:\/\/dev.myindustrial.eu\/lt\/shop\/pramonines-stabdziu-sistemos-ir-pavaru-sustabdymo-komponentai\/pramoniniai-diskiniai-ir-bugniniai-stabdziai\/industrial-disc-brake-and-service-brake\/\"]}]},{\"@type\":\"ImageObject\",\"inLanguage\":\"lt-LT\",\"@id\":\"https:\/\/dev.myindustrial.eu\/lt\/shop\/pramonines-stabdziu-sistemos-ir-pavaru-sustabdymo-komponentai\/pramoniniai-diskiniai-ir-bugniniai-stabdziai\/industrial-disc-brake-and-service-brake\/#primaryimage\",\"url\":\"https:\/\/dev.myindustrial.eu\/wp-content\/uploads\/2024\/12\/rtf-disc-brake-preview.webp\",\"contentUrl\":\"https:\/\/dev.myindustrial.eu\/wp-content\/uploads\/2024\/12\/rtf-disc-brake-preview.webp\",\"width\":800,\"height\":800},{\"@type\":\"BreadcrumbList\",\"@id\":\"https:\/\/dev.myindustrial.eu\/lt\/shop\/pramonines-stabdziu-sistemos-ir-pavaru-sustabdymo-komponentai\/pramoniniai-diskiniai-ir-bugniniai-stabdziai\/industrial-disc-brake-and-service-brake\/#breadcrumb\",\"itemListElement\":[{\"@type\":\"ListItem\",\"position\":1,\"name\":\"Home\",\"item\":\"https:\/\/dev.myindustrial.eu\/lt\/\"},{\"@type\":\"ListItem\",\"position\":2,\"name\":\"Products\",\"item\":\"https:\/\/dev.myindustrial.eu\/lt\/products\/\"},{\"@type\":\"ListItem\",\"position\":3,\"name\":\"Pramoninis diskinis stabdys ir aptarnavimo stabdys\"}]},{\"@type\":\"WebSite\",\"@id\":\"https:\/\/dev.myindustrial.eu\/lt\/#website\",\"url\":\"https:\/\/dev.myindustrial.eu\/lt\/\",\"name\":\"My industrial\",\"description\":\"\",\"potentialAction\":[{\"@type\":\"SearchAction\",\"target\":{\"@type\":\"EntryPoint\",\"urlTemplate\":\"https:\/\/dev.myindustrial.eu\/lt\/?s={search_term_string}\"},\"query-input\":{\"@type\":\"PropertyValueSpecification\",\"valueRequired\":true,\"valueName\":\"search_term_string\"}}],\"inLanguage\":\"lt-LT\"}]}<\/script>\n<!-- \/ Yoast SEO plugin. -->","yoast_head_json":{"title":"Pramoninis diskinis stabdys ir aptarnavimo stabdys - My industrial","robots":{"index":"noindex","follow":"follow","max-snippet":"max-snippet:-1","max-image-preview":"max-image-preview:large","max-video-preview":"max-video-preview:-1"},"og_locale":"lt_LT","og_type":"article","og_title":"Pramoninis diskinis stabdys ir aptarnavimo stabdys - My industrial","og_description":"Tipai RSTN-0, RSTN-1, RSTN-2, RSTN-3  Apra\u0161ymas  \"Greito veikimo\" stabdys. Geometri\u0161kai optimizuota sistema u\u017etikrina pastov\u0173 stabdymo moment\u0105, nepriklausomai nuo sukimosi krypties. D\u0117l standartizuot\u0173 komponent\u0173 ir vietin\u0117s gamybos galima pagaminti plat\u0173 diskini\u0173 stabd\u017ei\u0173 versij\u0173 asortiment\u0105 per labai trump\u0105 laik\u0105. RSTN tipo stabd\u017eiai nepraranda laikymo j\u0117gos leistino nusid\u0117v\u0117jimo metu.   Reguliuojamas sukimo momentas  Tinka stabd\u017ei\u0173 diskams, kuri\u0173 skersmuo: \u00f8 200, 225, 250, 280, 315, 355, 400, 450, 500, 560, 630, 710, 800, 900, 1000 mm iki \u00f8 1250 mm  Stabdymo momentai nuo 200 Nm iki 23 800 Nm vienam stabd\u017eiui  \u012erengtas \"SLM\" sinchroninis k\u0117limo mechanizmas (u\u017etikrina vienodus oro tarpus tarp stabd\u017ei\u0173 trinkeli\u0173 ir stabd\u017ei\u0173 disko)","og_url":"https:\/\/dev.myindustrial.eu\/lt\/shop\/pramonines-stabdziu-sistemos-ir-pavaru-sustabdymo-komponentai\/pramoniniai-diskiniai-ir-bugniniai-stabdziai\/industrial-disc-brake-and-service-brake\/","og_site_name":"My industrial","article_modified_time":"2024-12-27T20:43:28+00:00","og_image":[{"width":800,"height":800,"url":"https:\/\/dev.myindustrial.eu\/wp-content\/uploads\/2024\/12\/rtf-disc-brake-preview.webp","type":"image\/webp"}],"twitter_card":"summary_large_image","schema":{"@context":"https:\/\/schema.org","@graph":[{"@type":"WebPage","@id":"https:\/\/dev.myindustrial.eu\/lt\/shop\/pramonines-stabdziu-sistemos-ir-pavaru-sustabdymo-komponentai\/pramoniniai-diskiniai-ir-bugniniai-stabdziai\/industrial-disc-brake-and-service-brake\/","url":"https:\/\/dev.myindustrial.eu\/lt\/shop\/pramonines-stabdziu-sistemos-ir-pavaru-sustabdymo-komponentai\/pramoniniai-diskiniai-ir-bugniniai-stabdziai\/industrial-disc-brake-and-service-brake\/","name":"Pramoninis diskinis stabdys ir aptarnavimo stabdys - My industrial","isPartOf":{"@id":"https:\/\/dev.myindustrial.eu\/lt\/#website"},"primaryImageOfPage":{"@id":"https:\/\/dev.myindustrial.eu\/lt\/shop\/pramonines-stabdziu-sistemos-ir-pavaru-sustabdymo-komponentai\/pramoniniai-diskiniai-ir-bugniniai-stabdziai\/industrial-disc-brake-and-service-brake\/#primaryimage"},"image":{"@id":"https:\/\/dev.myindustrial.eu\/lt\/shop\/pramonines-stabdziu-sistemos-ir-pavaru-sustabdymo-komponentai\/pramoniniai-diskiniai-ir-bugniniai-stabdziai\/industrial-disc-brake-and-service-brake\/#primaryimage"},"thumbnailUrl":"https:\/\/dev.myindustrial.eu\/wp-content\/uploads\/2024\/12\/rtf-disc-brake-preview.webp","datePublished":"2024-12-02T12:25:53+00:00","dateModified":"2024-12-27T20:43:28+00:00","breadcrumb":{"@id":"https:\/\/dev.myindustrial.eu\/lt\/shop\/pramonines-stabdziu-sistemos-ir-pavaru-sustabdymo-komponentai\/pramoniniai-diskiniai-ir-bugniniai-stabdziai\/industrial-disc-brake-and-service-brake\/#breadcrumb"},"inLanguage":"lt-LT","potentialAction":[{"@type":"ReadAction","target":["https:\/\/dev.myindustrial.eu\/lt\/shop\/pramonines-stabdziu-sistemos-ir-pavaru-sustabdymo-komponentai\/pramoniniai-diskiniai-ir-bugniniai-stabdziai\/industrial-disc-brake-and-service-brake\/"]}]},{"@type":"ImageObject","inLanguage":"lt-LT","@id":"https:\/\/dev.myindustrial.eu\/lt\/shop\/pramonines-stabdziu-sistemos-ir-pavaru-sustabdymo-komponentai\/pramoniniai-diskiniai-ir-bugniniai-stabdziai\/industrial-disc-brake-and-service-brake\/#primaryimage","url":"https:\/\/dev.myindustrial.eu\/wp-content\/uploads\/2024\/12\/rtf-disc-brake-preview.webp","contentUrl":"https:\/\/dev.myindustrial.eu\/wp-content\/uploads\/2024\/12\/rtf-disc-brake-preview.webp","width":800,"height":800},{"@type":"BreadcrumbList","@id":"https:\/\/dev.myindustrial.eu\/lt\/shop\/pramonines-stabdziu-sistemos-ir-pavaru-sustabdymo-komponentai\/pramoniniai-diskiniai-ir-bugniniai-stabdziai\/industrial-disc-brake-and-service-brake\/#breadcrumb","itemListElement":[{"@type":"ListItem","position":1,"name":"Home","item":"https:\/\/dev.myindustrial.eu\/lt\/"},{"@type":"ListItem","position":2,"name":"Products","item":"https:\/\/dev.myindustrial.eu\/lt\/products\/"},{"@type":"ListItem","position":3,"name":"Pramoninis diskinis stabdys ir aptarnavimo stabdys"}]},{"@type":"WebSite","@id":"https:\/\/dev.myindustrial.eu\/lt\/#website","url":"https:\/\/dev.myindustrial.eu\/lt\/","name":"My industrial","description":"","potentialAction":[{"@type":"SearchAction","target":{"@type":"EntryPoint","urlTemplate":"https:\/\/dev.myindustrial.eu\/lt\/?s={search_term_string}"},"query-input":{"@type":"PropertyValueSpecification","valueRequired":true,"valueName":"search_term_string"}}],"inLanguage":"lt-LT"}]}},"_links":{"self":[{"href":"https:\/\/dev.myindustrial.eu\/lt\/wp-json\/wp\/v2\/product\/1260065578","targetHints":{"allow":["GET"]}}],"collection":[{"href":"https:\/\/dev.myindustrial.eu\/lt\/wp-json\/wp\/v2\/product"}],"about":[{"href":"https:\/\/dev.myindustrial.eu\/lt\/wp-json\/wp\/v2\/types\/product"}],"version-history":[{"count":1,"href":"https:\/\/dev.myindustrial.eu\/lt\/wp-json\/wp\/v2\/product\/1260065578\/revisions"}],"predecessor-version":[{"id":1260065579,"href":"https:\/\/dev.myindustrial.eu\/lt\/wp-json\/wp\/v2\/product\/1260065578\/revisions\/1260065579"}],"wp:featuredmedia":[{"embeddable":true,"href":"https:\/\/dev.myindustrial.eu\/lt\/wp-json\/wp\/v2\/media\/1260065083"}],"wp:attachment":[{"href":"https:\/\/dev.myindustrial.eu\/lt\/wp-json\/wp\/v2\/media?parent=1260065578"}],"wp:term":[{"taxonomy":"product_brand","embeddable":true,"href":"https:\/\/dev.myindustrial.eu\/lt\/wp-json\/wp\/v2\/product_brand?post=1260065578"},{"taxonomy":"product_cat","embeddable":true,"href":"https:\/\/dev.myindustrial.eu\/lt\/wp-json\/wp\/v2\/product_cat?post=1260065578"},{"taxonomy":"product_tag","embeddable":true,"href":"https:\/\/dev.myindustrial.eu\/lt\/wp-json\/wp\/v2\/product_tag?post=1260065578"}],"curies":[{"name":"wp","href":"https:\/\/api.w.org\/{rel}","templated":true}]}}