{"id":1260065598,"date":"2024-12-02T12:31:52","date_gmt":"2024-12-02T12:31:52","guid":{"rendered":"https:\/\/dev.myindustrial.eu\/shop\/be-kategorijos\/industrial-static-holding-brake\/"},"modified":"2024-12-27T21:44:16","modified_gmt":"2024-12-27T21:44:16","slug":"industrial-static-holding-brake","status":"publish","type":"product","link":"https:\/\/dev.myindustrial.eu\/lt\/shop\/pramonines-stabdziu-sistemos-ir-pavaru-sustabdymo-komponentai\/pramoniniai-diskiniai-ir-bugniniai-stabdziai\/industrial-static-holding-brake\/","title":{"rendered":"Pramoninis statinis stabdys"},"content":{"rendered":"<p><b>Savyb\u0117s<\/b><\/p>\n<ul>\n<li style=\"font-weight: 400;\" aria-level=\"1\"><span style=\"font-weight: 400;\">Stabd\u017ei\u0173 blokai yra pritvirtinti tarp stabd\u017ei\u0173 svir\u010di\u0173 naudojant var\u017etin\u012f sujungim\u0105, o ne vyriais, kaip numatyta DIN 15435 standarte.<\/span><\/li>\n<li style=\"font-weight: 400;\" aria-level=\"1\"><span style=\"font-weight: 400;\">Stabd\u017ei\u0173 blok\u0173 kont\u016brai yra apdorojami \u017eiediniu frezavimu, atsi\u017evelgiant \u012f atitinkam\u0105 sukimosi k\u016bn\u0105 (pvz., velen\u0105, stabd\u017ei\u0173 b\u016bgn\u0105 ir kt.).<\/span><\/li>\n<li style=\"font-weight: 400;\" aria-level=\"1\"><span style=\"font-weight: 400;\">Tod\u0117l bet koks skersmuo gali b\u016bti \u012fgyvendinamas kaip sukimosi k\u016bnas stabd\u017ei\u0173 b\u016bgn\u0173 dyd\u017eiuose pagal DIN 15435 standart\u0105.<\/span><\/li>\n<\/ul>\n","protected":false},"excerpt":{"rendered":"<p><b>Pramoninis stov\u0117jimo stabdys<\/b><span style=\"font-weight: 400;\"><br \/>\n<\/span><b>Tipas KB<\/b><\/p>\n<p><span style=\"font-weight: 400;\">Ypa\u010d tinkamas naudoti kaip pramoninis statinis b\u016bgninis stabdys (netinkamas dinaminio stabdymo sprendimams).<\/span><span style=\"font-weight: 400;\"><br \/>\n<\/span><span style=\"font-weight: 400;\">Padeda i\u0161vengti galim\u0173 judesi\u0173 atliekant technin\u0119 prie\u017ei\u016br\u0105 arba nepageidaujamo ma\u0161inos jud\u0117jimo laiv\u0173 velenuose, didel\u0117se ventiliatori\u0173 sistemose, v\u0117jo j\u0117gain\u0117se ar pramoniniuose \u012frenginiuose.<\/span><\/p>\n<ul>\n<li style=\"font-weight: 400;\" aria-level=\"1\"><span style=\"font-weight: 400;\">Statinis b\u016bgninis stabdys (n\u0117ra dinaminio stabdymo sprendimas)<\/span><\/li>\n<li style=\"font-weight: 400;\" aria-level=\"1\"><span style=\"font-weight: 400;\">Pritaikomas bet kokiam veleno skersmeniui (nuo 140 iki 750 mm)<\/span><\/li>\n<li style=\"font-weight: 400;\" aria-level=\"1\"><span style=\"font-weight: 400;\">Special\u016bs stabd\u017ei\u0173 kalad\u0117l\u0117s<\/span><\/li>\n<li style=\"font-weight: 400;\" aria-level=\"1\"><span style=\"font-weight: 400;\">Stabdymo momentai iki 10 563 Nm vienai stabd\u017ei\u0173 sistemai<\/span><\/li>\n<li style=\"font-weight: 400;\" aria-level=\"1\"><span style=\"font-weight: 400;\">9 stabd\u017ei\u0173 dyd\u017eiai<\/span><\/li>\n<li style=\"font-weight: 400;\" aria-level=\"1\"><span style=\"font-weight: 400;\">Dvigubos svirties stabd\u017ei\u0173 versija<\/span><\/li>\n<li style=\"font-weight: 400;\" aria-level=\"1\"><span style=\"font-weight: 400;\">Standartinis da\u017eymas RAL 7024<\/span><\/li>\n<li style=\"font-weight: 400;\" aria-level=\"1\"><span style=\"font-weight: 400;\">N\u0117ra savaranki\u0161kas nutr\u016bkus elektros tiekimui<\/span><\/li>\n<\/ul>\n","protected":false},"featured_media":1260065101,"template":"","meta":[],"product_brand":[],"product_cat":[1712],"product_tag":[],"class_list":{"0":"post-1260065598","1":"product","2":"type-product","3":"status-publish","4":"has-post-thumbnail","6":"product_cat-pramoniniai-diskiniai-ir-bugniniai-stabdziai","8":"first","9":"instock","10":"shipping-taxable","11":"product-type-simple"},"yoast_head":"<!-- This site is optimized with the Yoast SEO plugin v27.1.1 - https:\/\/yoast.com\/product\/yoast-seo-wordpress\/ -->\n<title>Pramoninis statinis stabdys - My industrial<\/title>\n<meta name=\"robots\" content=\"noindex, follow, max-snippet:-1, max-image-preview:large, max-video-preview:-1\" \/>\n<meta property=\"og:locale\" content=\"lt_LT\" \/>\n<meta property=\"og:type\" content=\"article\" \/>\n<meta property=\"og:title\" content=\"Pramoninis statinis stabdys - My industrial\" \/>\n<meta property=\"og:description\" content=\"Pramoninis stov\u0117jimo stabdys Tipas KB  Ypa\u010d tinkamas naudoti kaip pramoninis statinis b\u016bgninis stabdys (netinkamas dinaminio stabdymo sprendimams). Padeda i\u0161vengti galim\u0173 judesi\u0173 atliekant technin\u0119 prie\u017ei\u016br\u0105 arba nepageidaujamo ma\u0161inos jud\u0117jimo laiv\u0173 velenuose, didel\u0117se ventiliatori\u0173 sistemose, v\u0117jo j\u0117gain\u0117se ar pramoniniuose \u012frenginiuose.   Statinis b\u016bgninis stabdys (n\u0117ra dinaminio stabdymo sprendimas)  Pritaikomas bet kokiam veleno skersmeniui (nuo 140 iki 750 mm)  Special\u016bs stabd\u017ei\u0173 kalad\u0117l\u0117s  Stabdymo momentai iki 10 563 Nm vienai stabd\u017ei\u0173 sistemai  9 stabd\u017ei\u0173 dyd\u017eiai  Dvigubos svirties stabd\u017ei\u0173 versija  Standartinis da\u017eymas RAL 7024  N\u0117ra savaranki\u0161kas nutr\u016bkus elektros tiekimui\" \/>\n<meta property=\"og:url\" content=\"https:\/\/dev.myindustrial.eu\/lt\/shop\/pramonines-stabdziu-sistemos-ir-pavaru-sustabdymo-komponentai\/pramoniniai-diskiniai-ir-bugniniai-stabdziai\/industrial-static-holding-brake\/\" \/>\n<meta property=\"og:site_name\" content=\"My industrial\" \/>\n<meta property=\"article:modified_time\" content=\"2024-12-27T21:44:16+00:00\" \/>\n<meta property=\"og:image\" content=\"https:\/\/dev.myindustrial.eu\/wp-content\/uploads\/2024\/12\/klotzbremse_kbhkk-320.webp\" \/>\n\t<meta property=\"og:image:width\" content=\"800\" \/>\n\t<meta property=\"og:image:height\" content=\"800\" \/>\n\t<meta property=\"og:image:type\" content=\"image\/webp\" \/>\n<meta name=\"twitter:card\" content=\"summary_large_image\" \/>\n<script type=\"application\/ld+json\" class=\"yoast-schema-graph\">{\"@context\":\"https:\/\/schema.org\",\"@graph\":[{\"@type\":\"WebPage\",\"@id\":\"https:\/\/dev.myindustrial.eu\/lt\/shop\/pramonines-stabdziu-sistemos-ir-pavaru-sustabdymo-komponentai\/pramoniniai-diskiniai-ir-bugniniai-stabdziai\/industrial-static-holding-brake\/\",\"url\":\"https:\/\/dev.myindustrial.eu\/lt\/shop\/pramonines-stabdziu-sistemos-ir-pavaru-sustabdymo-komponentai\/pramoniniai-diskiniai-ir-bugniniai-stabdziai\/industrial-static-holding-brake\/\",\"name\":\"Pramoninis statinis stabdys - My industrial\",\"isPartOf\":{\"@id\":\"https:\/\/dev.myindustrial.eu\/lt\/#website\"},\"primaryImageOfPage\":{\"@id\":\"https:\/\/dev.myindustrial.eu\/lt\/shop\/pramonines-stabdziu-sistemos-ir-pavaru-sustabdymo-komponentai\/pramoniniai-diskiniai-ir-bugniniai-stabdziai\/industrial-static-holding-brake\/#primaryimage\"},\"image\":{\"@id\":\"https:\/\/dev.myindustrial.eu\/lt\/shop\/pramonines-stabdziu-sistemos-ir-pavaru-sustabdymo-komponentai\/pramoniniai-diskiniai-ir-bugniniai-stabdziai\/industrial-static-holding-brake\/#primaryimage\"},\"thumbnailUrl\":\"https:\/\/dev.myindustrial.eu\/wp-content\/uploads\/2024\/12\/klotzbremse_kbhkk-320.webp\",\"datePublished\":\"2024-12-02T12:31:52+00:00\",\"dateModified\":\"2024-12-27T21:44:16+00:00\",\"breadcrumb\":{\"@id\":\"https:\/\/dev.myindustrial.eu\/lt\/shop\/pramonines-stabdziu-sistemos-ir-pavaru-sustabdymo-komponentai\/pramoniniai-diskiniai-ir-bugniniai-stabdziai\/industrial-static-holding-brake\/#breadcrumb\"},\"inLanguage\":\"lt-LT\",\"potentialAction\":[{\"@type\":\"ReadAction\",\"target\":[\"https:\/\/dev.myindustrial.eu\/lt\/shop\/pramonines-stabdziu-sistemos-ir-pavaru-sustabdymo-komponentai\/pramoniniai-diskiniai-ir-bugniniai-stabdziai\/industrial-static-holding-brake\/\"]}]},{\"@type\":\"ImageObject\",\"inLanguage\":\"lt-LT\",\"@id\":\"https:\/\/dev.myindustrial.eu\/lt\/shop\/pramonines-stabdziu-sistemos-ir-pavaru-sustabdymo-komponentai\/pramoniniai-diskiniai-ir-bugniniai-stabdziai\/industrial-static-holding-brake\/#primaryimage\",\"url\":\"https:\/\/dev.myindustrial.eu\/wp-content\/uploads\/2024\/12\/klotzbremse_kbhkk-320.webp\",\"contentUrl\":\"https:\/\/dev.myindustrial.eu\/wp-content\/uploads\/2024\/12\/klotzbremse_kbhkk-320.webp\",\"width\":800,\"height\":800},{\"@type\":\"BreadcrumbList\",\"@id\":\"https:\/\/dev.myindustrial.eu\/lt\/shop\/pramonines-stabdziu-sistemos-ir-pavaru-sustabdymo-komponentai\/pramoniniai-diskiniai-ir-bugniniai-stabdziai\/industrial-static-holding-brake\/#breadcrumb\",\"itemListElement\":[{\"@type\":\"ListItem\",\"position\":1,\"name\":\"Home\",\"item\":\"https:\/\/dev.myindustrial.eu\/lt\/\"},{\"@type\":\"ListItem\",\"position\":2,\"name\":\"Products\",\"item\":\"https:\/\/dev.myindustrial.eu\/lt\/products\/\"},{\"@type\":\"ListItem\",\"position\":3,\"name\":\"Pramoninis statinis stabdys\"}]},{\"@type\":\"WebSite\",\"@id\":\"https:\/\/dev.myindustrial.eu\/lt\/#website\",\"url\":\"https:\/\/dev.myindustrial.eu\/lt\/\",\"name\":\"My industrial\",\"description\":\"\",\"potentialAction\":[{\"@type\":\"SearchAction\",\"target\":{\"@type\":\"EntryPoint\",\"urlTemplate\":\"https:\/\/dev.myindustrial.eu\/lt\/?s={search_term_string}\"},\"query-input\":{\"@type\":\"PropertyValueSpecification\",\"valueRequired\":true,\"valueName\":\"search_term_string\"}}],\"inLanguage\":\"lt-LT\"}]}<\/script>\n<!-- \/ Yoast SEO plugin. -->","yoast_head_json":{"title":"Pramoninis statinis stabdys - My industrial","robots":{"index":"noindex","follow":"follow","max-snippet":"max-snippet:-1","max-image-preview":"max-image-preview:large","max-video-preview":"max-video-preview:-1"},"og_locale":"lt_LT","og_type":"article","og_title":"Pramoninis statinis stabdys - My industrial","og_description":"Pramoninis stov\u0117jimo stabdys Tipas KB  Ypa\u010d tinkamas naudoti kaip pramoninis statinis b\u016bgninis stabdys (netinkamas dinaminio stabdymo sprendimams). Padeda i\u0161vengti galim\u0173 judesi\u0173 atliekant technin\u0119 prie\u017ei\u016br\u0105 arba nepageidaujamo ma\u0161inos jud\u0117jimo laiv\u0173 velenuose, didel\u0117se ventiliatori\u0173 sistemose, v\u0117jo j\u0117gain\u0117se ar pramoniniuose \u012frenginiuose.   Statinis b\u016bgninis stabdys (n\u0117ra dinaminio stabdymo sprendimas)  Pritaikomas bet kokiam veleno skersmeniui (nuo 140 iki 750 mm)  Special\u016bs stabd\u017ei\u0173 kalad\u0117l\u0117s  Stabdymo momentai iki 10 563 Nm vienai stabd\u017ei\u0173 sistemai  9 stabd\u017ei\u0173 dyd\u017eiai  Dvigubos svirties stabd\u017ei\u0173 versija  Standartinis da\u017eymas RAL 7024  N\u0117ra savaranki\u0161kas nutr\u016bkus elektros tiekimui","og_url":"https:\/\/dev.myindustrial.eu\/lt\/shop\/pramonines-stabdziu-sistemos-ir-pavaru-sustabdymo-komponentai\/pramoniniai-diskiniai-ir-bugniniai-stabdziai\/industrial-static-holding-brake\/","og_site_name":"My industrial","article_modified_time":"2024-12-27T21:44:16+00:00","og_image":[{"width":800,"height":800,"url":"https:\/\/dev.myindustrial.eu\/wp-content\/uploads\/2024\/12\/klotzbremse_kbhkk-320.webp","type":"image\/webp"}],"twitter_card":"summary_large_image","schema":{"@context":"https:\/\/schema.org","@graph":[{"@type":"WebPage","@id":"https:\/\/dev.myindustrial.eu\/lt\/shop\/pramonines-stabdziu-sistemos-ir-pavaru-sustabdymo-komponentai\/pramoniniai-diskiniai-ir-bugniniai-stabdziai\/industrial-static-holding-brake\/","url":"https:\/\/dev.myindustrial.eu\/lt\/shop\/pramonines-stabdziu-sistemos-ir-pavaru-sustabdymo-komponentai\/pramoniniai-diskiniai-ir-bugniniai-stabdziai\/industrial-static-holding-brake\/","name":"Pramoninis statinis stabdys - My industrial","isPartOf":{"@id":"https:\/\/dev.myindustrial.eu\/lt\/#website"},"primaryImageOfPage":{"@id":"https:\/\/dev.myindustrial.eu\/lt\/shop\/pramonines-stabdziu-sistemos-ir-pavaru-sustabdymo-komponentai\/pramoniniai-diskiniai-ir-bugniniai-stabdziai\/industrial-static-holding-brake\/#primaryimage"},"image":{"@id":"https:\/\/dev.myindustrial.eu\/lt\/shop\/pramonines-stabdziu-sistemos-ir-pavaru-sustabdymo-komponentai\/pramoniniai-diskiniai-ir-bugniniai-stabdziai\/industrial-static-holding-brake\/#primaryimage"},"thumbnailUrl":"https:\/\/dev.myindustrial.eu\/wp-content\/uploads\/2024\/12\/klotzbremse_kbhkk-320.webp","datePublished":"2024-12-02T12:31:52+00:00","dateModified":"2024-12-27T21:44:16+00:00","breadcrumb":{"@id":"https:\/\/dev.myindustrial.eu\/lt\/shop\/pramonines-stabdziu-sistemos-ir-pavaru-sustabdymo-komponentai\/pramoniniai-diskiniai-ir-bugniniai-stabdziai\/industrial-static-holding-brake\/#breadcrumb"},"inLanguage":"lt-LT","potentialAction":[{"@type":"ReadAction","target":["https:\/\/dev.myindustrial.eu\/lt\/shop\/pramonines-stabdziu-sistemos-ir-pavaru-sustabdymo-komponentai\/pramoniniai-diskiniai-ir-bugniniai-stabdziai\/industrial-static-holding-brake\/"]}]},{"@type":"ImageObject","inLanguage":"lt-LT","@id":"https:\/\/dev.myindustrial.eu\/lt\/shop\/pramonines-stabdziu-sistemos-ir-pavaru-sustabdymo-komponentai\/pramoniniai-diskiniai-ir-bugniniai-stabdziai\/industrial-static-holding-brake\/#primaryimage","url":"https:\/\/dev.myindustrial.eu\/wp-content\/uploads\/2024\/12\/klotzbremse_kbhkk-320.webp","contentUrl":"https:\/\/dev.myindustrial.eu\/wp-content\/uploads\/2024\/12\/klotzbremse_kbhkk-320.webp","width":800,"height":800},{"@type":"BreadcrumbList","@id":"https:\/\/dev.myindustrial.eu\/lt\/shop\/pramonines-stabdziu-sistemos-ir-pavaru-sustabdymo-komponentai\/pramoniniai-diskiniai-ir-bugniniai-stabdziai\/industrial-static-holding-brake\/#breadcrumb","itemListElement":[{"@type":"ListItem","position":1,"name":"Home","item":"https:\/\/dev.myindustrial.eu\/lt\/"},{"@type":"ListItem","position":2,"name":"Products","item":"https:\/\/dev.myindustrial.eu\/lt\/products\/"},{"@type":"ListItem","position":3,"name":"Pramoninis statinis stabdys"}]},{"@type":"WebSite","@id":"https:\/\/dev.myindustrial.eu\/lt\/#website","url":"https:\/\/dev.myindustrial.eu\/lt\/","name":"My industrial","description":"","potentialAction":[{"@type":"SearchAction","target":{"@type":"EntryPoint","urlTemplate":"https:\/\/dev.myindustrial.eu\/lt\/?s={search_term_string}"},"query-input":{"@type":"PropertyValueSpecification","valueRequired":true,"valueName":"search_term_string"}}],"inLanguage":"lt-LT"}]}},"_links":{"self":[{"href":"https:\/\/dev.myindustrial.eu\/lt\/wp-json\/wp\/v2\/product\/1260065598","targetHints":{"allow":["GET"]}}],"collection":[{"href":"https:\/\/dev.myindustrial.eu\/lt\/wp-json\/wp\/v2\/product"}],"about":[{"href":"https:\/\/dev.myindustrial.eu\/lt\/wp-json\/wp\/v2\/types\/product"}],"version-history":[{"count":0,"href":"https:\/\/dev.myindustrial.eu\/lt\/wp-json\/wp\/v2\/product\/1260065598\/revisions"}],"wp:featuredmedia":[{"embeddable":true,"href":"https:\/\/dev.myindustrial.eu\/lt\/wp-json\/wp\/v2\/media\/1260065101"}],"wp:attachment":[{"href":"https:\/\/dev.myindustrial.eu\/lt\/wp-json\/wp\/v2\/media?parent=1260065598"}],"wp:term":[{"taxonomy":"product_brand","embeddable":true,"href":"https:\/\/dev.myindustrial.eu\/lt\/wp-json\/wp\/v2\/product_brand?post=1260065598"},{"taxonomy":"product_cat","embeddable":true,"href":"https:\/\/dev.myindustrial.eu\/lt\/wp-json\/wp\/v2\/product_cat?post=1260065598"},{"taxonomy":"product_tag","embeddable":true,"href":"https:\/\/dev.myindustrial.eu\/lt\/wp-json\/wp\/v2\/product_tag?post=1260065598"}],"curies":[{"name":"wp","href":"https:\/\/api.w.org\/{rel}","templated":true}]}}