{"id":1260065603,"date":"2024-12-02T12:35:53","date_gmt":"2024-12-02T12:35:53","guid":{"rendered":"https:\/\/dev.myindustrial.eu\/shop\/be-kategorijos\/industrial-sheaves-rope-pulleys\/"},"modified":"2024-12-27T21:52:27","modified_gmt":"2024-12-27T21:52:27","slug":"industrial-sheaves-rope-pulleys","status":"publish","type":"product","link":"https:\/\/dev.myindustrial.eu\/lt\/shop\/pramonines-stabdziu-sistemos-ir-pavaru-sustabdymo-komponentai\/stumokliai-ir-lynu-virves-poliai\/industrial-sheaves-rope-pulleys\/","title":{"rendered":"Pramoniniai st\u016bmokliai ir lyn\u0173 virv\u0117s poliai"},"content":{"rendered":"","protected":false},"excerpt":{"rendered":"<p><b>Pramoniniai lyn\u0173 skriemuliai<\/b><\/p>\n<p><span style=\"font-weight: 400;\">Kaltiniai k\u0117limo kran\u0173 st\u016bmokliai su skersmeniu nuo 225, 250 iki 2000 mm, be arba sujungti.<\/span><span style=\"font-weight: 400;\"><br \/>\n<\/span><span style=\"font-weight: 400;\">Kaltimo gamyba u\u017etikrina i\u0161skirtines funkcines ir atsparumo savybes, d\u0117ka masyvesni\u0173 ir vienodesni\u0173 komponent\u0173. D\u0117mesys gr\u016bdinimo etapams, kruop\u0161tus kiekvieno proceso valdymas ir tikslumas galutinio produkto apdirbime leid\u017eia mums patenkinti klient\u0173 poreikius kokyb\u0117s ir patikimumo srityse.<\/span><\/p>\n<ul>\n<li style=\"font-weight: 400;\" aria-level=\"1\"><span style=\"font-weight: 400;\">Nuo \u00d8 225 iki \u00d8 2000 mm<\/span><\/li>\n<li style=\"font-weight: 400;\" aria-level=\"1\"><span style=\"font-weight: 400;\">Standartas: i\u0161 vientiso med\u017eiagos<\/span><\/li>\n<li style=\"font-weight: 400;\" aria-level=\"1\"><span style=\"font-weight: 400;\">Pilnas cilindrini\u0173 ritin\u0117li\u0173 guolis dviguba eil\u0117, sandarinamas abiejose pus\u0117se<\/span><\/li>\n<li style=\"font-weight: 400;\" aria-level=\"1\"><span style=\"font-weight: 400;\">Auk\u0161tos kokyb\u0117s 2 komponent\u0173 danga<\/span><\/li>\n<li style=\"font-weight: 400;\" aria-level=\"1\"><span style=\"font-weight: 400;\">Auk\u0161tas kokyb\u0117s lygis \u2013 ilgas tarnavimo laikas<\/span><\/li>\n<\/ul>\n","protected":false},"featured_media":1260065122,"template":"","meta":[],"product_brand":[],"product_cat":[1716],"product_tag":[],"class_list":{"0":"post-1260065603","1":"product","2":"type-product","3":"status-publish","4":"has-post-thumbnail","6":"product_cat-stumokliai-ir-lynu-virves-poliai","8":"first","9":"instock","10":"shipping-taxable","11":"product-type-simple"},"yoast_head":"<!-- This site is optimized with the Yoast SEO plugin v27.1.1 - https:\/\/yoast.com\/product\/yoast-seo-wordpress\/ -->\n<title>Pramoniniai st\u016bmokliai ir lyn\u0173 virv\u0117s poliai - My industrial<\/title>\n<meta name=\"robots\" content=\"noindex, follow, max-snippet:-1, max-image-preview:large, max-video-preview:-1\" \/>\n<meta property=\"og:locale\" content=\"lt_LT\" \/>\n<meta property=\"og:type\" content=\"article\" \/>\n<meta property=\"og:title\" content=\"Pramoniniai st\u016bmokliai ir lyn\u0173 virv\u0117s poliai - My industrial\" \/>\n<meta property=\"og:description\" content=\"Pramoniniai lyn\u0173 skriemuliai  Kaltiniai k\u0117limo kran\u0173 st\u016bmokliai su skersmeniu nuo 225, 250 iki 2000 mm, be arba sujungti. Kaltimo gamyba u\u017etikrina i\u0161skirtines funkcines ir atsparumo savybes, d\u0117ka masyvesni\u0173 ir vienodesni\u0173 komponent\u0173. D\u0117mesys gr\u016bdinimo etapams, kruop\u0161tus kiekvieno proceso valdymas ir tikslumas galutinio produkto apdirbime leid\u017eia mums patenkinti klient\u0173 poreikius kokyb\u0117s ir patikimumo srityse.   Nuo \u00d8 225 iki \u00d8 2000 mm  Standartas: i\u0161 vientiso med\u017eiagos  Pilnas cilindrini\u0173 ritin\u0117li\u0173 guolis dviguba eil\u0117, sandarinamas abiejose pus\u0117se  Auk\u0161tos kokyb\u0117s 2 komponent\u0173 danga  Auk\u0161tas kokyb\u0117s lygis \u2013 ilgas tarnavimo laikas\" \/>\n<meta property=\"og:url\" content=\"https:\/\/dev.myindustrial.eu\/lt\/shop\/pramonines-stabdziu-sistemos-ir-pavaru-sustabdymo-komponentai\/stumokliai-ir-lynu-virves-poliai\/industrial-sheaves-rope-pulleys\/\" \/>\n<meta property=\"og:site_name\" content=\"My industrial\" \/>\n<meta property=\"article:modified_time\" content=\"2024-12-27T21:52:27+00:00\" \/>\n<meta property=\"og:image\" content=\"https:\/\/dev.myindustrial.eu\/wp-content\/uploads\/2024\/12\/shaves-rope-pulleys-4.webp\" \/>\n\t<meta property=\"og:image:width\" content=\"800\" \/>\n\t<meta property=\"og:image:height\" content=\"800\" \/>\n\t<meta property=\"og:image:type\" content=\"image\/webp\" \/>\n<meta name=\"twitter:card\" content=\"summary_large_image\" \/>\n<script type=\"application\/ld+json\" class=\"yoast-schema-graph\">{\"@context\":\"https:\/\/schema.org\",\"@graph\":[{\"@type\":\"WebPage\",\"@id\":\"https:\/\/dev.myindustrial.eu\/lt\/shop\/pramonines-stabdziu-sistemos-ir-pavaru-sustabdymo-komponentai\/stumokliai-ir-lynu-virves-poliai\/industrial-sheaves-rope-pulleys\/\",\"url\":\"https:\/\/dev.myindustrial.eu\/lt\/shop\/pramonines-stabdziu-sistemos-ir-pavaru-sustabdymo-komponentai\/stumokliai-ir-lynu-virves-poliai\/industrial-sheaves-rope-pulleys\/\",\"name\":\"Pramoniniai st\u016bmokliai ir lyn\u0173 virv\u0117s poliai - My industrial\",\"isPartOf\":{\"@id\":\"https:\/\/dev.myindustrial.eu\/lt\/#website\"},\"primaryImageOfPage\":{\"@id\":\"https:\/\/dev.myindustrial.eu\/lt\/shop\/pramonines-stabdziu-sistemos-ir-pavaru-sustabdymo-komponentai\/stumokliai-ir-lynu-virves-poliai\/industrial-sheaves-rope-pulleys\/#primaryimage\"},\"image\":{\"@id\":\"https:\/\/dev.myindustrial.eu\/lt\/shop\/pramonines-stabdziu-sistemos-ir-pavaru-sustabdymo-komponentai\/stumokliai-ir-lynu-virves-poliai\/industrial-sheaves-rope-pulleys\/#primaryimage\"},\"thumbnailUrl\":\"https:\/\/dev.myindustrial.eu\/wp-content\/uploads\/2024\/12\/shaves-rope-pulleys-4.webp\",\"datePublished\":\"2024-12-02T12:35:53+00:00\",\"dateModified\":\"2024-12-27T21:52:27+00:00\",\"breadcrumb\":{\"@id\":\"https:\/\/dev.myindustrial.eu\/lt\/shop\/pramonines-stabdziu-sistemos-ir-pavaru-sustabdymo-komponentai\/stumokliai-ir-lynu-virves-poliai\/industrial-sheaves-rope-pulleys\/#breadcrumb\"},\"inLanguage\":\"lt-LT\",\"potentialAction\":[{\"@type\":\"ReadAction\",\"target\":[\"https:\/\/dev.myindustrial.eu\/lt\/shop\/pramonines-stabdziu-sistemos-ir-pavaru-sustabdymo-komponentai\/stumokliai-ir-lynu-virves-poliai\/industrial-sheaves-rope-pulleys\/\"]}]},{\"@type\":\"ImageObject\",\"inLanguage\":\"lt-LT\",\"@id\":\"https:\/\/dev.myindustrial.eu\/lt\/shop\/pramonines-stabdziu-sistemos-ir-pavaru-sustabdymo-komponentai\/stumokliai-ir-lynu-virves-poliai\/industrial-sheaves-rope-pulleys\/#primaryimage\",\"url\":\"https:\/\/dev.myindustrial.eu\/wp-content\/uploads\/2024\/12\/shaves-rope-pulleys-4.webp\",\"contentUrl\":\"https:\/\/dev.myindustrial.eu\/wp-content\/uploads\/2024\/12\/shaves-rope-pulleys-4.webp\",\"width\":800,\"height\":800},{\"@type\":\"BreadcrumbList\",\"@id\":\"https:\/\/dev.myindustrial.eu\/lt\/shop\/pramonines-stabdziu-sistemos-ir-pavaru-sustabdymo-komponentai\/stumokliai-ir-lynu-virves-poliai\/industrial-sheaves-rope-pulleys\/#breadcrumb\",\"itemListElement\":[{\"@type\":\"ListItem\",\"position\":1,\"name\":\"Home\",\"item\":\"https:\/\/dev.myindustrial.eu\/lt\/\"},{\"@type\":\"ListItem\",\"position\":2,\"name\":\"Products\",\"item\":\"https:\/\/dev.myindustrial.eu\/lt\/products\/\"},{\"@type\":\"ListItem\",\"position\":3,\"name\":\"Pramoniniai st\u016bmokliai ir lyn\u0173 virv\u0117s poliai\"}]},{\"@type\":\"WebSite\",\"@id\":\"https:\/\/dev.myindustrial.eu\/lt\/#website\",\"url\":\"https:\/\/dev.myindustrial.eu\/lt\/\",\"name\":\"My industrial\",\"description\":\"\",\"potentialAction\":[{\"@type\":\"SearchAction\",\"target\":{\"@type\":\"EntryPoint\",\"urlTemplate\":\"https:\/\/dev.myindustrial.eu\/lt\/?s={search_term_string}\"},\"query-input\":{\"@type\":\"PropertyValueSpecification\",\"valueRequired\":true,\"valueName\":\"search_term_string\"}}],\"inLanguage\":\"lt-LT\"}]}<\/script>\n<!-- \/ Yoast SEO plugin. -->","yoast_head_json":{"title":"Pramoniniai st\u016bmokliai ir lyn\u0173 virv\u0117s poliai - My industrial","robots":{"index":"noindex","follow":"follow","max-snippet":"max-snippet:-1","max-image-preview":"max-image-preview:large","max-video-preview":"max-video-preview:-1"},"og_locale":"lt_LT","og_type":"article","og_title":"Pramoniniai st\u016bmokliai ir lyn\u0173 virv\u0117s poliai - My industrial","og_description":"Pramoniniai lyn\u0173 skriemuliai  Kaltiniai k\u0117limo kran\u0173 st\u016bmokliai su skersmeniu nuo 225, 250 iki 2000 mm, be arba sujungti. Kaltimo gamyba u\u017etikrina i\u0161skirtines funkcines ir atsparumo savybes, d\u0117ka masyvesni\u0173 ir vienodesni\u0173 komponent\u0173. D\u0117mesys gr\u016bdinimo etapams, kruop\u0161tus kiekvieno proceso valdymas ir tikslumas galutinio produkto apdirbime leid\u017eia mums patenkinti klient\u0173 poreikius kokyb\u0117s ir patikimumo srityse.   Nuo \u00d8 225 iki \u00d8 2000 mm  Standartas: i\u0161 vientiso med\u017eiagos  Pilnas cilindrini\u0173 ritin\u0117li\u0173 guolis dviguba eil\u0117, sandarinamas abiejose pus\u0117se  Auk\u0161tos kokyb\u0117s 2 komponent\u0173 danga  Auk\u0161tas kokyb\u0117s lygis \u2013 ilgas tarnavimo laikas","og_url":"https:\/\/dev.myindustrial.eu\/lt\/shop\/pramonines-stabdziu-sistemos-ir-pavaru-sustabdymo-komponentai\/stumokliai-ir-lynu-virves-poliai\/industrial-sheaves-rope-pulleys\/","og_site_name":"My industrial","article_modified_time":"2024-12-27T21:52:27+00:00","og_image":[{"width":800,"height":800,"url":"https:\/\/dev.myindustrial.eu\/wp-content\/uploads\/2024\/12\/shaves-rope-pulleys-4.webp","type":"image\/webp"}],"twitter_card":"summary_large_image","schema":{"@context":"https:\/\/schema.org","@graph":[{"@type":"WebPage","@id":"https:\/\/dev.myindustrial.eu\/lt\/shop\/pramonines-stabdziu-sistemos-ir-pavaru-sustabdymo-komponentai\/stumokliai-ir-lynu-virves-poliai\/industrial-sheaves-rope-pulleys\/","url":"https:\/\/dev.myindustrial.eu\/lt\/shop\/pramonines-stabdziu-sistemos-ir-pavaru-sustabdymo-komponentai\/stumokliai-ir-lynu-virves-poliai\/industrial-sheaves-rope-pulleys\/","name":"Pramoniniai st\u016bmokliai ir lyn\u0173 virv\u0117s poliai - My industrial","isPartOf":{"@id":"https:\/\/dev.myindustrial.eu\/lt\/#website"},"primaryImageOfPage":{"@id":"https:\/\/dev.myindustrial.eu\/lt\/shop\/pramonines-stabdziu-sistemos-ir-pavaru-sustabdymo-komponentai\/stumokliai-ir-lynu-virves-poliai\/industrial-sheaves-rope-pulleys\/#primaryimage"},"image":{"@id":"https:\/\/dev.myindustrial.eu\/lt\/shop\/pramonines-stabdziu-sistemos-ir-pavaru-sustabdymo-komponentai\/stumokliai-ir-lynu-virves-poliai\/industrial-sheaves-rope-pulleys\/#primaryimage"},"thumbnailUrl":"https:\/\/dev.myindustrial.eu\/wp-content\/uploads\/2024\/12\/shaves-rope-pulleys-4.webp","datePublished":"2024-12-02T12:35:53+00:00","dateModified":"2024-12-27T21:52:27+00:00","breadcrumb":{"@id":"https:\/\/dev.myindustrial.eu\/lt\/shop\/pramonines-stabdziu-sistemos-ir-pavaru-sustabdymo-komponentai\/stumokliai-ir-lynu-virves-poliai\/industrial-sheaves-rope-pulleys\/#breadcrumb"},"inLanguage":"lt-LT","potentialAction":[{"@type":"ReadAction","target":["https:\/\/dev.myindustrial.eu\/lt\/shop\/pramonines-stabdziu-sistemos-ir-pavaru-sustabdymo-komponentai\/stumokliai-ir-lynu-virves-poliai\/industrial-sheaves-rope-pulleys\/"]}]},{"@type":"ImageObject","inLanguage":"lt-LT","@id":"https:\/\/dev.myindustrial.eu\/lt\/shop\/pramonines-stabdziu-sistemos-ir-pavaru-sustabdymo-komponentai\/stumokliai-ir-lynu-virves-poliai\/industrial-sheaves-rope-pulleys\/#primaryimage","url":"https:\/\/dev.myindustrial.eu\/wp-content\/uploads\/2024\/12\/shaves-rope-pulleys-4.webp","contentUrl":"https:\/\/dev.myindustrial.eu\/wp-content\/uploads\/2024\/12\/shaves-rope-pulleys-4.webp","width":800,"height":800},{"@type":"BreadcrumbList","@id":"https:\/\/dev.myindustrial.eu\/lt\/shop\/pramonines-stabdziu-sistemos-ir-pavaru-sustabdymo-komponentai\/stumokliai-ir-lynu-virves-poliai\/industrial-sheaves-rope-pulleys\/#breadcrumb","itemListElement":[{"@type":"ListItem","position":1,"name":"Home","item":"https:\/\/dev.myindustrial.eu\/lt\/"},{"@type":"ListItem","position":2,"name":"Products","item":"https:\/\/dev.myindustrial.eu\/lt\/products\/"},{"@type":"ListItem","position":3,"name":"Pramoniniai st\u016bmokliai ir lyn\u0173 virv\u0117s poliai"}]},{"@type":"WebSite","@id":"https:\/\/dev.myindustrial.eu\/lt\/#website","url":"https:\/\/dev.myindustrial.eu\/lt\/","name":"My industrial","description":"","potentialAction":[{"@type":"SearchAction","target":{"@type":"EntryPoint","urlTemplate":"https:\/\/dev.myindustrial.eu\/lt\/?s={search_term_string}"},"query-input":{"@type":"PropertyValueSpecification","valueRequired":true,"valueName":"search_term_string"}}],"inLanguage":"lt-LT"}]}},"_links":{"self":[{"href":"https:\/\/dev.myindustrial.eu\/lt\/wp-json\/wp\/v2\/product\/1260065603","targetHints":{"allow":["GET"]}}],"collection":[{"href":"https:\/\/dev.myindustrial.eu\/lt\/wp-json\/wp\/v2\/product"}],"about":[{"href":"https:\/\/dev.myindustrial.eu\/lt\/wp-json\/wp\/v2\/types\/product"}],"version-history":[{"count":0,"href":"https:\/\/dev.myindustrial.eu\/lt\/wp-json\/wp\/v2\/product\/1260065603\/revisions"}],"wp:featuredmedia":[{"embeddable":true,"href":"https:\/\/dev.myindustrial.eu\/lt\/wp-json\/wp\/v2\/media\/1260065122"}],"wp:attachment":[{"href":"https:\/\/dev.myindustrial.eu\/lt\/wp-json\/wp\/v2\/media?parent=1260065603"}],"wp:term":[{"taxonomy":"product_brand","embeddable":true,"href":"https:\/\/dev.myindustrial.eu\/lt\/wp-json\/wp\/v2\/product_brand?post=1260065603"},{"taxonomy":"product_cat","embeddable":true,"href":"https:\/\/dev.myindustrial.eu\/lt\/wp-json\/wp\/v2\/product_cat?post=1260065603"},{"taxonomy":"product_tag","embeddable":true,"href":"https:\/\/dev.myindustrial.eu\/lt\/wp-json\/wp\/v2\/product_tag?post=1260065603"}],"curies":[{"name":"wp","href":"https:\/\/api.w.org\/{rel}","templated":true}]}}