{"id":1260065607,"date":"2024-12-02T12:39:06","date_gmt":"2024-12-02T12:39:06","guid":{"rendered":"https:\/\/dev.myindustrial.eu\/shop\/be-kategorijos\/storm-brake-rail-clamp-operated-electrically\/"},"modified":"2024-12-27T22:00:57","modified_gmt":"2024-12-27T22:00:57","slug":"storm-brake-rail-clamp-operated-electrically","status":"publish","type":"product","link":"https:\/\/dev.myindustrial.eu\/lt\/shop\/pramonines-stabdziu-sistemos-ir-pavaru-sustabdymo-komponentai\/storiniai-audros-stabdziai\/storm-brake-rail-clamp-operated-electrically\/","title":{"rendered":"Audros stabdys \/ b\u0117gi\u0173 spaustukas su elektriniu valdymu"},"content":{"rendered":"<p><b>Techniniai privalumai<\/b><\/p>\n<ul>\n<li style=\"font-weight: 400;\" aria-level=\"1\"><span style=\"font-weight: 400;\">Techninis lankstumas.<\/span><\/li>\n<li style=\"font-weight: 400;\" aria-level=\"1\"><span style=\"font-weight: 400;\">Auk\u0161ta kokyb\u0117 ir saugos lygis.<\/span><\/li>\n<li style=\"font-weight: 400;\" aria-level=\"1\"><span style=\"font-weight: 400;\">Ma\u017eesn\u0117s tolesn\u0117s i\u0161laidos.<\/span><\/li>\n<\/ul>\n<p><b>Veikimo principas<\/b><\/p>\n<ul>\n<li style=\"font-weight: 400;\" aria-level=\"1\"><span style=\"font-weight: 400;\">Variklio varomas veikimo mechanizmas.<\/span><\/li>\n<li style=\"font-weight: 400;\" aria-level=\"1\"><span style=\"font-weight: 400;\">Pak\u0117limo mechanizmas spaudimo trinkel\u0117ms.<\/span><\/li>\n<li style=\"font-weight: 400;\" aria-level=\"1\"><span style=\"font-weight: 400;\">Galin\u0117s jungikliai stebi spaustuko pad\u0117t\u012f: u\u017edaryta ar atidaryta.<\/span><\/li>\n<\/ul>\n<p><b>Konstrukcija<\/b><\/p>\n<ul>\n<li style=\"font-weight: 400;\" aria-level=\"1\"><span style=\"font-weight: 400;\">Tvirtinimas naudojant var\u017et\u0173 flan\u0161\u0105 prie b\u0117gin\u0117s transporto priemon\u0117s priekin\u0117s dalies.<\/span><\/li>\n<li style=\"font-weight: 400;\" aria-level=\"1\"><span style=\"font-weight: 400;\">Galimyb\u0117 sumontuoti bufer\u012f.<\/span><\/li>\n<li style=\"font-weight: 400;\" aria-level=\"1\"><span style=\"font-weight: 400;\">Pl\u016bduriuojantis korpusas (SG) su \u0161oninio jud\u0117jimo kreiptuvais, skirtas kompensuoti tarp\u0105 tarp rat\u0173 ir b\u0117gi\u0173 poslinkius.<\/span><\/li>\n<li style=\"font-weight: 400;\" aria-level=\"1\"><span style=\"font-weight: 400;\">Spaudimo trinkel\u0117s pakeliamos vir\u0161 b\u0117gio pavir\u0161iaus, kai spaustukas atidarytas, taip i\u0161vengiant susid\u016brimo rizikos. Ta\u010diau ritin\u0117li\u0173 kreiptuvai lieka \u0161alia b\u0117gio galvut\u0117s ir gali b\u016bti veikiami susid\u016brim\u0173.<\/span><\/li>\n<li style=\"font-weight: 400;\" aria-level=\"1\"><span style=\"font-weight: 400;\">Galima sumontuoti bet kokio tipo buferius, o j\u0173 tvirtinimai parenkami pagal individual\u0173 u\u017esakym\u0105.<\/span><\/li>\n<li style=\"font-weight: 400;\" aria-level=\"1\"><span style=\"font-weight: 400;\">Ner\u016bdijan\u010dio plieno var\u017etai ir \u012fd\u0117kl\u0173 guoliai padidina eksploatacin\u012f saugum\u0105 ir tarnavimo laik\u0105.<\/span><\/li>\n<li style=\"font-weight: 400;\" aria-level=\"1\"><span style=\"font-weight: 400;\">Diskini\u0173 spyruokli\u0173 paketas u\u017etikrina laikymo j\u0117g\u0105.<\/span><\/li>\n<li style=\"font-weight: 400;\" aria-level=\"1\"><span style=\"font-weight: 400;\">Spaudimo trinkel\u0117s su \u012fd\u0117klais pritaikomos pagal b\u0117gio profil\u012f.<\/span><\/li>\n<li style=\"font-weight: 400;\" aria-level=\"1\"><span style=\"font-weight: 400;\">Horizontalus jud\u0117jimas su pl\u016bduriuojan\u010diu korpusu +\/- 25 mm.<\/span><\/li>\n<\/ul>\n","protected":false},"excerpt":{"rendered":"<p><b>Tipas VZE<\/b><\/p>\n<p><span style=\"font-weight: 400;\">Elektrinis audros stabdys \/ b\u0117gi\u0173 spaustukas skirtas apsaugoti kran\u0173 sistemas ar b\u0117gin\u0119 \u012frang\u0105 nuo nepageidaujamo jud\u0117jimo, pavyzd\u017eiui, audros metu.<\/span><\/p>\n<ul>\n<li style=\"font-weight: 400;\" aria-level=\"1\"><span style=\"font-weight: 400;\">Elektrinis audros stabdys \/ b\u0117gi\u0173 spaustukas skirtas apsaugoti kran\u0173 sistemas ar b\u0117gin\u0119 \u012frang\u0105 nuo nepageidaujamo jud\u0117jimo, pavyzd\u017eiui, audros metu.<\/span><\/li>\n<li style=\"font-weight: 400;\" aria-level=\"1\"><span style=\"font-weight: 400;\">Elektrinis u\u017edarymas ir atidarymas.<\/span><\/li>\n<li style=\"font-weight: 400;\" aria-level=\"1\"><span style=\"font-weight: 400;\">Variklio varomas veikimo mechanizmas.<\/span><\/li>\n<li style=\"font-weight: 400;\" aria-level=\"1\"><span style=\"font-weight: 400;\">Pak\u0117limo mechanizmas spaudimo trinkel\u0117ms.<\/span><\/li>\n<li style=\"font-weight: 400;\" aria-level=\"1\"><span style=\"font-weight: 400;\">Laikymo j\u0117gos iki 100 kN vienam spaustukui.<\/span><\/li>\n<li style=\"font-weight: 400;\" aria-level=\"1\"><span style=\"font-weight: 400;\">Galin\u0117s jungikliai spaustuko pad\u0117ties steb\u0117senai.<\/span><\/li>\n<li style=\"font-weight: 400;\" aria-level=\"1\"><span style=\"font-weight: 400;\">\u0160oninis b\u0117gio poslinkio kompensavimas \u00b1 25 mm.<\/span><\/li>\n<li style=\"font-weight: 400;\" aria-level=\"1\"><span style=\"font-weight: 400;\">Pasirinktinai: su nepertraukiamo maitinimo \u0161altiniu (UPS) \/ automatinis veikimas elektros tiekimo sutrikimo atveju.<\/span><\/li>\n<li style=\"font-weight: 400;\" aria-level=\"1\"><span style=\"font-weight: 400;\">Spaudimo trinkel\u0117s pritaikomos pagal b\u0117gio tip\u0105 (nurodykite b\u0117gio tip\u0105).<\/span><\/li>\n<\/ul>\n","protected":false},"featured_media":1260065128,"template":"","meta":[],"product_brand":[],"product_cat":[1423],"product_tag":[],"class_list":{"0":"post-1260065607","1":"product","2":"type-product","3":"status-publish","4":"has-post-thumbnail","6":"product_cat-storiniai-audros-stabdziai","8":"first","9":"instock","10":"shipping-taxable","11":"product-type-simple"},"yoast_head":"<!-- This site is optimized with the Yoast SEO plugin v27.1.1 - https:\/\/yoast.com\/product\/yoast-seo-wordpress\/ -->\n<title>Audros stabdys \/ b\u0117gi\u0173 spaustukas su elektriniu valdymu - My industrial<\/title>\n<meta name=\"robots\" content=\"noindex, follow, max-snippet:-1, max-image-preview:large, max-video-preview:-1\" \/>\n<meta property=\"og:locale\" content=\"lt_LT\" \/>\n<meta property=\"og:type\" content=\"article\" \/>\n<meta property=\"og:title\" content=\"Audros stabdys \/ b\u0117gi\u0173 spaustukas su elektriniu valdymu - My industrial\" \/>\n<meta property=\"og:description\" content=\"Tipas VZE  Elektrinis audros stabdys \/ b\u0117gi\u0173 spaustukas skirtas apsaugoti kran\u0173 sistemas ar b\u0117gin\u0119 \u012frang\u0105 nuo nepageidaujamo jud\u0117jimo, pavyzd\u017eiui, audros metu.   Elektrinis audros stabdys \/ b\u0117gi\u0173 spaustukas skirtas apsaugoti kran\u0173 sistemas ar b\u0117gin\u0119 \u012frang\u0105 nuo nepageidaujamo jud\u0117jimo, pavyzd\u017eiui, audros metu.  Elektrinis u\u017edarymas ir atidarymas.  Variklio varomas veikimo mechanizmas.  Pak\u0117limo mechanizmas spaudimo trinkel\u0117ms.  Laikymo j\u0117gos iki 100 kN vienam spaustukui.  Galin\u0117s jungikliai spaustuko pad\u0117ties steb\u0117senai.  \u0160oninis b\u0117gio poslinkio kompensavimas \u00b1 25 mm.  Pasirinktinai: su nepertraukiamo maitinimo \u0161altiniu (UPS) \/ automatinis veikimas elektros tiekimo sutrikimo atveju.  Spaudimo trinkel\u0117s pritaikomos pagal b\u0117gio tip\u0105 (nurodykite b\u0117gio tip\u0105).\" \/>\n<meta property=\"og:url\" content=\"https:\/\/dev.myindustrial.eu\/lt\/shop\/pramonines-stabdziu-sistemos-ir-pavaru-sustabdymo-komponentai\/storiniai-audros-stabdziai\/storm-brake-rail-clamp-operated-electrically\/\" \/>\n<meta property=\"og:site_name\" content=\"My industrial\" \/>\n<meta property=\"article:modified_time\" content=\"2024-12-27T22:00:57+00:00\" \/>\n<meta property=\"og:image\" content=\"https:\/\/dev.myindustrial.eu\/wp-content\/uploads\/2024\/12\/rft_stormbrake-type-vze.webp\" \/>\n\t<meta property=\"og:image:width\" content=\"800\" \/>\n\t<meta property=\"og:image:height\" content=\"800\" \/>\n\t<meta property=\"og:image:type\" content=\"image\/webp\" \/>\n<meta name=\"twitter:card\" content=\"summary_large_image\" \/>\n<script type=\"application\/ld+json\" class=\"yoast-schema-graph\">{\"@context\":\"https:\/\/schema.org\",\"@graph\":[{\"@type\":\"WebPage\",\"@id\":\"https:\/\/dev.myindustrial.eu\/lt\/shop\/pramonines-stabdziu-sistemos-ir-pavaru-sustabdymo-komponentai\/storiniai-audros-stabdziai\/storm-brake-rail-clamp-operated-electrically\/\",\"url\":\"https:\/\/dev.myindustrial.eu\/lt\/shop\/pramonines-stabdziu-sistemos-ir-pavaru-sustabdymo-komponentai\/storiniai-audros-stabdziai\/storm-brake-rail-clamp-operated-electrically\/\",\"name\":\"Audros stabdys \/ b\u0117gi\u0173 spaustukas su elektriniu valdymu - My industrial\",\"isPartOf\":{\"@id\":\"https:\/\/dev.myindustrial.eu\/lt\/#website\"},\"primaryImageOfPage\":{\"@id\":\"https:\/\/dev.myindustrial.eu\/lt\/shop\/pramonines-stabdziu-sistemos-ir-pavaru-sustabdymo-komponentai\/storiniai-audros-stabdziai\/storm-brake-rail-clamp-operated-electrically\/#primaryimage\"},\"image\":{\"@id\":\"https:\/\/dev.myindustrial.eu\/lt\/shop\/pramonines-stabdziu-sistemos-ir-pavaru-sustabdymo-komponentai\/storiniai-audros-stabdziai\/storm-brake-rail-clamp-operated-electrically\/#primaryimage\"},\"thumbnailUrl\":\"https:\/\/dev.myindustrial.eu\/wp-content\/uploads\/2024\/12\/rft_stormbrake-type-vze.webp\",\"datePublished\":\"2024-12-02T12:39:06+00:00\",\"dateModified\":\"2024-12-27T22:00:57+00:00\",\"breadcrumb\":{\"@id\":\"https:\/\/dev.myindustrial.eu\/lt\/shop\/pramonines-stabdziu-sistemos-ir-pavaru-sustabdymo-komponentai\/storiniai-audros-stabdziai\/storm-brake-rail-clamp-operated-electrically\/#breadcrumb\"},\"inLanguage\":\"lt-LT\",\"potentialAction\":[{\"@type\":\"ReadAction\",\"target\":[\"https:\/\/dev.myindustrial.eu\/lt\/shop\/pramonines-stabdziu-sistemos-ir-pavaru-sustabdymo-komponentai\/storiniai-audros-stabdziai\/storm-brake-rail-clamp-operated-electrically\/\"]}]},{\"@type\":\"ImageObject\",\"inLanguage\":\"lt-LT\",\"@id\":\"https:\/\/dev.myindustrial.eu\/lt\/shop\/pramonines-stabdziu-sistemos-ir-pavaru-sustabdymo-komponentai\/storiniai-audros-stabdziai\/storm-brake-rail-clamp-operated-electrically\/#primaryimage\",\"url\":\"https:\/\/dev.myindustrial.eu\/wp-content\/uploads\/2024\/12\/rft_stormbrake-type-vze.webp\",\"contentUrl\":\"https:\/\/dev.myindustrial.eu\/wp-content\/uploads\/2024\/12\/rft_stormbrake-type-vze.webp\",\"width\":800,\"height\":800},{\"@type\":\"BreadcrumbList\",\"@id\":\"https:\/\/dev.myindustrial.eu\/lt\/shop\/pramonines-stabdziu-sistemos-ir-pavaru-sustabdymo-komponentai\/storiniai-audros-stabdziai\/storm-brake-rail-clamp-operated-electrically\/#breadcrumb\",\"itemListElement\":[{\"@type\":\"ListItem\",\"position\":1,\"name\":\"Home\",\"item\":\"https:\/\/dev.myindustrial.eu\/lt\/\"},{\"@type\":\"ListItem\",\"position\":2,\"name\":\"Products\",\"item\":\"https:\/\/dev.myindustrial.eu\/lt\/products\/\"},{\"@type\":\"ListItem\",\"position\":3,\"name\":\"Audros stabdys \/ b\u0117gi\u0173 spaustukas su elektriniu valdymu\"}]},{\"@type\":\"WebSite\",\"@id\":\"https:\/\/dev.myindustrial.eu\/lt\/#website\",\"url\":\"https:\/\/dev.myindustrial.eu\/lt\/\",\"name\":\"My industrial\",\"description\":\"\",\"potentialAction\":[{\"@type\":\"SearchAction\",\"target\":{\"@type\":\"EntryPoint\",\"urlTemplate\":\"https:\/\/dev.myindustrial.eu\/lt\/?s={search_term_string}\"},\"query-input\":{\"@type\":\"PropertyValueSpecification\",\"valueRequired\":true,\"valueName\":\"search_term_string\"}}],\"inLanguage\":\"lt-LT\"}]}<\/script>\n<!-- \/ Yoast SEO plugin. -->","yoast_head_json":{"title":"Audros stabdys \/ b\u0117gi\u0173 spaustukas su elektriniu valdymu - My industrial","robots":{"index":"noindex","follow":"follow","max-snippet":"max-snippet:-1","max-image-preview":"max-image-preview:large","max-video-preview":"max-video-preview:-1"},"og_locale":"lt_LT","og_type":"article","og_title":"Audros stabdys \/ b\u0117gi\u0173 spaustukas su elektriniu valdymu - My industrial","og_description":"Tipas VZE  Elektrinis audros stabdys \/ b\u0117gi\u0173 spaustukas skirtas apsaugoti kran\u0173 sistemas ar b\u0117gin\u0119 \u012frang\u0105 nuo nepageidaujamo jud\u0117jimo, pavyzd\u017eiui, audros metu.   Elektrinis audros stabdys \/ b\u0117gi\u0173 spaustukas skirtas apsaugoti kran\u0173 sistemas ar b\u0117gin\u0119 \u012frang\u0105 nuo nepageidaujamo jud\u0117jimo, pavyzd\u017eiui, audros metu.  Elektrinis u\u017edarymas ir atidarymas.  Variklio varomas veikimo mechanizmas.  Pak\u0117limo mechanizmas spaudimo trinkel\u0117ms.  Laikymo j\u0117gos iki 100 kN vienam spaustukui.  Galin\u0117s jungikliai spaustuko pad\u0117ties steb\u0117senai.  \u0160oninis b\u0117gio poslinkio kompensavimas \u00b1 25 mm.  Pasirinktinai: su nepertraukiamo maitinimo \u0161altiniu (UPS) \/ automatinis veikimas elektros tiekimo sutrikimo atveju.  Spaudimo trinkel\u0117s pritaikomos pagal b\u0117gio tip\u0105 (nurodykite b\u0117gio tip\u0105).","og_url":"https:\/\/dev.myindustrial.eu\/lt\/shop\/pramonines-stabdziu-sistemos-ir-pavaru-sustabdymo-komponentai\/storiniai-audros-stabdziai\/storm-brake-rail-clamp-operated-electrically\/","og_site_name":"My industrial","article_modified_time":"2024-12-27T22:00:57+00:00","og_image":[{"width":800,"height":800,"url":"https:\/\/dev.myindustrial.eu\/wp-content\/uploads\/2024\/12\/rft_stormbrake-type-vze.webp","type":"image\/webp"}],"twitter_card":"summary_large_image","schema":{"@context":"https:\/\/schema.org","@graph":[{"@type":"WebPage","@id":"https:\/\/dev.myindustrial.eu\/lt\/shop\/pramonines-stabdziu-sistemos-ir-pavaru-sustabdymo-komponentai\/storiniai-audros-stabdziai\/storm-brake-rail-clamp-operated-electrically\/","url":"https:\/\/dev.myindustrial.eu\/lt\/shop\/pramonines-stabdziu-sistemos-ir-pavaru-sustabdymo-komponentai\/storiniai-audros-stabdziai\/storm-brake-rail-clamp-operated-electrically\/","name":"Audros stabdys \/ b\u0117gi\u0173 spaustukas su elektriniu valdymu - My industrial","isPartOf":{"@id":"https:\/\/dev.myindustrial.eu\/lt\/#website"},"primaryImageOfPage":{"@id":"https:\/\/dev.myindustrial.eu\/lt\/shop\/pramonines-stabdziu-sistemos-ir-pavaru-sustabdymo-komponentai\/storiniai-audros-stabdziai\/storm-brake-rail-clamp-operated-electrically\/#primaryimage"},"image":{"@id":"https:\/\/dev.myindustrial.eu\/lt\/shop\/pramonines-stabdziu-sistemos-ir-pavaru-sustabdymo-komponentai\/storiniai-audros-stabdziai\/storm-brake-rail-clamp-operated-electrically\/#primaryimage"},"thumbnailUrl":"https:\/\/dev.myindustrial.eu\/wp-content\/uploads\/2024\/12\/rft_stormbrake-type-vze.webp","datePublished":"2024-12-02T12:39:06+00:00","dateModified":"2024-12-27T22:00:57+00:00","breadcrumb":{"@id":"https:\/\/dev.myindustrial.eu\/lt\/shop\/pramonines-stabdziu-sistemos-ir-pavaru-sustabdymo-komponentai\/storiniai-audros-stabdziai\/storm-brake-rail-clamp-operated-electrically\/#breadcrumb"},"inLanguage":"lt-LT","potentialAction":[{"@type":"ReadAction","target":["https:\/\/dev.myindustrial.eu\/lt\/shop\/pramonines-stabdziu-sistemos-ir-pavaru-sustabdymo-komponentai\/storiniai-audros-stabdziai\/storm-brake-rail-clamp-operated-electrically\/"]}]},{"@type":"ImageObject","inLanguage":"lt-LT","@id":"https:\/\/dev.myindustrial.eu\/lt\/shop\/pramonines-stabdziu-sistemos-ir-pavaru-sustabdymo-komponentai\/storiniai-audros-stabdziai\/storm-brake-rail-clamp-operated-electrically\/#primaryimage","url":"https:\/\/dev.myindustrial.eu\/wp-content\/uploads\/2024\/12\/rft_stormbrake-type-vze.webp","contentUrl":"https:\/\/dev.myindustrial.eu\/wp-content\/uploads\/2024\/12\/rft_stormbrake-type-vze.webp","width":800,"height":800},{"@type":"BreadcrumbList","@id":"https:\/\/dev.myindustrial.eu\/lt\/shop\/pramonines-stabdziu-sistemos-ir-pavaru-sustabdymo-komponentai\/storiniai-audros-stabdziai\/storm-brake-rail-clamp-operated-electrically\/#breadcrumb","itemListElement":[{"@type":"ListItem","position":1,"name":"Home","item":"https:\/\/dev.myindustrial.eu\/lt\/"},{"@type":"ListItem","position":2,"name":"Products","item":"https:\/\/dev.myindustrial.eu\/lt\/products\/"},{"@type":"ListItem","position":3,"name":"Audros stabdys \/ b\u0117gi\u0173 spaustukas su elektriniu valdymu"}]},{"@type":"WebSite","@id":"https:\/\/dev.myindustrial.eu\/lt\/#website","url":"https:\/\/dev.myindustrial.eu\/lt\/","name":"My industrial","description":"","potentialAction":[{"@type":"SearchAction","target":{"@type":"EntryPoint","urlTemplate":"https:\/\/dev.myindustrial.eu\/lt\/?s={search_term_string}"},"query-input":{"@type":"PropertyValueSpecification","valueRequired":true,"valueName":"search_term_string"}}],"inLanguage":"lt-LT"}]}},"_links":{"self":[{"href":"https:\/\/dev.myindustrial.eu\/lt\/wp-json\/wp\/v2\/product\/1260065607","targetHints":{"allow":["GET"]}}],"collection":[{"href":"https:\/\/dev.myindustrial.eu\/lt\/wp-json\/wp\/v2\/product"}],"about":[{"href":"https:\/\/dev.myindustrial.eu\/lt\/wp-json\/wp\/v2\/types\/product"}],"version-history":[{"count":0,"href":"https:\/\/dev.myindustrial.eu\/lt\/wp-json\/wp\/v2\/product\/1260065607\/revisions"}],"wp:featuredmedia":[{"embeddable":true,"href":"https:\/\/dev.myindustrial.eu\/lt\/wp-json\/wp\/v2\/media\/1260065128"}],"wp:attachment":[{"href":"https:\/\/dev.myindustrial.eu\/lt\/wp-json\/wp\/v2\/media?parent=1260065607"}],"wp:term":[{"taxonomy":"product_brand","embeddable":true,"href":"https:\/\/dev.myindustrial.eu\/lt\/wp-json\/wp\/v2\/product_brand?post=1260065607"},{"taxonomy":"product_cat","embeddable":true,"href":"https:\/\/dev.myindustrial.eu\/lt\/wp-json\/wp\/v2\/product_cat?post=1260065607"},{"taxonomy":"product_tag","embeddable":true,"href":"https:\/\/dev.myindustrial.eu\/lt\/wp-json\/wp\/v2\/product_tag?post=1260065607"}],"curies":[{"name":"wp","href":"https:\/\/api.w.org\/{rel}","templated":true}]}}