{"id":1260065612,"date":"2024-12-02T12:41:20","date_gmt":"2024-12-02T12:41:20","guid":{"rendered":"https:\/\/dev.myindustrial.eu\/shop\/be-kategorijos\/storm-brake-rail-clamp-operated-hydraulically\/"},"modified":"2024-12-27T22:28:33","modified_gmt":"2024-12-27T22:28:33","slug":"storm-brake-rail-clamp-operated-hydraulically","status":"publish","type":"product","link":"https:\/\/dev.myindustrial.eu\/lt\/shop\/pramonines-stabdziu-sistemos-ir-pavaru-sustabdymo-komponentai\/storiniai-audros-stabdziai\/storm-brake-rail-clamp-operated-hydraulically\/","title":{"rendered":"Audros stabdis \/ b\u0117gi\u0173 spaustukas su hidrauliniu valdymu"},"content":{"rendered":"<p><b>Ypatyb\u0117s<\/b><\/p>\n<ul>\n<li style=\"font-weight: 400;\" aria-level=\"1\"><span style=\"font-weight: 400;\">Hidraulinis u\u017edarymas ir atidarymas.<\/span><\/li>\n<li style=\"font-weight: 400;\" aria-level=\"1\"><span style=\"font-weight: 400;\">Tipas VZH prieinamas 3 versijomis:<\/span><\/li>\n<\/ul>\n<ol>\n<li style=\"font-weight: 400;\" aria-level=\"1\"><span style=\"font-weight: 400;\">Su rankiniu siurbliu, NEVEIKIA automati\u0161kai nutr\u016bkus elektros tiekimui.<\/span><\/li>\n<li style=\"font-weight: 400;\" aria-level=\"1\"><span style=\"font-weight: 400;\">Su hidrauliniu agregatu, BE automatinio veikimo nutr\u016bkus elektros tiekimui.<\/span><\/li>\n<li style=\"font-weight: 400;\" aria-level=\"1\"><span style=\"font-weight: 400;\">Hidraulinis agregatas su sl\u0117gio akumuliatoriumi, automatinis veikimas nutr\u016bkus elektros tiekimui.<\/span><\/li>\n<\/ol>\n<p><b>Techniniai privalumai<\/b><\/p>\n<ul>\n<li style=\"font-weight: 400;\" aria-level=\"1\"><span style=\"font-weight: 400;\">Techninis lankstumas.<\/span><\/li>\n<li style=\"font-weight: 400;\" aria-level=\"1\"><span style=\"font-weight: 400;\">Auk\u0161ta kokyb\u0117 ir saugos lygis.<\/span><\/li>\n<li style=\"font-weight: 400;\" aria-level=\"1\"><span style=\"font-weight: 400;\">Ma\u017eesn\u0117s prie\u017ei\u016bros ir tolimesn\u0117s i\u0161laidos.<\/span><\/li>\n<\/ul>\n","protected":false},"excerpt":{"rendered":"<p><b>Tipas VZH storiniai (audros) stabd\u017eiai<\/b><\/p>\n<p><span style=\"font-weight: 400;\">Hidrauli\u0161kai valdomas audros stabdis \/ b\u0117gi\u0173 spaustukas, skirtas apsaugoti kran\u0173 sistemas ar su b\u0117giais susijusias ma\u0161inas nuo nepageidaujamo jud\u0117jimo, pavyzd\u017eiui, audros metu.<\/span><\/p>\n<ul>\n<li style=\"font-weight: 400;\" aria-level=\"1\"><span style=\"font-weight: 400;\">Hidraulinis u\u017edarymas ir atidarymas.<\/span><\/li>\n<li style=\"font-weight: 400;\" aria-level=\"1\"><span style=\"font-weight: 400;\">Pagrindinis audros stabdis su rankiniu siurbliu.<\/span><\/li>\n<li style=\"font-weight: 400;\" aria-level=\"1\"><span style=\"font-weight: 400;\">Laikymo j\u0117ga iki 256 kN vienam spaustukui. Pasirinktinai \u2014 iki 623 kN laikymo j\u0117ga vienam spaustukui.<\/span><\/li>\n<li style=\"font-weight: 400;\" aria-level=\"1\"><span style=\"font-weight: 400;\">Galiniai jungikliai, skirti steb\u0117ti spaustuko pad\u0117t\u012f.<\/span><\/li>\n<li style=\"font-weight: 400;\" aria-level=\"1\"><span style=\"font-weight: 400;\">Hidraulinio agregato naudojimas su sl\u0117gio akumuliatoriumi. Pasirinktinai: u\u017edarymas naudojant sl\u0117gio rezervuar\u0105 nutr\u016bkus elektros tiekimui \/ automatinis veikimas nutr\u016bkus elektros energijai.<\/span><\/li>\n<li style=\"font-weight: 400;\" aria-level=\"1\"><span style=\"font-weight: 400;\">\u0160oninis kompensavimas b\u0117gi\u0173 poslinkiams \u00b115 mm ar daugiau, jei pageidaujama.<\/span><\/li>\n<li style=\"font-weight: 400;\" aria-level=\"1\"><span style=\"font-weight: 400;\">Horizontali ir vertikali versijos.<\/span><\/li>\n<\/ul>\n<p><b>B\u0117gi\u0173 spaustukas VZH<\/b><span style=\"font-weight: 400;\"> \u2014 parodytas kaip VZH-2, yra pagrindin\u0117 sistemos versija variantams VZH-H, VZH-A, VZH-A-S ir kt. Priekiniame vaizde kreipiamieji ritin\u0117liai pasl\u0117pti u\u017e b\u0117gi\u0173 valytuvo.<\/span><\/p>\n","protected":false},"featured_media":1260065134,"template":"","meta":[],"product_brand":[],"product_cat":[1423],"product_tag":[],"class_list":{"0":"post-1260065612","1":"product","2":"type-product","3":"status-publish","4":"has-post-thumbnail","6":"product_cat-storiniai-audros-stabdziai","8":"first","9":"instock","10":"shipping-taxable","11":"product-type-simple"},"yoast_head":"<!-- This site is optimized with the Yoast SEO plugin v27.1.1 - https:\/\/yoast.com\/product\/yoast-seo-wordpress\/ -->\n<title>Audros stabdis \/ b\u0117gi\u0173 spaustukas su hidrauliniu valdymu - My industrial<\/title>\n<meta name=\"robots\" content=\"noindex, follow, max-snippet:-1, max-image-preview:large, max-video-preview:-1\" \/>\n<meta property=\"og:locale\" content=\"lt_LT\" \/>\n<meta property=\"og:type\" content=\"article\" \/>\n<meta property=\"og:title\" content=\"Audros stabdis \/ b\u0117gi\u0173 spaustukas su hidrauliniu valdymu - My industrial\" \/>\n<meta property=\"og:description\" content=\"Tipas VZH storiniai (audros) stabd\u017eiai  Hidrauli\u0161kai valdomas audros stabdis \/ b\u0117gi\u0173 spaustukas, skirtas apsaugoti kran\u0173 sistemas ar su b\u0117giais susijusias ma\u0161inas nuo nepageidaujamo jud\u0117jimo, pavyzd\u017eiui, audros metu.   Hidraulinis u\u017edarymas ir atidarymas.  Pagrindinis audros stabdis su rankiniu siurbliu.  Laikymo j\u0117ga iki 256 kN vienam spaustukui. Pasirinktinai \u2014 iki 623 kN laikymo j\u0117ga vienam spaustukui.  Galiniai jungikliai, skirti steb\u0117ti spaustuko pad\u0117t\u012f.  Hidraulinio agregato naudojimas su sl\u0117gio akumuliatoriumi. Pasirinktinai: u\u017edarymas naudojant sl\u0117gio rezervuar\u0105 nutr\u016bkus elektros tiekimui \/ automatinis veikimas nutr\u016bkus elektros energijai.  \u0160oninis kompensavimas b\u0117gi\u0173 poslinkiams \u00b115 mm ar daugiau, jei pageidaujama.  Horizontali ir vertikali versijos.  B\u0117gi\u0173 spaustukas VZH \u2014 parodytas kaip VZH-2, yra pagrindin\u0117 sistemos versija variantams VZH-H, VZH-A, VZH-A-S ir kt. Priekiniame vaizde kreipiamieji ritin\u0117liai pasl\u0117pti u\u017e b\u0117gi\u0173 valytuvo.\" \/>\n<meta property=\"og:url\" content=\"https:\/\/dev.myindustrial.eu\/lt\/shop\/pramonines-stabdziu-sistemos-ir-pavaru-sustabdymo-komponentai\/storiniai-audros-stabdziai\/storm-brake-rail-clamp-operated-hydraulically\/\" \/>\n<meta property=\"og:site_name\" content=\"My industrial\" \/>\n<meta property=\"article:modified_time\" content=\"2024-12-27T22:28:33+00:00\" \/>\n<meta property=\"og:image\" content=\"https:\/\/dev.myindustrial.eu\/wp-content\/uploads\/2024\/12\/rft_stormbrake-type-vzh.webp\" \/>\n\t<meta property=\"og:image:width\" content=\"800\" \/>\n\t<meta property=\"og:image:height\" content=\"800\" \/>\n\t<meta property=\"og:image:type\" content=\"image\/webp\" \/>\n<meta name=\"twitter:card\" content=\"summary_large_image\" \/>\n<script type=\"application\/ld+json\" class=\"yoast-schema-graph\">{\"@context\":\"https:\/\/schema.org\",\"@graph\":[{\"@type\":\"WebPage\",\"@id\":\"https:\/\/dev.myindustrial.eu\/lt\/shop\/pramonines-stabdziu-sistemos-ir-pavaru-sustabdymo-komponentai\/storiniai-audros-stabdziai\/storm-brake-rail-clamp-operated-hydraulically\/\",\"url\":\"https:\/\/dev.myindustrial.eu\/lt\/shop\/pramonines-stabdziu-sistemos-ir-pavaru-sustabdymo-komponentai\/storiniai-audros-stabdziai\/storm-brake-rail-clamp-operated-hydraulically\/\",\"name\":\"Audros stabdis \/ b\u0117gi\u0173 spaustukas su hidrauliniu valdymu - My industrial\",\"isPartOf\":{\"@id\":\"https:\/\/dev.myindustrial.eu\/lt\/#website\"},\"primaryImageOfPage\":{\"@id\":\"https:\/\/dev.myindustrial.eu\/lt\/shop\/pramonines-stabdziu-sistemos-ir-pavaru-sustabdymo-komponentai\/storiniai-audros-stabdziai\/storm-brake-rail-clamp-operated-hydraulically\/#primaryimage\"},\"image\":{\"@id\":\"https:\/\/dev.myindustrial.eu\/lt\/shop\/pramonines-stabdziu-sistemos-ir-pavaru-sustabdymo-komponentai\/storiniai-audros-stabdziai\/storm-brake-rail-clamp-operated-hydraulically\/#primaryimage\"},\"thumbnailUrl\":\"https:\/\/dev.myindustrial.eu\/wp-content\/uploads\/2024\/12\/rft_stormbrake-type-vzh.webp\",\"datePublished\":\"2024-12-02T12:41:20+00:00\",\"dateModified\":\"2024-12-27T22:28:33+00:00\",\"breadcrumb\":{\"@id\":\"https:\/\/dev.myindustrial.eu\/lt\/shop\/pramonines-stabdziu-sistemos-ir-pavaru-sustabdymo-komponentai\/storiniai-audros-stabdziai\/storm-brake-rail-clamp-operated-hydraulically\/#breadcrumb\"},\"inLanguage\":\"lt-LT\",\"potentialAction\":[{\"@type\":\"ReadAction\",\"target\":[\"https:\/\/dev.myindustrial.eu\/lt\/shop\/pramonines-stabdziu-sistemos-ir-pavaru-sustabdymo-komponentai\/storiniai-audros-stabdziai\/storm-brake-rail-clamp-operated-hydraulically\/\"]}]},{\"@type\":\"ImageObject\",\"inLanguage\":\"lt-LT\",\"@id\":\"https:\/\/dev.myindustrial.eu\/lt\/shop\/pramonines-stabdziu-sistemos-ir-pavaru-sustabdymo-komponentai\/storiniai-audros-stabdziai\/storm-brake-rail-clamp-operated-hydraulically\/#primaryimage\",\"url\":\"https:\/\/dev.myindustrial.eu\/wp-content\/uploads\/2024\/12\/rft_stormbrake-type-vzh.webp\",\"contentUrl\":\"https:\/\/dev.myindustrial.eu\/wp-content\/uploads\/2024\/12\/rft_stormbrake-type-vzh.webp\",\"width\":800,\"height\":800},{\"@type\":\"BreadcrumbList\",\"@id\":\"https:\/\/dev.myindustrial.eu\/lt\/shop\/pramonines-stabdziu-sistemos-ir-pavaru-sustabdymo-komponentai\/storiniai-audros-stabdziai\/storm-brake-rail-clamp-operated-hydraulically\/#breadcrumb\",\"itemListElement\":[{\"@type\":\"ListItem\",\"position\":1,\"name\":\"Home\",\"item\":\"https:\/\/dev.myindustrial.eu\/lt\/\"},{\"@type\":\"ListItem\",\"position\":2,\"name\":\"Products\",\"item\":\"https:\/\/dev.myindustrial.eu\/lt\/products\/\"},{\"@type\":\"ListItem\",\"position\":3,\"name\":\"Audros stabdis \/ b\u0117gi\u0173 spaustukas su hidrauliniu valdymu\"}]},{\"@type\":\"WebSite\",\"@id\":\"https:\/\/dev.myindustrial.eu\/lt\/#website\",\"url\":\"https:\/\/dev.myindustrial.eu\/lt\/\",\"name\":\"My industrial\",\"description\":\"\",\"potentialAction\":[{\"@type\":\"SearchAction\",\"target\":{\"@type\":\"EntryPoint\",\"urlTemplate\":\"https:\/\/dev.myindustrial.eu\/lt\/?s={search_term_string}\"},\"query-input\":{\"@type\":\"PropertyValueSpecification\",\"valueRequired\":true,\"valueName\":\"search_term_string\"}}],\"inLanguage\":\"lt-LT\"}]}<\/script>\n<!-- \/ Yoast SEO plugin. -->","yoast_head_json":{"title":"Audros stabdis \/ b\u0117gi\u0173 spaustukas su hidrauliniu valdymu - My industrial","robots":{"index":"noindex","follow":"follow","max-snippet":"max-snippet:-1","max-image-preview":"max-image-preview:large","max-video-preview":"max-video-preview:-1"},"og_locale":"lt_LT","og_type":"article","og_title":"Audros stabdis \/ b\u0117gi\u0173 spaustukas su hidrauliniu valdymu - My industrial","og_description":"Tipas VZH storiniai (audros) stabd\u017eiai  Hidrauli\u0161kai valdomas audros stabdis \/ b\u0117gi\u0173 spaustukas, skirtas apsaugoti kran\u0173 sistemas ar su b\u0117giais susijusias ma\u0161inas nuo nepageidaujamo jud\u0117jimo, pavyzd\u017eiui, audros metu.   Hidraulinis u\u017edarymas ir atidarymas.  Pagrindinis audros stabdis su rankiniu siurbliu.  Laikymo j\u0117ga iki 256 kN vienam spaustukui. Pasirinktinai \u2014 iki 623 kN laikymo j\u0117ga vienam spaustukui.  Galiniai jungikliai, skirti steb\u0117ti spaustuko pad\u0117t\u012f.  Hidraulinio agregato naudojimas su sl\u0117gio akumuliatoriumi. Pasirinktinai: u\u017edarymas naudojant sl\u0117gio rezervuar\u0105 nutr\u016bkus elektros tiekimui \/ automatinis veikimas nutr\u016bkus elektros energijai.  \u0160oninis kompensavimas b\u0117gi\u0173 poslinkiams \u00b115 mm ar daugiau, jei pageidaujama.  Horizontali ir vertikali versijos.  B\u0117gi\u0173 spaustukas VZH \u2014 parodytas kaip VZH-2, yra pagrindin\u0117 sistemos versija variantams VZH-H, VZH-A, VZH-A-S ir kt. Priekiniame vaizde kreipiamieji ritin\u0117liai pasl\u0117pti u\u017e b\u0117gi\u0173 valytuvo.","og_url":"https:\/\/dev.myindustrial.eu\/lt\/shop\/pramonines-stabdziu-sistemos-ir-pavaru-sustabdymo-komponentai\/storiniai-audros-stabdziai\/storm-brake-rail-clamp-operated-hydraulically\/","og_site_name":"My industrial","article_modified_time":"2024-12-27T22:28:33+00:00","og_image":[{"width":800,"height":800,"url":"https:\/\/dev.myindustrial.eu\/wp-content\/uploads\/2024\/12\/rft_stormbrake-type-vzh.webp","type":"image\/webp"}],"twitter_card":"summary_large_image","schema":{"@context":"https:\/\/schema.org","@graph":[{"@type":"WebPage","@id":"https:\/\/dev.myindustrial.eu\/lt\/shop\/pramonines-stabdziu-sistemos-ir-pavaru-sustabdymo-komponentai\/storiniai-audros-stabdziai\/storm-brake-rail-clamp-operated-hydraulically\/","url":"https:\/\/dev.myindustrial.eu\/lt\/shop\/pramonines-stabdziu-sistemos-ir-pavaru-sustabdymo-komponentai\/storiniai-audros-stabdziai\/storm-brake-rail-clamp-operated-hydraulically\/","name":"Audros stabdis \/ b\u0117gi\u0173 spaustukas su hidrauliniu valdymu - My industrial","isPartOf":{"@id":"https:\/\/dev.myindustrial.eu\/lt\/#website"},"primaryImageOfPage":{"@id":"https:\/\/dev.myindustrial.eu\/lt\/shop\/pramonines-stabdziu-sistemos-ir-pavaru-sustabdymo-komponentai\/storiniai-audros-stabdziai\/storm-brake-rail-clamp-operated-hydraulically\/#primaryimage"},"image":{"@id":"https:\/\/dev.myindustrial.eu\/lt\/shop\/pramonines-stabdziu-sistemos-ir-pavaru-sustabdymo-komponentai\/storiniai-audros-stabdziai\/storm-brake-rail-clamp-operated-hydraulically\/#primaryimage"},"thumbnailUrl":"https:\/\/dev.myindustrial.eu\/wp-content\/uploads\/2024\/12\/rft_stormbrake-type-vzh.webp","datePublished":"2024-12-02T12:41:20+00:00","dateModified":"2024-12-27T22:28:33+00:00","breadcrumb":{"@id":"https:\/\/dev.myindustrial.eu\/lt\/shop\/pramonines-stabdziu-sistemos-ir-pavaru-sustabdymo-komponentai\/storiniai-audros-stabdziai\/storm-brake-rail-clamp-operated-hydraulically\/#breadcrumb"},"inLanguage":"lt-LT","potentialAction":[{"@type":"ReadAction","target":["https:\/\/dev.myindustrial.eu\/lt\/shop\/pramonines-stabdziu-sistemos-ir-pavaru-sustabdymo-komponentai\/storiniai-audros-stabdziai\/storm-brake-rail-clamp-operated-hydraulically\/"]}]},{"@type":"ImageObject","inLanguage":"lt-LT","@id":"https:\/\/dev.myindustrial.eu\/lt\/shop\/pramonines-stabdziu-sistemos-ir-pavaru-sustabdymo-komponentai\/storiniai-audros-stabdziai\/storm-brake-rail-clamp-operated-hydraulically\/#primaryimage","url":"https:\/\/dev.myindustrial.eu\/wp-content\/uploads\/2024\/12\/rft_stormbrake-type-vzh.webp","contentUrl":"https:\/\/dev.myindustrial.eu\/wp-content\/uploads\/2024\/12\/rft_stormbrake-type-vzh.webp","width":800,"height":800},{"@type":"BreadcrumbList","@id":"https:\/\/dev.myindustrial.eu\/lt\/shop\/pramonines-stabdziu-sistemos-ir-pavaru-sustabdymo-komponentai\/storiniai-audros-stabdziai\/storm-brake-rail-clamp-operated-hydraulically\/#breadcrumb","itemListElement":[{"@type":"ListItem","position":1,"name":"Home","item":"https:\/\/dev.myindustrial.eu\/lt\/"},{"@type":"ListItem","position":2,"name":"Products","item":"https:\/\/dev.myindustrial.eu\/lt\/products\/"},{"@type":"ListItem","position":3,"name":"Audros stabdis \/ b\u0117gi\u0173 spaustukas su hidrauliniu valdymu"}]},{"@type":"WebSite","@id":"https:\/\/dev.myindustrial.eu\/lt\/#website","url":"https:\/\/dev.myindustrial.eu\/lt\/","name":"My industrial","description":"","potentialAction":[{"@type":"SearchAction","target":{"@type":"EntryPoint","urlTemplate":"https:\/\/dev.myindustrial.eu\/lt\/?s={search_term_string}"},"query-input":{"@type":"PropertyValueSpecification","valueRequired":true,"valueName":"search_term_string"}}],"inLanguage":"lt-LT"}]}},"_links":{"self":[{"href":"https:\/\/dev.myindustrial.eu\/lt\/wp-json\/wp\/v2\/product\/1260065612","targetHints":{"allow":["GET"]}}],"collection":[{"href":"https:\/\/dev.myindustrial.eu\/lt\/wp-json\/wp\/v2\/product"}],"about":[{"href":"https:\/\/dev.myindustrial.eu\/lt\/wp-json\/wp\/v2\/types\/product"}],"version-history":[{"count":0,"href":"https:\/\/dev.myindustrial.eu\/lt\/wp-json\/wp\/v2\/product\/1260065612\/revisions"}],"wp:featuredmedia":[{"embeddable":true,"href":"https:\/\/dev.myindustrial.eu\/lt\/wp-json\/wp\/v2\/media\/1260065134"}],"wp:attachment":[{"href":"https:\/\/dev.myindustrial.eu\/lt\/wp-json\/wp\/v2\/media?parent=1260065612"}],"wp:term":[{"taxonomy":"product_brand","embeddable":true,"href":"https:\/\/dev.myindustrial.eu\/lt\/wp-json\/wp\/v2\/product_brand?post=1260065612"},{"taxonomy":"product_cat","embeddable":true,"href":"https:\/\/dev.myindustrial.eu\/lt\/wp-json\/wp\/v2\/product_cat?post=1260065612"},{"taxonomy":"product_tag","embeddable":true,"href":"https:\/\/dev.myindustrial.eu\/lt\/wp-json\/wp\/v2\/product_tag?post=1260065612"}],"curies":[{"name":"wp","href":"https:\/\/api.w.org\/{rel}","templated":true}]}}