{"id":1260065618,"date":"2024-12-02T12:43:12","date_gmt":"2024-12-02T12:43:12","guid":{"rendered":"https:\/\/dev.myindustrial.eu\/shop\/be-kategorijos\/storm-brake-rail-clamp-operated-manually\/"},"modified":"2024-12-27T22:37:04","modified_gmt":"2024-12-27T22:37:04","slug":"storm-brake-rail-clamp-operated-manually","status":"publish","type":"product","link":"https:\/\/dev.myindustrial.eu\/lt\/shop\/pramonines-stabdziu-sistemos-ir-pavaru-sustabdymo-komponentai\/storiniai-audros-stabdziai\/storm-brake-rail-clamp-operated-manually\/","title":{"rendered":"Audros stabdis \/ b\u0117gi\u0173 spaustuvas su rankiniu valdymu"},"content":{"rendered":"<p><span style=\"font-weight: 400;\">Rankiniu b\u016bdu valdomas audros stabdis \/ b\u0117gi\u0173 spaustuvas, skirtas apsaugoti kran\u0173 sistemas ar ant b\u0117gi\u0173 judan\u010dias ma\u0161inas nuo nepageidaujam\u0173 judesi\u0173, pavyzd\u017eiui, audros metu.<\/span><\/p>\n<ul>\n<li aria-level=\"1\"><span style=\"font-weight: 400;\">Rankinis u\u017edarymas ir atidarymas<\/span><\/li>\n<li aria-level=\"1\"><span style=\"font-weight: 400;\">Tvirtinimas flan\u0161iniais var\u017etais prie b\u0117ginio transporto priemon\u0117s priekin\u0117s dalies<\/span><\/li>\n<li aria-level=\"1\"><span style=\"font-weight: 400;\">Galima montuoti buferius<\/span><\/li>\n<li aria-level=\"1\"><span style=\"font-weight: 400;\">Plaukiojantis korpusas \u0161oniniam horizontaliam jud\u0117jimui rato briaun\u0173 tarpo ir b\u0117gi\u0173 poslinkio ribose su ritinin\u0117mis kreipian\u010diosiomis palei b\u0117gius arba rankiniu b\u016bdu pozicionuojamas svirtimi<\/span><\/li>\n<li aria-level=\"1\"><span style=\"font-weight: 400;\">Spaustuvo kalad\u0117l\u0117s pakeliamos vir\u0161 b\u0117gio vir\u0161aus, kai spaustuvas yra atidarytas, taip i\u0161vengiama susid\u016brimo rizikos.<\/span><\/li>\n<li aria-level=\"1\"><span style=\"font-weight: 400;\">Galima montuoti vis\u0173 tip\u0173 buferius, tvirtinimo \u012frenginiai buferiams numatyti kiekvienam u\u017esakymui individualiai.<\/span><\/li>\n<li aria-level=\"1\"><span style=\"font-weight: 400;\">Ner\u016bdijan\u010dio plieno var\u017etai ir \u012fvori\u0173 guoliai padidina eksploatacijos saugum\u0105 ir tarnavimo laik\u0105.<\/span><\/li>\n<li aria-level=\"1\"><span style=\"font-weight: 400;\">Diskini\u0173 spyruokli\u0173 komplektas laikymo j\u0117gai palaikyti.<\/span><\/li>\n<li aria-level=\"1\"><span style=\"font-weight: 400;\">Laikymo j\u0117ga iki 100 kN vienam spaustuvui.<\/span><\/li>\n<li aria-level=\"1\"><span style=\"font-weight: 400;\">Spaustuvo kalad\u0117li\u0173 k\u0117limo \u012ftaisas.<\/span><\/li>\n<li aria-level=\"1\"><span style=\"font-weight: 400;\">Galiniai jungikliai stebi spaustuvo pad\u0117t\u012f.<\/span><\/li>\n<li aria-level=\"1\"><span style=\"font-weight: 400;\">\u0160onin\u0117 kompensacija b\u0117gi\u0173 poslinkiams \u00b1 7 mm, su plaukiojan\u010diu korpusu \u00b1 25 mm.<\/span><\/li>\n<li aria-level=\"1\"><span style=\"font-weight: 400;\">Plaukiojan\u010dio korpuso kreipimas su ritin\u0117liais arba rankinis pozicionavimas svirtimi (pozicionuojant svirtimi, \u0161onin\u0117s zonos prie b\u0117gi\u0173 lieka laisvos).<\/span><\/li>\n<li aria-level=\"1\"><span style=\"font-weight: 400;\">Spaustuvo \u017enypl\u0117s pritaikomos prie b\u0117gio tipo (pra\u0161ome nurodyti b\u0117gio tip\u0105).<\/span><\/li>\n<\/ul>\n<h4><b>Techniniai privalumai<\/b><\/h4>\n<ul>\n<li aria-level=\"1\"><span style=\"font-weight: 400;\">Techninis lankstumas<\/span><\/li>\n<li aria-level=\"1\"><span style=\"font-weight: 400;\">Auk\u0161ta kokyb\u0117 ir saugumo lygis<\/span><\/li>\n<li aria-level=\"1\"><span style=\"font-weight: 400;\">Prie\u017ei\u016bros ir tolesni\u0173 i\u0161laid\u0173 ma\u017einimas<\/span><\/li>\n<\/ul>\n<h4><b>Veikimo principas<\/b><\/h4>\n<ul>\n<li aria-level=\"1\"><span style=\"font-weight: 400;\">Rankinis u\u017edarymas ir atidarymas naudojant rankin\u012f rat\u0105<\/span><\/li>\n<li aria-level=\"1\"><span style=\"font-weight: 400;\">Spaustuvo kalad\u0117li\u0173 k\u0117limo \u012ftaisas.<\/span><\/li>\n<li aria-level=\"1\"><span style=\"font-weight: 400;\">Pasirinktinai galiniai jungikliai stebi spaustuvo pad\u0117t\u012f (u\u017edarytas arba atidarytas).<\/span><\/li>\n<\/ul>\n<p>&nbsp;<\/p>\n","protected":false},"excerpt":{"rendered":"<p><b>Tipas VZM<\/b><span style=\"font-weight: 400;\"><br \/>\n<\/span><b>VZM-SG-MP ir VZM-SG-RF su plaukiojan\u010diu korpusu<\/b><\/p>\n","protected":false},"featured_media":1260065140,"template":"","meta":[],"product_brand":[],"product_cat":[1423],"product_tag":[],"class_list":{"0":"post-1260065618","1":"product","2":"type-product","3":"status-publish","4":"has-post-thumbnail","6":"product_cat-storiniai-audros-stabdziai","8":"first","9":"instock","10":"shipping-taxable","11":"product-type-simple"},"yoast_head":"<!-- This site is optimized with the Yoast SEO plugin v27.1.1 - https:\/\/yoast.com\/product\/yoast-seo-wordpress\/ -->\n<title>Audros stabdis \/ b\u0117gi\u0173 spaustuvas su rankiniu valdymu - My industrial<\/title>\n<meta name=\"robots\" content=\"noindex, follow, max-snippet:-1, max-image-preview:large, max-video-preview:-1\" \/>\n<meta property=\"og:locale\" content=\"lt_LT\" \/>\n<meta property=\"og:type\" content=\"article\" \/>\n<meta property=\"og:title\" content=\"Audros stabdis \/ b\u0117gi\u0173 spaustuvas su rankiniu valdymu - My industrial\" \/>\n<meta property=\"og:description\" content=\"Tipas VZM VZM-SG-MP ir VZM-SG-RF su plaukiojan\u010diu korpusu\" \/>\n<meta property=\"og:url\" content=\"https:\/\/dev.myindustrial.eu\/lt\/shop\/pramonines-stabdziu-sistemos-ir-pavaru-sustabdymo-komponentai\/storiniai-audros-stabdziai\/storm-brake-rail-clamp-operated-manually\/\" \/>\n<meta property=\"og:site_name\" content=\"My industrial\" \/>\n<meta property=\"article:modified_time\" content=\"2024-12-27T22:37:04+00:00\" \/>\n<meta property=\"og:image\" content=\"https:\/\/dev.myindustrial.eu\/wp-content\/uploads\/2024\/12\/rft_stormbrake-type-vzm.webp\" \/>\n\t<meta property=\"og:image:width\" content=\"800\" \/>\n\t<meta property=\"og:image:height\" content=\"800\" \/>\n\t<meta property=\"og:image:type\" content=\"image\/webp\" \/>\n<meta name=\"twitter:card\" content=\"summary_large_image\" \/>\n<script type=\"application\/ld+json\" class=\"yoast-schema-graph\">{\"@context\":\"https:\/\/schema.org\",\"@graph\":[{\"@type\":\"WebPage\",\"@id\":\"https:\/\/dev.myindustrial.eu\/lt\/shop\/pramonines-stabdziu-sistemos-ir-pavaru-sustabdymo-komponentai\/storiniai-audros-stabdziai\/storm-brake-rail-clamp-operated-manually\/\",\"url\":\"https:\/\/dev.myindustrial.eu\/lt\/shop\/pramonines-stabdziu-sistemos-ir-pavaru-sustabdymo-komponentai\/storiniai-audros-stabdziai\/storm-brake-rail-clamp-operated-manually\/\",\"name\":\"Audros stabdis \/ b\u0117gi\u0173 spaustuvas su rankiniu valdymu - My industrial\",\"isPartOf\":{\"@id\":\"https:\/\/dev.myindustrial.eu\/lt\/#website\"},\"primaryImageOfPage\":{\"@id\":\"https:\/\/dev.myindustrial.eu\/lt\/shop\/pramonines-stabdziu-sistemos-ir-pavaru-sustabdymo-komponentai\/storiniai-audros-stabdziai\/storm-brake-rail-clamp-operated-manually\/#primaryimage\"},\"image\":{\"@id\":\"https:\/\/dev.myindustrial.eu\/lt\/shop\/pramonines-stabdziu-sistemos-ir-pavaru-sustabdymo-komponentai\/storiniai-audros-stabdziai\/storm-brake-rail-clamp-operated-manually\/#primaryimage\"},\"thumbnailUrl\":\"https:\/\/dev.myindustrial.eu\/wp-content\/uploads\/2024\/12\/rft_stormbrake-type-vzm.webp\",\"datePublished\":\"2024-12-02T12:43:12+00:00\",\"dateModified\":\"2024-12-27T22:37:04+00:00\",\"breadcrumb\":{\"@id\":\"https:\/\/dev.myindustrial.eu\/lt\/shop\/pramonines-stabdziu-sistemos-ir-pavaru-sustabdymo-komponentai\/storiniai-audros-stabdziai\/storm-brake-rail-clamp-operated-manually\/#breadcrumb\"},\"inLanguage\":\"lt-LT\",\"potentialAction\":[{\"@type\":\"ReadAction\",\"target\":[\"https:\/\/dev.myindustrial.eu\/lt\/shop\/pramonines-stabdziu-sistemos-ir-pavaru-sustabdymo-komponentai\/storiniai-audros-stabdziai\/storm-brake-rail-clamp-operated-manually\/\"]}]},{\"@type\":\"ImageObject\",\"inLanguage\":\"lt-LT\",\"@id\":\"https:\/\/dev.myindustrial.eu\/lt\/shop\/pramonines-stabdziu-sistemos-ir-pavaru-sustabdymo-komponentai\/storiniai-audros-stabdziai\/storm-brake-rail-clamp-operated-manually\/#primaryimage\",\"url\":\"https:\/\/dev.myindustrial.eu\/wp-content\/uploads\/2024\/12\/rft_stormbrake-type-vzm.webp\",\"contentUrl\":\"https:\/\/dev.myindustrial.eu\/wp-content\/uploads\/2024\/12\/rft_stormbrake-type-vzm.webp\",\"width\":800,\"height\":800},{\"@type\":\"BreadcrumbList\",\"@id\":\"https:\/\/dev.myindustrial.eu\/lt\/shop\/pramonines-stabdziu-sistemos-ir-pavaru-sustabdymo-komponentai\/storiniai-audros-stabdziai\/storm-brake-rail-clamp-operated-manually\/#breadcrumb\",\"itemListElement\":[{\"@type\":\"ListItem\",\"position\":1,\"name\":\"Home\",\"item\":\"https:\/\/dev.myindustrial.eu\/lt\/\"},{\"@type\":\"ListItem\",\"position\":2,\"name\":\"Products\",\"item\":\"https:\/\/dev.myindustrial.eu\/lt\/products\/\"},{\"@type\":\"ListItem\",\"position\":3,\"name\":\"Audros stabdis \/ b\u0117gi\u0173 spaustuvas su rankiniu valdymu\"}]},{\"@type\":\"WebSite\",\"@id\":\"https:\/\/dev.myindustrial.eu\/lt\/#website\",\"url\":\"https:\/\/dev.myindustrial.eu\/lt\/\",\"name\":\"My industrial\",\"description\":\"\",\"potentialAction\":[{\"@type\":\"SearchAction\",\"target\":{\"@type\":\"EntryPoint\",\"urlTemplate\":\"https:\/\/dev.myindustrial.eu\/lt\/?s={search_term_string}\"},\"query-input\":{\"@type\":\"PropertyValueSpecification\",\"valueRequired\":true,\"valueName\":\"search_term_string\"}}],\"inLanguage\":\"lt-LT\"}]}<\/script>\n<!-- \/ Yoast SEO plugin. -->","yoast_head_json":{"title":"Audros stabdis \/ b\u0117gi\u0173 spaustuvas su rankiniu valdymu - My industrial","robots":{"index":"noindex","follow":"follow","max-snippet":"max-snippet:-1","max-image-preview":"max-image-preview:large","max-video-preview":"max-video-preview:-1"},"og_locale":"lt_LT","og_type":"article","og_title":"Audros stabdis \/ b\u0117gi\u0173 spaustuvas su rankiniu valdymu - My industrial","og_description":"Tipas VZM VZM-SG-MP ir VZM-SG-RF su plaukiojan\u010diu korpusu","og_url":"https:\/\/dev.myindustrial.eu\/lt\/shop\/pramonines-stabdziu-sistemos-ir-pavaru-sustabdymo-komponentai\/storiniai-audros-stabdziai\/storm-brake-rail-clamp-operated-manually\/","og_site_name":"My industrial","article_modified_time":"2024-12-27T22:37:04+00:00","og_image":[{"width":800,"height":800,"url":"https:\/\/dev.myindustrial.eu\/wp-content\/uploads\/2024\/12\/rft_stormbrake-type-vzm.webp","type":"image\/webp"}],"twitter_card":"summary_large_image","schema":{"@context":"https:\/\/schema.org","@graph":[{"@type":"WebPage","@id":"https:\/\/dev.myindustrial.eu\/lt\/shop\/pramonines-stabdziu-sistemos-ir-pavaru-sustabdymo-komponentai\/storiniai-audros-stabdziai\/storm-brake-rail-clamp-operated-manually\/","url":"https:\/\/dev.myindustrial.eu\/lt\/shop\/pramonines-stabdziu-sistemos-ir-pavaru-sustabdymo-komponentai\/storiniai-audros-stabdziai\/storm-brake-rail-clamp-operated-manually\/","name":"Audros stabdis \/ b\u0117gi\u0173 spaustuvas su rankiniu valdymu - My industrial","isPartOf":{"@id":"https:\/\/dev.myindustrial.eu\/lt\/#website"},"primaryImageOfPage":{"@id":"https:\/\/dev.myindustrial.eu\/lt\/shop\/pramonines-stabdziu-sistemos-ir-pavaru-sustabdymo-komponentai\/storiniai-audros-stabdziai\/storm-brake-rail-clamp-operated-manually\/#primaryimage"},"image":{"@id":"https:\/\/dev.myindustrial.eu\/lt\/shop\/pramonines-stabdziu-sistemos-ir-pavaru-sustabdymo-komponentai\/storiniai-audros-stabdziai\/storm-brake-rail-clamp-operated-manually\/#primaryimage"},"thumbnailUrl":"https:\/\/dev.myindustrial.eu\/wp-content\/uploads\/2024\/12\/rft_stormbrake-type-vzm.webp","datePublished":"2024-12-02T12:43:12+00:00","dateModified":"2024-12-27T22:37:04+00:00","breadcrumb":{"@id":"https:\/\/dev.myindustrial.eu\/lt\/shop\/pramonines-stabdziu-sistemos-ir-pavaru-sustabdymo-komponentai\/storiniai-audros-stabdziai\/storm-brake-rail-clamp-operated-manually\/#breadcrumb"},"inLanguage":"lt-LT","potentialAction":[{"@type":"ReadAction","target":["https:\/\/dev.myindustrial.eu\/lt\/shop\/pramonines-stabdziu-sistemos-ir-pavaru-sustabdymo-komponentai\/storiniai-audros-stabdziai\/storm-brake-rail-clamp-operated-manually\/"]}]},{"@type":"ImageObject","inLanguage":"lt-LT","@id":"https:\/\/dev.myindustrial.eu\/lt\/shop\/pramonines-stabdziu-sistemos-ir-pavaru-sustabdymo-komponentai\/storiniai-audros-stabdziai\/storm-brake-rail-clamp-operated-manually\/#primaryimage","url":"https:\/\/dev.myindustrial.eu\/wp-content\/uploads\/2024\/12\/rft_stormbrake-type-vzm.webp","contentUrl":"https:\/\/dev.myindustrial.eu\/wp-content\/uploads\/2024\/12\/rft_stormbrake-type-vzm.webp","width":800,"height":800},{"@type":"BreadcrumbList","@id":"https:\/\/dev.myindustrial.eu\/lt\/shop\/pramonines-stabdziu-sistemos-ir-pavaru-sustabdymo-komponentai\/storiniai-audros-stabdziai\/storm-brake-rail-clamp-operated-manually\/#breadcrumb","itemListElement":[{"@type":"ListItem","position":1,"name":"Home","item":"https:\/\/dev.myindustrial.eu\/lt\/"},{"@type":"ListItem","position":2,"name":"Products","item":"https:\/\/dev.myindustrial.eu\/lt\/products\/"},{"@type":"ListItem","position":3,"name":"Audros stabdis \/ b\u0117gi\u0173 spaustuvas su rankiniu valdymu"}]},{"@type":"WebSite","@id":"https:\/\/dev.myindustrial.eu\/lt\/#website","url":"https:\/\/dev.myindustrial.eu\/lt\/","name":"My industrial","description":"","potentialAction":[{"@type":"SearchAction","target":{"@type":"EntryPoint","urlTemplate":"https:\/\/dev.myindustrial.eu\/lt\/?s={search_term_string}"},"query-input":{"@type":"PropertyValueSpecification","valueRequired":true,"valueName":"search_term_string"}}],"inLanguage":"lt-LT"}]}},"_links":{"self":[{"href":"https:\/\/dev.myindustrial.eu\/lt\/wp-json\/wp\/v2\/product\/1260065618","targetHints":{"allow":["GET"]}}],"collection":[{"href":"https:\/\/dev.myindustrial.eu\/lt\/wp-json\/wp\/v2\/product"}],"about":[{"href":"https:\/\/dev.myindustrial.eu\/lt\/wp-json\/wp\/v2\/types\/product"}],"version-history":[{"count":1,"href":"https:\/\/dev.myindustrial.eu\/lt\/wp-json\/wp\/v2\/product\/1260065618\/revisions"}],"predecessor-version":[{"id":1260065619,"href":"https:\/\/dev.myindustrial.eu\/lt\/wp-json\/wp\/v2\/product\/1260065618\/revisions\/1260065619"}],"wp:featuredmedia":[{"embeddable":true,"href":"https:\/\/dev.myindustrial.eu\/lt\/wp-json\/wp\/v2\/media\/1260065140"}],"wp:attachment":[{"href":"https:\/\/dev.myindustrial.eu\/lt\/wp-json\/wp\/v2\/media?parent=1260065618"}],"wp:term":[{"taxonomy":"product_brand","embeddable":true,"href":"https:\/\/dev.myindustrial.eu\/lt\/wp-json\/wp\/v2\/product_brand?post=1260065618"},{"taxonomy":"product_cat","embeddable":true,"href":"https:\/\/dev.myindustrial.eu\/lt\/wp-json\/wp\/v2\/product_cat?post=1260065618"},{"taxonomy":"product_tag","embeddable":true,"href":"https:\/\/dev.myindustrial.eu\/lt\/wp-json\/wp\/v2\/product_tag?post=1260065618"}],"curies":[{"name":"wp","href":"https:\/\/api.w.org\/{rel}","templated":true}]}}