{"id":1260065844,"date":"2025-06-02T15:27:51","date_gmt":"2025-06-02T15:27:51","guid":{"rendered":"https:\/\/dev.myindustrial.eu\/shop\/be-kategorijos\/keypad-tf\/"},"modified":"2025-06-02T15:31:16","modified_gmt":"2025-06-02T15:31:16","slug":"keypad-tf","status":"publish","type":"product","link":"https:\/\/dev.myindustrial.eu\/lt\/shop\/pramoniniai-valdikliai-dzoistikai-ir-konsoles\/valdymo-elementai\/keypad-tf\/","title":{"rendered":"TF klaviat\u016bra"},"content":{"rendered":"","protected":false},"excerpt":{"rendered":"<p><span style=\"font-weight: 400;\">TF klaviat\u016bra yra \u201eCAN bus\u201c valdymo \u012frenginys su laisvai pasirenkamais mygtuk\u0173 simboliais.<\/span><span style=\"font-weight: 400;\"><br \/>\n<\/span><span style=\"font-weight: 400;\">Yra trys versijos:<\/span><\/p>\n<ul>\n<li style=\"font-weight: 400;\" aria-level=\"1\"><b>TF1<\/b><span style=\"font-weight: 400;\">: Mygtukai su kei\u010diamais simboliais<\/span><\/li>\n<li style=\"font-weight: 400;\" aria-level=\"1\"><b>TF2<\/b><span style=\"font-weight: 400;\">: Mygtukai su i\u0161 anksto nustatytais simboliais<\/span><\/li>\n<li style=\"font-weight: 400;\" aria-level=\"1\"><b>TF3<\/b><span style=\"font-weight: 400;\">: Mygtukai su vientisu priekiniu dangteliu (pl\u0117vele)<\/span><\/li>\n<\/ul>\n<p><span style=\"font-weight: 400;\">Klaviat\u016bra tiekiama 2&#215;3, 2&#215;4, 2&#215;5 ir 4&#215;5 dyd\u017ei\u0173 konfig\u016bracijose ir gali b\u016bti integruota \u012f m\u016bs\u0173 valdymo pultus arba naudojama atskirai \u012fvairiose srityse. Kiekvienas mygtukas turi RGB ap\u0161vietim\u0105 su iki 16 i\u0161 anksto nustatyt\u0173 ap\u0161vietimo scenarij\u0173.<\/span><\/p>\n<p><a href=\"https:\/\/dev.myindustrial.eu\/wp-content\/uploads\/2025\/06\/tf.pdf\"><img decoding=\"async\" src=\"https:\/\/dev.myindustrial.eu\/wp-content\/uploads\/2023\/02\/download-button-lt.svg\" \/><\/a><\/p>\n","protected":false},"featured_media":1260065838,"template":"","meta":[],"product_brand":[],"product_cat":[1330],"product_tag":[],"class_list":{"0":"post-1260065844","1":"product","2":"type-product","3":"status-publish","4":"has-post-thumbnail","6":"product_cat-valdymo-elementai","8":"first","9":"instock","10":"shipping-taxable","11":"product-type-simple"},"yoast_head":"<!-- This site is optimized with the Yoast SEO plugin v27.1.1 - https:\/\/yoast.com\/product\/yoast-seo-wordpress\/ -->\n<title>TF klaviat\u016bra - My industrial<\/title>\n<meta name=\"robots\" content=\"noindex, follow, max-snippet:-1, max-image-preview:large, max-video-preview:-1\" \/>\n<meta property=\"og:locale\" content=\"lt_LT\" \/>\n<meta property=\"og:type\" content=\"article\" \/>\n<meta property=\"og:title\" content=\"TF klaviat\u016bra - My industrial\" \/>\n<meta property=\"og:description\" content=\"TF klaviat\u016bra yra \u201eCAN bus\u201c valdymo \u012frenginys su laisvai pasirenkamais mygtuk\u0173 simboliais. Yra trys versijos:   TF1: Mygtukai su kei\u010diamais simboliais  TF2: Mygtukai su i\u0161 anksto nustatytais simboliais  TF3: Mygtukai su vientisu priekiniu dangteliu (pl\u0117vele)  Klaviat\u016bra tiekiama 2x3, 2x4, 2x5 ir 4x5 dyd\u017ei\u0173 konfig\u016bracijose ir gali b\u016bti integruota \u012f m\u016bs\u0173 valdymo pultus arba naudojama atskirai \u012fvairiose srityse. Kiekvienas mygtukas turi RGB ap\u0161vietim\u0105 su iki 16 i\u0161 anksto nustatyt\u0173 ap\u0161vietimo scenarij\u0173.\" \/>\n<meta property=\"og:url\" content=\"https:\/\/dev.myindustrial.eu\/lt\/shop\/pramoniniai-valdikliai-dzoistikai-ir-konsoles\/valdymo-elementai\/keypad-tf\/\" \/>\n<meta property=\"og:site_name\" content=\"My industrial\" \/>\n<meta property=\"article:modified_time\" content=\"2025-06-02T15:31:16+00:00\" \/>\n<meta property=\"og:image\" content=\"https:\/\/dev.myindustrial.eu\/wp-content\/uploads\/2025\/06\/keypad_tf-1.webp\" \/>\n\t<meta property=\"og:image:width\" content=\"900\" \/>\n\t<meta property=\"og:image:height\" content=\"900\" \/>\n\t<meta property=\"og:image:type\" content=\"image\/webp\" \/>\n<meta name=\"twitter:card\" content=\"summary_large_image\" \/>\n<script type=\"application\/ld+json\" class=\"yoast-schema-graph\">{\"@context\":\"https:\/\/schema.org\",\"@graph\":[{\"@type\":\"WebPage\",\"@id\":\"https:\/\/dev.myindustrial.eu\/lt\/shop\/pramoniniai-valdikliai-dzoistikai-ir-konsoles\/valdymo-elementai\/keypad-tf\/\",\"url\":\"https:\/\/dev.myindustrial.eu\/lt\/shop\/pramoniniai-valdikliai-dzoistikai-ir-konsoles\/valdymo-elementai\/keypad-tf\/\",\"name\":\"TF klaviat\u016bra - My industrial\",\"isPartOf\":{\"@id\":\"https:\/\/dev.myindustrial.eu\/lt\/#website\"},\"primaryImageOfPage\":{\"@id\":\"https:\/\/dev.myindustrial.eu\/lt\/shop\/pramoniniai-valdikliai-dzoistikai-ir-konsoles\/valdymo-elementai\/keypad-tf\/#primaryimage\"},\"image\":{\"@id\":\"https:\/\/dev.myindustrial.eu\/lt\/shop\/pramoniniai-valdikliai-dzoistikai-ir-konsoles\/valdymo-elementai\/keypad-tf\/#primaryimage\"},\"thumbnailUrl\":\"https:\/\/dev.myindustrial.eu\/wp-content\/uploads\/2025\/06\/keypad_tf-1.webp\",\"datePublished\":\"2025-06-02T15:27:51+00:00\",\"dateModified\":\"2025-06-02T15:31:16+00:00\",\"breadcrumb\":{\"@id\":\"https:\/\/dev.myindustrial.eu\/lt\/shop\/pramoniniai-valdikliai-dzoistikai-ir-konsoles\/valdymo-elementai\/keypad-tf\/#breadcrumb\"},\"inLanguage\":\"lt-LT\",\"potentialAction\":[{\"@type\":\"ReadAction\",\"target\":[\"https:\/\/dev.myindustrial.eu\/lt\/shop\/pramoniniai-valdikliai-dzoistikai-ir-konsoles\/valdymo-elementai\/keypad-tf\/\"]}]},{\"@type\":\"ImageObject\",\"inLanguage\":\"lt-LT\",\"@id\":\"https:\/\/dev.myindustrial.eu\/lt\/shop\/pramoniniai-valdikliai-dzoistikai-ir-konsoles\/valdymo-elementai\/keypad-tf\/#primaryimage\",\"url\":\"https:\/\/dev.myindustrial.eu\/wp-content\/uploads\/2025\/06\/keypad_tf-1.webp\",\"contentUrl\":\"https:\/\/dev.myindustrial.eu\/wp-content\/uploads\/2025\/06\/keypad_tf-1.webp\",\"width\":900,\"height\":900},{\"@type\":\"BreadcrumbList\",\"@id\":\"https:\/\/dev.myindustrial.eu\/lt\/shop\/pramoniniai-valdikliai-dzoistikai-ir-konsoles\/valdymo-elementai\/keypad-tf\/#breadcrumb\",\"itemListElement\":[{\"@type\":\"ListItem\",\"position\":1,\"name\":\"Home\",\"item\":\"https:\/\/dev.myindustrial.eu\/lt\/\"},{\"@type\":\"ListItem\",\"position\":2,\"name\":\"Products\",\"item\":\"https:\/\/dev.myindustrial.eu\/lt\/products\/\"},{\"@type\":\"ListItem\",\"position\":3,\"name\":\"TF klaviat\u016bra\"}]},{\"@type\":\"WebSite\",\"@id\":\"https:\/\/dev.myindustrial.eu\/lt\/#website\",\"url\":\"https:\/\/dev.myindustrial.eu\/lt\/\",\"name\":\"My industrial\",\"description\":\"\",\"potentialAction\":[{\"@type\":\"SearchAction\",\"target\":{\"@type\":\"EntryPoint\",\"urlTemplate\":\"https:\/\/dev.myindustrial.eu\/lt\/?s={search_term_string}\"},\"query-input\":{\"@type\":\"PropertyValueSpecification\",\"valueRequired\":true,\"valueName\":\"search_term_string\"}}],\"inLanguage\":\"lt-LT\"}]}<\/script>\n<!-- \/ Yoast SEO plugin. -->","yoast_head_json":{"title":"TF klaviat\u016bra - My industrial","robots":{"index":"noindex","follow":"follow","max-snippet":"max-snippet:-1","max-image-preview":"max-image-preview:large","max-video-preview":"max-video-preview:-1"},"og_locale":"lt_LT","og_type":"article","og_title":"TF klaviat\u016bra - My industrial","og_description":"TF klaviat\u016bra yra \u201eCAN bus\u201c valdymo \u012frenginys su laisvai pasirenkamais mygtuk\u0173 simboliais. Yra trys versijos:   TF1: Mygtukai su kei\u010diamais simboliais  TF2: Mygtukai su i\u0161 anksto nustatytais simboliais  TF3: Mygtukai su vientisu priekiniu dangteliu (pl\u0117vele)  Klaviat\u016bra tiekiama 2x3, 2x4, 2x5 ir 4x5 dyd\u017ei\u0173 konfig\u016bracijose ir gali b\u016bti integruota \u012f m\u016bs\u0173 valdymo pultus arba naudojama atskirai \u012fvairiose srityse. Kiekvienas mygtukas turi RGB ap\u0161vietim\u0105 su iki 16 i\u0161 anksto nustatyt\u0173 ap\u0161vietimo scenarij\u0173.","og_url":"https:\/\/dev.myindustrial.eu\/lt\/shop\/pramoniniai-valdikliai-dzoistikai-ir-konsoles\/valdymo-elementai\/keypad-tf\/","og_site_name":"My industrial","article_modified_time":"2025-06-02T15:31:16+00:00","og_image":[{"width":900,"height":900,"url":"https:\/\/dev.myindustrial.eu\/wp-content\/uploads\/2025\/06\/keypad_tf-1.webp","type":"image\/webp"}],"twitter_card":"summary_large_image","schema":{"@context":"https:\/\/schema.org","@graph":[{"@type":"WebPage","@id":"https:\/\/dev.myindustrial.eu\/lt\/shop\/pramoniniai-valdikliai-dzoistikai-ir-konsoles\/valdymo-elementai\/keypad-tf\/","url":"https:\/\/dev.myindustrial.eu\/lt\/shop\/pramoniniai-valdikliai-dzoistikai-ir-konsoles\/valdymo-elementai\/keypad-tf\/","name":"TF klaviat\u016bra - My industrial","isPartOf":{"@id":"https:\/\/dev.myindustrial.eu\/lt\/#website"},"primaryImageOfPage":{"@id":"https:\/\/dev.myindustrial.eu\/lt\/shop\/pramoniniai-valdikliai-dzoistikai-ir-konsoles\/valdymo-elementai\/keypad-tf\/#primaryimage"},"image":{"@id":"https:\/\/dev.myindustrial.eu\/lt\/shop\/pramoniniai-valdikliai-dzoistikai-ir-konsoles\/valdymo-elementai\/keypad-tf\/#primaryimage"},"thumbnailUrl":"https:\/\/dev.myindustrial.eu\/wp-content\/uploads\/2025\/06\/keypad_tf-1.webp","datePublished":"2025-06-02T15:27:51+00:00","dateModified":"2025-06-02T15:31:16+00:00","breadcrumb":{"@id":"https:\/\/dev.myindustrial.eu\/lt\/shop\/pramoniniai-valdikliai-dzoistikai-ir-konsoles\/valdymo-elementai\/keypad-tf\/#breadcrumb"},"inLanguage":"lt-LT","potentialAction":[{"@type":"ReadAction","target":["https:\/\/dev.myindustrial.eu\/lt\/shop\/pramoniniai-valdikliai-dzoistikai-ir-konsoles\/valdymo-elementai\/keypad-tf\/"]}]},{"@type":"ImageObject","inLanguage":"lt-LT","@id":"https:\/\/dev.myindustrial.eu\/lt\/shop\/pramoniniai-valdikliai-dzoistikai-ir-konsoles\/valdymo-elementai\/keypad-tf\/#primaryimage","url":"https:\/\/dev.myindustrial.eu\/wp-content\/uploads\/2025\/06\/keypad_tf-1.webp","contentUrl":"https:\/\/dev.myindustrial.eu\/wp-content\/uploads\/2025\/06\/keypad_tf-1.webp","width":900,"height":900},{"@type":"BreadcrumbList","@id":"https:\/\/dev.myindustrial.eu\/lt\/shop\/pramoniniai-valdikliai-dzoistikai-ir-konsoles\/valdymo-elementai\/keypad-tf\/#breadcrumb","itemListElement":[{"@type":"ListItem","position":1,"name":"Home","item":"https:\/\/dev.myindustrial.eu\/lt\/"},{"@type":"ListItem","position":2,"name":"Products","item":"https:\/\/dev.myindustrial.eu\/lt\/products\/"},{"@type":"ListItem","position":3,"name":"TF klaviat\u016bra"}]},{"@type":"WebSite","@id":"https:\/\/dev.myindustrial.eu\/lt\/#website","url":"https:\/\/dev.myindustrial.eu\/lt\/","name":"My industrial","description":"","potentialAction":[{"@type":"SearchAction","target":{"@type":"EntryPoint","urlTemplate":"https:\/\/dev.myindustrial.eu\/lt\/?s={search_term_string}"},"query-input":{"@type":"PropertyValueSpecification","valueRequired":true,"valueName":"search_term_string"}}],"inLanguage":"lt-LT"}]}},"_links":{"self":[{"href":"https:\/\/dev.myindustrial.eu\/lt\/wp-json\/wp\/v2\/product\/1260065844","targetHints":{"allow":["GET"]}}],"collection":[{"href":"https:\/\/dev.myindustrial.eu\/lt\/wp-json\/wp\/v2\/product"}],"about":[{"href":"https:\/\/dev.myindustrial.eu\/lt\/wp-json\/wp\/v2\/types\/product"}],"version-history":[{"count":1,"href":"https:\/\/dev.myindustrial.eu\/lt\/wp-json\/wp\/v2\/product\/1260065844\/revisions"}],"predecessor-version":[{"id":1260065845,"href":"https:\/\/dev.myindustrial.eu\/lt\/wp-json\/wp\/v2\/product\/1260065844\/revisions\/1260065845"}],"wp:featuredmedia":[{"embeddable":true,"href":"https:\/\/dev.myindustrial.eu\/lt\/wp-json\/wp\/v2\/media\/1260065838"}],"wp:attachment":[{"href":"https:\/\/dev.myindustrial.eu\/lt\/wp-json\/wp\/v2\/media?parent=1260065844"}],"wp:term":[{"taxonomy":"product_brand","embeddable":true,"href":"https:\/\/dev.myindustrial.eu\/lt\/wp-json\/wp\/v2\/product_brand?post=1260065844"},{"taxonomy":"product_cat","embeddable":true,"href":"https:\/\/dev.myindustrial.eu\/lt\/wp-json\/wp\/v2\/product_cat?post=1260065844"},{"taxonomy":"product_tag","embeddable":true,"href":"https:\/\/dev.myindustrial.eu\/lt\/wp-json\/wp\/v2\/product_tag?post=1260065844"}],"curies":[{"name":"wp","href":"https:\/\/api.w.org\/{rel}","templated":true}]}}