{"id":1260065866,"date":"2025-06-02T15:47:01","date_gmt":"2025-06-02T15:47:01","guid":{"rendered":"https:\/\/dev.myindustrial.eu\/shop\/be-kategorijos\/control-unit-kst32-swiveling-with-memory-function\/"},"modified":"2025-06-02T15:49:47","modified_gmt":"2025-06-02T15:49:47","slug":"control-unit-kst32-swiveling-with-memory-function","status":"publish","type":"product","link":"https:\/\/dev.myindustrial.eu\/lt\/shop\/pramoniniai-valdikliai-dzoistikai-ir-konsoles\/krano-valdymo-sistemos\/krano-valdymo-blokai\/control-unit-kst32-swiveling-with-memory-function\/","title":{"rendered":"Valdymo s\u0117dyn\u0117 KST 32 pasukamas su atminties funkcija"},"content":{"rendered":"<p><b>Skersinis su pasukama baze:<\/b><span style=\"font-weight: 400;\"><br \/>\n<\/span><span style=\"font-weight: 400;\">Skersinio, pagaminto i\u0161 lak\u0161tinio plieno, dangtis ir vairuotojo s\u0117dyn\u0117 gali b\u016bti atlenkiami \u012f priek\u012f. Tai leid\u017eia lengvai pasiekti visus laidus, gnybtus ir jungtis paleidimo bei prie\u017ei\u016bros metu. Pasukama baz\u0117 turi guolius be laisvumo, o pasukimo pad\u0117t\u012f galima fiksuoti kas 2\u00b0.<\/span><\/p>\n<p><b>Pavir\u0161iaus padengimas:<\/b><span style=\"font-weight: 400;\"><br \/>\n<\/span><span style=\"font-weight: 400;\">Gruntinis sluoksnis ir tekst\u016brin\u0117 danga<\/span><span style=\"font-weight: 400;\"><br \/>\n<\/span><span style=\"font-weight: 400;\">Standartin\u0117 spalva \u2013 RAL 9011 juoda<\/span><\/p>\n","protected":false},"excerpt":{"rendered":"<p><span style=\"font-weight: 400;\">KST32 yra ergonomi\u0161kai suprojektuota pasukama valdymo s\u0117dyn\u0117, u\u017etikrinanti auk\u0161t\u0105 komforto lyg\u012f. S\u0117d\u0117jimo sistema leid\u017eia i\u0161laikyti patogi\u0105 laikysen\u0105 ir sveik\u0105 darbo pozicij\u0105. Valdymo pultas yra su atminties sistema \u2013 kiekvienas operatorius gali i\u0161saugoti tris s\u0117d\u0117jimo pad\u0117tis RFID atminties mikroschemoje.<\/span><\/p>\n<p><b>Elektriniu b\u016bdu reguliuojamos funkcijos:<\/b><span style=\"font-weight: 400;\"><br \/>\n<\/span><span style=\"font-weight: 400;\">\u21d2<\/span><span style=\"font-weight: 400;\"> atlo\u0161o pasvirimo kampas<\/span><span style=\"font-weight: 400;\"><br \/>\n<\/span><span style=\"font-weight: 400;\">\u21d2<\/span><span style=\"font-weight: 400;\"> s\u0117dyn\u0117s pasvirimo kampas<\/span><span style=\"font-weight: 400;\"><br \/>\n<\/span><span style=\"font-weight: 400;\">\u21d2<\/span><span style=\"font-weight: 400;\"> dviej\u0173 valdymo pult\u0173 pasvirimo kampas<\/span><span style=\"font-weight: 400;\"><br \/>\n<\/span><span style=\"font-weight: 400;\">\u21d2<\/span><span style=\"font-weight: 400;\"> s\u0117dyn\u0117s horizontalus reguliavimas su konsol\u0117mis<\/span><span style=\"font-weight: 400;\"><br \/>\n<\/span><span style=\"font-weight: 400;\">\u21d2<\/span><span style=\"font-weight: 400;\"> s\u0117dyn\u0117s horizontalus reguliavimas be konsoli\u0173<\/span><\/p>\n<p><span style=\"font-weight: 400;\">Prie vairuotojo s\u0117dyn\u0117s pritvirtintos konsol\u0117s sukasi kartu su s\u0117dyne.<\/span><\/p>\n<p><a href=\"https:\/\/dev.myindustrial.eu\/wp-content\/uploads\/2025\/06\/kst32.pdf\"><img decoding=\"async\" src=\"https:\/\/dev.myindustrial.eu\/wp-content\/uploads\/2023\/02\/download-button-lt.svg\" \/><\/a><\/p>\n","protected":false},"featured_media":1260065856,"template":"","meta":[],"product_brand":[],"product_cat":[1315,1509,1335],"product_tag":[],"class_list":{"0":"post-1260065866","1":"product","2":"type-product","3":"status-publish","4":"has-post-thumbnail","6":"product_cat-pramoniniai-valdikliai-dzoistikai-ir-konsoles","7":"product_cat-krano-valdymo-sistemos","8":"product_cat-krano-valdymo-blokai","10":"first","11":"instock","12":"shipping-taxable","13":"product-type-simple"},"yoast_head":"<!-- This site is optimized with the Yoast SEO plugin v27.1.1 - https:\/\/yoast.com\/product\/yoast-seo-wordpress\/ -->\n<title>Valdymo s\u0117dyn\u0117 KST 32 pasukamas su atminties funkcija - My industrial<\/title>\n<meta name=\"robots\" content=\"noindex, follow, max-snippet:-1, max-image-preview:large, max-video-preview:-1\" \/>\n<meta property=\"og:locale\" content=\"lt_LT\" \/>\n<meta property=\"og:type\" content=\"article\" \/>\n<meta property=\"og:title\" content=\"Valdymo s\u0117dyn\u0117 KST 32 pasukamas su atminties funkcija - My industrial\" \/>\n<meta property=\"og:description\" content=\"KST32 yra ergonomi\u0161kai suprojektuota pasukama valdymo s\u0117dyn\u0117, u\u017etikrinanti auk\u0161t\u0105 komforto lyg\u012f. S\u0117d\u0117jimo sistema leid\u017eia i\u0161laikyti patogi\u0105 laikysen\u0105 ir sveik\u0105 darbo pozicij\u0105. Valdymo pultas yra su atminties sistema \u2013 kiekvienas operatorius gali i\u0161saugoti tris s\u0117d\u0117jimo pad\u0117tis RFID atminties mikroschemoje.  Elektriniu b\u016bdu reguliuojamos funkcijos: \u21d2 atlo\u0161o pasvirimo kampas \u21d2 s\u0117dyn\u0117s pasvirimo kampas \u21d2 dviej\u0173 valdymo pult\u0173 pasvirimo kampas \u21d2 s\u0117dyn\u0117s horizontalus reguliavimas su konsol\u0117mis \u21d2 s\u0117dyn\u0117s horizontalus reguliavimas be konsoli\u0173  Prie vairuotojo s\u0117dyn\u0117s pritvirtintos konsol\u0117s sukasi kartu su s\u0117dyne.\" \/>\n<meta property=\"og:url\" content=\"https:\/\/dev.myindustrial.eu\/lt\/shop\/pramoniniai-valdikliai-dzoistikai-ir-konsoles\/krano-valdymo-sistemos\/krano-valdymo-blokai\/control-unit-kst32-swiveling-with-memory-function\/\" \/>\n<meta property=\"og:site_name\" content=\"My industrial\" \/>\n<meta property=\"article:modified_time\" content=\"2025-06-02T15:49:47+00:00\" \/>\n<meta property=\"og:image\" content=\"https:\/\/dev.myindustrial.eu\/wp-content\/uploads\/2025\/06\/kst32.webp\" \/>\n\t<meta property=\"og:image:width\" content=\"900\" \/>\n\t<meta property=\"og:image:height\" content=\"900\" \/>\n\t<meta property=\"og:image:type\" content=\"image\/webp\" \/>\n<meta name=\"twitter:card\" content=\"summary_large_image\" \/>\n<script type=\"application\/ld+json\" class=\"yoast-schema-graph\">{\"@context\":\"https:\/\/schema.org\",\"@graph\":[{\"@type\":\"WebPage\",\"@id\":\"https:\/\/dev.myindustrial.eu\/lt\/shop\/pramoniniai-valdikliai-dzoistikai-ir-konsoles\/krano-valdymo-sistemos\/krano-valdymo-blokai\/control-unit-kst32-swiveling-with-memory-function\/\",\"url\":\"https:\/\/dev.myindustrial.eu\/lt\/shop\/pramoniniai-valdikliai-dzoistikai-ir-konsoles\/krano-valdymo-sistemos\/krano-valdymo-blokai\/control-unit-kst32-swiveling-with-memory-function\/\",\"name\":\"Valdymo s\u0117dyn\u0117 KST 32 pasukamas su atminties funkcija - My industrial\",\"isPartOf\":{\"@id\":\"https:\/\/dev.myindustrial.eu\/lt\/#website\"},\"primaryImageOfPage\":{\"@id\":\"https:\/\/dev.myindustrial.eu\/lt\/shop\/pramoniniai-valdikliai-dzoistikai-ir-konsoles\/krano-valdymo-sistemos\/krano-valdymo-blokai\/control-unit-kst32-swiveling-with-memory-function\/#primaryimage\"},\"image\":{\"@id\":\"https:\/\/dev.myindustrial.eu\/lt\/shop\/pramoniniai-valdikliai-dzoistikai-ir-konsoles\/krano-valdymo-sistemos\/krano-valdymo-blokai\/control-unit-kst32-swiveling-with-memory-function\/#primaryimage\"},\"thumbnailUrl\":\"https:\/\/dev.myindustrial.eu\/wp-content\/uploads\/2025\/06\/kst32.webp\",\"datePublished\":\"2025-06-02T15:47:01+00:00\",\"dateModified\":\"2025-06-02T15:49:47+00:00\",\"breadcrumb\":{\"@id\":\"https:\/\/dev.myindustrial.eu\/lt\/shop\/pramoniniai-valdikliai-dzoistikai-ir-konsoles\/krano-valdymo-sistemos\/krano-valdymo-blokai\/control-unit-kst32-swiveling-with-memory-function\/#breadcrumb\"},\"inLanguage\":\"lt-LT\",\"potentialAction\":[{\"@type\":\"ReadAction\",\"target\":[\"https:\/\/dev.myindustrial.eu\/lt\/shop\/pramoniniai-valdikliai-dzoistikai-ir-konsoles\/krano-valdymo-sistemos\/krano-valdymo-blokai\/control-unit-kst32-swiveling-with-memory-function\/\"]}]},{\"@type\":\"ImageObject\",\"inLanguage\":\"lt-LT\",\"@id\":\"https:\/\/dev.myindustrial.eu\/lt\/shop\/pramoniniai-valdikliai-dzoistikai-ir-konsoles\/krano-valdymo-sistemos\/krano-valdymo-blokai\/control-unit-kst32-swiveling-with-memory-function\/#primaryimage\",\"url\":\"https:\/\/dev.myindustrial.eu\/wp-content\/uploads\/2025\/06\/kst32.webp\",\"contentUrl\":\"https:\/\/dev.myindustrial.eu\/wp-content\/uploads\/2025\/06\/kst32.webp\",\"width\":900,\"height\":900},{\"@type\":\"BreadcrumbList\",\"@id\":\"https:\/\/dev.myindustrial.eu\/lt\/shop\/pramoniniai-valdikliai-dzoistikai-ir-konsoles\/krano-valdymo-sistemos\/krano-valdymo-blokai\/control-unit-kst32-swiveling-with-memory-function\/#breadcrumb\",\"itemListElement\":[{\"@type\":\"ListItem\",\"position\":1,\"name\":\"Home\",\"item\":\"https:\/\/dev.myindustrial.eu\/lt\/\"},{\"@type\":\"ListItem\",\"position\":2,\"name\":\"Products\",\"item\":\"https:\/\/dev.myindustrial.eu\/lt\/products\/\"},{\"@type\":\"ListItem\",\"position\":3,\"name\":\"Valdymo s\u0117dyn\u0117 KST 32 pasukamas su atminties funkcija\"}]},{\"@type\":\"WebSite\",\"@id\":\"https:\/\/dev.myindustrial.eu\/lt\/#website\",\"url\":\"https:\/\/dev.myindustrial.eu\/lt\/\",\"name\":\"My industrial\",\"description\":\"\",\"potentialAction\":[{\"@type\":\"SearchAction\",\"target\":{\"@type\":\"EntryPoint\",\"urlTemplate\":\"https:\/\/dev.myindustrial.eu\/lt\/?s={search_term_string}\"},\"query-input\":{\"@type\":\"PropertyValueSpecification\",\"valueRequired\":true,\"valueName\":\"search_term_string\"}}],\"inLanguage\":\"lt-LT\"}]}<\/script>\n<!-- \/ Yoast SEO plugin. -->","yoast_head_json":{"title":"Valdymo s\u0117dyn\u0117 KST 32 pasukamas su atminties funkcija - My industrial","robots":{"index":"noindex","follow":"follow","max-snippet":"max-snippet:-1","max-image-preview":"max-image-preview:large","max-video-preview":"max-video-preview:-1"},"og_locale":"lt_LT","og_type":"article","og_title":"Valdymo s\u0117dyn\u0117 KST 32 pasukamas su atminties funkcija - My industrial","og_description":"KST32 yra ergonomi\u0161kai suprojektuota pasukama valdymo s\u0117dyn\u0117, u\u017etikrinanti auk\u0161t\u0105 komforto lyg\u012f. S\u0117d\u0117jimo sistema leid\u017eia i\u0161laikyti patogi\u0105 laikysen\u0105 ir sveik\u0105 darbo pozicij\u0105. Valdymo pultas yra su atminties sistema \u2013 kiekvienas operatorius gali i\u0161saugoti tris s\u0117d\u0117jimo pad\u0117tis RFID atminties mikroschemoje.  Elektriniu b\u016bdu reguliuojamos funkcijos: \u21d2 atlo\u0161o pasvirimo kampas \u21d2 s\u0117dyn\u0117s pasvirimo kampas \u21d2 dviej\u0173 valdymo pult\u0173 pasvirimo kampas \u21d2 s\u0117dyn\u0117s horizontalus reguliavimas su konsol\u0117mis \u21d2 s\u0117dyn\u0117s horizontalus reguliavimas be konsoli\u0173  Prie vairuotojo s\u0117dyn\u0117s pritvirtintos konsol\u0117s sukasi kartu su s\u0117dyne.","og_url":"https:\/\/dev.myindustrial.eu\/lt\/shop\/pramoniniai-valdikliai-dzoistikai-ir-konsoles\/krano-valdymo-sistemos\/krano-valdymo-blokai\/control-unit-kst32-swiveling-with-memory-function\/","og_site_name":"My industrial","article_modified_time":"2025-06-02T15:49:47+00:00","og_image":[{"width":900,"height":900,"url":"https:\/\/dev.myindustrial.eu\/wp-content\/uploads\/2025\/06\/kst32.webp","type":"image\/webp"}],"twitter_card":"summary_large_image","schema":{"@context":"https:\/\/schema.org","@graph":[{"@type":"WebPage","@id":"https:\/\/dev.myindustrial.eu\/lt\/shop\/pramoniniai-valdikliai-dzoistikai-ir-konsoles\/krano-valdymo-sistemos\/krano-valdymo-blokai\/control-unit-kst32-swiveling-with-memory-function\/","url":"https:\/\/dev.myindustrial.eu\/lt\/shop\/pramoniniai-valdikliai-dzoistikai-ir-konsoles\/krano-valdymo-sistemos\/krano-valdymo-blokai\/control-unit-kst32-swiveling-with-memory-function\/","name":"Valdymo s\u0117dyn\u0117 KST 32 pasukamas su atminties funkcija - My industrial","isPartOf":{"@id":"https:\/\/dev.myindustrial.eu\/lt\/#website"},"primaryImageOfPage":{"@id":"https:\/\/dev.myindustrial.eu\/lt\/shop\/pramoniniai-valdikliai-dzoistikai-ir-konsoles\/krano-valdymo-sistemos\/krano-valdymo-blokai\/control-unit-kst32-swiveling-with-memory-function\/#primaryimage"},"image":{"@id":"https:\/\/dev.myindustrial.eu\/lt\/shop\/pramoniniai-valdikliai-dzoistikai-ir-konsoles\/krano-valdymo-sistemos\/krano-valdymo-blokai\/control-unit-kst32-swiveling-with-memory-function\/#primaryimage"},"thumbnailUrl":"https:\/\/dev.myindustrial.eu\/wp-content\/uploads\/2025\/06\/kst32.webp","datePublished":"2025-06-02T15:47:01+00:00","dateModified":"2025-06-02T15:49:47+00:00","breadcrumb":{"@id":"https:\/\/dev.myindustrial.eu\/lt\/shop\/pramoniniai-valdikliai-dzoistikai-ir-konsoles\/krano-valdymo-sistemos\/krano-valdymo-blokai\/control-unit-kst32-swiveling-with-memory-function\/#breadcrumb"},"inLanguage":"lt-LT","potentialAction":[{"@type":"ReadAction","target":["https:\/\/dev.myindustrial.eu\/lt\/shop\/pramoniniai-valdikliai-dzoistikai-ir-konsoles\/krano-valdymo-sistemos\/krano-valdymo-blokai\/control-unit-kst32-swiveling-with-memory-function\/"]}]},{"@type":"ImageObject","inLanguage":"lt-LT","@id":"https:\/\/dev.myindustrial.eu\/lt\/shop\/pramoniniai-valdikliai-dzoistikai-ir-konsoles\/krano-valdymo-sistemos\/krano-valdymo-blokai\/control-unit-kst32-swiveling-with-memory-function\/#primaryimage","url":"https:\/\/dev.myindustrial.eu\/wp-content\/uploads\/2025\/06\/kst32.webp","contentUrl":"https:\/\/dev.myindustrial.eu\/wp-content\/uploads\/2025\/06\/kst32.webp","width":900,"height":900},{"@type":"BreadcrumbList","@id":"https:\/\/dev.myindustrial.eu\/lt\/shop\/pramoniniai-valdikliai-dzoistikai-ir-konsoles\/krano-valdymo-sistemos\/krano-valdymo-blokai\/control-unit-kst32-swiveling-with-memory-function\/#breadcrumb","itemListElement":[{"@type":"ListItem","position":1,"name":"Home","item":"https:\/\/dev.myindustrial.eu\/lt\/"},{"@type":"ListItem","position":2,"name":"Products","item":"https:\/\/dev.myindustrial.eu\/lt\/products\/"},{"@type":"ListItem","position":3,"name":"Valdymo s\u0117dyn\u0117 KST 32 pasukamas su atminties funkcija"}]},{"@type":"WebSite","@id":"https:\/\/dev.myindustrial.eu\/lt\/#website","url":"https:\/\/dev.myindustrial.eu\/lt\/","name":"My industrial","description":"","potentialAction":[{"@type":"SearchAction","target":{"@type":"EntryPoint","urlTemplate":"https:\/\/dev.myindustrial.eu\/lt\/?s={search_term_string}"},"query-input":{"@type":"PropertyValueSpecification","valueRequired":true,"valueName":"search_term_string"}}],"inLanguage":"lt-LT"}]}},"_links":{"self":[{"href":"https:\/\/dev.myindustrial.eu\/lt\/wp-json\/wp\/v2\/product\/1260065866","targetHints":{"allow":["GET"]}}],"collection":[{"href":"https:\/\/dev.myindustrial.eu\/lt\/wp-json\/wp\/v2\/product"}],"about":[{"href":"https:\/\/dev.myindustrial.eu\/lt\/wp-json\/wp\/v2\/types\/product"}],"version-history":[{"count":1,"href":"https:\/\/dev.myindustrial.eu\/lt\/wp-json\/wp\/v2\/product\/1260065866\/revisions"}],"predecessor-version":[{"id":1260065867,"href":"https:\/\/dev.myindustrial.eu\/lt\/wp-json\/wp\/v2\/product\/1260065866\/revisions\/1260065867"}],"wp:featuredmedia":[{"embeddable":true,"href":"https:\/\/dev.myindustrial.eu\/lt\/wp-json\/wp\/v2\/media\/1260065856"}],"wp:attachment":[{"href":"https:\/\/dev.myindustrial.eu\/lt\/wp-json\/wp\/v2\/media?parent=1260065866"}],"wp:term":[{"taxonomy":"product_brand","embeddable":true,"href":"https:\/\/dev.myindustrial.eu\/lt\/wp-json\/wp\/v2\/product_brand?post=1260065866"},{"taxonomy":"product_cat","embeddable":true,"href":"https:\/\/dev.myindustrial.eu\/lt\/wp-json\/wp\/v2\/product_cat?post=1260065866"},{"taxonomy":"product_tag","embeddable":true,"href":"https:\/\/dev.myindustrial.eu\/lt\/wp-json\/wp\/v2\/product_tag?post=1260065866"}],"curies":[{"name":"wp","href":"https:\/\/api.w.org\/{rel}","templated":true}]}}