{"id":1260065888,"date":"2025-06-02T15:58:00","date_gmt":"2025-06-02T15:58:00","guid":{"rendered":"https:\/\/dev.myindustrial.eu\/shop\/be-kategorijos\/remote-operator-station-ros\/"},"modified":"2025-06-02T16:01:04","modified_gmt":"2025-06-02T16:01:04","slug":"remote-operator-station-ros","status":"publish","type":"product","link":"https:\/\/dev.myindustrial.eu\/lt\/shop\/pramoniniai-valdikliai-dzoistikai-ir-konsoles\/krano-valdymo-sistemos\/nuotolinio-operatoriaus-stotis-ros\/remote-operator-station-ros\/","title":{"rendered":"Nuotolinio operatoriaus stotis ROS"},"content":{"rendered":"<p><iframe title=\"Remote Operator Station ROS - System solutions for industrial applications.\" width=\"500\" height=\"281\" src=\"https:\/\/www.youtube.com\/embed\/vbiZZiulBEY?feature=oembed&#038;enablejsapi=1&#038;origin=https:\/\/dev.myindustrial.eu\" frameborder=\"0\" allow=\"accelerometer; autoplay; clipboard-write; encrypted-media; gyroscope; picture-in-picture; web-share\" referrerpolicy=\"strict-origin-when-cross-origin\" allowfullscreen><\/iframe><\/p>\n","protected":false},"excerpt":{"rendered":"<p>ROS1 yra suprojektuota pagal ergonomikos gaires ir atitinka labai auk\u0161tus komforto reikalavimus. Reguliuojamo auk\u0161\u010dio stalo sistema u\u017etikrina patogi\u0105 laikysen\u0105 ir sveik\u0105 darbo pad\u0117t\u012f.<br \/>\nDu prijungti C1 valdymo pultai gali b\u016bti reguliuojami horizontaliai ir, pasirinktinai, pagal pasvirimo kamp\u0105.<br \/>\nJie gali b\u016bti individualiai komplektuojami su papildomais W.Gessmann GmbH komponentais.<br \/>\nMonitoriaus laikiklis reguliuojamas auk\u0161tyje (0\u2013200 mm), tod\u0117l u\u017etikrinamas optimalus vaizdas \u012f ekranus. Pristatymo komplekte yra ir paskirstymo d\u0117\u017eut\u0117.<\/p>\n<p><strong>Spalvos:<\/strong><br \/>\nStalvir\u0161is \u2013 pilka RAL 7024<br \/>\nMetalin\u0117s dalys \u2013 balta RAL 9016<br \/>\nAp\u0161vietimo juosta \u2013 raudona RAL 3018<\/p>\n<p><a href=\"https:\/\/dev.myindustrial.eu\/wp-content\/uploads\/2025\/06\/ros-1.pdf\"><img decoding=\"async\" src=\"https:\/\/dev.myindustrial.eu\/wp-content\/uploads\/2023\/02\/download-button-lt.svg\" \/><\/a><\/p>\n","protected":false},"featured_media":1260065882,"template":"","meta":[],"product_brand":[],"product_cat":[1726,1315,1509],"product_tag":[],"class_list":{"0":"post-1260065888","1":"product","2":"type-product","3":"status-publish","4":"has-post-thumbnail","6":"product_cat-nuotolinio-operatoriaus-stotis-ros","7":"product_cat-pramoniniai-valdikliai-dzoistikai-ir-konsoles","8":"product_cat-krano-valdymo-sistemos","10":"first","11":"instock","12":"shipping-taxable","13":"product-type-simple"},"yoast_head":"<!-- This site is optimized with the Yoast SEO plugin v27.1.1 - https:\/\/yoast.com\/product\/yoast-seo-wordpress\/ -->\n<title>Nuotolinio operatoriaus stotis ROS - My industrial<\/title>\n<meta name=\"robots\" content=\"noindex, follow, max-snippet:-1, max-image-preview:large, max-video-preview:-1\" \/>\n<meta property=\"og:locale\" content=\"lt_LT\" \/>\n<meta property=\"og:type\" content=\"article\" \/>\n<meta property=\"og:title\" content=\"Nuotolinio operatoriaus stotis ROS - My industrial\" \/>\n<meta property=\"og:description\" content=\"ROS1 yra suprojektuota pagal ergonomikos gaires ir atitinka labai auk\u0161tus komforto reikalavimus. Reguliuojamo auk\u0161\u010dio stalo sistema u\u017etikrina patogi\u0105 laikysen\u0105 ir sveik\u0105 darbo pad\u0117t\u012f. Du prijungti C1 valdymo pultai gali b\u016bti reguliuojami horizontaliai ir, pasirinktinai, pagal pasvirimo kamp\u0105. Jie gali b\u016bti individualiai komplektuojami su papildomais W.Gessmann GmbH komponentais. Monitoriaus laikiklis reguliuojamas auk\u0161tyje (0\u2013200 mm), tod\u0117l u\u017etikrinamas optimalus vaizdas \u012f ekranus. Pristatymo komplekte yra ir paskirstymo d\u0117\u017eut\u0117.  Spalvos: Stalvir\u0161is \u2013 pilka RAL 7024 Metalin\u0117s dalys \u2013 balta RAL 9016 Ap\u0161vietimo juosta \u2013 raudona RAL 3018\" \/>\n<meta property=\"og:url\" content=\"https:\/\/dev.myindustrial.eu\/lt\/shop\/pramoniniai-valdikliai-dzoistikai-ir-konsoles\/krano-valdymo-sistemos\/nuotolinio-operatoriaus-stotis-ros\/remote-operator-station-ros\/\" \/>\n<meta property=\"og:site_name\" content=\"My industrial\" \/>\n<meta property=\"article:modified_time\" content=\"2025-06-02T16:01:04+00:00\" \/>\n<meta property=\"og:image\" content=\"https:\/\/dev.myindustrial.eu\/wp-content\/uploads\/2025\/06\/ros.webp\" \/>\n\t<meta property=\"og:image:width\" content=\"900\" \/>\n\t<meta property=\"og:image:height\" content=\"900\" \/>\n\t<meta property=\"og:image:type\" content=\"image\/webp\" \/>\n<meta name=\"twitter:card\" content=\"summary_large_image\" \/>\n<script type=\"application\/ld+json\" class=\"yoast-schema-graph\">{\"@context\":\"https:\/\/schema.org\",\"@graph\":[{\"@type\":\"WebPage\",\"@id\":\"https:\/\/dev.myindustrial.eu\/lt\/shop\/pramoniniai-valdikliai-dzoistikai-ir-konsoles\/krano-valdymo-sistemos\/nuotolinio-operatoriaus-stotis-ros\/remote-operator-station-ros\/\",\"url\":\"https:\/\/dev.myindustrial.eu\/lt\/shop\/pramoniniai-valdikliai-dzoistikai-ir-konsoles\/krano-valdymo-sistemos\/nuotolinio-operatoriaus-stotis-ros\/remote-operator-station-ros\/\",\"name\":\"Nuotolinio operatoriaus stotis ROS - My industrial\",\"isPartOf\":{\"@id\":\"https:\/\/dev.myindustrial.eu\/lt\/#website\"},\"primaryImageOfPage\":{\"@id\":\"https:\/\/dev.myindustrial.eu\/lt\/shop\/pramoniniai-valdikliai-dzoistikai-ir-konsoles\/krano-valdymo-sistemos\/nuotolinio-operatoriaus-stotis-ros\/remote-operator-station-ros\/#primaryimage\"},\"image\":{\"@id\":\"https:\/\/dev.myindustrial.eu\/lt\/shop\/pramoniniai-valdikliai-dzoistikai-ir-konsoles\/krano-valdymo-sistemos\/nuotolinio-operatoriaus-stotis-ros\/remote-operator-station-ros\/#primaryimage\"},\"thumbnailUrl\":\"https:\/\/dev.myindustrial.eu\/wp-content\/uploads\/2025\/06\/ros.webp\",\"datePublished\":\"2025-06-02T15:58:00+00:00\",\"dateModified\":\"2025-06-02T16:01:04+00:00\",\"breadcrumb\":{\"@id\":\"https:\/\/dev.myindustrial.eu\/lt\/shop\/pramoniniai-valdikliai-dzoistikai-ir-konsoles\/krano-valdymo-sistemos\/nuotolinio-operatoriaus-stotis-ros\/remote-operator-station-ros\/#breadcrumb\"},\"inLanguage\":\"lt-LT\",\"potentialAction\":[{\"@type\":\"ReadAction\",\"target\":[\"https:\/\/dev.myindustrial.eu\/lt\/shop\/pramoniniai-valdikliai-dzoistikai-ir-konsoles\/krano-valdymo-sistemos\/nuotolinio-operatoriaus-stotis-ros\/remote-operator-station-ros\/\"]}]},{\"@type\":\"ImageObject\",\"inLanguage\":\"lt-LT\",\"@id\":\"https:\/\/dev.myindustrial.eu\/lt\/shop\/pramoniniai-valdikliai-dzoistikai-ir-konsoles\/krano-valdymo-sistemos\/nuotolinio-operatoriaus-stotis-ros\/remote-operator-station-ros\/#primaryimage\",\"url\":\"https:\/\/dev.myindustrial.eu\/wp-content\/uploads\/2025\/06\/ros.webp\",\"contentUrl\":\"https:\/\/dev.myindustrial.eu\/wp-content\/uploads\/2025\/06\/ros.webp\",\"width\":900,\"height\":900},{\"@type\":\"BreadcrumbList\",\"@id\":\"https:\/\/dev.myindustrial.eu\/lt\/shop\/pramoniniai-valdikliai-dzoistikai-ir-konsoles\/krano-valdymo-sistemos\/nuotolinio-operatoriaus-stotis-ros\/remote-operator-station-ros\/#breadcrumb\",\"itemListElement\":[{\"@type\":\"ListItem\",\"position\":1,\"name\":\"Home\",\"item\":\"https:\/\/dev.myindustrial.eu\/lt\/\"},{\"@type\":\"ListItem\",\"position\":2,\"name\":\"Products\",\"item\":\"https:\/\/dev.myindustrial.eu\/lt\/products\/\"},{\"@type\":\"ListItem\",\"position\":3,\"name\":\"Nuotolinio operatoriaus stotis ROS\"}]},{\"@type\":\"WebSite\",\"@id\":\"https:\/\/dev.myindustrial.eu\/lt\/#website\",\"url\":\"https:\/\/dev.myindustrial.eu\/lt\/\",\"name\":\"My industrial\",\"description\":\"\",\"potentialAction\":[{\"@type\":\"SearchAction\",\"target\":{\"@type\":\"EntryPoint\",\"urlTemplate\":\"https:\/\/dev.myindustrial.eu\/lt\/?s={search_term_string}\"},\"query-input\":{\"@type\":\"PropertyValueSpecification\",\"valueRequired\":true,\"valueName\":\"search_term_string\"}}],\"inLanguage\":\"lt-LT\"}]}<\/script>\n<!-- \/ Yoast SEO plugin. -->","yoast_head_json":{"title":"Nuotolinio operatoriaus stotis ROS - My industrial","robots":{"index":"noindex","follow":"follow","max-snippet":"max-snippet:-1","max-image-preview":"max-image-preview:large","max-video-preview":"max-video-preview:-1"},"og_locale":"lt_LT","og_type":"article","og_title":"Nuotolinio operatoriaus stotis ROS - My industrial","og_description":"ROS1 yra suprojektuota pagal ergonomikos gaires ir atitinka labai auk\u0161tus komforto reikalavimus. Reguliuojamo auk\u0161\u010dio stalo sistema u\u017etikrina patogi\u0105 laikysen\u0105 ir sveik\u0105 darbo pad\u0117t\u012f. Du prijungti C1 valdymo pultai gali b\u016bti reguliuojami horizontaliai ir, pasirinktinai, pagal pasvirimo kamp\u0105. Jie gali b\u016bti individualiai komplektuojami su papildomais W.Gessmann GmbH komponentais. Monitoriaus laikiklis reguliuojamas auk\u0161tyje (0\u2013200 mm), tod\u0117l u\u017etikrinamas optimalus vaizdas \u012f ekranus. Pristatymo komplekte yra ir paskirstymo d\u0117\u017eut\u0117.  Spalvos: Stalvir\u0161is \u2013 pilka RAL 7024 Metalin\u0117s dalys \u2013 balta RAL 9016 Ap\u0161vietimo juosta \u2013 raudona RAL 3018","og_url":"https:\/\/dev.myindustrial.eu\/lt\/shop\/pramoniniai-valdikliai-dzoistikai-ir-konsoles\/krano-valdymo-sistemos\/nuotolinio-operatoriaus-stotis-ros\/remote-operator-station-ros\/","og_site_name":"My industrial","article_modified_time":"2025-06-02T16:01:04+00:00","og_image":[{"width":900,"height":900,"url":"https:\/\/dev.myindustrial.eu\/wp-content\/uploads\/2025\/06\/ros.webp","type":"image\/webp"}],"twitter_card":"summary_large_image","schema":{"@context":"https:\/\/schema.org","@graph":[{"@type":"WebPage","@id":"https:\/\/dev.myindustrial.eu\/lt\/shop\/pramoniniai-valdikliai-dzoistikai-ir-konsoles\/krano-valdymo-sistemos\/nuotolinio-operatoriaus-stotis-ros\/remote-operator-station-ros\/","url":"https:\/\/dev.myindustrial.eu\/lt\/shop\/pramoniniai-valdikliai-dzoistikai-ir-konsoles\/krano-valdymo-sistemos\/nuotolinio-operatoriaus-stotis-ros\/remote-operator-station-ros\/","name":"Nuotolinio operatoriaus stotis ROS - My industrial","isPartOf":{"@id":"https:\/\/dev.myindustrial.eu\/lt\/#website"},"primaryImageOfPage":{"@id":"https:\/\/dev.myindustrial.eu\/lt\/shop\/pramoniniai-valdikliai-dzoistikai-ir-konsoles\/krano-valdymo-sistemos\/nuotolinio-operatoriaus-stotis-ros\/remote-operator-station-ros\/#primaryimage"},"image":{"@id":"https:\/\/dev.myindustrial.eu\/lt\/shop\/pramoniniai-valdikliai-dzoistikai-ir-konsoles\/krano-valdymo-sistemos\/nuotolinio-operatoriaus-stotis-ros\/remote-operator-station-ros\/#primaryimage"},"thumbnailUrl":"https:\/\/dev.myindustrial.eu\/wp-content\/uploads\/2025\/06\/ros.webp","datePublished":"2025-06-02T15:58:00+00:00","dateModified":"2025-06-02T16:01:04+00:00","breadcrumb":{"@id":"https:\/\/dev.myindustrial.eu\/lt\/shop\/pramoniniai-valdikliai-dzoistikai-ir-konsoles\/krano-valdymo-sistemos\/nuotolinio-operatoriaus-stotis-ros\/remote-operator-station-ros\/#breadcrumb"},"inLanguage":"lt-LT","potentialAction":[{"@type":"ReadAction","target":["https:\/\/dev.myindustrial.eu\/lt\/shop\/pramoniniai-valdikliai-dzoistikai-ir-konsoles\/krano-valdymo-sistemos\/nuotolinio-operatoriaus-stotis-ros\/remote-operator-station-ros\/"]}]},{"@type":"ImageObject","inLanguage":"lt-LT","@id":"https:\/\/dev.myindustrial.eu\/lt\/shop\/pramoniniai-valdikliai-dzoistikai-ir-konsoles\/krano-valdymo-sistemos\/nuotolinio-operatoriaus-stotis-ros\/remote-operator-station-ros\/#primaryimage","url":"https:\/\/dev.myindustrial.eu\/wp-content\/uploads\/2025\/06\/ros.webp","contentUrl":"https:\/\/dev.myindustrial.eu\/wp-content\/uploads\/2025\/06\/ros.webp","width":900,"height":900},{"@type":"BreadcrumbList","@id":"https:\/\/dev.myindustrial.eu\/lt\/shop\/pramoniniai-valdikliai-dzoistikai-ir-konsoles\/krano-valdymo-sistemos\/nuotolinio-operatoriaus-stotis-ros\/remote-operator-station-ros\/#breadcrumb","itemListElement":[{"@type":"ListItem","position":1,"name":"Home","item":"https:\/\/dev.myindustrial.eu\/lt\/"},{"@type":"ListItem","position":2,"name":"Products","item":"https:\/\/dev.myindustrial.eu\/lt\/products\/"},{"@type":"ListItem","position":3,"name":"Nuotolinio operatoriaus stotis ROS"}]},{"@type":"WebSite","@id":"https:\/\/dev.myindustrial.eu\/lt\/#website","url":"https:\/\/dev.myindustrial.eu\/lt\/","name":"My industrial","description":"","potentialAction":[{"@type":"SearchAction","target":{"@type":"EntryPoint","urlTemplate":"https:\/\/dev.myindustrial.eu\/lt\/?s={search_term_string}"},"query-input":{"@type":"PropertyValueSpecification","valueRequired":true,"valueName":"search_term_string"}}],"inLanguage":"lt-LT"}]}},"_links":{"self":[{"href":"https:\/\/dev.myindustrial.eu\/lt\/wp-json\/wp\/v2\/product\/1260065888","targetHints":{"allow":["GET"]}}],"collection":[{"href":"https:\/\/dev.myindustrial.eu\/lt\/wp-json\/wp\/v2\/product"}],"about":[{"href":"https:\/\/dev.myindustrial.eu\/lt\/wp-json\/wp\/v2\/types\/product"}],"version-history":[{"count":1,"href":"https:\/\/dev.myindustrial.eu\/lt\/wp-json\/wp\/v2\/product\/1260065888\/revisions"}],"predecessor-version":[{"id":1260065889,"href":"https:\/\/dev.myindustrial.eu\/lt\/wp-json\/wp\/v2\/product\/1260065888\/revisions\/1260065889"}],"wp:featuredmedia":[{"embeddable":true,"href":"https:\/\/dev.myindustrial.eu\/lt\/wp-json\/wp\/v2\/media\/1260065882"}],"wp:attachment":[{"href":"https:\/\/dev.myindustrial.eu\/lt\/wp-json\/wp\/v2\/media?parent=1260065888"}],"wp:term":[{"taxonomy":"product_brand","embeddable":true,"href":"https:\/\/dev.myindustrial.eu\/lt\/wp-json\/wp\/v2\/product_brand?post=1260065888"},{"taxonomy":"product_cat","embeddable":true,"href":"https:\/\/dev.myindustrial.eu\/lt\/wp-json\/wp\/v2\/product_cat?post=1260065888"},{"taxonomy":"product_tag","embeddable":true,"href":"https:\/\/dev.myindustrial.eu\/lt\/wp-json\/wp\/v2\/product_tag?post=1260065888"}],"curies":[{"name":"wp","href":"https:\/\/api.w.org\/{rel}","templated":true}]}}