{"id":1260058972,"date":"2022-01-14T01:56:56","date_gmt":"2022-01-14T01:56:56","guid":{"rendered":"https:\/\/dev.myindustrial.eu\/shop-2\/uncategorized\/celtna-vadibas-bloks-kst31-pagriezams\/"},"modified":"2023-06-16T20:16:43","modified_gmt":"2023-06-16T20:16:43","slug":"celtna-vadibas-bloks-kst31-pagriezams","status":"publish","type":"product","link":"https:\/\/dev.myindustrial.eu\/lv\/shop\/rupnieciskie-kontrolieri-dzoistiki-un-konsoles\/celtna-vadibas-sistemas\/celtna-vadibas-bloki\/celtna-vadibas-bloks-kst31-pagriezams\/","title":{"rendered":"Celt\u0146a vad\u012bbas bloks KST31 pagrie\u017eams"},"content":{"rendered":"<p>KST31 ir ergonomiski veidots groz\u0101ms vad\u012bbas kr\u0113sls, kas nodro\u0161ina augstu komforta pak\u0101pi. Konsoles, kas piestiprin\u0101tas pie vad\u012bt\u0101ja s\u0113dek\u013ca, groz\u0101s kop\u0101 ar s\u0113dekli. Konsoles var novietot t\u0101, lai t\u0101s lieliski atbilstu jebkurai personai, izmantojot garuma, augstuma un sl\u012bpuma regul\u0113\u0161anu. Standarta versij\u0101 ietilpst:Plastmasas konsoles var apr\u012bkot ar piel\u0101got\u0101m komandu un indik\u0101cijas ier\u012bc\u0113m.\u0112rtais vad\u012bt\u0101ja s\u0113deklis KFS 11 ir apr\u012bkots ar atsperu hidraulisko vibr\u0101ciju absorbcijas sist\u0113mu, ieskaitot svara regul\u0113\u0161anu, gaisa caurlaid\u012bgu tekstila p\u0101rsegu, roku balstus un galvas balstu.T\u0113rauda loksnes \u0161\u0137\u0113rssijas v\u0101ks, ieskaitot vad\u012bt\u0101ja s\u0113dekli, ir salok\u0101ms uz priek\u0161u. T\u0101d\u0113j\u0101di visi vadi, spailes un bukses ir viegli pieejami ekspluat\u0101cijas uzs\u0101k\u0161anas un apkopes laik\u0101. Groz\u0101majai pamatnei ir nulles tolerances gult\u0146i, un rot\u0101ciju var blo\u0137\u0113t 3 \u00b0 pak\u0101p\u0113s.<iframe width=\"560\" height=\"315\" src=\"https:\/\/www.youtube.com\/embed\/2zyjF_q6mxE\" frameborder=\"0\" allow=\"accelerometer; autoplay; clipboard-write; encrypted-media; gyroscope; picture-in-picture; web-share\" allowfullscreen><\/iframe> <iframe width=\"560\" height=\"315\" src=\"https:\/\/www.youtube.com\/embed\/KRS6p_rF2BY\" frameborder=\"0\" allow=\"accelerometer; autoplay; clipboard-write; encrypted-media; gyroscope; picture-in-picture; web-share\" allowfullscreen><\/iframe><\/p>\n","protected":false},"excerpt":{"rendered":"<p><a href=\"\/wp-content\/uploads\/gessmann\/KST31-GB.pdf\" target=\"_blank\" rel=\"noopener\"><img decoding=\"async\" src=\"\/wp-content\/uploads\/2023\/02\/download-button-lv.svg\" \/><\/a><\/p>\n","protected":false},"featured_media":1260057758,"template":"","meta":[],"product_brand":[],"product_cat":[1338],"product_tag":[],"class_list":{"0":"post-1260058972","1":"product","2":"type-product","3":"status-publish","4":"has-post-thumbnail","6":"product_cat-celtna-vadibas-bloki","8":"first","9":"instock","10":"product-type-simple"},"yoast_head":"<!-- This site is optimized with the Yoast SEO plugin v27.1.1 - https:\/\/yoast.com\/product\/yoast-seo-wordpress\/ -->\n<title>Celt\u0146a vad\u012bbas bloks KST31 pagrie\u017eams - My industrial<\/title>\n<meta name=\"robots\" content=\"noindex, follow, max-snippet:-1, max-image-preview:large, max-video-preview:-1\" \/>\n<meta property=\"og:locale\" content=\"lv_LV\" \/>\n<meta property=\"og:type\" content=\"article\" \/>\n<meta property=\"og:title\" content=\"Celt\u0146a vad\u012bbas bloks KST31 pagrie\u017eams - My industrial\" \/>\n<meta property=\"og:url\" content=\"https:\/\/dev.myindustrial.eu\/lv\/shop\/rupnieciskie-kontrolieri-dzoistiki-un-konsoles\/celtna-vadibas-sistemas\/celtna-vadibas-bloki\/celtna-vadibas-bloks-kst31-pagriezams\/\" \/>\n<meta property=\"og:site_name\" content=\"My industrial\" \/>\n<meta property=\"article:modified_time\" content=\"2023-06-16T20:16:43+00:00\" \/>\n<meta property=\"og:image\" content=\"https:\/\/dev.myindustrial.eu\/wp-content\/uploads\/2022\/01\/KST31-3.webp\" \/>\n\t<meta property=\"og:image:width\" content=\"500\" \/>\n\t<meta property=\"og:image:height\" content=\"500\" \/>\n\t<meta property=\"og:image:type\" content=\"image\/webp\" \/>\n<meta name=\"twitter:card\" content=\"summary_large_image\" \/>\n<script type=\"application\/ld+json\" class=\"yoast-schema-graph\">{\"@context\":\"https:\/\/schema.org\",\"@graph\":[{\"@type\":\"WebPage\",\"@id\":\"https:\/\/dev.myindustrial.eu\/lv\/shop\/rupnieciskie-kontrolieri-dzoistiki-un-konsoles\/celtna-vadibas-sistemas\/celtna-vadibas-bloki\/celtna-vadibas-bloks-kst31-pagriezams\/\",\"url\":\"https:\/\/dev.myindustrial.eu\/lv\/shop\/rupnieciskie-kontrolieri-dzoistiki-un-konsoles\/celtna-vadibas-sistemas\/celtna-vadibas-bloki\/celtna-vadibas-bloks-kst31-pagriezams\/\",\"name\":\"Celt\u0146a vad\u012bbas bloks KST31 pagrie\u017eams - My industrial\",\"isPartOf\":{\"@id\":\"https:\/\/dev.myindustrial.eu\/lv\/#website\"},\"primaryImageOfPage\":{\"@id\":\"https:\/\/dev.myindustrial.eu\/lv\/shop\/rupnieciskie-kontrolieri-dzoistiki-un-konsoles\/celtna-vadibas-sistemas\/celtna-vadibas-bloki\/celtna-vadibas-bloks-kst31-pagriezams\/#primaryimage\"},\"image\":{\"@id\":\"https:\/\/dev.myindustrial.eu\/lv\/shop\/rupnieciskie-kontrolieri-dzoistiki-un-konsoles\/celtna-vadibas-sistemas\/celtna-vadibas-bloki\/celtna-vadibas-bloks-kst31-pagriezams\/#primaryimage\"},\"thumbnailUrl\":\"https:\/\/dev.myindustrial.eu\/wp-content\/uploads\/2022\/01\/KST31-3.webp\",\"datePublished\":\"2022-01-14T01:56:56+00:00\",\"dateModified\":\"2023-06-16T20:16:43+00:00\",\"breadcrumb\":{\"@id\":\"https:\/\/dev.myindustrial.eu\/lv\/shop\/rupnieciskie-kontrolieri-dzoistiki-un-konsoles\/celtna-vadibas-sistemas\/celtna-vadibas-bloki\/celtna-vadibas-bloks-kst31-pagriezams\/#breadcrumb\"},\"inLanguage\":\"lv-LV\",\"potentialAction\":[{\"@type\":\"ReadAction\",\"target\":[\"https:\/\/dev.myindustrial.eu\/lv\/shop\/rupnieciskie-kontrolieri-dzoistiki-un-konsoles\/celtna-vadibas-sistemas\/celtna-vadibas-bloki\/celtna-vadibas-bloks-kst31-pagriezams\/\"]}]},{\"@type\":\"ImageObject\",\"inLanguage\":\"lv-LV\",\"@id\":\"https:\/\/dev.myindustrial.eu\/lv\/shop\/rupnieciskie-kontrolieri-dzoistiki-un-konsoles\/celtna-vadibas-sistemas\/celtna-vadibas-bloki\/celtna-vadibas-bloks-kst31-pagriezams\/#primaryimage\",\"url\":\"https:\/\/dev.myindustrial.eu\/wp-content\/uploads\/2022\/01\/KST31-3.webp\",\"contentUrl\":\"https:\/\/dev.myindustrial.eu\/wp-content\/uploads\/2022\/01\/KST31-3.webp\",\"width\":500,\"height\":500},{\"@type\":\"BreadcrumbList\",\"@id\":\"https:\/\/dev.myindustrial.eu\/lv\/shop\/rupnieciskie-kontrolieri-dzoistiki-un-konsoles\/celtna-vadibas-sistemas\/celtna-vadibas-bloki\/celtna-vadibas-bloks-kst31-pagriezams\/#breadcrumb\",\"itemListElement\":[{\"@type\":\"ListItem\",\"position\":1,\"name\":\"Home\",\"item\":\"https:\/\/dev.myindustrial.eu\/lv\/\"},{\"@type\":\"ListItem\",\"position\":2,\"name\":\"Products\",\"item\":\"https:\/\/dev.myindustrial.eu\/lv\/products\/\"},{\"@type\":\"ListItem\",\"position\":3,\"name\":\"Celt\u0146a vad\u012bbas bloks KST31 pagrie\u017eams\"}]},{\"@type\":\"WebSite\",\"@id\":\"https:\/\/dev.myindustrial.eu\/lv\/#website\",\"url\":\"https:\/\/dev.myindustrial.eu\/lv\/\",\"name\":\"My industrial\",\"description\":\"\",\"potentialAction\":[{\"@type\":\"SearchAction\",\"target\":{\"@type\":\"EntryPoint\",\"urlTemplate\":\"https:\/\/dev.myindustrial.eu\/lv\/?s={search_term_string}\"},\"query-input\":{\"@type\":\"PropertyValueSpecification\",\"valueRequired\":true,\"valueName\":\"search_term_string\"}}],\"inLanguage\":\"lv-LV\"}]}<\/script>\n<!-- \/ Yoast SEO plugin. -->","yoast_head_json":{"title":"Celt\u0146a vad\u012bbas bloks KST31 pagrie\u017eams - My industrial","robots":{"index":"noindex","follow":"follow","max-snippet":"max-snippet:-1","max-image-preview":"max-image-preview:large","max-video-preview":"max-video-preview:-1"},"og_locale":"lv_LV","og_type":"article","og_title":"Celt\u0146a vad\u012bbas bloks KST31 pagrie\u017eams - My industrial","og_url":"https:\/\/dev.myindustrial.eu\/lv\/shop\/rupnieciskie-kontrolieri-dzoistiki-un-konsoles\/celtna-vadibas-sistemas\/celtna-vadibas-bloki\/celtna-vadibas-bloks-kst31-pagriezams\/","og_site_name":"My industrial","article_modified_time":"2023-06-16T20:16:43+00:00","og_image":[{"width":500,"height":500,"url":"https:\/\/dev.myindustrial.eu\/wp-content\/uploads\/2022\/01\/KST31-3.webp","type":"image\/webp"}],"twitter_card":"summary_large_image","schema":{"@context":"https:\/\/schema.org","@graph":[{"@type":"WebPage","@id":"https:\/\/dev.myindustrial.eu\/lv\/shop\/rupnieciskie-kontrolieri-dzoistiki-un-konsoles\/celtna-vadibas-sistemas\/celtna-vadibas-bloki\/celtna-vadibas-bloks-kst31-pagriezams\/","url":"https:\/\/dev.myindustrial.eu\/lv\/shop\/rupnieciskie-kontrolieri-dzoistiki-un-konsoles\/celtna-vadibas-sistemas\/celtna-vadibas-bloki\/celtna-vadibas-bloks-kst31-pagriezams\/","name":"Celt\u0146a vad\u012bbas bloks KST31 pagrie\u017eams - My industrial","isPartOf":{"@id":"https:\/\/dev.myindustrial.eu\/lv\/#website"},"primaryImageOfPage":{"@id":"https:\/\/dev.myindustrial.eu\/lv\/shop\/rupnieciskie-kontrolieri-dzoistiki-un-konsoles\/celtna-vadibas-sistemas\/celtna-vadibas-bloki\/celtna-vadibas-bloks-kst31-pagriezams\/#primaryimage"},"image":{"@id":"https:\/\/dev.myindustrial.eu\/lv\/shop\/rupnieciskie-kontrolieri-dzoistiki-un-konsoles\/celtna-vadibas-sistemas\/celtna-vadibas-bloki\/celtna-vadibas-bloks-kst31-pagriezams\/#primaryimage"},"thumbnailUrl":"https:\/\/dev.myindustrial.eu\/wp-content\/uploads\/2022\/01\/KST31-3.webp","datePublished":"2022-01-14T01:56:56+00:00","dateModified":"2023-06-16T20:16:43+00:00","breadcrumb":{"@id":"https:\/\/dev.myindustrial.eu\/lv\/shop\/rupnieciskie-kontrolieri-dzoistiki-un-konsoles\/celtna-vadibas-sistemas\/celtna-vadibas-bloki\/celtna-vadibas-bloks-kst31-pagriezams\/#breadcrumb"},"inLanguage":"lv-LV","potentialAction":[{"@type":"ReadAction","target":["https:\/\/dev.myindustrial.eu\/lv\/shop\/rupnieciskie-kontrolieri-dzoistiki-un-konsoles\/celtna-vadibas-sistemas\/celtna-vadibas-bloki\/celtna-vadibas-bloks-kst31-pagriezams\/"]}]},{"@type":"ImageObject","inLanguage":"lv-LV","@id":"https:\/\/dev.myindustrial.eu\/lv\/shop\/rupnieciskie-kontrolieri-dzoistiki-un-konsoles\/celtna-vadibas-sistemas\/celtna-vadibas-bloki\/celtna-vadibas-bloks-kst31-pagriezams\/#primaryimage","url":"https:\/\/dev.myindustrial.eu\/wp-content\/uploads\/2022\/01\/KST31-3.webp","contentUrl":"https:\/\/dev.myindustrial.eu\/wp-content\/uploads\/2022\/01\/KST31-3.webp","width":500,"height":500},{"@type":"BreadcrumbList","@id":"https:\/\/dev.myindustrial.eu\/lv\/shop\/rupnieciskie-kontrolieri-dzoistiki-un-konsoles\/celtna-vadibas-sistemas\/celtna-vadibas-bloki\/celtna-vadibas-bloks-kst31-pagriezams\/#breadcrumb","itemListElement":[{"@type":"ListItem","position":1,"name":"Home","item":"https:\/\/dev.myindustrial.eu\/lv\/"},{"@type":"ListItem","position":2,"name":"Products","item":"https:\/\/dev.myindustrial.eu\/lv\/products\/"},{"@type":"ListItem","position":3,"name":"Celt\u0146a vad\u012bbas bloks KST31 pagrie\u017eams"}]},{"@type":"WebSite","@id":"https:\/\/dev.myindustrial.eu\/lv\/#website","url":"https:\/\/dev.myindustrial.eu\/lv\/","name":"My industrial","description":"","potentialAction":[{"@type":"SearchAction","target":{"@type":"EntryPoint","urlTemplate":"https:\/\/dev.myindustrial.eu\/lv\/?s={search_term_string}"},"query-input":{"@type":"PropertyValueSpecification","valueRequired":true,"valueName":"search_term_string"}}],"inLanguage":"lv-LV"}]}},"_links":{"self":[{"href":"https:\/\/dev.myindustrial.eu\/lv\/wp-json\/wp\/v2\/product\/1260058972","targetHints":{"allow":["GET"]}}],"collection":[{"href":"https:\/\/dev.myindustrial.eu\/lv\/wp-json\/wp\/v2\/product"}],"about":[{"href":"https:\/\/dev.myindustrial.eu\/lv\/wp-json\/wp\/v2\/types\/product"}],"version-history":[{"count":1,"href":"https:\/\/dev.myindustrial.eu\/lv\/wp-json\/wp\/v2\/product\/1260058972\/revisions"}],"predecessor-version":[{"id":1260060125,"href":"https:\/\/dev.myindustrial.eu\/lv\/wp-json\/wp\/v2\/product\/1260058972\/revisions\/1260060125"}],"wp:featuredmedia":[{"embeddable":true,"href":"https:\/\/dev.myindustrial.eu\/lv\/wp-json\/wp\/v2\/media\/1260057758"}],"wp:attachment":[{"href":"https:\/\/dev.myindustrial.eu\/lv\/wp-json\/wp\/v2\/media?parent=1260058972"}],"wp:term":[{"taxonomy":"product_brand","embeddable":true,"href":"https:\/\/dev.myindustrial.eu\/lv\/wp-json\/wp\/v2\/product_brand?post=1260058972"},{"taxonomy":"product_cat","embeddable":true,"href":"https:\/\/dev.myindustrial.eu\/lv\/wp-json\/wp\/v2\/product_cat?post=1260058972"},{"taxonomy":"product_tag","embeddable":true,"href":"https:\/\/dev.myindustrial.eu\/lv\/wp-json\/wp\/v2\/product_tag?post=1260058972"}],"curies":[{"name":"wp","href":"https:\/\/api.w.org\/{rel}","templated":true}]}}