{"id":1260058974,"date":"2022-01-14T01:56:56","date_gmt":"2022-01-14T01:56:56","guid":{"rendered":"https:\/\/dev.myindustrial.eu\/shop-2\/uncategorized\/celtna-vadibas-bloks-kst19-pagriezams\/"},"modified":"2023-06-16T20:16:42","modified_gmt":"2023-06-16T20:16:42","slug":"celtna-vadibas-bloks-kst19-pagriezams","status":"publish","type":"product","link":"https:\/\/dev.myindustrial.eu\/lv\/shop\/rupnieciskie-kontrolieri-dzoistiki-un-konsoles\/celtna-vadibas-sistemas\/celtna-vadibas-bloki\/celtna-vadibas-bloks-kst19-pagriezams\/","title":{"rendered":"Celt\u0146a vad\u012bbas bloks KST19 pagrie\u017eams"},"content":{"rendered":"<p>KST19 ir ergonomiski veidots groz\u0101ms vad\u012bbas kr\u0113sls, kas nodro\u0161ina augstu komfortu.Apr\u012bkojuma k\u0101rbas ir regul\u0113jamas vertik\u0101li un horizont\u0101li. Kursorsviru, indikatoru un vad\u012bbas ier\u012b\u010du izvietojums tiek piel\u0101gots atbilsto\u0161i klientu specifik\u0101cij\u0101m. Kabe\u013cu izveide tiek veikta caur \u0161\u0137\u0113rsstieni travers\u0101 (spai\u013cu bloks).Standarta KST19 ir apr\u012bkots ar KFS10 s\u0113dekli. S\u0113deklis ir apr\u012bkots ar pneimatisko vibr\u0101ciju absorbcijas sist\u0113mu ar svara regul\u0113\u0161anu, roku balstiem un galvas balstu, lai nodro\u0161in\u0101tu komforta l\u012bmeni. Ir iesp\u0113ja s\u0113dekli p\u0101rkl\u0101t ar m\u0101ksl\u012bgu gaisu caurlaid\u012bgu \u0101du.Groz\u0101majai pamatnei ir nulles atstarpes gultnis, un to var nofiks\u0113t vai nu ar fiksatoru (standarta) 3 \u00b0 pak\u0101p\u0113s, vai bez pak\u0101pes ar berzes bremzi.<iframe width=\"560\" height=\"315\" src=\"https:\/\/youtube.com\/embed\/0H09lExPQ_g\" frameborder=\"0\" allow=\"accelerometer; autoplay; clipboard-write; encrypted-media; gyroscope; picture-in-picture; web-share\" allowfullscreen><\/iframe><\/p>\n","protected":false},"excerpt":{"rendered":"<p><a href=\"\/wp-content\/uploads\/gessmann\/KST19-GB.pdf\" target=\"_blank\" rel=\"noopener\"><img decoding=\"async\" src=\"\/wp-content\/uploads\/2023\/02\/download-button-lv.svg\" \/><\/a><\/p>\n","protected":false},"featured_media":1260057770,"template":"","meta":[],"product_brand":[],"product_cat":[1338],"product_tag":[],"class_list":{"0":"post-1260058974","1":"product","2":"type-product","3":"status-publish","4":"has-post-thumbnail","6":"product_cat-celtna-vadibas-bloki","8":"first","9":"instock","10":"product-type-simple"},"yoast_head":"<!-- This site is optimized with the Yoast SEO plugin v27.1.1 - https:\/\/yoast.com\/product\/yoast-seo-wordpress\/ -->\n<title>Celt\u0146a vad\u012bbas bloks KST19 pagrie\u017eams - My industrial<\/title>\n<meta name=\"robots\" content=\"noindex, follow, max-snippet:-1, max-image-preview:large, max-video-preview:-1\" \/>\n<meta property=\"og:locale\" content=\"lv_LV\" \/>\n<meta property=\"og:type\" content=\"article\" \/>\n<meta property=\"og:title\" content=\"Celt\u0146a vad\u012bbas bloks KST19 pagrie\u017eams - My industrial\" \/>\n<meta property=\"og:url\" content=\"https:\/\/dev.myindustrial.eu\/lv\/shop\/rupnieciskie-kontrolieri-dzoistiki-un-konsoles\/celtna-vadibas-sistemas\/celtna-vadibas-bloki\/celtna-vadibas-bloks-kst19-pagriezams\/\" \/>\n<meta property=\"og:site_name\" content=\"My industrial\" \/>\n<meta property=\"article:modified_time\" content=\"2023-06-16T20:16:42+00:00\" \/>\n<meta property=\"og:image\" content=\"https:\/\/dev.myindustrial.eu\/wp-content\/uploads\/2022\/01\/KST19-3-3.webp\" \/>\n\t<meta property=\"og:image:width\" content=\"500\" \/>\n\t<meta property=\"og:image:height\" content=\"500\" \/>\n\t<meta property=\"og:image:type\" content=\"image\/webp\" \/>\n<meta name=\"twitter:card\" content=\"summary_large_image\" \/>\n<script type=\"application\/ld+json\" class=\"yoast-schema-graph\">{\"@context\":\"https:\/\/schema.org\",\"@graph\":[{\"@type\":\"WebPage\",\"@id\":\"https:\/\/dev.myindustrial.eu\/lv\/shop\/rupnieciskie-kontrolieri-dzoistiki-un-konsoles\/celtna-vadibas-sistemas\/celtna-vadibas-bloki\/celtna-vadibas-bloks-kst19-pagriezams\/\",\"url\":\"https:\/\/dev.myindustrial.eu\/lv\/shop\/rupnieciskie-kontrolieri-dzoistiki-un-konsoles\/celtna-vadibas-sistemas\/celtna-vadibas-bloki\/celtna-vadibas-bloks-kst19-pagriezams\/\",\"name\":\"Celt\u0146a vad\u012bbas bloks KST19 pagrie\u017eams - My industrial\",\"isPartOf\":{\"@id\":\"https:\/\/dev.myindustrial.eu\/lv\/#website\"},\"primaryImageOfPage\":{\"@id\":\"https:\/\/dev.myindustrial.eu\/lv\/shop\/rupnieciskie-kontrolieri-dzoistiki-un-konsoles\/celtna-vadibas-sistemas\/celtna-vadibas-bloki\/celtna-vadibas-bloks-kst19-pagriezams\/#primaryimage\"},\"image\":{\"@id\":\"https:\/\/dev.myindustrial.eu\/lv\/shop\/rupnieciskie-kontrolieri-dzoistiki-un-konsoles\/celtna-vadibas-sistemas\/celtna-vadibas-bloki\/celtna-vadibas-bloks-kst19-pagriezams\/#primaryimage\"},\"thumbnailUrl\":\"https:\/\/dev.myindustrial.eu\/wp-content\/uploads\/2022\/01\/KST19-3-3.webp\",\"datePublished\":\"2022-01-14T01:56:56+00:00\",\"dateModified\":\"2023-06-16T20:16:42+00:00\",\"breadcrumb\":{\"@id\":\"https:\/\/dev.myindustrial.eu\/lv\/shop\/rupnieciskie-kontrolieri-dzoistiki-un-konsoles\/celtna-vadibas-sistemas\/celtna-vadibas-bloki\/celtna-vadibas-bloks-kst19-pagriezams\/#breadcrumb\"},\"inLanguage\":\"lv-LV\",\"potentialAction\":[{\"@type\":\"ReadAction\",\"target\":[\"https:\/\/dev.myindustrial.eu\/lv\/shop\/rupnieciskie-kontrolieri-dzoistiki-un-konsoles\/celtna-vadibas-sistemas\/celtna-vadibas-bloki\/celtna-vadibas-bloks-kst19-pagriezams\/\"]}]},{\"@type\":\"ImageObject\",\"inLanguage\":\"lv-LV\",\"@id\":\"https:\/\/dev.myindustrial.eu\/lv\/shop\/rupnieciskie-kontrolieri-dzoistiki-un-konsoles\/celtna-vadibas-sistemas\/celtna-vadibas-bloki\/celtna-vadibas-bloks-kst19-pagriezams\/#primaryimage\",\"url\":\"https:\/\/dev.myindustrial.eu\/wp-content\/uploads\/2022\/01\/KST19-3-3.webp\",\"contentUrl\":\"https:\/\/dev.myindustrial.eu\/wp-content\/uploads\/2022\/01\/KST19-3-3.webp\",\"width\":500,\"height\":500},{\"@type\":\"BreadcrumbList\",\"@id\":\"https:\/\/dev.myindustrial.eu\/lv\/shop\/rupnieciskie-kontrolieri-dzoistiki-un-konsoles\/celtna-vadibas-sistemas\/celtna-vadibas-bloki\/celtna-vadibas-bloks-kst19-pagriezams\/#breadcrumb\",\"itemListElement\":[{\"@type\":\"ListItem\",\"position\":1,\"name\":\"Home\",\"item\":\"https:\/\/dev.myindustrial.eu\/lv\/\"},{\"@type\":\"ListItem\",\"position\":2,\"name\":\"Products\",\"item\":\"https:\/\/dev.myindustrial.eu\/lv\/products\/\"},{\"@type\":\"ListItem\",\"position\":3,\"name\":\"Celt\u0146a vad\u012bbas bloks KST19 pagrie\u017eams\"}]},{\"@type\":\"WebSite\",\"@id\":\"https:\/\/dev.myindustrial.eu\/lv\/#website\",\"url\":\"https:\/\/dev.myindustrial.eu\/lv\/\",\"name\":\"My industrial\",\"description\":\"\",\"potentialAction\":[{\"@type\":\"SearchAction\",\"target\":{\"@type\":\"EntryPoint\",\"urlTemplate\":\"https:\/\/dev.myindustrial.eu\/lv\/?s={search_term_string}\"},\"query-input\":{\"@type\":\"PropertyValueSpecification\",\"valueRequired\":true,\"valueName\":\"search_term_string\"}}],\"inLanguage\":\"lv-LV\"}]}<\/script>\n<!-- \/ Yoast SEO plugin. -->","yoast_head_json":{"title":"Celt\u0146a vad\u012bbas bloks KST19 pagrie\u017eams - My industrial","robots":{"index":"noindex","follow":"follow","max-snippet":"max-snippet:-1","max-image-preview":"max-image-preview:large","max-video-preview":"max-video-preview:-1"},"og_locale":"lv_LV","og_type":"article","og_title":"Celt\u0146a vad\u012bbas bloks KST19 pagrie\u017eams - My industrial","og_url":"https:\/\/dev.myindustrial.eu\/lv\/shop\/rupnieciskie-kontrolieri-dzoistiki-un-konsoles\/celtna-vadibas-sistemas\/celtna-vadibas-bloki\/celtna-vadibas-bloks-kst19-pagriezams\/","og_site_name":"My industrial","article_modified_time":"2023-06-16T20:16:42+00:00","og_image":[{"width":500,"height":500,"url":"https:\/\/dev.myindustrial.eu\/wp-content\/uploads\/2022\/01\/KST19-3-3.webp","type":"image\/webp"}],"twitter_card":"summary_large_image","schema":{"@context":"https:\/\/schema.org","@graph":[{"@type":"WebPage","@id":"https:\/\/dev.myindustrial.eu\/lv\/shop\/rupnieciskie-kontrolieri-dzoistiki-un-konsoles\/celtna-vadibas-sistemas\/celtna-vadibas-bloki\/celtna-vadibas-bloks-kst19-pagriezams\/","url":"https:\/\/dev.myindustrial.eu\/lv\/shop\/rupnieciskie-kontrolieri-dzoistiki-un-konsoles\/celtna-vadibas-sistemas\/celtna-vadibas-bloki\/celtna-vadibas-bloks-kst19-pagriezams\/","name":"Celt\u0146a vad\u012bbas bloks KST19 pagrie\u017eams - My industrial","isPartOf":{"@id":"https:\/\/dev.myindustrial.eu\/lv\/#website"},"primaryImageOfPage":{"@id":"https:\/\/dev.myindustrial.eu\/lv\/shop\/rupnieciskie-kontrolieri-dzoistiki-un-konsoles\/celtna-vadibas-sistemas\/celtna-vadibas-bloki\/celtna-vadibas-bloks-kst19-pagriezams\/#primaryimage"},"image":{"@id":"https:\/\/dev.myindustrial.eu\/lv\/shop\/rupnieciskie-kontrolieri-dzoistiki-un-konsoles\/celtna-vadibas-sistemas\/celtna-vadibas-bloki\/celtna-vadibas-bloks-kst19-pagriezams\/#primaryimage"},"thumbnailUrl":"https:\/\/dev.myindustrial.eu\/wp-content\/uploads\/2022\/01\/KST19-3-3.webp","datePublished":"2022-01-14T01:56:56+00:00","dateModified":"2023-06-16T20:16:42+00:00","breadcrumb":{"@id":"https:\/\/dev.myindustrial.eu\/lv\/shop\/rupnieciskie-kontrolieri-dzoistiki-un-konsoles\/celtna-vadibas-sistemas\/celtna-vadibas-bloki\/celtna-vadibas-bloks-kst19-pagriezams\/#breadcrumb"},"inLanguage":"lv-LV","potentialAction":[{"@type":"ReadAction","target":["https:\/\/dev.myindustrial.eu\/lv\/shop\/rupnieciskie-kontrolieri-dzoistiki-un-konsoles\/celtna-vadibas-sistemas\/celtna-vadibas-bloki\/celtna-vadibas-bloks-kst19-pagriezams\/"]}]},{"@type":"ImageObject","inLanguage":"lv-LV","@id":"https:\/\/dev.myindustrial.eu\/lv\/shop\/rupnieciskie-kontrolieri-dzoistiki-un-konsoles\/celtna-vadibas-sistemas\/celtna-vadibas-bloki\/celtna-vadibas-bloks-kst19-pagriezams\/#primaryimage","url":"https:\/\/dev.myindustrial.eu\/wp-content\/uploads\/2022\/01\/KST19-3-3.webp","contentUrl":"https:\/\/dev.myindustrial.eu\/wp-content\/uploads\/2022\/01\/KST19-3-3.webp","width":500,"height":500},{"@type":"BreadcrumbList","@id":"https:\/\/dev.myindustrial.eu\/lv\/shop\/rupnieciskie-kontrolieri-dzoistiki-un-konsoles\/celtna-vadibas-sistemas\/celtna-vadibas-bloki\/celtna-vadibas-bloks-kst19-pagriezams\/#breadcrumb","itemListElement":[{"@type":"ListItem","position":1,"name":"Home","item":"https:\/\/dev.myindustrial.eu\/lv\/"},{"@type":"ListItem","position":2,"name":"Products","item":"https:\/\/dev.myindustrial.eu\/lv\/products\/"},{"@type":"ListItem","position":3,"name":"Celt\u0146a vad\u012bbas bloks KST19 pagrie\u017eams"}]},{"@type":"WebSite","@id":"https:\/\/dev.myindustrial.eu\/lv\/#website","url":"https:\/\/dev.myindustrial.eu\/lv\/","name":"My industrial","description":"","potentialAction":[{"@type":"SearchAction","target":{"@type":"EntryPoint","urlTemplate":"https:\/\/dev.myindustrial.eu\/lv\/?s={search_term_string}"},"query-input":{"@type":"PropertyValueSpecification","valueRequired":true,"valueName":"search_term_string"}}],"inLanguage":"lv-LV"}]}},"_links":{"self":[{"href":"https:\/\/dev.myindustrial.eu\/lv\/wp-json\/wp\/v2\/product\/1260058974","targetHints":{"allow":["GET"]}}],"collection":[{"href":"https:\/\/dev.myindustrial.eu\/lv\/wp-json\/wp\/v2\/product"}],"about":[{"href":"https:\/\/dev.myindustrial.eu\/lv\/wp-json\/wp\/v2\/types\/product"}],"version-history":[{"count":1,"href":"https:\/\/dev.myindustrial.eu\/lv\/wp-json\/wp\/v2\/product\/1260058974\/revisions"}],"predecessor-version":[{"id":1260060123,"href":"https:\/\/dev.myindustrial.eu\/lv\/wp-json\/wp\/v2\/product\/1260058974\/revisions\/1260060123"}],"wp:featuredmedia":[{"embeddable":true,"href":"https:\/\/dev.myindustrial.eu\/lv\/wp-json\/wp\/v2\/media\/1260057770"}],"wp:attachment":[{"href":"https:\/\/dev.myindustrial.eu\/lv\/wp-json\/wp\/v2\/media?parent=1260058974"}],"wp:term":[{"taxonomy":"product_brand","embeddable":true,"href":"https:\/\/dev.myindustrial.eu\/lv\/wp-json\/wp\/v2\/product_brand?post=1260058974"},{"taxonomy":"product_cat","embeddable":true,"href":"https:\/\/dev.myindustrial.eu\/lv\/wp-json\/wp\/v2\/product_cat?post=1260058974"},{"taxonomy":"product_tag","embeddable":true,"href":"https:\/\/dev.myindustrial.eu\/lv\/wp-json\/wp\/v2\/product_tag?post=1260058974"}],"curies":[{"name":"wp","href":"https:\/\/api.w.org\/{rel}","templated":true}]}}