{"id":1260058993,"date":"2022-01-14T01:36:05","date_gmt":"2022-01-14T01:57:04","guid":{"rendered":"https:\/\/dev.myindustrial.eu\/shop-2\/uncategorized\/parnesumu-ierobezosanas-sledzi-ge1-ge2\/"},"modified":"2023-06-16T20:16:03","modified_gmt":"2023-06-16T20:16:03","slug":"parnesumu-ierobezosanas-sledzi-ge1-ge2","status":"publish","type":"product","link":"https:\/\/dev.myindustrial.eu\/lv\/shop\/rupnieciskie-kontrolieri-dzoistiki-un-konsoles\/parnesumu-ierobezosanas-sledzi\/parnesumu-ierobezosanas-sledzi-ge1-ge2\/","title":{"rendered":"P\u0101rnesumu ierobe\u017eo\u0161anas sl\u0113d\u017ei GE1 \/ GE2"},"content":{"rendered":"<p>P\u0101rnesumu ierobe\u017eo\u0161anas sl\u0113dzis GE1 \/ GE2 ir iztur\u012bga p\u0101rsl\u0113g\u0161anas ier\u012bce, kas paredz\u0113ta pacel\u0161anas iek\u0101rt\u0101m. Modul\u0101rie mikro p\u0101rsl\u0113g\u0161anas kontakti ar pozit\u012bvu atv\u0113r\u0161anas darb\u012bbu. Ier\u012bce ir ieprogramm\u0113ta, pak\u0101peniski regul\u0113jot dubultos izci\u013c\u0146u diskus, kurus var nodro\u0161in\u0101t no 18 \u00b0 l\u012bdz 192 \u00b0 kontaktdiskiem atbilsto\u0161i nepiecie\u0161amajai p\u0101rsl\u0113g\u0161anas programmai. Tips GE 1 ietver dubult\u0101 izci\u013c\u0146a disku, kas vienlaic\u012bgi ir aizsl\u0113dzams.<\/p>\n","protected":false},"excerpt":{"rendered":"<p><a href=\"\/wp-content\/uploads\/gessmann\/GE1_GE2-GB.pdf\" target=\"_blank\" rel=\"noopener\"><img decoding=\"async\" src=\"\/wp-content\/uploads\/2023\/02\/download-button-lv.svg\" \/><\/a><\/p>\n","protected":false},"featured_media":1260057884,"template":"","meta":[],"product_brand":[],"product_cat":[1317,1349],"product_tag":[],"class_list":{"0":"post-1260058993","1":"product","2":"type-product","3":"status-publish","4":"has-post-thumbnail","6":"product_cat-rupnieciskie-kontrolieri-dzoistiki-un-konsoles","7":"product_cat-parnesumu-ierobezosanas-sledzi","9":"first","10":"instock","11":"product-type-simple"},"yoast_head":"<!-- This site is optimized with the Yoast SEO plugin v27.1.1 - https:\/\/yoast.com\/product\/yoast-seo-wordpress\/ -->\n<title>P\u0101rnesumu ierobe\u017eo\u0161anas sl\u0113d\u017ei GE1 \/ GE2 - My industrial<\/title>\n<meta name=\"robots\" content=\"noindex, follow, max-snippet:-1, max-image-preview:large, max-video-preview:-1\" \/>\n<meta property=\"og:locale\" content=\"lv_LV\" \/>\n<meta property=\"og:type\" content=\"article\" \/>\n<meta property=\"og:title\" content=\"P\u0101rnesumu ierobe\u017eo\u0161anas sl\u0113d\u017ei GE1 \/ GE2 - My industrial\" \/>\n<meta property=\"og:url\" content=\"https:\/\/dev.myindustrial.eu\/lv\/shop\/rupnieciskie-kontrolieri-dzoistiki-un-konsoles\/parnesumu-ierobezosanas-sledzi\/parnesumu-ierobezosanas-sledzi-ge1-ge2\/\" \/>\n<meta property=\"og:site_name\" content=\"My industrial\" \/>\n<meta property=\"article:modified_time\" content=\"2023-06-16T20:16:03+00:00\" \/>\n<meta property=\"og:image\" content=\"https:\/\/dev.myindustrial.eu\/wp-content\/uploads\/2022\/01\/GE1-1-1.webp\" \/>\n\t<meta property=\"og:image:width\" content=\"500\" \/>\n\t<meta property=\"og:image:height\" content=\"500\" \/>\n\t<meta property=\"og:image:type\" content=\"image\/webp\" \/>\n<meta name=\"twitter:card\" content=\"summary_large_image\" \/>\n<script type=\"application\/ld+json\" class=\"yoast-schema-graph\">{\"@context\":\"https:\/\/schema.org\",\"@graph\":[{\"@type\":\"WebPage\",\"@id\":\"https:\/\/dev.myindustrial.eu\/lv\/shop\/rupnieciskie-kontrolieri-dzoistiki-un-konsoles\/parnesumu-ierobezosanas-sledzi\/parnesumu-ierobezosanas-sledzi-ge1-ge2\/\",\"url\":\"https:\/\/dev.myindustrial.eu\/lv\/shop\/rupnieciskie-kontrolieri-dzoistiki-un-konsoles\/parnesumu-ierobezosanas-sledzi\/parnesumu-ierobezosanas-sledzi-ge1-ge2\/\",\"name\":\"P\u0101rnesumu ierobe\u017eo\u0161anas sl\u0113d\u017ei GE1 \/ GE2 - My industrial\",\"isPartOf\":{\"@id\":\"https:\/\/dev.myindustrial.eu\/lv\/#website\"},\"primaryImageOfPage\":{\"@id\":\"https:\/\/dev.myindustrial.eu\/lv\/shop\/rupnieciskie-kontrolieri-dzoistiki-un-konsoles\/parnesumu-ierobezosanas-sledzi\/parnesumu-ierobezosanas-sledzi-ge1-ge2\/#primaryimage\"},\"image\":{\"@id\":\"https:\/\/dev.myindustrial.eu\/lv\/shop\/rupnieciskie-kontrolieri-dzoistiki-un-konsoles\/parnesumu-ierobezosanas-sledzi\/parnesumu-ierobezosanas-sledzi-ge1-ge2\/#primaryimage\"},\"thumbnailUrl\":\"https:\/\/dev.myindustrial.eu\/wp-content\/uploads\/2022\/01\/GE1-1-1.webp\",\"datePublished\":\"2022-01-14T01:57:04+00:00\",\"dateModified\":\"2023-06-16T20:16:03+00:00\",\"breadcrumb\":{\"@id\":\"https:\/\/dev.myindustrial.eu\/lv\/shop\/rupnieciskie-kontrolieri-dzoistiki-un-konsoles\/parnesumu-ierobezosanas-sledzi\/parnesumu-ierobezosanas-sledzi-ge1-ge2\/#breadcrumb\"},\"inLanguage\":\"lv-LV\",\"potentialAction\":[{\"@type\":\"ReadAction\",\"target\":[\"https:\/\/dev.myindustrial.eu\/lv\/shop\/rupnieciskie-kontrolieri-dzoistiki-un-konsoles\/parnesumu-ierobezosanas-sledzi\/parnesumu-ierobezosanas-sledzi-ge1-ge2\/\"]}]},{\"@type\":\"ImageObject\",\"inLanguage\":\"lv-LV\",\"@id\":\"https:\/\/dev.myindustrial.eu\/lv\/shop\/rupnieciskie-kontrolieri-dzoistiki-un-konsoles\/parnesumu-ierobezosanas-sledzi\/parnesumu-ierobezosanas-sledzi-ge1-ge2\/#primaryimage\",\"url\":\"https:\/\/dev.myindustrial.eu\/wp-content\/uploads\/2022\/01\/GE1-1-1.webp\",\"contentUrl\":\"https:\/\/dev.myindustrial.eu\/wp-content\/uploads\/2022\/01\/GE1-1-1.webp\",\"width\":500,\"height\":500},{\"@type\":\"BreadcrumbList\",\"@id\":\"https:\/\/dev.myindustrial.eu\/lv\/shop\/rupnieciskie-kontrolieri-dzoistiki-un-konsoles\/parnesumu-ierobezosanas-sledzi\/parnesumu-ierobezosanas-sledzi-ge1-ge2\/#breadcrumb\",\"itemListElement\":[{\"@type\":\"ListItem\",\"position\":1,\"name\":\"Home\",\"item\":\"https:\/\/dev.myindustrial.eu\/lv\/\"},{\"@type\":\"ListItem\",\"position\":2,\"name\":\"Products\",\"item\":\"https:\/\/dev.myindustrial.eu\/lv\/products\/\"},{\"@type\":\"ListItem\",\"position\":3,\"name\":\"P\u0101rnesumu ierobe\u017eo\u0161anas sl\u0113d\u017ei GE1 \/ GE2\"}]},{\"@type\":\"WebSite\",\"@id\":\"https:\/\/dev.myindustrial.eu\/lv\/#website\",\"url\":\"https:\/\/dev.myindustrial.eu\/lv\/\",\"name\":\"My industrial\",\"description\":\"\",\"potentialAction\":[{\"@type\":\"SearchAction\",\"target\":{\"@type\":\"EntryPoint\",\"urlTemplate\":\"https:\/\/dev.myindustrial.eu\/lv\/?s={search_term_string}\"},\"query-input\":{\"@type\":\"PropertyValueSpecification\",\"valueRequired\":true,\"valueName\":\"search_term_string\"}}],\"inLanguage\":\"lv-LV\"}]}<\/script>\n<!-- \/ Yoast SEO plugin. -->","yoast_head_json":{"title":"P\u0101rnesumu ierobe\u017eo\u0161anas sl\u0113d\u017ei GE1 \/ GE2 - My industrial","robots":{"index":"noindex","follow":"follow","max-snippet":"max-snippet:-1","max-image-preview":"max-image-preview:large","max-video-preview":"max-video-preview:-1"},"og_locale":"lv_LV","og_type":"article","og_title":"P\u0101rnesumu ierobe\u017eo\u0161anas sl\u0113d\u017ei GE1 \/ GE2 - My industrial","og_url":"https:\/\/dev.myindustrial.eu\/lv\/shop\/rupnieciskie-kontrolieri-dzoistiki-un-konsoles\/parnesumu-ierobezosanas-sledzi\/parnesumu-ierobezosanas-sledzi-ge1-ge2\/","og_site_name":"My industrial","article_modified_time":"2023-06-16T20:16:03+00:00","og_image":[{"width":500,"height":500,"url":"https:\/\/dev.myindustrial.eu\/wp-content\/uploads\/2022\/01\/GE1-1-1.webp","type":"image\/webp"}],"twitter_card":"summary_large_image","schema":{"@context":"https:\/\/schema.org","@graph":[{"@type":"WebPage","@id":"https:\/\/dev.myindustrial.eu\/lv\/shop\/rupnieciskie-kontrolieri-dzoistiki-un-konsoles\/parnesumu-ierobezosanas-sledzi\/parnesumu-ierobezosanas-sledzi-ge1-ge2\/","url":"https:\/\/dev.myindustrial.eu\/lv\/shop\/rupnieciskie-kontrolieri-dzoistiki-un-konsoles\/parnesumu-ierobezosanas-sledzi\/parnesumu-ierobezosanas-sledzi-ge1-ge2\/","name":"P\u0101rnesumu ierobe\u017eo\u0161anas sl\u0113d\u017ei GE1 \/ GE2 - My industrial","isPartOf":{"@id":"https:\/\/dev.myindustrial.eu\/lv\/#website"},"primaryImageOfPage":{"@id":"https:\/\/dev.myindustrial.eu\/lv\/shop\/rupnieciskie-kontrolieri-dzoistiki-un-konsoles\/parnesumu-ierobezosanas-sledzi\/parnesumu-ierobezosanas-sledzi-ge1-ge2\/#primaryimage"},"image":{"@id":"https:\/\/dev.myindustrial.eu\/lv\/shop\/rupnieciskie-kontrolieri-dzoistiki-un-konsoles\/parnesumu-ierobezosanas-sledzi\/parnesumu-ierobezosanas-sledzi-ge1-ge2\/#primaryimage"},"thumbnailUrl":"https:\/\/dev.myindustrial.eu\/wp-content\/uploads\/2022\/01\/GE1-1-1.webp","datePublished":"2022-01-14T01:57:04+00:00","dateModified":"2023-06-16T20:16:03+00:00","breadcrumb":{"@id":"https:\/\/dev.myindustrial.eu\/lv\/shop\/rupnieciskie-kontrolieri-dzoistiki-un-konsoles\/parnesumu-ierobezosanas-sledzi\/parnesumu-ierobezosanas-sledzi-ge1-ge2\/#breadcrumb"},"inLanguage":"lv-LV","potentialAction":[{"@type":"ReadAction","target":["https:\/\/dev.myindustrial.eu\/lv\/shop\/rupnieciskie-kontrolieri-dzoistiki-un-konsoles\/parnesumu-ierobezosanas-sledzi\/parnesumu-ierobezosanas-sledzi-ge1-ge2\/"]}]},{"@type":"ImageObject","inLanguage":"lv-LV","@id":"https:\/\/dev.myindustrial.eu\/lv\/shop\/rupnieciskie-kontrolieri-dzoistiki-un-konsoles\/parnesumu-ierobezosanas-sledzi\/parnesumu-ierobezosanas-sledzi-ge1-ge2\/#primaryimage","url":"https:\/\/dev.myindustrial.eu\/wp-content\/uploads\/2022\/01\/GE1-1-1.webp","contentUrl":"https:\/\/dev.myindustrial.eu\/wp-content\/uploads\/2022\/01\/GE1-1-1.webp","width":500,"height":500},{"@type":"BreadcrumbList","@id":"https:\/\/dev.myindustrial.eu\/lv\/shop\/rupnieciskie-kontrolieri-dzoistiki-un-konsoles\/parnesumu-ierobezosanas-sledzi\/parnesumu-ierobezosanas-sledzi-ge1-ge2\/#breadcrumb","itemListElement":[{"@type":"ListItem","position":1,"name":"Home","item":"https:\/\/dev.myindustrial.eu\/lv\/"},{"@type":"ListItem","position":2,"name":"Products","item":"https:\/\/dev.myindustrial.eu\/lv\/products\/"},{"@type":"ListItem","position":3,"name":"P\u0101rnesumu ierobe\u017eo\u0161anas sl\u0113d\u017ei GE1 \/ GE2"}]},{"@type":"WebSite","@id":"https:\/\/dev.myindustrial.eu\/lv\/#website","url":"https:\/\/dev.myindustrial.eu\/lv\/","name":"My industrial","description":"","potentialAction":[{"@type":"SearchAction","target":{"@type":"EntryPoint","urlTemplate":"https:\/\/dev.myindustrial.eu\/lv\/?s={search_term_string}"},"query-input":{"@type":"PropertyValueSpecification","valueRequired":true,"valueName":"search_term_string"}}],"inLanguage":"lv-LV"}]}},"_links":{"self":[{"href":"https:\/\/dev.myindustrial.eu\/lv\/wp-json\/wp\/v2\/product\/1260058993","targetHints":{"allow":["GET"]}}],"collection":[{"href":"https:\/\/dev.myindustrial.eu\/lv\/wp-json\/wp\/v2\/product"}],"about":[{"href":"https:\/\/dev.myindustrial.eu\/lv\/wp-json\/wp\/v2\/types\/product"}],"version-history":[{"count":1,"href":"https:\/\/dev.myindustrial.eu\/lv\/wp-json\/wp\/v2\/product\/1260058993\/revisions"}],"predecessor-version":[{"id":1260060144,"href":"https:\/\/dev.myindustrial.eu\/lv\/wp-json\/wp\/v2\/product\/1260058993\/revisions\/1260060144"}],"wp:featuredmedia":[{"embeddable":true,"href":"https:\/\/dev.myindustrial.eu\/lv\/wp-json\/wp\/v2\/media\/1260057884"}],"wp:attachment":[{"href":"https:\/\/dev.myindustrial.eu\/lv\/wp-json\/wp\/v2\/media?parent=1260058993"}],"wp:term":[{"taxonomy":"product_brand","embeddable":true,"href":"https:\/\/dev.myindustrial.eu\/lv\/wp-json\/wp\/v2\/product_brand?post=1260058993"},{"taxonomy":"product_cat","embeddable":true,"href":"https:\/\/dev.myindustrial.eu\/lv\/wp-json\/wp\/v2\/product_cat?post=1260058993"},{"taxonomy":"product_tag","embeddable":true,"href":"https:\/\/dev.myindustrial.eu\/lv\/wp-json\/wp\/v2\/product_tag?post=1260058993"}],"curies":[{"name":"wp","href":"https:\/\/api.w.org\/{rel}","templated":true}]}}