{"id":1260059060,"date":"2022-01-14T01:57:27","date_gmt":"2022-01-14T01:57:27","guid":{"rendered":"https:\/\/dev.myindustrial.eu\/shop-2\/uncategorized\/elhy-elektrohidrauliskais-dzinejs-grudejs\/"},"modified":"2023-06-16T20:12:05","modified_gmt":"2023-06-16T20:12:05","slug":"elhy-elektrohidrauliskais-dzinejs-grudejs","status":"publish","type":"product","link":"https:\/\/dev.myindustrial.eu\/lv\/shop\/elektrohidraulisko-piedzinu-risinajumi\/elektrohidrauliskie-dzineji\/elhy-elektrohidrauliskais-dzinejs-grudejs\/","title":{"rendered":"ELHY\u00ae elektrohidrauliskais dzin\u0113js (gr\u016bd\u0113js)"},"content":{"rendered":"<p><iframe width=\"560\" height=\"315\" src=\"https:\/\/youtube.com\/embed\/E9ieLcNyUUY\" frameborder=\"0\" allow=\"accelerometer; autoplay; clipboard-write; encrypted-media; gyroscope; picture-in-picture; web-share\" allowfullscreen><\/iframe><\/p>\n","protected":false},"excerpt":{"rendered":"<p><strong>Funkcijas princips<\/strong><\/p>\n<p>ELHY\u00ae ier\u012bces ir pieejamas tr\u012bs da\u017e\u0101d\u0101s s\u0113rij\u0101s, kur\u0101m vis\u0101m ir vien\u0101ds funkcion\u0101lais princips, vien\u0101ds iek\u0161\u0113jais dizains un t\u0101da pati \u0101r\u0113j\u0101 forma.<br \/>\nKorpus\u0101 ir motora stators ar piedzi\u0146u; pats motors ir tr\u012bsf\u0101zu asinhronais &#8220;\u012bssavienojuma&#8221; motors. Motors darbojas darba \u0161\u0137idrum\u0101.<br \/>\nElektrisko savienojumu izveido, izmantojot spai\u013cu k\u0101rbu, kas cie\u0161i nosl\u0113dz motora korpusu. Liet\u0101s k\u0101jas uz motora korpusa tiek izmantotas, lai ELHY\u00ae ier\u012bci nostiprin\u0101tu viet\u0101. S\u016bk\u0146a l\u0101psti\u0146ritenis ir piestiprin\u0101ts pie motora v\u0101rpstas.<br \/>\nVirzo\u0161ais cilindrs ar aksi\u0101li p\u0101rvietojamo virzuli atrodas virs l\u0101psti\u0146rite\u0146a. Ier\u012bces iek\u0161puse ir piepild\u012bta ar hidraulisko \u0161\u0137idrumu l\u012bdz uzpildes atveres l\u012bmenim.<\/p>\n<p><a href=\"\/wp-content\/uploads\/2022\/01\/20221212_emg_elhy_en_rev00.pdf\" target=\"_blank\" rel=\"noopener\"><img decoding=\"async\" src=\"\/wp-content\/uploads\/2023\/02\/download-button-lv.svg\" \/><\/a><\/p>\n","protected":false},"featured_media":1260058286,"template":"","meta":[],"product_brand":[],"product_cat":[1312],"product_tag":[],"class_list":{"0":"post-1260059060","1":"product","2":"type-product","3":"status-publish","4":"has-post-thumbnail","6":"product_cat-elektrohidrauliskie-dzineji","8":"first","9":"instock","10":"product-type-simple"},"yoast_head":"<!-- This site is optimized with the Yoast SEO plugin v27.1.1 - https:\/\/yoast.com\/product\/yoast-seo-wordpress\/ -->\n<title>ELHY\u00ae elektrohidrauliskais dzin\u0113js (gr\u016bd\u0113js) - My industrial<\/title>\n<meta name=\"robots\" content=\"noindex, follow, max-snippet:-1, max-image-preview:large, max-video-preview:-1\" \/>\n<meta property=\"og:locale\" content=\"lv_LV\" \/>\n<meta property=\"og:type\" content=\"article\" \/>\n<meta property=\"og:title\" content=\"ELHY\u00ae elektrohidrauliskais dzin\u0113js (gr\u016bd\u0113js) - My industrial\" \/>\n<meta property=\"og:description\" content=\"Funkcijas princips  ELHY\u00ae ier\u012bces ir pieejamas tr\u012bs da\u017e\u0101d\u0101s s\u0113rij\u0101s, kur\u0101m vis\u0101m ir vien\u0101ds funkcion\u0101lais princips, vien\u0101ds iek\u0161\u0113jais dizains un t\u0101da pati \u0101r\u0113j\u0101 forma. Korpus\u0101 ir motora stators ar piedzi\u0146u; pats motors ir tr\u012bsf\u0101zu asinhronais &quot;\u012bssavienojuma&quot; motors. Motors darbojas darba \u0161\u0137idrum\u0101. Elektrisko savienojumu izveido, izmantojot spai\u013cu k\u0101rbu, kas cie\u0161i nosl\u0113dz motora korpusu. Liet\u0101s k\u0101jas uz motora korpusa tiek izmantotas, lai ELHY\u00ae ier\u012bci nostiprin\u0101tu viet\u0101. S\u016bk\u0146a l\u0101psti\u0146ritenis ir piestiprin\u0101ts pie motora v\u0101rpstas. Virzo\u0161ais cilindrs ar aksi\u0101li p\u0101rvietojamo virzuli atrodas virs l\u0101psti\u0146rite\u0146a. Ier\u012bces iek\u0161puse ir piepild\u012bta ar hidraulisko \u0161\u0137idrumu l\u012bdz uzpildes atveres l\u012bmenim.\" \/>\n<meta property=\"og:url\" content=\"https:\/\/dev.myindustrial.eu\/lv\/shop\/elektrohidraulisko-piedzinu-risinajumi\/elektrohidrauliskie-dzineji\/elhy-elektrohidrauliskais-dzinejs-grudejs\/\" \/>\n<meta property=\"og:site_name\" content=\"My industrial\" \/>\n<meta property=\"article:modified_time\" content=\"2023-06-16T20:12:05+00:00\" \/>\n<meta property=\"og:image\" content=\"https:\/\/dev.myindustrial.eu\/wp-content\/uploads\/2022\/01\/ELHY-1-280x300-3.jpg\" \/>\n\t<meta property=\"og:image:width\" content=\"280\" \/>\n\t<meta property=\"og:image:height\" content=\"300\" \/>\n\t<meta property=\"og:image:type\" content=\"image\/jpeg\" \/>\n<meta name=\"twitter:card\" content=\"summary_large_image\" \/>\n<script type=\"application\/ld+json\" class=\"yoast-schema-graph\">{\"@context\":\"https:\/\/schema.org\",\"@graph\":[{\"@type\":\"WebPage\",\"@id\":\"https:\/\/dev.myindustrial.eu\/lv\/shop\/elektrohidraulisko-piedzinu-risinajumi\/elektrohidrauliskie-dzineji\/elhy-elektrohidrauliskais-dzinejs-grudejs\/\",\"url\":\"https:\/\/dev.myindustrial.eu\/lv\/shop\/elektrohidraulisko-piedzinu-risinajumi\/elektrohidrauliskie-dzineji\/elhy-elektrohidrauliskais-dzinejs-grudejs\/\",\"name\":\"ELHY\u00ae elektrohidrauliskais dzin\u0113js (gr\u016bd\u0113js) - My industrial\",\"isPartOf\":{\"@id\":\"https:\/\/dev.myindustrial.eu\/lv\/#website\"},\"primaryImageOfPage\":{\"@id\":\"https:\/\/dev.myindustrial.eu\/lv\/shop\/elektrohidraulisko-piedzinu-risinajumi\/elektrohidrauliskie-dzineji\/elhy-elektrohidrauliskais-dzinejs-grudejs\/#primaryimage\"},\"image\":{\"@id\":\"https:\/\/dev.myindustrial.eu\/lv\/shop\/elektrohidraulisko-piedzinu-risinajumi\/elektrohidrauliskie-dzineji\/elhy-elektrohidrauliskais-dzinejs-grudejs\/#primaryimage\"},\"thumbnailUrl\":\"https:\/\/dev.myindustrial.eu\/wp-content\/uploads\/2022\/01\/ELHY-1-280x300-3.jpg\",\"datePublished\":\"2022-01-14T01:57:27+00:00\",\"dateModified\":\"2023-06-16T20:12:05+00:00\",\"breadcrumb\":{\"@id\":\"https:\/\/dev.myindustrial.eu\/lv\/shop\/elektrohidraulisko-piedzinu-risinajumi\/elektrohidrauliskie-dzineji\/elhy-elektrohidrauliskais-dzinejs-grudejs\/#breadcrumb\"},\"inLanguage\":\"lv-LV\",\"potentialAction\":[{\"@type\":\"ReadAction\",\"target\":[\"https:\/\/dev.myindustrial.eu\/lv\/shop\/elektrohidraulisko-piedzinu-risinajumi\/elektrohidrauliskie-dzineji\/elhy-elektrohidrauliskais-dzinejs-grudejs\/\"]}]},{\"@type\":\"ImageObject\",\"inLanguage\":\"lv-LV\",\"@id\":\"https:\/\/dev.myindustrial.eu\/lv\/shop\/elektrohidraulisko-piedzinu-risinajumi\/elektrohidrauliskie-dzineji\/elhy-elektrohidrauliskais-dzinejs-grudejs\/#primaryimage\",\"url\":\"https:\/\/dev.myindustrial.eu\/wp-content\/uploads\/2022\/01\/ELHY-1-280x300-3.jpg\",\"contentUrl\":\"https:\/\/dev.myindustrial.eu\/wp-content\/uploads\/2022\/01\/ELHY-1-280x300-3.jpg\",\"width\":280,\"height\":300},{\"@type\":\"BreadcrumbList\",\"@id\":\"https:\/\/dev.myindustrial.eu\/lv\/shop\/elektrohidraulisko-piedzinu-risinajumi\/elektrohidrauliskie-dzineji\/elhy-elektrohidrauliskais-dzinejs-grudejs\/#breadcrumb\",\"itemListElement\":[{\"@type\":\"ListItem\",\"position\":1,\"name\":\"Home\",\"item\":\"https:\/\/dev.myindustrial.eu\/lv\/\"},{\"@type\":\"ListItem\",\"position\":2,\"name\":\"Products\",\"item\":\"https:\/\/dev.myindustrial.eu\/lv\/products\/\"},{\"@type\":\"ListItem\",\"position\":3,\"name\":\"ELHY\u00ae elektrohidrauliskais dzin\u0113js (gr\u016bd\u0113js)\"}]},{\"@type\":\"WebSite\",\"@id\":\"https:\/\/dev.myindustrial.eu\/lv\/#website\",\"url\":\"https:\/\/dev.myindustrial.eu\/lv\/\",\"name\":\"My industrial\",\"description\":\"\",\"potentialAction\":[{\"@type\":\"SearchAction\",\"target\":{\"@type\":\"EntryPoint\",\"urlTemplate\":\"https:\/\/dev.myindustrial.eu\/lv\/?s={search_term_string}\"},\"query-input\":{\"@type\":\"PropertyValueSpecification\",\"valueRequired\":true,\"valueName\":\"search_term_string\"}}],\"inLanguage\":\"lv-LV\"}]}<\/script>\n<!-- \/ Yoast SEO plugin. -->","yoast_head_json":{"title":"ELHY\u00ae elektrohidrauliskais dzin\u0113js (gr\u016bd\u0113js) - My industrial","robots":{"index":"noindex","follow":"follow","max-snippet":"max-snippet:-1","max-image-preview":"max-image-preview:large","max-video-preview":"max-video-preview:-1"},"og_locale":"lv_LV","og_type":"article","og_title":"ELHY\u00ae elektrohidrauliskais dzin\u0113js (gr\u016bd\u0113js) - My industrial","og_description":"Funkcijas princips  ELHY\u00ae ier\u012bces ir pieejamas tr\u012bs da\u017e\u0101d\u0101s s\u0113rij\u0101s, kur\u0101m vis\u0101m ir vien\u0101ds funkcion\u0101lais princips, vien\u0101ds iek\u0161\u0113jais dizains un t\u0101da pati \u0101r\u0113j\u0101 forma. Korpus\u0101 ir motora stators ar piedzi\u0146u; pats motors ir tr\u012bsf\u0101zu asinhronais \"\u012bssavienojuma\" motors. Motors darbojas darba \u0161\u0137idrum\u0101. Elektrisko savienojumu izveido, izmantojot spai\u013cu k\u0101rbu, kas cie\u0161i nosl\u0113dz motora korpusu. Liet\u0101s k\u0101jas uz motora korpusa tiek izmantotas, lai ELHY\u00ae ier\u012bci nostiprin\u0101tu viet\u0101. S\u016bk\u0146a l\u0101psti\u0146ritenis ir piestiprin\u0101ts pie motora v\u0101rpstas. Virzo\u0161ais cilindrs ar aksi\u0101li p\u0101rvietojamo virzuli atrodas virs l\u0101psti\u0146rite\u0146a. Ier\u012bces iek\u0161puse ir piepild\u012bta ar hidraulisko \u0161\u0137idrumu l\u012bdz uzpildes atveres l\u012bmenim.","og_url":"https:\/\/dev.myindustrial.eu\/lv\/shop\/elektrohidraulisko-piedzinu-risinajumi\/elektrohidrauliskie-dzineji\/elhy-elektrohidrauliskais-dzinejs-grudejs\/","og_site_name":"My industrial","article_modified_time":"2023-06-16T20:12:05+00:00","og_image":[{"width":280,"height":300,"url":"https:\/\/dev.myindustrial.eu\/wp-content\/uploads\/2022\/01\/ELHY-1-280x300-3.jpg","type":"image\/jpeg"}],"twitter_card":"summary_large_image","schema":{"@context":"https:\/\/schema.org","@graph":[{"@type":"WebPage","@id":"https:\/\/dev.myindustrial.eu\/lv\/shop\/elektrohidraulisko-piedzinu-risinajumi\/elektrohidrauliskie-dzineji\/elhy-elektrohidrauliskais-dzinejs-grudejs\/","url":"https:\/\/dev.myindustrial.eu\/lv\/shop\/elektrohidraulisko-piedzinu-risinajumi\/elektrohidrauliskie-dzineji\/elhy-elektrohidrauliskais-dzinejs-grudejs\/","name":"ELHY\u00ae elektrohidrauliskais dzin\u0113js (gr\u016bd\u0113js) - My industrial","isPartOf":{"@id":"https:\/\/dev.myindustrial.eu\/lv\/#website"},"primaryImageOfPage":{"@id":"https:\/\/dev.myindustrial.eu\/lv\/shop\/elektrohidraulisko-piedzinu-risinajumi\/elektrohidrauliskie-dzineji\/elhy-elektrohidrauliskais-dzinejs-grudejs\/#primaryimage"},"image":{"@id":"https:\/\/dev.myindustrial.eu\/lv\/shop\/elektrohidraulisko-piedzinu-risinajumi\/elektrohidrauliskie-dzineji\/elhy-elektrohidrauliskais-dzinejs-grudejs\/#primaryimage"},"thumbnailUrl":"https:\/\/dev.myindustrial.eu\/wp-content\/uploads\/2022\/01\/ELHY-1-280x300-3.jpg","datePublished":"2022-01-14T01:57:27+00:00","dateModified":"2023-06-16T20:12:05+00:00","breadcrumb":{"@id":"https:\/\/dev.myindustrial.eu\/lv\/shop\/elektrohidraulisko-piedzinu-risinajumi\/elektrohidrauliskie-dzineji\/elhy-elektrohidrauliskais-dzinejs-grudejs\/#breadcrumb"},"inLanguage":"lv-LV","potentialAction":[{"@type":"ReadAction","target":["https:\/\/dev.myindustrial.eu\/lv\/shop\/elektrohidraulisko-piedzinu-risinajumi\/elektrohidrauliskie-dzineji\/elhy-elektrohidrauliskais-dzinejs-grudejs\/"]}]},{"@type":"ImageObject","inLanguage":"lv-LV","@id":"https:\/\/dev.myindustrial.eu\/lv\/shop\/elektrohidraulisko-piedzinu-risinajumi\/elektrohidrauliskie-dzineji\/elhy-elektrohidrauliskais-dzinejs-grudejs\/#primaryimage","url":"https:\/\/dev.myindustrial.eu\/wp-content\/uploads\/2022\/01\/ELHY-1-280x300-3.jpg","contentUrl":"https:\/\/dev.myindustrial.eu\/wp-content\/uploads\/2022\/01\/ELHY-1-280x300-3.jpg","width":280,"height":300},{"@type":"BreadcrumbList","@id":"https:\/\/dev.myindustrial.eu\/lv\/shop\/elektrohidraulisko-piedzinu-risinajumi\/elektrohidrauliskie-dzineji\/elhy-elektrohidrauliskais-dzinejs-grudejs\/#breadcrumb","itemListElement":[{"@type":"ListItem","position":1,"name":"Home","item":"https:\/\/dev.myindustrial.eu\/lv\/"},{"@type":"ListItem","position":2,"name":"Products","item":"https:\/\/dev.myindustrial.eu\/lv\/products\/"},{"@type":"ListItem","position":3,"name":"ELHY\u00ae elektrohidrauliskais dzin\u0113js (gr\u016bd\u0113js)"}]},{"@type":"WebSite","@id":"https:\/\/dev.myindustrial.eu\/lv\/#website","url":"https:\/\/dev.myindustrial.eu\/lv\/","name":"My industrial","description":"","potentialAction":[{"@type":"SearchAction","target":{"@type":"EntryPoint","urlTemplate":"https:\/\/dev.myindustrial.eu\/lv\/?s={search_term_string}"},"query-input":{"@type":"PropertyValueSpecification","valueRequired":true,"valueName":"search_term_string"}}],"inLanguage":"lv-LV"}]}},"_links":{"self":[{"href":"https:\/\/dev.myindustrial.eu\/lv\/wp-json\/wp\/v2\/product\/1260059060","targetHints":{"allow":["GET"]}}],"collection":[{"href":"https:\/\/dev.myindustrial.eu\/lv\/wp-json\/wp\/v2\/product"}],"about":[{"href":"https:\/\/dev.myindustrial.eu\/lv\/wp-json\/wp\/v2\/types\/product"}],"version-history":[{"count":0,"href":"https:\/\/dev.myindustrial.eu\/lv\/wp-json\/wp\/v2\/product\/1260059060\/revisions"}],"wp:featuredmedia":[{"embeddable":true,"href":"https:\/\/dev.myindustrial.eu\/lv\/wp-json\/wp\/v2\/media\/1260058286"}],"wp:attachment":[{"href":"https:\/\/dev.myindustrial.eu\/lv\/wp-json\/wp\/v2\/media?parent=1260059060"}],"wp:term":[{"taxonomy":"product_brand","embeddable":true,"href":"https:\/\/dev.myindustrial.eu\/lv\/wp-json\/wp\/v2\/product_brand?post=1260059060"},{"taxonomy":"product_cat","embeddable":true,"href":"https:\/\/dev.myindustrial.eu\/lv\/wp-json\/wp\/v2\/product_cat?post=1260059060"},{"taxonomy":"product_tag","embeddable":true,"href":"https:\/\/dev.myindustrial.eu\/lv\/wp-json\/wp\/v2\/product_tag?post=1260059060"}],"curies":[{"name":"wp","href":"https:\/\/api.w.org\/{rel}","templated":true}]}}