{"id":1260059062,"date":"2022-01-14T01:57:35","date_gmt":"2022-01-14T01:57:35","guid":{"rendered":"https:\/\/dev.myindustrial.eu\/shop-2\/uncategorized\/elektrohidrauliskie-dzineji-grudeji-eldroclassic\/"},"modified":"2023-06-16T20:12:05","modified_gmt":"2023-06-16T20:12:05","slug":"elektrohidrauliskie-dzineji-grudeji-eldroclassic","status":"publish","type":"product","link":"https:\/\/dev.myindustrial.eu\/lv\/shop\/elektrohidraulisko-piedzinu-risinajumi\/elektrohidrauliskie-dzineji\/elektrohidrauliskie-dzineji-grudeji-eldroclassic\/","title":{"rendered":"Elektrohidrauliskie dzin\u0113ji (gr\u016bd\u0113ji) ELDROclassic\u00ae"},"content":{"rendered":"<p><iframe width=\"560\" height=\"315\" src=\"https:\/\/youtube.com\/embed\/E9ieLcNyUUY\" frameborder=\"0\" allow=\"accelerometer; autoplay; clipboard-write; encrypted-media; gyroscope; picture-in-picture; web-share\" allowfullscreen><\/iframe><iframe width=\"560\" height=\"315\" src=\"https:\/\/youtube.com\/embed\/ktqsaxDLCLE\" frameborder=\"0\" allow=\"accelerometer; autoplay; clipboard-write; encrypted-media; gyroscope; picture-in-picture; web-share\" allowfullscreen><\/iframe><\/p>\n","protected":false},"excerpt":{"rendered":"<p><strong>Elektrohidrauliskie dzin\u0113ji (gr\u016bd\u0113ji) ELDROclassic\u00ae<\/strong><br \/>\n<strong>Augst\u0101k\u0101 kvalit\u0101te &#8211; maksim\u0101la dro\u0161\u012bba<\/strong><br \/>\nDARB\u012aBAS RE\u017d\u012aMS<\/p>\n<p>Visi hidraulisk\u0101s iedarbin\u0101\u0161anas sist\u0113mas elementi ir apvienoti EMG elektrohidrauliskajos dzin\u0113jos (gr\u016bd\u0113jos), lai izveidotu kompaktu komplektu. Kad tas ir izsl\u0113gts, hidrauliskais virzulis ar virzu\u013ca k\u0101tu atrodas apak\u0161\u0113j\u0101 gala poz\u012bcij\u0101. Iesl\u0113dzot, hidrauliskais s\u016bknis s\u016bkn\u0113 darba \u0161\u0137idrumu zem virzu\u013ca un, to darot, \u0161eit rada hidraulisko spiedienu. T\u0101d\u0113j\u0101di virzulis virz\u0101s uz maksim\u0101lo g\u0101jiena ce\u013cu. To darot, ir dro\u0161i j\u0101p\u0101rvar pretsp\u0113ks, ko rada integr\u0113ta bremze vai atgrie\u0161an\u0101s atspere vai \u0101r\u0113ja slodze (piem\u0113ram, bremze).<\/p>\n<p>Ier\u012b\u010du maksim\u0101lo g\u0101jiena ce\u013cu var \u0101r\u0113ji patva\u013c\u012bgi ierobe\u017eot. Tas var b\u016bt gad\u012bjum\u0101, ja iedarbin\u0101m\u0101 bremze prasa tikai samazin\u0101tu g\u0101jiena ce\u013cu, lai to piln\u012bb\u0101 atv\u0113rtu. Attiec\u012bgaj\u0101 virzu\u013ca gala st\u0101vokl\u012b motora ener\u0123ijas pat\u0113ri\u0146\u0161 samazin\u0101s, sal\u012bdzinot ar cel\u0161anas proces\u0101 pat\u0113r\u0113to jaudu hidraulikas likumu d\u0113\u013c. \u0160eit spiediens ier\u012bc\u0113 sasniedz maksim\u0101lo v\u0113rt\u012bbu. T\u0101d\u0113j\u0101di piedzi\u0146as motors ir atbr\u012bvots virzu\u013ca &#8220;br\u012bvaj\u0101&#8221; st\u0101vokl\u012b. Ier\u012b\u010du meh\u0101niska p\u0101rslodze nav iesp\u0113jama.<\/p>\n<p><strong>Rakstur\u012bg\u0101s iez\u012bmes<\/strong><\/p>\n<p>Elektrohidraulisk\u0101 sist\u0113ma, ko izmanto ELDRO\u00ae ier\u012bces, kop\u0101 ar vienk\u0101r\u0161u integr\u0101ciju brem\u017eu sist\u0113m\u0101s un vienk\u0101r\u0161u elektrisko nodo\u0161anas ekspluat\u0101cij\u0101 procesu nodro\u0161ina \u0161\u0101das \u012bpa\u0161\u012bbas da\u017e\u0101diem darb\u012bbas apst\u0101k\u013ciem:<\/p>\n<ul>\n<li>Augsta darb\u012bbas uzticam\u012bba<\/li>\n<li>Ilgs kalpo\u0161anas laiks, pateicoties darb\u012bbai bez nodiluma ar past\u0101v\u012bgu pa\u0161e\u013c\u013co\u0161anu<\/li>\n<li>M\u012bksta un bez triecieniem darb\u012bba k\u0101 hidraulisk\u0101 darb\u012bbas principa sist\u0113misks rezult\u0101ts<\/li>\n<li>\u012ass regul\u0113\u0161anas laiks<\/li>\n<li>Apstiprin\u0101ta nep\u0101rtraukta darb\u012bba S1<\/li>\n<li>Augsta p\u0101rsl\u0113g\u0161anas frekvence l\u012bdz 2000 cikliem stund\u0101 p\u0101rsl\u0113g\u0161anas re\u017e\u012bm\u0101 S3<\/li>\n<li>Atpaka\u013cgaitas darb\u012bba bez ierobe\u017eojumiem<\/li>\n<li>Viegla uzst\u0101d\u012b\u0161ana un no\u0146em\u0161ana<\/li>\n<li>Patva\u013c\u012bgs motora grie\u0161an\u0101s virziens, t\u0101p\u0113c nav nepiecie\u0161ami p\u0101rsl\u0113g\u0161anas kontaktori<\/li>\n<li>P\u0101rslodze ekspluat\u0101cijas laik\u0101 nav iesp\u0113jama<\/li>\n<li>Patva\u013c\u012bgs g\u0101jiena ce\u013ca \u0101r\u0113jais ierobe\u017eojums<\/li>\n<li>Bezpak\u0101pju pacel\u0161anas un\/vai nolai\u0161anas laika pagarin\u0101\u0161ana, uzst\u0101dot v\u0101rstus<\/li>\n<li>Darba vides piepild\u012bjuma l\u012bmenis ir optimiz\u0113ts atbilsto\u0161i darb\u012bbas apst\u0101k\u013ciem, un tam nav nepiecie\u0161ama papildu p\u0101rbaude<\/li>\n<li>Pla\u0161s standarta temperat\u016bras diapazons no \u201325 \u00b0C l\u012bdz +50 \u00b0C, papla\u0161in\u0101ms l\u012bdz \u201345 \u00b0C l\u012bdz +80 \u00b0C ar papildu apr\u012bkojumu, piem. sild\u012b\u0161ana un speci\u0101lu darb\u012bbas l\u012bdzek\u013cu izmanto\u0161ana<\/li>\n<li>Nav nepiecie\u0161ama siltuma aizsardz\u012bbas \u0137\u0113de<\/li>\n<li>Darb\u012bbas principam nav vajadz\u012bgas jut\u012bgas elektroniskas un sensoriskas instal\u0101cijas deta\u013cas<\/li>\n<\/ul>\n<p><a href=\"\/wp-content\/uploads\/2022\/01\/20230125_eldroclassic_gesamtprospekt_en.pdf\" target=\"_blank\" rel=\"noopener\"><img decoding=\"async\" src=\"\/wp-content\/uploads\/2023\/02\/download-button-lv.svg\" \/><\/a><\/p>\n","protected":false},"featured_media":1260058298,"template":"","meta":[],"product_brand":[],"product_cat":[1312],"product_tag":[],"class_list":{"0":"post-1260059062","1":"product","2":"type-product","3":"status-publish","4":"has-post-thumbnail","6":"product_cat-elektrohidrauliskie-dzineji","8":"first","9":"instock","10":"product-type-simple"},"yoast_head":"<!-- This site is optimized with the Yoast SEO plugin v27.1.1 - https:\/\/yoast.com\/product\/yoast-seo-wordpress\/ -->\n<title>Elektrohidrauliskie dzin\u0113ji (gr\u016bd\u0113ji) ELDROclassic\u00ae - My industrial<\/title>\n<meta name=\"robots\" content=\"noindex, follow, max-snippet:-1, max-image-preview:large, max-video-preview:-1\" \/>\n<meta property=\"og:locale\" content=\"lv_LV\" \/>\n<meta property=\"og:type\" content=\"article\" \/>\n<meta property=\"og:title\" content=\"Elektrohidrauliskie dzin\u0113ji (gr\u016bd\u0113ji) ELDROclassic\u00ae - My industrial\" \/>\n<meta property=\"og:description\" content=\"Elektrohidrauliskie dzin\u0113ji (gr\u016bd\u0113ji) ELDROclassic\u00ae Augst\u0101k\u0101 kvalit\u0101te - maksim\u0101la dro\u0161\u012bba DARB\u012aBAS RE\u017d\u012aMS  Visi hidraulisk\u0101s iedarbin\u0101\u0161anas sist\u0113mas elementi ir apvienoti EMG elektrohidrauliskajos dzin\u0113jos (gr\u016bd\u0113jos), lai izveidotu kompaktu komplektu. Kad tas ir izsl\u0113gts, hidrauliskais virzulis ar virzu\u013ca k\u0101tu atrodas apak\u0161\u0113j\u0101 gala poz\u012bcij\u0101. Iesl\u0113dzot, hidrauliskais s\u016bknis s\u016bkn\u0113 darba \u0161\u0137idrumu zem virzu\u013ca un, to darot, \u0161eit rada hidraulisko spiedienu. T\u0101d\u0113j\u0101di virzulis virz\u0101s uz maksim\u0101lo g\u0101jiena ce\u013cu. To darot, ir dro\u0161i j\u0101p\u0101rvar pretsp\u0113ks, ko rada integr\u0113ta bremze vai atgrie\u0161an\u0101s atspere vai \u0101r\u0113ja slodze (piem\u0113ram, bremze).  Ier\u012b\u010du maksim\u0101lo g\u0101jiena ce\u013cu var \u0101r\u0113ji patva\u013c\u012bgi ierobe\u017eot. Tas var b\u016bt gad\u012bjum\u0101, ja iedarbin\u0101m\u0101 bremze prasa tikai samazin\u0101tu g\u0101jiena ce\u013cu, lai to piln\u012bb\u0101 atv\u0113rtu. Attiec\u012bgaj\u0101 virzu\u013ca gala st\u0101vokl\u012b motora ener\u0123ijas pat\u0113ri\u0146\u0161 samazin\u0101s, sal\u012bdzinot ar cel\u0161anas proces\u0101 pat\u0113r\u0113to jaudu hidraulikas likumu d\u0113\u013c. \u0160eit spiediens ier\u012bc\u0113 sasniedz maksim\u0101lo v\u0113rt\u012bbu. T\u0101d\u0113j\u0101di piedzi\u0146as motors ir atbr\u012bvots virzu\u013ca &quot;br\u012bvaj\u0101&quot; st\u0101vokl\u012b. Ier\u012b\u010du meh\u0101niska p\u0101rslodze nav iesp\u0113jama.  Rakstur\u012bg\u0101s iez\u012bmes  Elektrohidraulisk\u0101 sist\u0113ma, ko izmanto ELDRO\u00ae ier\u012bces, kop\u0101 ar vienk\u0101r\u0161u integr\u0101ciju brem\u017eu sist\u0113m\u0101s un vienk\u0101r\u0161u elektrisko nodo\u0161anas ekspluat\u0101cij\u0101 procesu nodro\u0161ina \u0161\u0101das \u012bpa\u0161\u012bbas da\u017e\u0101diem darb\u012bbas apst\u0101k\u013ciem:       Augsta darb\u012bbas uzticam\u012bba      Ilgs kalpo\u0161anas laiks, pateicoties darb\u012bbai bez nodiluma ar past\u0101v\u012bgu pa\u0161e\u013c\u013co\u0161anu      M\u012bksta un bez triecieniem darb\u012bba k\u0101 hidraulisk\u0101 darb\u012bbas principa sist\u0113misks rezult\u0101ts      \u012ass regul\u0113\u0161anas laiks      Apstiprin\u0101ta nep\u0101rtraukta darb\u012bba S1      Augsta p\u0101rsl\u0113g\u0161anas frekvence l\u012bdz 2000 cikliem stund\u0101 p\u0101rsl\u0113g\u0161anas re\u017e\u012bm\u0101 S3      Atpaka\u013cgaitas darb\u012bba bez ierobe\u017eojumiem      Viegla uzst\u0101d\u012b\u0161ana un no\u0146em\u0161ana      Patva\u013c\u012bgs motora grie\u0161an\u0101s virziens, t\u0101p\u0113c nav nepiecie\u0161ami p\u0101rsl\u0113g\u0161anas kontaktori      P\u0101rslodze ekspluat\u0101cijas laik\u0101 nav iesp\u0113jama      Patva\u013c\u012bgs g\u0101jiena ce\u013ca \u0101r\u0113jais ierobe\u017eojums      Bezpak\u0101pju pacel\u0161anas un\/vai nolai\u0161anas laika pagarin\u0101\u0161ana, uzst\u0101dot v\u0101rstus      Darba vides piepild\u012bjuma l\u012bmenis ir optimiz\u0113ts atbilsto\u0161i darb\u012bbas apst\u0101k\u013ciem, un tam nav nepiecie\u0161ama papildu p\u0101rbaude      Pla\u0161s standarta temperat\u016bras diapazons no \u201325 \u00b0C l\u012bdz +50 \u00b0C, papla\u0161in\u0101ms l\u012bdz \u201345 \u00b0C l\u012bdz +80 \u00b0C ar papildu apr\u012bkojumu, piem. sild\u012b\u0161ana un speci\u0101lu darb\u012bbas l\u012bdzek\u013cu izmanto\u0161ana      Nav nepiecie\u0161ama siltuma aizsardz\u012bbas \u0137\u0113de      Darb\u012bbas principam nav vajadz\u012bgas jut\u012bgas elektroniskas un sensoriskas instal\u0101cijas deta\u013cas\" \/>\n<meta property=\"og:url\" content=\"https:\/\/dev.myindustrial.eu\/lv\/shop\/elektrohidraulisko-piedzinu-risinajumi\/elektrohidrauliskie-dzineji\/elektrohidrauliskie-dzineji-grudeji-eldroclassic\/\" \/>\n<meta property=\"og:site_name\" content=\"My industrial\" \/>\n<meta property=\"article:modified_time\" content=\"2023-06-16T20:12:05+00:00\" \/>\n<meta property=\"og:image\" content=\"https:\/\/dev.myindustrial.eu\/wp-content\/uploads\/2022\/01\/ELDRO-classic-1-456x450-3.jpg\" \/>\n\t<meta property=\"og:image:width\" content=\"456\" \/>\n\t<meta property=\"og:image:height\" content=\"450\" \/>\n\t<meta property=\"og:image:type\" content=\"image\/jpeg\" \/>\n<meta name=\"twitter:card\" content=\"summary_large_image\" \/>\n<script type=\"application\/ld+json\" class=\"yoast-schema-graph\">{\"@context\":\"https:\/\/schema.org\",\"@graph\":[{\"@type\":\"WebPage\",\"@id\":\"https:\/\/dev.myindustrial.eu\/lv\/shop\/elektrohidraulisko-piedzinu-risinajumi\/elektrohidrauliskie-dzineji\/elektrohidrauliskie-dzineji-grudeji-eldroclassic\/\",\"url\":\"https:\/\/dev.myindustrial.eu\/lv\/shop\/elektrohidraulisko-piedzinu-risinajumi\/elektrohidrauliskie-dzineji\/elektrohidrauliskie-dzineji-grudeji-eldroclassic\/\",\"name\":\"Elektrohidrauliskie dzin\u0113ji (gr\u016bd\u0113ji) ELDROclassic\u00ae - My industrial\",\"isPartOf\":{\"@id\":\"https:\/\/dev.myindustrial.eu\/lv\/#website\"},\"primaryImageOfPage\":{\"@id\":\"https:\/\/dev.myindustrial.eu\/lv\/shop\/elektrohidraulisko-piedzinu-risinajumi\/elektrohidrauliskie-dzineji\/elektrohidrauliskie-dzineji-grudeji-eldroclassic\/#primaryimage\"},\"image\":{\"@id\":\"https:\/\/dev.myindustrial.eu\/lv\/shop\/elektrohidraulisko-piedzinu-risinajumi\/elektrohidrauliskie-dzineji\/elektrohidrauliskie-dzineji-grudeji-eldroclassic\/#primaryimage\"},\"thumbnailUrl\":\"https:\/\/dev.myindustrial.eu\/wp-content\/uploads\/2022\/01\/ELDRO-classic-1-456x450-3.jpg\",\"datePublished\":\"2022-01-14T01:57:35+00:00\",\"dateModified\":\"2023-06-16T20:12:05+00:00\",\"breadcrumb\":{\"@id\":\"https:\/\/dev.myindustrial.eu\/lv\/shop\/elektrohidraulisko-piedzinu-risinajumi\/elektrohidrauliskie-dzineji\/elektrohidrauliskie-dzineji-grudeji-eldroclassic\/#breadcrumb\"},\"inLanguage\":\"lv-LV\",\"potentialAction\":[{\"@type\":\"ReadAction\",\"target\":[\"https:\/\/dev.myindustrial.eu\/lv\/shop\/elektrohidraulisko-piedzinu-risinajumi\/elektrohidrauliskie-dzineji\/elektrohidrauliskie-dzineji-grudeji-eldroclassic\/\"]}]},{\"@type\":\"ImageObject\",\"inLanguage\":\"lv-LV\",\"@id\":\"https:\/\/dev.myindustrial.eu\/lv\/shop\/elektrohidraulisko-piedzinu-risinajumi\/elektrohidrauliskie-dzineji\/elektrohidrauliskie-dzineji-grudeji-eldroclassic\/#primaryimage\",\"url\":\"https:\/\/dev.myindustrial.eu\/wp-content\/uploads\/2022\/01\/ELDRO-classic-1-456x450-3.jpg\",\"contentUrl\":\"https:\/\/dev.myindustrial.eu\/wp-content\/uploads\/2022\/01\/ELDRO-classic-1-456x450-3.jpg\",\"width\":456,\"height\":450},{\"@type\":\"BreadcrumbList\",\"@id\":\"https:\/\/dev.myindustrial.eu\/lv\/shop\/elektrohidraulisko-piedzinu-risinajumi\/elektrohidrauliskie-dzineji\/elektrohidrauliskie-dzineji-grudeji-eldroclassic\/#breadcrumb\",\"itemListElement\":[{\"@type\":\"ListItem\",\"position\":1,\"name\":\"Home\",\"item\":\"https:\/\/dev.myindustrial.eu\/lv\/\"},{\"@type\":\"ListItem\",\"position\":2,\"name\":\"Products\",\"item\":\"https:\/\/dev.myindustrial.eu\/lv\/products\/\"},{\"@type\":\"ListItem\",\"position\":3,\"name\":\"Elektrohidrauliskie dzin\u0113ji (gr\u016bd\u0113ji) ELDROclassic\u00ae\"}]},{\"@type\":\"WebSite\",\"@id\":\"https:\/\/dev.myindustrial.eu\/lv\/#website\",\"url\":\"https:\/\/dev.myindustrial.eu\/lv\/\",\"name\":\"My industrial\",\"description\":\"\",\"potentialAction\":[{\"@type\":\"SearchAction\",\"target\":{\"@type\":\"EntryPoint\",\"urlTemplate\":\"https:\/\/dev.myindustrial.eu\/lv\/?s={search_term_string}\"},\"query-input\":{\"@type\":\"PropertyValueSpecification\",\"valueRequired\":true,\"valueName\":\"search_term_string\"}}],\"inLanguage\":\"lv-LV\"}]}<\/script>\n<!-- \/ Yoast SEO plugin. -->","yoast_head_json":{"title":"Elektrohidrauliskie dzin\u0113ji (gr\u016bd\u0113ji) ELDROclassic\u00ae - My industrial","robots":{"index":"noindex","follow":"follow","max-snippet":"max-snippet:-1","max-image-preview":"max-image-preview:large","max-video-preview":"max-video-preview:-1"},"og_locale":"lv_LV","og_type":"article","og_title":"Elektrohidrauliskie dzin\u0113ji (gr\u016bd\u0113ji) ELDROclassic\u00ae - My industrial","og_description":"Elektrohidrauliskie dzin\u0113ji (gr\u016bd\u0113ji) ELDROclassic\u00ae Augst\u0101k\u0101 kvalit\u0101te - maksim\u0101la dro\u0161\u012bba DARB\u012aBAS RE\u017d\u012aMS  Visi hidraulisk\u0101s iedarbin\u0101\u0161anas sist\u0113mas elementi ir apvienoti EMG elektrohidrauliskajos dzin\u0113jos (gr\u016bd\u0113jos), lai izveidotu kompaktu komplektu. Kad tas ir izsl\u0113gts, hidrauliskais virzulis ar virzu\u013ca k\u0101tu atrodas apak\u0161\u0113j\u0101 gala poz\u012bcij\u0101. Iesl\u0113dzot, hidrauliskais s\u016bknis s\u016bkn\u0113 darba \u0161\u0137idrumu zem virzu\u013ca un, to darot, \u0161eit rada hidraulisko spiedienu. T\u0101d\u0113j\u0101di virzulis virz\u0101s uz maksim\u0101lo g\u0101jiena ce\u013cu. To darot, ir dro\u0161i j\u0101p\u0101rvar pretsp\u0113ks, ko rada integr\u0113ta bremze vai atgrie\u0161an\u0101s atspere vai \u0101r\u0113ja slodze (piem\u0113ram, bremze).  Ier\u012b\u010du maksim\u0101lo g\u0101jiena ce\u013cu var \u0101r\u0113ji patva\u013c\u012bgi ierobe\u017eot. Tas var b\u016bt gad\u012bjum\u0101, ja iedarbin\u0101m\u0101 bremze prasa tikai samazin\u0101tu g\u0101jiena ce\u013cu, lai to piln\u012bb\u0101 atv\u0113rtu. Attiec\u012bgaj\u0101 virzu\u013ca gala st\u0101vokl\u012b motora ener\u0123ijas pat\u0113ri\u0146\u0161 samazin\u0101s, sal\u012bdzinot ar cel\u0161anas proces\u0101 pat\u0113r\u0113to jaudu hidraulikas likumu d\u0113\u013c. \u0160eit spiediens ier\u012bc\u0113 sasniedz maksim\u0101lo v\u0113rt\u012bbu. T\u0101d\u0113j\u0101di piedzi\u0146as motors ir atbr\u012bvots virzu\u013ca \"br\u012bvaj\u0101\" st\u0101vokl\u012b. Ier\u012b\u010du meh\u0101niska p\u0101rslodze nav iesp\u0113jama.  Rakstur\u012bg\u0101s iez\u012bmes  Elektrohidraulisk\u0101 sist\u0113ma, ko izmanto ELDRO\u00ae ier\u012bces, kop\u0101 ar vienk\u0101r\u0161u integr\u0101ciju brem\u017eu sist\u0113m\u0101s un vienk\u0101r\u0161u elektrisko nodo\u0161anas ekspluat\u0101cij\u0101 procesu nodro\u0161ina \u0161\u0101das \u012bpa\u0161\u012bbas da\u017e\u0101diem darb\u012bbas apst\u0101k\u013ciem:       Augsta darb\u012bbas uzticam\u012bba      Ilgs kalpo\u0161anas laiks, pateicoties darb\u012bbai bez nodiluma ar past\u0101v\u012bgu pa\u0161e\u013c\u013co\u0161anu      M\u012bksta un bez triecieniem darb\u012bba k\u0101 hidraulisk\u0101 darb\u012bbas principa sist\u0113misks rezult\u0101ts      \u012ass regul\u0113\u0161anas laiks      Apstiprin\u0101ta nep\u0101rtraukta darb\u012bba S1      Augsta p\u0101rsl\u0113g\u0161anas frekvence l\u012bdz 2000 cikliem stund\u0101 p\u0101rsl\u0113g\u0161anas re\u017e\u012bm\u0101 S3      Atpaka\u013cgaitas darb\u012bba bez ierobe\u017eojumiem      Viegla uzst\u0101d\u012b\u0161ana un no\u0146em\u0161ana      Patva\u013c\u012bgs motora grie\u0161an\u0101s virziens, t\u0101p\u0113c nav nepiecie\u0161ami p\u0101rsl\u0113g\u0161anas kontaktori      P\u0101rslodze ekspluat\u0101cijas laik\u0101 nav iesp\u0113jama      Patva\u013c\u012bgs g\u0101jiena ce\u013ca \u0101r\u0113jais ierobe\u017eojums      Bezpak\u0101pju pacel\u0161anas un\/vai nolai\u0161anas laika pagarin\u0101\u0161ana, uzst\u0101dot v\u0101rstus      Darba vides piepild\u012bjuma l\u012bmenis ir optimiz\u0113ts atbilsto\u0161i darb\u012bbas apst\u0101k\u013ciem, un tam nav nepiecie\u0161ama papildu p\u0101rbaude      Pla\u0161s standarta temperat\u016bras diapazons no \u201325 \u00b0C l\u012bdz +50 \u00b0C, papla\u0161in\u0101ms l\u012bdz \u201345 \u00b0C l\u012bdz +80 \u00b0C ar papildu apr\u012bkojumu, piem. sild\u012b\u0161ana un speci\u0101lu darb\u012bbas l\u012bdzek\u013cu izmanto\u0161ana      Nav nepiecie\u0161ama siltuma aizsardz\u012bbas \u0137\u0113de      Darb\u012bbas principam nav vajadz\u012bgas jut\u012bgas elektroniskas un sensoriskas instal\u0101cijas deta\u013cas","og_url":"https:\/\/dev.myindustrial.eu\/lv\/shop\/elektrohidraulisko-piedzinu-risinajumi\/elektrohidrauliskie-dzineji\/elektrohidrauliskie-dzineji-grudeji-eldroclassic\/","og_site_name":"My industrial","article_modified_time":"2023-06-16T20:12:05+00:00","og_image":[{"width":456,"height":450,"url":"https:\/\/dev.myindustrial.eu\/wp-content\/uploads\/2022\/01\/ELDRO-classic-1-456x450-3.jpg","type":"image\/jpeg"}],"twitter_card":"summary_large_image","schema":{"@context":"https:\/\/schema.org","@graph":[{"@type":"WebPage","@id":"https:\/\/dev.myindustrial.eu\/lv\/shop\/elektrohidraulisko-piedzinu-risinajumi\/elektrohidrauliskie-dzineji\/elektrohidrauliskie-dzineji-grudeji-eldroclassic\/","url":"https:\/\/dev.myindustrial.eu\/lv\/shop\/elektrohidraulisko-piedzinu-risinajumi\/elektrohidrauliskie-dzineji\/elektrohidrauliskie-dzineji-grudeji-eldroclassic\/","name":"Elektrohidrauliskie dzin\u0113ji (gr\u016bd\u0113ji) ELDROclassic\u00ae - My industrial","isPartOf":{"@id":"https:\/\/dev.myindustrial.eu\/lv\/#website"},"primaryImageOfPage":{"@id":"https:\/\/dev.myindustrial.eu\/lv\/shop\/elektrohidraulisko-piedzinu-risinajumi\/elektrohidrauliskie-dzineji\/elektrohidrauliskie-dzineji-grudeji-eldroclassic\/#primaryimage"},"image":{"@id":"https:\/\/dev.myindustrial.eu\/lv\/shop\/elektrohidraulisko-piedzinu-risinajumi\/elektrohidrauliskie-dzineji\/elektrohidrauliskie-dzineji-grudeji-eldroclassic\/#primaryimage"},"thumbnailUrl":"https:\/\/dev.myindustrial.eu\/wp-content\/uploads\/2022\/01\/ELDRO-classic-1-456x450-3.jpg","datePublished":"2022-01-14T01:57:35+00:00","dateModified":"2023-06-16T20:12:05+00:00","breadcrumb":{"@id":"https:\/\/dev.myindustrial.eu\/lv\/shop\/elektrohidraulisko-piedzinu-risinajumi\/elektrohidrauliskie-dzineji\/elektrohidrauliskie-dzineji-grudeji-eldroclassic\/#breadcrumb"},"inLanguage":"lv-LV","potentialAction":[{"@type":"ReadAction","target":["https:\/\/dev.myindustrial.eu\/lv\/shop\/elektrohidraulisko-piedzinu-risinajumi\/elektrohidrauliskie-dzineji\/elektrohidrauliskie-dzineji-grudeji-eldroclassic\/"]}]},{"@type":"ImageObject","inLanguage":"lv-LV","@id":"https:\/\/dev.myindustrial.eu\/lv\/shop\/elektrohidraulisko-piedzinu-risinajumi\/elektrohidrauliskie-dzineji\/elektrohidrauliskie-dzineji-grudeji-eldroclassic\/#primaryimage","url":"https:\/\/dev.myindustrial.eu\/wp-content\/uploads\/2022\/01\/ELDRO-classic-1-456x450-3.jpg","contentUrl":"https:\/\/dev.myindustrial.eu\/wp-content\/uploads\/2022\/01\/ELDRO-classic-1-456x450-3.jpg","width":456,"height":450},{"@type":"BreadcrumbList","@id":"https:\/\/dev.myindustrial.eu\/lv\/shop\/elektrohidraulisko-piedzinu-risinajumi\/elektrohidrauliskie-dzineji\/elektrohidrauliskie-dzineji-grudeji-eldroclassic\/#breadcrumb","itemListElement":[{"@type":"ListItem","position":1,"name":"Home","item":"https:\/\/dev.myindustrial.eu\/lv\/"},{"@type":"ListItem","position":2,"name":"Products","item":"https:\/\/dev.myindustrial.eu\/lv\/products\/"},{"@type":"ListItem","position":3,"name":"Elektrohidrauliskie dzin\u0113ji (gr\u016bd\u0113ji) ELDROclassic\u00ae"}]},{"@type":"WebSite","@id":"https:\/\/dev.myindustrial.eu\/lv\/#website","url":"https:\/\/dev.myindustrial.eu\/lv\/","name":"My industrial","description":"","potentialAction":[{"@type":"SearchAction","target":{"@type":"EntryPoint","urlTemplate":"https:\/\/dev.myindustrial.eu\/lv\/?s={search_term_string}"},"query-input":{"@type":"PropertyValueSpecification","valueRequired":true,"valueName":"search_term_string"}}],"inLanguage":"lv-LV"}]}},"_links":{"self":[{"href":"https:\/\/dev.myindustrial.eu\/lv\/wp-json\/wp\/v2\/product\/1260059062","targetHints":{"allow":["GET"]}}],"collection":[{"href":"https:\/\/dev.myindustrial.eu\/lv\/wp-json\/wp\/v2\/product"}],"about":[{"href":"https:\/\/dev.myindustrial.eu\/lv\/wp-json\/wp\/v2\/types\/product"}],"version-history":[{"count":1,"href":"https:\/\/dev.myindustrial.eu\/lv\/wp-json\/wp\/v2\/product\/1260059062\/revisions"}],"predecessor-version":[{"id":1260059982,"href":"https:\/\/dev.myindustrial.eu\/lv\/wp-json\/wp\/v2\/product\/1260059062\/revisions\/1260059982"}],"wp:featuredmedia":[{"embeddable":true,"href":"https:\/\/dev.myindustrial.eu\/lv\/wp-json\/wp\/v2\/media\/1260058298"}],"wp:attachment":[{"href":"https:\/\/dev.myindustrial.eu\/lv\/wp-json\/wp\/v2\/media?parent=1260059062"}],"wp:term":[{"taxonomy":"product_brand","embeddable":true,"href":"https:\/\/dev.myindustrial.eu\/lv\/wp-json\/wp\/v2\/product_brand?post=1260059062"},{"taxonomy":"product_cat","embeddable":true,"href":"https:\/\/dev.myindustrial.eu\/lv\/wp-json\/wp\/v2\/product_cat?post=1260059062"},{"taxonomy":"product_tag","embeddable":true,"href":"https:\/\/dev.myindustrial.eu\/lv\/wp-json\/wp\/v2\/product_tag?post=1260059062"}],"curies":[{"name":"wp","href":"https:\/\/api.w.org\/{rel}","templated":true}]}}