{"id":1260059063,"date":"2022-01-14T01:57:35","date_gmt":"2022-01-14T01:57:35","guid":{"rendered":"https:\/\/dev.myindustrial.eu\/shop-2\/uncategorized\/eldro-lidzstravas-serija\/"},"modified":"2023-06-16T20:12:05","modified_gmt":"2023-06-16T20:12:05","slug":"eldro-lidzstravas-serija","status":"publish","type":"product","link":"https:\/\/dev.myindustrial.eu\/lv\/shop\/elektrohidraulisko-piedzinu-risinajumi\/elektrohidrauliskie-dzineji\/eldro-lidzstravas-serija\/","title":{"rendered":"ELDRO\u00ae L\u012bdzstr\u0101vas s\u0113rija"},"content":{"rendered":"<p><iframe width=\"560\" height=\"315\" src=\"https:\/\/youtube.com\/embed\/E9ieLcNyUUY\" frameborder=\"0\" allow=\"accelerometer; autoplay; clipboard-write; encrypted-media; gyroscope; picture-in-picture; web-share\" allowfullscreen><\/iframe><\/p>\n","protected":false},"excerpt":{"rendered":"<p><strong>Pielietojuma jomas<\/strong><\/p>\n<p>ELDRO\u00ae DC ier\u012bces tiek izmantotas sist\u0113m\u0101s ar eso\u0161u l\u012bdzstr\u0101vas baro\u0161anas avotu. Ier\u012bc\u0113m j\u0101b\u016bt savienot\u0101m elektriski paral\u0113li motoriem. S\u0113rijveida ELDRO\u00ae motoru (gr\u016bd\u0113ju) elektriskais savienojums nav iesp\u0113jams.<\/p>\n<p>ELDRO\u00ae DC s\u0113riju izmanto ar\u012b brem\u017eu atv\u0113r\u0161anai tr\u012bsf\u0101\u017eu baro\u0161anas avota sprieguma p\u0101rtraukuma gad\u012bjum\u0101. \u0160aj\u0101 gad\u012bjum\u0101 \u0161\u012bs ier\u012bces ir uzst\u0101d\u012btas bremz\u0113s k\u0101 papildu brem\u017eu dzin\u0113js. \u0160\u012bs ier\u012bces p\u0113c tam var pieg\u0101d\u0101t ar l\u012bdzstr\u0101vas spriegumu, piem\u0113ram, no akumulatora. Piem\u0113ram, \u013cauj kravu iekrau\u0161anai pacel\u0161anas iek\u0101rt\u0101 dro\u0161i nolaist un novietot.<\/p>\n<p><a href=\"https:\/\/dev.myindustrial.eu\/wp-content\/uploads\/2022\/01\/20221026_brochure_emg_eg-series_en.pdf\" target=\"_blank\" rel=\"noopener\"><img decoding=\"async\" src=\"\/wp-content\/uploads\/2023\/02\/download-button-lv.svg\" \/><\/a><\/p>\n","protected":false},"featured_media":1260058304,"template":"","meta":[],"product_brand":[],"product_cat":[1312],"product_tag":[],"class_list":{"0":"post-1260059063","1":"product","2":"type-product","3":"status-publish","4":"has-post-thumbnail","6":"product_cat-elektrohidrauliskie-dzineji","8":"first","9":"instock","10":"product-type-simple"},"yoast_head":"<!-- This site is optimized with the Yoast SEO plugin v27.1.1 - https:\/\/yoast.com\/product\/yoast-seo-wordpress\/ -->\n<title>ELDRO\u00ae L\u012bdzstr\u0101vas s\u0113rija - My industrial<\/title>\n<meta name=\"robots\" content=\"noindex, follow, max-snippet:-1, max-image-preview:large, max-video-preview:-1\" \/>\n<meta property=\"og:locale\" content=\"lv_LV\" \/>\n<meta property=\"og:type\" content=\"article\" \/>\n<meta property=\"og:title\" content=\"ELDRO\u00ae L\u012bdzstr\u0101vas s\u0113rija - My industrial\" \/>\n<meta property=\"og:description\" content=\"Pielietojuma jomas  ELDRO\u00ae DC ier\u012bces tiek izmantotas sist\u0113m\u0101s ar eso\u0161u l\u012bdzstr\u0101vas baro\u0161anas avotu. Ier\u012bc\u0113m j\u0101b\u016bt savienot\u0101m elektriski paral\u0113li motoriem. S\u0113rijveida ELDRO\u00ae motoru (gr\u016bd\u0113ju) elektriskais savienojums nav iesp\u0113jams.  ELDRO\u00ae DC s\u0113riju izmanto ar\u012b brem\u017eu atv\u0113r\u0161anai tr\u012bsf\u0101\u017eu baro\u0161anas avota sprieguma p\u0101rtraukuma gad\u012bjum\u0101. \u0160aj\u0101 gad\u012bjum\u0101 \u0161\u012bs ier\u012bces ir uzst\u0101d\u012btas bremz\u0113s k\u0101 papildu brem\u017eu dzin\u0113js. \u0160\u012bs ier\u012bces p\u0113c tam var pieg\u0101d\u0101t ar l\u012bdzstr\u0101vas spriegumu, piem\u0113ram, no akumulatora. Piem\u0113ram, \u013cauj kravu iekrau\u0161anai pacel\u0161anas iek\u0101rt\u0101 dro\u0161i nolaist un novietot.\" \/>\n<meta property=\"og:url\" content=\"https:\/\/dev.myindustrial.eu\/lv\/shop\/elektrohidraulisko-piedzinu-risinajumi\/elektrohidrauliskie-dzineji\/eldro-lidzstravas-serija\/\" \/>\n<meta property=\"og:site_name\" content=\"My industrial\" \/>\n<meta property=\"article:modified_time\" content=\"2023-06-16T20:12:05+00:00\" \/>\n<meta property=\"og:image\" content=\"https:\/\/dev.myindustrial.eu\/wp-content\/uploads\/2022\/01\/ELDRO_DC-300x300-4.jpg\" \/>\n\t<meta property=\"og:image:width\" content=\"300\" \/>\n\t<meta property=\"og:image:height\" content=\"300\" \/>\n\t<meta property=\"og:image:type\" content=\"image\/jpeg\" \/>\n<meta name=\"twitter:card\" content=\"summary_large_image\" \/>\n<script type=\"application\/ld+json\" class=\"yoast-schema-graph\">{\"@context\":\"https:\/\/schema.org\",\"@graph\":[{\"@type\":\"WebPage\",\"@id\":\"https:\/\/dev.myindustrial.eu\/lv\/shop\/elektrohidraulisko-piedzinu-risinajumi\/elektrohidrauliskie-dzineji\/eldro-lidzstravas-serija\/\",\"url\":\"https:\/\/dev.myindustrial.eu\/lv\/shop\/elektrohidraulisko-piedzinu-risinajumi\/elektrohidrauliskie-dzineji\/eldro-lidzstravas-serija\/\",\"name\":\"ELDRO\u00ae L\u012bdzstr\u0101vas s\u0113rija - My industrial\",\"isPartOf\":{\"@id\":\"https:\/\/dev.myindustrial.eu\/lv\/#website\"},\"primaryImageOfPage\":{\"@id\":\"https:\/\/dev.myindustrial.eu\/lv\/shop\/elektrohidraulisko-piedzinu-risinajumi\/elektrohidrauliskie-dzineji\/eldro-lidzstravas-serija\/#primaryimage\"},\"image\":{\"@id\":\"https:\/\/dev.myindustrial.eu\/lv\/shop\/elektrohidraulisko-piedzinu-risinajumi\/elektrohidrauliskie-dzineji\/eldro-lidzstravas-serija\/#primaryimage\"},\"thumbnailUrl\":\"https:\/\/dev.myindustrial.eu\/wp-content\/uploads\/2022\/01\/ELDRO_DC-300x300-4.jpg\",\"datePublished\":\"2022-01-14T01:57:35+00:00\",\"dateModified\":\"2023-06-16T20:12:05+00:00\",\"breadcrumb\":{\"@id\":\"https:\/\/dev.myindustrial.eu\/lv\/shop\/elektrohidraulisko-piedzinu-risinajumi\/elektrohidrauliskie-dzineji\/eldro-lidzstravas-serija\/#breadcrumb\"},\"inLanguage\":\"lv-LV\",\"potentialAction\":[{\"@type\":\"ReadAction\",\"target\":[\"https:\/\/dev.myindustrial.eu\/lv\/shop\/elektrohidraulisko-piedzinu-risinajumi\/elektrohidrauliskie-dzineji\/eldro-lidzstravas-serija\/\"]}]},{\"@type\":\"ImageObject\",\"inLanguage\":\"lv-LV\",\"@id\":\"https:\/\/dev.myindustrial.eu\/lv\/shop\/elektrohidraulisko-piedzinu-risinajumi\/elektrohidrauliskie-dzineji\/eldro-lidzstravas-serija\/#primaryimage\",\"url\":\"https:\/\/dev.myindustrial.eu\/wp-content\/uploads\/2022\/01\/ELDRO_DC-300x300-4.jpg\",\"contentUrl\":\"https:\/\/dev.myindustrial.eu\/wp-content\/uploads\/2022\/01\/ELDRO_DC-300x300-4.jpg\",\"width\":300,\"height\":300},{\"@type\":\"BreadcrumbList\",\"@id\":\"https:\/\/dev.myindustrial.eu\/lv\/shop\/elektrohidraulisko-piedzinu-risinajumi\/elektrohidrauliskie-dzineji\/eldro-lidzstravas-serija\/#breadcrumb\",\"itemListElement\":[{\"@type\":\"ListItem\",\"position\":1,\"name\":\"Home\",\"item\":\"https:\/\/dev.myindustrial.eu\/lv\/\"},{\"@type\":\"ListItem\",\"position\":2,\"name\":\"Products\",\"item\":\"https:\/\/dev.myindustrial.eu\/lv\/products\/\"},{\"@type\":\"ListItem\",\"position\":3,\"name\":\"ELDRO\u00ae L\u012bdzstr\u0101vas s\u0113rija\"}]},{\"@type\":\"WebSite\",\"@id\":\"https:\/\/dev.myindustrial.eu\/lv\/#website\",\"url\":\"https:\/\/dev.myindustrial.eu\/lv\/\",\"name\":\"My industrial\",\"description\":\"\",\"potentialAction\":[{\"@type\":\"SearchAction\",\"target\":{\"@type\":\"EntryPoint\",\"urlTemplate\":\"https:\/\/dev.myindustrial.eu\/lv\/?s={search_term_string}\"},\"query-input\":{\"@type\":\"PropertyValueSpecification\",\"valueRequired\":true,\"valueName\":\"search_term_string\"}}],\"inLanguage\":\"lv-LV\"}]}<\/script>\n<!-- \/ Yoast SEO plugin. -->","yoast_head_json":{"title":"ELDRO\u00ae L\u012bdzstr\u0101vas s\u0113rija - My industrial","robots":{"index":"noindex","follow":"follow","max-snippet":"max-snippet:-1","max-image-preview":"max-image-preview:large","max-video-preview":"max-video-preview:-1"},"og_locale":"lv_LV","og_type":"article","og_title":"ELDRO\u00ae L\u012bdzstr\u0101vas s\u0113rija - My industrial","og_description":"Pielietojuma jomas  ELDRO\u00ae DC ier\u012bces tiek izmantotas sist\u0113m\u0101s ar eso\u0161u l\u012bdzstr\u0101vas baro\u0161anas avotu. Ier\u012bc\u0113m j\u0101b\u016bt savienot\u0101m elektriski paral\u0113li motoriem. S\u0113rijveida ELDRO\u00ae motoru (gr\u016bd\u0113ju) elektriskais savienojums nav iesp\u0113jams.  ELDRO\u00ae DC s\u0113riju izmanto ar\u012b brem\u017eu atv\u0113r\u0161anai tr\u012bsf\u0101\u017eu baro\u0161anas avota sprieguma p\u0101rtraukuma gad\u012bjum\u0101. \u0160aj\u0101 gad\u012bjum\u0101 \u0161\u012bs ier\u012bces ir uzst\u0101d\u012btas bremz\u0113s k\u0101 papildu brem\u017eu dzin\u0113js. \u0160\u012bs ier\u012bces p\u0113c tam var pieg\u0101d\u0101t ar l\u012bdzstr\u0101vas spriegumu, piem\u0113ram, no akumulatora. Piem\u0113ram, \u013cauj kravu iekrau\u0161anai pacel\u0161anas iek\u0101rt\u0101 dro\u0161i nolaist un novietot.","og_url":"https:\/\/dev.myindustrial.eu\/lv\/shop\/elektrohidraulisko-piedzinu-risinajumi\/elektrohidrauliskie-dzineji\/eldro-lidzstravas-serija\/","og_site_name":"My industrial","article_modified_time":"2023-06-16T20:12:05+00:00","og_image":[{"width":300,"height":300,"url":"https:\/\/dev.myindustrial.eu\/wp-content\/uploads\/2022\/01\/ELDRO_DC-300x300-4.jpg","type":"image\/jpeg"}],"twitter_card":"summary_large_image","schema":{"@context":"https:\/\/schema.org","@graph":[{"@type":"WebPage","@id":"https:\/\/dev.myindustrial.eu\/lv\/shop\/elektrohidraulisko-piedzinu-risinajumi\/elektrohidrauliskie-dzineji\/eldro-lidzstravas-serija\/","url":"https:\/\/dev.myindustrial.eu\/lv\/shop\/elektrohidraulisko-piedzinu-risinajumi\/elektrohidrauliskie-dzineji\/eldro-lidzstravas-serija\/","name":"ELDRO\u00ae L\u012bdzstr\u0101vas s\u0113rija - My industrial","isPartOf":{"@id":"https:\/\/dev.myindustrial.eu\/lv\/#website"},"primaryImageOfPage":{"@id":"https:\/\/dev.myindustrial.eu\/lv\/shop\/elektrohidraulisko-piedzinu-risinajumi\/elektrohidrauliskie-dzineji\/eldro-lidzstravas-serija\/#primaryimage"},"image":{"@id":"https:\/\/dev.myindustrial.eu\/lv\/shop\/elektrohidraulisko-piedzinu-risinajumi\/elektrohidrauliskie-dzineji\/eldro-lidzstravas-serija\/#primaryimage"},"thumbnailUrl":"https:\/\/dev.myindustrial.eu\/wp-content\/uploads\/2022\/01\/ELDRO_DC-300x300-4.jpg","datePublished":"2022-01-14T01:57:35+00:00","dateModified":"2023-06-16T20:12:05+00:00","breadcrumb":{"@id":"https:\/\/dev.myindustrial.eu\/lv\/shop\/elektrohidraulisko-piedzinu-risinajumi\/elektrohidrauliskie-dzineji\/eldro-lidzstravas-serija\/#breadcrumb"},"inLanguage":"lv-LV","potentialAction":[{"@type":"ReadAction","target":["https:\/\/dev.myindustrial.eu\/lv\/shop\/elektrohidraulisko-piedzinu-risinajumi\/elektrohidrauliskie-dzineji\/eldro-lidzstravas-serija\/"]}]},{"@type":"ImageObject","inLanguage":"lv-LV","@id":"https:\/\/dev.myindustrial.eu\/lv\/shop\/elektrohidraulisko-piedzinu-risinajumi\/elektrohidrauliskie-dzineji\/eldro-lidzstravas-serija\/#primaryimage","url":"https:\/\/dev.myindustrial.eu\/wp-content\/uploads\/2022\/01\/ELDRO_DC-300x300-4.jpg","contentUrl":"https:\/\/dev.myindustrial.eu\/wp-content\/uploads\/2022\/01\/ELDRO_DC-300x300-4.jpg","width":300,"height":300},{"@type":"BreadcrumbList","@id":"https:\/\/dev.myindustrial.eu\/lv\/shop\/elektrohidraulisko-piedzinu-risinajumi\/elektrohidrauliskie-dzineji\/eldro-lidzstravas-serija\/#breadcrumb","itemListElement":[{"@type":"ListItem","position":1,"name":"Home","item":"https:\/\/dev.myindustrial.eu\/lv\/"},{"@type":"ListItem","position":2,"name":"Products","item":"https:\/\/dev.myindustrial.eu\/lv\/products\/"},{"@type":"ListItem","position":3,"name":"ELDRO\u00ae L\u012bdzstr\u0101vas s\u0113rija"}]},{"@type":"WebSite","@id":"https:\/\/dev.myindustrial.eu\/lv\/#website","url":"https:\/\/dev.myindustrial.eu\/lv\/","name":"My industrial","description":"","potentialAction":[{"@type":"SearchAction","target":{"@type":"EntryPoint","urlTemplate":"https:\/\/dev.myindustrial.eu\/lv\/?s={search_term_string}"},"query-input":{"@type":"PropertyValueSpecification","valueRequired":true,"valueName":"search_term_string"}}],"inLanguage":"lv-LV"}]}},"_links":{"self":[{"href":"https:\/\/dev.myindustrial.eu\/lv\/wp-json\/wp\/v2\/product\/1260059063","targetHints":{"allow":["GET"]}}],"collection":[{"href":"https:\/\/dev.myindustrial.eu\/lv\/wp-json\/wp\/v2\/product"}],"about":[{"href":"https:\/\/dev.myindustrial.eu\/lv\/wp-json\/wp\/v2\/types\/product"}],"version-history":[{"count":0,"href":"https:\/\/dev.myindustrial.eu\/lv\/wp-json\/wp\/v2\/product\/1260059063\/revisions"}],"wp:featuredmedia":[{"embeddable":true,"href":"https:\/\/dev.myindustrial.eu\/lv\/wp-json\/wp\/v2\/media\/1260058304"}],"wp:attachment":[{"href":"https:\/\/dev.myindustrial.eu\/lv\/wp-json\/wp\/v2\/media?parent=1260059063"}],"wp:term":[{"taxonomy":"product_brand","embeddable":true,"href":"https:\/\/dev.myindustrial.eu\/lv\/wp-json\/wp\/v2\/product_brand?post=1260059063"},{"taxonomy":"product_cat","embeddable":true,"href":"https:\/\/dev.myindustrial.eu\/lv\/wp-json\/wp\/v2\/product_cat?post=1260059063"},{"taxonomy":"product_tag","embeddable":true,"href":"https:\/\/dev.myindustrial.eu\/lv\/wp-json\/wp\/v2\/product_tag?post=1260059063"}],"curies":[{"name":"wp","href":"https:\/\/api.w.org\/{rel}","templated":true}]}}