{"id":1260059064,"date":"2022-01-14T01:57:35","date_gmt":"2022-01-14T01:57:35","guid":{"rendered":"https:\/\/dev.myindustrial.eu\/shop-2\/uncategorized\/eldrodynamic-eldrodynamic\/"},"modified":"2023-06-16T20:11:58","modified_gmt":"2023-06-16T20:11:58","slug":"eldrodynamic-eldrodynamic","status":"publish","type":"product","link":"https:\/\/dev.myindustrial.eu\/lv\/shop\/elektrohidraulisko-piedzinu-risinajumi\/elektrohidrauliskie-dzineji\/eldrodynamic-eldrodynamic\/","title":{"rendered":"ELDROdynamic\u00ae (ELDROdynamic\u00ae)"},"content":{"rendered":"<p><iframe width=\"560\" height=\"315\" src=\"https:\/\/youtube.com\/embed\/E9ieLcNyUUY\" frameborder=\"0\" allow=\"accelerometer; autoplay; clipboard-write; encrypted-media; gyroscope; picture-in-picture; web-share\" allowfullscreen><\/iframe><\/p>\n","protected":false},"excerpt":{"rendered":"<p>&#8220;<strong>Rakstur\u012bg\u0101s iez\u012bmes<\/strong><\/p>\n<p>ELDROdynamic\u00ae dzin\u0113ju (gr\u016bd\u0113ju) elektrohidraulisk\u0101 sist\u0113ma kop\u0101 ar to vieglo integr\u0101ciju brem\u017eu sist\u0113m\u0101s un vienk\u0101r\u0161u elektrisko savienojumu nodro\u0161ina \u0161\u0101das funkcijas da\u017e\u0101diem lieto\u0161anas apst\u0101k\u013ciem:<\/p>\n<ul>\n<li>Zem\u0101ks ener\u0123ijas pat\u0113ri\u0146\u0161 un pa\u0161sild\u012b\u0161an\u0101s, pateicoties efektivit\u0101tes klases IE3 motoriem un optimiz\u0113tai s\u016bk\u0146a \u0123eometrijai<\/li>\n<li>Aizv\u0113r\u0161an\u0101s laiks \u2264 200 ms un g\u0101jiena laiks \u2264 700 ms tiek sasniegts ar ELDROdynamic\u00ae (noteikts pie 80 mm g\u0101jiena)<\/li>\n<li>Apkopei un apkopei draudz\u012bgs, pateicoties modul\u0101rajai konstrukcijai<\/li>\n<li>Iesp\u0113jami g\u0101jiena garumi l\u012bdz 500 mm, da\u017e\u0101das pras\u012bbas p\u0113c piepras\u012bjuma<\/li>\n<li>Augsta darb\u012bbas uzticam\u012bba (dro\u0161a)<\/li>\n<li>Ilgs kalpo\u0161anas laiks, pateicoties darb\u012bbai bez nodiluma<\/li>\n<li>M\u012bksta un bez triecieniem, pateicoties hidrodinamiskajam darb\u012bbas re\u017e\u012bmam<\/li>\n<li>Apstiprin\u0101ta nep\u0101rtraukta darb\u012bba S1 un p\u0101rsl\u0113g\u0161an\u0101s darb\u012bba S3 l\u012bdz 2000 oper\u0101cij\u0101m stund\u0101<\/li>\n<li>Jebkur\u0161 motora grie\u0161an\u0101s virziens<\/li>\n<li>P\u0101rslodze ekspluat\u0101cijas laik\u0101 nav iesp\u0113jama<\/li>\n<li>Nep\u0101rtraukta pacel\u0161anas un\/vai nolai\u0161anas laika regul\u0113\u0161ana, uzst\u0101dot v\u0101rstus<\/li>\n<\/ul>\n<p>Ar papildu apr\u012bkojumu ELDRO\u00aedynamic k\u013c\u016bst:<br \/>\nELDROdigital\u00ae (ELDROdigital\u00ae)<\/p>\n<p>Ja nepiecie\u0161ams, ELDROdigital\u00ae elektrohidraulisko dzin\u0113ju (gr\u016bd\u0113ju) var apr\u012bkot ar da\u017e\u0101da veida sensoriem, k\u0101 ar\u012b ar IO-Link sader\u012bgu nov\u0113rt\u0113\u0161anas elektroniku, lai re\u0123istr\u0113tu un nov\u0113rt\u0113tu sensoru un darb\u012bbas datus savienojumam ar st\u0101vok\u013ca uzraudz\u012bbas sist\u0113mu.<\/p>\n<ul>\n<li>Iesp\u0113jamais papildu apr\u012bkojums:<\/li>\n<li>spiediena sensors<\/li>\n<li>analogais nob\u012bdes dev\u0113js<\/li>\n<li>temperat\u016bras sensors<\/li>\n<li>sp\u0113ka sensors<\/li>\n<li>gala poz\u012bcijas noteik\u0161ana<\/li>\n<\/ul>\n<p><a href=\"\/wp-content\/uploads\/2022\/01\/emg_eldro-dynamic_en_rev00_10-2022.pdf\" target=\"_blank\" rel=\"noopener\"><img decoding=\"async\" src=\"\/wp-content\/uploads\/2023\/02\/download-button-lv.svg\" \/><\/a><\/p>\n","protected":false},"featured_media":1260058310,"template":"","meta":[],"product_brand":[],"product_cat":[1312],"product_tag":[],"class_list":{"0":"post-1260059064","1":"product","2":"type-product","3":"status-publish","4":"has-post-thumbnail","6":"product_cat-elektrohidrauliskie-dzineji","8":"first","9":"instock","10":"product-type-simple"},"yoast_head":"<!-- This site is optimized with the Yoast SEO plugin v27.1.1 - https:\/\/yoast.com\/product\/yoast-seo-wordpress\/ -->\n<title>ELDROdynamic\u00ae (ELDROdynamic\u00ae) - My industrial<\/title>\n<meta name=\"robots\" content=\"noindex, follow, max-snippet:-1, max-image-preview:large, max-video-preview:-1\" \/>\n<meta property=\"og:locale\" content=\"lv_LV\" \/>\n<meta property=\"og:type\" content=\"article\" \/>\n<meta property=\"og:title\" content=\"ELDROdynamic\u00ae (ELDROdynamic\u00ae) - My industrial\" \/>\n<meta property=\"og:description\" content=\"&quot;Rakstur\u012bg\u0101s iez\u012bmes  ELDROdynamic\u00ae dzin\u0113ju (gr\u016bd\u0113ju) elektrohidraulisk\u0101 sist\u0113ma kop\u0101 ar to vieglo integr\u0101ciju brem\u017eu sist\u0113m\u0101s un vienk\u0101r\u0161u elektrisko savienojumu nodro\u0161ina \u0161\u0101das funkcijas da\u017e\u0101diem lieto\u0161anas apst\u0101k\u013ciem:       Zem\u0101ks ener\u0123ijas pat\u0113ri\u0146\u0161 un pa\u0161sild\u012b\u0161an\u0101s, pateicoties efektivit\u0101tes klases IE3 motoriem un optimiz\u0113tai s\u016bk\u0146a \u0123eometrijai      Aizv\u0113r\u0161an\u0101s laiks \u2264 200 ms un g\u0101jiena laiks \u2264 700 ms tiek sasniegts ar ELDROdynamic\u00ae (noteikts pie 80 mm g\u0101jiena)      Apkopei un apkopei draudz\u012bgs, pateicoties modul\u0101rajai konstrukcijai      Iesp\u0113jami g\u0101jiena garumi l\u012bdz 500 mm, da\u017e\u0101das pras\u012bbas p\u0113c piepras\u012bjuma      Augsta darb\u012bbas uzticam\u012bba (dro\u0161a)      Ilgs kalpo\u0161anas laiks, pateicoties darb\u012bbai bez nodiluma      M\u012bksta un bez triecieniem, pateicoties hidrodinamiskajam darb\u012bbas re\u017e\u012bmam      Apstiprin\u0101ta nep\u0101rtraukta darb\u012bba S1 un p\u0101rsl\u0113g\u0161an\u0101s darb\u012bba S3 l\u012bdz 2000 oper\u0101cij\u0101m stund\u0101      Jebkur\u0161 motora grie\u0161an\u0101s virziens      P\u0101rslodze ekspluat\u0101cijas laik\u0101 nav iesp\u0113jama      Nep\u0101rtraukta pacel\u0161anas un\/vai nolai\u0161anas laika regul\u0113\u0161ana, uzst\u0101dot v\u0101rstus  Ar papildu apr\u012bkojumu ELDRO\u00aedynamic k\u013c\u016bst: ELDROdigital\u00ae (ELDROdigital\u00ae)  Ja nepiecie\u0161ams, ELDROdigital\u00ae elektrohidraulisko dzin\u0113ju (gr\u016bd\u0113ju) var apr\u012bkot ar da\u017e\u0101da veida sensoriem, k\u0101 ar\u012b ar IO-Link sader\u012bgu nov\u0113rt\u0113\u0161anas elektroniku, lai re\u0123istr\u0113tu un nov\u0113rt\u0113tu sensoru un darb\u012bbas datus savienojumam ar st\u0101vok\u013ca uzraudz\u012bbas sist\u0113mu.       Iesp\u0113jamais papildu apr\u012bkojums:      spiediena sensors      analogais nob\u012bdes dev\u0113js      temperat\u016bras sensors      sp\u0113ka sensors      gala poz\u012bcijas noteik\u0161ana\" \/>\n<meta property=\"og:url\" content=\"https:\/\/dev.myindustrial.eu\/lv\/shop\/elektrohidraulisko-piedzinu-risinajumi\/elektrohidrauliskie-dzineji\/eldrodynamic-eldrodynamic\/\" \/>\n<meta property=\"og:site_name\" content=\"My industrial\" \/>\n<meta property=\"article:modified_time\" content=\"2023-06-16T20:11:58+00:00\" \/>\n<meta property=\"og:image\" content=\"https:\/\/dev.myindustrial.eu\/wp-content\/uploads\/2022\/01\/EMG_ELDRO-dynamic-1-568x576-3.jpg\" \/>\n\t<meta property=\"og:image:width\" content=\"568\" \/>\n\t<meta property=\"og:image:height\" content=\"576\" \/>\n\t<meta property=\"og:image:type\" content=\"image\/jpeg\" \/>\n<meta name=\"twitter:card\" content=\"summary_large_image\" \/>\n<script type=\"application\/ld+json\" class=\"yoast-schema-graph\">{\"@context\":\"https:\/\/schema.org\",\"@graph\":[{\"@type\":\"WebPage\",\"@id\":\"https:\/\/dev.myindustrial.eu\/lv\/shop\/elektrohidraulisko-piedzinu-risinajumi\/elektrohidrauliskie-dzineji\/eldrodynamic-eldrodynamic\/\",\"url\":\"https:\/\/dev.myindustrial.eu\/lv\/shop\/elektrohidraulisko-piedzinu-risinajumi\/elektrohidrauliskie-dzineji\/eldrodynamic-eldrodynamic\/\",\"name\":\"ELDROdynamic\u00ae (ELDROdynamic\u00ae) - My industrial\",\"isPartOf\":{\"@id\":\"https:\/\/dev.myindustrial.eu\/lv\/#website\"},\"primaryImageOfPage\":{\"@id\":\"https:\/\/dev.myindustrial.eu\/lv\/shop\/elektrohidraulisko-piedzinu-risinajumi\/elektrohidrauliskie-dzineji\/eldrodynamic-eldrodynamic\/#primaryimage\"},\"image\":{\"@id\":\"https:\/\/dev.myindustrial.eu\/lv\/shop\/elektrohidraulisko-piedzinu-risinajumi\/elektrohidrauliskie-dzineji\/eldrodynamic-eldrodynamic\/#primaryimage\"},\"thumbnailUrl\":\"https:\/\/dev.myindustrial.eu\/wp-content\/uploads\/2022\/01\/EMG_ELDRO-dynamic-1-568x576-3.jpg\",\"datePublished\":\"2022-01-14T01:57:35+00:00\",\"dateModified\":\"2023-06-16T20:11:58+00:00\",\"breadcrumb\":{\"@id\":\"https:\/\/dev.myindustrial.eu\/lv\/shop\/elektrohidraulisko-piedzinu-risinajumi\/elektrohidrauliskie-dzineji\/eldrodynamic-eldrodynamic\/#breadcrumb\"},\"inLanguage\":\"lv-LV\",\"potentialAction\":[{\"@type\":\"ReadAction\",\"target\":[\"https:\/\/dev.myindustrial.eu\/lv\/shop\/elektrohidraulisko-piedzinu-risinajumi\/elektrohidrauliskie-dzineji\/eldrodynamic-eldrodynamic\/\"]}]},{\"@type\":\"ImageObject\",\"inLanguage\":\"lv-LV\",\"@id\":\"https:\/\/dev.myindustrial.eu\/lv\/shop\/elektrohidraulisko-piedzinu-risinajumi\/elektrohidrauliskie-dzineji\/eldrodynamic-eldrodynamic\/#primaryimage\",\"url\":\"https:\/\/dev.myindustrial.eu\/wp-content\/uploads\/2022\/01\/EMG_ELDRO-dynamic-1-568x576-3.jpg\",\"contentUrl\":\"https:\/\/dev.myindustrial.eu\/wp-content\/uploads\/2022\/01\/EMG_ELDRO-dynamic-1-568x576-3.jpg\",\"width\":568,\"height\":576},{\"@type\":\"BreadcrumbList\",\"@id\":\"https:\/\/dev.myindustrial.eu\/lv\/shop\/elektrohidraulisko-piedzinu-risinajumi\/elektrohidrauliskie-dzineji\/eldrodynamic-eldrodynamic\/#breadcrumb\",\"itemListElement\":[{\"@type\":\"ListItem\",\"position\":1,\"name\":\"Home\",\"item\":\"https:\/\/dev.myindustrial.eu\/lv\/\"},{\"@type\":\"ListItem\",\"position\":2,\"name\":\"Products\",\"item\":\"https:\/\/dev.myindustrial.eu\/lv\/products\/\"},{\"@type\":\"ListItem\",\"position\":3,\"name\":\"ELDROdynamic\u00ae (ELDROdynamic\u00ae)\"}]},{\"@type\":\"WebSite\",\"@id\":\"https:\/\/dev.myindustrial.eu\/lv\/#website\",\"url\":\"https:\/\/dev.myindustrial.eu\/lv\/\",\"name\":\"My industrial\",\"description\":\"\",\"potentialAction\":[{\"@type\":\"SearchAction\",\"target\":{\"@type\":\"EntryPoint\",\"urlTemplate\":\"https:\/\/dev.myindustrial.eu\/lv\/?s={search_term_string}\"},\"query-input\":{\"@type\":\"PropertyValueSpecification\",\"valueRequired\":true,\"valueName\":\"search_term_string\"}}],\"inLanguage\":\"lv-LV\"}]}<\/script>\n<!-- \/ Yoast SEO plugin. -->","yoast_head_json":{"title":"ELDROdynamic\u00ae (ELDROdynamic\u00ae) - My industrial","robots":{"index":"noindex","follow":"follow","max-snippet":"max-snippet:-1","max-image-preview":"max-image-preview:large","max-video-preview":"max-video-preview:-1"},"og_locale":"lv_LV","og_type":"article","og_title":"ELDROdynamic\u00ae (ELDROdynamic\u00ae) - My industrial","og_description":"\"Rakstur\u012bg\u0101s iez\u012bmes  ELDROdynamic\u00ae dzin\u0113ju (gr\u016bd\u0113ju) elektrohidraulisk\u0101 sist\u0113ma kop\u0101 ar to vieglo integr\u0101ciju brem\u017eu sist\u0113m\u0101s un vienk\u0101r\u0161u elektrisko savienojumu nodro\u0161ina \u0161\u0101das funkcijas da\u017e\u0101diem lieto\u0161anas apst\u0101k\u013ciem:       Zem\u0101ks ener\u0123ijas pat\u0113ri\u0146\u0161 un pa\u0161sild\u012b\u0161an\u0101s, pateicoties efektivit\u0101tes klases IE3 motoriem un optimiz\u0113tai s\u016bk\u0146a \u0123eometrijai      Aizv\u0113r\u0161an\u0101s laiks \u2264 200 ms un g\u0101jiena laiks \u2264 700 ms tiek sasniegts ar ELDROdynamic\u00ae (noteikts pie 80 mm g\u0101jiena)      Apkopei un apkopei draudz\u012bgs, pateicoties modul\u0101rajai konstrukcijai      Iesp\u0113jami g\u0101jiena garumi l\u012bdz 500 mm, da\u017e\u0101das pras\u012bbas p\u0113c piepras\u012bjuma      Augsta darb\u012bbas uzticam\u012bba (dro\u0161a)      Ilgs kalpo\u0161anas laiks, pateicoties darb\u012bbai bez nodiluma      M\u012bksta un bez triecieniem, pateicoties hidrodinamiskajam darb\u012bbas re\u017e\u012bmam      Apstiprin\u0101ta nep\u0101rtraukta darb\u012bba S1 un p\u0101rsl\u0113g\u0161an\u0101s darb\u012bba S3 l\u012bdz 2000 oper\u0101cij\u0101m stund\u0101      Jebkur\u0161 motora grie\u0161an\u0101s virziens      P\u0101rslodze ekspluat\u0101cijas laik\u0101 nav iesp\u0113jama      Nep\u0101rtraukta pacel\u0161anas un\/vai nolai\u0161anas laika regul\u0113\u0161ana, uzst\u0101dot v\u0101rstus  Ar papildu apr\u012bkojumu ELDRO\u00aedynamic k\u013c\u016bst: ELDROdigital\u00ae (ELDROdigital\u00ae)  Ja nepiecie\u0161ams, ELDROdigital\u00ae elektrohidraulisko dzin\u0113ju (gr\u016bd\u0113ju) var apr\u012bkot ar da\u017e\u0101da veida sensoriem, k\u0101 ar\u012b ar IO-Link sader\u012bgu nov\u0113rt\u0113\u0161anas elektroniku, lai re\u0123istr\u0113tu un nov\u0113rt\u0113tu sensoru un darb\u012bbas datus savienojumam ar st\u0101vok\u013ca uzraudz\u012bbas sist\u0113mu.       Iesp\u0113jamais papildu apr\u012bkojums:      spiediena sensors      analogais nob\u012bdes dev\u0113js      temperat\u016bras sensors      sp\u0113ka sensors      gala poz\u012bcijas noteik\u0161ana","og_url":"https:\/\/dev.myindustrial.eu\/lv\/shop\/elektrohidraulisko-piedzinu-risinajumi\/elektrohidrauliskie-dzineji\/eldrodynamic-eldrodynamic\/","og_site_name":"My industrial","article_modified_time":"2023-06-16T20:11:58+00:00","og_image":[{"width":568,"height":576,"url":"https:\/\/dev.myindustrial.eu\/wp-content\/uploads\/2022\/01\/EMG_ELDRO-dynamic-1-568x576-3.jpg","type":"image\/jpeg"}],"twitter_card":"summary_large_image","schema":{"@context":"https:\/\/schema.org","@graph":[{"@type":"WebPage","@id":"https:\/\/dev.myindustrial.eu\/lv\/shop\/elektrohidraulisko-piedzinu-risinajumi\/elektrohidrauliskie-dzineji\/eldrodynamic-eldrodynamic\/","url":"https:\/\/dev.myindustrial.eu\/lv\/shop\/elektrohidraulisko-piedzinu-risinajumi\/elektrohidrauliskie-dzineji\/eldrodynamic-eldrodynamic\/","name":"ELDROdynamic\u00ae (ELDROdynamic\u00ae) - My industrial","isPartOf":{"@id":"https:\/\/dev.myindustrial.eu\/lv\/#website"},"primaryImageOfPage":{"@id":"https:\/\/dev.myindustrial.eu\/lv\/shop\/elektrohidraulisko-piedzinu-risinajumi\/elektrohidrauliskie-dzineji\/eldrodynamic-eldrodynamic\/#primaryimage"},"image":{"@id":"https:\/\/dev.myindustrial.eu\/lv\/shop\/elektrohidraulisko-piedzinu-risinajumi\/elektrohidrauliskie-dzineji\/eldrodynamic-eldrodynamic\/#primaryimage"},"thumbnailUrl":"https:\/\/dev.myindustrial.eu\/wp-content\/uploads\/2022\/01\/EMG_ELDRO-dynamic-1-568x576-3.jpg","datePublished":"2022-01-14T01:57:35+00:00","dateModified":"2023-06-16T20:11:58+00:00","breadcrumb":{"@id":"https:\/\/dev.myindustrial.eu\/lv\/shop\/elektrohidraulisko-piedzinu-risinajumi\/elektrohidrauliskie-dzineji\/eldrodynamic-eldrodynamic\/#breadcrumb"},"inLanguage":"lv-LV","potentialAction":[{"@type":"ReadAction","target":["https:\/\/dev.myindustrial.eu\/lv\/shop\/elektrohidraulisko-piedzinu-risinajumi\/elektrohidrauliskie-dzineji\/eldrodynamic-eldrodynamic\/"]}]},{"@type":"ImageObject","inLanguage":"lv-LV","@id":"https:\/\/dev.myindustrial.eu\/lv\/shop\/elektrohidraulisko-piedzinu-risinajumi\/elektrohidrauliskie-dzineji\/eldrodynamic-eldrodynamic\/#primaryimage","url":"https:\/\/dev.myindustrial.eu\/wp-content\/uploads\/2022\/01\/EMG_ELDRO-dynamic-1-568x576-3.jpg","contentUrl":"https:\/\/dev.myindustrial.eu\/wp-content\/uploads\/2022\/01\/EMG_ELDRO-dynamic-1-568x576-3.jpg","width":568,"height":576},{"@type":"BreadcrumbList","@id":"https:\/\/dev.myindustrial.eu\/lv\/shop\/elektrohidraulisko-piedzinu-risinajumi\/elektrohidrauliskie-dzineji\/eldrodynamic-eldrodynamic\/#breadcrumb","itemListElement":[{"@type":"ListItem","position":1,"name":"Home","item":"https:\/\/dev.myindustrial.eu\/lv\/"},{"@type":"ListItem","position":2,"name":"Products","item":"https:\/\/dev.myindustrial.eu\/lv\/products\/"},{"@type":"ListItem","position":3,"name":"ELDROdynamic\u00ae (ELDROdynamic\u00ae)"}]},{"@type":"WebSite","@id":"https:\/\/dev.myindustrial.eu\/lv\/#website","url":"https:\/\/dev.myindustrial.eu\/lv\/","name":"My industrial","description":"","potentialAction":[{"@type":"SearchAction","target":{"@type":"EntryPoint","urlTemplate":"https:\/\/dev.myindustrial.eu\/lv\/?s={search_term_string}"},"query-input":{"@type":"PropertyValueSpecification","valueRequired":true,"valueName":"search_term_string"}}],"inLanguage":"lv-LV"}]}},"_links":{"self":[{"href":"https:\/\/dev.myindustrial.eu\/lv\/wp-json\/wp\/v2\/product\/1260059064","targetHints":{"allow":["GET"]}}],"collection":[{"href":"https:\/\/dev.myindustrial.eu\/lv\/wp-json\/wp\/v2\/product"}],"about":[{"href":"https:\/\/dev.myindustrial.eu\/lv\/wp-json\/wp\/v2\/types\/product"}],"version-history":[{"count":1,"href":"https:\/\/dev.myindustrial.eu\/lv\/wp-json\/wp\/v2\/product\/1260059064\/revisions"}],"predecessor-version":[{"id":1260059981,"href":"https:\/\/dev.myindustrial.eu\/lv\/wp-json\/wp\/v2\/product\/1260059064\/revisions\/1260059981"}],"wp:featuredmedia":[{"embeddable":true,"href":"https:\/\/dev.myindustrial.eu\/lv\/wp-json\/wp\/v2\/media\/1260058310"}],"wp:attachment":[{"href":"https:\/\/dev.myindustrial.eu\/lv\/wp-json\/wp\/v2\/media?parent=1260059064"}],"wp:term":[{"taxonomy":"product_brand","embeddable":true,"href":"https:\/\/dev.myindustrial.eu\/lv\/wp-json\/wp\/v2\/product_brand?post=1260059064"},{"taxonomy":"product_cat","embeddable":true,"href":"https:\/\/dev.myindustrial.eu\/lv\/wp-json\/wp\/v2\/product_cat?post=1260059064"},{"taxonomy":"product_tag","embeddable":true,"href":"https:\/\/dev.myindustrial.eu\/lv\/wp-json\/wp\/v2\/product_tag?post=1260059064"}],"curies":[{"name":"wp","href":"https:\/\/api.w.org\/{rel}","templated":true}]}}