{"id":1260059065,"date":"2022-01-14T01:36:47","date_gmt":"2022-01-14T01:57:35","guid":{"rendered":"https:\/\/dev.myindustrial.eu\/shop-2\/uncategorized\/brakematic-elektrohidraulisko-bremzu-sistemu-vadiba\/"},"modified":"2023-12-28T20:08:57","modified_gmt":"2023-12-28T20:08:57","slug":"brakematic-elektrohidraulisko-bremzu-sistemu-vadiba","status":"publish","type":"product","link":"https:\/\/dev.myindustrial.eu\/lv\/shop\/elektrohidraulisko-piedzinu-risinajumi\/bremzu-vadibas-bloks-brakematic\/brakematic-elektrohidraulisko-bremzu-sistemu-vadiba\/","title":{"rendered":"BRAKEMATIC\u00ae elektrohidraulisko brem\u017eu sist\u0113mu vad\u012bba"},"content":{"rendered":"<p><b>Piez\u012bme:<\/b><span style=\"font-weight: 400\">Vad\u012bbas ier\u012bces un brem\u017eu pacel\u0161anas ier\u012bces veido funkcion\u0101lu vien\u012bbu, un ra\u017eot\u0101js t\u0101s individu\u0101li saska\u0146o un nosl\u0113dz kravas kast\u0113m. Ja komponents tiek nomain\u012bts, b\u016bs nepiecie\u0161ama sist\u0113mas atk\u0101rtota kalibr\u0113\u0161ana. Piedzi\u0146as motoram un brem\u017eu pacel\u0161anas ier\u012bc\u0113m ir atsevi\u0161\u0137as padeves l\u012bnijas. Pieg\u0101des komplekt\u0101 ir iek\u013cauta sh\u0113ma un lieto\u0161anas instrukcija.\u00a0\u00a0<\/span>&nbsp;<span style=\"font-weight: 400\">Ar BRAKEMATIC\u00ae sist\u0113mu var \u012bstenot \u0161\u0101das funkcijas:<\/span><\/p>\n<ul>\n<li><b>Ped\u0101\u013ca vad\u012bba P \u00abP\u00bb:<\/b><\/li>\n<\/ul>\n<p><span style=\"font-weight: 400\">Elektroniska ped\u0101\u013ca vad\u012bba ar manu\u0101lu parametru specifik\u0101ciju analog\u0101s bremz\u0113\u0161anas proced\u016bras \u0123ener\u0113\u0161anai. Sist\u0113ma \u013cauj jut\u012bgi bremz\u0113t brauk\u0161anas darb\u012bbas un rot\u0113jo\u0161as kust\u012bbas.\u00a0<\/span><\/p>\n<ul>\n<li><b>Rampas funkcija R:<\/b><\/li>\n<\/ul>\n<p><span style=\"font-weight: 400\">Elektronisk\u0101 vad\u012bba fiks\u0113tu, iepriek\u0161 ieprogramm\u0113tu bremz\u0113\u0161anas momenta profilu \u0123ener\u0113\u0161anai, lai realiz\u0113tu piespiedu atv\u0113r\u0161anas un aizv\u0113r\u0161anas kust\u012bbas<\/span><\/p>\n<ul>\n<li><b>Iepriek\u0161\u0113ja kontrole:<\/b><\/li>\n<\/ul>\n<p><span style=\"font-weight: 400\">Elektroniska vad\u012bba ar main\u012bgu parametru specifik\u0101ciju kontrol\u0113tu bremz\u0113\u0161anas momenta profilu \u0123ener\u0113\u0161anai, piem. konstanti bremz\u0113\u0161anas laiki sare\u017e\u0123\u012bt\u0101s konveijera sist\u0113m\u0101s vai ABS sist\u0113m\u0101 transportl\u012bdzek\u013ciem<\/span><\/p>\n","protected":false},"excerpt":{"rendered":"<p><span style=\"font-weight: 400;\">Elektrohidraulisko cilindru un disku brem\u017eu vad\u012bbas ier\u012bces BRAKEMATIC\u00ae pamat\u0101 sast\u0101v no programm\u0113jama frekvences p\u0101rveidot\u0101ja (FC) ar funkcion\u0101liem modu\u013ciem (ped\u0101lis, iek\u0161\u0113j\u0101 vai \u0101r\u0113j\u0101 parametru \u201cinterface\u201d, procesa vad\u012bbas modulis ar m\u0113r\u012b\u0161anas sensoru). Frekvences mai\u0146a tiek \u0123ener\u0113ta pie frekvences p\u0101rveidot\u0101ja izejas. To izmanto, lai kontrol\u0113tu elektrohidraulisko dzin\u0113ju (gr\u016bd\u0113ji), lai main\u012btu t\u0101 hidraulisko sp\u0113ku. Ieg\u016btais ELDRO\u00ae bloka iedarbin\u0101\u0161anas sp\u0113ks neitraliz\u0113 brem\u017eu sist\u0113mas bremz\u0113\u0161anas sp\u0113ku, kas noz\u012bm\u0113, ka bremz\u0113\u0161anas procesu var regul\u0113t ar \u0161\u012bs attiec\u012bbas pal\u012bdz\u012bbu.\u00a0<\/span><\/p>\n<p><span style=\"font-weight: 400;\">BRAKEMATIC\u00ae vad\u012bbas sist\u0113mu var izmantot, lai vienlaikus darbin\u0101tu vair\u0101kas bremzes, ja brem\u017eu sist\u0113mu funkcijas un darb\u012bbas re\u017e\u012bms ir identiski un visu ELDRO\u00ae vien\u012bbu pa\u0161reiz\u0113jo ievades v\u0113rt\u012bbu summa atbilst izv\u0113l\u0113t\u0101s brem\u017eu sist\u0113mas izm\u0113ram.\u00a0<\/span><\/p>\n","protected":false},"featured_media":1260058316,"template":"","meta":[],"product_brand":[],"product_cat":[1309],"product_tag":[],"class_list":{"0":"post-1260059065","1":"product","2":"type-product","3":"status-publish","4":"has-post-thumbnail","6":"product_cat-bremzu-vadibas-bloks-brakematic","8":"first","9":"instock","10":"product-type-simple"},"yoast_head":"<!-- This site is optimized with the Yoast SEO plugin v27.1.1 - https:\/\/yoast.com\/product\/yoast-seo-wordpress\/ -->\n<title>BRAKEMATIC\u00ae elektrohidraulisko brem\u017eu sist\u0113mu vad\u012bba - My industrial<\/title>\n<meta name=\"robots\" content=\"noindex, follow, max-snippet:-1, max-image-preview:large, max-video-preview:-1\" \/>\n<meta property=\"og:locale\" content=\"lv_LV\" \/>\n<meta property=\"og:type\" content=\"article\" \/>\n<meta property=\"og:title\" content=\"BRAKEMATIC\u00ae elektrohidraulisko brem\u017eu sist\u0113mu vad\u012bba - My industrial\" \/>\n<meta property=\"og:description\" content=\"Elektrohidraulisko cilindru un disku brem\u017eu vad\u012bbas ier\u012bces BRAKEMATIC\u00ae pamat\u0101 sast\u0101v no programm\u0113jama frekvences p\u0101rveidot\u0101ja (FC) ar funkcion\u0101liem modu\u013ciem (ped\u0101lis, iek\u0161\u0113j\u0101 vai \u0101r\u0113j\u0101 parametru \u201cinterface\u201d, procesa vad\u012bbas modulis ar m\u0113r\u012b\u0161anas sensoru). Frekvences mai\u0146a tiek \u0123ener\u0113ta pie frekvences p\u0101rveidot\u0101ja izejas. To izmanto, lai kontrol\u0113tu elektrohidraulisko dzin\u0113ju (gr\u016bd\u0113ji), lai main\u012btu t\u0101 hidraulisko sp\u0113ku. Ieg\u016btais ELDRO\u00ae bloka iedarbin\u0101\u0161anas sp\u0113ks neitraliz\u0113 brem\u017eu sist\u0113mas bremz\u0113\u0161anas sp\u0113ku, kas noz\u012bm\u0113, ka bremz\u0113\u0161anas procesu var regul\u0113t ar \u0161\u012bs attiec\u012bbas pal\u012bdz\u012bbu.\u00a0  BRAKEMATIC\u00ae vad\u012bbas sist\u0113mu var izmantot, lai vienlaikus darbin\u0101tu vair\u0101kas bremzes, ja brem\u017eu sist\u0113mu funkcijas un darb\u012bbas re\u017e\u012bms ir identiski un visu ELDRO\u00ae vien\u012bbu pa\u0161reiz\u0113jo ievades v\u0113rt\u012bbu summa atbilst izv\u0113l\u0113t\u0101s brem\u017eu sist\u0113mas izm\u0113ram.\u00a0\" \/>\n<meta property=\"og:url\" content=\"https:\/\/dev.myindustrial.eu\/lv\/shop\/elektrohidraulisko-piedzinu-risinajumi\/bremzu-vadibas-bloks-brakematic\/brakematic-elektrohidraulisko-bremzu-sistemu-vadiba\/\" \/>\n<meta property=\"og:site_name\" content=\"My industrial\" \/>\n<meta property=\"article:modified_time\" content=\"2023-12-28T20:08:57+00:00\" \/>\n<meta property=\"og:image\" content=\"https:\/\/dev.myindustrial.eu\/wp-content\/uploads\/2022\/01\/brakematic-300x300-4.jpg\" \/>\n\t<meta property=\"og:image:width\" content=\"300\" \/>\n\t<meta property=\"og:image:height\" content=\"300\" \/>\n\t<meta property=\"og:image:type\" content=\"image\/jpeg\" \/>\n<meta name=\"twitter:card\" content=\"summary_large_image\" \/>\n<script type=\"application\/ld+json\" class=\"yoast-schema-graph\">{\"@context\":\"https:\/\/schema.org\",\"@graph\":[{\"@type\":\"WebPage\",\"@id\":\"https:\/\/dev.myindustrial.eu\/lv\/shop\/elektrohidraulisko-piedzinu-risinajumi\/bremzu-vadibas-bloks-brakematic\/brakematic-elektrohidraulisko-bremzu-sistemu-vadiba\/\",\"url\":\"https:\/\/dev.myindustrial.eu\/lv\/shop\/elektrohidraulisko-piedzinu-risinajumi\/bremzu-vadibas-bloks-brakematic\/brakematic-elektrohidraulisko-bremzu-sistemu-vadiba\/\",\"name\":\"BRAKEMATIC\u00ae elektrohidraulisko brem\u017eu sist\u0113mu vad\u012bba - My industrial\",\"isPartOf\":{\"@id\":\"https:\/\/dev.myindustrial.eu\/lv\/#website\"},\"primaryImageOfPage\":{\"@id\":\"https:\/\/dev.myindustrial.eu\/lv\/shop\/elektrohidraulisko-piedzinu-risinajumi\/bremzu-vadibas-bloks-brakematic\/brakematic-elektrohidraulisko-bremzu-sistemu-vadiba\/#primaryimage\"},\"image\":{\"@id\":\"https:\/\/dev.myindustrial.eu\/lv\/shop\/elektrohidraulisko-piedzinu-risinajumi\/bremzu-vadibas-bloks-brakematic\/brakematic-elektrohidraulisko-bremzu-sistemu-vadiba\/#primaryimage\"},\"thumbnailUrl\":\"https:\/\/dev.myindustrial.eu\/wp-content\/uploads\/2022\/01\/brakematic-300x300-4.jpg\",\"datePublished\":\"2022-01-14T01:57:35+00:00\",\"dateModified\":\"2023-12-28T20:08:57+00:00\",\"breadcrumb\":{\"@id\":\"https:\/\/dev.myindustrial.eu\/lv\/shop\/elektrohidraulisko-piedzinu-risinajumi\/bremzu-vadibas-bloks-brakematic\/brakematic-elektrohidraulisko-bremzu-sistemu-vadiba\/#breadcrumb\"},\"inLanguage\":\"lv-LV\",\"potentialAction\":[{\"@type\":\"ReadAction\",\"target\":[\"https:\/\/dev.myindustrial.eu\/lv\/shop\/elektrohidraulisko-piedzinu-risinajumi\/bremzu-vadibas-bloks-brakematic\/brakematic-elektrohidraulisko-bremzu-sistemu-vadiba\/\"]}]},{\"@type\":\"ImageObject\",\"inLanguage\":\"lv-LV\",\"@id\":\"https:\/\/dev.myindustrial.eu\/lv\/shop\/elektrohidraulisko-piedzinu-risinajumi\/bremzu-vadibas-bloks-brakematic\/brakematic-elektrohidraulisko-bremzu-sistemu-vadiba\/#primaryimage\",\"url\":\"https:\/\/dev.myindustrial.eu\/wp-content\/uploads\/2022\/01\/brakematic-300x300-4.jpg\",\"contentUrl\":\"https:\/\/dev.myindustrial.eu\/wp-content\/uploads\/2022\/01\/brakematic-300x300-4.jpg\",\"width\":300,\"height\":300},{\"@type\":\"BreadcrumbList\",\"@id\":\"https:\/\/dev.myindustrial.eu\/lv\/shop\/elektrohidraulisko-piedzinu-risinajumi\/bremzu-vadibas-bloks-brakematic\/brakematic-elektrohidraulisko-bremzu-sistemu-vadiba\/#breadcrumb\",\"itemListElement\":[{\"@type\":\"ListItem\",\"position\":1,\"name\":\"Home\",\"item\":\"https:\/\/dev.myindustrial.eu\/lv\/\"},{\"@type\":\"ListItem\",\"position\":2,\"name\":\"Products\",\"item\":\"https:\/\/dev.myindustrial.eu\/lv\/products\/\"},{\"@type\":\"ListItem\",\"position\":3,\"name\":\"BRAKEMATIC\u00ae elektrohidraulisko brem\u017eu sist\u0113mu vad\u012bba\"}]},{\"@type\":\"WebSite\",\"@id\":\"https:\/\/dev.myindustrial.eu\/lv\/#website\",\"url\":\"https:\/\/dev.myindustrial.eu\/lv\/\",\"name\":\"My industrial\",\"description\":\"\",\"potentialAction\":[{\"@type\":\"SearchAction\",\"target\":{\"@type\":\"EntryPoint\",\"urlTemplate\":\"https:\/\/dev.myindustrial.eu\/lv\/?s={search_term_string}\"},\"query-input\":{\"@type\":\"PropertyValueSpecification\",\"valueRequired\":true,\"valueName\":\"search_term_string\"}}],\"inLanguage\":\"lv-LV\"}]}<\/script>\n<!-- \/ Yoast SEO plugin. -->","yoast_head_json":{"title":"BRAKEMATIC\u00ae elektrohidraulisko brem\u017eu sist\u0113mu vad\u012bba - My industrial","robots":{"index":"noindex","follow":"follow","max-snippet":"max-snippet:-1","max-image-preview":"max-image-preview:large","max-video-preview":"max-video-preview:-1"},"og_locale":"lv_LV","og_type":"article","og_title":"BRAKEMATIC\u00ae elektrohidraulisko brem\u017eu sist\u0113mu vad\u012bba - My industrial","og_description":"Elektrohidraulisko cilindru un disku brem\u017eu vad\u012bbas ier\u012bces BRAKEMATIC\u00ae pamat\u0101 sast\u0101v no programm\u0113jama frekvences p\u0101rveidot\u0101ja (FC) ar funkcion\u0101liem modu\u013ciem (ped\u0101lis, iek\u0161\u0113j\u0101 vai \u0101r\u0113j\u0101 parametru \u201cinterface\u201d, procesa vad\u012bbas modulis ar m\u0113r\u012b\u0161anas sensoru). Frekvences mai\u0146a tiek \u0123ener\u0113ta pie frekvences p\u0101rveidot\u0101ja izejas. To izmanto, lai kontrol\u0113tu elektrohidraulisko dzin\u0113ju (gr\u016bd\u0113ji), lai main\u012btu t\u0101 hidraulisko sp\u0113ku. Ieg\u016btais ELDRO\u00ae bloka iedarbin\u0101\u0161anas sp\u0113ks neitraliz\u0113 brem\u017eu sist\u0113mas bremz\u0113\u0161anas sp\u0113ku, kas noz\u012bm\u0113, ka bremz\u0113\u0161anas procesu var regul\u0113t ar \u0161\u012bs attiec\u012bbas pal\u012bdz\u012bbu.\u00a0  BRAKEMATIC\u00ae vad\u012bbas sist\u0113mu var izmantot, lai vienlaikus darbin\u0101tu vair\u0101kas bremzes, ja brem\u017eu sist\u0113mu funkcijas un darb\u012bbas re\u017e\u012bms ir identiski un visu ELDRO\u00ae vien\u012bbu pa\u0161reiz\u0113jo ievades v\u0113rt\u012bbu summa atbilst izv\u0113l\u0113t\u0101s brem\u017eu sist\u0113mas izm\u0113ram.\u00a0","og_url":"https:\/\/dev.myindustrial.eu\/lv\/shop\/elektrohidraulisko-piedzinu-risinajumi\/bremzu-vadibas-bloks-brakematic\/brakematic-elektrohidraulisko-bremzu-sistemu-vadiba\/","og_site_name":"My industrial","article_modified_time":"2023-12-28T20:08:57+00:00","og_image":[{"width":300,"height":300,"url":"https:\/\/dev.myindustrial.eu\/wp-content\/uploads\/2022\/01\/brakematic-300x300-4.jpg","type":"image\/jpeg"}],"twitter_card":"summary_large_image","schema":{"@context":"https:\/\/schema.org","@graph":[{"@type":"WebPage","@id":"https:\/\/dev.myindustrial.eu\/lv\/shop\/elektrohidraulisko-piedzinu-risinajumi\/bremzu-vadibas-bloks-brakematic\/brakematic-elektrohidraulisko-bremzu-sistemu-vadiba\/","url":"https:\/\/dev.myindustrial.eu\/lv\/shop\/elektrohidraulisko-piedzinu-risinajumi\/bremzu-vadibas-bloks-brakematic\/brakematic-elektrohidraulisko-bremzu-sistemu-vadiba\/","name":"BRAKEMATIC\u00ae elektrohidraulisko brem\u017eu sist\u0113mu vad\u012bba - My industrial","isPartOf":{"@id":"https:\/\/dev.myindustrial.eu\/lv\/#website"},"primaryImageOfPage":{"@id":"https:\/\/dev.myindustrial.eu\/lv\/shop\/elektrohidraulisko-piedzinu-risinajumi\/bremzu-vadibas-bloks-brakematic\/brakematic-elektrohidraulisko-bremzu-sistemu-vadiba\/#primaryimage"},"image":{"@id":"https:\/\/dev.myindustrial.eu\/lv\/shop\/elektrohidraulisko-piedzinu-risinajumi\/bremzu-vadibas-bloks-brakematic\/brakematic-elektrohidraulisko-bremzu-sistemu-vadiba\/#primaryimage"},"thumbnailUrl":"https:\/\/dev.myindustrial.eu\/wp-content\/uploads\/2022\/01\/brakematic-300x300-4.jpg","datePublished":"2022-01-14T01:57:35+00:00","dateModified":"2023-12-28T20:08:57+00:00","breadcrumb":{"@id":"https:\/\/dev.myindustrial.eu\/lv\/shop\/elektrohidraulisko-piedzinu-risinajumi\/bremzu-vadibas-bloks-brakematic\/brakematic-elektrohidraulisko-bremzu-sistemu-vadiba\/#breadcrumb"},"inLanguage":"lv-LV","potentialAction":[{"@type":"ReadAction","target":["https:\/\/dev.myindustrial.eu\/lv\/shop\/elektrohidraulisko-piedzinu-risinajumi\/bremzu-vadibas-bloks-brakematic\/brakematic-elektrohidraulisko-bremzu-sistemu-vadiba\/"]}]},{"@type":"ImageObject","inLanguage":"lv-LV","@id":"https:\/\/dev.myindustrial.eu\/lv\/shop\/elektrohidraulisko-piedzinu-risinajumi\/bremzu-vadibas-bloks-brakematic\/brakematic-elektrohidraulisko-bremzu-sistemu-vadiba\/#primaryimage","url":"https:\/\/dev.myindustrial.eu\/wp-content\/uploads\/2022\/01\/brakematic-300x300-4.jpg","contentUrl":"https:\/\/dev.myindustrial.eu\/wp-content\/uploads\/2022\/01\/brakematic-300x300-4.jpg","width":300,"height":300},{"@type":"BreadcrumbList","@id":"https:\/\/dev.myindustrial.eu\/lv\/shop\/elektrohidraulisko-piedzinu-risinajumi\/bremzu-vadibas-bloks-brakematic\/brakematic-elektrohidraulisko-bremzu-sistemu-vadiba\/#breadcrumb","itemListElement":[{"@type":"ListItem","position":1,"name":"Home","item":"https:\/\/dev.myindustrial.eu\/lv\/"},{"@type":"ListItem","position":2,"name":"Products","item":"https:\/\/dev.myindustrial.eu\/lv\/products\/"},{"@type":"ListItem","position":3,"name":"BRAKEMATIC\u00ae elektrohidraulisko brem\u017eu sist\u0113mu vad\u012bba"}]},{"@type":"WebSite","@id":"https:\/\/dev.myindustrial.eu\/lv\/#website","url":"https:\/\/dev.myindustrial.eu\/lv\/","name":"My industrial","description":"","potentialAction":[{"@type":"SearchAction","target":{"@type":"EntryPoint","urlTemplate":"https:\/\/dev.myindustrial.eu\/lv\/?s={search_term_string}"},"query-input":{"@type":"PropertyValueSpecification","valueRequired":true,"valueName":"search_term_string"}}],"inLanguage":"lv-LV"}]}},"_links":{"self":[{"href":"https:\/\/dev.myindustrial.eu\/lv\/wp-json\/wp\/v2\/product\/1260059065","targetHints":{"allow":["GET"]}}],"collection":[{"href":"https:\/\/dev.myindustrial.eu\/lv\/wp-json\/wp\/v2\/product"}],"about":[{"href":"https:\/\/dev.myindustrial.eu\/lv\/wp-json\/wp\/v2\/types\/product"}],"version-history":[{"count":1,"href":"https:\/\/dev.myindustrial.eu\/lv\/wp-json\/wp\/v2\/product\/1260059065\/revisions"}],"predecessor-version":[{"id":1260060273,"href":"https:\/\/dev.myindustrial.eu\/lv\/wp-json\/wp\/v2\/product\/1260059065\/revisions\/1260060273"}],"wp:featuredmedia":[{"embeddable":true,"href":"https:\/\/dev.myindustrial.eu\/lv\/wp-json\/wp\/v2\/media\/1260058316"}],"wp:attachment":[{"href":"https:\/\/dev.myindustrial.eu\/lv\/wp-json\/wp\/v2\/media?parent=1260059065"}],"wp:term":[{"taxonomy":"product_brand","embeddable":true,"href":"https:\/\/dev.myindustrial.eu\/lv\/wp-json\/wp\/v2\/product_brand?post=1260059065"},{"taxonomy":"product_cat","embeddable":true,"href":"https:\/\/dev.myindustrial.eu\/lv\/wp-json\/wp\/v2\/product_cat?post=1260059065"},{"taxonomy":"product_tag","embeddable":true,"href":"https:\/\/dev.myindustrial.eu\/lv\/wp-json\/wp\/v2\/product_tag?post=1260059065"}],"curies":[{"name":"wp","href":"https:\/\/api.w.org\/{rel}","templated":true}]}}