{"id":1260059066,"date":"2022-01-14T01:57:35","date_gmt":"2022-01-14T01:57:35","guid":{"rendered":"https:\/\/dev.myindustrial.eu\/shop-2\/uncategorized\/dmg18\/"},"modified":"2023-06-16T20:11:57","modified_gmt":"2023-06-16T20:11:57","slug":"dmg18","status":"publish","type":"product","link":"https:\/\/dev.myindustrial.eu\/lv\/shop\/potenciometri-un-sensori\/vairaku-agriezienu-potenciometrs\/dmg18\/","title":{"rendered":"Vair\u0101ku agriezienu potenciometri DMG18 un DMG19"},"content":{"rendered":"<p><iframe width=\"560\" height=\"315\" src=\"https:\/\/youtube.com\/embed\/jq9_hKTTe90\" frameborder=\"0\" allow=\"accelerometer; autoplay; clipboard-write; encrypted-media; gyroscope; picture-in-picture; web-share\" allowfullscreen><\/iframe><\/p>\n","protected":false},"excerpt":{"rendered":"<p>Produktu mode\u013ciem DMG18\/19 ir stikla \u0161\u0137iedru pastiprin\u0101ts plastmasas korpuss, un tie ir pieejami ar collu v\u0101rpstu (\u00d8 6,35 mm), k\u0101 ar\u012b ar metrisko v\u0101rpstu (\u00d8 6 mm). Turkl\u0101t pretest\u012bbas stiepli var alternat\u012bvi apr\u012bkot ar hibr\u012bda elementu, kas nodro\u0161ina ilg\u0101ku kalpo\u0161anas laiku. Visi veidi ir pieejami k\u0101 3, 5 un 10 p\u0101rneses \u0101trumu versijas. DMG18\/19 s\u0113riju raksturo augstas iz\u0161\u0137irtsp\u0113jas pretest\u012bbas elementi.<\/p>\n","protected":false},"featured_media":1260061771,"template":"","meta":[],"product_brand":[],"product_cat":[1295],"product_tag":[],"class_list":{"0":"post-1260059066","1":"product","2":"type-product","3":"status-publish","4":"has-post-thumbnail","6":"product_cat-vairaku-agriezienu-potenciometrs","8":"first","9":"instock","10":"product-type-simple"},"yoast_head":"<!-- This site is optimized with the Yoast SEO plugin v27.1.1 - https:\/\/yoast.com\/product\/yoast-seo-wordpress\/ -->\n<title>Vair\u0101ku agriezienu potenciometri DMG18 un DMG19 - My industrial<\/title>\n<meta name=\"robots\" content=\"noindex, follow, max-snippet:-1, max-image-preview:large, max-video-preview:-1\" \/>\n<meta property=\"og:locale\" content=\"lv_LV\" \/>\n<meta property=\"og:type\" content=\"article\" \/>\n<meta property=\"og:title\" content=\"Vair\u0101ku agriezienu potenciometri DMG18 un DMG19 - My industrial\" \/>\n<meta property=\"og:description\" content=\"Produktu mode\u013ciem DMG18\/19 ir stikla \u0161\u0137iedru pastiprin\u0101ts plastmasas korpuss, un tie ir pieejami ar collu v\u0101rpstu (\u00d8 6,35 mm), k\u0101 ar\u012b ar metrisko v\u0101rpstu (\u00d8 6 mm). Turkl\u0101t pretest\u012bbas stiepli var alternat\u012bvi apr\u012bkot ar hibr\u012bda elementu, kas nodro\u0161ina ilg\u0101ku kalpo\u0161anas laiku. Visi veidi ir pieejami k\u0101 3, 5 un 10 p\u0101rneses \u0101trumu versijas. DMG18\/19 s\u0113riju raksturo augstas iz\u0161\u0137irtsp\u0113jas pretest\u012bbas elementi.\" \/>\n<meta property=\"og:url\" content=\"https:\/\/dev.myindustrial.eu\/lv\/shop\/potenciometri-un-sensori\/vairaku-agriezienu-potenciometrs\/dmg18\/\" \/>\n<meta property=\"og:site_name\" content=\"My industrial\" \/>\n<meta property=\"article:modified_time\" content=\"2023-06-16T20:11:57+00:00\" \/>\n<meta property=\"og:image\" content=\"https:\/\/dev.myindustrial.eu\/wp-content\/uploads\/2022\/01\/dmg18_dmg19_400_413_altmann-400x413.jpg\" \/>\n\t<meta property=\"og:image:width\" content=\"400\" \/>\n\t<meta property=\"og:image:height\" content=\"413\" \/>\n\t<meta property=\"og:image:type\" content=\"image\/jpeg\" \/>\n<meta name=\"twitter:card\" content=\"summary_large_image\" \/>\n<script type=\"application\/ld+json\" class=\"yoast-schema-graph\">{\"@context\":\"https:\/\/schema.org\",\"@graph\":[{\"@type\":\"WebPage\",\"@id\":\"https:\/\/dev.myindustrial.eu\/lv\/shop\/potenciometri-un-sensori\/vairaku-agriezienu-potenciometrs\/dmg18\/\",\"url\":\"https:\/\/dev.myindustrial.eu\/lv\/shop\/potenciometri-un-sensori\/vairaku-agriezienu-potenciometrs\/dmg18\/\",\"name\":\"Vair\u0101ku agriezienu potenciometri DMG18 un DMG19 - My industrial\",\"isPartOf\":{\"@id\":\"https:\/\/dev.myindustrial.eu\/lv\/#website\"},\"primaryImageOfPage\":{\"@id\":\"https:\/\/dev.myindustrial.eu\/lv\/shop\/potenciometri-un-sensori\/vairaku-agriezienu-potenciometrs\/dmg18\/#primaryimage\"},\"image\":{\"@id\":\"https:\/\/dev.myindustrial.eu\/lv\/shop\/potenciometri-un-sensori\/vairaku-agriezienu-potenciometrs\/dmg18\/#primaryimage\"},\"thumbnailUrl\":\"https:\/\/dev.myindustrial.eu\/wp-content\/uploads\/2022\/01\/dmg18_dmg19_400_413_altmann-400x413.jpg\",\"datePublished\":\"2022-01-14T01:57:35+00:00\",\"dateModified\":\"2023-06-16T20:11:57+00:00\",\"breadcrumb\":{\"@id\":\"https:\/\/dev.myindustrial.eu\/lv\/shop\/potenciometri-un-sensori\/vairaku-agriezienu-potenciometrs\/dmg18\/#breadcrumb\"},\"inLanguage\":\"lv-LV\",\"potentialAction\":[{\"@type\":\"ReadAction\",\"target\":[\"https:\/\/dev.myindustrial.eu\/lv\/shop\/potenciometri-un-sensori\/vairaku-agriezienu-potenciometrs\/dmg18\/\"]}]},{\"@type\":\"ImageObject\",\"inLanguage\":\"lv-LV\",\"@id\":\"https:\/\/dev.myindustrial.eu\/lv\/shop\/potenciometri-un-sensori\/vairaku-agriezienu-potenciometrs\/dmg18\/#primaryimage\",\"url\":\"https:\/\/dev.myindustrial.eu\/wp-content\/uploads\/2022\/01\/dmg18_dmg19_400_413_altmann-400x413.jpg\",\"contentUrl\":\"https:\/\/dev.myindustrial.eu\/wp-content\/uploads\/2022\/01\/dmg18_dmg19_400_413_altmann-400x413.jpg\",\"width\":400,\"height\":413,\"caption\":\"dmg18_dmg19\"},{\"@type\":\"BreadcrumbList\",\"@id\":\"https:\/\/dev.myindustrial.eu\/lv\/shop\/potenciometri-un-sensori\/vairaku-agriezienu-potenciometrs\/dmg18\/#breadcrumb\",\"itemListElement\":[{\"@type\":\"ListItem\",\"position\":1,\"name\":\"Home\",\"item\":\"https:\/\/dev.myindustrial.eu\/lv\/\"},{\"@type\":\"ListItem\",\"position\":2,\"name\":\"Products\",\"item\":\"https:\/\/dev.myindustrial.eu\/lv\/products\/\"},{\"@type\":\"ListItem\",\"position\":3,\"name\":\"Vair\u0101ku agriezienu potenciometri DMG18 un DMG19\"}]},{\"@type\":\"WebSite\",\"@id\":\"https:\/\/dev.myindustrial.eu\/lv\/#website\",\"url\":\"https:\/\/dev.myindustrial.eu\/lv\/\",\"name\":\"My industrial\",\"description\":\"\",\"potentialAction\":[{\"@type\":\"SearchAction\",\"target\":{\"@type\":\"EntryPoint\",\"urlTemplate\":\"https:\/\/dev.myindustrial.eu\/lv\/?s={search_term_string}\"},\"query-input\":{\"@type\":\"PropertyValueSpecification\",\"valueRequired\":true,\"valueName\":\"search_term_string\"}}],\"inLanguage\":\"lv-LV\"}]}<\/script>\n<!-- \/ Yoast SEO plugin. -->","yoast_head_json":{"title":"Vair\u0101ku agriezienu potenciometri DMG18 un DMG19 - My industrial","robots":{"index":"noindex","follow":"follow","max-snippet":"max-snippet:-1","max-image-preview":"max-image-preview:large","max-video-preview":"max-video-preview:-1"},"og_locale":"lv_LV","og_type":"article","og_title":"Vair\u0101ku agriezienu potenciometri DMG18 un DMG19 - My industrial","og_description":"Produktu mode\u013ciem DMG18\/19 ir stikla \u0161\u0137iedru pastiprin\u0101ts plastmasas korpuss, un tie ir pieejami ar collu v\u0101rpstu (\u00d8 6,35 mm), k\u0101 ar\u012b ar metrisko v\u0101rpstu (\u00d8 6 mm). Turkl\u0101t pretest\u012bbas stiepli var alternat\u012bvi apr\u012bkot ar hibr\u012bda elementu, kas nodro\u0161ina ilg\u0101ku kalpo\u0161anas laiku. Visi veidi ir pieejami k\u0101 3, 5 un 10 p\u0101rneses \u0101trumu versijas. DMG18\/19 s\u0113riju raksturo augstas iz\u0161\u0137irtsp\u0113jas pretest\u012bbas elementi.","og_url":"https:\/\/dev.myindustrial.eu\/lv\/shop\/potenciometri-un-sensori\/vairaku-agriezienu-potenciometrs\/dmg18\/","og_site_name":"My industrial","article_modified_time":"2023-06-16T20:11:57+00:00","og_image":[{"width":400,"height":413,"url":"https:\/\/dev.myindustrial.eu\/wp-content\/uploads\/2022\/01\/dmg18_dmg19_400_413_altmann-400x413.jpg","type":"image\/jpeg"}],"twitter_card":"summary_large_image","schema":{"@context":"https:\/\/schema.org","@graph":[{"@type":"WebPage","@id":"https:\/\/dev.myindustrial.eu\/lv\/shop\/potenciometri-un-sensori\/vairaku-agriezienu-potenciometrs\/dmg18\/","url":"https:\/\/dev.myindustrial.eu\/lv\/shop\/potenciometri-un-sensori\/vairaku-agriezienu-potenciometrs\/dmg18\/","name":"Vair\u0101ku agriezienu potenciometri DMG18 un DMG19 - My industrial","isPartOf":{"@id":"https:\/\/dev.myindustrial.eu\/lv\/#website"},"primaryImageOfPage":{"@id":"https:\/\/dev.myindustrial.eu\/lv\/shop\/potenciometri-un-sensori\/vairaku-agriezienu-potenciometrs\/dmg18\/#primaryimage"},"image":{"@id":"https:\/\/dev.myindustrial.eu\/lv\/shop\/potenciometri-un-sensori\/vairaku-agriezienu-potenciometrs\/dmg18\/#primaryimage"},"thumbnailUrl":"https:\/\/dev.myindustrial.eu\/wp-content\/uploads\/2022\/01\/dmg18_dmg19_400_413_altmann-400x413.jpg","datePublished":"2022-01-14T01:57:35+00:00","dateModified":"2023-06-16T20:11:57+00:00","breadcrumb":{"@id":"https:\/\/dev.myindustrial.eu\/lv\/shop\/potenciometri-un-sensori\/vairaku-agriezienu-potenciometrs\/dmg18\/#breadcrumb"},"inLanguage":"lv-LV","potentialAction":[{"@type":"ReadAction","target":["https:\/\/dev.myindustrial.eu\/lv\/shop\/potenciometri-un-sensori\/vairaku-agriezienu-potenciometrs\/dmg18\/"]}]},{"@type":"ImageObject","inLanguage":"lv-LV","@id":"https:\/\/dev.myindustrial.eu\/lv\/shop\/potenciometri-un-sensori\/vairaku-agriezienu-potenciometrs\/dmg18\/#primaryimage","url":"https:\/\/dev.myindustrial.eu\/wp-content\/uploads\/2022\/01\/dmg18_dmg19_400_413_altmann-400x413.jpg","contentUrl":"https:\/\/dev.myindustrial.eu\/wp-content\/uploads\/2022\/01\/dmg18_dmg19_400_413_altmann-400x413.jpg","width":400,"height":413,"caption":"dmg18_dmg19"},{"@type":"BreadcrumbList","@id":"https:\/\/dev.myindustrial.eu\/lv\/shop\/potenciometri-un-sensori\/vairaku-agriezienu-potenciometrs\/dmg18\/#breadcrumb","itemListElement":[{"@type":"ListItem","position":1,"name":"Home","item":"https:\/\/dev.myindustrial.eu\/lv\/"},{"@type":"ListItem","position":2,"name":"Products","item":"https:\/\/dev.myindustrial.eu\/lv\/products\/"},{"@type":"ListItem","position":3,"name":"Vair\u0101ku agriezienu potenciometri DMG18 un DMG19"}]},{"@type":"WebSite","@id":"https:\/\/dev.myindustrial.eu\/lv\/#website","url":"https:\/\/dev.myindustrial.eu\/lv\/","name":"My industrial","description":"","potentialAction":[{"@type":"SearchAction","target":{"@type":"EntryPoint","urlTemplate":"https:\/\/dev.myindustrial.eu\/lv\/?s={search_term_string}"},"query-input":{"@type":"PropertyValueSpecification","valueRequired":true,"valueName":"search_term_string"}}],"inLanguage":"lv-LV"}]}},"_links":{"self":[{"href":"https:\/\/dev.myindustrial.eu\/lv\/wp-json\/wp\/v2\/product\/1260059066","targetHints":{"allow":["GET"]}}],"collection":[{"href":"https:\/\/dev.myindustrial.eu\/lv\/wp-json\/wp\/v2\/product"}],"about":[{"href":"https:\/\/dev.myindustrial.eu\/lv\/wp-json\/wp\/v2\/types\/product"}],"version-history":[{"count":1,"href":"https:\/\/dev.myindustrial.eu\/lv\/wp-json\/wp\/v2\/product\/1260059066\/revisions"}],"predecessor-version":[{"id":1260060256,"href":"https:\/\/dev.myindustrial.eu\/lv\/wp-json\/wp\/v2\/product\/1260059066\/revisions\/1260060256"}],"wp:featuredmedia":[{"embeddable":true,"href":"https:\/\/dev.myindustrial.eu\/lv\/wp-json\/wp\/v2\/media\/1260061771"}],"wp:attachment":[{"href":"https:\/\/dev.myindustrial.eu\/lv\/wp-json\/wp\/v2\/media?parent=1260059066"}],"wp:term":[{"taxonomy":"product_brand","embeddable":true,"href":"https:\/\/dev.myindustrial.eu\/lv\/wp-json\/wp\/v2\/product_brand?post=1260059066"},{"taxonomy":"product_cat","embeddable":true,"href":"https:\/\/dev.myindustrial.eu\/lv\/wp-json\/wp\/v2\/product_cat?post=1260059066"},{"taxonomy":"product_tag","embeddable":true,"href":"https:\/\/dev.myindustrial.eu\/lv\/wp-json\/wp\/v2\/product_tag?post=1260059066"}],"curies":[{"name":"wp","href":"https:\/\/api.w.org\/{rel}","templated":true}]}}