{"id":1260059068,"date":"2022-01-14T01:36:47","date_gmt":"2022-01-14T01:57:35","guid":{"rendered":"https:\/\/dev.myindustrial.eu\/shop-2\/uncategorized\/dmg22\/"},"modified":"2023-06-22T10:26:04","modified_gmt":"2023-06-22T10:26:04","slug":"dmg22","status":"publish","type":"product","link":"https:\/\/dev.myindustrial.eu\/lv\/shop\/potenciometri-un-sensori\/vairaku-agriezienu-potenciometrs\/dmg22\/","title":{"rendered":"Vair\u0101ku agriezienu potenciometrs DMG22"},"content":{"rendered":"<p><iframe width=\"560\" height=\"315\" src=\"https:\/\/youtube.com\/embed\/iN_MvjVAoP8\" frameborder=\"0\" allow=\"accelerometer; autoplay; clipboard-write; encrypted-media; gyroscope; picture-in-picture; web-share\" allowfullscreen><\/iframe><\/p>\n","protected":false},"excerpt":{"rendered":"<p>Produkta tipam DMG22 ir ar stikla \u0161\u0137iedru pastiprin\u0101ts plastmasas korpuss, un k\u0101 standarts tas tiek pieg\u0101d\u0101ts metrisk\u0101 versij\u0101. Turkl\u0101t pretest\u012bbas stiepli var alternat\u012bvi apr\u012bkot ar hibr\u012bda elementu, kas nodro\u0161ina ilg\u0101ku kalpo\u0161anas laiku. Visi veidi ir pieejami ar 3, 5 un 10 p\u0101rnesumu versiju. DMG22 s\u0113riju raksturo augstas iz\u0161\u0137irtsp\u0113jas pretest\u012bbas elementi.<\/p>\n","protected":false},"featured_media":1260061403,"template":"","meta":[],"product_brand":[],"product_cat":[1295],"product_tag":[],"class_list":{"0":"post-1260059068","1":"product","2":"type-product","3":"status-publish","4":"has-post-thumbnail","6":"product_cat-vairaku-agriezienu-potenciometrs","8":"first","9":"instock","10":"product-type-simple"},"yoast_head":"<!-- This site is optimized with the Yoast SEO plugin v27.1.1 - https:\/\/yoast.com\/product\/yoast-seo-wordpress\/ -->\n<title>Vair\u0101ku agriezienu potenciometrs DMG22 - My industrial<\/title>\n<meta name=\"robots\" content=\"noindex, follow, max-snippet:-1, max-image-preview:large, max-video-preview:-1\" \/>\n<meta property=\"og:locale\" content=\"lv_LV\" \/>\n<meta property=\"og:type\" content=\"article\" \/>\n<meta property=\"og:title\" content=\"Vair\u0101ku agriezienu potenciometrs DMG22 - My industrial\" \/>\n<meta property=\"og:description\" content=\"Produkta tipam DMG22 ir ar stikla \u0161\u0137iedru pastiprin\u0101ts plastmasas korpuss, un k\u0101 standarts tas tiek pieg\u0101d\u0101ts metrisk\u0101 versij\u0101. Turkl\u0101t pretest\u012bbas stiepli var alternat\u012bvi apr\u012bkot ar hibr\u012bda elementu, kas nodro\u0161ina ilg\u0101ku kalpo\u0161anas laiku. Visi veidi ir pieejami ar 3, 5 un 10 p\u0101rnesumu versiju. DMG22 s\u0113riju raksturo augstas iz\u0161\u0137irtsp\u0113jas pretest\u012bbas elementi.\" \/>\n<meta property=\"og:url\" content=\"https:\/\/dev.myindustrial.eu\/lv\/shop\/potenciometri-un-sensori\/vairaku-agriezienu-potenciometrs\/dmg22\/\" \/>\n<meta property=\"og:site_name\" content=\"My industrial\" \/>\n<meta property=\"article:modified_time\" content=\"2023-06-22T10:26:04+00:00\" \/>\n<meta property=\"og:image\" content=\"https:\/\/dev.myindustrial.eu\/wp-content\/uploads\/2022\/06\/dmg22-new.webp\" \/>\n\t<meta property=\"og:image:width\" content=\"500\" \/>\n\t<meta property=\"og:image:height\" content=\"500\" \/>\n\t<meta property=\"og:image:type\" content=\"image\/webp\" \/>\n<meta name=\"twitter:card\" content=\"summary_large_image\" \/>\n<script type=\"application\/ld+json\" class=\"yoast-schema-graph\">{\"@context\":\"https:\/\/schema.org\",\"@graph\":[{\"@type\":\"WebPage\",\"@id\":\"https:\/\/dev.myindustrial.eu\/lv\/shop\/potenciometri-un-sensori\/vairaku-agriezienu-potenciometrs\/dmg22\/\",\"url\":\"https:\/\/dev.myindustrial.eu\/lv\/shop\/potenciometri-un-sensori\/vairaku-agriezienu-potenciometrs\/dmg22\/\",\"name\":\"Vair\u0101ku agriezienu potenciometrs DMG22 - My industrial\",\"isPartOf\":{\"@id\":\"https:\/\/dev.myindustrial.eu\/lv\/#website\"},\"primaryImageOfPage\":{\"@id\":\"https:\/\/dev.myindustrial.eu\/lv\/shop\/potenciometri-un-sensori\/vairaku-agriezienu-potenciometrs\/dmg22\/#primaryimage\"},\"image\":{\"@id\":\"https:\/\/dev.myindustrial.eu\/lv\/shop\/potenciometri-un-sensori\/vairaku-agriezienu-potenciometrs\/dmg22\/#primaryimage\"},\"thumbnailUrl\":\"https:\/\/dev.myindustrial.eu\/wp-content\/uploads\/2022\/06\/dmg22-new.webp\",\"datePublished\":\"2022-01-14T01:57:35+00:00\",\"dateModified\":\"2023-06-22T10:26:04+00:00\",\"breadcrumb\":{\"@id\":\"https:\/\/dev.myindustrial.eu\/lv\/shop\/potenciometri-un-sensori\/vairaku-agriezienu-potenciometrs\/dmg22\/#breadcrumb\"},\"inLanguage\":\"lv-LV\",\"potentialAction\":[{\"@type\":\"ReadAction\",\"target\":[\"https:\/\/dev.myindustrial.eu\/lv\/shop\/potenciometri-un-sensori\/vairaku-agriezienu-potenciometrs\/dmg22\/\"]}]},{\"@type\":\"ImageObject\",\"inLanguage\":\"lv-LV\",\"@id\":\"https:\/\/dev.myindustrial.eu\/lv\/shop\/potenciometri-un-sensori\/vairaku-agriezienu-potenciometrs\/dmg22\/#primaryimage\",\"url\":\"https:\/\/dev.myindustrial.eu\/wp-content\/uploads\/2022\/06\/dmg22-new.webp\",\"contentUrl\":\"https:\/\/dev.myindustrial.eu\/wp-content\/uploads\/2022\/06\/dmg22-new.webp\",\"width\":500,\"height\":500},{\"@type\":\"BreadcrumbList\",\"@id\":\"https:\/\/dev.myindustrial.eu\/lv\/shop\/potenciometri-un-sensori\/vairaku-agriezienu-potenciometrs\/dmg22\/#breadcrumb\",\"itemListElement\":[{\"@type\":\"ListItem\",\"position\":1,\"name\":\"Home\",\"item\":\"https:\/\/dev.myindustrial.eu\/lv\/\"},{\"@type\":\"ListItem\",\"position\":2,\"name\":\"Products\",\"item\":\"https:\/\/dev.myindustrial.eu\/lv\/products\/\"},{\"@type\":\"ListItem\",\"position\":3,\"name\":\"Vair\u0101ku agriezienu potenciometrs DMG22\"}]},{\"@type\":\"WebSite\",\"@id\":\"https:\/\/dev.myindustrial.eu\/lv\/#website\",\"url\":\"https:\/\/dev.myindustrial.eu\/lv\/\",\"name\":\"My industrial\",\"description\":\"\",\"potentialAction\":[{\"@type\":\"SearchAction\",\"target\":{\"@type\":\"EntryPoint\",\"urlTemplate\":\"https:\/\/dev.myindustrial.eu\/lv\/?s={search_term_string}\"},\"query-input\":{\"@type\":\"PropertyValueSpecification\",\"valueRequired\":true,\"valueName\":\"search_term_string\"}}],\"inLanguage\":\"lv-LV\"}]}<\/script>\n<!-- \/ Yoast SEO plugin. -->","yoast_head_json":{"title":"Vair\u0101ku agriezienu potenciometrs DMG22 - My industrial","robots":{"index":"noindex","follow":"follow","max-snippet":"max-snippet:-1","max-image-preview":"max-image-preview:large","max-video-preview":"max-video-preview:-1"},"og_locale":"lv_LV","og_type":"article","og_title":"Vair\u0101ku agriezienu potenciometrs DMG22 - My industrial","og_description":"Produkta tipam DMG22 ir ar stikla \u0161\u0137iedru pastiprin\u0101ts plastmasas korpuss, un k\u0101 standarts tas tiek pieg\u0101d\u0101ts metrisk\u0101 versij\u0101. Turkl\u0101t pretest\u012bbas stiepli var alternat\u012bvi apr\u012bkot ar hibr\u012bda elementu, kas nodro\u0161ina ilg\u0101ku kalpo\u0161anas laiku. Visi veidi ir pieejami ar 3, 5 un 10 p\u0101rnesumu versiju. DMG22 s\u0113riju raksturo augstas iz\u0161\u0137irtsp\u0113jas pretest\u012bbas elementi.","og_url":"https:\/\/dev.myindustrial.eu\/lv\/shop\/potenciometri-un-sensori\/vairaku-agriezienu-potenciometrs\/dmg22\/","og_site_name":"My industrial","article_modified_time":"2023-06-22T10:26:04+00:00","og_image":[{"width":500,"height":500,"url":"https:\/\/dev.myindustrial.eu\/wp-content\/uploads\/2022\/06\/dmg22-new.webp","type":"image\/webp"}],"twitter_card":"summary_large_image","schema":{"@context":"https:\/\/schema.org","@graph":[{"@type":"WebPage","@id":"https:\/\/dev.myindustrial.eu\/lv\/shop\/potenciometri-un-sensori\/vairaku-agriezienu-potenciometrs\/dmg22\/","url":"https:\/\/dev.myindustrial.eu\/lv\/shop\/potenciometri-un-sensori\/vairaku-agriezienu-potenciometrs\/dmg22\/","name":"Vair\u0101ku agriezienu potenciometrs DMG22 - My industrial","isPartOf":{"@id":"https:\/\/dev.myindustrial.eu\/lv\/#website"},"primaryImageOfPage":{"@id":"https:\/\/dev.myindustrial.eu\/lv\/shop\/potenciometri-un-sensori\/vairaku-agriezienu-potenciometrs\/dmg22\/#primaryimage"},"image":{"@id":"https:\/\/dev.myindustrial.eu\/lv\/shop\/potenciometri-un-sensori\/vairaku-agriezienu-potenciometrs\/dmg22\/#primaryimage"},"thumbnailUrl":"https:\/\/dev.myindustrial.eu\/wp-content\/uploads\/2022\/06\/dmg22-new.webp","datePublished":"2022-01-14T01:57:35+00:00","dateModified":"2023-06-22T10:26:04+00:00","breadcrumb":{"@id":"https:\/\/dev.myindustrial.eu\/lv\/shop\/potenciometri-un-sensori\/vairaku-agriezienu-potenciometrs\/dmg22\/#breadcrumb"},"inLanguage":"lv-LV","potentialAction":[{"@type":"ReadAction","target":["https:\/\/dev.myindustrial.eu\/lv\/shop\/potenciometri-un-sensori\/vairaku-agriezienu-potenciometrs\/dmg22\/"]}]},{"@type":"ImageObject","inLanguage":"lv-LV","@id":"https:\/\/dev.myindustrial.eu\/lv\/shop\/potenciometri-un-sensori\/vairaku-agriezienu-potenciometrs\/dmg22\/#primaryimage","url":"https:\/\/dev.myindustrial.eu\/wp-content\/uploads\/2022\/06\/dmg22-new.webp","contentUrl":"https:\/\/dev.myindustrial.eu\/wp-content\/uploads\/2022\/06\/dmg22-new.webp","width":500,"height":500},{"@type":"BreadcrumbList","@id":"https:\/\/dev.myindustrial.eu\/lv\/shop\/potenciometri-un-sensori\/vairaku-agriezienu-potenciometrs\/dmg22\/#breadcrumb","itemListElement":[{"@type":"ListItem","position":1,"name":"Home","item":"https:\/\/dev.myindustrial.eu\/lv\/"},{"@type":"ListItem","position":2,"name":"Products","item":"https:\/\/dev.myindustrial.eu\/lv\/products\/"},{"@type":"ListItem","position":3,"name":"Vair\u0101ku agriezienu potenciometrs DMG22"}]},{"@type":"WebSite","@id":"https:\/\/dev.myindustrial.eu\/lv\/#website","url":"https:\/\/dev.myindustrial.eu\/lv\/","name":"My industrial","description":"","potentialAction":[{"@type":"SearchAction","target":{"@type":"EntryPoint","urlTemplate":"https:\/\/dev.myindustrial.eu\/lv\/?s={search_term_string}"},"query-input":{"@type":"PropertyValueSpecification","valueRequired":true,"valueName":"search_term_string"}}],"inLanguage":"lv-LV"}]}},"_links":{"self":[{"href":"https:\/\/dev.myindustrial.eu\/lv\/wp-json\/wp\/v2\/product\/1260059068","targetHints":{"allow":["GET"]}}],"collection":[{"href":"https:\/\/dev.myindustrial.eu\/lv\/wp-json\/wp\/v2\/product"}],"about":[{"href":"https:\/\/dev.myindustrial.eu\/lv\/wp-json\/wp\/v2\/types\/product"}],"version-history":[{"count":1,"href":"https:\/\/dev.myindustrial.eu\/lv\/wp-json\/wp\/v2\/product\/1260059068\/revisions"}],"predecessor-version":[{"id":1260060258,"href":"https:\/\/dev.myindustrial.eu\/lv\/wp-json\/wp\/v2\/product\/1260059068\/revisions\/1260060258"}],"wp:featuredmedia":[{"embeddable":true,"href":"https:\/\/dev.myindustrial.eu\/lv\/wp-json\/wp\/v2\/media\/1260061403"}],"wp:attachment":[{"href":"https:\/\/dev.myindustrial.eu\/lv\/wp-json\/wp\/v2\/media?parent=1260059068"}],"wp:term":[{"taxonomy":"product_brand","embeddable":true,"href":"https:\/\/dev.myindustrial.eu\/lv\/wp-json\/wp\/v2\/product_brand?post=1260059068"},{"taxonomy":"product_cat","embeddable":true,"href":"https:\/\/dev.myindustrial.eu\/lv\/wp-json\/wp\/v2\/product_cat?post=1260059068"},{"taxonomy":"product_tag","embeddable":true,"href":"https:\/\/dev.myindustrial.eu\/lv\/wp-json\/wp\/v2\/product_tag?post=1260059068"}],"curies":[{"name":"wp","href":"https:\/\/api.w.org\/{rel}","templated":true}]}}