{"id":1260059070,"date":"2022-01-14T01:36:47","date_gmt":"2022-01-14T01:57:35","guid":{"rendered":"https:\/\/dev.myindustrial.eu\/shop-2\/uncategorized\/dmg24m\/"},"modified":"2023-06-16T20:11:49","modified_gmt":"2023-06-16T20:11:49","slug":"dmg24m","status":"publish","type":"product","link":"https:\/\/dev.myindustrial.eu\/lv\/shop\/potenciometri-un-sensori\/vairaku-agriezienu-potenciometrs\/dmg24m\/","title":{"rendered":"Vair\u0101ku agriezienu potenciometrs DMG24M"},"content":{"rendered":"","protected":false},"excerpt":{"rendered":"<p>Produkta tipam DMG24M ir alum\u012bnija korpuss, un k\u0101 standarts tas tiek pieg\u0101d\u0101ts metrisk\u0101 versij\u0101. Turkl\u0101t pretest\u012bbas stiepli var alternat\u012bvi apr\u012bkot ar hibr\u012bda elementu, kas nodro\u0161ina ilg\u0101ku kalpo\u0161anas laiku. Prec\u012bzs daudzpagriezienu potenciometrs tiek izmantots k\u0101 faktisk\u0101s v\u0113rt\u012bbas raid\u012bt\u0101js, uzst\u0101dot sensora stiprin\u0101jumu ar izejas sign\u0101lu 0\/4&#8230;20mA vai 0&#8230;10VDC. Visi veidi ir pieejami ar 3, 5 un 10 p\u0101rnesumiem. DMG24M s\u0113rijai ir augstas iz\u0161\u0137irtsp\u0113jas raid\u012bt\u0101js. P\u0113c izv\u0113les kombin\u0101cij\u0101 ar p\u0101rnesumu potenciometru var \u012bstenot pla\u0161u samazin\u0101\u0161anas attiec\u012bbu diapazonu.<\/p>\n","protected":false},"featured_media":1260061796,"template":"","meta":[],"product_brand":[],"product_cat":[1295],"product_tag":[],"class_list":{"0":"post-1260059070","1":"product","2":"type-product","3":"status-publish","4":"has-post-thumbnail","6":"product_cat-vairaku-agriezienu-potenciometrs","8":"first","9":"instock","10":"product-type-simple"},"yoast_head":"<!-- This site is optimized with the Yoast SEO plugin v27.1.1 - https:\/\/yoast.com\/product\/yoast-seo-wordpress\/ -->\n<title>Vair\u0101ku agriezienu potenciometrs DMG24M - My industrial<\/title>\n<meta name=\"robots\" content=\"noindex, follow, max-snippet:-1, max-image-preview:large, max-video-preview:-1\" \/>\n<meta property=\"og:locale\" content=\"lv_LV\" \/>\n<meta property=\"og:type\" content=\"article\" \/>\n<meta property=\"og:title\" content=\"Vair\u0101ku agriezienu potenciometrs DMG24M - My industrial\" \/>\n<meta property=\"og:description\" content=\"Produkta tipam DMG24M ir alum\u012bnija korpuss, un k\u0101 standarts tas tiek pieg\u0101d\u0101ts metrisk\u0101 versij\u0101. Turkl\u0101t pretest\u012bbas stiepli var alternat\u012bvi apr\u012bkot ar hibr\u012bda elementu, kas nodro\u0161ina ilg\u0101ku kalpo\u0161anas laiku. Prec\u012bzs daudzpagriezienu potenciometrs tiek izmantots k\u0101 faktisk\u0101s v\u0113rt\u012bbas raid\u012bt\u0101js, uzst\u0101dot sensora stiprin\u0101jumu ar izejas sign\u0101lu 0\/4...20mA vai 0...10VDC. Visi veidi ir pieejami ar 3, 5 un 10 p\u0101rnesumiem. DMG24M s\u0113rijai ir augstas iz\u0161\u0137irtsp\u0113jas raid\u012bt\u0101js. P\u0113c izv\u0113les kombin\u0101cij\u0101 ar p\u0101rnesumu potenciometru var \u012bstenot pla\u0161u samazin\u0101\u0161anas attiec\u012bbu diapazonu.\" \/>\n<meta property=\"og:url\" content=\"https:\/\/dev.myindustrial.eu\/lv\/shop\/potenciometri-un-sensori\/vairaku-agriezienu-potenciometrs\/dmg24m\/\" \/>\n<meta property=\"og:site_name\" content=\"My industrial\" \/>\n<meta property=\"article:modified_time\" content=\"2023-06-16T20:11:49+00:00\" \/>\n<meta property=\"og:image\" content=\"https:\/\/dev.myindustrial.eu\/wp-content\/uploads\/2022\/01\/dmg24m_413x400-413x400.jpg\" \/>\n\t<meta property=\"og:image:width\" content=\"413\" \/>\n\t<meta property=\"og:image:height\" content=\"400\" \/>\n\t<meta property=\"og:image:type\" content=\"image\/jpeg\" \/>\n<meta name=\"twitter:card\" content=\"summary_large_image\" \/>\n<script type=\"application\/ld+json\" class=\"yoast-schema-graph\">{\"@context\":\"https:\/\/schema.org\",\"@graph\":[{\"@type\":\"WebPage\",\"@id\":\"https:\/\/dev.myindustrial.eu\/lv\/shop\/potenciometri-un-sensori\/vairaku-agriezienu-potenciometrs\/dmg24m\/\",\"url\":\"https:\/\/dev.myindustrial.eu\/lv\/shop\/potenciometri-un-sensori\/vairaku-agriezienu-potenciometrs\/dmg24m\/\",\"name\":\"Vair\u0101ku agriezienu potenciometrs DMG24M - My industrial\",\"isPartOf\":{\"@id\":\"https:\/\/dev.myindustrial.eu\/lv\/#website\"},\"primaryImageOfPage\":{\"@id\":\"https:\/\/dev.myindustrial.eu\/lv\/shop\/potenciometri-un-sensori\/vairaku-agriezienu-potenciometrs\/dmg24m\/#primaryimage\"},\"image\":{\"@id\":\"https:\/\/dev.myindustrial.eu\/lv\/shop\/potenciometri-un-sensori\/vairaku-agriezienu-potenciometrs\/dmg24m\/#primaryimage\"},\"thumbnailUrl\":\"https:\/\/dev.myindustrial.eu\/wp-content\/uploads\/2022\/01\/dmg24m_413x400-413x400.jpg\",\"datePublished\":\"2022-01-14T01:57:35+00:00\",\"dateModified\":\"2023-06-16T20:11:49+00:00\",\"breadcrumb\":{\"@id\":\"https:\/\/dev.myindustrial.eu\/lv\/shop\/potenciometri-un-sensori\/vairaku-agriezienu-potenciometrs\/dmg24m\/#breadcrumb\"},\"inLanguage\":\"lv-LV\",\"potentialAction\":[{\"@type\":\"ReadAction\",\"target\":[\"https:\/\/dev.myindustrial.eu\/lv\/shop\/potenciometri-un-sensori\/vairaku-agriezienu-potenciometrs\/dmg24m\/\"]}]},{\"@type\":\"ImageObject\",\"inLanguage\":\"lv-LV\",\"@id\":\"https:\/\/dev.myindustrial.eu\/lv\/shop\/potenciometri-un-sensori\/vairaku-agriezienu-potenciometrs\/dmg24m\/#primaryimage\",\"url\":\"https:\/\/dev.myindustrial.eu\/wp-content\/uploads\/2022\/01\/dmg24m_413x400-413x400.jpg\",\"contentUrl\":\"https:\/\/dev.myindustrial.eu\/wp-content\/uploads\/2022\/01\/dmg24m_413x400-413x400.jpg\",\"width\":413,\"height\":400},{\"@type\":\"BreadcrumbList\",\"@id\":\"https:\/\/dev.myindustrial.eu\/lv\/shop\/potenciometri-un-sensori\/vairaku-agriezienu-potenciometrs\/dmg24m\/#breadcrumb\",\"itemListElement\":[{\"@type\":\"ListItem\",\"position\":1,\"name\":\"Home\",\"item\":\"https:\/\/dev.myindustrial.eu\/lv\/\"},{\"@type\":\"ListItem\",\"position\":2,\"name\":\"Products\",\"item\":\"https:\/\/dev.myindustrial.eu\/lv\/products\/\"},{\"@type\":\"ListItem\",\"position\":3,\"name\":\"Vair\u0101ku agriezienu potenciometrs DMG24M\"}]},{\"@type\":\"WebSite\",\"@id\":\"https:\/\/dev.myindustrial.eu\/lv\/#website\",\"url\":\"https:\/\/dev.myindustrial.eu\/lv\/\",\"name\":\"My industrial\",\"description\":\"\",\"potentialAction\":[{\"@type\":\"SearchAction\",\"target\":{\"@type\":\"EntryPoint\",\"urlTemplate\":\"https:\/\/dev.myindustrial.eu\/lv\/?s={search_term_string}\"},\"query-input\":{\"@type\":\"PropertyValueSpecification\",\"valueRequired\":true,\"valueName\":\"search_term_string\"}}],\"inLanguage\":\"lv-LV\"}]}<\/script>\n<!-- \/ Yoast SEO plugin. -->","yoast_head_json":{"title":"Vair\u0101ku agriezienu potenciometrs DMG24M - My industrial","robots":{"index":"noindex","follow":"follow","max-snippet":"max-snippet:-1","max-image-preview":"max-image-preview:large","max-video-preview":"max-video-preview:-1"},"og_locale":"lv_LV","og_type":"article","og_title":"Vair\u0101ku agriezienu potenciometrs DMG24M - My industrial","og_description":"Produkta tipam DMG24M ir alum\u012bnija korpuss, un k\u0101 standarts tas tiek pieg\u0101d\u0101ts metrisk\u0101 versij\u0101. Turkl\u0101t pretest\u012bbas stiepli var alternat\u012bvi apr\u012bkot ar hibr\u012bda elementu, kas nodro\u0161ina ilg\u0101ku kalpo\u0161anas laiku. Prec\u012bzs daudzpagriezienu potenciometrs tiek izmantots k\u0101 faktisk\u0101s v\u0113rt\u012bbas raid\u012bt\u0101js, uzst\u0101dot sensora stiprin\u0101jumu ar izejas sign\u0101lu 0\/4...20mA vai 0...10VDC. Visi veidi ir pieejami ar 3, 5 un 10 p\u0101rnesumiem. DMG24M s\u0113rijai ir augstas iz\u0161\u0137irtsp\u0113jas raid\u012bt\u0101js. P\u0113c izv\u0113les kombin\u0101cij\u0101 ar p\u0101rnesumu potenciometru var \u012bstenot pla\u0161u samazin\u0101\u0161anas attiec\u012bbu diapazonu.","og_url":"https:\/\/dev.myindustrial.eu\/lv\/shop\/potenciometri-un-sensori\/vairaku-agriezienu-potenciometrs\/dmg24m\/","og_site_name":"My industrial","article_modified_time":"2023-06-16T20:11:49+00:00","og_image":[{"width":413,"height":400,"url":"https:\/\/dev.myindustrial.eu\/wp-content\/uploads\/2022\/01\/dmg24m_413x400-413x400.jpg","type":"image\/jpeg"}],"twitter_card":"summary_large_image","schema":{"@context":"https:\/\/schema.org","@graph":[{"@type":"WebPage","@id":"https:\/\/dev.myindustrial.eu\/lv\/shop\/potenciometri-un-sensori\/vairaku-agriezienu-potenciometrs\/dmg24m\/","url":"https:\/\/dev.myindustrial.eu\/lv\/shop\/potenciometri-un-sensori\/vairaku-agriezienu-potenciometrs\/dmg24m\/","name":"Vair\u0101ku agriezienu potenciometrs DMG24M - My industrial","isPartOf":{"@id":"https:\/\/dev.myindustrial.eu\/lv\/#website"},"primaryImageOfPage":{"@id":"https:\/\/dev.myindustrial.eu\/lv\/shop\/potenciometri-un-sensori\/vairaku-agriezienu-potenciometrs\/dmg24m\/#primaryimage"},"image":{"@id":"https:\/\/dev.myindustrial.eu\/lv\/shop\/potenciometri-un-sensori\/vairaku-agriezienu-potenciometrs\/dmg24m\/#primaryimage"},"thumbnailUrl":"https:\/\/dev.myindustrial.eu\/wp-content\/uploads\/2022\/01\/dmg24m_413x400-413x400.jpg","datePublished":"2022-01-14T01:57:35+00:00","dateModified":"2023-06-16T20:11:49+00:00","breadcrumb":{"@id":"https:\/\/dev.myindustrial.eu\/lv\/shop\/potenciometri-un-sensori\/vairaku-agriezienu-potenciometrs\/dmg24m\/#breadcrumb"},"inLanguage":"lv-LV","potentialAction":[{"@type":"ReadAction","target":["https:\/\/dev.myindustrial.eu\/lv\/shop\/potenciometri-un-sensori\/vairaku-agriezienu-potenciometrs\/dmg24m\/"]}]},{"@type":"ImageObject","inLanguage":"lv-LV","@id":"https:\/\/dev.myindustrial.eu\/lv\/shop\/potenciometri-un-sensori\/vairaku-agriezienu-potenciometrs\/dmg24m\/#primaryimage","url":"https:\/\/dev.myindustrial.eu\/wp-content\/uploads\/2022\/01\/dmg24m_413x400-413x400.jpg","contentUrl":"https:\/\/dev.myindustrial.eu\/wp-content\/uploads\/2022\/01\/dmg24m_413x400-413x400.jpg","width":413,"height":400},{"@type":"BreadcrumbList","@id":"https:\/\/dev.myindustrial.eu\/lv\/shop\/potenciometri-un-sensori\/vairaku-agriezienu-potenciometrs\/dmg24m\/#breadcrumb","itemListElement":[{"@type":"ListItem","position":1,"name":"Home","item":"https:\/\/dev.myindustrial.eu\/lv\/"},{"@type":"ListItem","position":2,"name":"Products","item":"https:\/\/dev.myindustrial.eu\/lv\/products\/"},{"@type":"ListItem","position":3,"name":"Vair\u0101ku agriezienu potenciometrs DMG24M"}]},{"@type":"WebSite","@id":"https:\/\/dev.myindustrial.eu\/lv\/#website","url":"https:\/\/dev.myindustrial.eu\/lv\/","name":"My industrial","description":"","potentialAction":[{"@type":"SearchAction","target":{"@type":"EntryPoint","urlTemplate":"https:\/\/dev.myindustrial.eu\/lv\/?s={search_term_string}"},"query-input":{"@type":"PropertyValueSpecification","valueRequired":true,"valueName":"search_term_string"}}],"inLanguage":"lv-LV"}]}},"_links":{"self":[{"href":"https:\/\/dev.myindustrial.eu\/lv\/wp-json\/wp\/v2\/product\/1260059070","targetHints":{"allow":["GET"]}}],"collection":[{"href":"https:\/\/dev.myindustrial.eu\/lv\/wp-json\/wp\/v2\/product"}],"about":[{"href":"https:\/\/dev.myindustrial.eu\/lv\/wp-json\/wp\/v2\/types\/product"}],"version-history":[{"count":1,"href":"https:\/\/dev.myindustrial.eu\/lv\/wp-json\/wp\/v2\/product\/1260059070\/revisions"}],"predecessor-version":[{"id":1260060260,"href":"https:\/\/dev.myindustrial.eu\/lv\/wp-json\/wp\/v2\/product\/1260059070\/revisions\/1260060260"}],"wp:featuredmedia":[{"embeddable":true,"href":"https:\/\/dev.myindustrial.eu\/lv\/wp-json\/wp\/v2\/media\/1260061796"}],"wp:attachment":[{"href":"https:\/\/dev.myindustrial.eu\/lv\/wp-json\/wp\/v2\/media?parent=1260059070"}],"wp:term":[{"taxonomy":"product_brand","embeddable":true,"href":"https:\/\/dev.myindustrial.eu\/lv\/wp-json\/wp\/v2\/product_brand?post=1260059070"},{"taxonomy":"product_cat","embeddable":true,"href":"https:\/\/dev.myindustrial.eu\/lv\/wp-json\/wp\/v2\/product_cat?post=1260059070"},{"taxonomy":"product_tag","embeddable":true,"href":"https:\/\/dev.myindustrial.eu\/lv\/wp-json\/wp\/v2\/product_tag?post=1260059070"}],"curies":[{"name":"wp","href":"https:\/\/api.w.org\/{rel}","templated":true}]}}