{"id":1260059075,"date":"2022-01-14T01:36:47","date_gmt":"2022-01-14T01:57:35","guid":{"rendered":"https:\/\/dev.myindustrial.eu\/shop-2\/uncategorized\/dp18\/"},"modified":"2023-12-28T19:23:15","modified_gmt":"2023-12-28T19:23:15","slug":"dp18","status":"publish","type":"product","link":"https:\/\/dev.myindustrial.eu\/lv\/shop\/potenciometri-un-sensori\/viena-apgrieziena-potenciometrs\/stieples-potenciometrs\/dp18\/","title":{"rendered":"Stieples potenciometrs DP18"},"content":{"rendered":"","protected":false},"excerpt":{"rendered":"<p><span style=\"font-weight: 400\" data-mce-style=\"font-weight: 400;\">\u0160\u012bs produktu l\u012bnijas stiep\u013cu precizit\u0101tes potenciometri ir piem\u0113roti lieto\u0161anai vis\u0101s r\u016bpniec\u012bbas nozar\u0113s. Stikla \u0161\u0137iedras pastiprin\u0101tais plastmasas korpuss nodro\u0161ina augstu iztur\u012bbu un karstumiztur\u012bbu. To var ar\u012b iekapsul\u0113t, t\u0101d\u0113j\u0101di sasniedzot aizsardz\u012bbas klasi l\u012bdz pat IP67. Versij\u0101 ar vair\u0101kiem d\u0101rgmet\u0101lu slaideriem \u0161ie potenciometri ir \u012bpa\u0161i piem\u0113roti faktisko v\u0113rt\u012bbu ieg\u016b\u0161anai. Turkl\u0101t v\u0101rpsta ir uzst\u0101d\u012bta korpusa pamatn\u0113, lai neitraliz\u0113tu aksi\u0101l\u0101s slodzes. Potenciometrs tiek pied\u0101v\u0101ts ar caurejo\u0161u v\u0101rpstu un ir pieejams vair\u0101k\u0101s versij\u0101s.<\/span><\/p>\n","protected":false},"featured_media":1260061887,"template":"","meta":[],"product_brand":[],"product_cat":[1300,1539],"product_tag":[],"class_list":{"0":"post-1260059075","1":"product","2":"type-product","3":"status-publish","4":"has-post-thumbnail","6":"product_cat-viena-apgrieziena-potenciometrs","7":"product_cat-stieples-potenciometrs","9":"first","10":"instock","11":"product-type-simple"},"yoast_head":"<!-- This site is optimized with the Yoast SEO plugin v27.1.1 - https:\/\/yoast.com\/product\/yoast-seo-wordpress\/ -->\n<title>Stieples potenciometrs DP18 - My industrial<\/title>\n<meta name=\"robots\" content=\"noindex, follow, max-snippet:-1, max-image-preview:large, max-video-preview:-1\" \/>\n<meta property=\"og:locale\" content=\"lv_LV\" \/>\n<meta property=\"og:type\" content=\"article\" \/>\n<meta property=\"og:title\" content=\"Stieples potenciometrs DP18 - My industrial\" \/>\n<meta property=\"og:description\" content=\"\u0160\u012bs produktu l\u012bnijas stiep\u013cu precizit\u0101tes potenciometri ir piem\u0113roti lieto\u0161anai vis\u0101s r\u016bpniec\u012bbas nozar\u0113s. Stikla \u0161\u0137iedras pastiprin\u0101tais plastmasas korpuss nodro\u0161ina augstu iztur\u012bbu un karstumiztur\u012bbu. To var ar\u012b iekapsul\u0113t, t\u0101d\u0113j\u0101di sasniedzot aizsardz\u012bbas klasi l\u012bdz pat IP67. Versij\u0101 ar vair\u0101kiem d\u0101rgmet\u0101lu slaideriem \u0161ie potenciometri ir \u012bpa\u0161i piem\u0113roti faktisko v\u0113rt\u012bbu ieg\u016b\u0161anai. Turkl\u0101t v\u0101rpsta ir uzst\u0101d\u012bta korpusa pamatn\u0113, lai neitraliz\u0113tu aksi\u0101l\u0101s slodzes. Potenciometrs tiek pied\u0101v\u0101ts ar caurejo\u0161u v\u0101rpstu un ir pieejams vair\u0101k\u0101s versij\u0101s.\" \/>\n<meta property=\"og:url\" content=\"https:\/\/dev.myindustrial.eu\/lv\/shop\/potenciometri-un-sensori\/viena-apgrieziena-potenciometrs\/stieples-potenciometrs\/dp18\/\" \/>\n<meta property=\"og:site_name\" content=\"My industrial\" \/>\n<meta property=\"article:modified_time\" content=\"2023-12-28T19:23:15+00:00\" \/>\n<meta property=\"og:image\" content=\"https:\/\/dev.myindustrial.eu\/wp-content\/uploads\/2022\/01\/dp18_eingang_draht_altmann_400x413-400x413.jpg\" \/>\n\t<meta property=\"og:image:width\" content=\"400\" \/>\n\t<meta property=\"og:image:height\" content=\"413\" \/>\n\t<meta property=\"og:image:type\" content=\"image\/jpeg\" \/>\n<meta name=\"twitter:card\" content=\"summary_large_image\" \/>\n<script type=\"application\/ld+json\" class=\"yoast-schema-graph\">{\"@context\":\"https:\/\/schema.org\",\"@graph\":[{\"@type\":\"WebPage\",\"@id\":\"https:\/\/dev.myindustrial.eu\/lv\/shop\/potenciometri-un-sensori\/viena-apgrieziena-potenciometrs\/stieples-potenciometrs\/dp18\/\",\"url\":\"https:\/\/dev.myindustrial.eu\/lv\/shop\/potenciometri-un-sensori\/viena-apgrieziena-potenciometrs\/stieples-potenciometrs\/dp18\/\",\"name\":\"Stieples potenciometrs DP18 - My industrial\",\"isPartOf\":{\"@id\":\"https:\/\/dev.myindustrial.eu\/lv\/#website\"},\"primaryImageOfPage\":{\"@id\":\"https:\/\/dev.myindustrial.eu\/lv\/shop\/potenciometri-un-sensori\/viena-apgrieziena-potenciometrs\/stieples-potenciometrs\/dp18\/#primaryimage\"},\"image\":{\"@id\":\"https:\/\/dev.myindustrial.eu\/lv\/shop\/potenciometri-un-sensori\/viena-apgrieziena-potenciometrs\/stieples-potenciometrs\/dp18\/#primaryimage\"},\"thumbnailUrl\":\"https:\/\/dev.myindustrial.eu\/wp-content\/uploads\/2022\/01\/dp18_eingang_draht_altmann_400x413-400x413.jpg\",\"datePublished\":\"2022-01-14T01:57:35+00:00\",\"dateModified\":\"2023-12-28T19:23:15+00:00\",\"breadcrumb\":{\"@id\":\"https:\/\/dev.myindustrial.eu\/lv\/shop\/potenciometri-un-sensori\/viena-apgrieziena-potenciometrs\/stieples-potenciometrs\/dp18\/#breadcrumb\"},\"inLanguage\":\"lv-LV\",\"potentialAction\":[{\"@type\":\"ReadAction\",\"target\":[\"https:\/\/dev.myindustrial.eu\/lv\/shop\/potenciometri-un-sensori\/viena-apgrieziena-potenciometrs\/stieples-potenciometrs\/dp18\/\"]}]},{\"@type\":\"ImageObject\",\"inLanguage\":\"lv-LV\",\"@id\":\"https:\/\/dev.myindustrial.eu\/lv\/shop\/potenciometri-un-sensori\/viena-apgrieziena-potenciometrs\/stieples-potenciometrs\/dp18\/#primaryimage\",\"url\":\"https:\/\/dev.myindustrial.eu\/wp-content\/uploads\/2022\/01\/dp18_eingang_draht_altmann_400x413-400x413.jpg\",\"contentUrl\":\"https:\/\/dev.myindustrial.eu\/wp-content\/uploads\/2022\/01\/dp18_eingang_draht_altmann_400x413-400x413.jpg\",\"width\":400,\"height\":413},{\"@type\":\"BreadcrumbList\",\"@id\":\"https:\/\/dev.myindustrial.eu\/lv\/shop\/potenciometri-un-sensori\/viena-apgrieziena-potenciometrs\/stieples-potenciometrs\/dp18\/#breadcrumb\",\"itemListElement\":[{\"@type\":\"ListItem\",\"position\":1,\"name\":\"Home\",\"item\":\"https:\/\/dev.myindustrial.eu\/lv\/\"},{\"@type\":\"ListItem\",\"position\":2,\"name\":\"Products\",\"item\":\"https:\/\/dev.myindustrial.eu\/lv\/products\/\"},{\"@type\":\"ListItem\",\"position\":3,\"name\":\"Stieples potenciometrs DP18\"}]},{\"@type\":\"WebSite\",\"@id\":\"https:\/\/dev.myindustrial.eu\/lv\/#website\",\"url\":\"https:\/\/dev.myindustrial.eu\/lv\/\",\"name\":\"My industrial\",\"description\":\"\",\"potentialAction\":[{\"@type\":\"SearchAction\",\"target\":{\"@type\":\"EntryPoint\",\"urlTemplate\":\"https:\/\/dev.myindustrial.eu\/lv\/?s={search_term_string}\"},\"query-input\":{\"@type\":\"PropertyValueSpecification\",\"valueRequired\":true,\"valueName\":\"search_term_string\"}}],\"inLanguage\":\"lv-LV\"}]}<\/script>\n<!-- \/ Yoast SEO plugin. -->","yoast_head_json":{"title":"Stieples potenciometrs DP18 - My industrial","robots":{"index":"noindex","follow":"follow","max-snippet":"max-snippet:-1","max-image-preview":"max-image-preview:large","max-video-preview":"max-video-preview:-1"},"og_locale":"lv_LV","og_type":"article","og_title":"Stieples potenciometrs DP18 - My industrial","og_description":"\u0160\u012bs produktu l\u012bnijas stiep\u013cu precizit\u0101tes potenciometri ir piem\u0113roti lieto\u0161anai vis\u0101s r\u016bpniec\u012bbas nozar\u0113s. Stikla \u0161\u0137iedras pastiprin\u0101tais plastmasas korpuss nodro\u0161ina augstu iztur\u012bbu un karstumiztur\u012bbu. To var ar\u012b iekapsul\u0113t, t\u0101d\u0113j\u0101di sasniedzot aizsardz\u012bbas klasi l\u012bdz pat IP67. Versij\u0101 ar vair\u0101kiem d\u0101rgmet\u0101lu slaideriem \u0161ie potenciometri ir \u012bpa\u0161i piem\u0113roti faktisko v\u0113rt\u012bbu ieg\u016b\u0161anai. Turkl\u0101t v\u0101rpsta ir uzst\u0101d\u012bta korpusa pamatn\u0113, lai neitraliz\u0113tu aksi\u0101l\u0101s slodzes. Potenciometrs tiek pied\u0101v\u0101ts ar caurejo\u0161u v\u0101rpstu un ir pieejams vair\u0101k\u0101s versij\u0101s.","og_url":"https:\/\/dev.myindustrial.eu\/lv\/shop\/potenciometri-un-sensori\/viena-apgrieziena-potenciometrs\/stieples-potenciometrs\/dp18\/","og_site_name":"My industrial","article_modified_time":"2023-12-28T19:23:15+00:00","og_image":[{"width":400,"height":413,"url":"https:\/\/dev.myindustrial.eu\/wp-content\/uploads\/2022\/01\/dp18_eingang_draht_altmann_400x413-400x413.jpg","type":"image\/jpeg"}],"twitter_card":"summary_large_image","schema":{"@context":"https:\/\/schema.org","@graph":[{"@type":"WebPage","@id":"https:\/\/dev.myindustrial.eu\/lv\/shop\/potenciometri-un-sensori\/viena-apgrieziena-potenciometrs\/stieples-potenciometrs\/dp18\/","url":"https:\/\/dev.myindustrial.eu\/lv\/shop\/potenciometri-un-sensori\/viena-apgrieziena-potenciometrs\/stieples-potenciometrs\/dp18\/","name":"Stieples potenciometrs DP18 - My industrial","isPartOf":{"@id":"https:\/\/dev.myindustrial.eu\/lv\/#website"},"primaryImageOfPage":{"@id":"https:\/\/dev.myindustrial.eu\/lv\/shop\/potenciometri-un-sensori\/viena-apgrieziena-potenciometrs\/stieples-potenciometrs\/dp18\/#primaryimage"},"image":{"@id":"https:\/\/dev.myindustrial.eu\/lv\/shop\/potenciometri-un-sensori\/viena-apgrieziena-potenciometrs\/stieples-potenciometrs\/dp18\/#primaryimage"},"thumbnailUrl":"https:\/\/dev.myindustrial.eu\/wp-content\/uploads\/2022\/01\/dp18_eingang_draht_altmann_400x413-400x413.jpg","datePublished":"2022-01-14T01:57:35+00:00","dateModified":"2023-12-28T19:23:15+00:00","breadcrumb":{"@id":"https:\/\/dev.myindustrial.eu\/lv\/shop\/potenciometri-un-sensori\/viena-apgrieziena-potenciometrs\/stieples-potenciometrs\/dp18\/#breadcrumb"},"inLanguage":"lv-LV","potentialAction":[{"@type":"ReadAction","target":["https:\/\/dev.myindustrial.eu\/lv\/shop\/potenciometri-un-sensori\/viena-apgrieziena-potenciometrs\/stieples-potenciometrs\/dp18\/"]}]},{"@type":"ImageObject","inLanguage":"lv-LV","@id":"https:\/\/dev.myindustrial.eu\/lv\/shop\/potenciometri-un-sensori\/viena-apgrieziena-potenciometrs\/stieples-potenciometrs\/dp18\/#primaryimage","url":"https:\/\/dev.myindustrial.eu\/wp-content\/uploads\/2022\/01\/dp18_eingang_draht_altmann_400x413-400x413.jpg","contentUrl":"https:\/\/dev.myindustrial.eu\/wp-content\/uploads\/2022\/01\/dp18_eingang_draht_altmann_400x413-400x413.jpg","width":400,"height":413},{"@type":"BreadcrumbList","@id":"https:\/\/dev.myindustrial.eu\/lv\/shop\/potenciometri-un-sensori\/viena-apgrieziena-potenciometrs\/stieples-potenciometrs\/dp18\/#breadcrumb","itemListElement":[{"@type":"ListItem","position":1,"name":"Home","item":"https:\/\/dev.myindustrial.eu\/lv\/"},{"@type":"ListItem","position":2,"name":"Products","item":"https:\/\/dev.myindustrial.eu\/lv\/products\/"},{"@type":"ListItem","position":3,"name":"Stieples potenciometrs DP18"}]},{"@type":"WebSite","@id":"https:\/\/dev.myindustrial.eu\/lv\/#website","url":"https:\/\/dev.myindustrial.eu\/lv\/","name":"My industrial","description":"","potentialAction":[{"@type":"SearchAction","target":{"@type":"EntryPoint","urlTemplate":"https:\/\/dev.myindustrial.eu\/lv\/?s={search_term_string}"},"query-input":{"@type":"PropertyValueSpecification","valueRequired":true,"valueName":"search_term_string"}}],"inLanguage":"lv-LV"}]}},"_links":{"self":[{"href":"https:\/\/dev.myindustrial.eu\/lv\/wp-json\/wp\/v2\/product\/1260059075","targetHints":{"allow":["GET"]}}],"collection":[{"href":"https:\/\/dev.myindustrial.eu\/lv\/wp-json\/wp\/v2\/product"}],"about":[{"href":"https:\/\/dev.myindustrial.eu\/lv\/wp-json\/wp\/v2\/types\/product"}],"version-history":[{"count":1,"href":"https:\/\/dev.myindustrial.eu\/lv\/wp-json\/wp\/v2\/product\/1260059075\/revisions"}],"predecessor-version":[{"id":1260060262,"href":"https:\/\/dev.myindustrial.eu\/lv\/wp-json\/wp\/v2\/product\/1260059075\/revisions\/1260060262"}],"wp:featuredmedia":[{"embeddable":true,"href":"https:\/\/dev.myindustrial.eu\/lv\/wp-json\/wp\/v2\/media\/1260061887"}],"wp:attachment":[{"href":"https:\/\/dev.myindustrial.eu\/lv\/wp-json\/wp\/v2\/media?parent=1260059075"}],"wp:term":[{"taxonomy":"product_brand","embeddable":true,"href":"https:\/\/dev.myindustrial.eu\/lv\/wp-json\/wp\/v2\/product_brand?post=1260059075"},{"taxonomy":"product_cat","embeddable":true,"href":"https:\/\/dev.myindustrial.eu\/lv\/wp-json\/wp\/v2\/product_cat?post=1260059075"},{"taxonomy":"product_tag","embeddable":true,"href":"https:\/\/dev.myindustrial.eu\/lv\/wp-json\/wp\/v2\/product_tag?post=1260059075"}],"curies":[{"name":"wp","href":"https:\/\/api.w.org\/{rel}","templated":true}]}}