{"id":1260059076,"date":"2022-01-14T01:36:47","date_gmt":"2022-01-14T01:57:35","guid":{"rendered":"https:\/\/dev.myindustrial.eu\/shop-2\/uncategorized\/dp113\/"},"modified":"2023-10-11T03:13:11","modified_gmt":"2023-10-11T03:13:11","slug":"dp113","status":"publish","type":"product","link":"https:\/\/dev.myindustrial.eu\/lv\/shop\/potenciometri-un-sensori\/viena-apgrieziena-potenciometrs\/stieples-potenciometrs\/dp113\/","title":{"rendered":"Stieples potenciometrs DP113"},"content":{"rendered":"<p><iframe width=\"560\" height=\"315\" src=\"https:\/\/youtube.com\/embed\/Yp4G_XNLtc4\" frameborder=\"0\" allow=\"accelerometer; autoplay; clipboard-write; encrypted-media; gyroscope; picture-in-picture; web-share\" allowfullscreen><\/iframe><br \/>\n<iframe width=\"560\" height=\"315\" src=\"https:\/\/youtube.com\/embed\/8Ssa5Iiy-WA\" frameborder=\"0\" allow=\"accelerometer; autoplay; clipboard-write; encrypted-media; gyroscope; picture-in-picture; web-share\" allowfullscreen><\/iframe><br \/>\n<iframe width=\"560\" height=\"315\" src=\"https:\/\/youtube.com\/embed\/hqiFOCh8Wng\" frameborder=\"0\" allow=\"accelerometer; autoplay; clipboard-write; encrypted-media; gyroscope; picture-in-picture; web-share\" allowfullscreen><\/iframe><\/p>\n","protected":false},"excerpt":{"rendered":"<p><span style=\"font-weight: 400;\">\u0160\u012bs produktu l\u012bnijas stieples precizit\u0101tes potenciometri ir \u012bpa\u0161i piem\u0113roti izmanto\u0161anai k\u0101 faktisk\u0101s v\u0113rt\u012bbas nolas\u012bt\u0101ji visos r\u016bpniec\u012bbas pielietojumos. Tie ir \u012bpa\u0161i iztur\u012bgi, pateicoties augstas kvalit\u0101tes alum\u012bnija korpusam. Standarta lod\u012b\u0161u\/adatu gult\u0146a v\u0101rpsta, kas izgatavota no ner\u016bs\u0113jo\u0161\u0101 t\u0113rauda, viegli absorb\u0113 radi\u0101los un aksi\u0101los sp\u0113kus. Korpusu var konstru\u0113t l\u012bdz maksim\u0101lajai aizsardz\u012bbas klasei IP67. Paaugstin\u0101tas vibr\u0101cijas vai trieciena gad\u012bjum\u0101 e\u013c\u013cas pild\u012bjums pied\u0101v\u0101 optim\u0101lu funkcion\u0101lo uzticam\u012bbu. Turkl\u0101t DP113 ir pieejams k\u0101 versija ar manu\u0101lu regul\u0113\u0161anu. \u0160im variantam ir paaugstin\u0101ta triecieniztur\u012bba.<\/span><\/p>\n","protected":false},"featured_media":1260061902,"template":"","meta":[],"product_brand":[],"product_cat":[1300,1539],"product_tag":[],"class_list":{"0":"post-1260059076","1":"product","2":"type-product","3":"status-publish","4":"has-post-thumbnail","6":"product_cat-viena-apgrieziena-potenciometrs","7":"product_cat-stieples-potenciometrs","9":"first","10":"instock","11":"product-type-simple"},"yoast_head":"<!-- This site is optimized with the Yoast SEO plugin v27.1.1 - https:\/\/yoast.com\/product\/yoast-seo-wordpress\/ -->\n<title>Stieples potenciometrs DP113 - My industrial<\/title>\n<meta name=\"robots\" content=\"noindex, follow, max-snippet:-1, max-image-preview:large, max-video-preview:-1\" \/>\n<meta property=\"og:locale\" content=\"lv_LV\" \/>\n<meta property=\"og:type\" content=\"article\" \/>\n<meta property=\"og:title\" content=\"Stieples potenciometrs DP113 - My industrial\" \/>\n<meta property=\"og:description\" content=\"\u0160\u012bs produktu l\u012bnijas stieples precizit\u0101tes potenciometri ir \u012bpa\u0161i piem\u0113roti izmanto\u0161anai k\u0101 faktisk\u0101s v\u0113rt\u012bbas nolas\u012bt\u0101ji visos r\u016bpniec\u012bbas pielietojumos. Tie ir \u012bpa\u0161i iztur\u012bgi, pateicoties augstas kvalit\u0101tes alum\u012bnija korpusam. Standarta lod\u012b\u0161u\/adatu gult\u0146a v\u0101rpsta, kas izgatavota no ner\u016bs\u0113jo\u0161\u0101 t\u0113rauda, viegli absorb\u0113 radi\u0101los un aksi\u0101los sp\u0113kus. Korpusu var konstru\u0113t l\u012bdz maksim\u0101lajai aizsardz\u012bbas klasei IP67. Paaugstin\u0101tas vibr\u0101cijas vai trieciena gad\u012bjum\u0101 e\u013c\u013cas pild\u012bjums pied\u0101v\u0101 optim\u0101lu funkcion\u0101lo uzticam\u012bbu. Turkl\u0101t DP113 ir pieejams k\u0101 versija ar manu\u0101lu regul\u0113\u0161anu. \u0160im variantam ir paaugstin\u0101ta triecieniztur\u012bba.\" \/>\n<meta property=\"og:url\" content=\"https:\/\/dev.myindustrial.eu\/lv\/shop\/potenciometri-un-sensori\/viena-apgrieziena-potenciometrs\/stieples-potenciometrs\/dp113\/\" \/>\n<meta property=\"og:site_name\" content=\"My industrial\" \/>\n<meta property=\"article:modified_time\" content=\"2023-10-11T03:13:11+00:00\" \/>\n<meta property=\"og:image\" content=\"https:\/\/dev.myindustrial.eu\/wp-content\/uploads\/2022\/01\/dp113_eingang_draht_altmann_400x413-400x413.jpg\" \/>\n\t<meta property=\"og:image:width\" content=\"400\" \/>\n\t<meta property=\"og:image:height\" content=\"413\" \/>\n\t<meta property=\"og:image:type\" content=\"image\/jpeg\" \/>\n<meta name=\"twitter:card\" content=\"summary_large_image\" \/>\n<script type=\"application\/ld+json\" class=\"yoast-schema-graph\">{\"@context\":\"https:\/\/schema.org\",\"@graph\":[{\"@type\":\"WebPage\",\"@id\":\"https:\/\/dev.myindustrial.eu\/lv\/shop\/potenciometri-un-sensori\/viena-apgrieziena-potenciometrs\/stieples-potenciometrs\/dp113\/\",\"url\":\"https:\/\/dev.myindustrial.eu\/lv\/shop\/potenciometri-un-sensori\/viena-apgrieziena-potenciometrs\/stieples-potenciometrs\/dp113\/\",\"name\":\"Stieples potenciometrs DP113 - My industrial\",\"isPartOf\":{\"@id\":\"https:\/\/dev.myindustrial.eu\/lv\/#website\"},\"primaryImageOfPage\":{\"@id\":\"https:\/\/dev.myindustrial.eu\/lv\/shop\/potenciometri-un-sensori\/viena-apgrieziena-potenciometrs\/stieples-potenciometrs\/dp113\/#primaryimage\"},\"image\":{\"@id\":\"https:\/\/dev.myindustrial.eu\/lv\/shop\/potenciometri-un-sensori\/viena-apgrieziena-potenciometrs\/stieples-potenciometrs\/dp113\/#primaryimage\"},\"thumbnailUrl\":\"https:\/\/dev.myindustrial.eu\/wp-content\/uploads\/2022\/01\/dp113_eingang_draht_altmann_400x413-400x413.jpg\",\"datePublished\":\"2022-01-14T01:57:35+00:00\",\"dateModified\":\"2023-10-11T03:13:11+00:00\",\"breadcrumb\":{\"@id\":\"https:\/\/dev.myindustrial.eu\/lv\/shop\/potenciometri-un-sensori\/viena-apgrieziena-potenciometrs\/stieples-potenciometrs\/dp113\/#breadcrumb\"},\"inLanguage\":\"lv-LV\",\"potentialAction\":[{\"@type\":\"ReadAction\",\"target\":[\"https:\/\/dev.myindustrial.eu\/lv\/shop\/potenciometri-un-sensori\/viena-apgrieziena-potenciometrs\/stieples-potenciometrs\/dp113\/\"]}]},{\"@type\":\"ImageObject\",\"inLanguage\":\"lv-LV\",\"@id\":\"https:\/\/dev.myindustrial.eu\/lv\/shop\/potenciometri-un-sensori\/viena-apgrieziena-potenciometrs\/stieples-potenciometrs\/dp113\/#primaryimage\",\"url\":\"https:\/\/dev.myindustrial.eu\/wp-content\/uploads\/2022\/01\/dp113_eingang_draht_altmann_400x413-400x413.jpg\",\"contentUrl\":\"https:\/\/dev.myindustrial.eu\/wp-content\/uploads\/2022\/01\/dp113_eingang_draht_altmann_400x413-400x413.jpg\",\"width\":400,\"height\":413},{\"@type\":\"BreadcrumbList\",\"@id\":\"https:\/\/dev.myindustrial.eu\/lv\/shop\/potenciometri-un-sensori\/viena-apgrieziena-potenciometrs\/stieples-potenciometrs\/dp113\/#breadcrumb\",\"itemListElement\":[{\"@type\":\"ListItem\",\"position\":1,\"name\":\"Home\",\"item\":\"https:\/\/dev.myindustrial.eu\/lv\/\"},{\"@type\":\"ListItem\",\"position\":2,\"name\":\"Products\",\"item\":\"https:\/\/dev.myindustrial.eu\/lv\/products\/\"},{\"@type\":\"ListItem\",\"position\":3,\"name\":\"Stieples potenciometrs DP113\"}]},{\"@type\":\"WebSite\",\"@id\":\"https:\/\/dev.myindustrial.eu\/lv\/#website\",\"url\":\"https:\/\/dev.myindustrial.eu\/lv\/\",\"name\":\"My industrial\",\"description\":\"\",\"potentialAction\":[{\"@type\":\"SearchAction\",\"target\":{\"@type\":\"EntryPoint\",\"urlTemplate\":\"https:\/\/dev.myindustrial.eu\/lv\/?s={search_term_string}\"},\"query-input\":{\"@type\":\"PropertyValueSpecification\",\"valueRequired\":true,\"valueName\":\"search_term_string\"}}],\"inLanguage\":\"lv-LV\"}]}<\/script>\n<!-- \/ Yoast SEO plugin. -->","yoast_head_json":{"title":"Stieples potenciometrs DP113 - My industrial","robots":{"index":"noindex","follow":"follow","max-snippet":"max-snippet:-1","max-image-preview":"max-image-preview:large","max-video-preview":"max-video-preview:-1"},"og_locale":"lv_LV","og_type":"article","og_title":"Stieples potenciometrs DP113 - My industrial","og_description":"\u0160\u012bs produktu l\u012bnijas stieples precizit\u0101tes potenciometri ir \u012bpa\u0161i piem\u0113roti izmanto\u0161anai k\u0101 faktisk\u0101s v\u0113rt\u012bbas nolas\u012bt\u0101ji visos r\u016bpniec\u012bbas pielietojumos. Tie ir \u012bpa\u0161i iztur\u012bgi, pateicoties augstas kvalit\u0101tes alum\u012bnija korpusam. Standarta lod\u012b\u0161u\/adatu gult\u0146a v\u0101rpsta, kas izgatavota no ner\u016bs\u0113jo\u0161\u0101 t\u0113rauda, viegli absorb\u0113 radi\u0101los un aksi\u0101los sp\u0113kus. Korpusu var konstru\u0113t l\u012bdz maksim\u0101lajai aizsardz\u012bbas klasei IP67. Paaugstin\u0101tas vibr\u0101cijas vai trieciena gad\u012bjum\u0101 e\u013c\u013cas pild\u012bjums pied\u0101v\u0101 optim\u0101lu funkcion\u0101lo uzticam\u012bbu. Turkl\u0101t DP113 ir pieejams k\u0101 versija ar manu\u0101lu regul\u0113\u0161anu. \u0160im variantam ir paaugstin\u0101ta triecieniztur\u012bba.","og_url":"https:\/\/dev.myindustrial.eu\/lv\/shop\/potenciometri-un-sensori\/viena-apgrieziena-potenciometrs\/stieples-potenciometrs\/dp113\/","og_site_name":"My industrial","article_modified_time":"2023-10-11T03:13:11+00:00","og_image":[{"width":400,"height":413,"url":"https:\/\/dev.myindustrial.eu\/wp-content\/uploads\/2022\/01\/dp113_eingang_draht_altmann_400x413-400x413.jpg","type":"image\/jpeg"}],"twitter_card":"summary_large_image","schema":{"@context":"https:\/\/schema.org","@graph":[{"@type":"WebPage","@id":"https:\/\/dev.myindustrial.eu\/lv\/shop\/potenciometri-un-sensori\/viena-apgrieziena-potenciometrs\/stieples-potenciometrs\/dp113\/","url":"https:\/\/dev.myindustrial.eu\/lv\/shop\/potenciometri-un-sensori\/viena-apgrieziena-potenciometrs\/stieples-potenciometrs\/dp113\/","name":"Stieples potenciometrs DP113 - My industrial","isPartOf":{"@id":"https:\/\/dev.myindustrial.eu\/lv\/#website"},"primaryImageOfPage":{"@id":"https:\/\/dev.myindustrial.eu\/lv\/shop\/potenciometri-un-sensori\/viena-apgrieziena-potenciometrs\/stieples-potenciometrs\/dp113\/#primaryimage"},"image":{"@id":"https:\/\/dev.myindustrial.eu\/lv\/shop\/potenciometri-un-sensori\/viena-apgrieziena-potenciometrs\/stieples-potenciometrs\/dp113\/#primaryimage"},"thumbnailUrl":"https:\/\/dev.myindustrial.eu\/wp-content\/uploads\/2022\/01\/dp113_eingang_draht_altmann_400x413-400x413.jpg","datePublished":"2022-01-14T01:57:35+00:00","dateModified":"2023-10-11T03:13:11+00:00","breadcrumb":{"@id":"https:\/\/dev.myindustrial.eu\/lv\/shop\/potenciometri-un-sensori\/viena-apgrieziena-potenciometrs\/stieples-potenciometrs\/dp113\/#breadcrumb"},"inLanguage":"lv-LV","potentialAction":[{"@type":"ReadAction","target":["https:\/\/dev.myindustrial.eu\/lv\/shop\/potenciometri-un-sensori\/viena-apgrieziena-potenciometrs\/stieples-potenciometrs\/dp113\/"]}]},{"@type":"ImageObject","inLanguage":"lv-LV","@id":"https:\/\/dev.myindustrial.eu\/lv\/shop\/potenciometri-un-sensori\/viena-apgrieziena-potenciometrs\/stieples-potenciometrs\/dp113\/#primaryimage","url":"https:\/\/dev.myindustrial.eu\/wp-content\/uploads\/2022\/01\/dp113_eingang_draht_altmann_400x413-400x413.jpg","contentUrl":"https:\/\/dev.myindustrial.eu\/wp-content\/uploads\/2022\/01\/dp113_eingang_draht_altmann_400x413-400x413.jpg","width":400,"height":413},{"@type":"BreadcrumbList","@id":"https:\/\/dev.myindustrial.eu\/lv\/shop\/potenciometri-un-sensori\/viena-apgrieziena-potenciometrs\/stieples-potenciometrs\/dp113\/#breadcrumb","itemListElement":[{"@type":"ListItem","position":1,"name":"Home","item":"https:\/\/dev.myindustrial.eu\/lv\/"},{"@type":"ListItem","position":2,"name":"Products","item":"https:\/\/dev.myindustrial.eu\/lv\/products\/"},{"@type":"ListItem","position":3,"name":"Stieples potenciometrs DP113"}]},{"@type":"WebSite","@id":"https:\/\/dev.myindustrial.eu\/lv\/#website","url":"https:\/\/dev.myindustrial.eu\/lv\/","name":"My industrial","description":"","potentialAction":[{"@type":"SearchAction","target":{"@type":"EntryPoint","urlTemplate":"https:\/\/dev.myindustrial.eu\/lv\/?s={search_term_string}"},"query-input":{"@type":"PropertyValueSpecification","valueRequired":true,"valueName":"search_term_string"}}],"inLanguage":"lv-LV"}]}},"_links":{"self":[{"href":"https:\/\/dev.myindustrial.eu\/lv\/wp-json\/wp\/v2\/product\/1260059076","targetHints":{"allow":["GET"]}}],"collection":[{"href":"https:\/\/dev.myindustrial.eu\/lv\/wp-json\/wp\/v2\/product"}],"about":[{"href":"https:\/\/dev.myindustrial.eu\/lv\/wp-json\/wp\/v2\/types\/product"}],"version-history":[{"count":1,"href":"https:\/\/dev.myindustrial.eu\/lv\/wp-json\/wp\/v2\/product\/1260059076\/revisions"}],"predecessor-version":[{"id":1260060261,"href":"https:\/\/dev.myindustrial.eu\/lv\/wp-json\/wp\/v2\/product\/1260059076\/revisions\/1260060261"}],"wp:featuredmedia":[{"embeddable":true,"href":"https:\/\/dev.myindustrial.eu\/lv\/wp-json\/wp\/v2\/media\/1260061902"}],"wp:attachment":[{"href":"https:\/\/dev.myindustrial.eu\/lv\/wp-json\/wp\/v2\/media?parent=1260059076"}],"wp:term":[{"taxonomy":"product_brand","embeddable":true,"href":"https:\/\/dev.myindustrial.eu\/lv\/wp-json\/wp\/v2\/product_brand?post=1260059076"},{"taxonomy":"product_cat","embeddable":true,"href":"https:\/\/dev.myindustrial.eu\/lv\/wp-json\/wp\/v2\/product_cat?post=1260059076"},{"taxonomy":"product_tag","embeddable":true,"href":"https:\/\/dev.myindustrial.eu\/lv\/wp-json\/wp\/v2\/product_tag?post=1260059076"}],"curies":[{"name":"wp","href":"https:\/\/api.w.org\/{rel}","templated":true}]}}