{"id":1260059078,"date":"2022-01-14T01:36:47","date_gmt":"2022-01-14T01:57:35","guid":{"rendered":"https:\/\/dev.myindustrial.eu\/shop-2\/uncategorized\/f25\/"},"modified":"2023-12-28T19:27:46","modified_gmt":"2023-12-28T19:27:46","slug":"f25","status":"publish","type":"product","link":"https:\/\/dev.myindustrial.eu\/lv\/shop\/potenciometri-un-sensori\/viena-apgrieziena-potenciometrs\/stieples-potenciometrs\/f25\/","title":{"rendered":"Stieples potenciometrs F25"},"content":{"rendered":"<p><iframe width=\"560\" height=\"315\" src=\"https:\/\/youtube.com\/embed\/wvpDcpkYLPo\" frameborder=\"0\" allow=\"accelerometer; autoplay; clipboard-write; encrypted-media; gyroscope; picture-in-picture; web-share\" allowfullscreen><\/iframe><\/p>\n","protected":false},"excerpt":{"rendered":"<p><span style=\"font-weight: 400\" data-mce-style=\"font-weight: 400;\">Precizit\u0101tes m\u0113r\u012b\u0161anas rezistoru diapazonam ir \u0101rk\u0101rt\u012bgi zems griezes moments 0,003 Ncm, kas noz\u012bm\u0113, ka tos var noregul\u0113t \u013coti konkr\u0113t\u0101 diapazon\u0101 ar mazu k\u013c\u016bdas efektu. Lai sasniegtu \u0161o griezes momentu, sensora kontakta spiediens uz tinumu tiek uztur\u0113ts p\u0113c iesp\u0113jas zem\u0101ks. Rot\u0101cijas rezistori sast\u0101v no uzt\u012btas pretest\u012bbas stieples un adatas, kas caur sakabes sist\u0113mu savienots ar m\u0113rier\u012bces r\u0101d\u012bt\u0101ja v\u0101rpstu. Izvadei un tinumam tiek izmantoti tikai d\u0101rgmet\u0101lu sakaus\u0113jumi ar augstu iztur\u012bbu pret koroziju. F25 s\u0113rijai ir ilgs kalpo\u0161anas laiks, un t\u0101 ir \u012bpa\u0161i piem\u0113rota izmanto\u0161anai skalas m\u0113rier\u012bc\u0113s. F25Z s\u0113rija ir \u012bpa\u0161i izstr\u0101d\u0101ta nolas\u012b\u0161anas idik\u0101cijas pielietojumam. Savienojuma dak\u0161as un saj\u016bga sviras ir pieejamas k\u0101 piederumi precizit\u0101tes m\u0113r\u012b\u0161anas rezistoriem. Var integr\u0113t ar\u012b raid\u012bt\u0101ju ar izejas sign\u0101lu 0\/4&#8230;20 mA vai 0&#8230;10 V DC.<\/span><\/p>\n","protected":false},"featured_media":1260058384,"template":"","meta":[],"product_brand":[],"product_cat":[1539],"product_tag":[],"class_list":{"0":"post-1260059078","1":"product","2":"type-product","3":"status-publish","4":"has-post-thumbnail","6":"product_cat-stieples-potenciometrs","8":"first","9":"instock","10":"product-type-simple"},"yoast_head":"<!-- This site is optimized with the Yoast SEO plugin v27.1.1 - https:\/\/yoast.com\/product\/yoast-seo-wordpress\/ -->\n<title>Stieples potenciometrs F25 - My industrial<\/title>\n<meta name=\"robots\" content=\"noindex, follow, max-snippet:-1, max-image-preview:large, max-video-preview:-1\" \/>\n<meta property=\"og:locale\" content=\"lv_LV\" \/>\n<meta property=\"og:type\" content=\"article\" \/>\n<meta property=\"og:title\" content=\"Stieples potenciometrs F25 - My industrial\" \/>\n<meta property=\"og:description\" content=\"Precizit\u0101tes m\u0113r\u012b\u0161anas rezistoru diapazonam ir \u0101rk\u0101rt\u012bgi zems griezes moments 0,003 Ncm, kas noz\u012bm\u0113, ka tos var noregul\u0113t \u013coti konkr\u0113t\u0101 diapazon\u0101 ar mazu k\u013c\u016bdas efektu. Lai sasniegtu \u0161o griezes momentu, sensora kontakta spiediens uz tinumu tiek uztur\u0113ts p\u0113c iesp\u0113jas zem\u0101ks. Rot\u0101cijas rezistori sast\u0101v no uzt\u012btas pretest\u012bbas stieples un adatas, kas caur sakabes sist\u0113mu savienots ar m\u0113rier\u012bces r\u0101d\u012bt\u0101ja v\u0101rpstu. Izvadei un tinumam tiek izmantoti tikai d\u0101rgmet\u0101lu sakaus\u0113jumi ar augstu iztur\u012bbu pret koroziju. F25 s\u0113rijai ir ilgs kalpo\u0161anas laiks, un t\u0101 ir \u012bpa\u0161i piem\u0113rota izmanto\u0161anai skalas m\u0113rier\u012bc\u0113s. F25Z s\u0113rija ir \u012bpa\u0161i izstr\u0101d\u0101ta nolas\u012b\u0161anas idik\u0101cijas pielietojumam. Savienojuma dak\u0161as un saj\u016bga sviras ir pieejamas k\u0101 piederumi precizit\u0101tes m\u0113r\u012b\u0161anas rezistoriem. Var integr\u0113t ar\u012b raid\u012bt\u0101ju ar izejas sign\u0101lu 0\/4...20 mA vai 0...10 V DC.\" \/>\n<meta property=\"og:url\" content=\"https:\/\/dev.myindustrial.eu\/lv\/shop\/potenciometri-un-sensori\/viena-apgrieziena-potenciometrs\/stieples-potenciometrs\/f25\/\" \/>\n<meta property=\"og:site_name\" content=\"My industrial\" \/>\n<meta property=\"article:modified_time\" content=\"2023-12-28T19:27:46+00:00\" \/>\n<meta property=\"og:image\" content=\"https:\/\/dev.myindustrial.eu\/wp-content\/uploads\/2022\/01\/F25.webp\" \/>\n\t<meta property=\"og:image:width\" content=\"400\" \/>\n\t<meta property=\"og:image:height\" content=\"413\" \/>\n\t<meta property=\"og:image:type\" content=\"image\/webp\" \/>\n<meta name=\"twitter:card\" content=\"summary_large_image\" \/>\n<script type=\"application\/ld+json\" class=\"yoast-schema-graph\">{\"@context\":\"https:\/\/schema.org\",\"@graph\":[{\"@type\":\"WebPage\",\"@id\":\"https:\/\/dev.myindustrial.eu\/lv\/shop\/potenciometri-un-sensori\/viena-apgrieziena-potenciometrs\/stieples-potenciometrs\/f25\/\",\"url\":\"https:\/\/dev.myindustrial.eu\/lv\/shop\/potenciometri-un-sensori\/viena-apgrieziena-potenciometrs\/stieples-potenciometrs\/f25\/\",\"name\":\"Stieples potenciometrs F25 - My industrial\",\"isPartOf\":{\"@id\":\"https:\/\/dev.myindustrial.eu\/lv\/#website\"},\"primaryImageOfPage\":{\"@id\":\"https:\/\/dev.myindustrial.eu\/lv\/shop\/potenciometri-un-sensori\/viena-apgrieziena-potenciometrs\/stieples-potenciometrs\/f25\/#primaryimage\"},\"image\":{\"@id\":\"https:\/\/dev.myindustrial.eu\/lv\/shop\/potenciometri-un-sensori\/viena-apgrieziena-potenciometrs\/stieples-potenciometrs\/f25\/#primaryimage\"},\"thumbnailUrl\":\"https:\/\/dev.myindustrial.eu\/wp-content\/uploads\/2022\/01\/F25.webp\",\"datePublished\":\"2022-01-14T01:57:35+00:00\",\"dateModified\":\"2023-12-28T19:27:46+00:00\",\"breadcrumb\":{\"@id\":\"https:\/\/dev.myindustrial.eu\/lv\/shop\/potenciometri-un-sensori\/viena-apgrieziena-potenciometrs\/stieples-potenciometrs\/f25\/#breadcrumb\"},\"inLanguage\":\"lv-LV\",\"potentialAction\":[{\"@type\":\"ReadAction\",\"target\":[\"https:\/\/dev.myindustrial.eu\/lv\/shop\/potenciometri-un-sensori\/viena-apgrieziena-potenciometrs\/stieples-potenciometrs\/f25\/\"]}]},{\"@type\":\"ImageObject\",\"inLanguage\":\"lv-LV\",\"@id\":\"https:\/\/dev.myindustrial.eu\/lv\/shop\/potenciometri-un-sensori\/viena-apgrieziena-potenciometrs\/stieples-potenciometrs\/f25\/#primaryimage\",\"url\":\"https:\/\/dev.myindustrial.eu\/wp-content\/uploads\/2022\/01\/F25.webp\",\"contentUrl\":\"https:\/\/dev.myindustrial.eu\/wp-content\/uploads\/2022\/01\/F25.webp\",\"width\":400,\"height\":413},{\"@type\":\"BreadcrumbList\",\"@id\":\"https:\/\/dev.myindustrial.eu\/lv\/shop\/potenciometri-un-sensori\/viena-apgrieziena-potenciometrs\/stieples-potenciometrs\/f25\/#breadcrumb\",\"itemListElement\":[{\"@type\":\"ListItem\",\"position\":1,\"name\":\"Home\",\"item\":\"https:\/\/dev.myindustrial.eu\/lv\/\"},{\"@type\":\"ListItem\",\"position\":2,\"name\":\"Products\",\"item\":\"https:\/\/dev.myindustrial.eu\/lv\/products\/\"},{\"@type\":\"ListItem\",\"position\":3,\"name\":\"Stieples potenciometrs F25\"}]},{\"@type\":\"WebSite\",\"@id\":\"https:\/\/dev.myindustrial.eu\/lv\/#website\",\"url\":\"https:\/\/dev.myindustrial.eu\/lv\/\",\"name\":\"My industrial\",\"description\":\"\",\"potentialAction\":[{\"@type\":\"SearchAction\",\"target\":{\"@type\":\"EntryPoint\",\"urlTemplate\":\"https:\/\/dev.myindustrial.eu\/lv\/?s={search_term_string}\"},\"query-input\":{\"@type\":\"PropertyValueSpecification\",\"valueRequired\":true,\"valueName\":\"search_term_string\"}}],\"inLanguage\":\"lv-LV\"}]}<\/script>\n<!-- \/ Yoast SEO plugin. -->","yoast_head_json":{"title":"Stieples potenciometrs F25 - My industrial","robots":{"index":"noindex","follow":"follow","max-snippet":"max-snippet:-1","max-image-preview":"max-image-preview:large","max-video-preview":"max-video-preview:-1"},"og_locale":"lv_LV","og_type":"article","og_title":"Stieples potenciometrs F25 - My industrial","og_description":"Precizit\u0101tes m\u0113r\u012b\u0161anas rezistoru diapazonam ir \u0101rk\u0101rt\u012bgi zems griezes moments 0,003 Ncm, kas noz\u012bm\u0113, ka tos var noregul\u0113t \u013coti konkr\u0113t\u0101 diapazon\u0101 ar mazu k\u013c\u016bdas efektu. Lai sasniegtu \u0161o griezes momentu, sensora kontakta spiediens uz tinumu tiek uztur\u0113ts p\u0113c iesp\u0113jas zem\u0101ks. Rot\u0101cijas rezistori sast\u0101v no uzt\u012btas pretest\u012bbas stieples un adatas, kas caur sakabes sist\u0113mu savienots ar m\u0113rier\u012bces r\u0101d\u012bt\u0101ja v\u0101rpstu. Izvadei un tinumam tiek izmantoti tikai d\u0101rgmet\u0101lu sakaus\u0113jumi ar augstu iztur\u012bbu pret koroziju. F25 s\u0113rijai ir ilgs kalpo\u0161anas laiks, un t\u0101 ir \u012bpa\u0161i piem\u0113rota izmanto\u0161anai skalas m\u0113rier\u012bc\u0113s. F25Z s\u0113rija ir \u012bpa\u0161i izstr\u0101d\u0101ta nolas\u012b\u0161anas idik\u0101cijas pielietojumam. Savienojuma dak\u0161as un saj\u016bga sviras ir pieejamas k\u0101 piederumi precizit\u0101tes m\u0113r\u012b\u0161anas rezistoriem. Var integr\u0113t ar\u012b raid\u012bt\u0101ju ar izejas sign\u0101lu 0\/4...20 mA vai 0...10 V DC.","og_url":"https:\/\/dev.myindustrial.eu\/lv\/shop\/potenciometri-un-sensori\/viena-apgrieziena-potenciometrs\/stieples-potenciometrs\/f25\/","og_site_name":"My industrial","article_modified_time":"2023-12-28T19:27:46+00:00","og_image":[{"width":400,"height":413,"url":"https:\/\/dev.myindustrial.eu\/wp-content\/uploads\/2022\/01\/F25.webp","type":"image\/webp"}],"twitter_card":"summary_large_image","schema":{"@context":"https:\/\/schema.org","@graph":[{"@type":"WebPage","@id":"https:\/\/dev.myindustrial.eu\/lv\/shop\/potenciometri-un-sensori\/viena-apgrieziena-potenciometrs\/stieples-potenciometrs\/f25\/","url":"https:\/\/dev.myindustrial.eu\/lv\/shop\/potenciometri-un-sensori\/viena-apgrieziena-potenciometrs\/stieples-potenciometrs\/f25\/","name":"Stieples potenciometrs F25 - My industrial","isPartOf":{"@id":"https:\/\/dev.myindustrial.eu\/lv\/#website"},"primaryImageOfPage":{"@id":"https:\/\/dev.myindustrial.eu\/lv\/shop\/potenciometri-un-sensori\/viena-apgrieziena-potenciometrs\/stieples-potenciometrs\/f25\/#primaryimage"},"image":{"@id":"https:\/\/dev.myindustrial.eu\/lv\/shop\/potenciometri-un-sensori\/viena-apgrieziena-potenciometrs\/stieples-potenciometrs\/f25\/#primaryimage"},"thumbnailUrl":"https:\/\/dev.myindustrial.eu\/wp-content\/uploads\/2022\/01\/F25.webp","datePublished":"2022-01-14T01:57:35+00:00","dateModified":"2023-12-28T19:27:46+00:00","breadcrumb":{"@id":"https:\/\/dev.myindustrial.eu\/lv\/shop\/potenciometri-un-sensori\/viena-apgrieziena-potenciometrs\/stieples-potenciometrs\/f25\/#breadcrumb"},"inLanguage":"lv-LV","potentialAction":[{"@type":"ReadAction","target":["https:\/\/dev.myindustrial.eu\/lv\/shop\/potenciometri-un-sensori\/viena-apgrieziena-potenciometrs\/stieples-potenciometrs\/f25\/"]}]},{"@type":"ImageObject","inLanguage":"lv-LV","@id":"https:\/\/dev.myindustrial.eu\/lv\/shop\/potenciometri-un-sensori\/viena-apgrieziena-potenciometrs\/stieples-potenciometrs\/f25\/#primaryimage","url":"https:\/\/dev.myindustrial.eu\/wp-content\/uploads\/2022\/01\/F25.webp","contentUrl":"https:\/\/dev.myindustrial.eu\/wp-content\/uploads\/2022\/01\/F25.webp","width":400,"height":413},{"@type":"BreadcrumbList","@id":"https:\/\/dev.myindustrial.eu\/lv\/shop\/potenciometri-un-sensori\/viena-apgrieziena-potenciometrs\/stieples-potenciometrs\/f25\/#breadcrumb","itemListElement":[{"@type":"ListItem","position":1,"name":"Home","item":"https:\/\/dev.myindustrial.eu\/lv\/"},{"@type":"ListItem","position":2,"name":"Products","item":"https:\/\/dev.myindustrial.eu\/lv\/products\/"},{"@type":"ListItem","position":3,"name":"Stieples potenciometrs F25"}]},{"@type":"WebSite","@id":"https:\/\/dev.myindustrial.eu\/lv\/#website","url":"https:\/\/dev.myindustrial.eu\/lv\/","name":"My industrial","description":"","potentialAction":[{"@type":"SearchAction","target":{"@type":"EntryPoint","urlTemplate":"https:\/\/dev.myindustrial.eu\/lv\/?s={search_term_string}"},"query-input":{"@type":"PropertyValueSpecification","valueRequired":true,"valueName":"search_term_string"}}],"inLanguage":"lv-LV"}]}},"_links":{"self":[{"href":"https:\/\/dev.myindustrial.eu\/lv\/wp-json\/wp\/v2\/product\/1260059078","targetHints":{"allow":["GET"]}}],"collection":[{"href":"https:\/\/dev.myindustrial.eu\/lv\/wp-json\/wp\/v2\/product"}],"about":[{"href":"https:\/\/dev.myindustrial.eu\/lv\/wp-json\/wp\/v2\/types\/product"}],"version-history":[{"count":0,"href":"https:\/\/dev.myindustrial.eu\/lv\/wp-json\/wp\/v2\/product\/1260059078\/revisions"}],"wp:featuredmedia":[{"embeddable":true,"href":"https:\/\/dev.myindustrial.eu\/lv\/wp-json\/wp\/v2\/media\/1260058384"}],"wp:attachment":[{"href":"https:\/\/dev.myindustrial.eu\/lv\/wp-json\/wp\/v2\/media?parent=1260059078"}],"wp:term":[{"taxonomy":"product_brand","embeddable":true,"href":"https:\/\/dev.myindustrial.eu\/lv\/wp-json\/wp\/v2\/product_brand?post=1260059078"},{"taxonomy":"product_cat","embeddable":true,"href":"https:\/\/dev.myindustrial.eu\/lv\/wp-json\/wp\/v2\/product_cat?post=1260059078"},{"taxonomy":"product_tag","embeddable":true,"href":"https:\/\/dev.myindustrial.eu\/lv\/wp-json\/wp\/v2\/product_tag?post=1260059078"}],"curies":[{"name":"wp","href":"https:\/\/api.w.org\/{rel}","templated":true}]}}