{"id":1260059080,"date":"2022-01-14T01:36:47","date_gmt":"2022-01-14T01:57:35","guid":{"rendered":"https:\/\/dev.myindustrial.eu\/shop-2\/uncategorized\/lp11\/"},"modified":"2023-10-11T03:09:02","modified_gmt":"2023-10-11T03:09:02","slug":"lp11","status":"publish","type":"product","link":"https:\/\/dev.myindustrial.eu\/lv\/shop\/potenciometri-un-sensori\/viena-apgrieziena-potenciometrs\/stravas-vadosa-plastika-potenciometrs\/lp11\/","title":{"rendered":"Str\u0101vas vado\u0161a plastika potenciometrs LP11"},"content":{"rendered":"<p><iframe width=\"560\" height=\"315\" src=\"https:\/\/youtube.com\/embed\/IhBfmVnFzug\" frameborder=\"0\" allow=\"accelerometer; autoplay; clipboard-write; encrypted-media; gyroscope; picture-in-picture; web-share\" allowfullscreen><\/iframe><\/p>\n","protected":false},"excerpt":{"rendered":"<p>LP11 raksturo \u012bpa\u0161i kompakts dizains. T\u0101p\u0113c korpuss, kas izgatavots no stikla \u0161\u0137iedras pastiprin\u0101tas plastmasas ar integr\u0113tu v\u012btni, ir \u013coti ekonomisks variants. V\u0101rpstas griezes momentu var regul\u0113t, un tas tiek r\u016bpn\u012bc\u0101 iestat\u012bts atbilsto\u0161i klienta pras\u012bb\u0101m. K\u0101 pretest\u012bbas elements tiek izmantota vado\u0161a plastmasa. K\u0101 savienojumi kalpo vadi ar \u0161\u0137\u0113rsgriezumu 0,5mm2. Garumus var piel\u0101got.<\/p>\n","protected":false},"featured_media":1260061847,"template":"","meta":[],"product_brand":[],"product_cat":[1544],"product_tag":[],"class_list":{"0":"post-1260059080","1":"product","2":"type-product","3":"status-publish","4":"has-post-thumbnail","6":"product_cat-stravas-vadosa-plastika-potenciometrs","8":"first","9":"instock","10":"product-type-simple"},"yoast_head":"<!-- This site is optimized with the Yoast SEO plugin v27.1.1 - https:\/\/yoast.com\/product\/yoast-seo-wordpress\/ -->\n<title>Str\u0101vas vado\u0161a plastika potenciometrs LP11 - My industrial<\/title>\n<meta name=\"robots\" content=\"noindex, follow, max-snippet:-1, max-image-preview:large, max-video-preview:-1\" \/>\n<meta property=\"og:locale\" content=\"lv_LV\" \/>\n<meta property=\"og:type\" content=\"article\" \/>\n<meta property=\"og:title\" content=\"Str\u0101vas vado\u0161a plastika potenciometrs LP11 - My industrial\" \/>\n<meta property=\"og:description\" content=\"LP11 raksturo \u012bpa\u0161i kompakts dizains. T\u0101p\u0113c korpuss, kas izgatavots no stikla \u0161\u0137iedras pastiprin\u0101tas plastmasas ar integr\u0113tu v\u012btni, ir \u013coti ekonomisks variants. V\u0101rpstas griezes momentu var regul\u0113t, un tas tiek r\u016bpn\u012bc\u0101 iestat\u012bts atbilsto\u0161i klienta pras\u012bb\u0101m. K\u0101 pretest\u012bbas elements tiek izmantota vado\u0161a plastmasa. K\u0101 savienojumi kalpo vadi ar \u0161\u0137\u0113rsgriezumu 0,5mm2. Garumus var piel\u0101got.\" \/>\n<meta property=\"og:url\" content=\"https:\/\/dev.myindustrial.eu\/lv\/shop\/potenciometri-un-sensori\/viena-apgrieziena-potenciometrs\/stravas-vadosa-plastika-potenciometrs\/lp11\/\" \/>\n<meta property=\"og:site_name\" content=\"My industrial\" \/>\n<meta property=\"article:modified_time\" content=\"2023-10-11T03:09:02+00:00\" \/>\n<meta property=\"og:image\" content=\"https:\/\/dev.myindustrial.eu\/wp-content\/uploads\/2022\/01\/lp11_leitplastik_altmann_400x413-400x413.jpg\" \/>\n\t<meta property=\"og:image:width\" content=\"400\" \/>\n\t<meta property=\"og:image:height\" content=\"413\" \/>\n\t<meta property=\"og:image:type\" content=\"image\/jpeg\" \/>\n<meta name=\"twitter:card\" content=\"summary_large_image\" \/>\n<script type=\"application\/ld+json\" class=\"yoast-schema-graph\">{\"@context\":\"https:\/\/schema.org\",\"@graph\":[{\"@type\":\"WebPage\",\"@id\":\"https:\/\/dev.myindustrial.eu\/lv\/shop\/potenciometri-un-sensori\/viena-apgrieziena-potenciometrs\/stravas-vadosa-plastika-potenciometrs\/lp11\/\",\"url\":\"https:\/\/dev.myindustrial.eu\/lv\/shop\/potenciometri-un-sensori\/viena-apgrieziena-potenciometrs\/stravas-vadosa-plastika-potenciometrs\/lp11\/\",\"name\":\"Str\u0101vas vado\u0161a plastika potenciometrs LP11 - My industrial\",\"isPartOf\":{\"@id\":\"https:\/\/dev.myindustrial.eu\/lv\/#website\"},\"primaryImageOfPage\":{\"@id\":\"https:\/\/dev.myindustrial.eu\/lv\/shop\/potenciometri-un-sensori\/viena-apgrieziena-potenciometrs\/stravas-vadosa-plastika-potenciometrs\/lp11\/#primaryimage\"},\"image\":{\"@id\":\"https:\/\/dev.myindustrial.eu\/lv\/shop\/potenciometri-un-sensori\/viena-apgrieziena-potenciometrs\/stravas-vadosa-plastika-potenciometrs\/lp11\/#primaryimage\"},\"thumbnailUrl\":\"https:\/\/dev.myindustrial.eu\/wp-content\/uploads\/2022\/01\/lp11_leitplastik_altmann_400x413-400x413.jpg\",\"datePublished\":\"2022-01-14T01:57:35+00:00\",\"dateModified\":\"2023-10-11T03:09:02+00:00\",\"breadcrumb\":{\"@id\":\"https:\/\/dev.myindustrial.eu\/lv\/shop\/potenciometri-un-sensori\/viena-apgrieziena-potenciometrs\/stravas-vadosa-plastika-potenciometrs\/lp11\/#breadcrumb\"},\"inLanguage\":\"lv-LV\",\"potentialAction\":[{\"@type\":\"ReadAction\",\"target\":[\"https:\/\/dev.myindustrial.eu\/lv\/shop\/potenciometri-un-sensori\/viena-apgrieziena-potenciometrs\/stravas-vadosa-plastika-potenciometrs\/lp11\/\"]}]},{\"@type\":\"ImageObject\",\"inLanguage\":\"lv-LV\",\"@id\":\"https:\/\/dev.myindustrial.eu\/lv\/shop\/potenciometri-un-sensori\/viena-apgrieziena-potenciometrs\/stravas-vadosa-plastika-potenciometrs\/lp11\/#primaryimage\",\"url\":\"https:\/\/dev.myindustrial.eu\/wp-content\/uploads\/2022\/01\/lp11_leitplastik_altmann_400x413-400x413.jpg\",\"contentUrl\":\"https:\/\/dev.myindustrial.eu\/wp-content\/uploads\/2022\/01\/lp11_leitplastik_altmann_400x413-400x413.jpg\",\"width\":400,\"height\":413},{\"@type\":\"BreadcrumbList\",\"@id\":\"https:\/\/dev.myindustrial.eu\/lv\/shop\/potenciometri-un-sensori\/viena-apgrieziena-potenciometrs\/stravas-vadosa-plastika-potenciometrs\/lp11\/#breadcrumb\",\"itemListElement\":[{\"@type\":\"ListItem\",\"position\":1,\"name\":\"Home\",\"item\":\"https:\/\/dev.myindustrial.eu\/lv\/\"},{\"@type\":\"ListItem\",\"position\":2,\"name\":\"Products\",\"item\":\"https:\/\/dev.myindustrial.eu\/lv\/products\/\"},{\"@type\":\"ListItem\",\"position\":3,\"name\":\"Str\u0101vas vado\u0161a plastika potenciometrs LP11\"}]},{\"@type\":\"WebSite\",\"@id\":\"https:\/\/dev.myindustrial.eu\/lv\/#website\",\"url\":\"https:\/\/dev.myindustrial.eu\/lv\/\",\"name\":\"My industrial\",\"description\":\"\",\"potentialAction\":[{\"@type\":\"SearchAction\",\"target\":{\"@type\":\"EntryPoint\",\"urlTemplate\":\"https:\/\/dev.myindustrial.eu\/lv\/?s={search_term_string}\"},\"query-input\":{\"@type\":\"PropertyValueSpecification\",\"valueRequired\":true,\"valueName\":\"search_term_string\"}}],\"inLanguage\":\"lv-LV\"}]}<\/script>\n<!-- \/ Yoast SEO plugin. -->","yoast_head_json":{"title":"Str\u0101vas vado\u0161a plastika potenciometrs LP11 - My industrial","robots":{"index":"noindex","follow":"follow","max-snippet":"max-snippet:-1","max-image-preview":"max-image-preview:large","max-video-preview":"max-video-preview:-1"},"og_locale":"lv_LV","og_type":"article","og_title":"Str\u0101vas vado\u0161a plastika potenciometrs LP11 - My industrial","og_description":"LP11 raksturo \u012bpa\u0161i kompakts dizains. T\u0101p\u0113c korpuss, kas izgatavots no stikla \u0161\u0137iedras pastiprin\u0101tas plastmasas ar integr\u0113tu v\u012btni, ir \u013coti ekonomisks variants. V\u0101rpstas griezes momentu var regul\u0113t, un tas tiek r\u016bpn\u012bc\u0101 iestat\u012bts atbilsto\u0161i klienta pras\u012bb\u0101m. K\u0101 pretest\u012bbas elements tiek izmantota vado\u0161a plastmasa. K\u0101 savienojumi kalpo vadi ar \u0161\u0137\u0113rsgriezumu 0,5mm2. Garumus var piel\u0101got.","og_url":"https:\/\/dev.myindustrial.eu\/lv\/shop\/potenciometri-un-sensori\/viena-apgrieziena-potenciometrs\/stravas-vadosa-plastika-potenciometrs\/lp11\/","og_site_name":"My industrial","article_modified_time":"2023-10-11T03:09:02+00:00","og_image":[{"width":400,"height":413,"url":"https:\/\/dev.myindustrial.eu\/wp-content\/uploads\/2022\/01\/lp11_leitplastik_altmann_400x413-400x413.jpg","type":"image\/jpeg"}],"twitter_card":"summary_large_image","schema":{"@context":"https:\/\/schema.org","@graph":[{"@type":"WebPage","@id":"https:\/\/dev.myindustrial.eu\/lv\/shop\/potenciometri-un-sensori\/viena-apgrieziena-potenciometrs\/stravas-vadosa-plastika-potenciometrs\/lp11\/","url":"https:\/\/dev.myindustrial.eu\/lv\/shop\/potenciometri-un-sensori\/viena-apgrieziena-potenciometrs\/stravas-vadosa-plastika-potenciometrs\/lp11\/","name":"Str\u0101vas vado\u0161a plastika potenciometrs LP11 - My industrial","isPartOf":{"@id":"https:\/\/dev.myindustrial.eu\/lv\/#website"},"primaryImageOfPage":{"@id":"https:\/\/dev.myindustrial.eu\/lv\/shop\/potenciometri-un-sensori\/viena-apgrieziena-potenciometrs\/stravas-vadosa-plastika-potenciometrs\/lp11\/#primaryimage"},"image":{"@id":"https:\/\/dev.myindustrial.eu\/lv\/shop\/potenciometri-un-sensori\/viena-apgrieziena-potenciometrs\/stravas-vadosa-plastika-potenciometrs\/lp11\/#primaryimage"},"thumbnailUrl":"https:\/\/dev.myindustrial.eu\/wp-content\/uploads\/2022\/01\/lp11_leitplastik_altmann_400x413-400x413.jpg","datePublished":"2022-01-14T01:57:35+00:00","dateModified":"2023-10-11T03:09:02+00:00","breadcrumb":{"@id":"https:\/\/dev.myindustrial.eu\/lv\/shop\/potenciometri-un-sensori\/viena-apgrieziena-potenciometrs\/stravas-vadosa-plastika-potenciometrs\/lp11\/#breadcrumb"},"inLanguage":"lv-LV","potentialAction":[{"@type":"ReadAction","target":["https:\/\/dev.myindustrial.eu\/lv\/shop\/potenciometri-un-sensori\/viena-apgrieziena-potenciometrs\/stravas-vadosa-plastika-potenciometrs\/lp11\/"]}]},{"@type":"ImageObject","inLanguage":"lv-LV","@id":"https:\/\/dev.myindustrial.eu\/lv\/shop\/potenciometri-un-sensori\/viena-apgrieziena-potenciometrs\/stravas-vadosa-plastika-potenciometrs\/lp11\/#primaryimage","url":"https:\/\/dev.myindustrial.eu\/wp-content\/uploads\/2022\/01\/lp11_leitplastik_altmann_400x413-400x413.jpg","contentUrl":"https:\/\/dev.myindustrial.eu\/wp-content\/uploads\/2022\/01\/lp11_leitplastik_altmann_400x413-400x413.jpg","width":400,"height":413},{"@type":"BreadcrumbList","@id":"https:\/\/dev.myindustrial.eu\/lv\/shop\/potenciometri-un-sensori\/viena-apgrieziena-potenciometrs\/stravas-vadosa-plastika-potenciometrs\/lp11\/#breadcrumb","itemListElement":[{"@type":"ListItem","position":1,"name":"Home","item":"https:\/\/dev.myindustrial.eu\/lv\/"},{"@type":"ListItem","position":2,"name":"Products","item":"https:\/\/dev.myindustrial.eu\/lv\/products\/"},{"@type":"ListItem","position":3,"name":"Str\u0101vas vado\u0161a plastika potenciometrs LP11"}]},{"@type":"WebSite","@id":"https:\/\/dev.myindustrial.eu\/lv\/#website","url":"https:\/\/dev.myindustrial.eu\/lv\/","name":"My industrial","description":"","potentialAction":[{"@type":"SearchAction","target":{"@type":"EntryPoint","urlTemplate":"https:\/\/dev.myindustrial.eu\/lv\/?s={search_term_string}"},"query-input":{"@type":"PropertyValueSpecification","valueRequired":true,"valueName":"search_term_string"}}],"inLanguage":"lv-LV"}]}},"_links":{"self":[{"href":"https:\/\/dev.myindustrial.eu\/lv\/wp-json\/wp\/v2\/product\/1260059080","targetHints":{"allow":["GET"]}}],"collection":[{"href":"https:\/\/dev.myindustrial.eu\/lv\/wp-json\/wp\/v2\/product"}],"about":[{"href":"https:\/\/dev.myindustrial.eu\/lv\/wp-json\/wp\/v2\/types\/product"}],"version-history":[{"count":0,"href":"https:\/\/dev.myindustrial.eu\/lv\/wp-json\/wp\/v2\/product\/1260059080\/revisions"}],"wp:featuredmedia":[{"embeddable":true,"href":"https:\/\/dev.myindustrial.eu\/lv\/wp-json\/wp\/v2\/media\/1260061847"}],"wp:attachment":[{"href":"https:\/\/dev.myindustrial.eu\/lv\/wp-json\/wp\/v2\/media?parent=1260059080"}],"wp:term":[{"taxonomy":"product_brand","embeddable":true,"href":"https:\/\/dev.myindustrial.eu\/lv\/wp-json\/wp\/v2\/product_brand?post=1260059080"},{"taxonomy":"product_cat","embeddable":true,"href":"https:\/\/dev.myindustrial.eu\/lv\/wp-json\/wp\/v2\/product_cat?post=1260059080"},{"taxonomy":"product_tag","embeddable":true,"href":"https:\/\/dev.myindustrial.eu\/lv\/wp-json\/wp\/v2\/product_tag?post=1260059080"}],"curies":[{"name":"wp","href":"https:\/\/api.w.org\/{rel}","templated":true}]}}