{"id":1260059083,"date":"2022-01-14T01:36:56","date_gmt":"2022-01-14T01:57:43","guid":{"rendered":"https:\/\/dev.myindustrial.eu\/shop-2\/uncategorized\/ks-15-pr-63250-01xxx\/"},"modified":"2023-10-11T03:05:11","modified_gmt":"2023-10-11T03:05:11","slug":"ks-15-pr-63250-01xxx","status":"publish","type":"product","link":"https:\/\/dev.myindustrial.eu\/lv\/shop\/potenciometri-un-sensori\/viena-apgrieziena-potenciometrs\/oglekla-pleves-potenciometrs\/ks-15-pr-63250-01xxx\/","title":{"rendered":"Oglek\u013ca pl\u0113ves potenciometrs KS15"},"content":{"rendered":"<p><iframe width=\"560\" height=\"315\" src=\"https:\/\/youtube.com\/embed\/P-dwIIzfQOo\" frameborder=\"0\" allow=\"accelerometer; autoplay; clipboard-write; encrypted-media; gyroscope; picture-in-picture; web-share\" allowfullscreen><\/iframe><\/p>\n","protected":false},"excerpt":{"rendered":"<p>KS15 s\u0113rijai ir oglek\u013ca pl\u0113ves pretest\u012bbas elements. \u0160im ned\u0101rgajam potenciometram ir met\u0101la v\u0101rpsta, kas ir pieejama \u00d84 un 6 mm. Centr\u0101lie stiprin\u0101jumi ir M7x0,75 vai M10x0,75. Potenciometrs ir p\u0113c izv\u0113les pieejams ar pozit\u012bvu logaritmisko sign\u0101lu. Turkl\u0101t ir iesp\u0113jamas versijas ar centr\u0101lajiem stiprin\u0101jumiem un vair\u0101kas opcij\u0101m.<\/p>\n","protected":false},"featured_media":1260061831,"template":"","meta":[],"product_brand":[],"product_cat":[1286,1300,1549],"product_tag":[],"class_list":{"0":"post-1260059083","1":"product","2":"type-product","3":"status-publish","4":"has-post-thumbnail","6":"product_cat-potenciometri-un-sensori","7":"product_cat-viena-apgrieziena-potenciometrs","8":"product_cat-oglekla-pleves-potenciometrs","10":"first","11":"instock","12":"product-type-simple"},"yoast_head":"<!-- This site is optimized with the Yoast SEO plugin v27.1.1 - https:\/\/yoast.com\/product\/yoast-seo-wordpress\/ -->\n<title>Oglek\u013ca pl\u0113ves potenciometrs KS15 - My industrial<\/title>\n<meta name=\"robots\" content=\"noindex, follow, max-snippet:-1, max-image-preview:large, max-video-preview:-1\" \/>\n<meta property=\"og:locale\" content=\"lv_LV\" \/>\n<meta property=\"og:type\" content=\"article\" \/>\n<meta property=\"og:title\" content=\"Oglek\u013ca pl\u0113ves potenciometrs KS15 - My industrial\" \/>\n<meta property=\"og:description\" content=\"KS15 s\u0113rijai ir oglek\u013ca pl\u0113ves pretest\u012bbas elements. \u0160im ned\u0101rgajam potenciometram ir met\u0101la v\u0101rpsta, kas ir pieejama \u00d84 un 6 mm. Centr\u0101lie stiprin\u0101jumi ir M7x0,75 vai M10x0,75. Potenciometrs ir p\u0113c izv\u0113les pieejams ar pozit\u012bvu logaritmisko sign\u0101lu. Turkl\u0101t ir iesp\u0113jamas versijas ar centr\u0101lajiem stiprin\u0101jumiem un vair\u0101kas opcij\u0101m.\" \/>\n<meta property=\"og:url\" content=\"https:\/\/dev.myindustrial.eu\/lv\/shop\/potenciometri-un-sensori\/viena-apgrieziena-potenciometrs\/oglekla-pleves-potenciometrs\/ks-15-pr-63250-01xxx\/\" \/>\n<meta property=\"og:site_name\" content=\"My industrial\" \/>\n<meta property=\"article:modified_time\" content=\"2023-10-11T03:05:11+00:00\" \/>\n<meta property=\"og:image\" content=\"https:\/\/dev.myindustrial.eu\/wp-content\/uploads\/2022\/01\/ks15_eingang_kohle_altmann_400x413-400x413.jpg\" \/>\n\t<meta property=\"og:image:width\" content=\"400\" \/>\n\t<meta property=\"og:image:height\" content=\"413\" \/>\n\t<meta property=\"og:image:type\" content=\"image\/jpeg\" \/>\n<meta name=\"twitter:card\" content=\"summary_large_image\" \/>\n<script type=\"application\/ld+json\" class=\"yoast-schema-graph\">{\"@context\":\"https:\/\/schema.org\",\"@graph\":[{\"@type\":\"WebPage\",\"@id\":\"https:\/\/dev.myindustrial.eu\/lv\/shop\/potenciometri-un-sensori\/viena-apgrieziena-potenciometrs\/oglekla-pleves-potenciometrs\/ks-15-pr-63250-01xxx\/\",\"url\":\"https:\/\/dev.myindustrial.eu\/lv\/shop\/potenciometri-un-sensori\/viena-apgrieziena-potenciometrs\/oglekla-pleves-potenciometrs\/ks-15-pr-63250-01xxx\/\",\"name\":\"Oglek\u013ca pl\u0113ves potenciometrs KS15 - My industrial\",\"isPartOf\":{\"@id\":\"https:\/\/dev.myindustrial.eu\/lv\/#website\"},\"primaryImageOfPage\":{\"@id\":\"https:\/\/dev.myindustrial.eu\/lv\/shop\/potenciometri-un-sensori\/viena-apgrieziena-potenciometrs\/oglekla-pleves-potenciometrs\/ks-15-pr-63250-01xxx\/#primaryimage\"},\"image\":{\"@id\":\"https:\/\/dev.myindustrial.eu\/lv\/shop\/potenciometri-un-sensori\/viena-apgrieziena-potenciometrs\/oglekla-pleves-potenciometrs\/ks-15-pr-63250-01xxx\/#primaryimage\"},\"thumbnailUrl\":\"https:\/\/dev.myindustrial.eu\/wp-content\/uploads\/2022\/01\/ks15_eingang_kohle_altmann_400x413-400x413.jpg\",\"datePublished\":\"2022-01-14T01:57:43+00:00\",\"dateModified\":\"2023-10-11T03:05:11+00:00\",\"breadcrumb\":{\"@id\":\"https:\/\/dev.myindustrial.eu\/lv\/shop\/potenciometri-un-sensori\/viena-apgrieziena-potenciometrs\/oglekla-pleves-potenciometrs\/ks-15-pr-63250-01xxx\/#breadcrumb\"},\"inLanguage\":\"lv-LV\",\"potentialAction\":[{\"@type\":\"ReadAction\",\"target\":[\"https:\/\/dev.myindustrial.eu\/lv\/shop\/potenciometri-un-sensori\/viena-apgrieziena-potenciometrs\/oglekla-pleves-potenciometrs\/ks-15-pr-63250-01xxx\/\"]}]},{\"@type\":\"ImageObject\",\"inLanguage\":\"lv-LV\",\"@id\":\"https:\/\/dev.myindustrial.eu\/lv\/shop\/potenciometri-un-sensori\/viena-apgrieziena-potenciometrs\/oglekla-pleves-potenciometrs\/ks-15-pr-63250-01xxx\/#primaryimage\",\"url\":\"https:\/\/dev.myindustrial.eu\/wp-content\/uploads\/2022\/01\/ks15_eingang_kohle_altmann_400x413-400x413.jpg\",\"contentUrl\":\"https:\/\/dev.myindustrial.eu\/wp-content\/uploads\/2022\/01\/ks15_eingang_kohle_altmann_400x413-400x413.jpg\",\"width\":400,\"height\":413,\"caption\":\"KS15_Eingang_Kohle_Altmann\"},{\"@type\":\"BreadcrumbList\",\"@id\":\"https:\/\/dev.myindustrial.eu\/lv\/shop\/potenciometri-un-sensori\/viena-apgrieziena-potenciometrs\/oglekla-pleves-potenciometrs\/ks-15-pr-63250-01xxx\/#breadcrumb\",\"itemListElement\":[{\"@type\":\"ListItem\",\"position\":1,\"name\":\"Home\",\"item\":\"https:\/\/dev.myindustrial.eu\/lv\/\"},{\"@type\":\"ListItem\",\"position\":2,\"name\":\"Products\",\"item\":\"https:\/\/dev.myindustrial.eu\/lv\/products\/\"},{\"@type\":\"ListItem\",\"position\":3,\"name\":\"Oglek\u013ca pl\u0113ves potenciometrs KS15\"}]},{\"@type\":\"WebSite\",\"@id\":\"https:\/\/dev.myindustrial.eu\/lv\/#website\",\"url\":\"https:\/\/dev.myindustrial.eu\/lv\/\",\"name\":\"My industrial\",\"description\":\"\",\"potentialAction\":[{\"@type\":\"SearchAction\",\"target\":{\"@type\":\"EntryPoint\",\"urlTemplate\":\"https:\/\/dev.myindustrial.eu\/lv\/?s={search_term_string}\"},\"query-input\":{\"@type\":\"PropertyValueSpecification\",\"valueRequired\":true,\"valueName\":\"search_term_string\"}}],\"inLanguage\":\"lv-LV\"}]}<\/script>\n<!-- \/ Yoast SEO plugin. -->","yoast_head_json":{"title":"Oglek\u013ca pl\u0113ves potenciometrs KS15 - My industrial","robots":{"index":"noindex","follow":"follow","max-snippet":"max-snippet:-1","max-image-preview":"max-image-preview:large","max-video-preview":"max-video-preview:-1"},"og_locale":"lv_LV","og_type":"article","og_title":"Oglek\u013ca pl\u0113ves potenciometrs KS15 - My industrial","og_description":"KS15 s\u0113rijai ir oglek\u013ca pl\u0113ves pretest\u012bbas elements. \u0160im ned\u0101rgajam potenciometram ir met\u0101la v\u0101rpsta, kas ir pieejama \u00d84 un 6 mm. Centr\u0101lie stiprin\u0101jumi ir M7x0,75 vai M10x0,75. Potenciometrs ir p\u0113c izv\u0113les pieejams ar pozit\u012bvu logaritmisko sign\u0101lu. Turkl\u0101t ir iesp\u0113jamas versijas ar centr\u0101lajiem stiprin\u0101jumiem un vair\u0101kas opcij\u0101m.","og_url":"https:\/\/dev.myindustrial.eu\/lv\/shop\/potenciometri-un-sensori\/viena-apgrieziena-potenciometrs\/oglekla-pleves-potenciometrs\/ks-15-pr-63250-01xxx\/","og_site_name":"My industrial","article_modified_time":"2023-10-11T03:05:11+00:00","og_image":[{"width":400,"height":413,"url":"https:\/\/dev.myindustrial.eu\/wp-content\/uploads\/2022\/01\/ks15_eingang_kohle_altmann_400x413-400x413.jpg","type":"image\/jpeg"}],"twitter_card":"summary_large_image","schema":{"@context":"https:\/\/schema.org","@graph":[{"@type":"WebPage","@id":"https:\/\/dev.myindustrial.eu\/lv\/shop\/potenciometri-un-sensori\/viena-apgrieziena-potenciometrs\/oglekla-pleves-potenciometrs\/ks-15-pr-63250-01xxx\/","url":"https:\/\/dev.myindustrial.eu\/lv\/shop\/potenciometri-un-sensori\/viena-apgrieziena-potenciometrs\/oglekla-pleves-potenciometrs\/ks-15-pr-63250-01xxx\/","name":"Oglek\u013ca pl\u0113ves potenciometrs KS15 - My industrial","isPartOf":{"@id":"https:\/\/dev.myindustrial.eu\/lv\/#website"},"primaryImageOfPage":{"@id":"https:\/\/dev.myindustrial.eu\/lv\/shop\/potenciometri-un-sensori\/viena-apgrieziena-potenciometrs\/oglekla-pleves-potenciometrs\/ks-15-pr-63250-01xxx\/#primaryimage"},"image":{"@id":"https:\/\/dev.myindustrial.eu\/lv\/shop\/potenciometri-un-sensori\/viena-apgrieziena-potenciometrs\/oglekla-pleves-potenciometrs\/ks-15-pr-63250-01xxx\/#primaryimage"},"thumbnailUrl":"https:\/\/dev.myindustrial.eu\/wp-content\/uploads\/2022\/01\/ks15_eingang_kohle_altmann_400x413-400x413.jpg","datePublished":"2022-01-14T01:57:43+00:00","dateModified":"2023-10-11T03:05:11+00:00","breadcrumb":{"@id":"https:\/\/dev.myindustrial.eu\/lv\/shop\/potenciometri-un-sensori\/viena-apgrieziena-potenciometrs\/oglekla-pleves-potenciometrs\/ks-15-pr-63250-01xxx\/#breadcrumb"},"inLanguage":"lv-LV","potentialAction":[{"@type":"ReadAction","target":["https:\/\/dev.myindustrial.eu\/lv\/shop\/potenciometri-un-sensori\/viena-apgrieziena-potenciometrs\/oglekla-pleves-potenciometrs\/ks-15-pr-63250-01xxx\/"]}]},{"@type":"ImageObject","inLanguage":"lv-LV","@id":"https:\/\/dev.myindustrial.eu\/lv\/shop\/potenciometri-un-sensori\/viena-apgrieziena-potenciometrs\/oglekla-pleves-potenciometrs\/ks-15-pr-63250-01xxx\/#primaryimage","url":"https:\/\/dev.myindustrial.eu\/wp-content\/uploads\/2022\/01\/ks15_eingang_kohle_altmann_400x413-400x413.jpg","contentUrl":"https:\/\/dev.myindustrial.eu\/wp-content\/uploads\/2022\/01\/ks15_eingang_kohle_altmann_400x413-400x413.jpg","width":400,"height":413,"caption":"KS15_Eingang_Kohle_Altmann"},{"@type":"BreadcrumbList","@id":"https:\/\/dev.myindustrial.eu\/lv\/shop\/potenciometri-un-sensori\/viena-apgrieziena-potenciometrs\/oglekla-pleves-potenciometrs\/ks-15-pr-63250-01xxx\/#breadcrumb","itemListElement":[{"@type":"ListItem","position":1,"name":"Home","item":"https:\/\/dev.myindustrial.eu\/lv\/"},{"@type":"ListItem","position":2,"name":"Products","item":"https:\/\/dev.myindustrial.eu\/lv\/products\/"},{"@type":"ListItem","position":3,"name":"Oglek\u013ca pl\u0113ves potenciometrs KS15"}]},{"@type":"WebSite","@id":"https:\/\/dev.myindustrial.eu\/lv\/#website","url":"https:\/\/dev.myindustrial.eu\/lv\/","name":"My industrial","description":"","potentialAction":[{"@type":"SearchAction","target":{"@type":"EntryPoint","urlTemplate":"https:\/\/dev.myindustrial.eu\/lv\/?s={search_term_string}"},"query-input":{"@type":"PropertyValueSpecification","valueRequired":true,"valueName":"search_term_string"}}],"inLanguage":"lv-LV"}]}},"_links":{"self":[{"href":"https:\/\/dev.myindustrial.eu\/lv\/wp-json\/wp\/v2\/product\/1260059083","targetHints":{"allow":["GET"]}}],"collection":[{"href":"https:\/\/dev.myindustrial.eu\/lv\/wp-json\/wp\/v2\/product"}],"about":[{"href":"https:\/\/dev.myindustrial.eu\/lv\/wp-json\/wp\/v2\/types\/product"}],"version-history":[{"count":1,"href":"https:\/\/dev.myindustrial.eu\/lv\/wp-json\/wp\/v2\/product\/1260059083\/revisions"}],"predecessor-version":[{"id":1260060264,"href":"https:\/\/dev.myindustrial.eu\/lv\/wp-json\/wp\/v2\/product\/1260059083\/revisions\/1260060264"}],"wp:featuredmedia":[{"embeddable":true,"href":"https:\/\/dev.myindustrial.eu\/lv\/wp-json\/wp\/v2\/media\/1260061831"}],"wp:attachment":[{"href":"https:\/\/dev.myindustrial.eu\/lv\/wp-json\/wp\/v2\/media?parent=1260059083"}],"wp:term":[{"taxonomy":"product_brand","embeddable":true,"href":"https:\/\/dev.myindustrial.eu\/lv\/wp-json\/wp\/v2\/product_brand?post=1260059083"},{"taxonomy":"product_cat","embeddable":true,"href":"https:\/\/dev.myindustrial.eu\/lv\/wp-json\/wp\/v2\/product_cat?post=1260059083"},{"taxonomy":"product_tag","embeddable":true,"href":"https:\/\/dev.myindustrial.eu\/lv\/wp-json\/wp\/v2\/product_tag?post=1260059083"}],"curies":[{"name":"wp","href":"https:\/\/api.w.org\/{rel}","templated":true}]}}