{"id":1260059086,"date":"2022-01-14T01:36:56","date_gmt":"2022-01-14T01:57:43","guid":{"rendered":"https:\/\/dev.myindustrial.eu\/shop-2\/uncategorized\/gp40\/"},"modified":"2023-10-11T03:00:30","modified_gmt":"2023-10-11T03:00:30","slug":"gp40","status":"publish","type":"product","link":"https:\/\/dev.myindustrial.eu\/lv\/shop\/potenciometri-un-sensori\/priekseja-panela-potenciometrs\/gp40\/","title":{"rendered":"P\u0101rnesum- un motor- potenciometrs GP40"},"content":{"rendered":"<p><iframe width=\"560\" height=\"315\" src=\"https:\/\/youtube.com\/embed\/Yp4G_XNLtc4\" frameborder=\"0\" allow=\"accelerometer; autoplay; clipboard-write; encrypted-media; gyroscope; picture-in-picture; web-share\" allowfullscreen><\/iframe><br \/>\n<iframe width=\"560\" height=\"315\" src=\"https:\/\/youtube.com\/embed\/8Ssa5Iiy-WA\" frameborder=\"0\" allow=\"accelerometer; autoplay; clipboard-write; encrypted-media; gyroscope; picture-in-picture; web-share\" allowfullscreen><\/iframe><\/p>\n","protected":false},"excerpt":{"rendered":"<p>K\u0101 komponentus \u0161iem potenciometriem m\u0113s izmantojam m\u016bsu daudzpagriezienu potenciometrus DMG23 un DMG24M un vienapgriezienu potenciometrus DP18 un DP113. Visi potenciometri ir apr\u012bkoti ar gala atdur\u0113m. Lai aizsarg\u0101tu transmisiju no p\u0101rslodzes, ir integr\u0113ts \u012bpa\u0161s sl\u012bdo\u0161s saj\u016bgs. K\u0101 papildu sast\u0101vda\u013cas m\u0113s pied\u0101v\u0101jam potenciometrus ar zobratu ar gala sl\u0113d\u017eiem (tikai viena apgrieziena potenciometrus) un atbilsto\u0161us sprostu izci\u013c\u0146u vai segmentu diskus. Ierobe\u017eojuma sl\u0113d\u017eus var integr\u0113t papildu l\u012bmen\u012b vai uzst\u0101d\u012bt aizmugur\u0113. P\u0101rnesuma (reduktor) potenciometrs ir apr\u012bkots ar iztur\u012bgu alum\u012bnija korpusu (opcija ner\u016bs\u0113jo\u0161\u0101 t\u0113rauda korpusu) un centr\u0101lo stiprin\u0101jumu M12x1. Turkl\u0101t to var apr\u012bkot ar sensora izejas sign\u0101lu (0\/4\u202620mA vai 0\u202610VDC). P\u0101rnesuma potenciometrs ir pievienots caur kabeli vai spai\u013cu bloku.<\/p>\n","protected":false},"featured_media":1260061356,"template":"","meta":[],"product_brand":[],"product_cat":[1287,1519],"product_tag":[],"class_list":{"0":"post-1260059086","1":"product","2":"type-product","3":"status-publish","4":"has-post-thumbnail","6":"product_cat-priekseja-panela-potenciometrs","7":"product_cat-motor-potenciometrs","9":"first","10":"instock","11":"product-type-simple"},"yoast_head":"<!-- This site is optimized with the Yoast SEO plugin v27.1.1 - https:\/\/yoast.com\/product\/yoast-seo-wordpress\/ -->\n<title>P\u0101rnesum- un motor- potenciometrs GP40 - My industrial<\/title>\n<meta name=\"robots\" content=\"noindex, follow, max-snippet:-1, max-image-preview:large, max-video-preview:-1\" \/>\n<meta property=\"og:locale\" content=\"lv_LV\" \/>\n<meta property=\"og:type\" content=\"article\" \/>\n<meta property=\"og:title\" content=\"P\u0101rnesum- un motor- potenciometrs GP40 - My industrial\" \/>\n<meta property=\"og:description\" content=\"K\u0101 komponentus \u0161iem potenciometriem m\u0113s izmantojam m\u016bsu daudzpagriezienu potenciometrus DMG23 un DMG24M un vienapgriezienu potenciometrus DP18 un DP113. Visi potenciometri ir apr\u012bkoti ar gala atdur\u0113m. Lai aizsarg\u0101tu transmisiju no p\u0101rslodzes, ir integr\u0113ts \u012bpa\u0161s sl\u012bdo\u0161s saj\u016bgs. K\u0101 papildu sast\u0101vda\u013cas m\u0113s pied\u0101v\u0101jam potenciometrus ar zobratu ar gala sl\u0113d\u017eiem (tikai viena apgrieziena potenciometrus) un atbilsto\u0161us sprostu izci\u013c\u0146u vai segmentu diskus. Ierobe\u017eojuma sl\u0113d\u017eus var integr\u0113t papildu l\u012bmen\u012b vai uzst\u0101d\u012bt aizmugur\u0113. P\u0101rnesuma (reduktor) potenciometrs ir apr\u012bkots ar iztur\u012bgu alum\u012bnija korpusu (opcija ner\u016bs\u0113jo\u0161\u0101 t\u0113rauda korpusu) un centr\u0101lo stiprin\u0101jumu M12x1. Turkl\u0101t to var apr\u012bkot ar sensora izejas sign\u0101lu (0\/4\u202620mA vai 0\u202610VDC). P\u0101rnesuma potenciometrs ir pievienots caur kabeli vai spai\u013cu bloku.\" \/>\n<meta property=\"og:url\" content=\"https:\/\/dev.myindustrial.eu\/lv\/shop\/potenciometri-un-sensori\/priekseja-panela-potenciometrs\/gp40\/\" \/>\n<meta property=\"og:site_name\" content=\"My industrial\" \/>\n<meta property=\"article:modified_time\" content=\"2023-10-11T03:00:30+00:00\" \/>\n<meta property=\"og:image\" content=\"https:\/\/dev.myindustrial.eu\/wp-content\/uploads\/2022\/06\/GP40.webp\" \/>\n\t<meta property=\"og:image:width\" content=\"500\" \/>\n\t<meta property=\"og:image:height\" content=\"500\" \/>\n\t<meta property=\"og:image:type\" content=\"image\/webp\" \/>\n<meta name=\"twitter:card\" content=\"summary_large_image\" \/>\n<script type=\"application\/ld+json\" class=\"yoast-schema-graph\">{\"@context\":\"https:\/\/schema.org\",\"@graph\":[{\"@type\":\"WebPage\",\"@id\":\"https:\/\/dev.myindustrial.eu\/lv\/shop\/potenciometri-un-sensori\/priekseja-panela-potenciometrs\/gp40\/\",\"url\":\"https:\/\/dev.myindustrial.eu\/lv\/shop\/potenciometri-un-sensori\/priekseja-panela-potenciometrs\/gp40\/\",\"name\":\"P\u0101rnesum- un motor- potenciometrs GP40 - My industrial\",\"isPartOf\":{\"@id\":\"https:\/\/dev.myindustrial.eu\/lv\/#website\"},\"primaryImageOfPage\":{\"@id\":\"https:\/\/dev.myindustrial.eu\/lv\/shop\/potenciometri-un-sensori\/priekseja-panela-potenciometrs\/gp40\/#primaryimage\"},\"image\":{\"@id\":\"https:\/\/dev.myindustrial.eu\/lv\/shop\/potenciometri-un-sensori\/priekseja-panela-potenciometrs\/gp40\/#primaryimage\"},\"thumbnailUrl\":\"https:\/\/dev.myindustrial.eu\/wp-content\/uploads\/2022\/06\/GP40.webp\",\"datePublished\":\"2022-01-14T01:57:43+00:00\",\"dateModified\":\"2023-10-11T03:00:30+00:00\",\"breadcrumb\":{\"@id\":\"https:\/\/dev.myindustrial.eu\/lv\/shop\/potenciometri-un-sensori\/priekseja-panela-potenciometrs\/gp40\/#breadcrumb\"},\"inLanguage\":\"lv-LV\",\"potentialAction\":[{\"@type\":\"ReadAction\",\"target\":[\"https:\/\/dev.myindustrial.eu\/lv\/shop\/potenciometri-un-sensori\/priekseja-panela-potenciometrs\/gp40\/\"]}]},{\"@type\":\"ImageObject\",\"inLanguage\":\"lv-LV\",\"@id\":\"https:\/\/dev.myindustrial.eu\/lv\/shop\/potenciometri-un-sensori\/priekseja-panela-potenciometrs\/gp40\/#primaryimage\",\"url\":\"https:\/\/dev.myindustrial.eu\/wp-content\/uploads\/2022\/06\/GP40.webp\",\"contentUrl\":\"https:\/\/dev.myindustrial.eu\/wp-content\/uploads\/2022\/06\/GP40.webp\",\"width\":500,\"height\":500},{\"@type\":\"BreadcrumbList\",\"@id\":\"https:\/\/dev.myindustrial.eu\/lv\/shop\/potenciometri-un-sensori\/priekseja-panela-potenciometrs\/gp40\/#breadcrumb\",\"itemListElement\":[{\"@type\":\"ListItem\",\"position\":1,\"name\":\"Home\",\"item\":\"https:\/\/dev.myindustrial.eu\/lv\/\"},{\"@type\":\"ListItem\",\"position\":2,\"name\":\"Products\",\"item\":\"https:\/\/dev.myindustrial.eu\/lv\/products\/\"},{\"@type\":\"ListItem\",\"position\":3,\"name\":\"P\u0101rnesum- un motor- potenciometrs GP40\"}]},{\"@type\":\"WebSite\",\"@id\":\"https:\/\/dev.myindustrial.eu\/lv\/#website\",\"url\":\"https:\/\/dev.myindustrial.eu\/lv\/\",\"name\":\"My industrial\",\"description\":\"\",\"potentialAction\":[{\"@type\":\"SearchAction\",\"target\":{\"@type\":\"EntryPoint\",\"urlTemplate\":\"https:\/\/dev.myindustrial.eu\/lv\/?s={search_term_string}\"},\"query-input\":{\"@type\":\"PropertyValueSpecification\",\"valueRequired\":true,\"valueName\":\"search_term_string\"}}],\"inLanguage\":\"lv-LV\"}]}<\/script>\n<!-- \/ Yoast SEO plugin. -->","yoast_head_json":{"title":"P\u0101rnesum- un motor- potenciometrs GP40 - My industrial","robots":{"index":"noindex","follow":"follow","max-snippet":"max-snippet:-1","max-image-preview":"max-image-preview:large","max-video-preview":"max-video-preview:-1"},"og_locale":"lv_LV","og_type":"article","og_title":"P\u0101rnesum- un motor- potenciometrs GP40 - My industrial","og_description":"K\u0101 komponentus \u0161iem potenciometriem m\u0113s izmantojam m\u016bsu daudzpagriezienu potenciometrus DMG23 un DMG24M un vienapgriezienu potenciometrus DP18 un DP113. Visi potenciometri ir apr\u012bkoti ar gala atdur\u0113m. Lai aizsarg\u0101tu transmisiju no p\u0101rslodzes, ir integr\u0113ts \u012bpa\u0161s sl\u012bdo\u0161s saj\u016bgs. K\u0101 papildu sast\u0101vda\u013cas m\u0113s pied\u0101v\u0101jam potenciometrus ar zobratu ar gala sl\u0113d\u017eiem (tikai viena apgrieziena potenciometrus) un atbilsto\u0161us sprostu izci\u013c\u0146u vai segmentu diskus. Ierobe\u017eojuma sl\u0113d\u017eus var integr\u0113t papildu l\u012bmen\u012b vai uzst\u0101d\u012bt aizmugur\u0113. P\u0101rnesuma (reduktor) potenciometrs ir apr\u012bkots ar iztur\u012bgu alum\u012bnija korpusu (opcija ner\u016bs\u0113jo\u0161\u0101 t\u0113rauda korpusu) un centr\u0101lo stiprin\u0101jumu M12x1. Turkl\u0101t to var apr\u012bkot ar sensora izejas sign\u0101lu (0\/4\u202620mA vai 0\u202610VDC). P\u0101rnesuma potenciometrs ir pievienots caur kabeli vai spai\u013cu bloku.","og_url":"https:\/\/dev.myindustrial.eu\/lv\/shop\/potenciometri-un-sensori\/priekseja-panela-potenciometrs\/gp40\/","og_site_name":"My industrial","article_modified_time":"2023-10-11T03:00:30+00:00","og_image":[{"width":500,"height":500,"url":"https:\/\/dev.myindustrial.eu\/wp-content\/uploads\/2022\/06\/GP40.webp","type":"image\/webp"}],"twitter_card":"summary_large_image","schema":{"@context":"https:\/\/schema.org","@graph":[{"@type":"WebPage","@id":"https:\/\/dev.myindustrial.eu\/lv\/shop\/potenciometri-un-sensori\/priekseja-panela-potenciometrs\/gp40\/","url":"https:\/\/dev.myindustrial.eu\/lv\/shop\/potenciometri-un-sensori\/priekseja-panela-potenciometrs\/gp40\/","name":"P\u0101rnesum- un motor- potenciometrs GP40 - My industrial","isPartOf":{"@id":"https:\/\/dev.myindustrial.eu\/lv\/#website"},"primaryImageOfPage":{"@id":"https:\/\/dev.myindustrial.eu\/lv\/shop\/potenciometri-un-sensori\/priekseja-panela-potenciometrs\/gp40\/#primaryimage"},"image":{"@id":"https:\/\/dev.myindustrial.eu\/lv\/shop\/potenciometri-un-sensori\/priekseja-panela-potenciometrs\/gp40\/#primaryimage"},"thumbnailUrl":"https:\/\/dev.myindustrial.eu\/wp-content\/uploads\/2022\/06\/GP40.webp","datePublished":"2022-01-14T01:57:43+00:00","dateModified":"2023-10-11T03:00:30+00:00","breadcrumb":{"@id":"https:\/\/dev.myindustrial.eu\/lv\/shop\/potenciometri-un-sensori\/priekseja-panela-potenciometrs\/gp40\/#breadcrumb"},"inLanguage":"lv-LV","potentialAction":[{"@type":"ReadAction","target":["https:\/\/dev.myindustrial.eu\/lv\/shop\/potenciometri-un-sensori\/priekseja-panela-potenciometrs\/gp40\/"]}]},{"@type":"ImageObject","inLanguage":"lv-LV","@id":"https:\/\/dev.myindustrial.eu\/lv\/shop\/potenciometri-un-sensori\/priekseja-panela-potenciometrs\/gp40\/#primaryimage","url":"https:\/\/dev.myindustrial.eu\/wp-content\/uploads\/2022\/06\/GP40.webp","contentUrl":"https:\/\/dev.myindustrial.eu\/wp-content\/uploads\/2022\/06\/GP40.webp","width":500,"height":500},{"@type":"BreadcrumbList","@id":"https:\/\/dev.myindustrial.eu\/lv\/shop\/potenciometri-un-sensori\/priekseja-panela-potenciometrs\/gp40\/#breadcrumb","itemListElement":[{"@type":"ListItem","position":1,"name":"Home","item":"https:\/\/dev.myindustrial.eu\/lv\/"},{"@type":"ListItem","position":2,"name":"Products","item":"https:\/\/dev.myindustrial.eu\/lv\/products\/"},{"@type":"ListItem","position":3,"name":"P\u0101rnesum- un motor- potenciometrs GP40"}]},{"@type":"WebSite","@id":"https:\/\/dev.myindustrial.eu\/lv\/#website","url":"https:\/\/dev.myindustrial.eu\/lv\/","name":"My industrial","description":"","potentialAction":[{"@type":"SearchAction","target":{"@type":"EntryPoint","urlTemplate":"https:\/\/dev.myindustrial.eu\/lv\/?s={search_term_string}"},"query-input":{"@type":"PropertyValueSpecification","valueRequired":true,"valueName":"search_term_string"}}],"inLanguage":"lv-LV"}]}},"_links":{"self":[{"href":"https:\/\/dev.myindustrial.eu\/lv\/wp-json\/wp\/v2\/product\/1260059086","targetHints":{"allow":["GET"]}}],"collection":[{"href":"https:\/\/dev.myindustrial.eu\/lv\/wp-json\/wp\/v2\/product"}],"about":[{"href":"https:\/\/dev.myindustrial.eu\/lv\/wp-json\/wp\/v2\/types\/product"}],"version-history":[{"count":1,"href":"https:\/\/dev.myindustrial.eu\/lv\/wp-json\/wp\/v2\/product\/1260059086\/revisions"}],"predecessor-version":[{"id":1260063409,"href":"https:\/\/dev.myindustrial.eu\/lv\/wp-json\/wp\/v2\/product\/1260059086\/revisions\/1260063409"}],"wp:featuredmedia":[{"embeddable":true,"href":"https:\/\/dev.myindustrial.eu\/lv\/wp-json\/wp\/v2\/media\/1260061356"}],"wp:attachment":[{"href":"https:\/\/dev.myindustrial.eu\/lv\/wp-json\/wp\/v2\/media?parent=1260059086"}],"wp:term":[{"taxonomy":"product_brand","embeddable":true,"href":"https:\/\/dev.myindustrial.eu\/lv\/wp-json\/wp\/v2\/product_brand?post=1260059086"},{"taxonomy":"product_cat","embeddable":true,"href":"https:\/\/dev.myindustrial.eu\/lv\/wp-json\/wp\/v2\/product_cat?post=1260059086"},{"taxonomy":"product_tag","embeddable":true,"href":"https:\/\/dev.myindustrial.eu\/lv\/wp-json\/wp\/v2\/product_tag?post=1260059086"}],"curies":[{"name":"wp","href":"https:\/\/api.w.org\/{rel}","templated":true}]}}