{"id":1260059087,"date":"2022-01-14T01:36:56","date_gmt":"2022-01-14T01:57:43","guid":{"rendered":"https:\/\/dev.myindustrial.eu\/shop-2\/uncategorized\/mp40\/"},"modified":"2023-06-16T20:11:19","modified_gmt":"2023-06-16T20:11:19","slug":"mp40","status":"publish","type":"product","link":"https:\/\/dev.myindustrial.eu\/lv\/shop\/potenciometri-un-sensori\/priekseja-panela-potenciometrs\/mp40\/","title":{"rendered":"P\u0101rnesum- un motor- potenciometrs MP40"},"content":{"rendered":"<p><iframe width=\"560\" height=\"315\" src=\"https:\/\/youtube.com\/embed\/Yp4G_XNLtc4\" frameborder=\"0\" allow=\"accelerometer; autoplay; clipboard-write; encrypted-media; gyroscope; picture-in-picture; web-share\" allowfullscreen><\/iframe><iframe width=\"560\" height=\"315\" src=\"https:\/\/youtube.com\/embed\/8Ssa5Iiy-WA\" frameborder=\"0\" allow=\"accelerometer; autoplay; clipboard-write; encrypted-media; gyroscope; picture-in-picture; web-share\" allowfullscreen><\/iframe><\/p>\n","protected":false},"excerpt":{"rendered":"<p>M\u0113s izmantojam paz\u012bstamu z\u012bmolu ra\u017eot\u0101ju l\u012bdzstr\u0101vas motorus. J\u016bs varat izv\u0113l\u0113ties starp darba spriegumiem 6, 12 un 24 VDC. K\u0101 komponentus \u0161iem potenciometriem m\u0113s izmantojam m\u016bsu daudzpagriezienu potenciometrus DMG23 un DMG24M un vienapgriezienu potenciometrus DP18 un DP113. Visi potenciometri ir apr\u012bkoti ar gala atdur\u0113m. Lai aizsarg\u0101tu dzin\u0113ju un transmisiju no p\u0101rslodzes, ir integr\u0113ts \u012bpa\u0161s sl\u012bdo\u0161s saj\u016bgs. K\u0101 papildu komponentus pied\u0101v\u0101jam motora potenciometra komplekt\u0101ciju ar gala sl\u0113d\u017eiem un atbilsto\u0161iem izci\u013c\u0146u vai segmentu diskiem (tikai vienapgrieziena potenciometrs). Motoriz\u0113tajam potenciometram ir iztur\u012bgs alum\u012bnija korpuss (p\u0113c izv\u0113les pieejams ar ner\u016bs\u0113jo\u0161\u0101 t\u0113rauda korpusu) un centr\u0101lais stiprin\u0101jums (atkar\u012bb\u0101 no potenciometra veida). Turkl\u0101t to var apr\u012bkot ar sensora izejas sign\u0101lu (0\/4\u202620mA vai 0\u202610VDC). Motora potenciometrs ir pievienots caur kabeli vai spai\u013cu bloku.<\/p>\n","protected":false},"featured_media":1260061351,"template":"","meta":[],"product_brand":[],"product_cat":[1287,1519],"product_tag":[],"class_list":{"0":"post-1260059087","1":"product","2":"type-product","3":"status-publish","4":"has-post-thumbnail","6":"product_cat-priekseja-panela-potenciometrs","7":"product_cat-motor-potenciometrs","9":"first","10":"instock","11":"product-type-simple"},"yoast_head":"<!-- This site is optimized with the Yoast SEO plugin v27.1.1 - https:\/\/yoast.com\/product\/yoast-seo-wordpress\/ -->\n<title>P\u0101rnesum- un motor- potenciometrs MP40 - My industrial<\/title>\n<meta name=\"robots\" content=\"noindex, follow, max-snippet:-1, max-image-preview:large, max-video-preview:-1\" \/>\n<meta property=\"og:locale\" content=\"lv_LV\" \/>\n<meta property=\"og:type\" content=\"article\" \/>\n<meta property=\"og:title\" content=\"P\u0101rnesum- un motor- potenciometrs MP40 - My industrial\" \/>\n<meta property=\"og:description\" content=\"M\u0113s izmantojam paz\u012bstamu z\u012bmolu ra\u017eot\u0101ju l\u012bdzstr\u0101vas motorus. J\u016bs varat izv\u0113l\u0113ties starp darba spriegumiem 6, 12 un 24 VDC. K\u0101 komponentus \u0161iem potenciometriem m\u0113s izmantojam m\u016bsu daudzpagriezienu potenciometrus DMG23 un DMG24M un vienapgriezienu potenciometrus DP18 un DP113. Visi potenciometri ir apr\u012bkoti ar gala atdur\u0113m. Lai aizsarg\u0101tu dzin\u0113ju un transmisiju no p\u0101rslodzes, ir integr\u0113ts \u012bpa\u0161s sl\u012bdo\u0161s saj\u016bgs. K\u0101 papildu komponentus pied\u0101v\u0101jam motora potenciometra komplekt\u0101ciju ar gala sl\u0113d\u017eiem un atbilsto\u0161iem izci\u013c\u0146u vai segmentu diskiem (tikai vienapgrieziena potenciometrs). Motoriz\u0113tajam potenciometram ir iztur\u012bgs alum\u012bnija korpuss (p\u0113c izv\u0113les pieejams ar ner\u016bs\u0113jo\u0161\u0101 t\u0113rauda korpusu) un centr\u0101lais stiprin\u0101jums (atkar\u012bb\u0101 no potenciometra veida). Turkl\u0101t to var apr\u012bkot ar sensora izejas sign\u0101lu (0\/4\u202620mA vai 0\u202610VDC). Motora potenciometrs ir pievienots caur kabeli vai spai\u013cu bloku.\" \/>\n<meta property=\"og:url\" content=\"https:\/\/dev.myindustrial.eu\/lv\/shop\/potenciometri-un-sensori\/priekseja-panela-potenciometrs\/mp40\/\" \/>\n<meta property=\"og:site_name\" content=\"My industrial\" \/>\n<meta property=\"article:modified_time\" content=\"2023-06-16T20:11:19+00:00\" \/>\n<meta property=\"og:image\" content=\"https:\/\/dev.myindustrial.eu\/wp-content\/uploads\/2022\/06\/MP40.webp\" \/>\n\t<meta property=\"og:image:width\" content=\"500\" \/>\n\t<meta property=\"og:image:height\" content=\"500\" \/>\n\t<meta property=\"og:image:type\" content=\"image\/webp\" \/>\n<meta name=\"twitter:card\" content=\"summary_large_image\" \/>\n<script type=\"application\/ld+json\" class=\"yoast-schema-graph\">{\"@context\":\"https:\/\/schema.org\",\"@graph\":[{\"@type\":\"WebPage\",\"@id\":\"https:\/\/dev.myindustrial.eu\/lv\/shop\/potenciometri-un-sensori\/priekseja-panela-potenciometrs\/mp40\/\",\"url\":\"https:\/\/dev.myindustrial.eu\/lv\/shop\/potenciometri-un-sensori\/priekseja-panela-potenciometrs\/mp40\/\",\"name\":\"P\u0101rnesum- un motor- potenciometrs MP40 - My industrial\",\"isPartOf\":{\"@id\":\"https:\/\/dev.myindustrial.eu\/lv\/#website\"},\"primaryImageOfPage\":{\"@id\":\"https:\/\/dev.myindustrial.eu\/lv\/shop\/potenciometri-un-sensori\/priekseja-panela-potenciometrs\/mp40\/#primaryimage\"},\"image\":{\"@id\":\"https:\/\/dev.myindustrial.eu\/lv\/shop\/potenciometri-un-sensori\/priekseja-panela-potenciometrs\/mp40\/#primaryimage\"},\"thumbnailUrl\":\"https:\/\/dev.myindustrial.eu\/wp-content\/uploads\/2022\/06\/MP40.webp\",\"datePublished\":\"2022-01-14T01:57:43+00:00\",\"dateModified\":\"2023-06-16T20:11:19+00:00\",\"breadcrumb\":{\"@id\":\"https:\/\/dev.myindustrial.eu\/lv\/shop\/potenciometri-un-sensori\/priekseja-panela-potenciometrs\/mp40\/#breadcrumb\"},\"inLanguage\":\"lv-LV\",\"potentialAction\":[{\"@type\":\"ReadAction\",\"target\":[\"https:\/\/dev.myindustrial.eu\/lv\/shop\/potenciometri-un-sensori\/priekseja-panela-potenciometrs\/mp40\/\"]}]},{\"@type\":\"ImageObject\",\"inLanguage\":\"lv-LV\",\"@id\":\"https:\/\/dev.myindustrial.eu\/lv\/shop\/potenciometri-un-sensori\/priekseja-panela-potenciometrs\/mp40\/#primaryimage\",\"url\":\"https:\/\/dev.myindustrial.eu\/wp-content\/uploads\/2022\/06\/MP40.webp\",\"contentUrl\":\"https:\/\/dev.myindustrial.eu\/wp-content\/uploads\/2022\/06\/MP40.webp\",\"width\":500,\"height\":500},{\"@type\":\"BreadcrumbList\",\"@id\":\"https:\/\/dev.myindustrial.eu\/lv\/shop\/potenciometri-un-sensori\/priekseja-panela-potenciometrs\/mp40\/#breadcrumb\",\"itemListElement\":[{\"@type\":\"ListItem\",\"position\":1,\"name\":\"Home\",\"item\":\"https:\/\/dev.myindustrial.eu\/lv\/\"},{\"@type\":\"ListItem\",\"position\":2,\"name\":\"Products\",\"item\":\"https:\/\/dev.myindustrial.eu\/lv\/products\/\"},{\"@type\":\"ListItem\",\"position\":3,\"name\":\"P\u0101rnesum- un motor- potenciometrs MP40\"}]},{\"@type\":\"WebSite\",\"@id\":\"https:\/\/dev.myindustrial.eu\/lv\/#website\",\"url\":\"https:\/\/dev.myindustrial.eu\/lv\/\",\"name\":\"My industrial\",\"description\":\"\",\"potentialAction\":[{\"@type\":\"SearchAction\",\"target\":{\"@type\":\"EntryPoint\",\"urlTemplate\":\"https:\/\/dev.myindustrial.eu\/lv\/?s={search_term_string}\"},\"query-input\":{\"@type\":\"PropertyValueSpecification\",\"valueRequired\":true,\"valueName\":\"search_term_string\"}}],\"inLanguage\":\"lv-LV\"}]}<\/script>\n<!-- \/ Yoast SEO plugin. -->","yoast_head_json":{"title":"P\u0101rnesum- un motor- potenciometrs MP40 - My industrial","robots":{"index":"noindex","follow":"follow","max-snippet":"max-snippet:-1","max-image-preview":"max-image-preview:large","max-video-preview":"max-video-preview:-1"},"og_locale":"lv_LV","og_type":"article","og_title":"P\u0101rnesum- un motor- potenciometrs MP40 - My industrial","og_description":"M\u0113s izmantojam paz\u012bstamu z\u012bmolu ra\u017eot\u0101ju l\u012bdzstr\u0101vas motorus. J\u016bs varat izv\u0113l\u0113ties starp darba spriegumiem 6, 12 un 24 VDC. K\u0101 komponentus \u0161iem potenciometriem m\u0113s izmantojam m\u016bsu daudzpagriezienu potenciometrus DMG23 un DMG24M un vienapgriezienu potenciometrus DP18 un DP113. Visi potenciometri ir apr\u012bkoti ar gala atdur\u0113m. Lai aizsarg\u0101tu dzin\u0113ju un transmisiju no p\u0101rslodzes, ir integr\u0113ts \u012bpa\u0161s sl\u012bdo\u0161s saj\u016bgs. K\u0101 papildu komponentus pied\u0101v\u0101jam motora potenciometra komplekt\u0101ciju ar gala sl\u0113d\u017eiem un atbilsto\u0161iem izci\u013c\u0146u vai segmentu diskiem (tikai vienapgrieziena potenciometrs). Motoriz\u0113tajam potenciometram ir iztur\u012bgs alum\u012bnija korpuss (p\u0113c izv\u0113les pieejams ar ner\u016bs\u0113jo\u0161\u0101 t\u0113rauda korpusu) un centr\u0101lais stiprin\u0101jums (atkar\u012bb\u0101 no potenciometra veida). Turkl\u0101t to var apr\u012bkot ar sensora izejas sign\u0101lu (0\/4\u202620mA vai 0\u202610VDC). Motora potenciometrs ir pievienots caur kabeli vai spai\u013cu bloku.","og_url":"https:\/\/dev.myindustrial.eu\/lv\/shop\/potenciometri-un-sensori\/priekseja-panela-potenciometrs\/mp40\/","og_site_name":"My industrial","article_modified_time":"2023-06-16T20:11:19+00:00","og_image":[{"width":500,"height":500,"url":"https:\/\/dev.myindustrial.eu\/wp-content\/uploads\/2022\/06\/MP40.webp","type":"image\/webp"}],"twitter_card":"summary_large_image","schema":{"@context":"https:\/\/schema.org","@graph":[{"@type":"WebPage","@id":"https:\/\/dev.myindustrial.eu\/lv\/shop\/potenciometri-un-sensori\/priekseja-panela-potenciometrs\/mp40\/","url":"https:\/\/dev.myindustrial.eu\/lv\/shop\/potenciometri-un-sensori\/priekseja-panela-potenciometrs\/mp40\/","name":"P\u0101rnesum- un motor- potenciometrs MP40 - My industrial","isPartOf":{"@id":"https:\/\/dev.myindustrial.eu\/lv\/#website"},"primaryImageOfPage":{"@id":"https:\/\/dev.myindustrial.eu\/lv\/shop\/potenciometri-un-sensori\/priekseja-panela-potenciometrs\/mp40\/#primaryimage"},"image":{"@id":"https:\/\/dev.myindustrial.eu\/lv\/shop\/potenciometri-un-sensori\/priekseja-panela-potenciometrs\/mp40\/#primaryimage"},"thumbnailUrl":"https:\/\/dev.myindustrial.eu\/wp-content\/uploads\/2022\/06\/MP40.webp","datePublished":"2022-01-14T01:57:43+00:00","dateModified":"2023-06-16T20:11:19+00:00","breadcrumb":{"@id":"https:\/\/dev.myindustrial.eu\/lv\/shop\/potenciometri-un-sensori\/priekseja-panela-potenciometrs\/mp40\/#breadcrumb"},"inLanguage":"lv-LV","potentialAction":[{"@type":"ReadAction","target":["https:\/\/dev.myindustrial.eu\/lv\/shop\/potenciometri-un-sensori\/priekseja-panela-potenciometrs\/mp40\/"]}]},{"@type":"ImageObject","inLanguage":"lv-LV","@id":"https:\/\/dev.myindustrial.eu\/lv\/shop\/potenciometri-un-sensori\/priekseja-panela-potenciometrs\/mp40\/#primaryimage","url":"https:\/\/dev.myindustrial.eu\/wp-content\/uploads\/2022\/06\/MP40.webp","contentUrl":"https:\/\/dev.myindustrial.eu\/wp-content\/uploads\/2022\/06\/MP40.webp","width":500,"height":500},{"@type":"BreadcrumbList","@id":"https:\/\/dev.myindustrial.eu\/lv\/shop\/potenciometri-un-sensori\/priekseja-panela-potenciometrs\/mp40\/#breadcrumb","itemListElement":[{"@type":"ListItem","position":1,"name":"Home","item":"https:\/\/dev.myindustrial.eu\/lv\/"},{"@type":"ListItem","position":2,"name":"Products","item":"https:\/\/dev.myindustrial.eu\/lv\/products\/"},{"@type":"ListItem","position":3,"name":"P\u0101rnesum- un motor- potenciometrs MP40"}]},{"@type":"WebSite","@id":"https:\/\/dev.myindustrial.eu\/lv\/#website","url":"https:\/\/dev.myindustrial.eu\/lv\/","name":"My industrial","description":"","potentialAction":[{"@type":"SearchAction","target":{"@type":"EntryPoint","urlTemplate":"https:\/\/dev.myindustrial.eu\/lv\/?s={search_term_string}"},"query-input":{"@type":"PropertyValueSpecification","valueRequired":true,"valueName":"search_term_string"}}],"inLanguage":"lv-LV"}]}},"_links":{"self":[{"href":"https:\/\/dev.myindustrial.eu\/lv\/wp-json\/wp\/v2\/product\/1260059087","targetHints":{"allow":["GET"]}}],"collection":[{"href":"https:\/\/dev.myindustrial.eu\/lv\/wp-json\/wp\/v2\/product"}],"about":[{"href":"https:\/\/dev.myindustrial.eu\/lv\/wp-json\/wp\/v2\/types\/product"}],"version-history":[{"count":0,"href":"https:\/\/dev.myindustrial.eu\/lv\/wp-json\/wp\/v2\/product\/1260059087\/revisions"}],"wp:featuredmedia":[{"embeddable":true,"href":"https:\/\/dev.myindustrial.eu\/lv\/wp-json\/wp\/v2\/media\/1260061351"}],"wp:attachment":[{"href":"https:\/\/dev.myindustrial.eu\/lv\/wp-json\/wp\/v2\/media?parent=1260059087"}],"wp:term":[{"taxonomy":"product_brand","embeddable":true,"href":"https:\/\/dev.myindustrial.eu\/lv\/wp-json\/wp\/v2\/product_brand?post=1260059087"},{"taxonomy":"product_cat","embeddable":true,"href":"https:\/\/dev.myindustrial.eu\/lv\/wp-json\/wp\/v2\/product_cat?post=1260059087"},{"taxonomy":"product_tag","embeddable":true,"href":"https:\/\/dev.myindustrial.eu\/lv\/wp-json\/wp\/v2\/product_tag?post=1260059087"}],"curies":[{"name":"wp","href":"https:\/\/api.w.org\/{rel}","templated":true}]}}