{"id":1260059089,"date":"2022-01-14T01:57:43","date_gmt":"2022-01-14T01:57:43","guid":{"rendered":"https:\/\/dev.myindustrial.eu\/shop-2\/uncategorized\/tips-usb-5-iii\/"},"modified":"2023-06-16T20:11:11","modified_gmt":"2023-06-16T20:11:11","slug":"tips-usb-5-iii","status":"publish","type":"product","link":"https:\/\/dev.myindustrial.eu\/lv\/shop\/darba-bremzes\/tips-usb-5-iii\/","title":{"rendered":"Tips USB 5 III"},"content":{"rendered":"<p><iframe width=\"560\" height=\"315\" src=\"https:\/\/youtube.com\/embed\/vk8AGkE3hSY\" frameborder=\"0\" allow=\"accelerometer; autoplay; clipboard-write; encrypted-media; gyroscope; picture-in-picture; web-share\" allowfullscreen><\/iframe><iframe width=\"560\" height=\"315\" src=\"https:\/\/youtube.com\/embed\/qCgrDnsHGlc\" frameborder=\"0\" allow=\"accelerometer; autoplay; clipboard-write; encrypted-media; gyroscope; picture-in-picture; web-share\" allowfullscreen><\/iframe><\/p>\n","protected":false},"excerpt":{"rendered":"<p><strong>DISKU BREMZES \u2013 USB tips<\/strong><br \/>\nUSB s\u0113rijas disku bremzes ir piln\u012bb\u0101 p\u0101rveidotas un, kad t\u0101s darbojas, veido atsperes sp\u0113ka un le\u0146\u0137isk\u0101s sviras bremzes svara kombin\u0101ciju.<\/p>\n<p><span style=\"font-weight: 400;\">\u0160\u012b brem\u017eu s\u0113rija ir izstr\u0101d\u0101ta, \u0146emot v\u0113r\u0101 celt\u0146u, materi\u0101lu p\u0101rvieto\u0161anas iek\u0101rtu, materi\u0101lu p\u0101rvieto\u0161anas iek\u0101rtu darb\u012bbas \u012bpa\u0161\u0101s pras\u012bbas un ir SIBRE galven\u0101 biroja tehnisk\u0101s noda\u013cas nep\u0101rtraukta izp\u0113tes un izstr\u0101des darba konsekvents rezult\u0101ts.<\/span><\/p>\n<p><span style=\"font-weight: 400;\">Apvienojum\u0101 ar uzlabotu brem\u017eu klu\u010du nodiluma kompensatoru jaun\u0101s USB s\u0113rijas servisa disku bremzes nodro\u0161ina praktiski bezapkopes brem\u017eu risin\u0101jumu. Jaun\u0101 brem\u017eu sist\u0113ma ir izstr\u0101d\u0101ta 2 izm\u0113ros un t\u0101d\u0113j\u0101di sniedz risin\u0101jumus visda\u017e\u0101d\u0101kajiem bremz\u0113\u0161anas uzdevumiem.<\/span><\/p>\n","protected":false},"featured_media":1260062068,"template":"","meta":[],"product_brand":[],"product_cat":[1418],"product_tag":[],"class_list":{"0":"post-1260059089","1":"product","2":"type-product","3":"status-publish","4":"has-post-thumbnail","6":"product_cat-darba-bremzes","8":"first","9":"instock","10":"product-type-simple"},"yoast_head":"<!-- This site is optimized with the Yoast SEO plugin v27.1.1 - https:\/\/yoast.com\/product\/yoast-seo-wordpress\/ -->\n<title>Tips USB 5 III - My industrial<\/title>\n<meta name=\"robots\" content=\"noindex, follow, max-snippet:-1, max-image-preview:large, max-video-preview:-1\" \/>\n<meta property=\"og:locale\" content=\"lv_LV\" \/>\n<meta property=\"og:type\" content=\"article\" \/>\n<meta property=\"og:title\" content=\"Tips USB 5 III - My industrial\" \/>\n<meta property=\"og:description\" content=\"DISKU BREMZES \u2013 USB tips USB s\u0113rijas disku bremzes ir piln\u012bb\u0101 p\u0101rveidotas un, kad t\u0101s darbojas, veido atsperes sp\u0113ka un le\u0146\u0137isk\u0101s sviras bremzes svara kombin\u0101ciju.  \u0160\u012b brem\u017eu s\u0113rija ir izstr\u0101d\u0101ta, \u0146emot v\u0113r\u0101 celt\u0146u, materi\u0101lu p\u0101rvieto\u0161anas iek\u0101rtu, materi\u0101lu p\u0101rvieto\u0161anas iek\u0101rtu darb\u012bbas \u012bpa\u0161\u0101s pras\u012bbas un ir SIBRE galven\u0101 biroja tehnisk\u0101s noda\u013cas nep\u0101rtraukta izp\u0113tes un izstr\u0101des darba konsekvents rezult\u0101ts.  Apvienojum\u0101 ar uzlabotu brem\u017eu klu\u010du nodiluma kompensatoru jaun\u0101s USB s\u0113rijas servisa disku bremzes nodro\u0161ina praktiski bezapkopes brem\u017eu risin\u0101jumu. Jaun\u0101 brem\u017eu sist\u0113ma ir izstr\u0101d\u0101ta 2 izm\u0113ros un t\u0101d\u0113j\u0101di sniedz risin\u0101jumus visda\u017e\u0101d\u0101kajiem bremz\u0113\u0161anas uzdevumiem.\" \/>\n<meta property=\"og:url\" content=\"https:\/\/dev.myindustrial.eu\/lv\/shop\/darba-bremzes\/tips-usb-5-iii\/\" \/>\n<meta property=\"og:site_name\" content=\"My industrial\" \/>\n<meta property=\"article:modified_time\" content=\"2023-06-16T20:11:11+00:00\" \/>\n<meta property=\"og:image\" content=\"https:\/\/dev.myindustrial.eu\/wp-content\/uploads\/2022\/01\/sibre-betriebsbremsen-usb5-iii_-2-500x500.jpg\" \/>\n\t<meta property=\"og:image:width\" content=\"500\" \/>\n\t<meta property=\"og:image:height\" content=\"500\" \/>\n\t<meta property=\"og:image:type\" content=\"image\/jpeg\" \/>\n<meta name=\"twitter:card\" content=\"summary_large_image\" \/>\n<script type=\"application\/ld+json\" class=\"yoast-schema-graph\">{\"@context\":\"https:\/\/schema.org\",\"@graph\":[{\"@type\":\"WebPage\",\"@id\":\"https:\/\/dev.myindustrial.eu\/lv\/shop\/darba-bremzes\/tips-usb-5-iii\/\",\"url\":\"https:\/\/dev.myindustrial.eu\/lv\/shop\/darba-bremzes\/tips-usb-5-iii\/\",\"name\":\"Tips USB 5 III - My industrial\",\"isPartOf\":{\"@id\":\"https:\/\/dev.myindustrial.eu\/lv\/#website\"},\"primaryImageOfPage\":{\"@id\":\"https:\/\/dev.myindustrial.eu\/lv\/shop\/darba-bremzes\/tips-usb-5-iii\/#primaryimage\"},\"image\":{\"@id\":\"https:\/\/dev.myindustrial.eu\/lv\/shop\/darba-bremzes\/tips-usb-5-iii\/#primaryimage\"},\"thumbnailUrl\":\"https:\/\/dev.myindustrial.eu\/wp-content\/uploads\/2022\/01\/sibre-betriebsbremsen-usb5-iii_-2-500x500.jpg\",\"datePublished\":\"2022-01-14T01:57:43+00:00\",\"dateModified\":\"2023-06-16T20:11:11+00:00\",\"breadcrumb\":{\"@id\":\"https:\/\/dev.myindustrial.eu\/lv\/shop\/darba-bremzes\/tips-usb-5-iii\/#breadcrumb\"},\"inLanguage\":\"lv-LV\",\"potentialAction\":[{\"@type\":\"ReadAction\",\"target\":[\"https:\/\/dev.myindustrial.eu\/lv\/shop\/darba-bremzes\/tips-usb-5-iii\/\"]}]},{\"@type\":\"ImageObject\",\"inLanguage\":\"lv-LV\",\"@id\":\"https:\/\/dev.myindustrial.eu\/lv\/shop\/darba-bremzes\/tips-usb-5-iii\/#primaryimage\",\"url\":\"https:\/\/dev.myindustrial.eu\/wp-content\/uploads\/2022\/01\/sibre-betriebsbremsen-usb5-iii_-2-500x500.jpg\",\"contentUrl\":\"https:\/\/dev.myindustrial.eu\/wp-content\/uploads\/2022\/01\/sibre-betriebsbremsen-usb5-iii_-2-500x500.jpg\",\"width\":500,\"height\":500},{\"@type\":\"BreadcrumbList\",\"@id\":\"https:\/\/dev.myindustrial.eu\/lv\/shop\/darba-bremzes\/tips-usb-5-iii\/#breadcrumb\",\"itemListElement\":[{\"@type\":\"ListItem\",\"position\":1,\"name\":\"Home\",\"item\":\"https:\/\/dev.myindustrial.eu\/lv\/\"},{\"@type\":\"ListItem\",\"position\":2,\"name\":\"Products\",\"item\":\"https:\/\/dev.myindustrial.eu\/lv\/products\/\"},{\"@type\":\"ListItem\",\"position\":3,\"name\":\"Tips USB 5 III\"}]},{\"@type\":\"WebSite\",\"@id\":\"https:\/\/dev.myindustrial.eu\/lv\/#website\",\"url\":\"https:\/\/dev.myindustrial.eu\/lv\/\",\"name\":\"My industrial\",\"description\":\"\",\"potentialAction\":[{\"@type\":\"SearchAction\",\"target\":{\"@type\":\"EntryPoint\",\"urlTemplate\":\"https:\/\/dev.myindustrial.eu\/lv\/?s={search_term_string}\"},\"query-input\":{\"@type\":\"PropertyValueSpecification\",\"valueRequired\":true,\"valueName\":\"search_term_string\"}}],\"inLanguage\":\"lv-LV\"}]}<\/script>\n<!-- \/ Yoast SEO plugin. -->","yoast_head_json":{"title":"Tips USB 5 III - My industrial","robots":{"index":"noindex","follow":"follow","max-snippet":"max-snippet:-1","max-image-preview":"max-image-preview:large","max-video-preview":"max-video-preview:-1"},"og_locale":"lv_LV","og_type":"article","og_title":"Tips USB 5 III - My industrial","og_description":"DISKU BREMZES \u2013 USB tips USB s\u0113rijas disku bremzes ir piln\u012bb\u0101 p\u0101rveidotas un, kad t\u0101s darbojas, veido atsperes sp\u0113ka un le\u0146\u0137isk\u0101s sviras bremzes svara kombin\u0101ciju.  \u0160\u012b brem\u017eu s\u0113rija ir izstr\u0101d\u0101ta, \u0146emot v\u0113r\u0101 celt\u0146u, materi\u0101lu p\u0101rvieto\u0161anas iek\u0101rtu, materi\u0101lu p\u0101rvieto\u0161anas iek\u0101rtu darb\u012bbas \u012bpa\u0161\u0101s pras\u012bbas un ir SIBRE galven\u0101 biroja tehnisk\u0101s noda\u013cas nep\u0101rtraukta izp\u0113tes un izstr\u0101des darba konsekvents rezult\u0101ts.  Apvienojum\u0101 ar uzlabotu brem\u017eu klu\u010du nodiluma kompensatoru jaun\u0101s USB s\u0113rijas servisa disku bremzes nodro\u0161ina praktiski bezapkopes brem\u017eu risin\u0101jumu. Jaun\u0101 brem\u017eu sist\u0113ma ir izstr\u0101d\u0101ta 2 izm\u0113ros un t\u0101d\u0113j\u0101di sniedz risin\u0101jumus visda\u017e\u0101d\u0101kajiem bremz\u0113\u0161anas uzdevumiem.","og_url":"https:\/\/dev.myindustrial.eu\/lv\/shop\/darba-bremzes\/tips-usb-5-iii\/","og_site_name":"My industrial","article_modified_time":"2023-06-16T20:11:11+00:00","og_image":[{"width":500,"height":500,"url":"https:\/\/dev.myindustrial.eu\/wp-content\/uploads\/2022\/01\/sibre-betriebsbremsen-usb5-iii_-2-500x500.jpg","type":"image\/jpeg"}],"twitter_card":"summary_large_image","schema":{"@context":"https:\/\/schema.org","@graph":[{"@type":"WebPage","@id":"https:\/\/dev.myindustrial.eu\/lv\/shop\/darba-bremzes\/tips-usb-5-iii\/","url":"https:\/\/dev.myindustrial.eu\/lv\/shop\/darba-bremzes\/tips-usb-5-iii\/","name":"Tips USB 5 III - My industrial","isPartOf":{"@id":"https:\/\/dev.myindustrial.eu\/lv\/#website"},"primaryImageOfPage":{"@id":"https:\/\/dev.myindustrial.eu\/lv\/shop\/darba-bremzes\/tips-usb-5-iii\/#primaryimage"},"image":{"@id":"https:\/\/dev.myindustrial.eu\/lv\/shop\/darba-bremzes\/tips-usb-5-iii\/#primaryimage"},"thumbnailUrl":"https:\/\/dev.myindustrial.eu\/wp-content\/uploads\/2022\/01\/sibre-betriebsbremsen-usb5-iii_-2-500x500.jpg","datePublished":"2022-01-14T01:57:43+00:00","dateModified":"2023-06-16T20:11:11+00:00","breadcrumb":{"@id":"https:\/\/dev.myindustrial.eu\/lv\/shop\/darba-bremzes\/tips-usb-5-iii\/#breadcrumb"},"inLanguage":"lv-LV","potentialAction":[{"@type":"ReadAction","target":["https:\/\/dev.myindustrial.eu\/lv\/shop\/darba-bremzes\/tips-usb-5-iii\/"]}]},{"@type":"ImageObject","inLanguage":"lv-LV","@id":"https:\/\/dev.myindustrial.eu\/lv\/shop\/darba-bremzes\/tips-usb-5-iii\/#primaryimage","url":"https:\/\/dev.myindustrial.eu\/wp-content\/uploads\/2022\/01\/sibre-betriebsbremsen-usb5-iii_-2-500x500.jpg","contentUrl":"https:\/\/dev.myindustrial.eu\/wp-content\/uploads\/2022\/01\/sibre-betriebsbremsen-usb5-iii_-2-500x500.jpg","width":500,"height":500},{"@type":"BreadcrumbList","@id":"https:\/\/dev.myindustrial.eu\/lv\/shop\/darba-bremzes\/tips-usb-5-iii\/#breadcrumb","itemListElement":[{"@type":"ListItem","position":1,"name":"Home","item":"https:\/\/dev.myindustrial.eu\/lv\/"},{"@type":"ListItem","position":2,"name":"Products","item":"https:\/\/dev.myindustrial.eu\/lv\/products\/"},{"@type":"ListItem","position":3,"name":"Tips USB 5 III"}]},{"@type":"WebSite","@id":"https:\/\/dev.myindustrial.eu\/lv\/#website","url":"https:\/\/dev.myindustrial.eu\/lv\/","name":"My industrial","description":"","potentialAction":[{"@type":"SearchAction","target":{"@type":"EntryPoint","urlTemplate":"https:\/\/dev.myindustrial.eu\/lv\/?s={search_term_string}"},"query-input":{"@type":"PropertyValueSpecification","valueRequired":true,"valueName":"search_term_string"}}],"inLanguage":"lv-LV"}]}},"_links":{"self":[{"href":"https:\/\/dev.myindustrial.eu\/lv\/wp-json\/wp\/v2\/product\/1260059089","targetHints":{"allow":["GET"]}}],"collection":[{"href":"https:\/\/dev.myindustrial.eu\/lv\/wp-json\/wp\/v2\/product"}],"about":[{"href":"https:\/\/dev.myindustrial.eu\/lv\/wp-json\/wp\/v2\/types\/product"}],"version-history":[{"count":1,"href":"https:\/\/dev.myindustrial.eu\/lv\/wp-json\/wp\/v2\/product\/1260059089\/revisions"}],"predecessor-version":[{"id":1260060218,"href":"https:\/\/dev.myindustrial.eu\/lv\/wp-json\/wp\/v2\/product\/1260059089\/revisions\/1260060218"}],"wp:featuredmedia":[{"embeddable":true,"href":"https:\/\/dev.myindustrial.eu\/lv\/wp-json\/wp\/v2\/media\/1260062068"}],"wp:attachment":[{"href":"https:\/\/dev.myindustrial.eu\/lv\/wp-json\/wp\/v2\/media?parent=1260059089"}],"wp:term":[{"taxonomy":"product_brand","embeddable":true,"href":"https:\/\/dev.myindustrial.eu\/lv\/wp-json\/wp\/v2\/product_brand?post=1260059089"},{"taxonomy":"product_cat","embeddable":true,"href":"https:\/\/dev.myindustrial.eu\/lv\/wp-json\/wp\/v2\/product_cat?post=1260059089"},{"taxonomy":"product_tag","embeddable":true,"href":"https:\/\/dev.myindustrial.eu\/lv\/wp-json\/wp\/v2\/product_tag?post=1260059089"}],"curies":[{"name":"wp","href":"https:\/\/api.w.org\/{rel}","templated":true}]}}