{"id":1260059097,"date":"2022-01-14T01:36:56","date_gmt":"2022-01-14T01:57:43","guid":{"rendered":"https:\/\/dev.myindustrial.eu\/shop-2\/uncategorized\/tips-texu-800-1000\/"},"modified":"2023-10-11T05:15:30","modified_gmt":"2023-10-11T05:15:30","slug":"tips-texu-800-1000","status":"publish","type":"product","link":"https:\/\/dev.myindustrial.eu\/lv\/shop\/darba-bremzes\/tips-texu-800-1000\/","title":{"rendered":"Tips TEXU 800-1000"},"content":{"rendered":"<p><iframe width=\"560\" height=\"315\" src=\"https:\/\/www.youtube.com\/embed\/sFNXg7fwnrc\" frameborder=\"0\" allow=\"accelerometer; autoplay; clipboard-write; encrypted-media; gyroscope; picture-in-picture; web-share\" allowfullscreen><\/iframe> <iframe width=\"560\" height=\"315\" src=\"https:\/\/www.youtube.com\/embed\/htgJ3j6802M\" frameborder=\"0\" allow=\"accelerometer; autoplay; clipboard-write; encrypted-media; gyroscope; picture-in-picture; web-share\" allowfullscreen><\/iframe><iframe width=\"560\" height=\"315\" src=\"https:\/\/www.youtube.com\/embed\/65yHOAWYjXo\" frameborder=\"0\" allow=\"accelerometer; autoplay; clipboard-write; encrypted-media; gyroscope; picture-in-picture; web-share\" allowfullscreen><\/iframe><\/p>\n","protected":false},"excerpt":{"rendered":"<p><b>DISKU BREMZES- TEXU tips<\/b><\/p>\n<p><span style=\"font-weight: 400;\">TEXU s\u0113rijas bremzes ir dubult\u0101s darb\u012bbas disku bremzes, kas darbojas saska\u0146\u0101 ar parasto trumu\u013ca brem\u017eu priek\u0161rakstu. Bremz\u0113\u0161anas sp\u0113ks tiks p\u0101rraid\u012bts uz brem\u017eu disku divos simetriskos punktos.<\/span><\/p>\n<p><span style=\"font-weight: 400;\">L\u012bdz ar to tiek kompens\u0113ti tangenci\u0101lie sp\u0113ki pie v\u0101rpstas.<\/span><\/p>\n<p><span style=\"font-weight: 400;\">\u0160\u012bs bremzes \u012bpatn\u012bba ir abu suportu iedarbin\u0101\u0161ana ar div\u0101m paral\u0113li uzst\u0101d\u012bt\u0101m atsperu caurul\u0113m attiec\u012bb\u0101 tikai ar vienu koncentriski uzst\u0101d\u012btu elektrohidraulisko st\u016bm\u0113ju.<\/span><\/p>\n<p><span style=\"font-weight: 400;\">Aizverot bremzi, atsperu sp\u0113ks tiks vienm\u0113r\u012bgi sadal\u012bts ar sakabes pal\u012bdz\u012bbu uz abiem brem\u017eu sviru p\u0101riem. Tagad sviras virz\u0101s identiski virzien\u0101 uz v\u0101rpstu un t\u0101d\u0113j\u0101di atsevi\u0161\u0137\u0101s gult\u0146u suportu sviras tiks iedarbin\u0101tas ar \u0137\u012b\u013ciem un ru\u013c\u013ciem.<\/span><\/p>\n<p><span style=\"font-weight: 400;\">Turkl\u0101t bremze ir apr\u012bkota ar sinhronizatoru brem\u017eu sviru pagrie\u0161anai, kas garant\u0113 sinhroniz\u0113tu, vienm\u0113r\u012bgu atstarpi starp brem\u017eu disku un visiem 4 brem\u017eu klu\u010diem, kad bremzes tiek atv\u0113rtas. Brem\u017eu klu\u010du nodilumu un pieaugo\u0161o atstarpi starp disku un uzliku kompens\u0113 uzliku nodiluma kompensators.<\/span><\/p>\n","protected":false},"featured_media":1260062038,"template":"","meta":[],"product_brand":[],"product_cat":[1418],"product_tag":[],"class_list":{"0":"post-1260059097","1":"product","2":"type-product","3":"status-publish","4":"has-post-thumbnail","6":"product_cat-darba-bremzes","8":"first","9":"instock","10":"product-type-simple"},"yoast_head":"<!-- This site is optimized with the Yoast SEO plugin v27.1.1 - https:\/\/yoast.com\/product\/yoast-seo-wordpress\/ -->\n<title>Tips TEXU 800-1000 - My industrial<\/title>\n<meta name=\"robots\" content=\"noindex, follow, max-snippet:-1, max-image-preview:large, max-video-preview:-1\" \/>\n<meta property=\"og:locale\" content=\"lv_LV\" \/>\n<meta property=\"og:type\" content=\"article\" \/>\n<meta property=\"og:title\" content=\"Tips TEXU 800-1000 - My industrial\" \/>\n<meta property=\"og:description\" content=\"DISKU BREMZES- TEXU tips  TEXU s\u0113rijas bremzes ir dubult\u0101s darb\u012bbas disku bremzes, kas darbojas saska\u0146\u0101 ar parasto trumu\u013ca brem\u017eu priek\u0161rakstu. Bremz\u0113\u0161anas sp\u0113ks tiks p\u0101rraid\u012bts uz brem\u017eu disku divos simetriskos punktos.  L\u012bdz ar to tiek kompens\u0113ti tangenci\u0101lie sp\u0113ki pie v\u0101rpstas.  \u0160\u012bs bremzes \u012bpatn\u012bba ir abu suportu iedarbin\u0101\u0161ana ar div\u0101m paral\u0113li uzst\u0101d\u012bt\u0101m atsperu caurul\u0113m attiec\u012bb\u0101 tikai ar vienu koncentriski uzst\u0101d\u012btu elektrohidraulisko st\u016bm\u0113ju.  Aizverot bremzi, atsperu sp\u0113ks tiks vienm\u0113r\u012bgi sadal\u012bts ar sakabes pal\u012bdz\u012bbu uz abiem brem\u017eu sviru p\u0101riem. Tagad sviras virz\u0101s identiski virzien\u0101 uz v\u0101rpstu un t\u0101d\u0113j\u0101di atsevi\u0161\u0137\u0101s gult\u0146u suportu sviras tiks iedarbin\u0101tas ar \u0137\u012b\u013ciem un ru\u013c\u013ciem.  Turkl\u0101t bremze ir apr\u012bkota ar sinhronizatoru brem\u017eu sviru pagrie\u0161anai, kas garant\u0113 sinhroniz\u0113tu, vienm\u0113r\u012bgu atstarpi starp brem\u017eu disku un visiem 4 brem\u017eu klu\u010diem, kad bremzes tiek atv\u0113rtas. Brem\u017eu klu\u010du nodilumu un pieaugo\u0161o atstarpi starp disku un uzliku kompens\u0113 uzliku nodiluma kompensators.\" \/>\n<meta property=\"og:url\" content=\"https:\/\/dev.myindustrial.eu\/lv\/shop\/darba-bremzes\/tips-texu-800-1000\/\" \/>\n<meta property=\"og:site_name\" content=\"My industrial\" \/>\n<meta property=\"article:modified_time\" content=\"2023-10-11T05:15:30+00:00\" \/>\n<meta property=\"og:image\" content=\"https:\/\/dev.myindustrial.eu\/wp-content\/uploads\/2022\/01\/sibre-betriebsbremsen-texu_-500x500.jpg\" \/>\n\t<meta property=\"og:image:width\" content=\"500\" \/>\n\t<meta property=\"og:image:height\" content=\"500\" \/>\n\t<meta property=\"og:image:type\" content=\"image\/jpeg\" \/>\n<meta name=\"twitter:card\" content=\"summary_large_image\" \/>\n<script type=\"application\/ld+json\" class=\"yoast-schema-graph\">{\"@context\":\"https:\/\/schema.org\",\"@graph\":[{\"@type\":\"WebPage\",\"@id\":\"https:\/\/dev.myindustrial.eu\/lv\/shop\/darba-bremzes\/tips-texu-800-1000\/\",\"url\":\"https:\/\/dev.myindustrial.eu\/lv\/shop\/darba-bremzes\/tips-texu-800-1000\/\",\"name\":\"Tips TEXU 800-1000 - My industrial\",\"isPartOf\":{\"@id\":\"https:\/\/dev.myindustrial.eu\/lv\/#website\"},\"primaryImageOfPage\":{\"@id\":\"https:\/\/dev.myindustrial.eu\/lv\/shop\/darba-bremzes\/tips-texu-800-1000\/#primaryimage\"},\"image\":{\"@id\":\"https:\/\/dev.myindustrial.eu\/lv\/shop\/darba-bremzes\/tips-texu-800-1000\/#primaryimage\"},\"thumbnailUrl\":\"https:\/\/dev.myindustrial.eu\/wp-content\/uploads\/2022\/01\/sibre-betriebsbremsen-texu_-500x500.jpg\",\"datePublished\":\"2022-01-14T01:57:43+00:00\",\"dateModified\":\"2023-10-11T05:15:30+00:00\",\"breadcrumb\":{\"@id\":\"https:\/\/dev.myindustrial.eu\/lv\/shop\/darba-bremzes\/tips-texu-800-1000\/#breadcrumb\"},\"inLanguage\":\"lv-LV\",\"potentialAction\":[{\"@type\":\"ReadAction\",\"target\":[\"https:\/\/dev.myindustrial.eu\/lv\/shop\/darba-bremzes\/tips-texu-800-1000\/\"]}]},{\"@type\":\"ImageObject\",\"inLanguage\":\"lv-LV\",\"@id\":\"https:\/\/dev.myindustrial.eu\/lv\/shop\/darba-bremzes\/tips-texu-800-1000\/#primaryimage\",\"url\":\"https:\/\/dev.myindustrial.eu\/wp-content\/uploads\/2022\/01\/sibre-betriebsbremsen-texu_-500x500.jpg\",\"contentUrl\":\"https:\/\/dev.myindustrial.eu\/wp-content\/uploads\/2022\/01\/sibre-betriebsbremsen-texu_-500x500.jpg\",\"width\":500,\"height\":500},{\"@type\":\"BreadcrumbList\",\"@id\":\"https:\/\/dev.myindustrial.eu\/lv\/shop\/darba-bremzes\/tips-texu-800-1000\/#breadcrumb\",\"itemListElement\":[{\"@type\":\"ListItem\",\"position\":1,\"name\":\"Home\",\"item\":\"https:\/\/dev.myindustrial.eu\/lv\/\"},{\"@type\":\"ListItem\",\"position\":2,\"name\":\"Products\",\"item\":\"https:\/\/dev.myindustrial.eu\/lv\/products\/\"},{\"@type\":\"ListItem\",\"position\":3,\"name\":\"Tips TEXU 800-1000\"}]},{\"@type\":\"WebSite\",\"@id\":\"https:\/\/dev.myindustrial.eu\/lv\/#website\",\"url\":\"https:\/\/dev.myindustrial.eu\/lv\/\",\"name\":\"My industrial\",\"description\":\"\",\"potentialAction\":[{\"@type\":\"SearchAction\",\"target\":{\"@type\":\"EntryPoint\",\"urlTemplate\":\"https:\/\/dev.myindustrial.eu\/lv\/?s={search_term_string}\"},\"query-input\":{\"@type\":\"PropertyValueSpecification\",\"valueRequired\":true,\"valueName\":\"search_term_string\"}}],\"inLanguage\":\"lv-LV\"}]}<\/script>\n<!-- \/ Yoast SEO plugin. -->","yoast_head_json":{"title":"Tips TEXU 800-1000 - My industrial","robots":{"index":"noindex","follow":"follow","max-snippet":"max-snippet:-1","max-image-preview":"max-image-preview:large","max-video-preview":"max-video-preview:-1"},"og_locale":"lv_LV","og_type":"article","og_title":"Tips TEXU 800-1000 - My industrial","og_description":"DISKU BREMZES- TEXU tips  TEXU s\u0113rijas bremzes ir dubult\u0101s darb\u012bbas disku bremzes, kas darbojas saska\u0146\u0101 ar parasto trumu\u013ca brem\u017eu priek\u0161rakstu. Bremz\u0113\u0161anas sp\u0113ks tiks p\u0101rraid\u012bts uz brem\u017eu disku divos simetriskos punktos.  L\u012bdz ar to tiek kompens\u0113ti tangenci\u0101lie sp\u0113ki pie v\u0101rpstas.  \u0160\u012bs bremzes \u012bpatn\u012bba ir abu suportu iedarbin\u0101\u0161ana ar div\u0101m paral\u0113li uzst\u0101d\u012bt\u0101m atsperu caurul\u0113m attiec\u012bb\u0101 tikai ar vienu koncentriski uzst\u0101d\u012btu elektrohidraulisko st\u016bm\u0113ju.  Aizverot bremzi, atsperu sp\u0113ks tiks vienm\u0113r\u012bgi sadal\u012bts ar sakabes pal\u012bdz\u012bbu uz abiem brem\u017eu sviru p\u0101riem. Tagad sviras virz\u0101s identiski virzien\u0101 uz v\u0101rpstu un t\u0101d\u0113j\u0101di atsevi\u0161\u0137\u0101s gult\u0146u suportu sviras tiks iedarbin\u0101tas ar \u0137\u012b\u013ciem un ru\u013c\u013ciem.  Turkl\u0101t bremze ir apr\u012bkota ar sinhronizatoru brem\u017eu sviru pagrie\u0161anai, kas garant\u0113 sinhroniz\u0113tu, vienm\u0113r\u012bgu atstarpi starp brem\u017eu disku un visiem 4 brem\u017eu klu\u010diem, kad bremzes tiek atv\u0113rtas. Brem\u017eu klu\u010du nodilumu un pieaugo\u0161o atstarpi starp disku un uzliku kompens\u0113 uzliku nodiluma kompensators.","og_url":"https:\/\/dev.myindustrial.eu\/lv\/shop\/darba-bremzes\/tips-texu-800-1000\/","og_site_name":"My industrial","article_modified_time":"2023-10-11T05:15:30+00:00","og_image":[{"width":500,"height":500,"url":"https:\/\/dev.myindustrial.eu\/wp-content\/uploads\/2022\/01\/sibre-betriebsbremsen-texu_-500x500.jpg","type":"image\/jpeg"}],"twitter_card":"summary_large_image","schema":{"@context":"https:\/\/schema.org","@graph":[{"@type":"WebPage","@id":"https:\/\/dev.myindustrial.eu\/lv\/shop\/darba-bremzes\/tips-texu-800-1000\/","url":"https:\/\/dev.myindustrial.eu\/lv\/shop\/darba-bremzes\/tips-texu-800-1000\/","name":"Tips TEXU 800-1000 - My industrial","isPartOf":{"@id":"https:\/\/dev.myindustrial.eu\/lv\/#website"},"primaryImageOfPage":{"@id":"https:\/\/dev.myindustrial.eu\/lv\/shop\/darba-bremzes\/tips-texu-800-1000\/#primaryimage"},"image":{"@id":"https:\/\/dev.myindustrial.eu\/lv\/shop\/darba-bremzes\/tips-texu-800-1000\/#primaryimage"},"thumbnailUrl":"https:\/\/dev.myindustrial.eu\/wp-content\/uploads\/2022\/01\/sibre-betriebsbremsen-texu_-500x500.jpg","datePublished":"2022-01-14T01:57:43+00:00","dateModified":"2023-10-11T05:15:30+00:00","breadcrumb":{"@id":"https:\/\/dev.myindustrial.eu\/lv\/shop\/darba-bremzes\/tips-texu-800-1000\/#breadcrumb"},"inLanguage":"lv-LV","potentialAction":[{"@type":"ReadAction","target":["https:\/\/dev.myindustrial.eu\/lv\/shop\/darba-bremzes\/tips-texu-800-1000\/"]}]},{"@type":"ImageObject","inLanguage":"lv-LV","@id":"https:\/\/dev.myindustrial.eu\/lv\/shop\/darba-bremzes\/tips-texu-800-1000\/#primaryimage","url":"https:\/\/dev.myindustrial.eu\/wp-content\/uploads\/2022\/01\/sibre-betriebsbremsen-texu_-500x500.jpg","contentUrl":"https:\/\/dev.myindustrial.eu\/wp-content\/uploads\/2022\/01\/sibre-betriebsbremsen-texu_-500x500.jpg","width":500,"height":500},{"@type":"BreadcrumbList","@id":"https:\/\/dev.myindustrial.eu\/lv\/shop\/darba-bremzes\/tips-texu-800-1000\/#breadcrumb","itemListElement":[{"@type":"ListItem","position":1,"name":"Home","item":"https:\/\/dev.myindustrial.eu\/lv\/"},{"@type":"ListItem","position":2,"name":"Products","item":"https:\/\/dev.myindustrial.eu\/lv\/products\/"},{"@type":"ListItem","position":3,"name":"Tips TEXU 800-1000"}]},{"@type":"WebSite","@id":"https:\/\/dev.myindustrial.eu\/lv\/#website","url":"https:\/\/dev.myindustrial.eu\/lv\/","name":"My industrial","description":"","potentialAction":[{"@type":"SearchAction","target":{"@type":"EntryPoint","urlTemplate":"https:\/\/dev.myindustrial.eu\/lv\/?s={search_term_string}"},"query-input":{"@type":"PropertyValueSpecification","valueRequired":true,"valueName":"search_term_string"}}],"inLanguage":"lv-LV"}]}},"_links":{"self":[{"href":"https:\/\/dev.myindustrial.eu\/lv\/wp-json\/wp\/v2\/product\/1260059097","targetHints":{"allow":["GET"]}}],"collection":[{"href":"https:\/\/dev.myindustrial.eu\/lv\/wp-json\/wp\/v2\/product"}],"about":[{"href":"https:\/\/dev.myindustrial.eu\/lv\/wp-json\/wp\/v2\/types\/product"}],"version-history":[{"count":1,"href":"https:\/\/dev.myindustrial.eu\/lv\/wp-json\/wp\/v2\/product\/1260059097\/revisions"}],"predecessor-version":[{"id":1260060214,"href":"https:\/\/dev.myindustrial.eu\/lv\/wp-json\/wp\/v2\/product\/1260059097\/revisions\/1260060214"}],"wp:featuredmedia":[{"embeddable":true,"href":"https:\/\/dev.myindustrial.eu\/lv\/wp-json\/wp\/v2\/media\/1260062038"}],"wp:attachment":[{"href":"https:\/\/dev.myindustrial.eu\/lv\/wp-json\/wp\/v2\/media?parent=1260059097"}],"wp:term":[{"taxonomy":"product_brand","embeddable":true,"href":"https:\/\/dev.myindustrial.eu\/lv\/wp-json\/wp\/v2\/product_brand?post=1260059097"},{"taxonomy":"product_cat","embeddable":true,"href":"https:\/\/dev.myindustrial.eu\/lv\/wp-json\/wp\/v2\/product_cat?post=1260059097"},{"taxonomy":"product_tag","embeddable":true,"href":"https:\/\/dev.myindustrial.eu\/lv\/wp-json\/wp\/v2\/product_tag?post=1260059097"}],"curies":[{"name":"wp","href":"https:\/\/api.w.org\/{rel}","templated":true}]}}