{"id":1260059099,"date":"2022-01-14T01:36:56","date_gmt":"2022-01-14T01:57:43","guid":{"rendered":"https:\/\/dev.myindustrial.eu\/shop-2\/uncategorized\/tips-cb8-cb6-compact-cb6\/"},"modified":"2023-06-16T20:10:56","modified_gmt":"2023-06-16T20:10:56","slug":"tips-cb8-cb6-compact-cb6","status":"publish","type":"product","link":"https:\/\/dev.myindustrial.eu\/lv\/shop\/darba-bremzes\/tips-cb8-cb6-compact-cb6\/","title":{"rendered":"Tips CB8 \/ CB6 Compact CB6"},"content":{"rendered":"<p><iframe width=\"560\" height=\"315\" src=\"https:\/\/youtube.com\/embed\/cE0BHXEtjFA\" frameborder=\"0\" allow=\"accelerometer; autoplay; clipboard-write; encrypted-media; gyroscope; picture-in-picture; web-share\" allowfullscreen><\/iframe><\/p>\n","protected":false},"excerpt":{"rendered":"<p><b>DISKU BREMZES CB8 \/ CB6<\/b><\/p>\n<p><span style=\"font-weight: 400;\">Disku bremze CB8 ir pieejama ar elektrohidraulisko dzin\u0113ju EDC 100, soleno\u012bdu vai hidraulisko cilindru.<\/span><\/p>\n<p><span style=\"font-weight: 400;\">Disku bremze CB6 ar elektrohidraulisko dzin\u0113ju EDC 100\/30, bezatteices modelis, elektrohidraulisk\u0101 brem\u017eu atbr\u012bvo\u0161ana, &#8220;sinter&#8221; uzlikas standarta versij\u0101.<\/span><\/p>\n<p><a href=\"\/wp-content\/uploads\/2021\/11\/S1-6-1_EN_CB6-E_2014-03.pdf\" target=\"_blank\" rel=\"noopener\"><img decoding=\"async\" src=\"\/wp-content\/uploads\/2023\/02\/download-button-lv.svg\" \/><\/a><\/p>\n","protected":false},"featured_media":1260062028,"template":"","meta":[],"product_brand":[],"product_cat":[1418],"product_tag":[],"class_list":{"0":"post-1260059099","1":"product","2":"type-product","3":"status-publish","4":"has-post-thumbnail","6":"product_cat-darba-bremzes","8":"first","9":"instock","10":"product-type-simple"},"yoast_head":"<!-- This site is optimized with the Yoast SEO plugin v27.1.1 - https:\/\/yoast.com\/product\/yoast-seo-wordpress\/ -->\n<title>Tips CB8 \/ CB6 Compact CB6 - My industrial<\/title>\n<meta name=\"robots\" content=\"noindex, follow, max-snippet:-1, max-image-preview:large, max-video-preview:-1\" \/>\n<meta property=\"og:locale\" content=\"lv_LV\" \/>\n<meta property=\"og:type\" content=\"article\" \/>\n<meta property=\"og:title\" content=\"Tips CB8 \/ CB6 Compact CB6 - My industrial\" \/>\n<meta property=\"og:description\" content=\"DISKU BREMZES CB8 \/ CB6  Disku bremze CB8 ir pieejama ar elektrohidraulisko dzin\u0113ju EDC 100, soleno\u012bdu vai hidraulisko cilindru.  Disku bremze CB6 ar elektrohidraulisko dzin\u0113ju EDC 100\/30, bezatteices modelis, elektrohidraulisk\u0101 brem\u017eu atbr\u012bvo\u0161ana, &quot;sinter&quot; uzlikas standarta versij\u0101.\" \/>\n<meta property=\"og:url\" content=\"https:\/\/dev.myindustrial.eu\/lv\/shop\/darba-bremzes\/tips-cb8-cb6-compact-cb6\/\" \/>\n<meta property=\"og:site_name\" content=\"My industrial\" \/>\n<meta property=\"article:modified_time\" content=\"2023-06-16T20:10:56+00:00\" \/>\n<meta property=\"og:image\" content=\"https:\/\/dev.myindustrial.eu\/wp-content\/uploads\/2022\/01\/sibre-kompakt-cb8_-500x500.jpg\" \/>\n\t<meta property=\"og:image:width\" content=\"500\" \/>\n\t<meta property=\"og:image:height\" content=\"500\" \/>\n\t<meta property=\"og:image:type\" content=\"image\/jpeg\" \/>\n<meta name=\"twitter:card\" content=\"summary_large_image\" \/>\n<script type=\"application\/ld+json\" class=\"yoast-schema-graph\">{\"@context\":\"https:\/\/schema.org\",\"@graph\":[{\"@type\":\"WebPage\",\"@id\":\"https:\/\/dev.myindustrial.eu\/lv\/shop\/darba-bremzes\/tips-cb8-cb6-compact-cb6\/\",\"url\":\"https:\/\/dev.myindustrial.eu\/lv\/shop\/darba-bremzes\/tips-cb8-cb6-compact-cb6\/\",\"name\":\"Tips CB8 \/ CB6 Compact CB6 - My industrial\",\"isPartOf\":{\"@id\":\"https:\/\/dev.myindustrial.eu\/lv\/#website\"},\"primaryImageOfPage\":{\"@id\":\"https:\/\/dev.myindustrial.eu\/lv\/shop\/darba-bremzes\/tips-cb8-cb6-compact-cb6\/#primaryimage\"},\"image\":{\"@id\":\"https:\/\/dev.myindustrial.eu\/lv\/shop\/darba-bremzes\/tips-cb8-cb6-compact-cb6\/#primaryimage\"},\"thumbnailUrl\":\"https:\/\/dev.myindustrial.eu\/wp-content\/uploads\/2022\/01\/sibre-kompakt-cb8_-500x500.jpg\",\"datePublished\":\"2022-01-14T01:57:43+00:00\",\"dateModified\":\"2023-06-16T20:10:56+00:00\",\"breadcrumb\":{\"@id\":\"https:\/\/dev.myindustrial.eu\/lv\/shop\/darba-bremzes\/tips-cb8-cb6-compact-cb6\/#breadcrumb\"},\"inLanguage\":\"lv-LV\",\"potentialAction\":[{\"@type\":\"ReadAction\",\"target\":[\"https:\/\/dev.myindustrial.eu\/lv\/shop\/darba-bremzes\/tips-cb8-cb6-compact-cb6\/\"]}]},{\"@type\":\"ImageObject\",\"inLanguage\":\"lv-LV\",\"@id\":\"https:\/\/dev.myindustrial.eu\/lv\/shop\/darba-bremzes\/tips-cb8-cb6-compact-cb6\/#primaryimage\",\"url\":\"https:\/\/dev.myindustrial.eu\/wp-content\/uploads\/2022\/01\/sibre-kompakt-cb8_-500x500.jpg\",\"contentUrl\":\"https:\/\/dev.myindustrial.eu\/wp-content\/uploads\/2022\/01\/sibre-kompakt-cb8_-500x500.jpg\",\"width\":500,\"height\":500},{\"@type\":\"BreadcrumbList\",\"@id\":\"https:\/\/dev.myindustrial.eu\/lv\/shop\/darba-bremzes\/tips-cb8-cb6-compact-cb6\/#breadcrumb\",\"itemListElement\":[{\"@type\":\"ListItem\",\"position\":1,\"name\":\"Home\",\"item\":\"https:\/\/dev.myindustrial.eu\/lv\/\"},{\"@type\":\"ListItem\",\"position\":2,\"name\":\"Products\",\"item\":\"https:\/\/dev.myindustrial.eu\/lv\/products\/\"},{\"@type\":\"ListItem\",\"position\":3,\"name\":\"Tips CB8 \/ CB6 Compact CB6\"}]},{\"@type\":\"WebSite\",\"@id\":\"https:\/\/dev.myindustrial.eu\/lv\/#website\",\"url\":\"https:\/\/dev.myindustrial.eu\/lv\/\",\"name\":\"My industrial\",\"description\":\"\",\"potentialAction\":[{\"@type\":\"SearchAction\",\"target\":{\"@type\":\"EntryPoint\",\"urlTemplate\":\"https:\/\/dev.myindustrial.eu\/lv\/?s={search_term_string}\"},\"query-input\":{\"@type\":\"PropertyValueSpecification\",\"valueRequired\":true,\"valueName\":\"search_term_string\"}}],\"inLanguage\":\"lv-LV\"}]}<\/script>\n<!-- \/ Yoast SEO plugin. -->","yoast_head_json":{"title":"Tips CB8 \/ CB6 Compact CB6 - My industrial","robots":{"index":"noindex","follow":"follow","max-snippet":"max-snippet:-1","max-image-preview":"max-image-preview:large","max-video-preview":"max-video-preview:-1"},"og_locale":"lv_LV","og_type":"article","og_title":"Tips CB8 \/ CB6 Compact CB6 - My industrial","og_description":"DISKU BREMZES CB8 \/ CB6  Disku bremze CB8 ir pieejama ar elektrohidraulisko dzin\u0113ju EDC 100, soleno\u012bdu vai hidraulisko cilindru.  Disku bremze CB6 ar elektrohidraulisko dzin\u0113ju EDC 100\/30, bezatteices modelis, elektrohidraulisk\u0101 brem\u017eu atbr\u012bvo\u0161ana, \"sinter\" uzlikas standarta versij\u0101.","og_url":"https:\/\/dev.myindustrial.eu\/lv\/shop\/darba-bremzes\/tips-cb8-cb6-compact-cb6\/","og_site_name":"My industrial","article_modified_time":"2023-06-16T20:10:56+00:00","og_image":[{"width":500,"height":500,"url":"https:\/\/dev.myindustrial.eu\/wp-content\/uploads\/2022\/01\/sibre-kompakt-cb8_-500x500.jpg","type":"image\/jpeg"}],"twitter_card":"summary_large_image","schema":{"@context":"https:\/\/schema.org","@graph":[{"@type":"WebPage","@id":"https:\/\/dev.myindustrial.eu\/lv\/shop\/darba-bremzes\/tips-cb8-cb6-compact-cb6\/","url":"https:\/\/dev.myindustrial.eu\/lv\/shop\/darba-bremzes\/tips-cb8-cb6-compact-cb6\/","name":"Tips CB8 \/ CB6 Compact CB6 - My industrial","isPartOf":{"@id":"https:\/\/dev.myindustrial.eu\/lv\/#website"},"primaryImageOfPage":{"@id":"https:\/\/dev.myindustrial.eu\/lv\/shop\/darba-bremzes\/tips-cb8-cb6-compact-cb6\/#primaryimage"},"image":{"@id":"https:\/\/dev.myindustrial.eu\/lv\/shop\/darba-bremzes\/tips-cb8-cb6-compact-cb6\/#primaryimage"},"thumbnailUrl":"https:\/\/dev.myindustrial.eu\/wp-content\/uploads\/2022\/01\/sibre-kompakt-cb8_-500x500.jpg","datePublished":"2022-01-14T01:57:43+00:00","dateModified":"2023-06-16T20:10:56+00:00","breadcrumb":{"@id":"https:\/\/dev.myindustrial.eu\/lv\/shop\/darba-bremzes\/tips-cb8-cb6-compact-cb6\/#breadcrumb"},"inLanguage":"lv-LV","potentialAction":[{"@type":"ReadAction","target":["https:\/\/dev.myindustrial.eu\/lv\/shop\/darba-bremzes\/tips-cb8-cb6-compact-cb6\/"]}]},{"@type":"ImageObject","inLanguage":"lv-LV","@id":"https:\/\/dev.myindustrial.eu\/lv\/shop\/darba-bremzes\/tips-cb8-cb6-compact-cb6\/#primaryimage","url":"https:\/\/dev.myindustrial.eu\/wp-content\/uploads\/2022\/01\/sibre-kompakt-cb8_-500x500.jpg","contentUrl":"https:\/\/dev.myindustrial.eu\/wp-content\/uploads\/2022\/01\/sibre-kompakt-cb8_-500x500.jpg","width":500,"height":500},{"@type":"BreadcrumbList","@id":"https:\/\/dev.myindustrial.eu\/lv\/shop\/darba-bremzes\/tips-cb8-cb6-compact-cb6\/#breadcrumb","itemListElement":[{"@type":"ListItem","position":1,"name":"Home","item":"https:\/\/dev.myindustrial.eu\/lv\/"},{"@type":"ListItem","position":2,"name":"Products","item":"https:\/\/dev.myindustrial.eu\/lv\/products\/"},{"@type":"ListItem","position":3,"name":"Tips CB8 \/ CB6 Compact CB6"}]},{"@type":"WebSite","@id":"https:\/\/dev.myindustrial.eu\/lv\/#website","url":"https:\/\/dev.myindustrial.eu\/lv\/","name":"My industrial","description":"","potentialAction":[{"@type":"SearchAction","target":{"@type":"EntryPoint","urlTemplate":"https:\/\/dev.myindustrial.eu\/lv\/?s={search_term_string}"},"query-input":{"@type":"PropertyValueSpecification","valueRequired":true,"valueName":"search_term_string"}}],"inLanguage":"lv-LV"}]}},"_links":{"self":[{"href":"https:\/\/dev.myindustrial.eu\/lv\/wp-json\/wp\/v2\/product\/1260059099","targetHints":{"allow":["GET"]}}],"collection":[{"href":"https:\/\/dev.myindustrial.eu\/lv\/wp-json\/wp\/v2\/product"}],"about":[{"href":"https:\/\/dev.myindustrial.eu\/lv\/wp-json\/wp\/v2\/types\/product"}],"version-history":[{"count":1,"href":"https:\/\/dev.myindustrial.eu\/lv\/wp-json\/wp\/v2\/product\/1260059099\/revisions"}],"predecessor-version":[{"id":1260060210,"href":"https:\/\/dev.myindustrial.eu\/lv\/wp-json\/wp\/v2\/product\/1260059099\/revisions\/1260060210"}],"wp:featuredmedia":[{"embeddable":true,"href":"https:\/\/dev.myindustrial.eu\/lv\/wp-json\/wp\/v2\/media\/1260062028"}],"wp:attachment":[{"href":"https:\/\/dev.myindustrial.eu\/lv\/wp-json\/wp\/v2\/media?parent=1260059099"}],"wp:term":[{"taxonomy":"product_brand","embeddable":true,"href":"https:\/\/dev.myindustrial.eu\/lv\/wp-json\/wp\/v2\/product_brand?post=1260059099"},{"taxonomy":"product_cat","embeddable":true,"href":"https:\/\/dev.myindustrial.eu\/lv\/wp-json\/wp\/v2\/product_cat?post=1260059099"},{"taxonomy":"product_tag","embeddable":true,"href":"https:\/\/dev.myindustrial.eu\/lv\/wp-json\/wp\/v2\/product_tag?post=1260059099"}],"curies":[{"name":"wp","href":"https:\/\/api.w.org\/{rel}","templated":true}]}}