{"id":1260060769,"date":"2022-05-11T15:09:01","date_gmt":"2022-05-11T15:09:01","guid":{"rendered":"https:\/\/dev.myindustrial.eu\/shop\/uncategorized\/knobs-handles\/"},"modified":"2023-06-16T20:09:15","modified_gmt":"2023-06-16T20:09:15","slug":"knobs-handles","status":"publish","type":"product","link":"https:\/\/dev.myindustrial.eu\/lv\/shop\/potenciometri-un-sensori\/potenciometra-piederumi\/knobs-handles\/","title":{"rendered":"Pogas rokturi"},"content":{"rendered":"<p><iframe width=\"560\" height=\"315\" src=\"https:\/\/youtube.com\/embed\/Ds_GP4s2SIQ\" frameborder=\"0\" allow=\"accelerometer; autoplay; clipboard-write; encrypted-media; gyroscope; picture-in-picture; web-share\" allowfullscreen><\/iframe><\/p>\n","protected":false},"excerpt":{"rendered":"<p>Plastmasas un met\u0101la groz\u0101m\u0101s pogas var izmantot ar visiem m\u016bsu kl\u0101sta rot\u0113jo\u0161ajiem potenciometriem. Papildus eso\u0161aj\u0101m opcij\u0101m p\u0113c piepras\u012bjuma ir pieejamas ar\u012b citas groz\u0101m\u0101s pogas. M\u016bsu prof-adapteris ar groz\u0101mo pogu un integr\u0113to skalu ir gatavs risin\u0101jums. \u0160o komponentu izmanto vair\u0101ku apgriezienu potenciometr\u0101, un tas ir pieejams metrisk\u0101 un collu versij\u0101.<\/p>\n<p><strong>Specifik\u0101cijas<\/strong><br \/>\n<strong>Apraksts:<\/strong> \u00d8 6,0\u00a0mm un 6,35\u00a0mm (prof-adapteris)<br \/>\n<strong>Diametrs:<\/strong> \u00d8 24,5 \/ \u00d8 28,0 \/ \u00d8 31,5 un \u00d8 42 mm un 63 mm (prof-adapteris)<br \/>\n<strong>Materi\u0101ls:<\/strong> plastmasa vai alum\u012bnijs<br \/>\n<strong>Versija:<\/strong> anod\u0113ta, kr\u0101sota, p\u0101rkl\u0101ta<\/p>\n<p><strong>Vai mekl\u0113jat piel\u0101gotus risin\u0101jumus?<\/strong><br \/>\nTad sazinieties ar mums.<\/p>\n","protected":false},"featured_media":1260060764,"template":"","meta":[],"product_brand":[],"product_cat":[1286,1451],"product_tag":[],"class_list":{"0":"post-1260060769","1":"product","2":"type-product","3":"status-publish","4":"has-post-thumbnail","6":"product_cat-potenciometri-un-sensori","7":"product_cat-potenciometra-piederumi","9":"first","10":"instock","11":"shipping-taxable","12":"product-type-simple"},"yoast_head":"<!-- This site is optimized with the Yoast SEO plugin v27.1.1 - https:\/\/yoast.com\/product\/yoast-seo-wordpress\/ -->\n<title>Pogas rokturi - My industrial<\/title>\n<meta name=\"robots\" content=\"noindex, follow, max-snippet:-1, max-image-preview:large, max-video-preview:-1\" \/>\n<meta property=\"og:locale\" content=\"lv_LV\" \/>\n<meta property=\"og:type\" content=\"article\" \/>\n<meta property=\"og:title\" content=\"Pogas rokturi - My industrial\" \/>\n<meta property=\"og:description\" content=\"Plastmasas un met\u0101la groz\u0101m\u0101s pogas var izmantot ar visiem m\u016bsu kl\u0101sta rot\u0113jo\u0161ajiem potenciometriem. Papildus eso\u0161aj\u0101m opcij\u0101m p\u0113c piepras\u012bjuma ir pieejamas ar\u012b citas groz\u0101m\u0101s pogas. M\u016bsu prof-adapteris ar groz\u0101mo pogu un integr\u0113to skalu ir gatavs risin\u0101jums. \u0160o komponentu izmanto vair\u0101ku apgriezienu potenciometr\u0101, un tas ir pieejams metrisk\u0101 un collu versij\u0101.  Specifik\u0101cijas Apraksts: \u00d8 6,0\u00a0mm un 6,35\u00a0mm (prof-adapteris) Diametrs: \u00d8 24,5 \/ \u00d8 28,0 \/ \u00d8 31,5 un \u00d8 42 mm un 63 mm (prof-adapteris) Materi\u0101ls: plastmasa vai alum\u012bnijs Versija: anod\u0113ta, kr\u0101sota, p\u0101rkl\u0101ta  Vai mekl\u0113jat piel\u0101gotus risin\u0101jumus? Tad sazinieties ar mums.\" \/>\n<meta property=\"og:url\" content=\"https:\/\/dev.myindustrial.eu\/lv\/shop\/potenciometri-un-sensori\/potenciometra-piederumi\/knobs-handles\/\" \/>\n<meta property=\"og:site_name\" content=\"My industrial\" \/>\n<meta property=\"article:modified_time\" content=\"2023-06-16T20:09:15+00:00\" \/>\n<meta property=\"og:image\" content=\"https:\/\/dev.myindustrial.eu\/wp-content\/uploads\/2022\/05\/Handles.webp\" \/>\n\t<meta property=\"og:image:width\" content=\"500\" \/>\n\t<meta property=\"og:image:height\" content=\"500\" \/>\n\t<meta property=\"og:image:type\" content=\"image\/webp\" \/>\n<meta name=\"twitter:card\" content=\"summary_large_image\" \/>\n<script type=\"application\/ld+json\" class=\"yoast-schema-graph\">{\"@context\":\"https:\/\/schema.org\",\"@graph\":[{\"@type\":\"WebPage\",\"@id\":\"https:\/\/dev.myindustrial.eu\/lv\/shop\/potenciometri-un-sensori\/potenciometra-piederumi\/knobs-handles\/\",\"url\":\"https:\/\/dev.myindustrial.eu\/lv\/shop\/potenciometri-un-sensori\/potenciometra-piederumi\/knobs-handles\/\",\"name\":\"Pogas rokturi - My industrial\",\"isPartOf\":{\"@id\":\"https:\/\/dev.myindustrial.eu\/lv\/#website\"},\"primaryImageOfPage\":{\"@id\":\"https:\/\/dev.myindustrial.eu\/lv\/shop\/potenciometri-un-sensori\/potenciometra-piederumi\/knobs-handles\/#primaryimage\"},\"image\":{\"@id\":\"https:\/\/dev.myindustrial.eu\/lv\/shop\/potenciometri-un-sensori\/potenciometra-piederumi\/knobs-handles\/#primaryimage\"},\"thumbnailUrl\":\"https:\/\/dev.myindustrial.eu\/wp-content\/uploads\/2022\/05\/Handles.webp\",\"datePublished\":\"2022-05-11T15:09:01+00:00\",\"dateModified\":\"2023-06-16T20:09:15+00:00\",\"breadcrumb\":{\"@id\":\"https:\/\/dev.myindustrial.eu\/lv\/shop\/potenciometri-un-sensori\/potenciometra-piederumi\/knobs-handles\/#breadcrumb\"},\"inLanguage\":\"lv-LV\",\"potentialAction\":[{\"@type\":\"ReadAction\",\"target\":[\"https:\/\/dev.myindustrial.eu\/lv\/shop\/potenciometri-un-sensori\/potenciometra-piederumi\/knobs-handles\/\"]}]},{\"@type\":\"ImageObject\",\"inLanguage\":\"lv-LV\",\"@id\":\"https:\/\/dev.myindustrial.eu\/lv\/shop\/potenciometri-un-sensori\/potenciometra-piederumi\/knobs-handles\/#primaryimage\",\"url\":\"https:\/\/dev.myindustrial.eu\/wp-content\/uploads\/2022\/05\/Handles.webp\",\"contentUrl\":\"https:\/\/dev.myindustrial.eu\/wp-content\/uploads\/2022\/05\/Handles.webp\",\"width\":500,\"height\":500},{\"@type\":\"BreadcrumbList\",\"@id\":\"https:\/\/dev.myindustrial.eu\/lv\/shop\/potenciometri-un-sensori\/potenciometra-piederumi\/knobs-handles\/#breadcrumb\",\"itemListElement\":[{\"@type\":\"ListItem\",\"position\":1,\"name\":\"Home\",\"item\":\"https:\/\/dev.myindustrial.eu\/lv\/\"},{\"@type\":\"ListItem\",\"position\":2,\"name\":\"Products\",\"item\":\"https:\/\/dev.myindustrial.eu\/lv\/products\/\"},{\"@type\":\"ListItem\",\"position\":3,\"name\":\"Pogas rokturi\"}]},{\"@type\":\"WebSite\",\"@id\":\"https:\/\/dev.myindustrial.eu\/lv\/#website\",\"url\":\"https:\/\/dev.myindustrial.eu\/lv\/\",\"name\":\"My industrial\",\"description\":\"\",\"potentialAction\":[{\"@type\":\"SearchAction\",\"target\":{\"@type\":\"EntryPoint\",\"urlTemplate\":\"https:\/\/dev.myindustrial.eu\/lv\/?s={search_term_string}\"},\"query-input\":{\"@type\":\"PropertyValueSpecification\",\"valueRequired\":true,\"valueName\":\"search_term_string\"}}],\"inLanguage\":\"lv-LV\"}]}<\/script>\n<!-- \/ Yoast SEO plugin. -->","yoast_head_json":{"title":"Pogas rokturi - My industrial","robots":{"index":"noindex","follow":"follow","max-snippet":"max-snippet:-1","max-image-preview":"max-image-preview:large","max-video-preview":"max-video-preview:-1"},"og_locale":"lv_LV","og_type":"article","og_title":"Pogas rokturi - My industrial","og_description":"Plastmasas un met\u0101la groz\u0101m\u0101s pogas var izmantot ar visiem m\u016bsu kl\u0101sta rot\u0113jo\u0161ajiem potenciometriem. Papildus eso\u0161aj\u0101m opcij\u0101m p\u0113c piepras\u012bjuma ir pieejamas ar\u012b citas groz\u0101m\u0101s pogas. M\u016bsu prof-adapteris ar groz\u0101mo pogu un integr\u0113to skalu ir gatavs risin\u0101jums. \u0160o komponentu izmanto vair\u0101ku apgriezienu potenciometr\u0101, un tas ir pieejams metrisk\u0101 un collu versij\u0101.  Specifik\u0101cijas Apraksts: \u00d8 6,0\u00a0mm un 6,35\u00a0mm (prof-adapteris) Diametrs: \u00d8 24,5 \/ \u00d8 28,0 \/ \u00d8 31,5 un \u00d8 42 mm un 63 mm (prof-adapteris) Materi\u0101ls: plastmasa vai alum\u012bnijs Versija: anod\u0113ta, kr\u0101sota, p\u0101rkl\u0101ta  Vai mekl\u0113jat piel\u0101gotus risin\u0101jumus? Tad sazinieties ar mums.","og_url":"https:\/\/dev.myindustrial.eu\/lv\/shop\/potenciometri-un-sensori\/potenciometra-piederumi\/knobs-handles\/","og_site_name":"My industrial","article_modified_time":"2023-06-16T20:09:15+00:00","og_image":[{"width":500,"height":500,"url":"https:\/\/dev.myindustrial.eu\/wp-content\/uploads\/2022\/05\/Handles.webp","type":"image\/webp"}],"twitter_card":"summary_large_image","schema":{"@context":"https:\/\/schema.org","@graph":[{"@type":"WebPage","@id":"https:\/\/dev.myindustrial.eu\/lv\/shop\/potenciometri-un-sensori\/potenciometra-piederumi\/knobs-handles\/","url":"https:\/\/dev.myindustrial.eu\/lv\/shop\/potenciometri-un-sensori\/potenciometra-piederumi\/knobs-handles\/","name":"Pogas rokturi - My industrial","isPartOf":{"@id":"https:\/\/dev.myindustrial.eu\/lv\/#website"},"primaryImageOfPage":{"@id":"https:\/\/dev.myindustrial.eu\/lv\/shop\/potenciometri-un-sensori\/potenciometra-piederumi\/knobs-handles\/#primaryimage"},"image":{"@id":"https:\/\/dev.myindustrial.eu\/lv\/shop\/potenciometri-un-sensori\/potenciometra-piederumi\/knobs-handles\/#primaryimage"},"thumbnailUrl":"https:\/\/dev.myindustrial.eu\/wp-content\/uploads\/2022\/05\/Handles.webp","datePublished":"2022-05-11T15:09:01+00:00","dateModified":"2023-06-16T20:09:15+00:00","breadcrumb":{"@id":"https:\/\/dev.myindustrial.eu\/lv\/shop\/potenciometri-un-sensori\/potenciometra-piederumi\/knobs-handles\/#breadcrumb"},"inLanguage":"lv-LV","potentialAction":[{"@type":"ReadAction","target":["https:\/\/dev.myindustrial.eu\/lv\/shop\/potenciometri-un-sensori\/potenciometra-piederumi\/knobs-handles\/"]}]},{"@type":"ImageObject","inLanguage":"lv-LV","@id":"https:\/\/dev.myindustrial.eu\/lv\/shop\/potenciometri-un-sensori\/potenciometra-piederumi\/knobs-handles\/#primaryimage","url":"https:\/\/dev.myindustrial.eu\/wp-content\/uploads\/2022\/05\/Handles.webp","contentUrl":"https:\/\/dev.myindustrial.eu\/wp-content\/uploads\/2022\/05\/Handles.webp","width":500,"height":500},{"@type":"BreadcrumbList","@id":"https:\/\/dev.myindustrial.eu\/lv\/shop\/potenciometri-un-sensori\/potenciometra-piederumi\/knobs-handles\/#breadcrumb","itemListElement":[{"@type":"ListItem","position":1,"name":"Home","item":"https:\/\/dev.myindustrial.eu\/lv\/"},{"@type":"ListItem","position":2,"name":"Products","item":"https:\/\/dev.myindustrial.eu\/lv\/products\/"},{"@type":"ListItem","position":3,"name":"Pogas rokturi"}]},{"@type":"WebSite","@id":"https:\/\/dev.myindustrial.eu\/lv\/#website","url":"https:\/\/dev.myindustrial.eu\/lv\/","name":"My industrial","description":"","potentialAction":[{"@type":"SearchAction","target":{"@type":"EntryPoint","urlTemplate":"https:\/\/dev.myindustrial.eu\/lv\/?s={search_term_string}"},"query-input":{"@type":"PropertyValueSpecification","valueRequired":true,"valueName":"search_term_string"}}],"inLanguage":"lv-LV"}]}},"_links":{"self":[{"href":"https:\/\/dev.myindustrial.eu\/lv\/wp-json\/wp\/v2\/product\/1260060769","targetHints":{"allow":["GET"]}}],"collection":[{"href":"https:\/\/dev.myindustrial.eu\/lv\/wp-json\/wp\/v2\/product"}],"about":[{"href":"https:\/\/dev.myindustrial.eu\/lv\/wp-json\/wp\/v2\/types\/product"}],"version-history":[{"count":1,"href":"https:\/\/dev.myindustrial.eu\/lv\/wp-json\/wp\/v2\/product\/1260060769\/revisions"}],"predecessor-version":[{"id":1260061045,"href":"https:\/\/dev.myindustrial.eu\/lv\/wp-json\/wp\/v2\/product\/1260060769\/revisions\/1260061045"}],"wp:featuredmedia":[{"embeddable":true,"href":"https:\/\/dev.myindustrial.eu\/lv\/wp-json\/wp\/v2\/media\/1260060764"}],"wp:attachment":[{"href":"https:\/\/dev.myindustrial.eu\/lv\/wp-json\/wp\/v2\/media?parent=1260060769"}],"wp:term":[{"taxonomy":"product_brand","embeddable":true,"href":"https:\/\/dev.myindustrial.eu\/lv\/wp-json\/wp\/v2\/product_brand?post=1260060769"},{"taxonomy":"product_cat","embeddable":true,"href":"https:\/\/dev.myindustrial.eu\/lv\/wp-json\/wp\/v2\/product_cat?post=1260060769"},{"taxonomy":"product_tag","embeddable":true,"href":"https:\/\/dev.myindustrial.eu\/lv\/wp-json\/wp\/v2\/product_tag?post=1260060769"}],"curies":[{"name":"wp","href":"https:\/\/api.w.org\/{rel}","templated":true}]}}