{"id":1260060823,"date":"2022-05-16T21:31:57","date_gmt":"2022-05-16T21:31:57","guid":{"rendered":"https:\/\/dev.myindustrial.eu\/shop\/uncategorized\/backstops\/"},"modified":"2023-06-16T20:09:07","modified_gmt":"2023-06-16T20:09:07","slug":"backstops","status":"publish","type":"product","link":"https:\/\/dev.myindustrial.eu\/lv\/shop\/rupnieciskas-bremzu-sistemas-un-piedzinas-apstadinasanas-komponentes\/backstops\/","title":{"rendered":"Atpaka\u013cgaitas blo\u0137\u0113t\u0101js"},"content":{"rendered":"","protected":false},"excerpt":{"rendered":"<p><b>PIELIETOJUMS<\/b><\/p>\n<p>SIBRE ART tipa s\u0113rijas atpaka\u013cgaitas blo\u0137\u0113t\u0101js ir \u012bpa\u0161i paredz\u0113ts izmanto\u0161anai lentes konveijeros ar vilk\u0161anu uz aug\u0161u un parasti tiek uzst\u0101d\u012bts uz zema \u0101truma piedzi\u0146as v\u0101rpst\u0101m.<\/p>\n<p>Tas nov\u0113r\u0161 nekontrol\u0113tu apgrie\u0161anos str\u0101vas padeves p\u0101rtraukuma gad\u012bjum\u0101 vai ja piedzi\u0146as da\u013ca ir boj\u0101ta.<\/p>\n<p>SIBRE atpaka\u013cgaitas blo\u0137\u0113t\u0101ji parasti tiek uzst\u0101d\u012bti uz zema \u0101truma piedzi\u0146as v\u0101rpst\u0101m, t\u0101d\u0113j\u0101di tiks nov\u0113rsta iek\u0101rtas apgrie\u0161ana p\u0101rnesumk\u0101rbas boj\u0101juma gad\u012bjum\u0101.<\/p>\n<p>Griezes momentu l\u012bdz 1800 kNm var notur\u0113t ar maksim\u0101lo vien\u012bbas svaru 7000 kg.<\/p>\n","protected":false},"featured_media":1260063816,"template":"","meta":[],"product_brand":[],"product_cat":[1385,1476],"product_tag":[],"class_list":{"0":"post-1260060823","1":"product","2":"type-product","3":"status-publish","4":"has-post-thumbnail","6":"product_cat-rupnieciskas-bremzu-sistemas-un-piedzinas-apstadinasanas-komponentes","7":"product_cat-atpakalgaitas-bloketajs","9":"first","10":"instock","11":"shipping-taxable","12":"product-type-simple"},"yoast_head":"<!-- This site is optimized with the Yoast SEO plugin v27.1.1 - https:\/\/yoast.com\/product\/yoast-seo-wordpress\/ -->\n<title>Atpaka\u013cgaitas blo\u0137\u0113t\u0101js - My industrial<\/title>\n<meta name=\"robots\" content=\"noindex, follow, max-snippet:-1, max-image-preview:large, max-video-preview:-1\" \/>\n<meta property=\"og:locale\" content=\"lv_LV\" \/>\n<meta property=\"og:type\" content=\"article\" \/>\n<meta property=\"og:title\" content=\"Atpaka\u013cgaitas blo\u0137\u0113t\u0101js - My industrial\" \/>\n<meta property=\"og:description\" content=\"PIELIETOJUMS  SIBRE ART tipa s\u0113rijas atpaka\u013cgaitas blo\u0137\u0113t\u0101js ir \u012bpa\u0161i paredz\u0113ts izmanto\u0161anai lentes konveijeros ar vilk\u0161anu uz aug\u0161u un parasti tiek uzst\u0101d\u012bts uz zema \u0101truma piedzi\u0146as v\u0101rpst\u0101m.  Tas nov\u0113r\u0161 nekontrol\u0113tu apgrie\u0161anos str\u0101vas padeves p\u0101rtraukuma gad\u012bjum\u0101 vai ja piedzi\u0146as da\u013ca ir boj\u0101ta.  SIBRE atpaka\u013cgaitas blo\u0137\u0113t\u0101ji parasti tiek uzst\u0101d\u012bti uz zema \u0101truma piedzi\u0146as v\u0101rpst\u0101m, t\u0101d\u0113j\u0101di tiks nov\u0113rsta iek\u0101rtas apgrie\u0161ana p\u0101rnesumk\u0101rbas boj\u0101juma gad\u012bjum\u0101.  Griezes momentu l\u012bdz 1800 kNm var notur\u0113t ar maksim\u0101lo vien\u012bbas svaru 7000 kg.\" \/>\n<meta property=\"og:url\" content=\"https:\/\/dev.myindustrial.eu\/lv\/shop\/rupnieciskas-bremzu-sistemas-un-piedzinas-apstadinasanas-komponentes\/backstops\/\" \/>\n<meta property=\"og:site_name\" content=\"My industrial\" \/>\n<meta property=\"article:modified_time\" content=\"2023-06-16T20:09:07+00:00\" \/>\n<meta property=\"og:image\" content=\"https:\/\/dev.myindustrial.eu\/wp-content\/uploads\/2022\/04\/backstops.webp\" \/>\n\t<meta property=\"og:image:width\" content=\"470\" \/>\n\t<meta property=\"og:image:height\" content=\"350\" \/>\n\t<meta property=\"og:image:type\" content=\"image\/webp\" \/>\n<meta name=\"twitter:card\" content=\"summary_large_image\" \/>\n<script type=\"application\/ld+json\" class=\"yoast-schema-graph\">{\"@context\":\"https:\/\/schema.org\",\"@graph\":[{\"@type\":\"WebPage\",\"@id\":\"https:\/\/dev.myindustrial.eu\/lv\/shop\/rupnieciskas-bremzu-sistemas-un-piedzinas-apstadinasanas-komponentes\/backstops\/\",\"url\":\"https:\/\/dev.myindustrial.eu\/lv\/shop\/rupnieciskas-bremzu-sistemas-un-piedzinas-apstadinasanas-komponentes\/backstops\/\",\"name\":\"Atpaka\u013cgaitas blo\u0137\u0113t\u0101js - My industrial\",\"isPartOf\":{\"@id\":\"https:\/\/dev.myindustrial.eu\/lv\/#website\"},\"primaryImageOfPage\":{\"@id\":\"https:\/\/dev.myindustrial.eu\/lv\/shop\/rupnieciskas-bremzu-sistemas-un-piedzinas-apstadinasanas-komponentes\/backstops\/#primaryimage\"},\"image\":{\"@id\":\"https:\/\/dev.myindustrial.eu\/lv\/shop\/rupnieciskas-bremzu-sistemas-un-piedzinas-apstadinasanas-komponentes\/backstops\/#primaryimage\"},\"thumbnailUrl\":\"https:\/\/dev.myindustrial.eu\/wp-content\/uploads\/2022\/05\/backstops-recktangle.webp\",\"datePublished\":\"2022-05-16T21:31:57+00:00\",\"dateModified\":\"2023-06-16T20:09:07+00:00\",\"breadcrumb\":{\"@id\":\"https:\/\/dev.myindustrial.eu\/lv\/shop\/rupnieciskas-bremzu-sistemas-un-piedzinas-apstadinasanas-komponentes\/backstops\/#breadcrumb\"},\"inLanguage\":\"lv-LV\",\"potentialAction\":[{\"@type\":\"ReadAction\",\"target\":[\"https:\/\/dev.myindustrial.eu\/lv\/shop\/rupnieciskas-bremzu-sistemas-un-piedzinas-apstadinasanas-komponentes\/backstops\/\"]}]},{\"@type\":\"ImageObject\",\"inLanguage\":\"lv-LV\",\"@id\":\"https:\/\/dev.myindustrial.eu\/lv\/shop\/rupnieciskas-bremzu-sistemas-un-piedzinas-apstadinasanas-komponentes\/backstops\/#primaryimage\",\"url\":\"https:\/\/dev.myindustrial.eu\/wp-content\/uploads\/2022\/05\/backstops-recktangle.webp\",\"contentUrl\":\"https:\/\/dev.myindustrial.eu\/wp-content\/uploads\/2022\/05\/backstops-recktangle.webp\",\"width\":500,\"height\":500},{\"@type\":\"BreadcrumbList\",\"@id\":\"https:\/\/dev.myindustrial.eu\/lv\/shop\/rupnieciskas-bremzu-sistemas-un-piedzinas-apstadinasanas-komponentes\/backstops\/#breadcrumb\",\"itemListElement\":[{\"@type\":\"ListItem\",\"position\":1,\"name\":\"Home\",\"item\":\"https:\/\/dev.myindustrial.eu\/lv\/\"},{\"@type\":\"ListItem\",\"position\":2,\"name\":\"Products\",\"item\":\"https:\/\/dev.myindustrial.eu\/lv\/products\/\"},{\"@type\":\"ListItem\",\"position\":3,\"name\":\"Atpaka\u013cgaitas blo\u0137\u0113t\u0101js\"}]},{\"@type\":\"WebSite\",\"@id\":\"https:\/\/dev.myindustrial.eu\/lv\/#website\",\"url\":\"https:\/\/dev.myindustrial.eu\/lv\/\",\"name\":\"My industrial\",\"description\":\"\",\"potentialAction\":[{\"@type\":\"SearchAction\",\"target\":{\"@type\":\"EntryPoint\",\"urlTemplate\":\"https:\/\/dev.myindustrial.eu\/lv\/?s={search_term_string}\"},\"query-input\":{\"@type\":\"PropertyValueSpecification\",\"valueRequired\":true,\"valueName\":\"search_term_string\"}}],\"inLanguage\":\"lv-LV\"}]}<\/script>\n<!-- \/ Yoast SEO plugin. -->","yoast_head_json":{"title":"Atpaka\u013cgaitas blo\u0137\u0113t\u0101js - My industrial","robots":{"index":"noindex","follow":"follow","max-snippet":"max-snippet:-1","max-image-preview":"max-image-preview:large","max-video-preview":"max-video-preview:-1"},"og_locale":"lv_LV","og_type":"article","og_title":"Atpaka\u013cgaitas blo\u0137\u0113t\u0101js - My industrial","og_description":"PIELIETOJUMS  SIBRE ART tipa s\u0113rijas atpaka\u013cgaitas blo\u0137\u0113t\u0101js ir \u012bpa\u0161i paredz\u0113ts izmanto\u0161anai lentes konveijeros ar vilk\u0161anu uz aug\u0161u un parasti tiek uzst\u0101d\u012bts uz zema \u0101truma piedzi\u0146as v\u0101rpst\u0101m.  Tas nov\u0113r\u0161 nekontrol\u0113tu apgrie\u0161anos str\u0101vas padeves p\u0101rtraukuma gad\u012bjum\u0101 vai ja piedzi\u0146as da\u013ca ir boj\u0101ta.  SIBRE atpaka\u013cgaitas blo\u0137\u0113t\u0101ji parasti tiek uzst\u0101d\u012bti uz zema \u0101truma piedzi\u0146as v\u0101rpst\u0101m, t\u0101d\u0113j\u0101di tiks nov\u0113rsta iek\u0101rtas apgrie\u0161ana p\u0101rnesumk\u0101rbas boj\u0101juma gad\u012bjum\u0101.  Griezes momentu l\u012bdz 1800 kNm var notur\u0113t ar maksim\u0101lo vien\u012bbas svaru 7000 kg.","og_url":"https:\/\/dev.myindustrial.eu\/lv\/shop\/rupnieciskas-bremzu-sistemas-un-piedzinas-apstadinasanas-komponentes\/backstops\/","og_site_name":"My industrial","article_modified_time":"2023-06-16T20:09:07+00:00","og_image":[{"width":470,"height":350,"url":"https:\/\/dev.myindustrial.eu\/wp-content\/uploads\/2022\/04\/backstops.webp","type":"image\/webp"}],"twitter_card":"summary_large_image","schema":{"@context":"https:\/\/schema.org","@graph":[{"@type":"WebPage","@id":"https:\/\/dev.myindustrial.eu\/lv\/shop\/rupnieciskas-bremzu-sistemas-un-piedzinas-apstadinasanas-komponentes\/backstops\/","url":"https:\/\/dev.myindustrial.eu\/lv\/shop\/rupnieciskas-bremzu-sistemas-un-piedzinas-apstadinasanas-komponentes\/backstops\/","name":"Atpaka\u013cgaitas blo\u0137\u0113t\u0101js - My industrial","isPartOf":{"@id":"https:\/\/dev.myindustrial.eu\/lv\/#website"},"primaryImageOfPage":{"@id":"https:\/\/dev.myindustrial.eu\/lv\/shop\/rupnieciskas-bremzu-sistemas-un-piedzinas-apstadinasanas-komponentes\/backstops\/#primaryimage"},"image":{"@id":"https:\/\/dev.myindustrial.eu\/lv\/shop\/rupnieciskas-bremzu-sistemas-un-piedzinas-apstadinasanas-komponentes\/backstops\/#primaryimage"},"thumbnailUrl":"https:\/\/dev.myindustrial.eu\/wp-content\/uploads\/2022\/05\/backstops-recktangle.webp","datePublished":"2022-05-16T21:31:57+00:00","dateModified":"2023-06-16T20:09:07+00:00","breadcrumb":{"@id":"https:\/\/dev.myindustrial.eu\/lv\/shop\/rupnieciskas-bremzu-sistemas-un-piedzinas-apstadinasanas-komponentes\/backstops\/#breadcrumb"},"inLanguage":"lv-LV","potentialAction":[{"@type":"ReadAction","target":["https:\/\/dev.myindustrial.eu\/lv\/shop\/rupnieciskas-bremzu-sistemas-un-piedzinas-apstadinasanas-komponentes\/backstops\/"]}]},{"@type":"ImageObject","inLanguage":"lv-LV","@id":"https:\/\/dev.myindustrial.eu\/lv\/shop\/rupnieciskas-bremzu-sistemas-un-piedzinas-apstadinasanas-komponentes\/backstops\/#primaryimage","url":"https:\/\/dev.myindustrial.eu\/wp-content\/uploads\/2022\/05\/backstops-recktangle.webp","contentUrl":"https:\/\/dev.myindustrial.eu\/wp-content\/uploads\/2022\/05\/backstops-recktangle.webp","width":500,"height":500},{"@type":"BreadcrumbList","@id":"https:\/\/dev.myindustrial.eu\/lv\/shop\/rupnieciskas-bremzu-sistemas-un-piedzinas-apstadinasanas-komponentes\/backstops\/#breadcrumb","itemListElement":[{"@type":"ListItem","position":1,"name":"Home","item":"https:\/\/dev.myindustrial.eu\/lv\/"},{"@type":"ListItem","position":2,"name":"Products","item":"https:\/\/dev.myindustrial.eu\/lv\/products\/"},{"@type":"ListItem","position":3,"name":"Atpaka\u013cgaitas blo\u0137\u0113t\u0101js"}]},{"@type":"WebSite","@id":"https:\/\/dev.myindustrial.eu\/lv\/#website","url":"https:\/\/dev.myindustrial.eu\/lv\/","name":"My industrial","description":"","potentialAction":[{"@type":"SearchAction","target":{"@type":"EntryPoint","urlTemplate":"https:\/\/dev.myindustrial.eu\/lv\/?s={search_term_string}"},"query-input":{"@type":"PropertyValueSpecification","valueRequired":true,"valueName":"search_term_string"}}],"inLanguage":"lv-LV"}]}},"_links":{"self":[{"href":"https:\/\/dev.myindustrial.eu\/lv\/wp-json\/wp\/v2\/product\/1260060823","targetHints":{"allow":["GET"]}}],"collection":[{"href":"https:\/\/dev.myindustrial.eu\/lv\/wp-json\/wp\/v2\/product"}],"about":[{"href":"https:\/\/dev.myindustrial.eu\/lv\/wp-json\/wp\/v2\/types\/product"}],"version-history":[{"count":0,"href":"https:\/\/dev.myindustrial.eu\/lv\/wp-json\/wp\/v2\/product\/1260060823\/revisions"}],"wp:featuredmedia":[{"embeddable":true,"href":"https:\/\/dev.myindustrial.eu\/lv\/wp-json\/wp\/v2\/media\/1260063816"}],"wp:attachment":[{"href":"https:\/\/dev.myindustrial.eu\/lv\/wp-json\/wp\/v2\/media?parent=1260060823"}],"wp:term":[{"taxonomy":"product_brand","embeddable":true,"href":"https:\/\/dev.myindustrial.eu\/lv\/wp-json\/wp\/v2\/product_brand?post=1260060823"},{"taxonomy":"product_cat","embeddable":true,"href":"https:\/\/dev.myindustrial.eu\/lv\/wp-json\/wp\/v2\/product_cat?post=1260060823"},{"taxonomy":"product_tag","embeddable":true,"href":"https:\/\/dev.myindustrial.eu\/lv\/wp-json\/wp\/v2\/product_tag?post=1260060823"}],"curies":[{"name":"wp","href":"https:\/\/api.w.org\/{rel}","templated":true}]}}