{"id":1260060854,"date":"2022-05-16T21:57:42","date_gmt":"2022-05-16T21:57:42","guid":{"rendered":"https:\/\/dev.myindustrial.eu\/shop\/uncategorized\/crane-wheels\/"},"modified":"2024-12-27T23:39:15","modified_gmt":"2024-12-27T23:39:15","slug":"crane-wheels","status":"publish","type":"product","link":"https:\/\/dev.myindustrial.eu\/lv\/shop\/rupnieciskas-bremzu-sistemas-un-piedzinas-apstadinasanas-komponentes\/celtna-riteni\/crane-wheels\/","title":{"rendered":"Celt\u0146u rite\u0146i"},"content":{"rendered":"<p><span style=\"font-weight: 400;\">R\u016bpnieciskais ritenis ir gadu ilgu p\u0113t\u012bjumu, pielietojuma un uzlabojumu rezult\u0101ts: specifiskas zin\u0101\u0161anas, kas \u013c\u0101va izveidot ide\u0101lu komponentu galvenaj\u0101m nozares pielietojuma jom\u0101m, lai nodro\u0161in\u0101tu maksim\u0101lu tilta celt\u0146u, ostas celt\u0146u, rati\u0146u, \u012bpa\u0161u ma\u0161\u012bnu un dzelzce\u013ca transportl\u012bdzek\u013cu efektivit\u0101ti.<\/span><\/p>\n<p><span style=\"font-weight: 400;\">Katras ra\u017eo\u0161anas, kontroles, kvalit\u0101tes nodro\u0161in\u0101\u0161anas un mont\u0101\u017eas f\u0101zes p\u0101rvald\u012bba, apvienojum\u0101 ar stingru sertific\u0113ta Eiropas t\u0113rauda izv\u0113li un \u012bpa\u0161o r\u016bd\u012b\u0161anu, \u013cauj mums garant\u0113t augstus standartus izejmateri\u0101liem un visiem procesiem, da\u017e\u0101da veida piel\u0101gojumus un individu\u0101lus risin\u0101jumus.<\/span><\/p>\n<p><span style=\"font-weight: 400;\">Prec\u012bzi testi un sertifik\u0101cijas proced\u016bras nodro\u0161ina ilgsto\u0161u veiktsp\u0113ju un augstu uzticam\u012bbu 24 stundas diennakt\u012b, 365 dienas gad\u0101: tas noz\u012bm\u0113 laika ietaup\u012bjumu apkopei un samazin\u0101tu iek\u0101rtu d\u012bkst\u0101vi.<\/span><span style=\"font-weight: 400;\"><br \/>\n<\/span><span style=\"font-weight: 400;\">M\u0113s pied\u0101v\u0101jam ar\u012b konsult\u0101ciju pakalpojumus, pateicoties MAA intelengineering SIA sp\u0113jai izstr\u0101d\u0101t ide\u0101lu risin\u0101jumu katram vajadz\u012bbu veidam.<\/span><\/p>\n<p><b>Ra\u017eo\u0161anas process<\/b><\/p>\n<ul>\n<li style=\"font-weight: 400;\" aria-level=\"1\"><span style=\"font-weight: 400;\">Izejvielu iepirk\u0161ana<\/span><\/li>\n<li style=\"font-weight: 400;\" aria-level=\"1\"><span style=\"font-weight: 400;\">S\u0101kotn\u0113j\u0101 apstr\u0101de<\/span><\/li>\n<li style=\"font-weight: 400;\" aria-level=\"1\"><span style=\"font-weight: 400;\">Termisk\u0101 apstr\u0101de<\/span><\/li>\n<li style=\"font-weight: 400;\" aria-level=\"1\"><span style=\"font-weight: 400;\">Gal\u012bg\u0101 sl\u012bp\u0113\u0161ana<\/span><\/li>\n<li style=\"font-weight: 400;\" aria-level=\"1\"><span style=\"font-weight: 400;\">Kvalit\u0101tes p\u0101rbaude<\/span><\/li>\n<\/ul>\n<p><b>\u012apa\u0161\u012bbas<\/b><span style=\"font-weight: 400;\"><br \/>\n<\/span><span style=\"font-weight: 400;\">Nep\u0101rtraukti p\u0113t\u012bjumi materi\u0101los un tehnolo\u0123ij\u0101s, lai nodro\u0161in\u0101tu ilgsto\u0161u r\u016bd\u012bjumu.<\/span><\/p>\n<ul>\n<li style=\"font-weight: 400;\" aria-level=\"1\"><span style=\"font-weight: 400;\">Pateicoties sadarb\u012bbai ar p\u0113tniec\u012bbas centru, rite\u0146i ir vien\u012bgie, kas ir sertific\u0113ti ar \u012bpa\u0161u r\u016bd\u012b\u0161anas anal\u012bzi.<\/span><\/li>\n<li style=\"font-weight: 400;\" aria-level=\"1\"><span style=\"font-weight: 400;\">Rite\u0146i atbilst standartiem, kas nodro\u0161ina augstu veiktsp\u0113ju ilgtermi\u0146\u0101. R\u016bd\u012b\u0161anu var v\u0113l piel\u0101got jebkur\u0101m klienta vajadz\u012bb\u0101m.<\/span><\/li>\n<li style=\"font-weight: 400;\" aria-level=\"1\"><span style=\"font-weight: 400;\">Visi rite\u0146i tiek pieg\u0101d\u0101ti ar sertific\u0113tu r\u016bpn\u012bcas test\u0113\u0161anas zi\u0146ojumu, met\u0101la r\u016bd\u012b\u0161anas sertifik\u0101tu (pat katram atsevi\u0161\u0137am ritenim) un izm\u0113ru rezult\u0101tu zi\u0146ojumu.<\/span><\/li>\n<\/ul>\n<p><b>Tehnisk\u0101s priek\u0161roc\u012bbas<\/b><span style=\"font-weight: 400;\"><br \/>\n<\/span><b>R\u016aD\u012a\u0160ANA<\/b><span style=\"font-weight: 400;\"><br \/>\n<\/span><span style=\"font-weight: 400;\">Katrs atsevi\u0161\u0137s ritenis un t\u0101 r\u016bd\u012bjums var tikt sertific\u0113ts, izmantojot nesagraujo\u0161\u0101s p\u0101rbaudes metodi, kas \u013cauj izm\u0113r\u012bt cement\u0101cijas dzi\u013cumu, nesagrie\u017eot riteni.<\/span><\/p>\n<p>&nbsp;<\/p>\n","protected":false},"excerpt":{"rendered":"<p><span style=\"font-weight: 400;\">R\u016bpnieciskie celt\u0146u rite\u0146i ir izstr\u0101d\u0101ti, lai nodro\u0161in\u0101tu maksim\u0101lu tilta celt\u0146u, ostas celt\u0146u, rati\u0146u un \u012bpa\u0161u ma\u0161\u012bnu veiktsp\u0113ju.<\/span><span style=\"font-weight: 400;\"><br \/>\n<\/span><span style=\"font-weight: 400;\">Izgatavoti no sertific\u0113ta Eiropas t\u0113rauda un ra\u017eoti, izmantojot modern\u0101k\u0101s tehnolo\u0123ijas, m\u016bsu r\u016bpnieciskie rite\u0146i atbilst augstiem kvalit\u0101tes standartiem un specifiskaj\u0101m zin\u0101\u0161an\u0101m, ko ir uzkr\u0101jusi MAA intelengineering SIA.<\/span><\/p>\n","protected":false},"featured_media":1260064925,"template":"","meta":[],"product_brand":[],"product_cat":[1385,1486],"product_tag":[],"class_list":{"0":"post-1260060854","1":"product","2":"type-product","3":"status-publish","4":"has-post-thumbnail","6":"product_cat-rupnieciskas-bremzu-sistemas-un-piedzinas-apstadinasanas-komponentes","7":"product_cat-celtna-riteni","9":"first","10":"instock","11":"shipping-taxable","12":"product-type-simple"},"yoast_head":"<!-- This site is optimized with the Yoast SEO plugin v27.1.1 - https:\/\/yoast.com\/product\/yoast-seo-wordpress\/ -->\n<title>Celt\u0146u rite\u0146i - My industrial<\/title>\n<meta name=\"robots\" content=\"noindex, follow, max-snippet:-1, max-image-preview:large, max-video-preview:-1\" \/>\n<meta property=\"og:locale\" content=\"lv_LV\" \/>\n<meta property=\"og:type\" content=\"article\" \/>\n<meta property=\"og:title\" content=\"Celt\u0146u rite\u0146i - My industrial\" \/>\n<meta property=\"og:description\" content=\"R\u016bpnieciskie celt\u0146u rite\u0146i ir izstr\u0101d\u0101ti, lai nodro\u0161in\u0101tu maksim\u0101lu tilta celt\u0146u, ostas celt\u0146u, rati\u0146u un \u012bpa\u0161u ma\u0161\u012bnu veiktsp\u0113ju. Izgatavoti no sertific\u0113ta Eiropas t\u0113rauda un ra\u017eoti, izmantojot modern\u0101k\u0101s tehnolo\u0123ijas, m\u016bsu r\u016bpnieciskie rite\u0146i atbilst augstiem kvalit\u0101tes standartiem un specifiskaj\u0101m zin\u0101\u0161an\u0101m, ko ir uzkr\u0101jusi MAA intelengineering SIA.\" \/>\n<meta property=\"og:url\" content=\"https:\/\/dev.myindustrial.eu\/lv\/shop\/rupnieciskas-bremzu-sistemas-un-piedzinas-apstadinasanas-komponentes\/celtna-riteni\/crane-wheels\/\" \/>\n<meta property=\"og:site_name\" content=\"My industrial\" \/>\n<meta property=\"article:modified_time\" content=\"2024-12-27T23:39:15+00:00\" \/>\n<meta property=\"og:image\" content=\"https:\/\/dev.myindustrial.eu\/wp-content\/uploads\/2022\/05\/yellow-crane-wheels-3.webp\" \/>\n\t<meta property=\"og:image:width\" content=\"800\" \/>\n\t<meta property=\"og:image:height\" content=\"800\" \/>\n\t<meta property=\"og:image:type\" content=\"image\/webp\" \/>\n<meta name=\"twitter:card\" content=\"summary_large_image\" \/>\n<script type=\"application\/ld+json\" class=\"yoast-schema-graph\">{\"@context\":\"https:\/\/schema.org\",\"@graph\":[{\"@type\":\"WebPage\",\"@id\":\"https:\/\/dev.myindustrial.eu\/lv\/shop\/rupnieciskas-bremzu-sistemas-un-piedzinas-apstadinasanas-komponentes\/celtna-riteni\/crane-wheels\/\",\"url\":\"https:\/\/dev.myindustrial.eu\/lv\/shop\/rupnieciskas-bremzu-sistemas-un-piedzinas-apstadinasanas-komponentes\/celtna-riteni\/crane-wheels\/\",\"name\":\"Celt\u0146u rite\u0146i - My industrial\",\"isPartOf\":{\"@id\":\"https:\/\/dev.myindustrial.eu\/lv\/#website\"},\"primaryImageOfPage\":{\"@id\":\"https:\/\/dev.myindustrial.eu\/lv\/shop\/rupnieciskas-bremzu-sistemas-un-piedzinas-apstadinasanas-komponentes\/celtna-riteni\/crane-wheels\/#primaryimage\"},\"image\":{\"@id\":\"https:\/\/dev.myindustrial.eu\/lv\/shop\/rupnieciskas-bremzu-sistemas-un-piedzinas-apstadinasanas-komponentes\/celtna-riteni\/crane-wheels\/#primaryimage\"},\"thumbnailUrl\":\"https:\/\/dev.myindustrial.eu\/wp-content\/uploads\/2022\/05\/yellow-crane-wheels-3.webp\",\"datePublished\":\"2022-05-16T21:57:42+00:00\",\"dateModified\":\"2024-12-27T23:39:15+00:00\",\"breadcrumb\":{\"@id\":\"https:\/\/dev.myindustrial.eu\/lv\/shop\/rupnieciskas-bremzu-sistemas-un-piedzinas-apstadinasanas-komponentes\/celtna-riteni\/crane-wheels\/#breadcrumb\"},\"inLanguage\":\"lv-LV\",\"potentialAction\":[{\"@type\":\"ReadAction\",\"target\":[\"https:\/\/dev.myindustrial.eu\/lv\/shop\/rupnieciskas-bremzu-sistemas-un-piedzinas-apstadinasanas-komponentes\/celtna-riteni\/crane-wheels\/\"]}]},{\"@type\":\"ImageObject\",\"inLanguage\":\"lv-LV\",\"@id\":\"https:\/\/dev.myindustrial.eu\/lv\/shop\/rupnieciskas-bremzu-sistemas-un-piedzinas-apstadinasanas-komponentes\/celtna-riteni\/crane-wheels\/#primaryimage\",\"url\":\"https:\/\/dev.myindustrial.eu\/wp-content\/uploads\/2022\/05\/yellow-crane-wheels-3.webp\",\"contentUrl\":\"https:\/\/dev.myindustrial.eu\/wp-content\/uploads\/2022\/05\/yellow-crane-wheels-3.webp\",\"width\":800,\"height\":800},{\"@type\":\"BreadcrumbList\",\"@id\":\"https:\/\/dev.myindustrial.eu\/lv\/shop\/rupnieciskas-bremzu-sistemas-un-piedzinas-apstadinasanas-komponentes\/celtna-riteni\/crane-wheels\/#breadcrumb\",\"itemListElement\":[{\"@type\":\"ListItem\",\"position\":1,\"name\":\"Home\",\"item\":\"https:\/\/dev.myindustrial.eu\/lv\/\"},{\"@type\":\"ListItem\",\"position\":2,\"name\":\"Products\",\"item\":\"https:\/\/dev.myindustrial.eu\/lv\/products\/\"},{\"@type\":\"ListItem\",\"position\":3,\"name\":\"Celt\u0146u rite\u0146i\"}]},{\"@type\":\"WebSite\",\"@id\":\"https:\/\/dev.myindustrial.eu\/lv\/#website\",\"url\":\"https:\/\/dev.myindustrial.eu\/lv\/\",\"name\":\"My industrial\",\"description\":\"\",\"potentialAction\":[{\"@type\":\"SearchAction\",\"target\":{\"@type\":\"EntryPoint\",\"urlTemplate\":\"https:\/\/dev.myindustrial.eu\/lv\/?s={search_term_string}\"},\"query-input\":{\"@type\":\"PropertyValueSpecification\",\"valueRequired\":true,\"valueName\":\"search_term_string\"}}],\"inLanguage\":\"lv-LV\"}]}<\/script>\n<!-- \/ Yoast SEO plugin. -->","yoast_head_json":{"title":"Celt\u0146u rite\u0146i - My industrial","robots":{"index":"noindex","follow":"follow","max-snippet":"max-snippet:-1","max-image-preview":"max-image-preview:large","max-video-preview":"max-video-preview:-1"},"og_locale":"lv_LV","og_type":"article","og_title":"Celt\u0146u rite\u0146i - My industrial","og_description":"R\u016bpnieciskie celt\u0146u rite\u0146i ir izstr\u0101d\u0101ti, lai nodro\u0161in\u0101tu maksim\u0101lu tilta celt\u0146u, ostas celt\u0146u, rati\u0146u un \u012bpa\u0161u ma\u0161\u012bnu veiktsp\u0113ju. Izgatavoti no sertific\u0113ta Eiropas t\u0113rauda un ra\u017eoti, izmantojot modern\u0101k\u0101s tehnolo\u0123ijas, m\u016bsu r\u016bpnieciskie rite\u0146i atbilst augstiem kvalit\u0101tes standartiem un specifiskaj\u0101m zin\u0101\u0161an\u0101m, ko ir uzkr\u0101jusi MAA intelengineering SIA.","og_url":"https:\/\/dev.myindustrial.eu\/lv\/shop\/rupnieciskas-bremzu-sistemas-un-piedzinas-apstadinasanas-komponentes\/celtna-riteni\/crane-wheels\/","og_site_name":"My industrial","article_modified_time":"2024-12-27T23:39:15+00:00","og_image":[{"width":800,"height":800,"url":"https:\/\/dev.myindustrial.eu\/wp-content\/uploads\/2022\/05\/yellow-crane-wheels-3.webp","type":"image\/webp"}],"twitter_card":"summary_large_image","schema":{"@context":"https:\/\/schema.org","@graph":[{"@type":"WebPage","@id":"https:\/\/dev.myindustrial.eu\/lv\/shop\/rupnieciskas-bremzu-sistemas-un-piedzinas-apstadinasanas-komponentes\/celtna-riteni\/crane-wheels\/","url":"https:\/\/dev.myindustrial.eu\/lv\/shop\/rupnieciskas-bremzu-sistemas-un-piedzinas-apstadinasanas-komponentes\/celtna-riteni\/crane-wheels\/","name":"Celt\u0146u rite\u0146i - My industrial","isPartOf":{"@id":"https:\/\/dev.myindustrial.eu\/lv\/#website"},"primaryImageOfPage":{"@id":"https:\/\/dev.myindustrial.eu\/lv\/shop\/rupnieciskas-bremzu-sistemas-un-piedzinas-apstadinasanas-komponentes\/celtna-riteni\/crane-wheels\/#primaryimage"},"image":{"@id":"https:\/\/dev.myindustrial.eu\/lv\/shop\/rupnieciskas-bremzu-sistemas-un-piedzinas-apstadinasanas-komponentes\/celtna-riteni\/crane-wheels\/#primaryimage"},"thumbnailUrl":"https:\/\/dev.myindustrial.eu\/wp-content\/uploads\/2022\/05\/yellow-crane-wheels-3.webp","datePublished":"2022-05-16T21:57:42+00:00","dateModified":"2024-12-27T23:39:15+00:00","breadcrumb":{"@id":"https:\/\/dev.myindustrial.eu\/lv\/shop\/rupnieciskas-bremzu-sistemas-un-piedzinas-apstadinasanas-komponentes\/celtna-riteni\/crane-wheels\/#breadcrumb"},"inLanguage":"lv-LV","potentialAction":[{"@type":"ReadAction","target":["https:\/\/dev.myindustrial.eu\/lv\/shop\/rupnieciskas-bremzu-sistemas-un-piedzinas-apstadinasanas-komponentes\/celtna-riteni\/crane-wheels\/"]}]},{"@type":"ImageObject","inLanguage":"lv-LV","@id":"https:\/\/dev.myindustrial.eu\/lv\/shop\/rupnieciskas-bremzu-sistemas-un-piedzinas-apstadinasanas-komponentes\/celtna-riteni\/crane-wheels\/#primaryimage","url":"https:\/\/dev.myindustrial.eu\/wp-content\/uploads\/2022\/05\/yellow-crane-wheels-3.webp","contentUrl":"https:\/\/dev.myindustrial.eu\/wp-content\/uploads\/2022\/05\/yellow-crane-wheels-3.webp","width":800,"height":800},{"@type":"BreadcrumbList","@id":"https:\/\/dev.myindustrial.eu\/lv\/shop\/rupnieciskas-bremzu-sistemas-un-piedzinas-apstadinasanas-komponentes\/celtna-riteni\/crane-wheels\/#breadcrumb","itemListElement":[{"@type":"ListItem","position":1,"name":"Home","item":"https:\/\/dev.myindustrial.eu\/lv\/"},{"@type":"ListItem","position":2,"name":"Products","item":"https:\/\/dev.myindustrial.eu\/lv\/products\/"},{"@type":"ListItem","position":3,"name":"Celt\u0146u rite\u0146i"}]},{"@type":"WebSite","@id":"https:\/\/dev.myindustrial.eu\/lv\/#website","url":"https:\/\/dev.myindustrial.eu\/lv\/","name":"My industrial","description":"","potentialAction":[{"@type":"SearchAction","target":{"@type":"EntryPoint","urlTemplate":"https:\/\/dev.myindustrial.eu\/lv\/?s={search_term_string}"},"query-input":{"@type":"PropertyValueSpecification","valueRequired":true,"valueName":"search_term_string"}}],"inLanguage":"lv-LV"}]}},"_links":{"self":[{"href":"https:\/\/dev.myindustrial.eu\/lv\/wp-json\/wp\/v2\/product\/1260060854","targetHints":{"allow":["GET"]}}],"collection":[{"href":"https:\/\/dev.myindustrial.eu\/lv\/wp-json\/wp\/v2\/product"}],"about":[{"href":"https:\/\/dev.myindustrial.eu\/lv\/wp-json\/wp\/v2\/types\/product"}],"version-history":[{"count":1,"href":"https:\/\/dev.myindustrial.eu\/lv\/wp-json\/wp\/v2\/product\/1260060854\/revisions"}],"predecessor-version":[{"id":1260065651,"href":"https:\/\/dev.myindustrial.eu\/lv\/wp-json\/wp\/v2\/product\/1260060854\/revisions\/1260065651"}],"wp:featuredmedia":[{"embeddable":true,"href":"https:\/\/dev.myindustrial.eu\/lv\/wp-json\/wp\/v2\/media\/1260064925"}],"wp:attachment":[{"href":"https:\/\/dev.myindustrial.eu\/lv\/wp-json\/wp\/v2\/media?parent=1260060854"}],"wp:term":[{"taxonomy":"product_brand","embeddable":true,"href":"https:\/\/dev.myindustrial.eu\/lv\/wp-json\/wp\/v2\/product_brand?post=1260060854"},{"taxonomy":"product_cat","embeddable":true,"href":"https:\/\/dev.myindustrial.eu\/lv\/wp-json\/wp\/v2\/product_cat?post=1260060854"},{"taxonomy":"product_tag","embeddable":true,"href":"https:\/\/dev.myindustrial.eu\/lv\/wp-json\/wp\/v2\/product_tag?post=1260060854"}],"curies":[{"name":"wp","href":"https:\/\/api.w.org\/{rel}","templated":true}]}}