{"id":1260061017,"date":"2022-05-25T17:43:40","date_gmt":"2022-05-25T17:43:40","guid":{"rendered":"https:\/\/dev.myindustrial.eu\/shop\/uncategorized\/emg-eldro-new-generation\/"},"modified":"2023-07-16T19:54:42","modified_gmt":"2023-07-16T19:54:42","slug":"emg-eldro-new-generation","status":"publish","type":"product","link":"https:\/\/dev.myindustrial.eu\/lv\/shop\/elektrohidraulisko-piedzinu-risinajumi\/elektrohidrauliskie-dzineji\/emg-eldro-new-generation\/","title":{"rendered":"EMG ELDRO\u00ae \u2014 Jaun\u0101 paaudze"},"content":{"rendered":"<p><iframe width=\"560\" height=\"315\" src=\"https:\/\/www.youtube.com\/embed\/He3bOT_491g\" frameborder=\"0\" allow=\"accelerometer; autoplay; clipboard-write; encrypted-media; gyroscope; picture-in-picture; web-share\" allowfullscreen><\/iframe><\/p>\n","protected":false},"excerpt":{"rendered":"<p>EMG ELDRO\u00ae \u2014 Lab\u0101kais no div\u0101m pasaul\u0113m \u2014 Jaun\u0101 paaudze<br \/>\nEMG ELDRO\u00ae \u2014 Elektrohidrauliskais dzin\u0113js<\/p>\n<p>Ikdien\u0101 m\u016bsu klienti mums uztic savu iek\u0101rtu un pre\u010du dro\u0161\u012bbu, bet v\u0113l svar\u012bg\u0101k \u2013 to cilv\u0113ku dro\u0161\u012bbu, kuri str\u0101d\u0101 ar celt\u0146u sist\u0113m\u0101m un pace\u013cam\u0101m krav\u0101m.<br \/>\nM\u016bsu EMG produktu kl\u0101sts atbilst vis\u0101m iesp\u0113jam\u0101m klientu pras\u012bb\u0101m neatkar\u012bgi no nozares, vides apst\u0101k\u013ciem, instal\u0101cijas lieluma izm\u0113riem un atra\u0161an\u0101s vietas vai sp\u0113ka, \u0101truma pras\u012bb\u0101m. M\u0113s pied\u0101v\u0101jam 100% da\u017e\u0101d\u012bbu, 100% kvalit\u0101ti, 100% iztur\u012bbu un 100% uzticam\u012bbu.<br \/>\nPamatojoties uz pl\u016bsmas skaitliskiem apr\u0113\u0137iniem un simul\u0101cij\u0101m \u2014 mums tagad ir papildus zin\u0101\u0161anas, lai veidotu jaun\u0101k\u0101s tehnolo\u0123ijas \u2014 m\u0113s esam pilnveidoju\u0161i p\u0101rbaud\u012bto EMG hidrogr\u016bd\u0113ja dzin\u0113ju tehnolo\u0123iju jaunaj\u0101 paaudz\u0113:<br \/>\nEMG ELDRO\u00ae \u2014 Elektrohidrauliskais dzin\u0113js, J\u016bsu uztic\u012bba.<\/p>\n<p>Jaun\u0101s paaudzes EMG ELDRO\u00ae apvieno lab\u0101ko no m\u016bsu iepriek\u0161\u0113j\u0101m ELDRO\u00ae un ELHY\u00ae s\u0113rij\u0101m, ietver visu gadu desmitiem uzkr\u0101to pieredzi, lai izmantotu \u0161o produktu da\u017e\u0101d\u0101s jom\u0101s. Pateicoties daudz\u0101m jaun\u0101m tehnolo\u0123ij\u0101m un CFD simul\u0101cijas (Computational Fluid Dynamics) izmanto\u0161anai, m\u016bsu jaunos dzin\u0113jus var izmantot v\u0113l efekt\u012bv\u0101k un individu\u0101li!<br \/>\nTaj\u0101 pa\u0161\u0101 laik\u0101 m\u0113s paliekam uztic\u012bgi t\u012bri meh\u0101niskam funkcion\u0101lajam principam, kas neietver elektriskos v\u0101rstus vai elektroniskos komponentus pamata funkcionalit\u0101t\u0113.<\/p>\n<p>K\u0101 vienm\u0113r, m\u0113s nodro\u0161in\u0101m 100% uzticam\u012bbu un maksim\u0101lu apkopes vienk\u0101r\u0161\u012bbu.<br \/>\n\u0160\u012bs jaun\u0101s paaudzes hidrogr\u016bd\u0113ju dzin\u0113ji pied\u0101v\u0101:<br \/>\n&#8211; liel\u0101ka dro\u0161\u012bba un komforts,<br \/>\n-augst\u0101ka veiktsp\u0113ja ar maz\u0101kiem izm\u0113riem,<br \/>\n-augst\u0101ka efektivit\u0101te un \u0101tr\u0101ks cikla laiks,<br \/>\n-pielietojums augst\u0101kos temperat\u016bras diapazonos,<br \/>\n&#8211; iek\u0161\u0113j\u0101s poz\u012bcijas displeji,<br \/>\n-augst\u0101ka apkopes vienk\u0101r\u0161\u012bba.<\/p>\n<p>S\u012bk\u0101ka inform\u0101cija sekos tuv\u0101ko ned\u0113\u013cu laik\u0101! Esi ieinteres\u0113ts!<br \/>\nORI\u0122IN\u0100LS. ESI DRO\u0160S.<\/p>\n<p><a href=\"\/wp-content\/uploads\/2023\/07\/20230502_eldro_uebersicht_a-baureihe_en.pdf\" target=\"_blank\" rel=\"noopener\"><img decoding=\"async\" src=\"\/wp-content\/uploads\/2023\/02\/download-button-lv.svg\" \/><\/a><\/p>\n","protected":false},"featured_media":1260061022,"template":"","meta":[],"product_brand":[],"product_cat":[1304,1312],"product_tag":[],"class_list":{"0":"post-1260061017","1":"product","2":"type-product","3":"status-publish","4":"has-post-thumbnail","6":"product_cat-elektrohidraulisko-piedzinu-risinajumi","7":"product_cat-elektrohidrauliskie-dzineji","9":"first","10":"instock","11":"shipping-taxable","12":"product-type-simple"},"yoast_head":"<!-- This site is optimized with the Yoast SEO plugin v27.1.1 - https:\/\/yoast.com\/product\/yoast-seo-wordpress\/ -->\n<title>EMG ELDRO\u00ae \u2014 Jaun\u0101 paaudze - My industrial<\/title>\n<meta name=\"robots\" content=\"noindex, follow, max-snippet:-1, max-image-preview:large, max-video-preview:-1\" \/>\n<meta property=\"og:locale\" content=\"lv_LV\" \/>\n<meta property=\"og:type\" content=\"article\" \/>\n<meta property=\"og:title\" content=\"EMG ELDRO\u00ae \u2014 Jaun\u0101 paaudze - My industrial\" \/>\n<meta property=\"og:description\" content=\"EMG ELDRO\u00ae \u2014 Lab\u0101kais no div\u0101m pasaul\u0113m \u2014 Jaun\u0101 paaudze EMG ELDRO\u00ae \u2014 Elektrohidrauliskais dzin\u0113js  Ikdien\u0101 m\u016bsu klienti mums uztic savu iek\u0101rtu un pre\u010du dro\u0161\u012bbu, bet v\u0113l svar\u012bg\u0101k \u2013 to cilv\u0113ku dro\u0161\u012bbu, kuri str\u0101d\u0101 ar celt\u0146u sist\u0113m\u0101m un pace\u013cam\u0101m krav\u0101m. M\u016bsu EMG produktu kl\u0101sts atbilst vis\u0101m iesp\u0113jam\u0101m klientu pras\u012bb\u0101m neatkar\u012bgi no nozares, vides apst\u0101k\u013ciem, instal\u0101cijas lieluma izm\u0113riem un atra\u0161an\u0101s vietas vai sp\u0113ka, \u0101truma pras\u012bb\u0101m. M\u0113s pied\u0101v\u0101jam 100% da\u017e\u0101d\u012bbu, 100% kvalit\u0101ti, 100% iztur\u012bbu un 100% uzticam\u012bbu. Pamatojoties uz pl\u016bsmas skaitliskiem apr\u0113\u0137iniem un simul\u0101cij\u0101m \u2014 mums tagad ir papildus zin\u0101\u0161anas, lai veidotu jaun\u0101k\u0101s tehnolo\u0123ijas \u2014 m\u0113s esam pilnveidoju\u0161i p\u0101rbaud\u012bto EMG hidrogr\u016bd\u0113ja dzin\u0113ju tehnolo\u0123iju jaunaj\u0101 paaudz\u0113: EMG ELDRO\u00ae \u2014 Elektrohidrauliskais dzin\u0113js, J\u016bsu uztic\u012bba.  Jaun\u0101s paaudzes EMG ELDRO\u00ae apvieno lab\u0101ko no m\u016bsu iepriek\u0161\u0113j\u0101m ELDRO\u00ae un ELHY\u00ae s\u0113rij\u0101m, ietver visu gadu desmitiem uzkr\u0101to pieredzi, lai izmantotu \u0161o produktu da\u017e\u0101d\u0101s jom\u0101s. Pateicoties daudz\u0101m jaun\u0101m tehnolo\u0123ij\u0101m un CFD simul\u0101cijas (Computational Fluid Dynamics) izmanto\u0161anai, m\u016bsu jaunos dzin\u0113jus var izmantot v\u0113l efekt\u012bv\u0101k un individu\u0101li! Taj\u0101 pa\u0161\u0101 laik\u0101 m\u0113s paliekam uztic\u012bgi t\u012bri meh\u0101niskam funkcion\u0101lajam principam, kas neietver elektriskos v\u0101rstus vai elektroniskos komponentus pamata funkcionalit\u0101t\u0113.  K\u0101 vienm\u0113r, m\u0113s nodro\u0161in\u0101m 100% uzticam\u012bbu un maksim\u0101lu apkopes vienk\u0101r\u0161\u012bbu. \u0160\u012bs jaun\u0101s paaudzes hidrogr\u016bd\u0113ju dzin\u0113ji pied\u0101v\u0101: - liel\u0101ka dro\u0161\u012bba un komforts, -augst\u0101ka veiktsp\u0113ja ar maz\u0101kiem izm\u0113riem, -augst\u0101ka efektivit\u0101te un \u0101tr\u0101ks cikla laiks, -pielietojums augst\u0101kos temperat\u016bras diapazonos, - iek\u0161\u0113j\u0101s poz\u012bcijas displeji, -augst\u0101ka apkopes vienk\u0101r\u0161\u012bba.  S\u012bk\u0101ka inform\u0101cija sekos tuv\u0101ko ned\u0113\u013cu laik\u0101! Esi ieinteres\u0113ts! ORI\u0122IN\u0100LS. ESI DRO\u0160S.\" \/>\n<meta property=\"og:url\" content=\"https:\/\/dev.myindustrial.eu\/lv\/shop\/elektrohidraulisko-piedzinu-risinajumi\/elektrohidrauliskie-dzineji\/emg-eldro-new-generation\/\" \/>\n<meta property=\"og:site_name\" content=\"My industrial\" \/>\n<meta property=\"article:modified_time\" content=\"2023-07-16T19:54:42+00:00\" \/>\n<meta property=\"og:image\" content=\"https:\/\/dev.myindustrial.eu\/wp-content\/uploads\/2022\/05\/new-generation.webp\" \/>\n\t<meta property=\"og:image:width\" content=\"568\" \/>\n\t<meta property=\"og:image:height\" content=\"576\" \/>\n\t<meta property=\"og:image:type\" content=\"image\/webp\" \/>\n<meta name=\"twitter:card\" content=\"summary_large_image\" \/>\n<script type=\"application\/ld+json\" class=\"yoast-schema-graph\">{\"@context\":\"https:\/\/schema.org\",\"@graph\":[{\"@type\":\"WebPage\",\"@id\":\"https:\/\/dev.myindustrial.eu\/lv\/shop\/elektrohidraulisko-piedzinu-risinajumi\/elektrohidrauliskie-dzineji\/emg-eldro-new-generation\/\",\"url\":\"https:\/\/dev.myindustrial.eu\/lv\/shop\/elektrohidraulisko-piedzinu-risinajumi\/elektrohidrauliskie-dzineji\/emg-eldro-new-generation\/\",\"name\":\"EMG ELDRO\u00ae \u2014 Jaun\u0101 paaudze - My industrial\",\"isPartOf\":{\"@id\":\"https:\/\/dev.myindustrial.eu\/lv\/#website\"},\"primaryImageOfPage\":{\"@id\":\"https:\/\/dev.myindustrial.eu\/lv\/shop\/elektrohidraulisko-piedzinu-risinajumi\/elektrohidrauliskie-dzineji\/emg-eldro-new-generation\/#primaryimage\"},\"image\":{\"@id\":\"https:\/\/dev.myindustrial.eu\/lv\/shop\/elektrohidraulisko-piedzinu-risinajumi\/elektrohidrauliskie-dzineji\/emg-eldro-new-generation\/#primaryimage\"},\"thumbnailUrl\":\"https:\/\/dev.myindustrial.eu\/wp-content\/uploads\/2022\/05\/new-generation.webp\",\"datePublished\":\"2022-05-25T17:43:40+00:00\",\"dateModified\":\"2023-07-16T19:54:42+00:00\",\"breadcrumb\":{\"@id\":\"https:\/\/dev.myindustrial.eu\/lv\/shop\/elektrohidraulisko-piedzinu-risinajumi\/elektrohidrauliskie-dzineji\/emg-eldro-new-generation\/#breadcrumb\"},\"inLanguage\":\"lv-LV\",\"potentialAction\":[{\"@type\":\"ReadAction\",\"target\":[\"https:\/\/dev.myindustrial.eu\/lv\/shop\/elektrohidraulisko-piedzinu-risinajumi\/elektrohidrauliskie-dzineji\/emg-eldro-new-generation\/\"]}]},{\"@type\":\"ImageObject\",\"inLanguage\":\"lv-LV\",\"@id\":\"https:\/\/dev.myindustrial.eu\/lv\/shop\/elektrohidraulisko-piedzinu-risinajumi\/elektrohidrauliskie-dzineji\/emg-eldro-new-generation\/#primaryimage\",\"url\":\"https:\/\/dev.myindustrial.eu\/wp-content\/uploads\/2022\/05\/new-generation.webp\",\"contentUrl\":\"https:\/\/dev.myindustrial.eu\/wp-content\/uploads\/2022\/05\/new-generation.webp\",\"width\":568,\"height\":576},{\"@type\":\"BreadcrumbList\",\"@id\":\"https:\/\/dev.myindustrial.eu\/lv\/shop\/elektrohidraulisko-piedzinu-risinajumi\/elektrohidrauliskie-dzineji\/emg-eldro-new-generation\/#breadcrumb\",\"itemListElement\":[{\"@type\":\"ListItem\",\"position\":1,\"name\":\"Home\",\"item\":\"https:\/\/dev.myindustrial.eu\/lv\/\"},{\"@type\":\"ListItem\",\"position\":2,\"name\":\"Products\",\"item\":\"https:\/\/dev.myindustrial.eu\/lv\/products\/\"},{\"@type\":\"ListItem\",\"position\":3,\"name\":\"EMG ELDRO\u00ae \u2014 Jaun\u0101 paaudze\"}]},{\"@type\":\"WebSite\",\"@id\":\"https:\/\/dev.myindustrial.eu\/lv\/#website\",\"url\":\"https:\/\/dev.myindustrial.eu\/lv\/\",\"name\":\"My industrial\",\"description\":\"\",\"potentialAction\":[{\"@type\":\"SearchAction\",\"target\":{\"@type\":\"EntryPoint\",\"urlTemplate\":\"https:\/\/dev.myindustrial.eu\/lv\/?s={search_term_string}\"},\"query-input\":{\"@type\":\"PropertyValueSpecification\",\"valueRequired\":true,\"valueName\":\"search_term_string\"}}],\"inLanguage\":\"lv-LV\"}]}<\/script>\n<!-- \/ Yoast SEO plugin. -->","yoast_head_json":{"title":"EMG ELDRO\u00ae \u2014 Jaun\u0101 paaudze - My industrial","robots":{"index":"noindex","follow":"follow","max-snippet":"max-snippet:-1","max-image-preview":"max-image-preview:large","max-video-preview":"max-video-preview:-1"},"og_locale":"lv_LV","og_type":"article","og_title":"EMG ELDRO\u00ae \u2014 Jaun\u0101 paaudze - My industrial","og_description":"EMG ELDRO\u00ae \u2014 Lab\u0101kais no div\u0101m pasaul\u0113m \u2014 Jaun\u0101 paaudze EMG ELDRO\u00ae \u2014 Elektrohidrauliskais dzin\u0113js  Ikdien\u0101 m\u016bsu klienti mums uztic savu iek\u0101rtu un pre\u010du dro\u0161\u012bbu, bet v\u0113l svar\u012bg\u0101k \u2013 to cilv\u0113ku dro\u0161\u012bbu, kuri str\u0101d\u0101 ar celt\u0146u sist\u0113m\u0101m un pace\u013cam\u0101m krav\u0101m. M\u016bsu EMG produktu kl\u0101sts atbilst vis\u0101m iesp\u0113jam\u0101m klientu pras\u012bb\u0101m neatkar\u012bgi no nozares, vides apst\u0101k\u013ciem, instal\u0101cijas lieluma izm\u0113riem un atra\u0161an\u0101s vietas vai sp\u0113ka, \u0101truma pras\u012bb\u0101m. M\u0113s pied\u0101v\u0101jam 100% da\u017e\u0101d\u012bbu, 100% kvalit\u0101ti, 100% iztur\u012bbu un 100% uzticam\u012bbu. Pamatojoties uz pl\u016bsmas skaitliskiem apr\u0113\u0137iniem un simul\u0101cij\u0101m \u2014 mums tagad ir papildus zin\u0101\u0161anas, lai veidotu jaun\u0101k\u0101s tehnolo\u0123ijas \u2014 m\u0113s esam pilnveidoju\u0161i p\u0101rbaud\u012bto EMG hidrogr\u016bd\u0113ja dzin\u0113ju tehnolo\u0123iju jaunaj\u0101 paaudz\u0113: EMG ELDRO\u00ae \u2014 Elektrohidrauliskais dzin\u0113js, J\u016bsu uztic\u012bba.  Jaun\u0101s paaudzes EMG ELDRO\u00ae apvieno lab\u0101ko no m\u016bsu iepriek\u0161\u0113j\u0101m ELDRO\u00ae un ELHY\u00ae s\u0113rij\u0101m, ietver visu gadu desmitiem uzkr\u0101to pieredzi, lai izmantotu \u0161o produktu da\u017e\u0101d\u0101s jom\u0101s. Pateicoties daudz\u0101m jaun\u0101m tehnolo\u0123ij\u0101m un CFD simul\u0101cijas (Computational Fluid Dynamics) izmanto\u0161anai, m\u016bsu jaunos dzin\u0113jus var izmantot v\u0113l efekt\u012bv\u0101k un individu\u0101li! Taj\u0101 pa\u0161\u0101 laik\u0101 m\u0113s paliekam uztic\u012bgi t\u012bri meh\u0101niskam funkcion\u0101lajam principam, kas neietver elektriskos v\u0101rstus vai elektroniskos komponentus pamata funkcionalit\u0101t\u0113.  K\u0101 vienm\u0113r, m\u0113s nodro\u0161in\u0101m 100% uzticam\u012bbu un maksim\u0101lu apkopes vienk\u0101r\u0161\u012bbu. \u0160\u012bs jaun\u0101s paaudzes hidrogr\u016bd\u0113ju dzin\u0113ji pied\u0101v\u0101: - liel\u0101ka dro\u0161\u012bba un komforts, -augst\u0101ka veiktsp\u0113ja ar maz\u0101kiem izm\u0113riem, -augst\u0101ka efektivit\u0101te un \u0101tr\u0101ks cikla laiks, -pielietojums augst\u0101kos temperat\u016bras diapazonos, - iek\u0161\u0113j\u0101s poz\u012bcijas displeji, -augst\u0101ka apkopes vienk\u0101r\u0161\u012bba.  S\u012bk\u0101ka inform\u0101cija sekos tuv\u0101ko ned\u0113\u013cu laik\u0101! Esi ieinteres\u0113ts! ORI\u0122IN\u0100LS. ESI DRO\u0160S.","og_url":"https:\/\/dev.myindustrial.eu\/lv\/shop\/elektrohidraulisko-piedzinu-risinajumi\/elektrohidrauliskie-dzineji\/emg-eldro-new-generation\/","og_site_name":"My industrial","article_modified_time":"2023-07-16T19:54:42+00:00","og_image":[{"width":568,"height":576,"url":"https:\/\/dev.myindustrial.eu\/wp-content\/uploads\/2022\/05\/new-generation.webp","type":"image\/webp"}],"twitter_card":"summary_large_image","schema":{"@context":"https:\/\/schema.org","@graph":[{"@type":"WebPage","@id":"https:\/\/dev.myindustrial.eu\/lv\/shop\/elektrohidraulisko-piedzinu-risinajumi\/elektrohidrauliskie-dzineji\/emg-eldro-new-generation\/","url":"https:\/\/dev.myindustrial.eu\/lv\/shop\/elektrohidraulisko-piedzinu-risinajumi\/elektrohidrauliskie-dzineji\/emg-eldro-new-generation\/","name":"EMG ELDRO\u00ae \u2014 Jaun\u0101 paaudze - My industrial","isPartOf":{"@id":"https:\/\/dev.myindustrial.eu\/lv\/#website"},"primaryImageOfPage":{"@id":"https:\/\/dev.myindustrial.eu\/lv\/shop\/elektrohidraulisko-piedzinu-risinajumi\/elektrohidrauliskie-dzineji\/emg-eldro-new-generation\/#primaryimage"},"image":{"@id":"https:\/\/dev.myindustrial.eu\/lv\/shop\/elektrohidraulisko-piedzinu-risinajumi\/elektrohidrauliskie-dzineji\/emg-eldro-new-generation\/#primaryimage"},"thumbnailUrl":"https:\/\/dev.myindustrial.eu\/wp-content\/uploads\/2022\/05\/new-generation.webp","datePublished":"2022-05-25T17:43:40+00:00","dateModified":"2023-07-16T19:54:42+00:00","breadcrumb":{"@id":"https:\/\/dev.myindustrial.eu\/lv\/shop\/elektrohidraulisko-piedzinu-risinajumi\/elektrohidrauliskie-dzineji\/emg-eldro-new-generation\/#breadcrumb"},"inLanguage":"lv-LV","potentialAction":[{"@type":"ReadAction","target":["https:\/\/dev.myindustrial.eu\/lv\/shop\/elektrohidraulisko-piedzinu-risinajumi\/elektrohidrauliskie-dzineji\/emg-eldro-new-generation\/"]}]},{"@type":"ImageObject","inLanguage":"lv-LV","@id":"https:\/\/dev.myindustrial.eu\/lv\/shop\/elektrohidraulisko-piedzinu-risinajumi\/elektrohidrauliskie-dzineji\/emg-eldro-new-generation\/#primaryimage","url":"https:\/\/dev.myindustrial.eu\/wp-content\/uploads\/2022\/05\/new-generation.webp","contentUrl":"https:\/\/dev.myindustrial.eu\/wp-content\/uploads\/2022\/05\/new-generation.webp","width":568,"height":576},{"@type":"BreadcrumbList","@id":"https:\/\/dev.myindustrial.eu\/lv\/shop\/elektrohidraulisko-piedzinu-risinajumi\/elektrohidrauliskie-dzineji\/emg-eldro-new-generation\/#breadcrumb","itemListElement":[{"@type":"ListItem","position":1,"name":"Home","item":"https:\/\/dev.myindustrial.eu\/lv\/"},{"@type":"ListItem","position":2,"name":"Products","item":"https:\/\/dev.myindustrial.eu\/lv\/products\/"},{"@type":"ListItem","position":3,"name":"EMG ELDRO\u00ae \u2014 Jaun\u0101 paaudze"}]},{"@type":"WebSite","@id":"https:\/\/dev.myindustrial.eu\/lv\/#website","url":"https:\/\/dev.myindustrial.eu\/lv\/","name":"My industrial","description":"","potentialAction":[{"@type":"SearchAction","target":{"@type":"EntryPoint","urlTemplate":"https:\/\/dev.myindustrial.eu\/lv\/?s={search_term_string}"},"query-input":{"@type":"PropertyValueSpecification","valueRequired":true,"valueName":"search_term_string"}}],"inLanguage":"lv-LV"}]}},"_links":{"self":[{"href":"https:\/\/dev.myindustrial.eu\/lv\/wp-json\/wp\/v2\/product\/1260061017","targetHints":{"allow":["GET"]}}],"collection":[{"href":"https:\/\/dev.myindustrial.eu\/lv\/wp-json\/wp\/v2\/product"}],"about":[{"href":"https:\/\/dev.myindustrial.eu\/lv\/wp-json\/wp\/v2\/types\/product"}],"version-history":[{"count":0,"href":"https:\/\/dev.myindustrial.eu\/lv\/wp-json\/wp\/v2\/product\/1260061017\/revisions"}],"wp:featuredmedia":[{"embeddable":true,"href":"https:\/\/dev.myindustrial.eu\/lv\/wp-json\/wp\/v2\/media\/1260061022"}],"wp:attachment":[{"href":"https:\/\/dev.myindustrial.eu\/lv\/wp-json\/wp\/v2\/media?parent=1260061017"}],"wp:term":[{"taxonomy":"product_brand","embeddable":true,"href":"https:\/\/dev.myindustrial.eu\/lv\/wp-json\/wp\/v2\/product_brand?post=1260061017"},{"taxonomy":"product_cat","embeddable":true,"href":"https:\/\/dev.myindustrial.eu\/lv\/wp-json\/wp\/v2\/product_cat?post=1260061017"},{"taxonomy":"product_tag","embeddable":true,"href":"https:\/\/dev.myindustrial.eu\/lv\/wp-json\/wp\/v2\/product_tag?post=1260061017"}],"curies":[{"name":"wp","href":"https:\/\/api.w.org\/{rel}","templated":true}]}}