{"id":1260061037,"date":"2022-05-25T17:55:20","date_gmt":"2022-05-25T17:55:20","guid":{"rendered":"https:\/\/dev.myindustrial.eu\/shop\/uncategorized\/emg-esse\/"},"modified":"2023-06-16T20:08:51","modified_gmt":"2023-06-16T20:08:51","slug":"emg-esse","status":"publish","type":"product","link":"https:\/\/dev.myindustrial.eu\/lv\/shop\/elektrohidraulisko-piedzinu-risinajumi\/emg-esse-lv\/emg-esse\/","title":{"rendered":"EMG ESSE"},"content":{"rendered":"<p><iframe width=\"560\" height=\"315\" src=\"https:\/\/youtube.com\/shorts\/mz4ZFoZ4EBk?feature=share\" frameborder=\"0\" allow=\"accelerometer; autoplay; clipboard-write; encrypted-media; gyroscope; picture-in-picture; web-share\" allowfullscreen><\/iframe><\/p>\n","protected":false},"excerpt":{"rendered":"<p>EMG ESSE \u2014 \u0101tr\u0101s rea\u0123\u0113\u0161anas piedzi\u0146as meh\u0101nisms<br \/>\nInteli\u0123enta un inovat\u012bva autom\u0101tisk\u0101 tehnolo\u0123ija J\u016bsu notek\u016bde\u0146u att\u012br\u012b\u0161anas iek\u0101rtai<\/p>\n<p>Vai mekl\u0113jat automatiz\u0113tu risin\u0101jumu saviem dren\u0101\u017eas procesiem, piem\u0113ram, prim\u0101raj\u0101 stadij\u0101 (att\u012br\u012b\u0161anas dzidrin\u0101t\u0101js)?<br \/>\nTad EMG ESSE \u0101tr\u0101s rea\u0123\u0113\u0161anas piedzi\u0146as meh\u0101nisms (disks) ir \u012bstais risin\u0101jums!<br \/>\nESSE izpildmeh\u0101nisms atver un aizver izpl\u016bdes v\u0101rstus nogul\u0161\u0146u novad\u012b\u0161anai un peldo\u0161o d\u016b\u0146u izvad\u012b\u0161anai &#8211; 100% elektrisks, nav nepiecie\u0161ama pneimatika vai hidraulika.<br \/>\nPastiprin\u0101ta pacel\u0161anas ier\u012bce ELHY\u00ae ar palielin\u0101tu sp\u0113ku iedarbina aizb\u012bdni caur regul\u0113jamu ner\u016bs\u0113jo\u0161\u0101 t\u0113rauda stieni. Aizv\u0113r\u0161an\u0101s notiek \u0101tri un autom\u0101tiski, pateicoties dro\u0161ai revers\u012bvai atsperei un sakabes svaram.<br \/>\nIr uzst\u0101d\u012bts gala sl\u0113dzis, lai noteiktu atv\u0113rt\u0101s un aizv\u0113rt\u0101s poz\u012bcijas.<\/p>\n<p><a href=\"\/wp-content\/uploads\/2022\/05\/emg_esse_flyer_en_rev01_10-2022.pdf\" target=\"_blank\" rel=\"noopener\"><img decoding=\"async\" src=\"\/wp-content\/uploads\/2023\/02\/download-button-lv.svg\" \/><\/a><\/p>\n","protected":false},"featured_media":1260061033,"template":"","meta":[],"product_brand":[],"product_cat":[1304,1622],"product_tag":[],"class_list":{"0":"post-1260061037","1":"product","2":"type-product","3":"status-publish","4":"has-post-thumbnail","6":"product_cat-elektrohidraulisko-piedzinu-risinajumi","7":"product_cat-emg-esse-lv","9":"first","10":"instock","11":"shipping-taxable","12":"product-type-simple"},"yoast_head":"<!-- This site is optimized with the Yoast SEO plugin v27.1.1 - https:\/\/yoast.com\/product\/yoast-seo-wordpress\/ -->\n<title>EMG ESSE - My industrial<\/title>\n<meta name=\"robots\" content=\"noindex, follow, max-snippet:-1, max-image-preview:large, max-video-preview:-1\" \/>\n<meta property=\"og:locale\" content=\"lv_LV\" \/>\n<meta property=\"og:type\" content=\"article\" \/>\n<meta property=\"og:title\" content=\"EMG ESSE - My industrial\" \/>\n<meta property=\"og:description\" content=\"EMG ESSE \u2014 \u0101tr\u0101s rea\u0123\u0113\u0161anas piedzi\u0146as meh\u0101nisms Inteli\u0123enta un inovat\u012bva autom\u0101tisk\u0101 tehnolo\u0123ija J\u016bsu notek\u016bde\u0146u att\u012br\u012b\u0161anas iek\u0101rtai  Vai mekl\u0113jat automatiz\u0113tu risin\u0101jumu saviem dren\u0101\u017eas procesiem, piem\u0113ram, prim\u0101raj\u0101 stadij\u0101 (att\u012br\u012b\u0161anas dzidrin\u0101t\u0101js)? Tad EMG ESSE \u0101tr\u0101s rea\u0123\u0113\u0161anas piedzi\u0146as meh\u0101nisms (disks) ir \u012bstais risin\u0101jums! ESSE izpildmeh\u0101nisms atver un aizver izpl\u016bdes v\u0101rstus nogul\u0161\u0146u novad\u012b\u0161anai un peldo\u0161o d\u016b\u0146u izvad\u012b\u0161anai - 100% elektrisks, nav nepiecie\u0161ama pneimatika vai hidraulika. Pastiprin\u0101ta pacel\u0161anas ier\u012bce ELHY\u00ae ar palielin\u0101tu sp\u0113ku iedarbina aizb\u012bdni caur regul\u0113jamu ner\u016bs\u0113jo\u0161\u0101 t\u0113rauda stieni. Aizv\u0113r\u0161an\u0101s notiek \u0101tri un autom\u0101tiski, pateicoties dro\u0161ai revers\u012bvai atsperei un sakabes svaram. Ir uzst\u0101d\u012bts gala sl\u0113dzis, lai noteiktu atv\u0113rt\u0101s un aizv\u0113rt\u0101s poz\u012bcijas.\" \/>\n<meta property=\"og:url\" content=\"https:\/\/dev.myindustrial.eu\/lv\/shop\/elektrohidraulisko-piedzinu-risinajumi\/emg-esse-lv\/emg-esse\/\" \/>\n<meta property=\"og:site_name\" content=\"My industrial\" \/>\n<meta property=\"article:modified_time\" content=\"2023-06-16T20:08:51+00:00\" \/>\n<meta property=\"og:image\" content=\"https:\/\/dev.myindustrial.eu\/wp-content\/uploads\/2022\/05\/quick-response.webp\" \/>\n\t<meta property=\"og:image:width\" content=\"800\" \/>\n\t<meta property=\"og:image:height\" content=\"800\" \/>\n\t<meta property=\"og:image:type\" content=\"image\/webp\" \/>\n<meta name=\"twitter:card\" content=\"summary_large_image\" \/>\n<script type=\"application\/ld+json\" class=\"yoast-schema-graph\">{\"@context\":\"https:\/\/schema.org\",\"@graph\":[{\"@type\":\"WebPage\",\"@id\":\"https:\/\/dev.myindustrial.eu\/lv\/shop\/elektrohidraulisko-piedzinu-risinajumi\/emg-esse-lv\/emg-esse\/\",\"url\":\"https:\/\/dev.myindustrial.eu\/lv\/shop\/elektrohidraulisko-piedzinu-risinajumi\/emg-esse-lv\/emg-esse\/\",\"name\":\"EMG ESSE - My industrial\",\"isPartOf\":{\"@id\":\"https:\/\/dev.myindustrial.eu\/lv\/#website\"},\"primaryImageOfPage\":{\"@id\":\"https:\/\/dev.myindustrial.eu\/lv\/shop\/elektrohidraulisko-piedzinu-risinajumi\/emg-esse-lv\/emg-esse\/#primaryimage\"},\"image\":{\"@id\":\"https:\/\/dev.myindustrial.eu\/lv\/shop\/elektrohidraulisko-piedzinu-risinajumi\/emg-esse-lv\/emg-esse\/#primaryimage\"},\"thumbnailUrl\":\"https:\/\/dev.myindustrial.eu\/wp-content\/uploads\/2022\/05\/quick-response.webp\",\"datePublished\":\"2022-05-25T17:55:20+00:00\",\"dateModified\":\"2023-06-16T20:08:51+00:00\",\"breadcrumb\":{\"@id\":\"https:\/\/dev.myindustrial.eu\/lv\/shop\/elektrohidraulisko-piedzinu-risinajumi\/emg-esse-lv\/emg-esse\/#breadcrumb\"},\"inLanguage\":\"lv-LV\",\"potentialAction\":[{\"@type\":\"ReadAction\",\"target\":[\"https:\/\/dev.myindustrial.eu\/lv\/shop\/elektrohidraulisko-piedzinu-risinajumi\/emg-esse-lv\/emg-esse\/\"]}]},{\"@type\":\"ImageObject\",\"inLanguage\":\"lv-LV\",\"@id\":\"https:\/\/dev.myindustrial.eu\/lv\/shop\/elektrohidraulisko-piedzinu-risinajumi\/emg-esse-lv\/emg-esse\/#primaryimage\",\"url\":\"https:\/\/dev.myindustrial.eu\/wp-content\/uploads\/2022\/05\/quick-response.webp\",\"contentUrl\":\"https:\/\/dev.myindustrial.eu\/wp-content\/uploads\/2022\/05\/quick-response.webp\",\"width\":800,\"height\":800},{\"@type\":\"BreadcrumbList\",\"@id\":\"https:\/\/dev.myindustrial.eu\/lv\/shop\/elektrohidraulisko-piedzinu-risinajumi\/emg-esse-lv\/emg-esse\/#breadcrumb\",\"itemListElement\":[{\"@type\":\"ListItem\",\"position\":1,\"name\":\"Home\",\"item\":\"https:\/\/dev.myindustrial.eu\/lv\/\"},{\"@type\":\"ListItem\",\"position\":2,\"name\":\"Products\",\"item\":\"https:\/\/dev.myindustrial.eu\/lv\/products\/\"},{\"@type\":\"ListItem\",\"position\":3,\"name\":\"EMG ESSE\"}]},{\"@type\":\"WebSite\",\"@id\":\"https:\/\/dev.myindustrial.eu\/lv\/#website\",\"url\":\"https:\/\/dev.myindustrial.eu\/lv\/\",\"name\":\"My industrial\",\"description\":\"\",\"potentialAction\":[{\"@type\":\"SearchAction\",\"target\":{\"@type\":\"EntryPoint\",\"urlTemplate\":\"https:\/\/dev.myindustrial.eu\/lv\/?s={search_term_string}\"},\"query-input\":{\"@type\":\"PropertyValueSpecification\",\"valueRequired\":true,\"valueName\":\"search_term_string\"}}],\"inLanguage\":\"lv-LV\"}]}<\/script>\n<!-- \/ Yoast SEO plugin. -->","yoast_head_json":{"title":"EMG ESSE - My industrial","robots":{"index":"noindex","follow":"follow","max-snippet":"max-snippet:-1","max-image-preview":"max-image-preview:large","max-video-preview":"max-video-preview:-1"},"og_locale":"lv_LV","og_type":"article","og_title":"EMG ESSE - My industrial","og_description":"EMG ESSE \u2014 \u0101tr\u0101s rea\u0123\u0113\u0161anas piedzi\u0146as meh\u0101nisms Inteli\u0123enta un inovat\u012bva autom\u0101tisk\u0101 tehnolo\u0123ija J\u016bsu notek\u016bde\u0146u att\u012br\u012b\u0161anas iek\u0101rtai  Vai mekl\u0113jat automatiz\u0113tu risin\u0101jumu saviem dren\u0101\u017eas procesiem, piem\u0113ram, prim\u0101raj\u0101 stadij\u0101 (att\u012br\u012b\u0161anas dzidrin\u0101t\u0101js)? Tad EMG ESSE \u0101tr\u0101s rea\u0123\u0113\u0161anas piedzi\u0146as meh\u0101nisms (disks) ir \u012bstais risin\u0101jums! ESSE izpildmeh\u0101nisms atver un aizver izpl\u016bdes v\u0101rstus nogul\u0161\u0146u novad\u012b\u0161anai un peldo\u0161o d\u016b\u0146u izvad\u012b\u0161anai - 100% elektrisks, nav nepiecie\u0161ama pneimatika vai hidraulika. Pastiprin\u0101ta pacel\u0161anas ier\u012bce ELHY\u00ae ar palielin\u0101tu sp\u0113ku iedarbina aizb\u012bdni caur regul\u0113jamu ner\u016bs\u0113jo\u0161\u0101 t\u0113rauda stieni. Aizv\u0113r\u0161an\u0101s notiek \u0101tri un autom\u0101tiski, pateicoties dro\u0161ai revers\u012bvai atsperei un sakabes svaram. Ir uzst\u0101d\u012bts gala sl\u0113dzis, lai noteiktu atv\u0113rt\u0101s un aizv\u0113rt\u0101s poz\u012bcijas.","og_url":"https:\/\/dev.myindustrial.eu\/lv\/shop\/elektrohidraulisko-piedzinu-risinajumi\/emg-esse-lv\/emg-esse\/","og_site_name":"My industrial","article_modified_time":"2023-06-16T20:08:51+00:00","og_image":[{"width":800,"height":800,"url":"https:\/\/dev.myindustrial.eu\/wp-content\/uploads\/2022\/05\/quick-response.webp","type":"image\/webp"}],"twitter_card":"summary_large_image","schema":{"@context":"https:\/\/schema.org","@graph":[{"@type":"WebPage","@id":"https:\/\/dev.myindustrial.eu\/lv\/shop\/elektrohidraulisko-piedzinu-risinajumi\/emg-esse-lv\/emg-esse\/","url":"https:\/\/dev.myindustrial.eu\/lv\/shop\/elektrohidraulisko-piedzinu-risinajumi\/emg-esse-lv\/emg-esse\/","name":"EMG ESSE - My industrial","isPartOf":{"@id":"https:\/\/dev.myindustrial.eu\/lv\/#website"},"primaryImageOfPage":{"@id":"https:\/\/dev.myindustrial.eu\/lv\/shop\/elektrohidraulisko-piedzinu-risinajumi\/emg-esse-lv\/emg-esse\/#primaryimage"},"image":{"@id":"https:\/\/dev.myindustrial.eu\/lv\/shop\/elektrohidraulisko-piedzinu-risinajumi\/emg-esse-lv\/emg-esse\/#primaryimage"},"thumbnailUrl":"https:\/\/dev.myindustrial.eu\/wp-content\/uploads\/2022\/05\/quick-response.webp","datePublished":"2022-05-25T17:55:20+00:00","dateModified":"2023-06-16T20:08:51+00:00","breadcrumb":{"@id":"https:\/\/dev.myindustrial.eu\/lv\/shop\/elektrohidraulisko-piedzinu-risinajumi\/emg-esse-lv\/emg-esse\/#breadcrumb"},"inLanguage":"lv-LV","potentialAction":[{"@type":"ReadAction","target":["https:\/\/dev.myindustrial.eu\/lv\/shop\/elektrohidraulisko-piedzinu-risinajumi\/emg-esse-lv\/emg-esse\/"]}]},{"@type":"ImageObject","inLanguage":"lv-LV","@id":"https:\/\/dev.myindustrial.eu\/lv\/shop\/elektrohidraulisko-piedzinu-risinajumi\/emg-esse-lv\/emg-esse\/#primaryimage","url":"https:\/\/dev.myindustrial.eu\/wp-content\/uploads\/2022\/05\/quick-response.webp","contentUrl":"https:\/\/dev.myindustrial.eu\/wp-content\/uploads\/2022\/05\/quick-response.webp","width":800,"height":800},{"@type":"BreadcrumbList","@id":"https:\/\/dev.myindustrial.eu\/lv\/shop\/elektrohidraulisko-piedzinu-risinajumi\/emg-esse-lv\/emg-esse\/#breadcrumb","itemListElement":[{"@type":"ListItem","position":1,"name":"Home","item":"https:\/\/dev.myindustrial.eu\/lv\/"},{"@type":"ListItem","position":2,"name":"Products","item":"https:\/\/dev.myindustrial.eu\/lv\/products\/"},{"@type":"ListItem","position":3,"name":"EMG ESSE"}]},{"@type":"WebSite","@id":"https:\/\/dev.myindustrial.eu\/lv\/#website","url":"https:\/\/dev.myindustrial.eu\/lv\/","name":"My industrial","description":"","potentialAction":[{"@type":"SearchAction","target":{"@type":"EntryPoint","urlTemplate":"https:\/\/dev.myindustrial.eu\/lv\/?s={search_term_string}"},"query-input":{"@type":"PropertyValueSpecification","valueRequired":true,"valueName":"search_term_string"}}],"inLanguage":"lv-LV"}]}},"_links":{"self":[{"href":"https:\/\/dev.myindustrial.eu\/lv\/wp-json\/wp\/v2\/product\/1260061037","targetHints":{"allow":["GET"]}}],"collection":[{"href":"https:\/\/dev.myindustrial.eu\/lv\/wp-json\/wp\/v2\/product"}],"about":[{"href":"https:\/\/dev.myindustrial.eu\/lv\/wp-json\/wp\/v2\/types\/product"}],"version-history":[{"count":0,"href":"https:\/\/dev.myindustrial.eu\/lv\/wp-json\/wp\/v2\/product\/1260061037\/revisions"}],"wp:featuredmedia":[{"embeddable":true,"href":"https:\/\/dev.myindustrial.eu\/lv\/wp-json\/wp\/v2\/media\/1260061033"}],"wp:attachment":[{"href":"https:\/\/dev.myindustrial.eu\/lv\/wp-json\/wp\/v2\/media?parent=1260061037"}],"wp:term":[{"taxonomy":"product_brand","embeddable":true,"href":"https:\/\/dev.myindustrial.eu\/lv\/wp-json\/wp\/v2\/product_brand?post=1260061037"},{"taxonomy":"product_cat","embeddable":true,"href":"https:\/\/dev.myindustrial.eu\/lv\/wp-json\/wp\/v2\/product_cat?post=1260061037"},{"taxonomy":"product_tag","embeddable":true,"href":"https:\/\/dev.myindustrial.eu\/lv\/wp-json\/wp\/v2\/product_tag?post=1260061037"}],"curies":[{"name":"wp","href":"https:\/\/api.w.org\/{rel}","templated":true}]}}