{"id":1260061345,"date":"2022-06-20T17:34:22","date_gmt":"2022-06-20T17:34:22","guid":{"rendered":"https:\/\/dev.myindustrial.eu\/shop\/uncategorized\/foil-membrane-potentiometer\/"},"modified":"2023-06-16T20:08:42","modified_gmt":"2023-06-16T20:08:42","slug":"foil-membrane-potentiometer","status":"publish","type":"product","link":"https:\/\/dev.myindustrial.eu\/lv\/shop\/potenciometri-un-sensori\/folijas-membranas-potenciometrs\/foil-membrane-potentiometer\/","title":{"rendered":"Folijas membr\u0101nas potenciometrs"},"content":{"rendered":"<p>Papildus folijas materi\u0101lam pied\u0101v\u0101jam versijas ar pamatmateri\u0101lu FR4, kas paz\u012bstams no mikrosh\u0113mu pla\u0161u ra\u017eo\u0161anas. Tas paredz pla\u0161u membr\u0101nas potenciometra \u012bpa\u0161\u012bbu kl\u0101stu. FR4 izmanto\u0161ana palielina elementa stabilit\u0101ti un savienojumu main\u012bgumu.Dizainiem var pozicion\u0113t ar\u012b klienta specifisk\u0101s pras\u012bbas. Tas attiecas uz garumu, le\u0146\u0137i, formu, savienojuma laukumu vai papildu funkcij\u0101m, piem\u0113ram, impulsu p\u0101rsl\u0113g\u0161anas punktiem.\u012apa\u0161a iez\u012bme ir line\u0101ro elementu platums. Standarta platums ir 22 mm. Parastie sensori tiek samazin\u0101ti l\u012bdz 10-13 mm platumam. 9 mm platums ir pieejams ar\u012b folijas potenciometriem.Standart\u0101 ir pieejams membr\u0101nas potenciometrs ar efekt\u012bvo laukumu 50-500 mm. P\u0113c klienta piepras\u012bjuma ir iesp\u0113jami ar\u012b \u012bs\u0101ki att\u0101lumi. Rot\u0113jo\u0161ie membr\u0101nas potenciometri ir pieejami no \u0101r\u0113j\u0101 diametra apm. 40 mm. Jau ir pieejami vair\u0101ki standarta m\u0113r\u012b\u0161anas le\u0146\u0137i.T\u0101 k\u0101 sensori ir \u013coti plakani (no 0,5 mm), \u0161ie potenciometri ir ide\u0101ls papildin\u0101jums m\u016bsu kl\u0101stam, kas ir ar\u012b izmaksu zi\u0146\u0101 optimiz\u0113ta alternat\u012bva, \u012bpa\u0161i \u0161auros uzst\u0101d\u012b\u0161anas apst\u0101k\u013cos.<\/p>\n","protected":false},"excerpt":{"rendered":"<p>AFP<br \/>\nFolijas membr\u0101nas sensori ir alternat\u012bva klasiskajiem potenciometriem ar korpusu. Tos izmanto k\u0101 sprieguma dal\u012bt\u0101jus un sast\u0101v no vair\u0101kiem folijas sl\u0101\u0146iem, kas ir atdal\u012bti viens no otra ar apk\u0101rt\u0113jo starpliku. P\u0113c standarta membr\u0101nas potenciometri ir pieejami k\u0101 rot\u0113jo\u0161i un transl\u0113jo\u0161i elementi. Pateicoties to konstrukcijai, \u0161iem potenciometriskajiem elementiem jau pamata versij\u0101 ir IP54 aizsardz\u012bbas pak\u0101pe.<br \/>\nKontakts tiek izveidots ar pretest\u012bbas sliedi, pieliekot spiedienu no kontaktplaniera uz foliju. Klients var noregul\u0113t pretest\u012bbas v\u0113rt\u012bbu, izmantojot peldo\u0161o ssavienojumus. Folijas versijai m\u0113s iesak\u0101m izmantot kontaktsl\u012bdni ar atsperi un plastmasas lodi. Tas \u013cauj optim\u0101li izmantot attiec\u012bg\u0101 elementa kalpo\u0161anas laiku.<\/p>\n","protected":false},"featured_media":1260061341,"template":"","meta":[],"product_brand":[],"product_cat":[1286,1524],"product_tag":[],"class_list":{"0":"post-1260061345","1":"product","2":"type-product","3":"status-publish","4":"has-post-thumbnail","6":"product_cat-potenciometri-un-sensori","7":"product_cat-folijas-membranas-potenciometrs","9":"first","10":"instock","11":"shipping-taxable","12":"product-type-simple"},"yoast_head":"<!-- This site is optimized with the Yoast SEO plugin v27.1.1 - https:\/\/yoast.com\/product\/yoast-seo-wordpress\/ -->\n<title>Folijas membr\u0101nas potenciometrs - My industrial<\/title>\n<meta name=\"robots\" content=\"noindex, follow, max-snippet:-1, max-image-preview:large, max-video-preview:-1\" \/>\n<meta property=\"og:locale\" content=\"lv_LV\" \/>\n<meta property=\"og:type\" content=\"article\" \/>\n<meta property=\"og:title\" content=\"Folijas membr\u0101nas potenciometrs - My industrial\" \/>\n<meta property=\"og:description\" content=\"AFP Folijas membr\u0101nas sensori ir alternat\u012bva klasiskajiem potenciometriem ar korpusu. Tos izmanto k\u0101 sprieguma dal\u012bt\u0101jus un sast\u0101v no vair\u0101kiem folijas sl\u0101\u0146iem, kas ir atdal\u012bti viens no otra ar apk\u0101rt\u0113jo starpliku. P\u0113c standarta membr\u0101nas potenciometri ir pieejami k\u0101 rot\u0113jo\u0161i un transl\u0113jo\u0161i elementi. Pateicoties to konstrukcijai, \u0161iem potenciometriskajiem elementiem jau pamata versij\u0101 ir IP54 aizsardz\u012bbas pak\u0101pe. Kontakts tiek izveidots ar pretest\u012bbas sliedi, pieliekot spiedienu no kontaktplaniera uz foliju. Klients var noregul\u0113t pretest\u012bbas v\u0113rt\u012bbu, izmantojot peldo\u0161o ssavienojumus. Folijas versijai m\u0113s iesak\u0101m izmantot kontaktsl\u012bdni ar atsperi un plastmasas lodi. Tas \u013cauj optim\u0101li izmantot attiec\u012bg\u0101 elementa kalpo\u0161anas laiku.\" \/>\n<meta property=\"og:url\" content=\"https:\/\/dev.myindustrial.eu\/lv\/shop\/potenciometri-un-sensori\/folijas-membranas-potenciometrs\/foil-membrane-potentiometer\/\" \/>\n<meta property=\"og:site_name\" content=\"My industrial\" \/>\n<meta property=\"article:modified_time\" content=\"2023-06-16T20:08:42+00:00\" \/>\n<meta property=\"og:image\" content=\"https:\/\/dev.myindustrial.eu\/wp-content\/uploads\/2022\/06\/Folien-Potentiometer.webp\" \/>\n\t<meta property=\"og:image:width\" content=\"800\" \/>\n\t<meta property=\"og:image:height\" content=\"800\" \/>\n\t<meta property=\"og:image:type\" content=\"image\/webp\" \/>\n<meta name=\"twitter:card\" content=\"summary_large_image\" \/>\n<script type=\"application\/ld+json\" class=\"yoast-schema-graph\">{\"@context\":\"https:\/\/schema.org\",\"@graph\":[{\"@type\":\"WebPage\",\"@id\":\"https:\/\/dev.myindustrial.eu\/lv\/shop\/potenciometri-un-sensori\/folijas-membranas-potenciometrs\/foil-membrane-potentiometer\/\",\"url\":\"https:\/\/dev.myindustrial.eu\/lv\/shop\/potenciometri-un-sensori\/folijas-membranas-potenciometrs\/foil-membrane-potentiometer\/\",\"name\":\"Folijas membr\u0101nas potenciometrs - My industrial\",\"isPartOf\":{\"@id\":\"https:\/\/dev.myindustrial.eu\/lv\/#website\"},\"primaryImageOfPage\":{\"@id\":\"https:\/\/dev.myindustrial.eu\/lv\/shop\/potenciometri-un-sensori\/folijas-membranas-potenciometrs\/foil-membrane-potentiometer\/#primaryimage\"},\"image\":{\"@id\":\"https:\/\/dev.myindustrial.eu\/lv\/shop\/potenciometri-un-sensori\/folijas-membranas-potenciometrs\/foil-membrane-potentiometer\/#primaryimage\"},\"thumbnailUrl\":\"https:\/\/dev.myindustrial.eu\/wp-content\/uploads\/2022\/06\/Folien-Potentiometer.webp\",\"datePublished\":\"2022-06-20T17:34:22+00:00\",\"dateModified\":\"2023-06-16T20:08:42+00:00\",\"breadcrumb\":{\"@id\":\"https:\/\/dev.myindustrial.eu\/lv\/shop\/potenciometri-un-sensori\/folijas-membranas-potenciometrs\/foil-membrane-potentiometer\/#breadcrumb\"},\"inLanguage\":\"lv-LV\",\"potentialAction\":[{\"@type\":\"ReadAction\",\"target\":[\"https:\/\/dev.myindustrial.eu\/lv\/shop\/potenciometri-un-sensori\/folijas-membranas-potenciometrs\/foil-membrane-potentiometer\/\"]}]},{\"@type\":\"ImageObject\",\"inLanguage\":\"lv-LV\",\"@id\":\"https:\/\/dev.myindustrial.eu\/lv\/shop\/potenciometri-un-sensori\/folijas-membranas-potenciometrs\/foil-membrane-potentiometer\/#primaryimage\",\"url\":\"https:\/\/dev.myindustrial.eu\/wp-content\/uploads\/2022\/06\/Folien-Potentiometer.webp\",\"contentUrl\":\"https:\/\/dev.myindustrial.eu\/wp-content\/uploads\/2022\/06\/Folien-Potentiometer.webp\",\"width\":800,\"height\":800},{\"@type\":\"BreadcrumbList\",\"@id\":\"https:\/\/dev.myindustrial.eu\/lv\/shop\/potenciometri-un-sensori\/folijas-membranas-potenciometrs\/foil-membrane-potentiometer\/#breadcrumb\",\"itemListElement\":[{\"@type\":\"ListItem\",\"position\":1,\"name\":\"Home\",\"item\":\"https:\/\/dev.myindustrial.eu\/lv\/\"},{\"@type\":\"ListItem\",\"position\":2,\"name\":\"Products\",\"item\":\"https:\/\/dev.myindustrial.eu\/lv\/products\/\"},{\"@type\":\"ListItem\",\"position\":3,\"name\":\"Folijas membr\u0101nas potenciometrs\"}]},{\"@type\":\"WebSite\",\"@id\":\"https:\/\/dev.myindustrial.eu\/lv\/#website\",\"url\":\"https:\/\/dev.myindustrial.eu\/lv\/\",\"name\":\"My industrial\",\"description\":\"\",\"potentialAction\":[{\"@type\":\"SearchAction\",\"target\":{\"@type\":\"EntryPoint\",\"urlTemplate\":\"https:\/\/dev.myindustrial.eu\/lv\/?s={search_term_string}\"},\"query-input\":{\"@type\":\"PropertyValueSpecification\",\"valueRequired\":true,\"valueName\":\"search_term_string\"}}],\"inLanguage\":\"lv-LV\"}]}<\/script>\n<!-- \/ Yoast SEO plugin. -->","yoast_head_json":{"title":"Folijas membr\u0101nas potenciometrs - My industrial","robots":{"index":"noindex","follow":"follow","max-snippet":"max-snippet:-1","max-image-preview":"max-image-preview:large","max-video-preview":"max-video-preview:-1"},"og_locale":"lv_LV","og_type":"article","og_title":"Folijas membr\u0101nas potenciometrs - My industrial","og_description":"AFP Folijas membr\u0101nas sensori ir alternat\u012bva klasiskajiem potenciometriem ar korpusu. Tos izmanto k\u0101 sprieguma dal\u012bt\u0101jus un sast\u0101v no vair\u0101kiem folijas sl\u0101\u0146iem, kas ir atdal\u012bti viens no otra ar apk\u0101rt\u0113jo starpliku. P\u0113c standarta membr\u0101nas potenciometri ir pieejami k\u0101 rot\u0113jo\u0161i un transl\u0113jo\u0161i elementi. Pateicoties to konstrukcijai, \u0161iem potenciometriskajiem elementiem jau pamata versij\u0101 ir IP54 aizsardz\u012bbas pak\u0101pe. Kontakts tiek izveidots ar pretest\u012bbas sliedi, pieliekot spiedienu no kontaktplaniera uz foliju. Klients var noregul\u0113t pretest\u012bbas v\u0113rt\u012bbu, izmantojot peldo\u0161o ssavienojumus. Folijas versijai m\u0113s iesak\u0101m izmantot kontaktsl\u012bdni ar atsperi un plastmasas lodi. Tas \u013cauj optim\u0101li izmantot attiec\u012bg\u0101 elementa kalpo\u0161anas laiku.","og_url":"https:\/\/dev.myindustrial.eu\/lv\/shop\/potenciometri-un-sensori\/folijas-membranas-potenciometrs\/foil-membrane-potentiometer\/","og_site_name":"My industrial","article_modified_time":"2023-06-16T20:08:42+00:00","og_image":[{"width":800,"height":800,"url":"https:\/\/dev.myindustrial.eu\/wp-content\/uploads\/2022\/06\/Folien-Potentiometer.webp","type":"image\/webp"}],"twitter_card":"summary_large_image","schema":{"@context":"https:\/\/schema.org","@graph":[{"@type":"WebPage","@id":"https:\/\/dev.myindustrial.eu\/lv\/shop\/potenciometri-un-sensori\/folijas-membranas-potenciometrs\/foil-membrane-potentiometer\/","url":"https:\/\/dev.myindustrial.eu\/lv\/shop\/potenciometri-un-sensori\/folijas-membranas-potenciometrs\/foil-membrane-potentiometer\/","name":"Folijas membr\u0101nas potenciometrs - My industrial","isPartOf":{"@id":"https:\/\/dev.myindustrial.eu\/lv\/#website"},"primaryImageOfPage":{"@id":"https:\/\/dev.myindustrial.eu\/lv\/shop\/potenciometri-un-sensori\/folijas-membranas-potenciometrs\/foil-membrane-potentiometer\/#primaryimage"},"image":{"@id":"https:\/\/dev.myindustrial.eu\/lv\/shop\/potenciometri-un-sensori\/folijas-membranas-potenciometrs\/foil-membrane-potentiometer\/#primaryimage"},"thumbnailUrl":"https:\/\/dev.myindustrial.eu\/wp-content\/uploads\/2022\/06\/Folien-Potentiometer.webp","datePublished":"2022-06-20T17:34:22+00:00","dateModified":"2023-06-16T20:08:42+00:00","breadcrumb":{"@id":"https:\/\/dev.myindustrial.eu\/lv\/shop\/potenciometri-un-sensori\/folijas-membranas-potenciometrs\/foil-membrane-potentiometer\/#breadcrumb"},"inLanguage":"lv-LV","potentialAction":[{"@type":"ReadAction","target":["https:\/\/dev.myindustrial.eu\/lv\/shop\/potenciometri-un-sensori\/folijas-membranas-potenciometrs\/foil-membrane-potentiometer\/"]}]},{"@type":"ImageObject","inLanguage":"lv-LV","@id":"https:\/\/dev.myindustrial.eu\/lv\/shop\/potenciometri-un-sensori\/folijas-membranas-potenciometrs\/foil-membrane-potentiometer\/#primaryimage","url":"https:\/\/dev.myindustrial.eu\/wp-content\/uploads\/2022\/06\/Folien-Potentiometer.webp","contentUrl":"https:\/\/dev.myindustrial.eu\/wp-content\/uploads\/2022\/06\/Folien-Potentiometer.webp","width":800,"height":800},{"@type":"BreadcrumbList","@id":"https:\/\/dev.myindustrial.eu\/lv\/shop\/potenciometri-un-sensori\/folijas-membranas-potenciometrs\/foil-membrane-potentiometer\/#breadcrumb","itemListElement":[{"@type":"ListItem","position":1,"name":"Home","item":"https:\/\/dev.myindustrial.eu\/lv\/"},{"@type":"ListItem","position":2,"name":"Products","item":"https:\/\/dev.myindustrial.eu\/lv\/products\/"},{"@type":"ListItem","position":3,"name":"Folijas membr\u0101nas potenciometrs"}]},{"@type":"WebSite","@id":"https:\/\/dev.myindustrial.eu\/lv\/#website","url":"https:\/\/dev.myindustrial.eu\/lv\/","name":"My industrial","description":"","potentialAction":[{"@type":"SearchAction","target":{"@type":"EntryPoint","urlTemplate":"https:\/\/dev.myindustrial.eu\/lv\/?s={search_term_string}"},"query-input":{"@type":"PropertyValueSpecification","valueRequired":true,"valueName":"search_term_string"}}],"inLanguage":"lv-LV"}]}},"_links":{"self":[{"href":"https:\/\/dev.myindustrial.eu\/lv\/wp-json\/wp\/v2\/product\/1260061345","targetHints":{"allow":["GET"]}}],"collection":[{"href":"https:\/\/dev.myindustrial.eu\/lv\/wp-json\/wp\/v2\/product"}],"about":[{"href":"https:\/\/dev.myindustrial.eu\/lv\/wp-json\/wp\/v2\/types\/product"}],"version-history":[{"count":0,"href":"https:\/\/dev.myindustrial.eu\/lv\/wp-json\/wp\/v2\/product\/1260061345\/revisions"}],"wp:featuredmedia":[{"embeddable":true,"href":"https:\/\/dev.myindustrial.eu\/lv\/wp-json\/wp\/v2\/media\/1260061341"}],"wp:attachment":[{"href":"https:\/\/dev.myindustrial.eu\/lv\/wp-json\/wp\/v2\/media?parent=1260061345"}],"wp:term":[{"taxonomy":"product_brand","embeddable":true,"href":"https:\/\/dev.myindustrial.eu\/lv\/wp-json\/wp\/v2\/product_brand?post=1260061345"},{"taxonomy":"product_cat","embeddable":true,"href":"https:\/\/dev.myindustrial.eu\/lv\/wp-json\/wp\/v2\/product_cat?post=1260061345"},{"taxonomy":"product_tag","embeddable":true,"href":"https:\/\/dev.myindustrial.eu\/lv\/wp-json\/wp\/v2\/product_tag?post=1260061345"}],"curies":[{"name":"wp","href":"https:\/\/api.w.org\/{rel}","templated":true}]}}